{"id":14041,"date":"2017-08-10T21:29:06","date_gmt":"2017-08-11T01:29:06","guid":{"rendered":"http:\/\/www.allthingsstone.com\/ca-fr\/product\/serie-standard-isokern-earthcore\/"},"modified":"2020-11-04T14:47:14","modified_gmt":"2020-11-04T19:47:14","slug":"serie-standard-isokern-earthcore","status":"publish","type":"product","link":"https:\/\/www.allthingsstone.com\/ca-fr\/product\/serie-standard-isokern-earthcore\/","title":{"rendered":"1 Standard Series &#8211; Earthcore Isokern"},"content":{"rendered":"<div id=\"pl-14041\"  class=\"panel-layout\" ><div id=\"pg-14041-0\"  class=\"panel-grid panel-no-style\" ><div id=\"pgc-14041-0-0\"  class=\"panel-grid-cell\" ><div id=\"panel-14041-0-0-0\" class=\"so-panel widget widget_sow-editor panel-first-child panel-last-child\" data-index=\"0\" ><div\n\t\t\t\n\t\t\tclass=\"so-widget-sow-editor so-widget-sow-editor-base\"\n\t\t\t\n\t\t><h3 class=\"widget-title\">Aper\u00e7u<\/h3>\n<div class=\"siteorigin-widget-tinymce textwidget\">\n\t<p>Le foyer de la s\u00e9rie Standard d\u2019Isokern de Earthcore<sup>\u00ae<\/sup> est le foyer en ma\u00e7onnerie parfait pour tout projet int\u00e9rieur ou ext\u00e9rieur. Faites de la maison de vos r\u00eaves une maison bien r\u00e9elle avec la s\u00e9rie Standard d\u2019Isokern. Premier foyer Isokern de ce type offert au Canada et aux \u00c9tats-Unis, la construction modulaire de la s\u00e9rie Standard permet \u00e0 votre cr\u00e9ativit\u00e9 de tenir compte de vos d\u00e9sirs gr\u00e2ce \u00e0 un foyer tout aussi unique que vous. Que vous choisissiez un foyer au bois ou au gaz, \u00e0 l\u2019int\u00e9rieur ou \u00e0 l\u2019ext\u00e9rieur, votre domicile verra la s\u00e9rie Standard \u00e9tablir les normes pour le chauffage.\u00a0<a href=\"https:\/\/www.allthingsstone.com\/ca-fr\/produits\/systemes-de-foyers-et-vie-exterieure\/foyers-et-cheminee-isokern-de-earthcore\/\">Les syst\u00e8mes de foyer<\/a> Isokern peuvent \u00eatre install\u00e9s facilement en moins d\u2019un jour et s\u2019agencer \u00e0 un syst\u00e8me de <a href=\"https:\/\/www.allthingsstone.com\/ca-fr\/product\/masonry-chimney-earthcore-isokern\/\">chemin\u00e9e en ma\u00e7onnerie<\/a> ou de <a href=\"https:\/\/www.allthingsstone.com\/ca-fr\/product\/metal-chimney-earthcore-isokern\/\">chemin\u00e9e en m\u00e9tal<\/a>. Donnez la touche finale \u00e0 votre chemin\u00e9e ou foyer int\u00e9rieur et ext\u00e9rieur, et ce, comme bon vous semble! Compl\u00e9tez votre projet avec l\u2019un de nos <a href=\"https:\/\/www.allthingsstone.com\/ca-fr\/produits\/placage-de-pierre-usinee\/\">placages de pierre usin\u00e9e<\/a>, <a href=\"https:\/\/www.allthingsstone.com\/ca-fr\/produits\/placage-de-pierre-naturelle\/\">placages de pierre naturelle<\/a>, <a href=\"https:\/\/www.allthingsstone.com\/ca-fr\/produits\/placage-de-brique\/\">rev\u00eatements de brique<\/a> ou placages de brique.<\/p>\n<p><img loading=\"lazy\" decoding=\"async\" class=\"alignleft size-full wp-image-10359\" src=\"http:\/\/www.allthingsstone.com\/ca-fr\/wp-content\/uploads\/sites\/12\/2017\/08\/Isokern-solutions-de-technologie-verte-offertes.png\" alt=\"Isokern - solutions de technologie verte offertes\" width=\"350\" height=\"43\" srcset=\"https:\/\/www.allthingsstone.com\/ca-fr\/wp-content\/uploads\/sites\/12\/2017\/08\/Isokern-solutions-de-technologie-verte-offertes.png 350w, https:\/\/www.allthingsstone.com\/ca-fr\/wp-content\/uploads\/sites\/12\/2017\/08\/Isokern-solutions-de-technologie-verte-offertes-300x37.png 300w\" sizes=\"auto, (max-width: 350px) 100vw, 350px\" \/><\/p>\n<p>&nbsp;<\/p>\n<p>&nbsp;<\/p>\n<p>Solution de technologie verte \u2013 Profitez de la chaleur d\u2019un feu de bois tout en contribuant \u00e0 un environnement plus sain. La solution de technologie verte Isokern de Earthcore<sup>\u00ae\u00a0<\/sup>est le foyer \u00e0 feu ouvert en ma\u00e7onnerie \u00e0 combustion propre le plus \u00e9cologique au monde. Elle r\u00e9duit les \u00e9missions de particules jusqu\u2019\u00e0 80\u00a0% et constitue le premier foyer modulaire en ma\u00e7onnerie \u00e0 \u00eatre admissible au programme volontaire pour les foyers au bois de l\u2019EPA. La solution de technologie verte s\u2019installe en quelques minutes avec l\u2019ajout de notre catalyseur de postcombustion \u00e0 tout foyer Isokern du mod\u00e8le Standard ou Magnum.<\/p>\n<p>Canadian Stone Industries (CSI) est le distributeur exclusif d\u2019Isokern de Earthcore<sup>\u00ae<\/sup>\u00a0au Canada. Cliquez sur\u00a0<span style=\"color: #ad2026\"><strong><a style=\"color: #ad2026\" href=\"https:\/\/www.allthingsstone.com\/ca-fr\/ou-acheter\/\">O\u00f9 acheter<\/a><\/strong><\/span>\u00a0pour trouver un d\u00e9taillant agr\u00e9\u00e9 d\u2019Isokern de Earthcore<sup>\u00ae\u00a0<\/sup>pr\u00e8s de chez vous.<\/p>\n<\/div>\n<\/div><\/div><\/div><\/div><div id=\"pg-14041-1\"  class=\"panel-grid panel-no-style\" ><div id=\"pgc-14041-1-0\"  class=\"panel-grid-cell\" ><div id=\"panel-14041-1-0-0\" class=\"so-panel widget widget_sow-image panel-first-child panel-last-child\" data-index=\"1\" ><div\n\t\t\t\n\t\t\tclass=\"so-widget-sow-image so-widget-sow-image-default-8b5b6f678277-14041\"\n\t\t\t\n\t\t>\n\n<div class=\"sow-image-container\">\n\t\t<img decoding=\"async\" src=\"https:\/\/www.allthingsstone.com\/ca-fr\/wp-content\/uploads\/sites\/12\/2017\/08\/Standard-Series-Fireplace-from-Earthcore\u00ae-Isokern_indoor.jpg\" width=\"1000\" height=\"1000\" srcset=\"https:\/\/www.allthingsstone.com\/ca-fr\/wp-content\/uploads\/sites\/12\/2017\/08\/Standard-Series-Fireplace-from-Earthcore\u00ae-Isokern_indoor.jpg 1000w, https:\/\/www.allthingsstone.com\/ca-fr\/wp-content\/uploads\/sites\/12\/2017\/08\/Standard-Series-Fireplace-from-Earthcore\u00ae-Isokern_indoor-300x300.jpg 300w, https:\/\/www.allthingsstone.com\/ca-fr\/wp-content\/uploads\/sites\/12\/2017\/08\/Standard-Series-Fireplace-from-Earthcore\u00ae-Isokern_indoor-150x150.jpg 150w, https:\/\/www.allthingsstone.com\/ca-fr\/wp-content\/uploads\/sites\/12\/2017\/08\/Standard-Series-Fireplace-from-Earthcore\u00ae-Isokern_indoor-768x768.jpg 768w, https:\/\/www.allthingsstone.com\/ca-fr\/wp-content\/uploads\/sites\/12\/2017\/08\/Standard-Series-Fireplace-from-Earthcore\u00ae-Isokern_indoor-600x600.jpg 600w, https:\/\/www.allthingsstone.com\/ca-fr\/wp-content\/uploads\/sites\/12\/2017\/08\/Standard-Series-Fireplace-from-Earthcore\u00ae-Isokern_indoor-100x100.jpg 100w\" sizes=\"auto, (max-width: 1000px) 100vw, 1000px\" title=\"Le foyer de la s\u00e9rie Standard d\u2019Isokern de Earthcore\u00ae\" alt=\"Le foyer de la s\u00e9rie Standard d\u2019Isokern de Earthcore\u00ae\" loading=\"lazy\" \t\tclass=\"so-widget-image\"\/>\n\t<\/div>\n\n<\/div><\/div><\/div><div id=\"pgc-14041-1-1\"  class=\"panel-grid-cell\" ><div id=\"panel-14041-1-1-0\" class=\"so-panel widget widget_sow-image panel-first-child panel-last-child\" data-index=\"2\" ><div\n\t\t\t\n\t\t\tclass=\"so-widget-sow-image so-widget-sow-image-default-8b5b6f678277-14041\"\n\t\t\t\n\t\t>\n\n<div class=\"sow-image-container\">\n\t\t<img decoding=\"async\" src=\"https:\/\/www.allthingsstone.com\/ca-fr\/wp-content\/uploads\/sites\/12\/2017\/08\/Standard-Series-Fireplace-from-Earthcore\u00ae-Isokern_outdoor.jpg\" width=\"1000\" height=\"1000\" srcset=\"https:\/\/www.allthingsstone.com\/ca-fr\/wp-content\/uploads\/sites\/12\/2017\/08\/Standard-Series-Fireplace-from-Earthcore\u00ae-Isokern_outdoor.jpg 1000w, https:\/\/www.allthingsstone.com\/ca-fr\/wp-content\/uploads\/sites\/12\/2017\/08\/Standard-Series-Fireplace-from-Earthcore\u00ae-Isokern_outdoor-300x300.jpg 300w, https:\/\/www.allthingsstone.com\/ca-fr\/wp-content\/uploads\/sites\/12\/2017\/08\/Standard-Series-Fireplace-from-Earthcore\u00ae-Isokern_outdoor-150x150.jpg 150w, https:\/\/www.allthingsstone.com\/ca-fr\/wp-content\/uploads\/sites\/12\/2017\/08\/Standard-Series-Fireplace-from-Earthcore\u00ae-Isokern_outdoor-768x768.jpg 768w, https:\/\/www.allthingsstone.com\/ca-fr\/wp-content\/uploads\/sites\/12\/2017\/08\/Standard-Series-Fireplace-from-Earthcore\u00ae-Isokern_outdoor-600x600.jpg 600w, https:\/\/www.allthingsstone.com\/ca-fr\/wp-content\/uploads\/sites\/12\/2017\/08\/Standard-Series-Fireplace-from-Earthcore\u00ae-Isokern_outdoor-100x100.jpg 100w\" sizes=\"auto, (max-width: 1000px) 100vw, 1000px\" title=\"Le foyer de la s\u00e9rie Standard d\u2019Isokern de Earthcore\u00ae\" alt=\"Le foyer de la s\u00e9rie Standard d\u2019Isokern de Earthcore\u00ae\" loading=\"lazy\" \t\tclass=\"so-widget-image\"\/>\n\t<\/div>\n\n<\/div><\/div><\/div><\/div><\/div>","protected":false},"excerpt":{"rendered":"<p>Le foyer de la s\u00e9rie Standard d\u2019Isokern de Earthcore\u00ae est le foyer en ma\u00e7onnerie parfait pour tout projet int\u00e9rieur ou ext\u00e9rieur. Faites de la maison &hellip; <a href=\"https:\/\/www.allthingsstone.com\/ca-fr\/product\/serie-standard-isokern-earthcore\/\">Continued<\/a><\/p>\n","protected":false},"featured_media":15679,"comment_status":"open","ping_status":"closed","template":"","meta":{"inline_featured_image":false,"_mi_skip_tracking":false,"_exactmetrics_sitenote_active":false,"_exactmetrics_sitenote_note":"","_exactmetrics_sitenote_category":0},"product_cat":[6534],"product_tag":[6568],"class_list":["post-14041","product","type-product","status-publish","has-post-thumbnail","hentry","product_cat-systemes-de-foyers-et-vie-exterieure","product_tag-earthcore-isokern-fireplaces","brands-foyers-et-cheminees-isokern-de-earthcore","single_resource-isokern-standard-series"],"acf":[],"yoast_head":"<!-- This site is optimized with the Yoast SEO Premium plugin v21.6 (Yoast SEO v21.6) - https:\/\/yoast.com\/wordpress\/plugins\/seo\/ -->\n<title>S\u00e9rie Standard d\u2019Isokern de Earthcore\u00ae | CSI - All Things Stone CAN-FR<\/title>\n<meta name=\"description\" content=\"Le foyer de la s\u00e9rie Standard d\u2019Isokern de Earthcore\u00ae est le foyer en ma\u00e7onnerie parfait pour tout projet int\u00e9rieur ou ext\u00e9rieur. Faites de la maison de vos r\u00eaves une maison bien r\u00e9elle avec la s\u00e9rie Standard d\u2019Isokern.\" \/>\n<meta name=\"robots\" content=\"index, follow, max-snippet:-1, max-image-preview:large, max-video-preview:-1\" \/>\n<link rel=\"canonical\" href=\"https:\/\/www.allthingsstone.com\/ca-fr\/product\/serie-standard-isokern-earthcore\/\" \/>\n<meta property=\"og:locale\" content=\"en_US\" \/>\n<meta property=\"og:type\" content=\"article\" \/>\n<meta property=\"og:title\" content=\"1 Standard Series - Earthcore Isokern\" \/>\n<meta property=\"og:description\" content=\"Le foyer de la s\u00e9rie Standard d\u2019Isokern de Earthcore\u00ae est le foyer en ma\u00e7onnerie parfait pour tout projet int\u00e9rieur ou ext\u00e9rieur. Faites de la maison de vos r\u00eaves une maison bien r\u00e9elle avec la s\u00e9rie Standard d\u2019Isokern.\" \/>\n<meta property=\"og:url\" content=\"https:\/\/www.allthingsstone.com\/ca-fr\/product\/serie-standard-isokern-earthcore\/\" \/>\n<meta property=\"og:site_name\" content=\"CSI - Canadian Stone Industries FR\" \/>\n<meta property=\"article:modified_time\" content=\"2020-11-04T19:47:14+00:00\" \/>\n<meta property=\"og:image\" content=\"https:\/\/www.allthingsstone.com\/ca-fr\/wp-content\/uploads\/sites\/12\/2017\/08\/Standard-Series-Fireplace-from-Earthcore\u00ae-Isokern.jpg\" \/>\n\t<meta property=\"og:image:width\" content=\"459\" \/>\n\t<meta property=\"og:image:height\" content=\"339\" \/>\n\t<meta property=\"og:image:type\" content=\"image\/jpeg\" \/>\n<meta name=\"twitter:card\" content=\"summary_large_image\" \/>\n<meta name=\"twitter:label1\" content=\"Est. reading time\" \/>\n\t<meta name=\"twitter:data1\" content=\"2 minutes\" \/>\n<script type=\"application\/ld+json\" class=\"yoast-schema-graph\">{\"@context\":\"https:\/\/schema.org\",\"@graph\":[{\"@type\":\"WebPage\",\"@id\":\"https:\/\/www.allthingsstone.com\/ca-fr\/product\/serie-standard-isokern-earthcore\/\",\"url\":\"https:\/\/www.allthingsstone.com\/ca-fr\/product\/serie-standard-isokern-earthcore\/\",\"name\":\"S\u00e9rie Standard d\u2019Isokern de Earthcore\u00ae | CSI - All Things Stone CAN-FR\",\"isPartOf\":{\"@id\":\"https:\/\/www.allthingsstone.com\/ca-fr\/#website\"},\"datePublished\":\"2017-08-11T01:29:06+00:00\",\"dateModified\":\"2020-11-04T19:47:14+00:00\",\"description\":\"Le foyer de la s\u00e9rie Standard d\u2019Isokern de Earthcore\u00ae est le foyer en ma\u00e7onnerie parfait pour tout projet int\u00e9rieur ou ext\u00e9rieur. Faites de la maison de vos r\u00eaves une maison bien r\u00e9elle avec la s\u00e9rie Standard d\u2019Isokern.\",\"breadcrumb\":{\"@id\":\"https:\/\/www.allthingsstone.com\/ca-fr\/product\/serie-standard-isokern-earthcore\/#breadcrumb\"},\"inLanguage\":\"en-CA\",\"potentialAction\":[{\"@type\":\"ReadAction\",\"target\":[\"https:\/\/www.allthingsstone.com\/ca-fr\/product\/serie-standard-isokern-earthcore\/\"]}]},{\"@type\":\"BreadcrumbList\",\"@id\":\"https:\/\/www.allthingsstone.com\/ca-fr\/product\/serie-standard-isokern-earthcore\/#breadcrumb\",\"itemListElement\":[{\"@type\":\"ListItem\",\"position\":1,\"name\":\"Home\",\"item\":\"https:\/\/www.allthingsstone.com\/ca-fr\/\"},{\"@type\":\"ListItem\",\"position\":2,\"name\":\"1 Standard Series &#8211; Earthcore Isokern\"}]},{\"@type\":\"WebSite\",\"@id\":\"https:\/\/www.allthingsstone.com\/ca-fr\/#website\",\"url\":\"https:\/\/www.allthingsstone.com\/ca-fr\/\",\"name\":\"CSI - Canadian Stone Industries FR\",\"description\":\"\",\"potentialAction\":[{\"@type\":\"SearchAction\",\"target\":{\"@type\":\"EntryPoint\",\"urlTemplate\":\"https:\/\/www.allthingsstone.com\/ca-fr\/?s={search_term_string}\"},\"query-input\":\"required name=search_term_string\"}],\"inLanguage\":\"en-CA\"}]}<\/script>\n<!-- \/ Yoast SEO Premium plugin. -->","yoast_head_json":{"title":"S\u00e9rie Standard d\u2019Isokern de Earthcore\u00ae | CSI - All Things Stone CAN-FR","description":"Le foyer de la s\u00e9rie Standard d\u2019Isokern de Earthcore\u00ae est le foyer en ma\u00e7onnerie parfait pour tout projet int\u00e9rieur ou ext\u00e9rieur. Faites de la maison de vos r\u00eaves une maison bien r\u00e9elle avec la s\u00e9rie Standard d\u2019Isokern.","robots":{"index":"index","follow":"follow","max-snippet":"max-snippet:-1","max-image-preview":"max-image-preview:large","max-video-preview":"max-video-preview:-1"},"canonical":"https:\/\/www.allthingsstone.com\/ca-fr\/product\/serie-standard-isokern-earthcore\/","og_locale":"en_US","og_type":"article","og_title":"1 Standard Series - Earthcore Isokern","og_description":"Le foyer de la s\u00e9rie Standard d\u2019Isokern de Earthcore\u00ae est le foyer en ma\u00e7onnerie parfait pour tout projet int\u00e9rieur ou ext\u00e9rieur. Faites de la maison de vos r\u00eaves une maison bien r\u00e9elle avec la s\u00e9rie Standard d\u2019Isokern.","og_url":"https:\/\/www.allthingsstone.com\/ca-fr\/product\/serie-standard-isokern-earthcore\/","og_site_name":"CSI - Canadian Stone Industries FR","article_modified_time":"2020-11-04T19:47:14+00:00","og_image":[{"width":459,"height":339,"url":"https:\/\/www.allthingsstone.com\/ca-fr\/wp-content\/uploads\/sites\/12\/2017\/08\/Standard-Series-Fireplace-from-Earthcore\u00ae-Isokern.jpg","type":"image\/jpeg"}],"twitter_card":"summary_large_image","twitter_misc":{"Est. reading time":"2 minutes"},"schema":{"@context":"https:\/\/schema.org","@graph":[{"@type":"WebPage","@id":"https:\/\/www.allthingsstone.com\/ca-fr\/product\/serie-standard-isokern-earthcore\/","url":"https:\/\/www.allthingsstone.com\/ca-fr\/product\/serie-standard-isokern-earthcore\/","name":"S\u00e9rie Standard d\u2019Isokern de Earthcore\u00ae | CSI - All Things Stone CAN-FR","isPartOf":{"@id":"https:\/\/www.allthingsstone.com\/ca-fr\/#website"},"datePublished":"2017-08-11T01:29:06+00:00","dateModified":"2020-11-04T19:47:14+00:00","description":"Le foyer de la s\u00e9rie Standard d\u2019Isokern de Earthcore\u00ae est le foyer en ma\u00e7onnerie parfait pour tout projet int\u00e9rieur ou ext\u00e9rieur. Faites de la maison de vos r\u00eaves une maison bien r\u00e9elle avec la s\u00e9rie Standard d\u2019Isokern.","breadcrumb":{"@id":"https:\/\/www.allthingsstone.com\/ca-fr\/product\/serie-standard-isokern-earthcore\/#breadcrumb"},"inLanguage":"en-CA","potentialAction":[{"@type":"ReadAction","target":["https:\/\/www.allthingsstone.com\/ca-fr\/product\/serie-standard-isokern-earthcore\/"]}]},{"@type":"BreadcrumbList","@id":"https:\/\/www.allthingsstone.com\/ca-fr\/product\/serie-standard-isokern-earthcore\/#breadcrumb","itemListElement":[{"@type":"ListItem","position":1,"name":"Home","item":"https:\/\/www.allthingsstone.com\/ca-fr\/"},{"@type":"ListItem","position":2,"name":"1 Standard Series &#8211; Earthcore Isokern"}]},{"@type":"WebSite","@id":"https:\/\/www.allthingsstone.com\/ca-fr\/#website","url":"https:\/\/www.allthingsstone.com\/ca-fr\/","name":"CSI - Canadian Stone Industries FR","description":"","potentialAction":[{"@type":"SearchAction","target":{"@type":"EntryPoint","urlTemplate":"https:\/\/www.allthingsstone.com\/ca-fr\/?s={search_term_string}"},"query-input":"required name=search_term_string"}],"inLanguage":"en-CA"}]}},"_links":{"self":[{"href":"https:\/\/www.allthingsstone.com\/ca-fr\/wp-json\/wp\/v2\/product\/14041","targetHints":{"allow":["GET"]}}],"collection":[{"href":"https:\/\/www.allthingsstone.com\/ca-fr\/wp-json\/wp\/v2\/product"}],"about":[{"href":"https:\/\/www.allthingsstone.com\/ca-fr\/wp-json\/wp\/v2\/types\/product"}],"replies":[{"embeddable":true,"href":"https:\/\/www.allthingsstone.com\/ca-fr\/wp-json\/wp\/v2\/comments?post=14041"}],"wp:featuredmedia":[{"embeddable":true,"href":"https:\/\/www.allthingsstone.com\/ca-fr\/wp-json\/wp\/v2\/media\/15679"}],"wp:attachment":[{"href":"https:\/\/www.allthingsstone.com\/ca-fr\/wp-json\/wp\/v2\/media?parent=14041"}],"wp:term":[{"taxonomy":"product_cat","embeddable":true,"href":"https:\/\/www.allthingsstone.com\/ca-fr\/wp-json\/wp\/v2\/product_cat?post=14041"},{"taxonomy":"product_tag","embeddable":true,"href":"https:\/\/www.allthingsstone.com\/ca-fr\/wp-json\/wp\/v2\/product_tag?post=14041"}],"curies":[{"name":"wp","href":"https:\/\/api.w.org\/{rel}","templated":true}]}}