{"id":14040,"date":"2017-08-10T21:32:22","date_gmt":"2017-08-11T01:32:22","guid":{"rendered":"http:\/\/www.allthingsstone.com\/ca-fr\/product\/fours-a-bois-isoven-de-earthcore\/"},"modified":"2025-03-14T16:48:06","modified_gmt":"2025-03-14T20:48:06","slug":"fours-a-bois-isoven-de-earthcore","status":"publish","type":"product","link":"https:\/\/www.allthingsstone.com\/ca-fr\/product\/fours-a-bois-isoven-de-earthcore\/","title":{"rendered":"Wood Burning Oven &#8211; Earthcore Isokern"},"content":{"rendered":"<div id=\"pl-14040\"  class=\"panel-layout\" ><div id=\"pg-14040-0\"  class=\"panel-grid panel-no-style\" ><div id=\"pgc-14040-0-0\"  class=\"panel-grid-cell\" ><div id=\"panel-14040-0-0-0\" class=\"so-panel widget widget_sow-editor panel-first-child panel-last-child\" data-index=\"0\" ><div\n\t\t\t\n\t\t\tclass=\"so-widget-sow-editor so-widget-sow-editor-base\"\n\t\t\t\n\t\t><h3 class=\"widget-title\">Aper\u00e7u<\/h3>\n<div class=\"siteorigin-widget-tinymce textwidget\">\n\t<p>Fait de mati\u00e8re volcanique exclusive sp\u00e9cialement import\u00e9e d\u2019Islande, le four \u00e0 pizza au bois pour l\u2019ext\u00e9rieur Iso\u2019ven de Earthcore<sup>\u00ae<\/sup> est facile \u00e0 utiliser et remarquablement abordable. Con\u00e7u pour une installation facile, le four Iso\u2019ven \u00e0 chauffage rapide peut atteindre\u00a0800\u00a0degr\u00e9s en une heure. Facile \u00e0 installer, le four de table pour four \u00e0 pizza au bois Iso\u2019ven et le mortier adh\u00e9sif sont tout ce qu\u2019il vous faut pour passer aux choses s\u00e9rieuses. Le four au bois Iso\u2019ven est une fa\u00e7on abordable de perp\u00e9tuer des traditions de plusieurs si\u00e8cles dans votre propre cour arri\u00e8re!\u00a0<\/p>\n<p>Le four au bois Iso\u2019ven de Earthcore<sup>\u00ae<\/sup> est la solution id\u00e9ale pour cr\u00e9er ou moderniser votre cuisine ext\u00e9rieure. Il s\u2019agence parfaitement \u00e0 notre <a href=\"https:\/\/www.allthingsstone.com\/ca-fr\/produits\/systemes-de-foyers-et-vie-exterieure\/cuisines-modulaires-isopanel-de-earthcore\/\">cuisine modulaire ext\u00e9rieure<\/a>\u00a0et notre <a href=\"https:\/\/www.allthingsstone.com\/ca-fr\/produits\/systemes-de-foyers-et-vie-exterieure\/foyers-et-cheminee-isokern-de-earthcore\/\">foyer ext\u00e9rieur<\/a>. Tout comme pour les produits Isokern, vous pouvez apporter la touche finale au four \u00e0 pizza au bois Iso\u2019ven de Earthcore<sup>\u00ae<\/sup> avec nos <a href=\"https:\/\/www.allthingsstone.com\/ca-fr\/produits\/placage-de-pierre-usinee\/\">placages de pierre usin\u00e9e<\/a>, de <a href=\"https:\/\/www.allthingsstone.com\/ca-fr\/produits\/placage-de-pierre-naturelle\/\">pierre naturelle<\/a> et de <a href=\"https:\/\/www.allthingsstone.com\/ca-fr\/produits\/placage-de-brique\/\">brique<\/a>, ou nos rev\u00eatements de stuc.<\/p>\n<p>Les produits ci-dessous sont offerts pour la construction d\u2019un four \u00e0 pizza au bois Iso\u2019ven de Earthcore<sup>\u00ae <\/sup>personnalis\u00e9 et les produits suppl\u00e9mentaires en option comprennent\u00a0la base de rangement, le chapiteau de chemin\u00e9e et l\u2019ensemble d\u2019accessoires.<\/p>\n<\/div>\n<\/div><\/div><\/div><\/div><div id=\"pg-14040-1\"  class=\"panel-grid panel-no-style\" ><div id=\"pgc-14040-1-0\"  class=\"panel-grid-cell\" ><div id=\"panel-14040-1-0-0\" class=\"so-panel widget widget_sow-image panel-first-child\" data-index=\"1\" ><div\n\t\t\t\n\t\t\tclass=\"so-widget-sow-image so-widget-sow-image-default-8b5b6f678277-14040\"\n\t\t\t\n\t\t>\n\n<div class=\"sow-image-container\">\n\t\t<img decoding=\"async\" src=\"https:\/\/www.allthingsstone.com\/ca-fr\/wp-content\/uploads\/sites\/12\/2017\/08\/Earthcore-Iso\u2019ven-Wood-Burning-Oven-Table-Top.png\" width=\"250\" height=\"250\" srcset=\"https:\/\/www.allthingsstone.com\/ca-fr\/wp-content\/uploads\/sites\/12\/2017\/08\/Earthcore-Iso\u2019ven-Wood-Burning-Oven-Table-Top.png 250w, https:\/\/www.allthingsstone.com\/ca-fr\/wp-content\/uploads\/sites\/12\/2017\/08\/Earthcore-Iso\u2019ven-Wood-Burning-Oven-Table-Top-150x150.png 150w\" sizes=\"auto, (max-width: 250px) 100vw, 250px\" title=\"Earthcore Iso\u2019ven Wood Burning Oven &#8211; Table Top\" alt=\"\" loading=\"lazy\" \t\tclass=\"so-widget-image\"\/>\n\t<\/div>\n\n<\/div><\/div><div id=\"panel-14040-1-0-1\" class=\"so-panel widget widget_sow-editor panel-last-child\" data-index=\"2\" ><div\n\t\t\t\n\t\t\tclass=\"so-widget-sow-editor so-widget-sow-editor-base\"\n\t\t\t\n\t\t>\n<div class=\"siteorigin-widget-tinymce textwidget\">\n\t<h6>Four de table<\/h6>\n<p>Le four de table constitue l\u2019\u00e9l\u00e9ment principal du four \u00e0 pizza au bois Iso\u2019ven. Fait de mati\u00e8re volcanique exclusive \u00e0 Earthcore<sup>\u00ae<\/sup>, le four Iso\u2019ven est facile \u00e0 installer et chauffe \u00e0\u00a0800\u00a0degr\u00e9s en une heure.<\/p>\n<\/div>\n<\/div><\/div><\/div><div id=\"pgc-14040-1-1\"  class=\"panel-grid-cell\" ><div id=\"panel-14040-1-1-0\" class=\"so-panel widget widget_sow-image panel-first-child\" data-index=\"3\" ><div\n\t\t\t\n\t\t\tclass=\"so-widget-sow-image so-widget-sow-image-default-8b5b6f678277-14040\"\n\t\t\t\n\t\t>\n\n<div class=\"sow-image-container\">\n\t\t<img decoding=\"async\" src=\"https:\/\/www.allthingsstone.com\/ca-fr\/wp-content\/uploads\/sites\/12\/2017\/08\/Earthcore-Iso\u2019ven-Wood-Burning-Oven-Optional-Base.png\" width=\"250\" height=\"250\" srcset=\"https:\/\/www.allthingsstone.com\/ca-fr\/wp-content\/uploads\/sites\/12\/2017\/08\/Earthcore-Iso\u2019ven-Wood-Burning-Oven-Optional-Base.png 250w, https:\/\/www.allthingsstone.com\/ca-fr\/wp-content\/uploads\/sites\/12\/2017\/08\/Earthcore-Iso\u2019ven-Wood-Burning-Oven-Optional-Base-150x150.png 150w\" sizes=\"auto, (max-width: 250px) 100vw, 250px\" title=\"Earthcore Iso\u2019ven Wood Burning Oven &#8211; Optional Base\" alt=\"\" loading=\"lazy\" \t\tclass=\"so-widget-image\"\/>\n\t<\/div>\n\n<\/div><\/div><div id=\"panel-14040-1-1-1\" class=\"so-panel widget widget_sow-editor panel-last-child\" data-index=\"4\" ><div\n\t\t\t\n\t\t\tclass=\"so-widget-sow-editor so-widget-sow-editor-base\"\n\t\t\t\n\t\t>\n<div class=\"siteorigin-widget-tinymce textwidget\">\n\t<h6>Base de rangement<\/h6>\n<p>Tout en ajoutant une nouvelle dimension au coin-repas de votre cour arri\u00e8re, la base de rangement offerte en option vous permet d\u2019ajuster la hauteur de votre four Iso\u2019ven selon le reste de votre cuisine ext\u00e9rieure ou de votre cour. Install\u00e9e telle quelle, sans ajustement, notre base Iso\u2019ven offre une hauteur id\u00e9ale pour s\u2019agencer avec l\u2019un de nos foyers ext\u00e9rieurs Isokern.<\/p>\n<\/div>\n<\/div><\/div><\/div><div id=\"pgc-14040-1-2\"  class=\"panel-grid-cell\" ><div id=\"panel-14040-1-2-0\" class=\"so-panel widget widget_sow-image panel-first-child\" data-index=\"5\" ><div\n\t\t\t\n\t\t\tclass=\"so-widget-sow-image so-widget-sow-image-default-8b5b6f678277-14040\"\n\t\t\t\n\t\t>\n\n<div class=\"sow-image-container\">\n\t\t<img decoding=\"async\" src=\"https:\/\/www.allthingsstone.com\/ca-fr\/wp-content\/uploads\/sites\/12\/2017\/08\/Earthcore-Iso\u2019ven-Wood-Burning-Oven-Chimney-Hood.png\" width=\"250\" height=\"250\" srcset=\"https:\/\/www.allthingsstone.com\/ca-fr\/wp-content\/uploads\/sites\/12\/2017\/08\/Earthcore-Iso\u2019ven-Wood-Burning-Oven-Chimney-Hood.png 250w, https:\/\/www.allthingsstone.com\/ca-fr\/wp-content\/uploads\/sites\/12\/2017\/08\/Earthcore-Iso\u2019ven-Wood-Burning-Oven-Chimney-Hood-150x150.png 150w\" sizes=\"auto, (max-width: 250px) 100vw, 250px\" title=\"Earthcore Iso\u2019ven Wood Burning Oven &#8211; Chimney Hood\" alt=\"\" loading=\"lazy\" \t\tclass=\"so-widget-image\"\/>\n\t<\/div>\n\n<\/div><\/div><div id=\"panel-14040-1-2-1\" class=\"so-panel widget widget_sow-editor panel-last-child\" data-index=\"6\" ><div\n\t\t\t\n\t\t\tclass=\"so-widget-sow-editor so-widget-sow-editor-base\"\n\t\t\t\n\t\t>\n<div class=\"siteorigin-widget-tinymce textwidget\">\n\t<h6>Chapiteau de chemin\u00e9e<\/h6>\n<p>Selon l\u2019approche classique des fours au bois traditionnels, le chapiteau de chemin\u00e9e Iso\u2019ven offert en option est con\u00e7u pour \u00e9vacuer l\u2019air par l\u2019avant. Earthcore<sup>\u00ae<\/sup> est d\u2019avis que la personnalisation est la cl\u00e9 de la satisfaction. Par cons\u00e9quent, si vous pr\u00e9f\u00e9rez un conduit de chemin\u00e9e, le chapiteau de chemin\u00e9e pour four Iso\u2019ven peut maintenant \u00eatre personnalis\u00e9 selon votre propre style.<\/p>\n<\/div>\n<\/div><\/div><\/div><\/div><div id=\"pg-14040-2\"  class=\"panel-grid panel-no-style\" ><div id=\"pgc-14040-2-0\"  class=\"panel-grid-cell\" ><div id=\"panel-14040-2-0-0\" class=\"so-panel widget widget_sow-image panel-first-child panel-last-child\" data-index=\"7\" ><div\n\t\t\t\n\t\t\tclass=\"so-widget-sow-image so-widget-sow-image-default-8b5b6f678277-14040\"\n\t\t\t\n\t\t>\n\n<div class=\"sow-image-container\">\n\t\t<img decoding=\"async\" src=\"https:\/\/www.allthingsstone.com\/ca-fr\/wp-content\/uploads\/sites\/12\/2017\/08\/Earthcore\u00ae-Isoven-Wood-Burning-Pizza-Oven-and-ISOPANEL-Modular-Kitchen_Brother-vs-Brother_fr-1.png\" width=\"1000\" height=\"1000\" srcset=\"https:\/\/www.allthingsstone.com\/ca-fr\/wp-content\/uploads\/sites\/12\/2017\/08\/Earthcore\u00ae-Isoven-Wood-Burning-Pizza-Oven-and-ISOPANEL-Modular-Kitchen_Brother-vs-Brother_fr-1.png 1000w, https:\/\/www.allthingsstone.com\/ca-fr\/wp-content\/uploads\/sites\/12\/2017\/08\/Earthcore\u00ae-Isoven-Wood-Burning-Pizza-Oven-and-ISOPANEL-Modular-Kitchen_Brother-vs-Brother_fr-1-300x300.png 300w, https:\/\/www.allthingsstone.com\/ca-fr\/wp-content\/uploads\/sites\/12\/2017\/08\/Earthcore\u00ae-Isoven-Wood-Burning-Pizza-Oven-and-ISOPANEL-Modular-Kitchen_Brother-vs-Brother_fr-1-150x150.png 150w, https:\/\/www.allthingsstone.com\/ca-fr\/wp-content\/uploads\/sites\/12\/2017\/08\/Earthcore\u00ae-Isoven-Wood-Burning-Pizza-Oven-and-ISOPANEL-Modular-Kitchen_Brother-vs-Brother_fr-1-768x768.png 768w, https:\/\/www.allthingsstone.com\/ca-fr\/wp-content\/uploads\/sites\/12\/2017\/08\/Earthcore\u00ae-Isoven-Wood-Burning-Pizza-Oven-and-ISOPANEL-Modular-Kitchen_Brother-vs-Brother_fr-1-600x600.png 600w, https:\/\/www.allthingsstone.com\/ca-fr\/wp-content\/uploads\/sites\/12\/2017\/08\/Earthcore\u00ae-Isoven-Wood-Burning-Pizza-Oven-and-ISOPANEL-Modular-Kitchen_Brother-vs-Brother_fr-1-100x100.png 100w\" sizes=\"auto, (max-width: 1000px) 100vw, 1000px\" title=\"Earthcore\u00ae Iso\u2019ven Wood Burning Pizza Oven and ISOPANEL Modular Kitchen_Brother vs Brother\" alt=\"Earthcore\u00ae Iso\u2019ven Wood Burning Pizza Oven and ISOPANEL Modular Kitchen_Brother vs Brother\" loading=\"lazy\" \t\tclass=\"so-widget-image\"\/>\n\t<\/div>\n\n<\/div><\/div><\/div><div id=\"pgc-14040-2-1\"  class=\"panel-grid-cell\" ><div id=\"panel-14040-2-1-0\" class=\"so-panel widget widget_sow-image panel-first-child panel-last-child\" data-index=\"8\" ><div\n\t\t\t\n\t\t\tclass=\"so-widget-sow-image so-widget-sow-image-default-8b5b6f678277-14040\"\n\t\t\t\n\t\t>\n\n<div class=\"sow-image-container\">\n\t\t<img decoding=\"async\" src=\"https:\/\/www.allthingsstone.com\/ca-fr\/wp-content\/uploads\/sites\/12\/2017\/08\/Earthcore\u00ae-Isoven-Wood-Burning-Pizza-Oven-and-ISOPANEL-Modular-Kitchen_Brother-vs-Brother_fr-2.png\" width=\"1000\" height=\"1000\" srcset=\"https:\/\/www.allthingsstone.com\/ca-fr\/wp-content\/uploads\/sites\/12\/2017\/08\/Earthcore\u00ae-Isoven-Wood-Burning-Pizza-Oven-and-ISOPANEL-Modular-Kitchen_Brother-vs-Brother_fr-2.png 1000w, https:\/\/www.allthingsstone.com\/ca-fr\/wp-content\/uploads\/sites\/12\/2017\/08\/Earthcore\u00ae-Isoven-Wood-Burning-Pizza-Oven-and-ISOPANEL-Modular-Kitchen_Brother-vs-Brother_fr-2-300x300.png 300w, https:\/\/www.allthingsstone.com\/ca-fr\/wp-content\/uploads\/sites\/12\/2017\/08\/Earthcore\u00ae-Isoven-Wood-Burning-Pizza-Oven-and-ISOPANEL-Modular-Kitchen_Brother-vs-Brother_fr-2-150x150.png 150w, https:\/\/www.allthingsstone.com\/ca-fr\/wp-content\/uploads\/sites\/12\/2017\/08\/Earthcore\u00ae-Isoven-Wood-Burning-Pizza-Oven-and-ISOPANEL-Modular-Kitchen_Brother-vs-Brother_fr-2-768x768.png 768w, https:\/\/www.allthingsstone.com\/ca-fr\/wp-content\/uploads\/sites\/12\/2017\/08\/Earthcore\u00ae-Isoven-Wood-Burning-Pizza-Oven-and-ISOPANEL-Modular-Kitchen_Brother-vs-Brother_fr-2-600x600.png 600w, https:\/\/www.allthingsstone.com\/ca-fr\/wp-content\/uploads\/sites\/12\/2017\/08\/Earthcore\u00ae-Isoven-Wood-Burning-Pizza-Oven-and-ISOPANEL-Modular-Kitchen_Brother-vs-Brother_fr-2-100x100.png 100w\" sizes=\"auto, (max-width: 1000px) 100vw, 1000px\" title=\"Earthcore\u00ae Iso\u2019ven Wood Burning Pizza Oven and ISOPANEL Modular Kitchen_Brother vs Brother\" alt=\"Earthcore\u00ae Iso\u2019ven Wood Burning Pizza Oven and ISOPANEL Modular Kitchen_Brother vs Brother\" loading=\"lazy\" \t\tclass=\"so-widget-image\"\/>\n\t<\/div>\n\n<\/div><\/div><\/div><\/div><div id=\"pg-14040-3\"  class=\"panel-grid panel-no-style\" ><div id=\"pgc-14040-3-0\"  class=\"panel-grid-cell\" ><div id=\"panel-14040-3-0-0\" class=\"so-panel widget widget_sow-image panel-first-child\" data-index=\"9\" ><div\n\t\t\t\n\t\t\tclass=\"so-widget-sow-image so-widget-sow-image-default-c67d20f9f743-14040\"\n\t\t\t\n\t\t>\n\n<div class=\"sow-image-container\">\n\t\t<img decoding=\"async\" src=\"https:\/\/www.allthingsstone.com\/ca-fr\/wp-content\/uploads\/sites\/12\/2017\/08\/Earthcore\u00ae-Isoven-Wood-Burning-Pizza-Oven.png\" width=\"800\" height=\"500\" srcset=\"https:\/\/www.allthingsstone.com\/ca-fr\/wp-content\/uploads\/sites\/12\/2017\/08\/Earthcore\u00ae-Isoven-Wood-Burning-Pizza-Oven.png 800w, https:\/\/www.allthingsstone.com\/ca-fr\/wp-content\/uploads\/sites\/12\/2017\/08\/Earthcore\u00ae-Isoven-Wood-Burning-Pizza-Oven-300x188.png 300w, https:\/\/www.allthingsstone.com\/ca-fr\/wp-content\/uploads\/sites\/12\/2017\/08\/Earthcore\u00ae-Isoven-Wood-Burning-Pizza-Oven-768x480.png 768w, https:\/\/www.allthingsstone.com\/ca-fr\/wp-content\/uploads\/sites\/12\/2017\/08\/Earthcore\u00ae-Isoven-Wood-Burning-Pizza-Oven-600x375.png 600w\" sizes=\"auto, (max-width: 800px) 100vw, 800px\" title=\"Earthcore\u00ae Iso\u2019ven Wood Burning Pizza Oven\" alt=\"Earthcore\u00ae Iso\u2019ven Wood Burning Pizza Oven\" loading=\"lazy\" \t\tclass=\"so-widget-image\"\/>\n\t<\/div>\n\n<\/div><\/div><div id=\"panel-14040-3-0-1\" class=\"so-panel widget widget_sow-editor panel-last-child\" data-index=\"10\" ><div\n\t\t\t\n\t\t\tclass=\"so-widget-sow-editor so-widget-sow-editor-base\"\n\t\t\t\n\t\t>\n<div class=\"siteorigin-widget-tinymce textwidget\">\n\t<p>Canadian Stone Industries (CSI) est le distributeur exclusif d\u2019Isokern de Earthcore<sup>\u00ae<\/sup>\u00a0au Canada. Cliquez sur\u00a0<strong><a href=\"https:\/\/www.allthingsstone.com\/ca-fr\/ou-acheter\/\">O\u00f9 acheter<\/a><\/strong>\u00a0pour trouver un d\u00e9taillant agr\u00e9\u00e9 d\u2019Isokern de Earthcore<sup>\u00ae<\/sup>\u00a0pr\u00e8s de chez vous.<\/p>\n<\/div>\n<\/div><\/div><\/div><\/div><\/div>","protected":false},"excerpt":{"rendered":"<p>Fait de mati\u00e8re volcanique exclusive sp\u00e9cialement import\u00e9e d\u2019Islande, le four \u00e0 pizza au bois pour l\u2019ext\u00e9rieur Iso\u2019ven de Earthcore\u00ae est facile \u00e0 utiliser et remarquablement &hellip; <a href=\"https:\/\/www.allthingsstone.com\/ca-fr\/product\/fours-a-bois-isoven-de-earthcore\/\">Continued<\/a><\/p>\n","protected":false},"featured_media":15666,"comment_status":"open","ping_status":"closed","template":"","meta":{"inline_featured_image":false,"_mi_skip_tracking":false,"_exactmetrics_sitenote_active":false,"_exactmetrics_sitenote_note":"","_exactmetrics_sitenote_category":0},"product_cat":[6534],"product_tag":[6553],"class_list":["post-14040","product","type-product","status-publish","has-post-thumbnail","hentry","product_cat-systemes-de-foyers-et-vie-exterieure","product_tag-wood-burning-oven-options"],"acf":[],"yoast_head":"<!-- This site is optimized with the Yoast SEO Premium plugin v21.6 (Yoast SEO v21.6) - https:\/\/yoast.com\/wordpress\/plugins\/seo\/ -->\n<title>Fours \u00e0 bois Iso\u2019ven | CSI - All Things Stone CAN-FR<\/title>\n<meta name=\"description\" content=\"Fait de mati\u00e8re volcanique exclusive sp\u00e9cialement import\u00e9e d\u2019Islande, le four \u00e0 pizza au bois pour l\u2019ext\u00e9rieur Iso\u2019ven de Earthcore\u00ae est facile \u00e0 utiliser et remarquablement abordable. Con\u00e7u pour une installation facile, le four Iso\u2019ven \u00e0 chauffage rapide peut atteindre 800 degr\u00e9s en une heure.\" \/>\n<meta name=\"robots\" content=\"index, follow, max-snippet:-1, max-image-preview:large, max-video-preview:-1\" \/>\n<link rel=\"canonical\" href=\"https:\/\/www.allthingsstone.com\/ca-fr\/product\/fours-a-bois-isoven-de-earthcore\/\" \/>\n<meta property=\"og:locale\" content=\"en_US\" \/>\n<meta property=\"og:type\" content=\"article\" \/>\n<meta property=\"og:title\" content=\"Wood Burning Oven - Earthcore Isokern\" \/>\n<meta property=\"og:description\" content=\"Fait de mati\u00e8re volcanique exclusive sp\u00e9cialement import\u00e9e d\u2019Islande, le four \u00e0 pizza au bois pour l\u2019ext\u00e9rieur Iso\u2019ven de Earthcore\u00ae est facile \u00e0 utiliser et remarquablement abordable. Con\u00e7u pour une installation facile, le four Iso\u2019ven \u00e0 chauffage rapide peut atteindre 800 degr\u00e9s en une heure.\" \/>\n<meta property=\"og:url\" content=\"https:\/\/www.allthingsstone.com\/ca-fr\/product\/fours-a-bois-isoven-de-earthcore\/\" \/>\n<meta property=\"og:site_name\" content=\"CSI - Canadian Stone Industries FR\" \/>\n<meta property=\"article:modified_time\" content=\"2025-03-14T20:48:06+00:00\" \/>\n<meta property=\"og:image\" content=\"https:\/\/www.allthingsstone.com\/ca-fr\/wp-content\/uploads\/sites\/12\/2017\/08\/Earthcore\u00ae-Isoven-Wood-Burning-Oven.png\" \/>\n\t<meta property=\"og:image:width\" content=\"459\" \/>\n\t<meta property=\"og:image:height\" content=\"339\" \/>\n\t<meta property=\"og:image:type\" content=\"image\/png\" \/>\n<meta name=\"twitter:card\" content=\"summary_large_image\" \/>\n<meta name=\"twitter:label1\" content=\"Est. reading time\" \/>\n\t<meta name=\"twitter:data1\" content=\"2 minutes\" \/>\n<script type=\"application\/ld+json\" class=\"yoast-schema-graph\">{\"@context\":\"https:\/\/schema.org\",\"@graph\":[{\"@type\":\"WebPage\",\"@id\":\"https:\/\/www.allthingsstone.com\/ca-fr\/product\/fours-a-bois-isoven-de-earthcore\/\",\"url\":\"https:\/\/www.allthingsstone.com\/ca-fr\/product\/fours-a-bois-isoven-de-earthcore\/\",\"name\":\"Fours \u00e0 bois Iso\u2019ven | CSI - All Things Stone CAN-FR\",\"isPartOf\":{\"@id\":\"https:\/\/www.allthingsstone.com\/ca-fr\/#website\"},\"datePublished\":\"2017-08-11T01:32:22+00:00\",\"dateModified\":\"2025-03-14T20:48:06+00:00\",\"description\":\"Fait de mati\u00e8re volcanique exclusive sp\u00e9cialement import\u00e9e d\u2019Islande, le four \u00e0 pizza au bois pour l\u2019ext\u00e9rieur Iso\u2019ven de Earthcore\u00ae est facile \u00e0 utiliser et remarquablement abordable. Con\u00e7u pour une installation facile, le four Iso\u2019ven \u00e0 chauffage rapide peut atteindre 800 degr\u00e9s en une heure.\",\"breadcrumb\":{\"@id\":\"https:\/\/www.allthingsstone.com\/ca-fr\/product\/fours-a-bois-isoven-de-earthcore\/#breadcrumb\"},\"inLanguage\":\"en-CA\",\"potentialAction\":[{\"@type\":\"ReadAction\",\"target\":[\"https:\/\/www.allthingsstone.com\/ca-fr\/product\/fours-a-bois-isoven-de-earthcore\/\"]}]},{\"@type\":\"BreadcrumbList\",\"@id\":\"https:\/\/www.allthingsstone.com\/ca-fr\/product\/fours-a-bois-isoven-de-earthcore\/#breadcrumb\",\"itemListElement\":[{\"@type\":\"ListItem\",\"position\":1,\"name\":\"Home\",\"item\":\"https:\/\/www.allthingsstone.com\/ca-fr\/\"},{\"@type\":\"ListItem\",\"position\":2,\"name\":\"Wood Burning Oven &#8211; Earthcore Isokern\"}]},{\"@type\":\"WebSite\",\"@id\":\"https:\/\/www.allthingsstone.com\/ca-fr\/#website\",\"url\":\"https:\/\/www.allthingsstone.com\/ca-fr\/\",\"name\":\"CSI - Canadian Stone Industries FR\",\"description\":\"\",\"potentialAction\":[{\"@type\":\"SearchAction\",\"target\":{\"@type\":\"EntryPoint\",\"urlTemplate\":\"https:\/\/www.allthingsstone.com\/ca-fr\/?s={search_term_string}\"},\"query-input\":\"required name=search_term_string\"}],\"inLanguage\":\"en-CA\"}]}<\/script>\n<!-- \/ Yoast SEO Premium plugin. -->","yoast_head_json":{"title":"Fours \u00e0 bois Iso\u2019ven | CSI - All Things Stone CAN-FR","description":"Fait de mati\u00e8re volcanique exclusive sp\u00e9cialement import\u00e9e d\u2019Islande, le four \u00e0 pizza au bois pour l\u2019ext\u00e9rieur Iso\u2019ven de Earthcore\u00ae est facile \u00e0 utiliser et remarquablement abordable. Con\u00e7u pour une installation facile, le four Iso\u2019ven \u00e0 chauffage rapide peut atteindre 800 degr\u00e9s en une heure.","robots":{"index":"index","follow":"follow","max-snippet":"max-snippet:-1","max-image-preview":"max-image-preview:large","max-video-preview":"max-video-preview:-1"},"canonical":"https:\/\/www.allthingsstone.com\/ca-fr\/product\/fours-a-bois-isoven-de-earthcore\/","og_locale":"en_US","og_type":"article","og_title":"Wood Burning Oven - Earthcore Isokern","og_description":"Fait de mati\u00e8re volcanique exclusive sp\u00e9cialement import\u00e9e d\u2019Islande, le four \u00e0 pizza au bois pour l\u2019ext\u00e9rieur Iso\u2019ven de Earthcore\u00ae est facile \u00e0 utiliser et remarquablement abordable. Con\u00e7u pour une installation facile, le four Iso\u2019ven \u00e0 chauffage rapide peut atteindre 800 degr\u00e9s en une heure.","og_url":"https:\/\/www.allthingsstone.com\/ca-fr\/product\/fours-a-bois-isoven-de-earthcore\/","og_site_name":"CSI - Canadian Stone Industries FR","article_modified_time":"2025-03-14T20:48:06+00:00","og_image":[{"width":459,"height":339,"url":"https:\/\/www.allthingsstone.com\/ca-fr\/wp-content\/uploads\/sites\/12\/2017\/08\/Earthcore\u00ae-Isoven-Wood-Burning-Oven.png","type":"image\/png"}],"twitter_card":"summary_large_image","twitter_misc":{"Est. reading time":"2 minutes"},"schema":{"@context":"https:\/\/schema.org","@graph":[{"@type":"WebPage","@id":"https:\/\/www.allthingsstone.com\/ca-fr\/product\/fours-a-bois-isoven-de-earthcore\/","url":"https:\/\/www.allthingsstone.com\/ca-fr\/product\/fours-a-bois-isoven-de-earthcore\/","name":"Fours \u00e0 bois Iso\u2019ven | CSI - All Things Stone CAN-FR","isPartOf":{"@id":"https:\/\/www.allthingsstone.com\/ca-fr\/#website"},"datePublished":"2017-08-11T01:32:22+00:00","dateModified":"2025-03-14T20:48:06+00:00","description":"Fait de mati\u00e8re volcanique exclusive sp\u00e9cialement import\u00e9e d\u2019Islande, le four \u00e0 pizza au bois pour l\u2019ext\u00e9rieur Iso\u2019ven de Earthcore\u00ae est facile \u00e0 utiliser et remarquablement abordable. Con\u00e7u pour une installation facile, le four Iso\u2019ven \u00e0 chauffage rapide peut atteindre 800 degr\u00e9s en une heure.","breadcrumb":{"@id":"https:\/\/www.allthingsstone.com\/ca-fr\/product\/fours-a-bois-isoven-de-earthcore\/#breadcrumb"},"inLanguage":"en-CA","potentialAction":[{"@type":"ReadAction","target":["https:\/\/www.allthingsstone.com\/ca-fr\/product\/fours-a-bois-isoven-de-earthcore\/"]}]},{"@type":"BreadcrumbList","@id":"https:\/\/www.allthingsstone.com\/ca-fr\/product\/fours-a-bois-isoven-de-earthcore\/#breadcrumb","itemListElement":[{"@type":"ListItem","position":1,"name":"Home","item":"https:\/\/www.allthingsstone.com\/ca-fr\/"},{"@type":"ListItem","position":2,"name":"Wood Burning Oven &#8211; Earthcore Isokern"}]},{"@type":"WebSite","@id":"https:\/\/www.allthingsstone.com\/ca-fr\/#website","url":"https:\/\/www.allthingsstone.com\/ca-fr\/","name":"CSI - Canadian Stone Industries FR","description":"","potentialAction":[{"@type":"SearchAction","target":{"@type":"EntryPoint","urlTemplate":"https:\/\/www.allthingsstone.com\/ca-fr\/?s={search_term_string}"},"query-input":"required name=search_term_string"}],"inLanguage":"en-CA"}]}},"_links":{"self":[{"href":"https:\/\/www.allthingsstone.com\/ca-fr\/wp-json\/wp\/v2\/product\/14040","targetHints":{"allow":["GET"]}}],"collection":[{"href":"https:\/\/www.allthingsstone.com\/ca-fr\/wp-json\/wp\/v2\/product"}],"about":[{"href":"https:\/\/www.allthingsstone.com\/ca-fr\/wp-json\/wp\/v2\/types\/product"}],"replies":[{"embeddable":true,"href":"https:\/\/www.allthingsstone.com\/ca-fr\/wp-json\/wp\/v2\/comments?post=14040"}],"wp:featuredmedia":[{"embeddable":true,"href":"https:\/\/www.allthingsstone.com\/ca-fr\/wp-json\/wp\/v2\/media\/15666"}],"wp:attachment":[{"href":"https:\/\/www.allthingsstone.com\/ca-fr\/wp-json\/wp\/v2\/media?parent=14040"}],"wp:term":[{"taxonomy":"product_cat","embeddable":true,"href":"https:\/\/www.allthingsstone.com\/ca-fr\/wp-json\/wp\/v2\/product_cat?post=14040"},{"taxonomy":"product_tag","embeddable":true,"href":"https:\/\/www.allthingsstone.com\/ca-fr\/wp-json\/wp\/v2\/product_tag?post=14040"}],"curies":[{"name":"wp","href":"https:\/\/api.w.org\/{rel}","templated":true}]}}