{"id":14039,"date":"2017-08-10T21:34:26","date_gmt":"2017-08-11T01:34:26","guid":{"rendered":"http:\/\/www.allthingsstone.com\/ca-fr\/product\/cuisine-modulaire-isopanel-de-earthcore\/"},"modified":"2021-04-20T15:46:37","modified_gmt":"2021-04-20T19:46:37","slug":"cuisine-modulaire-isopanel-de-earthcore","status":"publish","type":"product","link":"https:\/\/www.allthingsstone.com\/ca-fr\/product\/cuisine-modulaire-isopanel-de-earthcore\/","title":{"rendered":"Outdoor Kitchen &#8211; Earthcore Isokern"},"content":{"rendered":"<div id=\"pl-14039\"  class=\"panel-layout\" ><div id=\"pg-14039-0\"  class=\"panel-grid panel-no-style\" ><div id=\"pgc-14039-0-0\"  class=\"panel-grid-cell\" ><div id=\"panel-14039-0-0-0\" class=\"so-panel widget widget_sow-editor panel-first-child panel-last-child\" data-index=\"0\" ><div\n\t\t\t\n\t\t\tclass=\"so-widget-sow-editor so-widget-sow-editor-base\"\n\t\t\t\n\t\t><h3 class=\"widget-title\">Aper\u00e7u<\/h3>\n<div class=\"siteorigin-widget-tinymce textwidget\">\n\t<p>Earthcore<sup>\u00ae<\/sup> a simplifi\u00e9 le montage de la cuisine ext\u00e9rieure traditionnelle pour un assemblage rapide, une meilleure abordabilit\u00e9 et une personnalisation compl\u00e8te. La cuisine modulaire Isopanel de Earthcore<sup>\u00ae<\/sup> vous permet d\u2019installer une cuisine enti\u00e8re en moins d\u2019un jour! Cr\u00e9er une magnifique cuisine ext\u00e9rieure \u00e0 la fois durable et pratique est plus facile que jamais gr\u00e2ce aux panneaux et attaches Isokern. Chaque panneau p\u00e8se seulement\u00a0100\u00a0lb et peut donc \u00eatre d\u00e9plac\u00e9 facilement pendant l\u2019assemblage. Tout comme pour les <a href=\"https:\/\/www.allthingsstone.com\/ca-fr\/produits\/systemes-de-foyers-et-vie-exterieure\/foyers-et-cheminee-isokern-de-earthcore\/\">foyers ext\u00e9rieurs Isokern<\/a>, vous pouvez apporter la touche finale \u00e0 la cuisine modulaire ext\u00e9rieure de Earthcore<sup>\u00ae<\/sup> avec nos <a href=\"https:\/\/www.allthingsstone.com\/ca-fr\/produits\/placage-de-pierre-usinee\/\">placages de pierre usin\u00e9e<\/a>, de <a href=\"https:\/\/www.allthingsstone.com\/ca-fr\/produits\/placage-de-pierre-naturelle\/\">pierre naturelle<\/a> et de <a href=\"https:\/\/www.allthingsstone.com\/ca-fr\/produits\/placage-de-brique\/\">brique<\/a>, ou nos rev\u00eatements de stuc.<\/p>\n<p>Les produits ci-dessous sont offerts pour la construction d\u2019une cuisine modulaire Isopanel de Earthcore<sup>\u00ae<\/sup> personnalis\u00e9e\u00a0:<\/p>\n<\/div>\n<\/div><\/div><\/div><\/div><div id=\"pg-14039-1\"  class=\"panel-grid panel-no-style\" ><div id=\"pgc-14039-1-0\"  class=\"panel-grid-cell\" ><div id=\"panel-14039-1-0-0\" class=\"so-panel widget widget_sow-image panel-first-child\" data-index=\"1\" ><div\n\t\t\t\n\t\t\tclass=\"so-widget-sow-image so-widget-sow-image-default-8b5b6f678277-14039\"\n\t\t\t\n\t\t>\n\n<div class=\"sow-image-container\">\n\t\t<img decoding=\"async\" src=\"https:\/\/www.allthingsstone.com\/ca-fr\/wp-content\/uploads\/sites\/12\/2017\/08\/Isopanel-Outdoor-Kitchen-Panel.png\" width=\"250\" height=\"250\" srcset=\"https:\/\/www.allthingsstone.com\/ca-fr\/wp-content\/uploads\/sites\/12\/2017\/08\/Isopanel-Outdoor-Kitchen-Panel.png 250w, https:\/\/www.allthingsstone.com\/ca-fr\/wp-content\/uploads\/sites\/12\/2017\/08\/Isopanel-Outdoor-Kitchen-Panel-150x150.png 150w\" sizes=\"auto, (max-width: 250px) 100vw, 250px\" title=\"Isopanel Outdoor Kitchen &#8211; Panel\" alt=\"\" loading=\"lazy\" \t\tclass=\"so-widget-image\"\/>\n\t<\/div>\n\n<\/div><\/div><div id=\"panel-14039-1-0-1\" class=\"so-panel widget widget_sow-editor panel-last-child\" data-index=\"2\" ><div\n\t\t\t\n\t\t\tclass=\"so-widget-sow-editor so-widget-sow-editor-base\"\n\t\t\t\n\t\t>\n<div class=\"siteorigin-widget-tinymce textwidget\">\n\t<h6>Panneaux Isokern<\/h6>\n<p>Cr\u00e9er une cuisine ext\u00e9rieure est plus facile que jamais gr\u00e2ce aux panneaux Isokern. Personnalisez votre cuisine ext\u00e9rieure selon vos besoins\u00a0: forme en \u00ab\u00a0L\u00a0\u00bb ou cuisine lin\u00e9aire de\u00a08 ou\u00a010\u00a0pieds. Chaque panneau p\u00e8se seulement 100\u00a0lb et peut donc \u00eatre d\u00e9plac\u00e9 facilement pendant l\u2019assemblage de votre nouvelle cuisine modulaire Isopanel.<\/p>\n<ul>\n<li><span style=\"text-decoration: underline\"><u>Caract\u00e9ristiques<\/u><\/span>\u00a0:\u00a0<\/li>\n<li>- Largeur\u00a0: 24 po<\/li>\n<li>- Hauteur\u00a0: 34 po<\/li>\n<li>- Profondeur\u00a0: 3 po<\/li>\n<li><\/li>\n<\/ul>\n<\/div>\n<\/div><\/div><\/div><div id=\"pgc-14039-1-1\"  class=\"panel-grid-cell\" ><div id=\"panel-14039-1-1-0\" class=\"so-panel widget widget_sow-image panel-first-child\" data-index=\"3\" ><div\n\t\t\t\n\t\t\tclass=\"so-widget-sow-image so-widget-sow-image-default-8b5b6f678277-14039\"\n\t\t\t\n\t\t>\n\n<div class=\"sow-image-container\">\n\t\t<img decoding=\"async\" src=\"https:\/\/www.allthingsstone.com\/ca-fr\/wp-content\/uploads\/sites\/12\/2017\/08\/Isopanel-Outdoor-Kitchen-Clips.png\" width=\"250\" height=\"250\" srcset=\"https:\/\/www.allthingsstone.com\/ca-fr\/wp-content\/uploads\/sites\/12\/2017\/08\/Isopanel-Outdoor-Kitchen-Clips.png 250w, https:\/\/www.allthingsstone.com\/ca-fr\/wp-content\/uploads\/sites\/12\/2017\/08\/Isopanel-Outdoor-Kitchen-Clips-150x150.png 150w\" sizes=\"auto, (max-width: 250px) 100vw, 250px\" title=\"Isopanel Outdoor Kitchen &#8211; Clips\" alt=\"\" loading=\"lazy\" \t\tclass=\"so-widget-image\"\/>\n\t<\/div>\n\n<\/div><\/div><div id=\"panel-14039-1-1-1\" class=\"so-panel widget widget_sow-editor panel-last-child\" data-index=\"4\" ><div\n\t\t\t\n\t\t\tclass=\"so-widget-sow-editor so-widget-sow-editor-base\"\n\t\t\t\n\t\t>\n<div class=\"siteorigin-widget-tinymce textwidget\">\n\t<h6>Attaches Isokern<\/h6>\n<p>Glissez l\u2019attache appropri\u00e9e sur la jonction de deux panneaux adjacents pour les maintenir ensemble lors de l\u2019application du mortier.<\/p>\n<ul>\n<li><span style=\"text-decoration: underline\">Options:<\/span><\/li>\n<li>- Droite<\/li>\n<li>- 45\u2070<\/li>\n<li>- Attache en \u00ab\u00a0T\u00a0\u00bb<\/li>\n<li>- 90\u2070<\/li>\n<\/ul>\n<\/div>\n<\/div><\/div><\/div><div id=\"pgc-14039-1-2\"  class=\"panel-grid-cell\" ><div id=\"panel-14039-1-2-0\" class=\"so-panel widget widget_sow-image panel-first-child\" data-index=\"5\" ><div\n\t\t\t\n\t\t\tclass=\"so-widget-sow-image so-widget-sow-image-default-8b5b6f678277-14039\"\n\t\t\t\n\t\t>\n\n<div class=\"sow-image-container\">\n\t\t<img decoding=\"async\" src=\"https:\/\/www.allthingsstone.com\/ca-fr\/wp-content\/uploads\/sites\/12\/2017\/11\/Isokern-Earthcore-Adhesive-Mortar-2.png\" width=\"250\" height=\"250\" srcset=\"https:\/\/www.allthingsstone.com\/ca-fr\/wp-content\/uploads\/sites\/12\/2017\/11\/Isokern-Earthcore-Adhesive-Mortar-2.png 250w, https:\/\/www.allthingsstone.com\/ca-fr\/wp-content\/uploads\/sites\/12\/2017\/11\/Isokern-Earthcore-Adhesive-Mortar-2-150x150.png 150w\" sizes=\"auto, (max-width: 250px) 100vw, 250px\" title=\"Isokern Earthcore Adhesive Mortar (2)\" alt=\"\" loading=\"lazy\" \t\tclass=\"so-widget-image\"\/>\n\t<\/div>\n\n<\/div><\/div><div id=\"panel-14039-1-2-1\" class=\"so-panel widget widget_sow-editor panel-last-child\" data-index=\"6\" ><div\n\t\t\t\n\t\t\tclass=\"so-widget-sow-editor so-widget-sow-editor-base\"\n\t\t\t\n\t\t>\n<div class=\"siteorigin-widget-tinymce textwidget\">\n\t<h6>Mortier adh\u00e9sif Earthcore<sup>\u00ae<\/sup><\/h6>\n<p>Le mortier adh\u00e9sif est con\u00e7u pour lier les panneaux entre eux et au plancher. Une truelle peut \u00eatre utilis\u00e9e pour l\u2019application initiale. Une fois la \u00ab\u00a0base\u00a0\u00bb de la cuisine install\u00e9e, le sac de mortier jetable peut \u00eatre utilis\u00e9 pour remplir les espaces entre les panneaux.<\/p>\n<\/div>\n<\/div><\/div><\/div><\/div><div id=\"pg-14039-2\"  class=\"panel-grid panel-no-style\" ><div id=\"pgc-14039-2-0\"  class=\"panel-grid-cell\" ><div id=\"panel-14039-2-0-0\" class=\"so-panel widget widget_sow-editor panel-first-child panel-last-child\" data-index=\"7\" ><div\n\t\t\t\n\t\t\tclass=\"so-widget-sow-editor so-widget-sow-editor-base\"\n\t\t\t\n\t\t><h3 class=\"widget-title\">Disposition standard<\/h3>\n<div class=\"siteorigin-widget-tinymce textwidget\">\n\t<\/div>\n<\/div><\/div><\/div><\/div><div id=\"pg-14039-3\"  class=\"panel-grid panel-no-style\" ><div id=\"pgc-14039-3-0\"  class=\"panel-grid-cell\" ><div id=\"panel-14039-3-0-0\" class=\"so-panel widget widget_sow-image panel-first-child panel-last-child\" data-index=\"8\" ><div\n\t\t\t\n\t\t\tclass=\"so-widget-sow-image so-widget-sow-image-default-8b5b6f678277-14039\"\n\t\t\t\n\t\t>\n\n<div class=\"sow-image-container\">\n\t\t<img decoding=\"async\" src=\"https:\/\/www.allthingsstone.com\/ca-fr\/wp-content\/uploads\/sites\/12\/2017\/08\/Earthcore\u00ae-Isopanel-Modular-Kitchens_8ft-linear.png\" width=\"500\" height=\"300\" srcset=\"https:\/\/www.allthingsstone.com\/ca-fr\/wp-content\/uploads\/sites\/12\/2017\/08\/Earthcore\u00ae-Isopanel-Modular-Kitchens_8ft-linear.png 500w, https:\/\/www.allthingsstone.com\/ca-fr\/wp-content\/uploads\/sites\/12\/2017\/08\/Earthcore\u00ae-Isopanel-Modular-Kitchens_8ft-linear-300x180.png 300w\" sizes=\"auto, (max-width: 500px) 100vw, 500px\" title=\"Earthcore\u00ae Isopanel Modular Kitchens_8ft linear\" alt=\"Earthcore\u00ae Isopanel Modular Kitchens_8ft linear\" loading=\"lazy\" \t\tclass=\"so-widget-image\"\/>\n\t<\/div>\n\n<\/div><\/div><\/div><div id=\"pgc-14039-3-1\"  class=\"panel-grid-cell\" ><div id=\"panel-14039-3-1-0\" class=\"so-panel widget widget_sow-image panel-first-child panel-last-child\" data-index=\"9\" ><div\n\t\t\t\n\t\t\tclass=\"so-widget-sow-image so-widget-sow-image-default-8b5b6f678277-14039\"\n\t\t\t\n\t\t>\n\n<div class=\"sow-image-container\">\n\t\t<img decoding=\"async\" src=\"https:\/\/www.allthingsstone.com\/ca-fr\/wp-content\/uploads\/sites\/12\/2017\/08\/Earthcore\u00ae-Isopanel-Modular-Kitchens_10ft-linear.png\" width=\"500\" height=\"300\" srcset=\"https:\/\/www.allthingsstone.com\/ca-fr\/wp-content\/uploads\/sites\/12\/2017\/08\/Earthcore\u00ae-Isopanel-Modular-Kitchens_10ft-linear.png 500w, https:\/\/www.allthingsstone.com\/ca-fr\/wp-content\/uploads\/sites\/12\/2017\/08\/Earthcore\u00ae-Isopanel-Modular-Kitchens_10ft-linear-300x180.png 300w\" sizes=\"auto, (max-width: 500px) 100vw, 500px\" title=\"Earthcore\u00ae Isopanel Modular Kitchens_10ft linear\" alt=\"Earthcore\u00ae Isopanel Modular Kitchens_10ft linear\" loading=\"lazy\" \t\tclass=\"so-widget-image\"\/>\n\t<\/div>\n\n<\/div><\/div><\/div><div id=\"pgc-14039-3-2\"  class=\"panel-grid-cell\" ><div id=\"panel-14039-3-2-0\" class=\"so-panel widget widget_sow-image panel-first-child panel-last-child\" data-index=\"10\" ><div\n\t\t\t\n\t\t\tclass=\"so-widget-sow-image so-widget-sow-image-default-8b5b6f678277-14039\"\n\t\t\t\n\t\t>\n\n<div class=\"sow-image-container\">\n\t\t<img decoding=\"async\" src=\"https:\/\/www.allthingsstone.com\/ca-fr\/wp-content\/uploads\/sites\/12\/2017\/08\/Earthcore\u00ae-Isopanel-Modular-Kitchens_L-shaped.png\" width=\"500\" height=\"300\" srcset=\"https:\/\/www.allthingsstone.com\/ca-fr\/wp-content\/uploads\/sites\/12\/2017\/08\/Earthcore\u00ae-Isopanel-Modular-Kitchens_L-shaped.png 500w, https:\/\/www.allthingsstone.com\/ca-fr\/wp-content\/uploads\/sites\/12\/2017\/08\/Earthcore\u00ae-Isopanel-Modular-Kitchens_L-shaped-300x180.png 300w\" sizes=\"auto, (max-width: 500px) 100vw, 500px\" title=\"Earthcore\u00ae Isopanel Modular Kitchens_L shaped\" alt=\"Earthcore\u00ae Isopanel Modular Kitchens_L shaped\" loading=\"lazy\" \t\tclass=\"so-widget-image\"\/>\n\t<\/div>\n\n<\/div><\/div><\/div><\/div><div id=\"pg-14039-4\"  class=\"panel-grid panel-no-style\" ><div id=\"pgc-14039-4-0\"  class=\"panel-grid-cell\" ><div id=\"panel-14039-4-0-0\" class=\"so-panel widget widget_sow-image panel-first-child panel-last-child\" data-index=\"11\" ><div\n\t\t\t\n\t\t\tclass=\"so-widget-sow-image so-widget-sow-image-default-8b5b6f678277-14039\"\n\t\t\t\n\t\t>\n\n<div class=\"sow-image-container\">\n\t\t<img decoding=\"async\" src=\"https:\/\/www.allthingsstone.com\/ca-fr\/wp-content\/uploads\/sites\/12\/2017\/08\/Earthcore\u00ae-Isoven-Wood-Burning-Pizza-Oven-and-ISOPANEL-Modular-Kitchen_Brother-vs-Brother_fr-1.png\" width=\"1000\" height=\"1000\" srcset=\"https:\/\/www.allthingsstone.com\/ca-fr\/wp-content\/uploads\/sites\/12\/2017\/08\/Earthcore\u00ae-Isoven-Wood-Burning-Pizza-Oven-and-ISOPANEL-Modular-Kitchen_Brother-vs-Brother_fr-1.png 1000w, https:\/\/www.allthingsstone.com\/ca-fr\/wp-content\/uploads\/sites\/12\/2017\/08\/Earthcore\u00ae-Isoven-Wood-Burning-Pizza-Oven-and-ISOPANEL-Modular-Kitchen_Brother-vs-Brother_fr-1-300x300.png 300w, https:\/\/www.allthingsstone.com\/ca-fr\/wp-content\/uploads\/sites\/12\/2017\/08\/Earthcore\u00ae-Isoven-Wood-Burning-Pizza-Oven-and-ISOPANEL-Modular-Kitchen_Brother-vs-Brother_fr-1-150x150.png 150w, https:\/\/www.allthingsstone.com\/ca-fr\/wp-content\/uploads\/sites\/12\/2017\/08\/Earthcore\u00ae-Isoven-Wood-Burning-Pizza-Oven-and-ISOPANEL-Modular-Kitchen_Brother-vs-Brother_fr-1-768x768.png 768w, https:\/\/www.allthingsstone.com\/ca-fr\/wp-content\/uploads\/sites\/12\/2017\/08\/Earthcore\u00ae-Isoven-Wood-Burning-Pizza-Oven-and-ISOPANEL-Modular-Kitchen_Brother-vs-Brother_fr-1-600x600.png 600w, https:\/\/www.allthingsstone.com\/ca-fr\/wp-content\/uploads\/sites\/12\/2017\/08\/Earthcore\u00ae-Isoven-Wood-Burning-Pizza-Oven-and-ISOPANEL-Modular-Kitchen_Brother-vs-Brother_fr-1-100x100.png 100w\" sizes=\"auto, (max-width: 1000px) 100vw, 1000px\" title=\"Earthcore\u00ae Iso\u2019ven Wood Burning Pizza Oven and ISOPANEL Modular Kitchen_Brother vs Brother\" alt=\"Earthcore\u00ae Iso\u2019ven Wood Burning Pizza Oven and ISOPANEL Modular Kitchen_Brother vs Brother\" loading=\"lazy\" \t\tclass=\"so-widget-image\"\/>\n\t<\/div>\n\n<\/div><\/div><\/div><div id=\"pgc-14039-4-1\"  class=\"panel-grid-cell\" ><div id=\"panel-14039-4-1-0\" class=\"so-panel widget widget_sow-image panel-first-child panel-last-child\" data-index=\"12\" ><div\n\t\t\t\n\t\t\tclass=\"so-widget-sow-image so-widget-sow-image-default-8b5b6f678277-14039\"\n\t\t\t\n\t\t>\n\n<div class=\"sow-image-container\">\n\t\t<img decoding=\"async\" src=\"https:\/\/www.allthingsstone.com\/ca-fr\/wp-content\/uploads\/sites\/12\/2017\/08\/Earthcore\u00ae-Isoven-Wood-Burning-Pizza-Oven-and-ISOPANEL-Modular-Kitchen_Brother-vs-Brother_fr-2.png\" width=\"1000\" height=\"1000\" srcset=\"https:\/\/www.allthingsstone.com\/ca-fr\/wp-content\/uploads\/sites\/12\/2017\/08\/Earthcore\u00ae-Isoven-Wood-Burning-Pizza-Oven-and-ISOPANEL-Modular-Kitchen_Brother-vs-Brother_fr-2.png 1000w, https:\/\/www.allthingsstone.com\/ca-fr\/wp-content\/uploads\/sites\/12\/2017\/08\/Earthcore\u00ae-Isoven-Wood-Burning-Pizza-Oven-and-ISOPANEL-Modular-Kitchen_Brother-vs-Brother_fr-2-300x300.png 300w, https:\/\/www.allthingsstone.com\/ca-fr\/wp-content\/uploads\/sites\/12\/2017\/08\/Earthcore\u00ae-Isoven-Wood-Burning-Pizza-Oven-and-ISOPANEL-Modular-Kitchen_Brother-vs-Brother_fr-2-150x150.png 150w, https:\/\/www.allthingsstone.com\/ca-fr\/wp-content\/uploads\/sites\/12\/2017\/08\/Earthcore\u00ae-Isoven-Wood-Burning-Pizza-Oven-and-ISOPANEL-Modular-Kitchen_Brother-vs-Brother_fr-2-768x768.png 768w, https:\/\/www.allthingsstone.com\/ca-fr\/wp-content\/uploads\/sites\/12\/2017\/08\/Earthcore\u00ae-Isoven-Wood-Burning-Pizza-Oven-and-ISOPANEL-Modular-Kitchen_Brother-vs-Brother_fr-2-600x600.png 600w, https:\/\/www.allthingsstone.com\/ca-fr\/wp-content\/uploads\/sites\/12\/2017\/08\/Earthcore\u00ae-Isoven-Wood-Burning-Pizza-Oven-and-ISOPANEL-Modular-Kitchen_Brother-vs-Brother_fr-2-100x100.png 100w\" sizes=\"auto, (max-width: 1000px) 100vw, 1000px\" title=\"Earthcore\u00ae Iso\u2019ven Wood Burning Pizza Oven and ISOPANEL Modular Kitchen_Brother vs Brother\" alt=\"Earthcore\u00ae Iso\u2019ven Wood Burning Pizza Oven and ISOPANEL Modular Kitchen_Brother vs Brother\" loading=\"lazy\" \t\tclass=\"so-widget-image\"\/>\n\t<\/div>\n\n<\/div><\/div><\/div><\/div><div id=\"pg-14039-5\"  class=\"panel-grid panel-no-style\" ><div id=\"pgc-14039-5-0\"  class=\"panel-grid-cell\" ><div id=\"panel-14039-5-0-0\" class=\"so-panel widget widget_sow-image panel-first-child\" data-index=\"13\" ><div\n\t\t\t\n\t\t\tclass=\"so-widget-sow-image so-widget-sow-image-default-c67d20f9f743-14039\"\n\t\t\t\n\t\t>\n\n<div class=\"sow-image-container\">\n\t\t<img decoding=\"async\" src=\"https:\/\/www.allthingsstone.com\/ca-fr\/wp-content\/uploads\/sites\/12\/2017\/08\/Earthcore-Isopanel-Modular-Kitchens.png\" width=\"800\" height=\"500\" srcset=\"https:\/\/www.allthingsstone.com\/ca-fr\/wp-content\/uploads\/sites\/12\/2017\/08\/Earthcore-Isopanel-Modular-Kitchens.png 800w, https:\/\/www.allthingsstone.com\/ca-fr\/wp-content\/uploads\/sites\/12\/2017\/08\/Earthcore-Isopanel-Modular-Kitchens-300x188.png 300w, https:\/\/www.allthingsstone.com\/ca-fr\/wp-content\/uploads\/sites\/12\/2017\/08\/Earthcore-Isopanel-Modular-Kitchens-768x480.png 768w, https:\/\/www.allthingsstone.com\/ca-fr\/wp-content\/uploads\/sites\/12\/2017\/08\/Earthcore-Isopanel-Modular-Kitchens-600x375.png 600w\" sizes=\"auto, (max-width: 800px) 100vw, 800px\" title=\"Earthcore Isopanel Modular Kitchens\" alt=\"Earthcore Isopanel Modular Kitchens\" loading=\"lazy\" \t\tclass=\"so-widget-image\"\/>\n\t<\/div>\n\n<\/div><\/div><div id=\"panel-14039-5-0-1\" class=\"so-panel widget widget_sow-editor panel-last-child\" data-index=\"14\" ><div\n\t\t\t\n\t\t\tclass=\"so-widget-sow-editor so-widget-sow-editor-base\"\n\t\t\t\n\t\t>\n<div class=\"siteorigin-widget-tinymce textwidget\">\n\t<p>Canadian Stone Industries (CSI) est le distributeur exclusif d\u2019Isokern de Earthcore<sup>\u00ae<\/sup>\u00a0au Canada. Cliquez sur\u00a0<strong><a href=\"https:\/\/www.allthingsstone.com\/ca-fr\/ou-acheter\/\">O\u00f9 acheter<\/a><\/strong>\u00a0pour trouver un d\u00e9taillant agr\u00e9\u00e9 d\u2019Isokern de Earthcore<sup>\u00ae<\/sup>\u00a0pr\u00e8s de chez vous.<\/p>\n<\/div>\n<\/div><\/div><\/div><\/div><\/div>","protected":false},"excerpt":{"rendered":"<p>Earthcore\u00ae a simplifi\u00e9 le montage de la cuisine ext\u00e9rieure traditionnelle pour un assemblage rapide, une meilleure abordabilit\u00e9 et une personnalisation compl\u00e8te. La cuisine modulaire Isopanel &hellip; <a href=\"https:\/\/www.allthingsstone.com\/ca-fr\/product\/cuisine-modulaire-isopanel-de-earthcore\/\">Continued<\/a><\/p>\n","protected":false},"featured_media":15689,"comment_status":"open","ping_status":"closed","template":"","meta":{"inline_featured_image":false,"_mi_skip_tracking":false,"_exactmetrics_sitenote_active":false,"_exactmetrics_sitenote_note":"","_exactmetrics_sitenote_category":0},"product_cat":[6534],"product_tag":[6567],"class_list":["post-14039","product","type-product","status-publish","has-post-thumbnail","hentry","product_cat-systemes-de-foyers-et-vie-exterieure","product_tag-eathcore-modular-kitchen-options","brands-cuisines-modulaires-exterieures","single_resource-earthcore-isopanel-modular-kitchens"],"acf":[],"yoast_head":"<!-- This site is optimized with the Yoast SEO Premium plugin v21.6 (Yoast SEO v21.6) - https:\/\/yoast.com\/wordpress\/plugins\/seo\/ -->\n<title>Cuisine modulaire Isopanel | CSI - All Things Stone CAN-FR<\/title>\n<meta name=\"description\" content=\"La cuisine modulaire Isopanel de Earthcore\u00ae vous permet d\u2019installer une cuisine enti\u00e8re en moins d\u2019un jour!Cr\u00e9er une magnifique cuisine ext\u00e9rieure \u00e0 la fois durable et pratique est plus facile que jamais gr\u00e2ce aux panneaux et attaches Isokern.\" \/>\n<meta name=\"robots\" content=\"index, follow, max-snippet:-1, max-image-preview:large, max-video-preview:-1\" \/>\n<link rel=\"canonical\" href=\"https:\/\/www.allthingsstone.com\/ca-fr\/product\/cuisine-modulaire-isopanel-de-earthcore\/\" \/>\n<meta property=\"og:locale\" content=\"en_US\" \/>\n<meta property=\"og:type\" content=\"article\" \/>\n<meta property=\"og:title\" content=\"Outdoor Kitchen - Earthcore Isokern\" \/>\n<meta property=\"og:description\" content=\"La cuisine modulaire Isopanel de Earthcore\u00ae vous permet d\u2019installer une cuisine enti\u00e8re en moins d\u2019un jour!Cr\u00e9er une magnifique cuisine ext\u00e9rieure \u00e0 la fois durable et pratique est plus facile que jamais gr\u00e2ce aux panneaux et attaches Isokern.\" \/>\n<meta property=\"og:url\" content=\"https:\/\/www.allthingsstone.com\/ca-fr\/product\/cuisine-modulaire-isopanel-de-earthcore\/\" \/>\n<meta property=\"og:site_name\" content=\"CSI - Canadian Stone Industries FR\" \/>\n<meta property=\"article:modified_time\" content=\"2021-04-20T19:46:37+00:00\" \/>\n<meta property=\"og:image\" content=\"https:\/\/www.allthingsstone.com\/ca-fr\/wp-content\/uploads\/sites\/12\/2017\/08\/Earthcore-Isopanel-Modular-Kitchen.png\" \/>\n\t<meta property=\"og:image:width\" content=\"459\" \/>\n\t<meta property=\"og:image:height\" content=\"339\" \/>\n\t<meta property=\"og:image:type\" content=\"image\/png\" \/>\n<meta name=\"twitter:card\" content=\"summary_large_image\" \/>\n<meta name=\"twitter:label1\" content=\"Est. reading time\" \/>\n\t<meta name=\"twitter:data1\" content=\"2 minutes\" \/>\n<script type=\"application\/ld+json\" class=\"yoast-schema-graph\">{\"@context\":\"https:\/\/schema.org\",\"@graph\":[{\"@type\":\"WebPage\",\"@id\":\"https:\/\/www.allthingsstone.com\/ca-fr\/product\/cuisine-modulaire-isopanel-de-earthcore\/\",\"url\":\"https:\/\/www.allthingsstone.com\/ca-fr\/product\/cuisine-modulaire-isopanel-de-earthcore\/\",\"name\":\"Cuisine modulaire Isopanel | CSI - All Things Stone CAN-FR\",\"isPartOf\":{\"@id\":\"https:\/\/www.allthingsstone.com\/ca-fr\/#website\"},\"datePublished\":\"2017-08-11T01:34:26+00:00\",\"dateModified\":\"2021-04-20T19:46:37+00:00\",\"description\":\"La cuisine modulaire Isopanel de Earthcore\u00ae vous permet d\u2019installer une cuisine enti\u00e8re en moins d\u2019un jour!Cr\u00e9er une magnifique cuisine ext\u00e9rieure \u00e0 la fois durable et pratique est plus facile que jamais gr\u00e2ce aux panneaux et attaches Isokern.\",\"breadcrumb\":{\"@id\":\"https:\/\/www.allthingsstone.com\/ca-fr\/product\/cuisine-modulaire-isopanel-de-earthcore\/#breadcrumb\"},\"inLanguage\":\"en-CA\",\"potentialAction\":[{\"@type\":\"ReadAction\",\"target\":[\"https:\/\/www.allthingsstone.com\/ca-fr\/product\/cuisine-modulaire-isopanel-de-earthcore\/\"]}]},{\"@type\":\"BreadcrumbList\",\"@id\":\"https:\/\/www.allthingsstone.com\/ca-fr\/product\/cuisine-modulaire-isopanel-de-earthcore\/#breadcrumb\",\"itemListElement\":[{\"@type\":\"ListItem\",\"position\":1,\"name\":\"Home\",\"item\":\"https:\/\/www.allthingsstone.com\/ca-fr\/\"},{\"@type\":\"ListItem\",\"position\":2,\"name\":\"Outdoor Kitchen &#8211; Earthcore Isokern\"}]},{\"@type\":\"WebSite\",\"@id\":\"https:\/\/www.allthingsstone.com\/ca-fr\/#website\",\"url\":\"https:\/\/www.allthingsstone.com\/ca-fr\/\",\"name\":\"CSI - Canadian Stone Industries FR\",\"description\":\"\",\"potentialAction\":[{\"@type\":\"SearchAction\",\"target\":{\"@type\":\"EntryPoint\",\"urlTemplate\":\"https:\/\/www.allthingsstone.com\/ca-fr\/?s={search_term_string}\"},\"query-input\":\"required name=search_term_string\"}],\"inLanguage\":\"en-CA\"}]}<\/script>\n<!-- \/ Yoast SEO Premium plugin. -->","yoast_head_json":{"title":"Cuisine modulaire Isopanel | CSI - All Things Stone CAN-FR","description":"La cuisine modulaire Isopanel de Earthcore\u00ae vous permet d\u2019installer une cuisine enti\u00e8re en moins d\u2019un jour!Cr\u00e9er une magnifique cuisine ext\u00e9rieure \u00e0 la fois durable et pratique est plus facile que jamais gr\u00e2ce aux panneaux et attaches Isokern.","robots":{"index":"index","follow":"follow","max-snippet":"max-snippet:-1","max-image-preview":"max-image-preview:large","max-video-preview":"max-video-preview:-1"},"canonical":"https:\/\/www.allthingsstone.com\/ca-fr\/product\/cuisine-modulaire-isopanel-de-earthcore\/","og_locale":"en_US","og_type":"article","og_title":"Outdoor Kitchen - Earthcore Isokern","og_description":"La cuisine modulaire Isopanel de Earthcore\u00ae vous permet d\u2019installer une cuisine enti\u00e8re en moins d\u2019un jour!Cr\u00e9er une magnifique cuisine ext\u00e9rieure \u00e0 la fois durable et pratique est plus facile que jamais gr\u00e2ce aux panneaux et attaches Isokern.","og_url":"https:\/\/www.allthingsstone.com\/ca-fr\/product\/cuisine-modulaire-isopanel-de-earthcore\/","og_site_name":"CSI - Canadian Stone Industries FR","article_modified_time":"2021-04-20T19:46:37+00:00","og_image":[{"width":459,"height":339,"url":"https:\/\/www.allthingsstone.com\/ca-fr\/wp-content\/uploads\/sites\/12\/2017\/08\/Earthcore-Isopanel-Modular-Kitchen.png","type":"image\/png"}],"twitter_card":"summary_large_image","twitter_misc":{"Est. reading time":"2 minutes"},"schema":{"@context":"https:\/\/schema.org","@graph":[{"@type":"WebPage","@id":"https:\/\/www.allthingsstone.com\/ca-fr\/product\/cuisine-modulaire-isopanel-de-earthcore\/","url":"https:\/\/www.allthingsstone.com\/ca-fr\/product\/cuisine-modulaire-isopanel-de-earthcore\/","name":"Cuisine modulaire Isopanel | CSI - All Things Stone CAN-FR","isPartOf":{"@id":"https:\/\/www.allthingsstone.com\/ca-fr\/#website"},"datePublished":"2017-08-11T01:34:26+00:00","dateModified":"2021-04-20T19:46:37+00:00","description":"La cuisine modulaire Isopanel de Earthcore\u00ae vous permet d\u2019installer une cuisine enti\u00e8re en moins d\u2019un jour!Cr\u00e9er une magnifique cuisine ext\u00e9rieure \u00e0 la fois durable et pratique est plus facile que jamais gr\u00e2ce aux panneaux et attaches Isokern.","breadcrumb":{"@id":"https:\/\/www.allthingsstone.com\/ca-fr\/product\/cuisine-modulaire-isopanel-de-earthcore\/#breadcrumb"},"inLanguage":"en-CA","potentialAction":[{"@type":"ReadAction","target":["https:\/\/www.allthingsstone.com\/ca-fr\/product\/cuisine-modulaire-isopanel-de-earthcore\/"]}]},{"@type":"BreadcrumbList","@id":"https:\/\/www.allthingsstone.com\/ca-fr\/product\/cuisine-modulaire-isopanel-de-earthcore\/#breadcrumb","itemListElement":[{"@type":"ListItem","position":1,"name":"Home","item":"https:\/\/www.allthingsstone.com\/ca-fr\/"},{"@type":"ListItem","position":2,"name":"Outdoor Kitchen &#8211; Earthcore Isokern"}]},{"@type":"WebSite","@id":"https:\/\/www.allthingsstone.com\/ca-fr\/#website","url":"https:\/\/www.allthingsstone.com\/ca-fr\/","name":"CSI - Canadian Stone Industries FR","description":"","potentialAction":[{"@type":"SearchAction","target":{"@type":"EntryPoint","urlTemplate":"https:\/\/www.allthingsstone.com\/ca-fr\/?s={search_term_string}"},"query-input":"required name=search_term_string"}],"inLanguage":"en-CA"}]}},"_links":{"self":[{"href":"https:\/\/www.allthingsstone.com\/ca-fr\/wp-json\/wp\/v2\/product\/14039","targetHints":{"allow":["GET"]}}],"collection":[{"href":"https:\/\/www.allthingsstone.com\/ca-fr\/wp-json\/wp\/v2\/product"}],"about":[{"href":"https:\/\/www.allthingsstone.com\/ca-fr\/wp-json\/wp\/v2\/types\/product"}],"replies":[{"embeddable":true,"href":"https:\/\/www.allthingsstone.com\/ca-fr\/wp-json\/wp\/v2\/comments?post=14039"}],"wp:featuredmedia":[{"embeddable":true,"href":"https:\/\/www.allthingsstone.com\/ca-fr\/wp-json\/wp\/v2\/media\/15689"}],"wp:attachment":[{"href":"https:\/\/www.allthingsstone.com\/ca-fr\/wp-json\/wp\/v2\/media?parent=14039"}],"wp:term":[{"taxonomy":"product_cat","embeddable":true,"href":"https:\/\/www.allthingsstone.com\/ca-fr\/wp-json\/wp\/v2\/product_cat?post=14039"},{"taxonomy":"product_tag","embeddable":true,"href":"https:\/\/www.allthingsstone.com\/ca-fr\/wp-json\/wp\/v2\/product_tag?post=14039"}],"curies":[{"name":"wp","href":"https:\/\/api.w.org\/{rel}","templated":true}]}}