{"id":14038,"date":"2017-08-10T21:38:11","date_gmt":"2017-08-11T01:38:11","guid":{"rendered":"http:\/\/www.allthingsstone.com\/ca-fr\/product\/cheminee-en-maconnerie-disokern-de-earthcore\/"},"modified":"2022-03-18T12:28:04","modified_gmt":"2022-03-18T16:28:04","slug":"cheminee-en-maconnerie-disokern-de-earthcore","status":"publish","type":"product","link":"https:\/\/www.allthingsstone.com\/ca-fr\/product\/cheminee-en-maconnerie-disokern-de-earthcore\/","title":{"rendered":"Masonry Chimney &#8211; Earthcore Isokern"},"content":{"rendered":"<div id=\"pl-14038\"  class=\"panel-layout\" ><div id=\"pg-14038-0\"  class=\"panel-grid panel-no-style\" ><div id=\"pgc-14038-0-0\"  class=\"panel-grid-cell\" ><div id=\"panel-14038-0-0-0\" class=\"so-panel widget widget_sow-editor panel-first-child panel-last-child\" data-index=\"0\" ><div\n\t\t\t\n\t\t\tclass=\"so-widget-sow-editor so-widget-sow-editor-base\"\n\t\t\t\n\t\t><h3 class=\"widget-title\">Syst\u00e8me de chemin\u00e9e \u00e0 module double (DM54) Isokern<\/h3>\n<div class=\"siteorigin-widget-tinymce textwidget\">\n\t<p>La chemin\u00e9e en ma\u00e7onnerie d\u2019Isokern de Earthcore<sup>\u00ae<\/sup> est d\u00e9sign\u00e9e par le nom\u00a0: syst\u00e8me de chemin\u00e9e \u00e0 module double\u00a0DM54. Le syst\u00e8me de chemin\u00e9e\u00a0DM54 d\u2019Isokern est tr\u00e8s populaire et largement utilis\u00e9 en raison de sa r\u00e9sistance \u00e0 l\u2019usure. Le syst\u00e8me de chemin\u00e9e en ma\u00e7onnerie a servi \u00e0 la ventilation de maisons et d\u2019\u00e9difices pr\u00e8s du cercle polaire depuis des d\u00e9cennies. Au cours des 25\u00a0derni\u00e8res ann\u00e9es, les syst\u00e8mes de chemin\u00e9e Isokern ont permis de ventiler plus de\u00a0155\u00a0millions de m\u00e8tres de conduits de chemin\u00e9e en Am\u00e9rique du Nord.<\/p>\n<p>Le syst\u00e8me de chemin\u00e9e\u00a0DM54 peut atteindre 14\u00a0po de diam\u00e8tre; il peut \u00eatre utilis\u00e9 avec les foyers Isokern de plus grands formats, comme ceux de\u00a042 \u00e0\u00a046\u00a0po de la <a href=\"https:\/\/www.allthingsstone.com\/ca-fr\/product\/standard-series-earthcore-isokern\/\">s\u00e9rie Standard<\/a> et ceux de\u00a036 \u00e0\u00a072\u00a0po de la <a href=\"https:\/\/www.allthingsstone.com\/ca-fr\/product\/magnum-series-earthcore-isokern\/\">s\u00e9rie Magnum<\/a>. Contrairement aux syst\u00e8mes de chemin\u00e9e de conception traditionnelle en ma\u00e7onnerie ou modulaire en b\u00e9ton avec souches de chemin\u00e9e en acier ou en m\u00e9tal, le syst\u00e8me de chemin\u00e9e\u00a0DM54 Isokern est con\u00e7u pour \u00eatre durable \u00e0 vie \u2013 il r\u00e9siste \u00e0 la fissuration, la d\u00e9viation et l\u2019oxydation.<\/p>\n<p>Dot\u00e9 d\u2019un boisseau int\u00e9rieur et d\u2019un bo\u00eetier ext\u00e9rieur, le syst\u00e8me de chemin\u00e9e\u00a0DM54, qui repose sur des composants, est le seul syst\u00e8me de chemin\u00e9e enti\u00e8rement en ma\u00e7onnerie mis \u00e0 l\u2019essai et conforme aux normes\u00a0UL103HT (haute temp\u00e9rature). La conception modulaire double permet des installations l\u00e9g\u00e8res de type ma\u00e7onnerie plus diversifi\u00e9es. Chaque composant est fabriqu\u00e9 \u00e0 rainure et languette avec joints d\u00e9cal\u00e9s, ce qui assure un meilleur ajustement pour une s\u00e9curit\u00e9 accrue et une installation uniforme. De plus, le syst\u00e8me de chemin\u00e9e\u00a0DM54 pr\u00e9sente un d\u00e9gagement nul, ce qui en fait le syst\u00e8me d\u2019\u00e9vacuation le plus facile \u00e0 installer.<\/p>\n<p>Les produits ci-dessous sont offerts pour la construction d\u2019un syst\u00e8me de chemin\u00e9e en ma\u00e7onnerie\u00a0DM54 personnalis\u00e9\u00a0:<\/p>\n<\/div>\n<\/div><\/div><\/div><\/div><div id=\"pg-14038-1\"  class=\"panel-grid panel-no-style\" ><div id=\"pgc-14038-1-0\"  class=\"panel-grid-cell\" ><div id=\"panel-14038-1-0-0\" class=\"so-panel widget widget_sow-editor panel-first-child panel-last-child\" data-index=\"1\" ><div\n\t\t\t\n\t\t\tclass=\"so-widget-sow-editor so-widget-sow-editor-base\"\n\t\t\t\n\t\t>\n<div class=\"siteorigin-widget-tinymce textwidget\">\n\t<h5>Produits offerts :\u00a0<\/h5>\n<\/div>\n<\/div><\/div><\/div><\/div><div id=\"pg-14038-2\"  class=\"panel-grid panel-no-style\" ><div id=\"pgc-14038-2-0\"  class=\"panel-grid-cell\" ><div id=\"panel-14038-2-0-0\" class=\"so-panel widget widget_sow-image panel-first-child\" data-index=\"2\" ><div\n\t\t\t\n\t\t\tclass=\"so-widget-sow-image so-widget-sow-image-default-4e6925654b7a-14038\"\n\t\t\t\n\t\t>\n\n<div class=\"sow-image-container\">\n\t\t<img decoding=\"async\" src=\"https:\/\/www.allthingsstone.com\/ca-fr\/wp-content\/uploads\/sites\/12\/2017\/08\/DM54-Outer-Casing-2.jpg\" width=\"250\" height=\"250\" srcset=\"https:\/\/www.allthingsstone.com\/ca-fr\/wp-content\/uploads\/sites\/12\/2017\/08\/DM54-Outer-Casing-2.jpg 250w, https:\/\/www.allthingsstone.com\/ca-fr\/wp-content\/uploads\/sites\/12\/2017\/08\/DM54-Outer-Casing-2-150x150.jpg 150w, https:\/\/www.allthingsstone.com\/ca-fr\/wp-content\/uploads\/sites\/12\/2017\/08\/DM54-Outer-Casing-2-120x120.jpg 120w, https:\/\/www.allthingsstone.com\/ca-fr\/wp-content\/uploads\/sites\/12\/2017\/08\/DM54-Outer-Casing-2-100x100.jpg 100w\" sizes=\"auto, (max-width: 250px) 100vw, 250px\" title=\"DM54 Outer Casing\" alt=\"DM54 Outer Casing\" loading=\"lazy\" \t\tclass=\"so-widget-image\"\/>\n\t<\/div>\n\n<\/div><\/div><div id=\"panel-14038-2-0-1\" class=\"so-panel widget widget_sow-image\" data-index=\"3\" ><div\n\t\t\t\n\t\t\tclass=\"so-widget-sow-image so-widget-sow-image-default-8b5b6f678277-14038\"\n\t\t\t\n\t\t>\n\n<div class=\"sow-image-container\">\n\t\t<img decoding=\"async\" src=\"https:\/\/www.allthingsstone.com\/ca-fr\/wp-content\/uploads\/sites\/12\/2017\/08\/Bloc-d\u00e9cal\u00e9-DM54-14-po-Isokern-DM54-Offset-14_-Block.png\" width=\"250\" height=\"250\" srcset=\"https:\/\/www.allthingsstone.com\/ca-fr\/wp-content\/uploads\/sites\/12\/2017\/08\/Bloc-d\u00e9cal\u00e9-DM54-14-po-Isokern-DM54-Offset-14_-Block.png 250w, https:\/\/www.allthingsstone.com\/ca-fr\/wp-content\/uploads\/sites\/12\/2017\/08\/Bloc-d\u00e9cal\u00e9-DM54-14-po-Isokern-DM54-Offset-14_-Block-150x150.png 150w\" sizes=\"auto, (max-width: 250px) 100vw, 250px\" title=\"Bloc d\u00e9cal\u00e9 DM54, 14 po &#8211; Isokern DM54 Offset 14_ Block\" alt=\"\" loading=\"lazy\" \t\tclass=\"so-widget-image\"\/>\n\t<\/div>\n\n<\/div><\/div><div id=\"panel-14038-2-0-2\" class=\"so-panel widget widget_sow-image panel-last-child\" data-index=\"4\" ><div\n\t\t\t\n\t\t\tclass=\"so-widget-sow-image so-widget-sow-image-default-8b5b6f678277-14038\"\n\t\t\t\n\t\t>\n\n<div class=\"sow-image-container\">\n\t\t<img decoding=\"async\" src=\"https:\/\/www.allthingsstone.com\/ca-fr\/wp-content\/uploads\/sites\/12\/2017\/08\/R\u00e9gulateur-de-tirage-du-haut-ISO-Flue-Isokern-DM54-ISO-Flue-Top-Damper.png\" width=\"250\" height=\"250\" srcset=\"https:\/\/www.allthingsstone.com\/ca-fr\/wp-content\/uploads\/sites\/12\/2017\/08\/R\u00e9gulateur-de-tirage-du-haut-ISO-Flue-Isokern-DM54-ISO-Flue-Top-Damper.png 250w, https:\/\/www.allthingsstone.com\/ca-fr\/wp-content\/uploads\/sites\/12\/2017\/08\/R\u00e9gulateur-de-tirage-du-haut-ISO-Flue-Isokern-DM54-ISO-Flue-Top-Damper-150x150.png 150w\" sizes=\"auto, (max-width: 250px) 100vw, 250px\" title=\"R\u00e9gulateur de tirage du haut ISO-Flue &#8211; Isokern DM54 ISO-Flue Top Damper\" alt=\"R\u00e9gulateur de tirage du haut ISO-Flue - Isokern DM54 ISO-Flue Top Damper\" loading=\"lazy\" \t\tclass=\"so-widget-image\"\/>\n\t<\/div>\n\n<\/div><\/div><\/div><div id=\"pgc-14038-2-1\"  class=\"panel-grid-cell\" ><div id=\"panel-14038-2-1-0\" class=\"so-panel widget widget_sow-image panel-first-child\" data-index=\"5\" ><div\n\t\t\t\n\t\t\tclass=\"so-widget-sow-image so-widget-sow-image-default-8b5b6f678277-14038\"\n\t\t\t\n\t\t>\n\n<div class=\"sow-image-container\">\n\t\t<img decoding=\"async\" src=\"https:\/\/www.allthingsstone.com\/ca-fr\/wp-content\/uploads\/sites\/12\/2017\/08\/Isokern-DM54-Flue-1-1.jpg\" width=\"250\" height=\"250\" srcset=\"https:\/\/www.allthingsstone.com\/ca-fr\/wp-content\/uploads\/sites\/12\/2017\/08\/Isokern-DM54-Flue-1-1.jpg 250w, https:\/\/www.allthingsstone.com\/ca-fr\/wp-content\/uploads\/sites\/12\/2017\/08\/Isokern-DM54-Flue-1-1-150x150.jpg 150w, https:\/\/www.allthingsstone.com\/ca-fr\/wp-content\/uploads\/sites\/12\/2017\/08\/Isokern-DM54-Flue-1-1-120x120.jpg 120w, https:\/\/www.allthingsstone.com\/ca-fr\/wp-content\/uploads\/sites\/12\/2017\/08\/Isokern-DM54-Flue-1-1-100x100.jpg 100w\" sizes=\"auto, (max-width: 250px) 100vw, 250px\" title=\"Isokern DM54 Flue\" alt=\"Isokern DM54 Flue\" loading=\"lazy\" \t\tclass=\"so-widget-image\"\/>\n\t<\/div>\n\n<\/div><\/div><div id=\"panel-14038-2-1-1\" class=\"so-panel widget widget_sow-image panel-last-child\" data-index=\"6\" ><div\n\t\t\t\n\t\t\tclass=\"so-widget-sow-image so-widget-sow-image-default-8b5b6f678277-14038\"\n\t\t\t\n\t\t>\n\n<div class=\"sow-image-container\">\n\t\t<img decoding=\"async\" src=\"https:\/\/www.allthingsstone.com\/ca-fr\/wp-content\/uploads\/sites\/12\/2017\/08\/Petite-plaque-de-couronnement-DM54-pour-le-stuc-Isokern-DM54-Small-Crown-Cap-for-Stucco.png\" width=\"250\" height=\"250\" srcset=\"https:\/\/www.allthingsstone.com\/ca-fr\/wp-content\/uploads\/sites\/12\/2017\/08\/Petite-plaque-de-couronnement-DM54-pour-le-stuc-Isokern-DM54-Small-Crown-Cap-for-Stucco.png 250w, https:\/\/www.allthingsstone.com\/ca-fr\/wp-content\/uploads\/sites\/12\/2017\/08\/Petite-plaque-de-couronnement-DM54-pour-le-stuc-Isokern-DM54-Small-Crown-Cap-for-Stucco-150x150.png 150w\" sizes=\"auto, (max-width: 250px) 100vw, 250px\" title=\"Petite plaque de couronnement DM54 pour le stuc &#8211; Isokern DM54 Small Crown Cap for Stucco\" alt=\"Petite plaque de couronnement DM54 pour le stuc - Isokern DM54 Small Crown Cap for Stucco\" loading=\"lazy\" \t\tclass=\"so-widget-image\"\/>\n\t<\/div>\n\n<\/div><\/div><\/div><div id=\"pgc-14038-2-2\"  class=\"panel-grid-cell\" ><div id=\"panel-14038-2-2-0\" class=\"so-panel widget widget_sow-image panel-first-child\" data-index=\"7\" ><div\n\t\t\t\n\t\t\tclass=\"so-widget-sow-image so-widget-sow-image-default-8b5b6f678277-14038\"\n\t\t\t\n\t\t>\n\n<div class=\"sow-image-container\">\n\t\t<img decoding=\"async\" src=\"https:\/\/www.allthingsstone.com\/ca-fr\/wp-content\/uploads\/sites\/12\/2017\/08\/Base-de-conduit-DM54-14-po-Isokern-DM54-Starter-Flue.png\" width=\"250\" height=\"250\" srcset=\"https:\/\/www.allthingsstone.com\/ca-fr\/wp-content\/uploads\/sites\/12\/2017\/08\/Base-de-conduit-DM54-14-po-Isokern-DM54-Starter-Flue.png 250w, https:\/\/www.allthingsstone.com\/ca-fr\/wp-content\/uploads\/sites\/12\/2017\/08\/Base-de-conduit-DM54-14-po-Isokern-DM54-Starter-Flue-150x150.png 150w\" sizes=\"auto, (max-width: 250px) 100vw, 250px\" title=\"Base de conduit DM54, 14 po &#8211; Isokern DM54 Starter Flue\" alt=\"Base de conduit DM54, 14 po - Isokern DM54 Starter Flue\" loading=\"lazy\" \t\tclass=\"so-widget-image\"\/>\n\t<\/div>\n\n<\/div><\/div><div id=\"panel-14038-2-2-1\" class=\"so-panel widget widget_sow-image panel-last-child\" data-index=\"8\" ><div\n\t\t\t\n\t\t\tclass=\"so-widget-sow-image so-widget-sow-image-default-8b5b6f678277-14038\"\n\t\t\t\n\t\t>\n\n<div class=\"sow-image-container\">\n\t\t<img decoding=\"async\" src=\"https:\/\/www.allthingsstone.com\/ca-fr\/wp-content\/uploads\/sites\/12\/2017\/08\/Grande-plaque-de-couronnement-DM54-pour-la-pierre-et-la-brique-Isokern-DM54-Large-Crown-Cap-for-Stone-FBrick.png\" width=\"250\" height=\"250\" srcset=\"https:\/\/www.allthingsstone.com\/ca-fr\/wp-content\/uploads\/sites\/12\/2017\/08\/Grande-plaque-de-couronnement-DM54-pour-la-pierre-et-la-brique-Isokern-DM54-Large-Crown-Cap-for-Stone-FBrick.png 250w, https:\/\/www.allthingsstone.com\/ca-fr\/wp-content\/uploads\/sites\/12\/2017\/08\/Grande-plaque-de-couronnement-DM54-pour-la-pierre-et-la-brique-Isokern-DM54-Large-Crown-Cap-for-Stone-FBrick-150x150.png 150w\" sizes=\"auto, (max-width: 250px) 100vw, 250px\" title=\"Grande plaque de couronnement DM54 pour la pierre et la brique &#8211; Isokern DM54 Large Crown Cap for Stone FBrick\" alt=\"Grande plaque de couronnement DM54 pour la pierre et la brique - Isokern DM54 Large Crown Cap for Stone FBrick\" loading=\"lazy\" \t\tclass=\"so-widget-image\"\/>\n\t<\/div>\n\n<\/div><\/div><\/div><div id=\"pgc-14038-2-3\"  class=\"panel-grid-cell\" ><div id=\"panel-14038-2-3-0\" class=\"so-panel widget widget_sow-image panel-first-child\" data-index=\"9\" ><div\n\t\t\t\n\t\t\tclass=\"so-widget-sow-image so-widget-sow-image-default-8b5b6f678277-14038\"\n\t\t\t\n\t\t>\n\n<div class=\"sow-image-container\">\n\t\t<img decoding=\"async\" src=\"https:\/\/www.allthingsstone.com\/ca-fr\/wp-content\/uploads\/sites\/12\/2017\/08\/Appui-de-brique-DM54-Isokern-DM54-Brick-Ledge.png\" width=\"250\" height=\"250\" srcset=\"https:\/\/www.allthingsstone.com\/ca-fr\/wp-content\/uploads\/sites\/12\/2017\/08\/Appui-de-brique-DM54-Isokern-DM54-Brick-Ledge.png 250w, https:\/\/www.allthingsstone.com\/ca-fr\/wp-content\/uploads\/sites\/12\/2017\/08\/Appui-de-brique-DM54-Isokern-DM54-Brick-Ledge-150x150.png 150w\" sizes=\"auto, (max-width: 250px) 100vw, 250px\" title=\"Appui de brique DM54 &#8211; Isokern DM54 Brick Ledge\" alt=\"Appui de brique DM54 - Isokern DM54 Brick Ledge\" loading=\"lazy\" \t\tclass=\"so-widget-image\"\/>\n\t<\/div>\n\n<\/div><\/div><div id=\"panel-14038-2-3-1\" class=\"so-panel widget widget_sow-image panel-last-child\" data-index=\"10\" ><div\n\t\t\t\n\t\t\tclass=\"so-widget-sow-image so-widget-sow-image-default-8b5b6f678277-14038\"\n\t\t\t\n\t\t>\n\n<div class=\"sow-image-container\">\n\t\t<img decoding=\"async\" src=\"https:\/\/www.allthingsstone.com\/ca-fr\/wp-content\/uploads\/sites\/12\/2017\/08\/Chapeau-de-pluie-pare-\u00e9tincelles-ISO-CAP-SPK-acier-inoxydable-Isokern-DM54-ISO-Cap-SPK-Arrestor-Rain-Cap-Stainless.png\" width=\"250\" height=\"250\" srcset=\"https:\/\/www.allthingsstone.com\/ca-fr\/wp-content\/uploads\/sites\/12\/2017\/08\/Chapeau-de-pluie-pare-\u00e9tincelles-ISO-CAP-SPK-acier-inoxydable-Isokern-DM54-ISO-Cap-SPK-Arrestor-Rain-Cap-Stainless.png 250w, https:\/\/www.allthingsstone.com\/ca-fr\/wp-content\/uploads\/sites\/12\/2017\/08\/Chapeau-de-pluie-pare-\u00e9tincelles-ISO-CAP-SPK-acier-inoxydable-Isokern-DM54-ISO-Cap-SPK-Arrestor-Rain-Cap-Stainless-150x150.png 150w\" sizes=\"auto, (max-width: 250px) 100vw, 250px\" title=\"Chapeau de pluie pare-\u00e9tincelles ISO-CAP SPK, acier inoxydable -Isokern DM54 ISO Cap SPK Arrestor Rain Cap Stainless\" alt=\"Chapeau de pluie pare-\u00e9tincelles ISO-CAP SPK, acier inoxydable -Isokern DM54 ISO Cap SPK Arrestor Rain Cap Stainless\" loading=\"lazy\" \t\tclass=\"so-widget-image\"\/>\n\t<\/div>\n\n<\/div><\/div><\/div><\/div><div id=\"pg-14038-3\"  class=\"panel-grid panel-no-style\" ><div id=\"pgc-14038-3-0\"  class=\"panel-grid-cell\" ><div id=\"panel-14038-3-0-0\" class=\"so-panel widget widget_sow-editor panel-first-child panel-last-child\" data-index=\"11\" ><div\n\t\t\t\n\t\t\tclass=\"so-widget-sow-editor so-widget-sow-editor-base\"\n\t\t\t\n\t\t>\n<div class=\"siteorigin-widget-tinymce textwidget\">\n\t<p>Canadian Stone Industries (CSI) est le distributeur exclusif d\u2019Isokern de Earthcore<sup>\u00ae<\/sup>\u00a0au Canada. Cliquez sur\u00a0<strong><a href=\"https:\/\/www.allthingsstone.com\/ca-fr\/ou-acheter\/\">O\u00f9 acheter<\/a><\/strong>\u00a0pour trouver un d\u00e9taillant agr\u00e9\u00e9 d\u2019Isokern de Earthcore<sup>\u00ae\u00a0<\/sup>pr\u00e8s de chez vous.<\/p>\n<\/div>\n<\/div><\/div><\/div><\/div><div id=\"pg-14038-4\"  class=\"panel-grid panel-no-style\" ><div id=\"pgc-14038-4-0\"  class=\"panel-grid-cell\" ><div id=\"panel-14038-4-0-0\" class=\"so-panel widget widget_sow-editor panel-first-child panel-last-child\" data-index=\"12\" ><div\n\t\t\t\n\t\t\tclass=\"so-widget-sow-editor so-widget-sow-editor-base\"\n\t\t\t\n\t\t>\n<div class=\"siteorigin-widget-tinymce textwidget\">\n\t<p><iframe loading=\"lazy\" title=\"Isokern: Temperature Test\" width=\"500\" height=\"281\" src=\"https:\/\/www.youtube.com\/embed\/uqdbLqCHvr4?feature=oembed\" frameborder=\"0\" allow=\"accelerometer; autoplay; clipboard-write; encrypted-media; gyroscope; picture-in-picture; web-share\" referrerpolicy=\"strict-origin-when-cross-origin\" allowfullscreen><\/iframe><\/p>\n<\/div>\n<\/div><\/div><\/div><div id=\"pgc-14038-4-1\"  class=\"panel-grid-cell\" ><div id=\"panel-14038-4-1-0\" class=\"so-panel widget widget_sow-image panel-first-child panel-last-child\" data-index=\"13\" ><div\n\t\t\t\n\t\t\tclass=\"so-widget-sow-image so-widget-sow-image-default-4e6925654b7a-14038\"\n\t\t\t\n\t\t>\n\n<div class=\"sow-image-container\">\n\t\t<img decoding=\"async\" src=\"https:\/\/www.allthingsstone.com\/ca-fr\/wp-content\/uploads\/sites\/12\/2017\/08\/Syst\u00e8me-de-chemin\u00e9e-\u00e0-module-double-DM54-Isokern-Isokern-DM-54-Masonry-Chimney.png\" width=\"300\" height=\"500\" srcset=\"https:\/\/www.allthingsstone.com\/ca-fr\/wp-content\/uploads\/sites\/12\/2017\/08\/Syst\u00e8me-de-chemin\u00e9e-\u00e0-module-double-DM54-Isokern-Isokern-DM-54-Masonry-Chimney.png 300w, https:\/\/www.allthingsstone.com\/ca-fr\/wp-content\/uploads\/sites\/12\/2017\/08\/Syst\u00e8me-de-chemin\u00e9e-\u00e0-module-double-DM54-Isokern-Isokern-DM-54-Masonry-Chimney-180x300.png 180w\" sizes=\"auto, (max-width: 300px) 100vw, 300px\" title=\"Syst\u00e8me de chemin\u00e9e \u00e0 module double (DM54) Isokern &#8211; Isokern DM 54 Masonry Chimney\" alt=\"Syst\u00e8me de chemin\u00e9e \u00e0 module double (DM54) Isokern - Isokern DM 54 Masonry Chimney\" loading=\"lazy\" \t\tclass=\"so-widget-image\"\/>\n\t<\/div>\n\n<\/div><\/div><\/div><\/div><\/div>","protected":false},"excerpt":{"rendered":"<p>La chemin\u00e9e en ma\u00e7onnerie d\u2019Isokern de Earthcore\u00ae est d\u00e9sign\u00e9e par le nom\u00a0: syst\u00e8me de chemin\u00e9e \u00e0 module double\u00a0DM54. Le syst\u00e8me de chemin\u00e9e\u00a0DM54 d\u2019Isokern est tr\u00e8s &hellip; <a href=\"https:\/\/www.allthingsstone.com\/ca-fr\/product\/cheminee-en-maconnerie-disokern-de-earthcore\/\">Continued<\/a><\/p>\n","protected":false},"featured_media":15686,"comment_status":"open","ping_status":"closed","template":"","meta":{"inline_featured_image":false,"_mi_skip_tracking":false,"_exactmetrics_sitenote_active":false,"_exactmetrics_sitenote_note":"","_exactmetrics_sitenote_category":0},"product_cat":[6534],"product_tag":[6566],"class_list":["post-14038","product","type-product","status-publish","has-post-thumbnail","hentry","product_cat-systemes-de-foyers-et-vie-exterieure","product_tag-eathcore-isokern-chimney-solutions","brands-foyers-et-cheminees-isokern-de-earthcore","single_resource-isokern-chimney"],"acf":[],"yoast_head":"<!-- This site is optimized with the Yoast SEO Premium plugin v21.6 (Yoast SEO v21.6) - https:\/\/yoast.com\/wordpress\/plugins\/seo\/ -->\n<title>Chemin\u00e9e En Ma\u00e7onnerie d\u2019Isokern | CSI - All Things Stone CAN-FR<\/title>\n<meta name=\"description\" content=\"La chemin\u00e9e en ma\u00e7onnerie d\u2019Isokern de Earthcore\u00ae est d\u00e9sign\u00e9e par le nom : syst\u00e8me de chemin\u00e9e \u00e0 module double DM54. Le syst\u00e8me de chemin\u00e9e DM54 d\u2019Isokern est tr\u00e8s populaire et largement utilis\u00e9 en raison de sa r\u00e9sistance \u00e0 l\u2019usure.\" \/>\n<meta name=\"robots\" content=\"index, follow, max-snippet:-1, max-image-preview:large, max-video-preview:-1\" \/>\n<link rel=\"canonical\" href=\"https:\/\/www.allthingsstone.com\/ca-fr\/product\/cheminee-en-maconnerie-disokern-de-earthcore\/\" \/>\n<meta property=\"og:locale\" content=\"en_US\" \/>\n<meta property=\"og:type\" content=\"article\" \/>\n<meta property=\"og:title\" content=\"Masonry Chimney - Earthcore Isokern\" \/>\n<meta property=\"og:description\" content=\"La chemin\u00e9e en ma\u00e7onnerie d\u2019Isokern de Earthcore\u00ae est d\u00e9sign\u00e9e par le nom : syst\u00e8me de chemin\u00e9e \u00e0 module double DM54. Le syst\u00e8me de chemin\u00e9e DM54 d\u2019Isokern est tr\u00e8s populaire et largement utilis\u00e9 en raison de sa r\u00e9sistance \u00e0 l\u2019usure.\" \/>\n<meta property=\"og:url\" content=\"https:\/\/www.allthingsstone.com\/ca-fr\/product\/cheminee-en-maconnerie-disokern-de-earthcore\/\" \/>\n<meta property=\"og:site_name\" content=\"CSI - Canadian Stone Industries FR\" \/>\n<meta property=\"article:modified_time\" content=\"2022-03-18T16:28:04+00:00\" \/>\n<meta property=\"og:image\" content=\"https:\/\/www.allthingsstone.com\/ca-fr\/wp-content\/uploads\/sites\/12\/2017\/08\/Isokern-Dual-Module-DM54-Chimney-System.png\" \/>\n\t<meta property=\"og:image:width\" content=\"459\" \/>\n\t<meta property=\"og:image:height\" content=\"339\" \/>\n\t<meta property=\"og:image:type\" content=\"image\/png\" \/>\n<meta name=\"twitter:card\" content=\"summary_large_image\" \/>\n<meta name=\"twitter:label1\" content=\"Est. reading time\" \/>\n\t<meta name=\"twitter:data1\" content=\"2 minutes\" \/>\n<script type=\"application\/ld+json\" class=\"yoast-schema-graph\">{\"@context\":\"https:\/\/schema.org\",\"@graph\":[{\"@type\":\"WebPage\",\"@id\":\"https:\/\/www.allthingsstone.com\/ca-fr\/product\/cheminee-en-maconnerie-disokern-de-earthcore\/\",\"url\":\"https:\/\/www.allthingsstone.com\/ca-fr\/product\/cheminee-en-maconnerie-disokern-de-earthcore\/\",\"name\":\"Chemin\u00e9e En Ma\u00e7onnerie d\u2019Isokern | CSI - All Things Stone CAN-FR\",\"isPartOf\":{\"@id\":\"https:\/\/www.allthingsstone.com\/ca-fr\/#website\"},\"datePublished\":\"2017-08-11T01:38:11+00:00\",\"dateModified\":\"2022-03-18T16:28:04+00:00\",\"description\":\"La chemin\u00e9e en ma\u00e7onnerie d\u2019Isokern de Earthcore\u00ae est d\u00e9sign\u00e9e par le nom : syst\u00e8me de chemin\u00e9e \u00e0 module double DM54. Le syst\u00e8me de chemin\u00e9e DM54 d\u2019Isokern est tr\u00e8s populaire et largement utilis\u00e9 en raison de sa r\u00e9sistance \u00e0 l\u2019usure.\",\"breadcrumb\":{\"@id\":\"https:\/\/www.allthingsstone.com\/ca-fr\/product\/cheminee-en-maconnerie-disokern-de-earthcore\/#breadcrumb\"},\"inLanguage\":\"en-CA\",\"potentialAction\":[{\"@type\":\"ReadAction\",\"target\":[\"https:\/\/www.allthingsstone.com\/ca-fr\/product\/cheminee-en-maconnerie-disokern-de-earthcore\/\"]}]},{\"@type\":\"BreadcrumbList\",\"@id\":\"https:\/\/www.allthingsstone.com\/ca-fr\/product\/cheminee-en-maconnerie-disokern-de-earthcore\/#breadcrumb\",\"itemListElement\":[{\"@type\":\"ListItem\",\"position\":1,\"name\":\"Home\",\"item\":\"https:\/\/www.allthingsstone.com\/ca-fr\/\"},{\"@type\":\"ListItem\",\"position\":2,\"name\":\"Masonry Chimney &#8211; Earthcore Isokern\"}]},{\"@type\":\"WebSite\",\"@id\":\"https:\/\/www.allthingsstone.com\/ca-fr\/#website\",\"url\":\"https:\/\/www.allthingsstone.com\/ca-fr\/\",\"name\":\"CSI - Canadian Stone Industries FR\",\"description\":\"\",\"potentialAction\":[{\"@type\":\"SearchAction\",\"target\":{\"@type\":\"EntryPoint\",\"urlTemplate\":\"https:\/\/www.allthingsstone.com\/ca-fr\/?s={search_term_string}\"},\"query-input\":\"required name=search_term_string\"}],\"inLanguage\":\"en-CA\"}]}<\/script>\n<!-- \/ Yoast SEO Premium plugin. -->","yoast_head_json":{"title":"Chemin\u00e9e En Ma\u00e7onnerie d\u2019Isokern | CSI - All Things Stone CAN-FR","description":"La chemin\u00e9e en ma\u00e7onnerie d\u2019Isokern de Earthcore\u00ae est d\u00e9sign\u00e9e par le nom : syst\u00e8me de chemin\u00e9e \u00e0 module double DM54. Le syst\u00e8me de chemin\u00e9e DM54 d\u2019Isokern est tr\u00e8s populaire et largement utilis\u00e9 en raison de sa r\u00e9sistance \u00e0 l\u2019usure.","robots":{"index":"index","follow":"follow","max-snippet":"max-snippet:-1","max-image-preview":"max-image-preview:large","max-video-preview":"max-video-preview:-1"},"canonical":"https:\/\/www.allthingsstone.com\/ca-fr\/product\/cheminee-en-maconnerie-disokern-de-earthcore\/","og_locale":"en_US","og_type":"article","og_title":"Masonry Chimney - Earthcore Isokern","og_description":"La chemin\u00e9e en ma\u00e7onnerie d\u2019Isokern de Earthcore\u00ae est d\u00e9sign\u00e9e par le nom : syst\u00e8me de chemin\u00e9e \u00e0 module double DM54. Le syst\u00e8me de chemin\u00e9e DM54 d\u2019Isokern est tr\u00e8s populaire et largement utilis\u00e9 en raison de sa r\u00e9sistance \u00e0 l\u2019usure.","og_url":"https:\/\/www.allthingsstone.com\/ca-fr\/product\/cheminee-en-maconnerie-disokern-de-earthcore\/","og_site_name":"CSI - Canadian Stone Industries FR","article_modified_time":"2022-03-18T16:28:04+00:00","og_image":[{"width":459,"height":339,"url":"https:\/\/www.allthingsstone.com\/ca-fr\/wp-content\/uploads\/sites\/12\/2017\/08\/Isokern-Dual-Module-DM54-Chimney-System.png","type":"image\/png"}],"twitter_card":"summary_large_image","twitter_misc":{"Est. reading time":"2 minutes"},"schema":{"@context":"https:\/\/schema.org","@graph":[{"@type":"WebPage","@id":"https:\/\/www.allthingsstone.com\/ca-fr\/product\/cheminee-en-maconnerie-disokern-de-earthcore\/","url":"https:\/\/www.allthingsstone.com\/ca-fr\/product\/cheminee-en-maconnerie-disokern-de-earthcore\/","name":"Chemin\u00e9e En Ma\u00e7onnerie d\u2019Isokern | CSI - All Things Stone CAN-FR","isPartOf":{"@id":"https:\/\/www.allthingsstone.com\/ca-fr\/#website"},"datePublished":"2017-08-11T01:38:11+00:00","dateModified":"2022-03-18T16:28:04+00:00","description":"La chemin\u00e9e en ma\u00e7onnerie d\u2019Isokern de Earthcore\u00ae est d\u00e9sign\u00e9e par le nom : syst\u00e8me de chemin\u00e9e \u00e0 module double DM54. Le syst\u00e8me de chemin\u00e9e DM54 d\u2019Isokern est tr\u00e8s populaire et largement utilis\u00e9 en raison de sa r\u00e9sistance \u00e0 l\u2019usure.","breadcrumb":{"@id":"https:\/\/www.allthingsstone.com\/ca-fr\/product\/cheminee-en-maconnerie-disokern-de-earthcore\/#breadcrumb"},"inLanguage":"en-CA","potentialAction":[{"@type":"ReadAction","target":["https:\/\/www.allthingsstone.com\/ca-fr\/product\/cheminee-en-maconnerie-disokern-de-earthcore\/"]}]},{"@type":"BreadcrumbList","@id":"https:\/\/www.allthingsstone.com\/ca-fr\/product\/cheminee-en-maconnerie-disokern-de-earthcore\/#breadcrumb","itemListElement":[{"@type":"ListItem","position":1,"name":"Home","item":"https:\/\/www.allthingsstone.com\/ca-fr\/"},{"@type":"ListItem","position":2,"name":"Masonry Chimney &#8211; Earthcore Isokern"}]},{"@type":"WebSite","@id":"https:\/\/www.allthingsstone.com\/ca-fr\/#website","url":"https:\/\/www.allthingsstone.com\/ca-fr\/","name":"CSI - Canadian Stone Industries FR","description":"","potentialAction":[{"@type":"SearchAction","target":{"@type":"EntryPoint","urlTemplate":"https:\/\/www.allthingsstone.com\/ca-fr\/?s={search_term_string}"},"query-input":"required name=search_term_string"}],"inLanguage":"en-CA"}]}},"_links":{"self":[{"href":"https:\/\/www.allthingsstone.com\/ca-fr\/wp-json\/wp\/v2\/product\/14038","targetHints":{"allow":["GET"]}}],"collection":[{"href":"https:\/\/www.allthingsstone.com\/ca-fr\/wp-json\/wp\/v2\/product"}],"about":[{"href":"https:\/\/www.allthingsstone.com\/ca-fr\/wp-json\/wp\/v2\/types\/product"}],"replies":[{"embeddable":true,"href":"https:\/\/www.allthingsstone.com\/ca-fr\/wp-json\/wp\/v2\/comments?post=14038"}],"wp:featuredmedia":[{"embeddable":true,"href":"https:\/\/www.allthingsstone.com\/ca-fr\/wp-json\/wp\/v2\/media\/15686"}],"wp:attachment":[{"href":"https:\/\/www.allthingsstone.com\/ca-fr\/wp-json\/wp\/v2\/media?parent=14038"}],"wp:term":[{"taxonomy":"product_cat","embeddable":true,"href":"https:\/\/www.allthingsstone.com\/ca-fr\/wp-json\/wp\/v2\/product_cat?post=14038"},{"taxonomy":"product_tag","embeddable":true,"href":"https:\/\/www.allthingsstone.com\/ca-fr\/wp-json\/wp\/v2\/product_tag?post=14038"}],"curies":[{"name":"wp","href":"https:\/\/api.w.org\/{rel}","templated":true}]}}