{"id":14037,"date":"2017-08-10T21:39:29","date_gmt":"2017-08-11T01:39:29","guid":{"rendered":"http:\/\/www.allthingsstone.com\/ca-fr\/product\/cheminee-en-metal-disokern-de-earthcore\/"},"modified":"2020-11-04T14:46:47","modified_gmt":"2020-11-04T19:46:47","slug":"cheminee-en-metal-disokern-de-earthcore","status":"publish","type":"product","link":"https:\/\/www.allthingsstone.com\/ca-fr\/product\/cheminee-en-metal-disokern-de-earthcore\/","title":{"rendered":"Metal Chimney &#8211; Earthcore Isokern"},"content":{"rendered":"<div id=\"pl-14037\"  class=\"panel-layout\" ><div id=\"pg-14037-0\"  class=\"panel-grid panel-no-style\" ><div id=\"pgc-14037-0-0\"  class=\"panel-grid-cell\" ><div id=\"panel-14037-0-0-0\" class=\"so-panel widget widget_sow-editor panel-first-child\" data-index=\"0\" ><div\n\t\t\t\n\t\t\tclass=\"so-widget-sow-editor so-widget-sow-editor-base\"\n\t\t\t\n\t\t><h3 class=\"widget-title\">Le syst\u00e8me de chemin\u00e9e pour ventilation Eco-Steel d\u2019Isokern<\/h3>\n<div class=\"siteorigin-widget-tinymce textwidget\">\n\t<div class=\"siteorigin-widget-tinymce textwidget\">\n<div class=\"siteorigin-widget-tinymce textwidget\">\n<p><img loading=\"lazy\" decoding=\"async\" class=\"wp-image-7004 alignleft\" src=\"http:\/\/www.allthingsstone.com\/ca-fr\/wp-content\/uploads\/sites\/12\/2017\/08\/Eco-Steel.png\" alt=\"\" width=\"218\" height=\"40\" srcset=\"https:\/\/www.allthingsstone.com\/ca-fr\/wp-content\/uploads\/sites\/12\/2017\/08\/Eco-Steel.png 672w, https:\/\/www.allthingsstone.com\/ca-fr\/wp-content\/uploads\/sites\/12\/2017\/08\/Eco-Steel-300x55.png 300w\" sizes=\"auto, (max-width: 218px) 100vw, 218px\" \/><\/p>\n<p>\u00a0<\/p>\n<p>&lt;br&gt;<\/p>\n<p>La chemin\u00e9e en m\u00e9tal d\u2019Isokern de Earthcore<sup>\u00ae<\/sup> est une solution de ventilation Eco-Steel l\u00e9g\u00e8re en acier inoxydable. Elle est con\u00e7ue pour raccorder ad\u00e9quatement chaque conduit gr\u00e2ce \u00e0 une languette de verrouillage ce qui assure un assemblage imm\u00e9diat et ferme. D\u2019un diam\u00e8tre int\u00e9rieur de\u00a012\u00a05\/8\u00a0po et d\u2019un diam\u00e8tre ext\u00e9rieur de\u00a015\u00a05\/8\u00a0po,\u00a0la solution de ventilation Eco-Steel est conforme pour tout foyer Isokern \u00e0 combustibles solides. Ce syst\u00e8me polyvalent a \u00e9t\u00e9 mis \u00e0 l\u2019essai et approuv\u00e9 pour l\u2019utilisation avec les foyers des <a href=\"https:\/\/www.allthingsstone.com\/ca-fr\/product\/standard-series-earthcore-isokern\/\">s\u00e9ries Standard<\/a> et <a href=\"https:\/\/www.allthingsstone.com\/ca-fr\/product\/magnum-series-earthcore-isokern\/\">s\u00e9ries\u00a0Magnum<\/a> d\u2019Isokern lors d\u2019applications habituelles ou avec supportFire-Lite. La version isol\u00e9e est recommand\u00e9e pour toutes les applications avec ventilateur. Offert en versions\u00a0: refroidie \u00e0 l\u2019air (plus \u00e9conomique) et isol\u00e9e (plus efficace).<\/p>\n<p>Les produits ci-dessous sont offerts pour la construction d\u2019un syst\u00e8me de chemin\u00e9e en m\u00e9tal Eco-Steel personnalis\u00e9\u00a0:<\/p>\n<\/div>\n<\/div>\n<\/div>\n<\/div><\/div><div id=\"panel-14037-0-0-1\" class=\"so-panel widget widget_sow-editor panel-last-child\" data-index=\"1\" ><div\n\t\t\t\n\t\t\tclass=\"so-widget-sow-editor so-widget-sow-editor-base\"\n\t\t\t\n\t\t>\n<div class=\"siteorigin-widget-tinymce textwidget\">\n\t<h5>Produits offerts :\u00a0<\/h5>\n<\/div>\n<\/div><\/div><\/div><\/div><div id=\"pg-14037-1\"  class=\"panel-grid panel-no-style\" ><div id=\"pgc-14037-1-0\"  class=\"panel-grid-cell\" ><div id=\"panel-14037-1-0-0\" class=\"so-panel widget widget_sow-image panel-first-child\" data-index=\"2\" ><div\n\t\t\t\n\t\t\tclass=\"so-widget-sow-image so-widget-sow-image-default-8b5b6f678277-14037\"\n\t\t\t\n\t\t>\n\n<div class=\"sow-image-container\">\n\t\t<img decoding=\"async\" src=\"https:\/\/www.allthingsstone.com\/ca-fr\/wp-content\/uploads\/sites\/12\/2017\/08\/Conduit-de-chemin\u00e9e-Isokern-Chimney-Flue.png\" width=\"250\" height=\"250\" srcset=\"https:\/\/www.allthingsstone.com\/ca-fr\/wp-content\/uploads\/sites\/12\/2017\/08\/Conduit-de-chemin\u00e9e-Isokern-Chimney-Flue.png 250w, https:\/\/www.allthingsstone.com\/ca-fr\/wp-content\/uploads\/sites\/12\/2017\/08\/Conduit-de-chemin\u00e9e-Isokern-Chimney-Flue-150x150.png 150w\" sizes=\"auto, (max-width: 250px) 100vw, 250px\" title=\"Conduit de chemin\u00e9e &#8211; Isokern Chimney Flue\" alt=\"Conduit de chemin\u00e9e - Isokern Chimney Flue\" loading=\"lazy\" \t\tclass=\"so-widget-image\"\/>\n\t<\/div>\n\n<\/div><\/div><div id=\"panel-14037-1-0-1\" class=\"so-panel widget widget_sow-image\" data-index=\"3\" ><div\n\t\t\t\n\t\t\tclass=\"so-widget-sow-image so-widget-sow-image-default-8b5b6f678277-14037\"\n\t\t\t\n\t\t>\n\n<div class=\"sow-image-container\">\n\t\t<img decoding=\"async\" src=\"https:\/\/www.allthingsstone.com\/ca-fr\/wp-content\/uploads\/sites\/12\/2017\/08\/Ensemble-Firestone-Isokern-Firestop-Assembly.png\" width=\"250\" height=\"250\" srcset=\"https:\/\/www.allthingsstone.com\/ca-fr\/wp-content\/uploads\/sites\/12\/2017\/08\/Ensemble-Firestone-Isokern-Firestop-Assembly.png 250w, https:\/\/www.allthingsstone.com\/ca-fr\/wp-content\/uploads\/sites\/12\/2017\/08\/Ensemble-Firestone-Isokern-Firestop-Assembly-150x150.png 150w\" sizes=\"auto, (max-width: 250px) 100vw, 250px\" title=\"Ensemble Firestone &#8211; Isokern Firestop Assembly\" alt=\"\" loading=\"lazy\" \t\tclass=\"so-widget-image\"\/>\n\t<\/div>\n\n<\/div><\/div><div id=\"panel-14037-1-0-2\" class=\"so-panel widget widget_sow-image panel-last-child\" data-index=\"4\" ><div\n\t\t\t\n\t\t\tclass=\"so-widget-sow-image so-widget-sow-image-default-8b5b6f678277-14037\"\n\t\t\t\n\t\t>\n\n<div class=\"sow-image-container\">\n\t\t<img decoding=\"async\" src=\"https:\/\/www.allthingsstone.com\/ca-fr\/wp-content\/uploads\/sites\/12\/2017\/08\/Bride-murale-Isokern-Wall-Band.png\" width=\"250\" height=\"250\" srcset=\"https:\/\/www.allthingsstone.com\/ca-fr\/wp-content\/uploads\/sites\/12\/2017\/08\/Bride-murale-Isokern-Wall-Band.png 250w, https:\/\/www.allthingsstone.com\/ca-fr\/wp-content\/uploads\/sites\/12\/2017\/08\/Bride-murale-Isokern-Wall-Band-150x150.png 150w\" sizes=\"auto, (max-width: 250px) 100vw, 250px\" title=\"Bride murale &#8211; Isokern Wall Band\" alt=\"Bride murale - Isokern Wall Band\" loading=\"lazy\" \t\tclass=\"so-widget-image\"\/>\n\t<\/div>\n\n<\/div><\/div><\/div><div id=\"pgc-14037-1-1\"  class=\"panel-grid-cell\" ><div id=\"panel-14037-1-1-0\" class=\"so-panel widget widget_sow-image panel-first-child\" data-index=\"5\" ><div\n\t\t\t\n\t\t\tclass=\"so-widget-sow-image so-widget-sow-image-default-8b5b6f678277-14037\"\n\t\t\t\n\t\t>\n\n<div class=\"sow-image-container\">\n\t\t<img decoding=\"async\" src=\"https:\/\/www.allthingsstone.com\/ca-fr\/wp-content\/uploads\/sites\/12\/2017\/08\/Trousse-de-coudes-Isokern-Offset-Kit.png\" width=\"250\" height=\"250\" srcset=\"https:\/\/www.allthingsstone.com\/ca-fr\/wp-content\/uploads\/sites\/12\/2017\/08\/Trousse-de-coudes-Isokern-Offset-Kit.png 250w, https:\/\/www.allthingsstone.com\/ca-fr\/wp-content\/uploads\/sites\/12\/2017\/08\/Trousse-de-coudes-Isokern-Offset-Kit-150x150.png 150w\" sizes=\"auto, (max-width: 250px) 100vw, 250px\" title=\"Trousse de coudes &#8211; Isokern Offset Kit\" alt=\"Trousse de coudes - Isokern Offset Kit\" loading=\"lazy\" \t\tclass=\"so-widget-image\"\/>\n\t<\/div>\n\n<\/div><\/div><div id=\"panel-14037-1-1-1\" class=\"so-panel widget widget_sow-image panel-last-child\" data-index=\"6\" ><div\n\t\t\t\n\t\t\tclass=\"so-widget-sow-image so-widget-sow-image-default-8b5b6f678277-14037\"\n\t\t\t\n\t\t>\n\n<div class=\"sow-image-container\">\n\t\t<img decoding=\"async\" src=\"https:\/\/www.allthingsstone.com\/ca-fr\/wp-content\/uploads\/sites\/12\/2017\/08\/Solin-\u00e0-c\u00f4ne-allong\u00e9-Isokern-Tall-Cone-Flashing.png\" width=\"250\" height=\"250\" srcset=\"https:\/\/www.allthingsstone.com\/ca-fr\/wp-content\/uploads\/sites\/12\/2017\/08\/Solin-\u00e0-c\u00f4ne-allong\u00e9-Isokern-Tall-Cone-Flashing.png 250w, https:\/\/www.allthingsstone.com\/ca-fr\/wp-content\/uploads\/sites\/12\/2017\/08\/Solin-\u00e0-c\u00f4ne-allong\u00e9-Isokern-Tall-Cone-Flashing-150x150.png 150w\" sizes=\"auto, (max-width: 250px) 100vw, 250px\" title=\"Solin \u00e0 c\u00f4ne allong\u00e9 &#8211; Isokern Tall Cone Flashing\" alt=\"\" loading=\"lazy\" \t\tclass=\"so-widget-image\"\/>\n\t<\/div>\n\n<\/div><\/div><\/div><div id=\"pgc-14037-1-2\"  class=\"panel-grid-cell\" ><div id=\"panel-14037-1-2-0\" class=\"so-panel widget widget_sow-image panel-first-child\" data-index=\"7\" ><div\n\t\t\t\n\t\t\tclass=\"so-widget-sow-image so-widget-sow-image-default-8b5b6f678277-14037\"\n\t\t\t\n\t\t>\n\n<div class=\"sow-image-container\">\n\t\t<img decoding=\"async\" src=\"https:\/\/www.allthingsstone.com\/ca-fr\/wp-content\/uploads\/sites\/12\/2017\/08\/Plaque-d\u2019ancrage-Isokern-Anchor-Plate.png\" width=\"250\" height=\"250\" srcset=\"https:\/\/www.allthingsstone.com\/ca-fr\/wp-content\/uploads\/sites\/12\/2017\/08\/Plaque-d\u2019ancrage-Isokern-Anchor-Plate.png 250w, https:\/\/www.allthingsstone.com\/ca-fr\/wp-content\/uploads\/sites\/12\/2017\/08\/Plaque-d\u2019ancrage-Isokern-Anchor-Plate-150x150.png 150w\" sizes=\"auto, (max-width: 250px) 100vw, 250px\" title=\"Plaque d\u2019ancrage &#8211; Isokern Anchor Plate\" alt=\"\" loading=\"lazy\" \t\tclass=\"so-widget-image\"\/>\n\t<\/div>\n\n<\/div><\/div><div id=\"panel-14037-1-2-1\" class=\"so-panel widget widget_sow-image panel-last-child\" data-index=\"8\" ><div\n\t\t\t\n\t\t\tclass=\"so-widget-sow-image so-widget-sow-image-default-8b5b6f678277-14037\"\n\t\t\t\n\t\t>\n\n<div class=\"sow-image-container\">\n\t\t<img decoding=\"async\" src=\"https:\/\/www.allthingsstone.com\/ca-fr\/wp-content\/uploads\/sites\/12\/2017\/08\/\u00c9cran-d\u2019isolation-Isokern-Insulation-Sheild.png\" width=\"250\" height=\"250\" srcset=\"https:\/\/www.allthingsstone.com\/ca-fr\/wp-content\/uploads\/sites\/12\/2017\/08\/\u00c9cran-d\u2019isolation-Isokern-Insulation-Sheild.png 250w, https:\/\/www.allthingsstone.com\/ca-fr\/wp-content\/uploads\/sites\/12\/2017\/08\/\u00c9cran-d\u2019isolation-Isokern-Insulation-Sheild-150x150.png 150w\" sizes=\"auto, (max-width: 250px) 100vw, 250px\" title=\"\u00c9cran d\u2019isolation &#8211; Isokern Insulation Sheild\" alt=\"\u00c9cran d\u2019isolation - Isokern Insulation Sheild\" loading=\"lazy\" \t\tclass=\"so-widget-image\"\/>\n\t<\/div>\n\n<\/div><\/div><\/div><div id=\"pgc-14037-1-3\"  class=\"panel-grid-cell\" ><div id=\"panel-14037-1-3-0\" class=\"so-panel widget widget_sow-image panel-first-child\" data-index=\"9\" ><div\n\t\t\t\n\t\t\tclass=\"so-widget-sow-image so-widget-sow-image-default-8b5b6f678277-14037\"\n\t\t\t\n\t\t>\n\n<div class=\"sow-image-container\">\n\t\t<img decoding=\"async\" src=\"https:\/\/www.allthingsstone.com\/ca-fr\/wp-content\/uploads\/sites\/12\/2017\/08\/Chapeau-de-chemin\u00e9e-rond-Isokern-Chimney-Cap.png\" width=\"250\" height=\"250\" srcset=\"https:\/\/www.allthingsstone.com\/ca-fr\/wp-content\/uploads\/sites\/12\/2017\/08\/Chapeau-de-chemin\u00e9e-rond-Isokern-Chimney-Cap.png 250w, https:\/\/www.allthingsstone.com\/ca-fr\/wp-content\/uploads\/sites\/12\/2017\/08\/Chapeau-de-chemin\u00e9e-rond-Isokern-Chimney-Cap-150x150.png 150w\" sizes=\"auto, (max-width: 250px) 100vw, 250px\" title=\"Chapeau de chemin\u00e9e rond &#8211; Isokern Chimney Cap\" alt=\"Chapeau de chemin\u00e9e rond - Isokern Chimney Cap\" loading=\"lazy\" \t\tclass=\"so-widget-image\"\/>\n\t<\/div>\n\n<\/div><\/div><div id=\"panel-14037-1-3-1\" class=\"so-panel widget widget_sow-image panel-last-child\" data-index=\"10\" ><div\n\t\t\t\n\t\t\tclass=\"so-widget-sow-image so-widget-sow-image-default-8b5b6f678277-14037\"\n\t\t\t\n\t\t>\n\n<div class=\"sow-image-container\">\n\t\t<img decoding=\"async\" src=\"https:\/\/www.allthingsstone.com\/ca-fr\/wp-content\/uploads\/sites\/12\/2017\/08\/Mitre-Isokern-Storm-Collar.png\" width=\"250\" height=\"250\" srcset=\"https:\/\/www.allthingsstone.com\/ca-fr\/wp-content\/uploads\/sites\/12\/2017\/08\/Mitre-Isokern-Storm-Collar.png 250w, https:\/\/www.allthingsstone.com\/ca-fr\/wp-content\/uploads\/sites\/12\/2017\/08\/Mitre-Isokern-Storm-Collar-150x150.png 150w\" sizes=\"auto, (max-width: 250px) 100vw, 250px\" title=\"Mitre &#8211; Isokern Storm Collar\" alt=\"\" loading=\"lazy\" \t\tclass=\"so-widget-image\"\/>\n\t<\/div>\n\n<\/div><\/div><\/div><\/div><div id=\"pg-14037-2\"  class=\"panel-grid panel-no-style\" ><div id=\"pgc-14037-2-0\"  class=\"panel-grid-cell\" ><div id=\"panel-14037-2-0-0\" class=\"so-panel widget widget_sow-editor panel-first-child panel-last-child\" data-index=\"11\" ><div\n\t\t\t\n\t\t\tclass=\"so-widget-sow-editor so-widget-sow-editor-base\"\n\t\t\t\n\t\t>\n<div class=\"siteorigin-widget-tinymce textwidget\">\n\t<p>Canadian Stone Industries (CSI) est le distributeur exclusif d\u2019Isokern de Earthcore<sup>\u00ae<\/sup>\u00a0au Canada. Cliquez sur\u00a0<strong><a href=\"https:\/\/www.allthingsstone.com\/ca-fr\/ou-acheter\/\">O\u00f9 acheter<\/a><\/strong>\u00a0pour trouver un d\u00e9taillant agr\u00e9\u00e9 d\u2019Isokern de Earthcore<sup>\u00ae\u00a0<\/sup>pr\u00e8s de chez vous.<\/p>\n<\/div>\n<\/div><\/div><\/div><\/div><\/div>","protected":false},"excerpt":{"rendered":"<p>\u00a0 &lt;br&gt; La chemin\u00e9e en m\u00e9tal d\u2019Isokern de Earthcore\u00ae est une solution de ventilation Eco-Steel l\u00e9g\u00e8re en acier inoxydable. Elle est con\u00e7ue pour raccorder ad\u00e9quatement &hellip; <a href=\"https:\/\/www.allthingsstone.com\/ca-fr\/product\/cheminee-en-metal-disokern-de-earthcore\/\">Continued<\/a><\/p>\n","protected":false},"featured_media":7760,"comment_status":"open","ping_status":"closed","template":"","meta":{"inline_featured_image":false,"_mi_skip_tracking":false,"_exactmetrics_sitenote_active":false,"_exactmetrics_sitenote_note":"","_exactmetrics_sitenote_category":0},"product_cat":[6534],"product_tag":[6566],"class_list":["post-14037","product","type-product","status-publish","has-post-thumbnail","hentry","product_cat-systemes-de-foyers-et-vie-exterieure","product_tag-eathcore-isokern-chimney-solutions","brands-foyers-et-cheminees-isokern-de-earthcore"],"acf":[],"yoast_head":"<!-- This site is optimized with the Yoast SEO Premium plugin v21.6 (Yoast SEO v21.6) - https:\/\/yoast.com\/wordpress\/plugins\/seo\/ -->\n<title>Chemin\u00e9e En M\u00e9tal d\u2019Isokern | CSI - All Things Stone CAN-FR<\/title>\n<meta name=\"description\" content=\"La chemin\u00e9e en m\u00e9tal d\u2019Isokern de Earthcore\u00ae est une solution de ventilation Eco-Steel l\u00e9g\u00e8re en acier inoxydable. Ce syst\u00e8me polyvalent a \u00e9t\u00e9 mis \u00e0 l\u2019essai et approuv\u00e9 pour l\u2019utilisation avec les foyers des s\u00e9ries Standard et Magnum d\u2019Isokern lors d\u2019applications habituelles ou avec supportFire-Lite.\" \/>\n<meta name=\"robots\" content=\"index, follow, max-snippet:-1, max-image-preview:large, max-video-preview:-1\" \/>\n<link rel=\"canonical\" href=\"https:\/\/www.allthingsstone.com\/ca-fr\/product\/cheminee-en-metal-disokern-de-earthcore\/\" \/>\n<meta property=\"og:locale\" content=\"en_US\" \/>\n<meta property=\"og:type\" content=\"article\" \/>\n<meta property=\"og:title\" content=\"Metal Chimney - Earthcore Isokern\" \/>\n<meta property=\"og:description\" content=\"La chemin\u00e9e en m\u00e9tal d\u2019Isokern de Earthcore\u00ae est une solution de ventilation Eco-Steel l\u00e9g\u00e8re en acier inoxydable. Ce syst\u00e8me polyvalent a \u00e9t\u00e9 mis \u00e0 l\u2019essai et approuv\u00e9 pour l\u2019utilisation avec les foyers des s\u00e9ries Standard et Magnum d\u2019Isokern lors d\u2019applications habituelles ou avec supportFire-Lite.\" \/>\n<meta property=\"og:url\" content=\"https:\/\/www.allthingsstone.com\/ca-fr\/product\/cheminee-en-metal-disokern-de-earthcore\/\" \/>\n<meta property=\"og:site_name\" content=\"CSI - Canadian Stone Industries FR\" \/>\n<meta property=\"article:modified_time\" content=\"2020-11-04T19:46:47+00:00\" \/>\n<meta property=\"og:image\" content=\"https:\/\/www.allthingsstone.com\/ca-fr\/wp-content\/uploads\/sites\/12\/2017\/08\/Eathcore-Isokern-Metal-Eco-Steel-Chimney.png\" \/>\n\t<meta property=\"og:image:width\" content=\"459\" \/>\n\t<meta property=\"og:image:height\" content=\"339\" \/>\n\t<meta property=\"og:image:type\" content=\"image\/png\" \/>\n<meta name=\"twitter:card\" content=\"summary_large_image\" \/>\n<meta name=\"twitter:label1\" content=\"Est. reading time\" \/>\n\t<meta name=\"twitter:data1\" content=\"2 minutes\" \/>\n<script type=\"application\/ld+json\" class=\"yoast-schema-graph\">{\"@context\":\"https:\/\/schema.org\",\"@graph\":[{\"@type\":\"WebPage\",\"@id\":\"https:\/\/www.allthingsstone.com\/ca-fr\/product\/cheminee-en-metal-disokern-de-earthcore\/\",\"url\":\"https:\/\/www.allthingsstone.com\/ca-fr\/product\/cheminee-en-metal-disokern-de-earthcore\/\",\"name\":\"Chemin\u00e9e En M\u00e9tal d\u2019Isokern | CSI - All Things Stone CAN-FR\",\"isPartOf\":{\"@id\":\"https:\/\/www.allthingsstone.com\/ca-fr\/#website\"},\"datePublished\":\"2017-08-11T01:39:29+00:00\",\"dateModified\":\"2020-11-04T19:46:47+00:00\",\"description\":\"La chemin\u00e9e en m\u00e9tal d\u2019Isokern de Earthcore\u00ae est une solution de ventilation Eco-Steel l\u00e9g\u00e8re en acier inoxydable. Ce syst\u00e8me polyvalent a \u00e9t\u00e9 mis \u00e0 l\u2019essai et approuv\u00e9 pour l\u2019utilisation avec les foyers des s\u00e9ries Standard et Magnum d\u2019Isokern lors d\u2019applications habituelles ou avec supportFire-Lite.\",\"breadcrumb\":{\"@id\":\"https:\/\/www.allthingsstone.com\/ca-fr\/product\/cheminee-en-metal-disokern-de-earthcore\/#breadcrumb\"},\"inLanguage\":\"en-CA\",\"potentialAction\":[{\"@type\":\"ReadAction\",\"target\":[\"https:\/\/www.allthingsstone.com\/ca-fr\/product\/cheminee-en-metal-disokern-de-earthcore\/\"]}]},{\"@type\":\"BreadcrumbList\",\"@id\":\"https:\/\/www.allthingsstone.com\/ca-fr\/product\/cheminee-en-metal-disokern-de-earthcore\/#breadcrumb\",\"itemListElement\":[{\"@type\":\"ListItem\",\"position\":1,\"name\":\"Home\",\"item\":\"https:\/\/www.allthingsstone.com\/ca-fr\/\"},{\"@type\":\"ListItem\",\"position\":2,\"name\":\"Metal Chimney &#8211; Earthcore Isokern\"}]},{\"@type\":\"WebSite\",\"@id\":\"https:\/\/www.allthingsstone.com\/ca-fr\/#website\",\"url\":\"https:\/\/www.allthingsstone.com\/ca-fr\/\",\"name\":\"CSI - Canadian Stone Industries FR\",\"description\":\"\",\"potentialAction\":[{\"@type\":\"SearchAction\",\"target\":{\"@type\":\"EntryPoint\",\"urlTemplate\":\"https:\/\/www.allthingsstone.com\/ca-fr\/?s={search_term_string}\"},\"query-input\":\"required name=search_term_string\"}],\"inLanguage\":\"en-CA\"}]}<\/script>\n<!-- \/ Yoast SEO Premium plugin. -->","yoast_head_json":{"title":"Chemin\u00e9e En M\u00e9tal d\u2019Isokern | CSI - All Things Stone CAN-FR","description":"La chemin\u00e9e en m\u00e9tal d\u2019Isokern de Earthcore\u00ae est une solution de ventilation Eco-Steel l\u00e9g\u00e8re en acier inoxydable. Ce syst\u00e8me polyvalent a \u00e9t\u00e9 mis \u00e0 l\u2019essai et approuv\u00e9 pour l\u2019utilisation avec les foyers des s\u00e9ries Standard et Magnum d\u2019Isokern lors d\u2019applications habituelles ou avec supportFire-Lite.","robots":{"index":"index","follow":"follow","max-snippet":"max-snippet:-1","max-image-preview":"max-image-preview:large","max-video-preview":"max-video-preview:-1"},"canonical":"https:\/\/www.allthingsstone.com\/ca-fr\/product\/cheminee-en-metal-disokern-de-earthcore\/","og_locale":"en_US","og_type":"article","og_title":"Metal Chimney - Earthcore Isokern","og_description":"La chemin\u00e9e en m\u00e9tal d\u2019Isokern de Earthcore\u00ae est une solution de ventilation Eco-Steel l\u00e9g\u00e8re en acier inoxydable. Ce syst\u00e8me polyvalent a \u00e9t\u00e9 mis \u00e0 l\u2019essai et approuv\u00e9 pour l\u2019utilisation avec les foyers des s\u00e9ries Standard et Magnum d\u2019Isokern lors d\u2019applications habituelles ou avec supportFire-Lite.","og_url":"https:\/\/www.allthingsstone.com\/ca-fr\/product\/cheminee-en-metal-disokern-de-earthcore\/","og_site_name":"CSI - Canadian Stone Industries FR","article_modified_time":"2020-11-04T19:46:47+00:00","og_image":[{"width":459,"height":339,"url":"https:\/\/www.allthingsstone.com\/ca-fr\/wp-content\/uploads\/sites\/12\/2017\/08\/Eathcore-Isokern-Metal-Eco-Steel-Chimney.png","type":"image\/png"}],"twitter_card":"summary_large_image","twitter_misc":{"Est. reading time":"2 minutes"},"schema":{"@context":"https:\/\/schema.org","@graph":[{"@type":"WebPage","@id":"https:\/\/www.allthingsstone.com\/ca-fr\/product\/cheminee-en-metal-disokern-de-earthcore\/","url":"https:\/\/www.allthingsstone.com\/ca-fr\/product\/cheminee-en-metal-disokern-de-earthcore\/","name":"Chemin\u00e9e En M\u00e9tal d\u2019Isokern | CSI - All Things Stone CAN-FR","isPartOf":{"@id":"https:\/\/www.allthingsstone.com\/ca-fr\/#website"},"datePublished":"2017-08-11T01:39:29+00:00","dateModified":"2020-11-04T19:46:47+00:00","description":"La chemin\u00e9e en m\u00e9tal d\u2019Isokern de Earthcore\u00ae est une solution de ventilation Eco-Steel l\u00e9g\u00e8re en acier inoxydable. Ce syst\u00e8me polyvalent a \u00e9t\u00e9 mis \u00e0 l\u2019essai et approuv\u00e9 pour l\u2019utilisation avec les foyers des s\u00e9ries Standard et Magnum d\u2019Isokern lors d\u2019applications habituelles ou avec supportFire-Lite.","breadcrumb":{"@id":"https:\/\/www.allthingsstone.com\/ca-fr\/product\/cheminee-en-metal-disokern-de-earthcore\/#breadcrumb"},"inLanguage":"en-CA","potentialAction":[{"@type":"ReadAction","target":["https:\/\/www.allthingsstone.com\/ca-fr\/product\/cheminee-en-metal-disokern-de-earthcore\/"]}]},{"@type":"BreadcrumbList","@id":"https:\/\/www.allthingsstone.com\/ca-fr\/product\/cheminee-en-metal-disokern-de-earthcore\/#breadcrumb","itemListElement":[{"@type":"ListItem","position":1,"name":"Home","item":"https:\/\/www.allthingsstone.com\/ca-fr\/"},{"@type":"ListItem","position":2,"name":"Metal Chimney &#8211; Earthcore Isokern"}]},{"@type":"WebSite","@id":"https:\/\/www.allthingsstone.com\/ca-fr\/#website","url":"https:\/\/www.allthingsstone.com\/ca-fr\/","name":"CSI - Canadian Stone Industries FR","description":"","potentialAction":[{"@type":"SearchAction","target":{"@type":"EntryPoint","urlTemplate":"https:\/\/www.allthingsstone.com\/ca-fr\/?s={search_term_string}"},"query-input":"required name=search_term_string"}],"inLanguage":"en-CA"}]}},"_links":{"self":[{"href":"https:\/\/www.allthingsstone.com\/ca-fr\/wp-json\/wp\/v2\/product\/14037","targetHints":{"allow":["GET"]}}],"collection":[{"href":"https:\/\/www.allthingsstone.com\/ca-fr\/wp-json\/wp\/v2\/product"}],"about":[{"href":"https:\/\/www.allthingsstone.com\/ca-fr\/wp-json\/wp\/v2\/types\/product"}],"replies":[{"embeddable":true,"href":"https:\/\/www.allthingsstone.com\/ca-fr\/wp-json\/wp\/v2\/comments?post=14037"}],"wp:featuredmedia":[{"embeddable":true,"href":"https:\/\/www.allthingsstone.com\/ca-fr\/wp-json\/wp\/v2\/media\/7760"}],"wp:attachment":[{"href":"https:\/\/www.allthingsstone.com\/ca-fr\/wp-json\/wp\/v2\/media?parent=14037"}],"wp:term":[{"taxonomy":"product_cat","embeddable":true,"href":"https:\/\/www.allthingsstone.com\/ca-fr\/wp-json\/wp\/v2\/product_cat?post=14037"},{"taxonomy":"product_tag","embeddable":true,"href":"https:\/\/www.allthingsstone.com\/ca-fr\/wp-json\/wp\/v2\/product_tag?post=14037"}],"curies":[{"name":"wp","href":"https:\/\/api.w.org\/{rel}","templated":true}]}}