{"id":14036,"date":"2017-08-10T23:10:08","date_gmt":"2017-08-11T03:10:08","guid":{"rendered":"http:\/\/www.allthingsstone.com\/ca-fr\/product\/alleges-pangaea-natural-stone\/"},"modified":"2024-07-04T13:43:26","modified_gmt":"2024-07-04T17:43:26","slug":"alleges-pangaea-natural-stone","status":"publish","type":"product","link":"https:\/\/www.allthingsstone.com\/ca-fr\/product\/alleges-pangaea-natural-stone\/","title":{"rendered":"Watertable\/Sill &#8211; Pangaea Natural Stone"},"content":{"rendered":"<div id=\"pl-14036\"  class=\"panel-layout\" ><div id=\"pg-14036-0\"  class=\"panel-grid panel-no-style\" ><div id=\"pgc-14036-0-0\"  class=\"panel-grid-cell\" ><div id=\"panel-14036-0-0-0\" class=\"so-panel widget widget_sow-editor panel-first-child\" data-index=\"0\" ><div\n\t\t\t\n\t\t\tclass=\"so-widget-sow-editor so-widget-sow-editor-base\"\n\t\t\t\n\t\t>\n<div class=\"siteorigin-widget-tinymce textwidget\">\n\t<p>Les all\u00e8ges Pangaea<sup>\u00ae<\/sup> Natural Stone sont essentielles \u00e0 une gestion efficace de l\u2019humidit\u00e9. Les all\u00e8ges procurent une finition soign\u00e9e et peuvent \u00eatre utilis\u00e9es comme rebord ou appui de fen\u00eatre. Les all\u00e8ges de pierre naturelle Pangaea<sup>\u00ae<\/sup> peuvent \u00e9galement servir d\u2019\u00e9l\u00e9ments d\u00e9coratifs pour ajouter de la dimension et de la profondeur \u00e0 votre projet.<\/p>\n<p>Les all\u00e8ges sont offertes dans un fini <em>naturel\u00a0<\/em>: la face sup\u00e9rieure pr\u00e9sente un fini \u00e9clat\u00e9 naturel lui procurant un aspect brut et textur\u00e9. La face avant pr\u00e9sente une texture taill\u00e9e \u00e0 la main et les faces lat\u00e9rales et arri\u00e8re sont sci\u00e9es.<\/p>\n<\/div>\n<\/div><\/div><div id=\"panel-14036-0-0-1\" class=\"so-panel widget widget_sow-editor panel-last-child\" data-index=\"1\" ><div\n\t\t\t\n\t\t\tclass=\"so-widget-sow-editor so-widget-sow-editor-base\"\n\t\t\t\n\t\t>\n<div class=\"siteorigin-widget-tinymce textwidget\">\n\t<p>Cliquez sur <a href=\"https:\/\/www.allthingsstone.com\/ca-fr\/ou-acheter\/\"><strong>O\u00f9 acheter <\/strong><\/a>pour trouver un d\u00e9taillant Pangaea<sup>\u00ae<\/sup> Natural Stone au Qu\u00e9bec.<\/p>\n<\/div>\n<\/div><\/div><\/div><div id=\"pgc-14036-0-1\"  class=\"panel-grid-cell\" ><div id=\"panel-14036-0-1-0\" class=\"so-panel widget widget_sow-image panel-first-child panel-last-child\" data-index=\"2\" ><div\n\t\t\t\n\t\t\tclass=\"so-widget-sow-image so-widget-sow-image-default-8b5b6f678277-14036\"\n\t\t\t\n\t\t>\n\n<div class=\"sow-image-container\">\n\t\t<img decoding=\"async\" src=\"https:\/\/www.allthingsstone.com\/ca-fr\/wp-content\/uploads\/sites\/12\/2017\/08\/Pangaea-Natural-Stone-Watertable-Sill-Cambrian.jpg\" width=\"500\" height=\"500\" srcset=\"https:\/\/www.allthingsstone.com\/ca-fr\/wp-content\/uploads\/sites\/12\/2017\/08\/Pangaea-Natural-Stone-Watertable-Sill-Cambrian.jpg 500w, https:\/\/www.allthingsstone.com\/ca-fr\/wp-content\/uploads\/sites\/12\/2017\/08\/Pangaea-Natural-Stone-Watertable-Sill-Cambrian-300x300.jpg 300w, https:\/\/www.allthingsstone.com\/ca-fr\/wp-content\/uploads\/sites\/12\/2017\/08\/Pangaea-Natural-Stone-Watertable-Sill-Cambrian-150x150.jpg 150w, https:\/\/www.allthingsstone.com\/ca-fr\/wp-content\/uploads\/sites\/12\/2017\/08\/Pangaea-Natural-Stone-Watertable-Sill-Cambrian-100x100.jpg 100w\" sizes=\"auto, (max-width: 500px) 100vw, 500px\" title=\"Pangaea\u00ae Natural Stone - All\u00e8ges, Cambrian \" alt=\"Pangaea\u00ae Natural Stone - All\u00e8ges, Cambrian\" loading=\"lazy\" \t\tclass=\"so-widget-image\"\/>\n\t<\/div>\n\n<\/div><\/div><\/div><\/div><\/div>","protected":false},"excerpt":{"rendered":"<p>Les all\u00e8ges Pangaea\u00ae Natural Stone sont essentielles \u00e0 une gestion efficace de l\u2019humidit\u00e9. Les all\u00e8ges procurent une finition soign\u00e9e et peuvent \u00eatre utilis\u00e9es comme rebord &hellip; <a href=\"https:\/\/www.allthingsstone.com\/ca-fr\/product\/alleges-pangaea-natural-stone\/\">Continued<\/a><\/p>\n","protected":false},"featured_media":14931,"comment_status":"open","ping_status":"closed","template":"","meta":{"inline_featured_image":false,"_mi_skip_tracking":false,"_exactmetrics_sitenote_active":false,"_exactmetrics_sitenote_note":"","_exactmetrics_sitenote_category":0},"product_cat":[6532],"product_tag":[7809],"class_list":["post-14036","product","type-product","status-publish","has-post-thumbnail","hentry","product_cat-accessoires-architecturaux","product_tag-accessoires-architecturaux-pangaea-natural-stone","brands-pangaea-natural-stone-accessoires-architecturaux","single_resource-pangaea-natural-stone"],"acf":[],"yoast_head":"<!-- This site is optimized with the Yoast SEO Premium plugin v21.6 (Yoast SEO v21.6) - https:\/\/yoast.com\/wordpress\/plugins\/seo\/ -->\n<title>All\u00e8ges Pangaea\u00ae Natural Stone | CSI FR<\/title>\n<meta name=\"description\" content=\"Les all\u00e8ges Pangaea\u00ae Natural Stone sont essentielles \u00e0 une gestion efficace de l\u2019humidit\u00e9. Les all\u00e8ges procurent une finition soign\u00e9e et peuvent \u00eatre utilis\u00e9es comme rebord ou appui de fen\u00eatre.\" \/>\n<meta name=\"robots\" content=\"index, follow, max-snippet:-1, max-image-preview:large, max-video-preview:-1\" \/>\n<link rel=\"canonical\" href=\"https:\/\/www.allthingsstone.com\/ca-fr\/product\/alleges-pangaea-natural-stone\/\" \/>\n<meta property=\"og:locale\" content=\"en_US\" \/>\n<meta property=\"og:type\" content=\"article\" \/>\n<meta property=\"og:title\" content=\"Watertable\/Sill - Pangaea Natural Stone\" \/>\n<meta property=\"og:description\" content=\"Les all\u00e8ges Pangaea\u00ae Natural Stone sont essentielles \u00e0 une gestion efficace de l\u2019humidit\u00e9. Les all\u00e8ges procurent une finition soign\u00e9e et peuvent \u00eatre utilis\u00e9es comme rebord ou appui de fen\u00eatre.\" \/>\n<meta property=\"og:url\" content=\"https:\/\/www.allthingsstone.com\/ca-fr\/product\/alleges-pangaea-natural-stone\/\" \/>\n<meta property=\"og:site_name\" content=\"CSI - Canadian Stone Industries FR\" \/>\n<meta property=\"article:modified_time\" content=\"2024-07-04T17:43:26+00:00\" \/>\n<meta property=\"og:image\" content=\"https:\/\/www.allthingsstone.com\/ca-fr\/wp-content\/uploads\/sites\/12\/2017\/08\/Pangaea-Natural-Stone-Watertable-Sill-1.jpg\" \/>\n\t<meta property=\"og:image:width\" content=\"459\" \/>\n\t<meta property=\"og:image:height\" content=\"339\" \/>\n\t<meta property=\"og:image:type\" content=\"image\/jpeg\" \/>\n<meta name=\"twitter:card\" content=\"summary_large_image\" \/>\n<meta name=\"twitter:label1\" content=\"Est. reading time\" \/>\n\t<meta name=\"twitter:data1\" content=\"1 minute\" \/>\n<script type=\"application\/ld+json\" class=\"yoast-schema-graph\">{\"@context\":\"https:\/\/schema.org\",\"@graph\":[{\"@type\":\"WebPage\",\"@id\":\"https:\/\/www.allthingsstone.com\/ca-fr\/product\/alleges-pangaea-natural-stone\/\",\"url\":\"https:\/\/www.allthingsstone.com\/ca-fr\/product\/alleges-pangaea-natural-stone\/\",\"name\":\"All\u00e8ges Pangaea\u00ae Natural Stone | CSI FR\",\"isPartOf\":{\"@id\":\"https:\/\/www.allthingsstone.com\/ca-fr\/#website\"},\"datePublished\":\"2017-08-11T03:10:08+00:00\",\"dateModified\":\"2024-07-04T17:43:26+00:00\",\"description\":\"Les all\u00e8ges Pangaea\u00ae Natural Stone sont essentielles \u00e0 une gestion efficace de l\u2019humidit\u00e9. Les all\u00e8ges procurent une finition soign\u00e9e et peuvent \u00eatre utilis\u00e9es comme rebord ou appui de fen\u00eatre.\",\"breadcrumb\":{\"@id\":\"https:\/\/www.allthingsstone.com\/ca-fr\/product\/alleges-pangaea-natural-stone\/#breadcrumb\"},\"inLanguage\":\"en-CA\",\"potentialAction\":[{\"@type\":\"ReadAction\",\"target\":[\"https:\/\/www.allthingsstone.com\/ca-fr\/product\/alleges-pangaea-natural-stone\/\"]}]},{\"@type\":\"BreadcrumbList\",\"@id\":\"https:\/\/www.allthingsstone.com\/ca-fr\/product\/alleges-pangaea-natural-stone\/#breadcrumb\",\"itemListElement\":[{\"@type\":\"ListItem\",\"position\":1,\"name\":\"Home\",\"item\":\"https:\/\/www.allthingsstone.com\/ca-fr\/\"},{\"@type\":\"ListItem\",\"position\":2,\"name\":\"Watertable\/Sill &#8211; Pangaea Natural Stone\"}]},{\"@type\":\"WebSite\",\"@id\":\"https:\/\/www.allthingsstone.com\/ca-fr\/#website\",\"url\":\"https:\/\/www.allthingsstone.com\/ca-fr\/\",\"name\":\"CSI - Canadian Stone Industries FR\",\"description\":\"\",\"potentialAction\":[{\"@type\":\"SearchAction\",\"target\":{\"@type\":\"EntryPoint\",\"urlTemplate\":\"https:\/\/www.allthingsstone.com\/ca-fr\/?s={search_term_string}\"},\"query-input\":\"required name=search_term_string\"}],\"inLanguage\":\"en-CA\"}]}<\/script>\n<!-- \/ Yoast SEO Premium plugin. -->","yoast_head_json":{"title":"All\u00e8ges Pangaea\u00ae Natural Stone | CSI FR","description":"Les all\u00e8ges Pangaea\u00ae Natural Stone sont essentielles \u00e0 une gestion efficace de l\u2019humidit\u00e9. Les all\u00e8ges procurent une finition soign\u00e9e et peuvent \u00eatre utilis\u00e9es comme rebord ou appui de fen\u00eatre.","robots":{"index":"index","follow":"follow","max-snippet":"max-snippet:-1","max-image-preview":"max-image-preview:large","max-video-preview":"max-video-preview:-1"},"canonical":"https:\/\/www.allthingsstone.com\/ca-fr\/product\/alleges-pangaea-natural-stone\/","og_locale":"en_US","og_type":"article","og_title":"Watertable\/Sill - Pangaea Natural Stone","og_description":"Les all\u00e8ges Pangaea\u00ae Natural Stone sont essentielles \u00e0 une gestion efficace de l\u2019humidit\u00e9. Les all\u00e8ges procurent une finition soign\u00e9e et peuvent \u00eatre utilis\u00e9es comme rebord ou appui de fen\u00eatre.","og_url":"https:\/\/www.allthingsstone.com\/ca-fr\/product\/alleges-pangaea-natural-stone\/","og_site_name":"CSI - Canadian Stone Industries FR","article_modified_time":"2024-07-04T17:43:26+00:00","og_image":[{"width":459,"height":339,"url":"https:\/\/www.allthingsstone.com\/ca-fr\/wp-content\/uploads\/sites\/12\/2017\/08\/Pangaea-Natural-Stone-Watertable-Sill-1.jpg","type":"image\/jpeg"}],"twitter_card":"summary_large_image","twitter_misc":{"Est. reading time":"1 minute"},"schema":{"@context":"https:\/\/schema.org","@graph":[{"@type":"WebPage","@id":"https:\/\/www.allthingsstone.com\/ca-fr\/product\/alleges-pangaea-natural-stone\/","url":"https:\/\/www.allthingsstone.com\/ca-fr\/product\/alleges-pangaea-natural-stone\/","name":"All\u00e8ges Pangaea\u00ae Natural Stone | CSI FR","isPartOf":{"@id":"https:\/\/www.allthingsstone.com\/ca-fr\/#website"},"datePublished":"2017-08-11T03:10:08+00:00","dateModified":"2024-07-04T17:43:26+00:00","description":"Les all\u00e8ges Pangaea\u00ae Natural Stone sont essentielles \u00e0 une gestion efficace de l\u2019humidit\u00e9. Les all\u00e8ges procurent une finition soign\u00e9e et peuvent \u00eatre utilis\u00e9es comme rebord ou appui de fen\u00eatre.","breadcrumb":{"@id":"https:\/\/www.allthingsstone.com\/ca-fr\/product\/alleges-pangaea-natural-stone\/#breadcrumb"},"inLanguage":"en-CA","potentialAction":[{"@type":"ReadAction","target":["https:\/\/www.allthingsstone.com\/ca-fr\/product\/alleges-pangaea-natural-stone\/"]}]},{"@type":"BreadcrumbList","@id":"https:\/\/www.allthingsstone.com\/ca-fr\/product\/alleges-pangaea-natural-stone\/#breadcrumb","itemListElement":[{"@type":"ListItem","position":1,"name":"Home","item":"https:\/\/www.allthingsstone.com\/ca-fr\/"},{"@type":"ListItem","position":2,"name":"Watertable\/Sill &#8211; Pangaea Natural Stone"}]},{"@type":"WebSite","@id":"https:\/\/www.allthingsstone.com\/ca-fr\/#website","url":"https:\/\/www.allthingsstone.com\/ca-fr\/","name":"CSI - Canadian Stone Industries FR","description":"","potentialAction":[{"@type":"SearchAction","target":{"@type":"EntryPoint","urlTemplate":"https:\/\/www.allthingsstone.com\/ca-fr\/?s={search_term_string}"},"query-input":"required name=search_term_string"}],"inLanguage":"en-CA"}]}},"_links":{"self":[{"href":"https:\/\/www.allthingsstone.com\/ca-fr\/wp-json\/wp\/v2\/product\/14036","targetHints":{"allow":["GET"]}}],"collection":[{"href":"https:\/\/www.allthingsstone.com\/ca-fr\/wp-json\/wp\/v2\/product"}],"about":[{"href":"https:\/\/www.allthingsstone.com\/ca-fr\/wp-json\/wp\/v2\/types\/product"}],"replies":[{"embeddable":true,"href":"https:\/\/www.allthingsstone.com\/ca-fr\/wp-json\/wp\/v2\/comments?post=14036"}],"wp:featuredmedia":[{"embeddable":true,"href":"https:\/\/www.allthingsstone.com\/ca-fr\/wp-json\/wp\/v2\/media\/14931"}],"wp:attachment":[{"href":"https:\/\/www.allthingsstone.com\/ca-fr\/wp-json\/wp\/v2\/media?parent=14036"}],"wp:term":[{"taxonomy":"product_cat","embeddable":true,"href":"https:\/\/www.allthingsstone.com\/ca-fr\/wp-json\/wp\/v2\/product_cat?post=14036"},{"taxonomy":"product_tag","embeddable":true,"href":"https:\/\/www.allthingsstone.com\/ca-fr\/wp-json\/wp\/v2\/product_tag?post=14036"}],"curies":[{"name":"wp","href":"https:\/\/api.w.org\/{rel}","templated":true}]}}