{"id":14035,"date":"2017-08-10T23:11:42","date_gmt":"2017-08-11T03:11:42","guid":{"rendered":"http:\/\/www.allthingsstone.com\/ca-fr\/product\/chaperons-de-mur-pangaea-natural-stone\/"},"modified":"2022-05-17T12:23:38","modified_gmt":"2022-05-17T16:23:38","slug":"chaperons-de-mur-pangaea-natural-stone","status":"publish","type":"product","link":"https:\/\/www.allthingsstone.com\/ca-fr\/product\/chaperons-de-mur-pangaea-natural-stone\/","title":{"rendered":"Wall Caps &#8211; Pangaea Natural Stone Architectural Profiles\/Trim"},"content":{"rendered":"<div id=\"pl-14035\"  class=\"panel-layout\" ><div id=\"pg-14035-0\"  class=\"panel-grid panel-no-style\" ><div id=\"pgc-14035-0-0\"  class=\"panel-grid-cell\" ><div id=\"panel-14035-0-0-0\" class=\"so-panel widget widget_sow-editor panel-first-child\" data-index=\"0\" ><div\n\t\t\t\n\t\t\tclass=\"so-widget-sow-editor so-widget-sow-editor-base\"\n\t\t\t\n\t\t>\n<div class=\"siteorigin-widget-tinymce textwidget\">\n\t<p>Les chaperons de mur Pangaea<sup>\u00ae<\/sup> Natural Stone apportent la touche finale id\u00e9ale \u00e0 tout jardin ou mur d\u2019entr\u00e9e. Offerts en deux\u00a0formats, les chaperons de mur Pangaea<sup>\u00ae<\/sup> r\u00e9sisteront \u00e0 l\u2019\u00e9preuve du temps!<\/p>\n<p>Les chaperons de mur sont offerts dans un fini <em>naturel\u00a0<\/em>: la face sup\u00e9rieure pr\u00e9sente un fini \u00e9clat\u00e9 naturel lui procurant un aspect brut et textur\u00e9. Les quatre\u00a0bords pr\u00e9sentent une texture taill\u00e9e \u00e0 la main. La surface inf\u00e9rieure est sci\u00e9e.<\/p>\n<\/div>\n<\/div><\/div><div id=\"panel-14035-0-0-1\" class=\"so-panel widget widget_sow-editor panel-last-child\" data-index=\"1\" ><div\n\t\t\t\n\t\t\tclass=\"so-widget-sow-editor so-widget-sow-editor-base\"\n\t\t\t\n\t\t>\n<div class=\"siteorigin-widget-tinymce textwidget\">\n\t<p>Cliquez sur <a href=\"https:\/\/www.allthingsstone.com\/ca-fr\/ou-acheter\/\"><strong>O\u00f9 acheter <\/strong><\/a>pour trouver un d\u00e9taillant Pangaea<sup>\u00ae<\/sup> Natural Stone au Qu\u00e9bec.<\/p>\n<\/div>\n<\/div><\/div><\/div><div id=\"pgc-14035-0-1\"  class=\"panel-grid-cell\" ><div id=\"panel-14035-0-1-0\" class=\"so-panel widget widget_sow-image panel-first-child panel-last-child\" data-index=\"2\" ><div\n\t\t\t\n\t\t\tclass=\"so-widget-sow-image so-widget-sow-image-default-8b5b6f678277-14035\"\n\t\t\t\n\t\t>\n\n<div class=\"sow-image-container\">\n\t\t<img decoding=\"async\" src=\"https:\/\/www.allthingsstone.com\/ca-fr\/wp-content\/uploads\/sites\/12\/2017\/08\/Pangaea-Natural-Stone-Wall-Cap-Cambrian-1.jpg\" width=\"500\" height=\"500\" srcset=\"https:\/\/www.allthingsstone.com\/ca-fr\/wp-content\/uploads\/sites\/12\/2017\/08\/Pangaea-Natural-Stone-Wall-Cap-Cambrian-1.jpg 500w, https:\/\/www.allthingsstone.com\/ca-fr\/wp-content\/uploads\/sites\/12\/2017\/08\/Pangaea-Natural-Stone-Wall-Cap-Cambrian-1-300x300.jpg 300w, https:\/\/www.allthingsstone.com\/ca-fr\/wp-content\/uploads\/sites\/12\/2017\/08\/Pangaea-Natural-Stone-Wall-Cap-Cambrian-1-150x150.jpg 150w, https:\/\/www.allthingsstone.com\/ca-fr\/wp-content\/uploads\/sites\/12\/2017\/08\/Pangaea-Natural-Stone-Wall-Cap-Cambrian-1-100x100.jpg 100w\" sizes=\"auto, (max-width: 500px) 100vw, 500px\" title=\"Pangaea\u00ae Natural Stone - Chaperons de mur, Cambrian \" alt=\"Pangaea\u00ae Natural Stone - Chaperons de mur, Cambrian\" loading=\"lazy\" \t\tclass=\"so-widget-image\"\/>\n\t<\/div>\n\n<\/div><\/div><\/div><\/div><\/div>","protected":false},"excerpt":{"rendered":"<p>Les chaperons de mur Pangaea\u00ae Natural Stone apportent la touche finale id\u00e9ale \u00e0 tout jardin ou mur d\u2019entr\u00e9e. Offerts en deux\u00a0formats, les chaperons de mur &hellip; <a href=\"https:\/\/www.allthingsstone.com\/ca-fr\/product\/chaperons-de-mur-pangaea-natural-stone\/\">Continued<\/a><\/p>\n","protected":false},"featured_media":14921,"comment_status":"open","ping_status":"closed","template":"","meta":{"inline_featured_image":false,"_mi_skip_tracking":false,"_exactmetrics_sitenote_active":false,"_exactmetrics_sitenote_note":"","_exactmetrics_sitenote_category":0},"product_cat":[6532],"product_tag":[7809],"class_list":["post-14035","product","type-product","status-publish","has-post-thumbnail","hentry","product_cat-accessoires-architecturaux","product_tag-accessoires-architecturaux-pangaea-natural-stone","brands-pangaea-natural-stone-accessoires-architecturaux","single_resource-pangaea-natural-stone"],"acf":[],"yoast_head":"<!-- This site is optimized with the Yoast SEO Premium plugin v21.6 (Yoast SEO v21.6) - https:\/\/yoast.com\/wordpress\/plugins\/seo\/ -->\n<title>Chaperons de mur Pangaea\u00ae Natural Stone | CSI FR<\/title>\n<meta name=\"description\" content=\"Les chaperons de mur Pangaea\u00ae Natural Stone apportent la touche finale id\u00e9ale \u00e0 tout jardin ou mur d\u2019entr\u00e9e. Offerts en deux formats, les chaperons de mur Pangaea\u00ae r\u00e9sisteront \u00e0 l\u2019\u00e9preuve du temps! Les chaperons de mur sont offerts dans un fini naturel.\" \/>\n<meta name=\"robots\" content=\"index, follow, max-snippet:-1, max-image-preview:large, max-video-preview:-1\" \/>\n<link rel=\"canonical\" href=\"https:\/\/www.allthingsstone.com\/ca-fr\/product\/chaperons-de-mur-pangaea-natural-stone\/\" \/>\n<meta property=\"og:locale\" content=\"en_US\" \/>\n<meta property=\"og:type\" content=\"article\" \/>\n<meta property=\"og:title\" content=\"Wall Caps - Pangaea Natural Stone Architectural Profiles\/Trim\" \/>\n<meta property=\"og:description\" content=\"Les chaperons de mur Pangaea\u00ae Natural Stone apportent la touche finale id\u00e9ale \u00e0 tout jardin ou mur d\u2019entr\u00e9e. Offerts en deux formats, les chaperons de mur Pangaea\u00ae r\u00e9sisteront \u00e0 l\u2019\u00e9preuve du temps! Les chaperons de mur sont offerts dans un fini naturel.\" \/>\n<meta property=\"og:url\" content=\"https:\/\/www.allthingsstone.com\/ca-fr\/product\/chaperons-de-mur-pangaea-natural-stone\/\" \/>\n<meta property=\"og:site_name\" content=\"CSI - Canadian Stone Industries FR\" \/>\n<meta property=\"article:modified_time\" content=\"2022-05-17T16:23:38+00:00\" \/>\n<meta property=\"og:image\" content=\"https:\/\/www.allthingsstone.com\/ca-fr\/wp-content\/uploads\/sites\/12\/2017\/08\/Pangaea-Natural-Stone-Wall-Cap-1.jpg\" \/>\n\t<meta property=\"og:image:width\" content=\"459\" \/>\n\t<meta property=\"og:image:height\" content=\"339\" \/>\n\t<meta property=\"og:image:type\" content=\"image\/jpeg\" \/>\n<meta name=\"twitter:card\" content=\"summary_large_image\" \/>\n<meta name=\"twitter:label1\" content=\"Est. reading time\" \/>\n\t<meta name=\"twitter:data1\" content=\"1 minute\" \/>\n<script type=\"application\/ld+json\" class=\"yoast-schema-graph\">{\"@context\":\"https:\/\/schema.org\",\"@graph\":[{\"@type\":\"WebPage\",\"@id\":\"https:\/\/www.allthingsstone.com\/ca-fr\/product\/chaperons-de-mur-pangaea-natural-stone\/\",\"url\":\"https:\/\/www.allthingsstone.com\/ca-fr\/product\/chaperons-de-mur-pangaea-natural-stone\/\",\"name\":\"Chaperons de mur Pangaea\u00ae Natural Stone | CSI FR\",\"isPartOf\":{\"@id\":\"https:\/\/www.allthingsstone.com\/ca-fr\/#website\"},\"datePublished\":\"2017-08-11T03:11:42+00:00\",\"dateModified\":\"2022-05-17T16:23:38+00:00\",\"description\":\"Les chaperons de mur Pangaea\u00ae Natural Stone apportent la touche finale id\u00e9ale \u00e0 tout jardin ou mur d\u2019entr\u00e9e. Offerts en deux formats, les chaperons de mur Pangaea\u00ae r\u00e9sisteront \u00e0 l\u2019\u00e9preuve du temps! Les chaperons de mur sont offerts dans un fini naturel.\",\"breadcrumb\":{\"@id\":\"https:\/\/www.allthingsstone.com\/ca-fr\/product\/chaperons-de-mur-pangaea-natural-stone\/#breadcrumb\"},\"inLanguage\":\"en-CA\",\"potentialAction\":[{\"@type\":\"ReadAction\",\"target\":[\"https:\/\/www.allthingsstone.com\/ca-fr\/product\/chaperons-de-mur-pangaea-natural-stone\/\"]}]},{\"@type\":\"BreadcrumbList\",\"@id\":\"https:\/\/www.allthingsstone.com\/ca-fr\/product\/chaperons-de-mur-pangaea-natural-stone\/#breadcrumb\",\"itemListElement\":[{\"@type\":\"ListItem\",\"position\":1,\"name\":\"Home\",\"item\":\"https:\/\/www.allthingsstone.com\/ca-fr\/\"},{\"@type\":\"ListItem\",\"position\":2,\"name\":\"Wall Caps &#8211; Pangaea Natural Stone Architectural Profiles\/Trim\"}]},{\"@type\":\"WebSite\",\"@id\":\"https:\/\/www.allthingsstone.com\/ca-fr\/#website\",\"url\":\"https:\/\/www.allthingsstone.com\/ca-fr\/\",\"name\":\"CSI - Canadian Stone Industries FR\",\"description\":\"\",\"potentialAction\":[{\"@type\":\"SearchAction\",\"target\":{\"@type\":\"EntryPoint\",\"urlTemplate\":\"https:\/\/www.allthingsstone.com\/ca-fr\/?s={search_term_string}\"},\"query-input\":\"required name=search_term_string\"}],\"inLanguage\":\"en-CA\"}]}<\/script>\n<!-- \/ Yoast SEO Premium plugin. -->","yoast_head_json":{"title":"Chaperons de mur Pangaea\u00ae Natural Stone | CSI FR","description":"Les chaperons de mur Pangaea\u00ae Natural Stone apportent la touche finale id\u00e9ale \u00e0 tout jardin ou mur d\u2019entr\u00e9e. Offerts en deux formats, les chaperons de mur Pangaea\u00ae r\u00e9sisteront \u00e0 l\u2019\u00e9preuve du temps! Les chaperons de mur sont offerts dans un fini naturel.","robots":{"index":"index","follow":"follow","max-snippet":"max-snippet:-1","max-image-preview":"max-image-preview:large","max-video-preview":"max-video-preview:-1"},"canonical":"https:\/\/www.allthingsstone.com\/ca-fr\/product\/chaperons-de-mur-pangaea-natural-stone\/","og_locale":"en_US","og_type":"article","og_title":"Wall Caps - Pangaea Natural Stone Architectural Profiles\/Trim","og_description":"Les chaperons de mur Pangaea\u00ae Natural Stone apportent la touche finale id\u00e9ale \u00e0 tout jardin ou mur d\u2019entr\u00e9e. Offerts en deux formats, les chaperons de mur Pangaea\u00ae r\u00e9sisteront \u00e0 l\u2019\u00e9preuve du temps! Les chaperons de mur sont offerts dans un fini naturel.","og_url":"https:\/\/www.allthingsstone.com\/ca-fr\/product\/chaperons-de-mur-pangaea-natural-stone\/","og_site_name":"CSI - Canadian Stone Industries FR","article_modified_time":"2022-05-17T16:23:38+00:00","og_image":[{"width":459,"height":339,"url":"https:\/\/www.allthingsstone.com\/ca-fr\/wp-content\/uploads\/sites\/12\/2017\/08\/Pangaea-Natural-Stone-Wall-Cap-1.jpg","type":"image\/jpeg"}],"twitter_card":"summary_large_image","twitter_misc":{"Est. reading time":"1 minute"},"schema":{"@context":"https:\/\/schema.org","@graph":[{"@type":"WebPage","@id":"https:\/\/www.allthingsstone.com\/ca-fr\/product\/chaperons-de-mur-pangaea-natural-stone\/","url":"https:\/\/www.allthingsstone.com\/ca-fr\/product\/chaperons-de-mur-pangaea-natural-stone\/","name":"Chaperons de mur Pangaea\u00ae Natural Stone | CSI FR","isPartOf":{"@id":"https:\/\/www.allthingsstone.com\/ca-fr\/#website"},"datePublished":"2017-08-11T03:11:42+00:00","dateModified":"2022-05-17T16:23:38+00:00","description":"Les chaperons de mur Pangaea\u00ae Natural Stone apportent la touche finale id\u00e9ale \u00e0 tout jardin ou mur d\u2019entr\u00e9e. Offerts en deux formats, les chaperons de mur Pangaea\u00ae r\u00e9sisteront \u00e0 l\u2019\u00e9preuve du temps! Les chaperons de mur sont offerts dans un fini naturel.","breadcrumb":{"@id":"https:\/\/www.allthingsstone.com\/ca-fr\/product\/chaperons-de-mur-pangaea-natural-stone\/#breadcrumb"},"inLanguage":"en-CA","potentialAction":[{"@type":"ReadAction","target":["https:\/\/www.allthingsstone.com\/ca-fr\/product\/chaperons-de-mur-pangaea-natural-stone\/"]}]},{"@type":"BreadcrumbList","@id":"https:\/\/www.allthingsstone.com\/ca-fr\/product\/chaperons-de-mur-pangaea-natural-stone\/#breadcrumb","itemListElement":[{"@type":"ListItem","position":1,"name":"Home","item":"https:\/\/www.allthingsstone.com\/ca-fr\/"},{"@type":"ListItem","position":2,"name":"Wall Caps &#8211; Pangaea Natural Stone Architectural Profiles\/Trim"}]},{"@type":"WebSite","@id":"https:\/\/www.allthingsstone.com\/ca-fr\/#website","url":"https:\/\/www.allthingsstone.com\/ca-fr\/","name":"CSI - Canadian Stone Industries FR","description":"","potentialAction":[{"@type":"SearchAction","target":{"@type":"EntryPoint","urlTemplate":"https:\/\/www.allthingsstone.com\/ca-fr\/?s={search_term_string}"},"query-input":"required name=search_term_string"}],"inLanguage":"en-CA"}]}},"_links":{"self":[{"href":"https:\/\/www.allthingsstone.com\/ca-fr\/wp-json\/wp\/v2\/product\/14035","targetHints":{"allow":["GET"]}}],"collection":[{"href":"https:\/\/www.allthingsstone.com\/ca-fr\/wp-json\/wp\/v2\/product"}],"about":[{"href":"https:\/\/www.allthingsstone.com\/ca-fr\/wp-json\/wp\/v2\/types\/product"}],"replies":[{"embeddable":true,"href":"https:\/\/www.allthingsstone.com\/ca-fr\/wp-json\/wp\/v2\/comments?post=14035"}],"wp:featuredmedia":[{"embeddable":true,"href":"https:\/\/www.allthingsstone.com\/ca-fr\/wp-json\/wp\/v2\/media\/14921"}],"wp:attachment":[{"href":"https:\/\/www.allthingsstone.com\/ca-fr\/wp-json\/wp\/v2\/media?parent=14035"}],"wp:term":[{"taxonomy":"product_cat","embeddable":true,"href":"https:\/\/www.allthingsstone.com\/ca-fr\/wp-json\/wp\/v2\/product_cat?post=14035"},{"taxonomy":"product_tag","embeddable":true,"href":"https:\/\/www.allthingsstone.com\/ca-fr\/wp-json\/wp\/v2\/product_tag?post=14035"}],"curies":[{"name":"wp","href":"https:\/\/api.w.org\/{rel}","templated":true}]}}