{"id":14034,"date":"2017-08-10T23:12:30","date_gmt":"2017-08-11T03:12:30","guid":{"rendered":"http:\/\/www.allthingsstone.com\/ca-fr\/product\/pierres-pour-foyer-pangaea-natural-stone\/"},"modified":"2024-02-01T17:56:17","modified_gmt":"2024-02-01T22:56:17","slug":"pierres-pour-foyer-pangaea-natural-stone","status":"publish","type":"product","link":"https:\/\/www.allthingsstone.com\/ca-fr\/product\/pierres-pour-foyer-pangaea-natural-stone\/","title":{"rendered":"Hearthstones &#8211; Pangaea Natural Stone"},"content":{"rendered":"<div id=\"pl-14034\"  class=\"panel-layout\" ><div id=\"pg-14034-0\"  class=\"panel-grid panel-no-style\" ><div id=\"pgc-14034-0-0\"  class=\"panel-grid-cell\" ><div id=\"panel-14034-0-0-0\" class=\"so-panel widget widget_sow-editor panel-first-child\" data-index=\"0\" ><div\n\t\t\t\n\t\t\tclass=\"so-widget-sow-editor so-widget-sow-editor-base\"\n\t\t\t\n\t\t>\n<div class=\"siteorigin-widget-tinymce textwidget\">\n\t<p>Les pierres pour foyer Pangaea<sup>\u00ae<\/sup> Natural Stone sont la solution id\u00e9ale pour compl\u00e9ter un projet de foyer en toute simplicit\u00e9. R\u00e9sistant \u00e0 l\u2019\u00e9preuve du temps, les pierres pour foyer Pangaea<sup>\u00ae<\/sup> conviennent \u00e0 n\u2019importe quel foyer int\u00e9rieur ou ext\u00e9rieur. Les pierres pour foyer sont pr\u00eates \u00e0 installer et n\u00e9cessitent peu d\u2019ajustement et d\u2019outils. Les pierres pour foyer Pangaea<sup>\u00ae<\/sup> peuvent \u00e9galement \u00eatre utilis\u00e9es comme plan de marche dans un projet d\u2019am\u00e9nagement paysager!<\/p>\n<p>Les pierres pour foyer sont offertes dans un fini <em>naturel\u00a0<\/em>: la surface sup\u00e9rieure a un fini de pierre naturelle obtenue par fendillement, qui lui donne une apparence rugueuse et textur\u00e9e. Les trois extr\u00e9mit\u00e9s ont une texture taill\u00e9e \u00e0 la main L\u2019extr\u00e9mit\u00e9 arri\u00e8re est d\u00e9coup\u00e9e \u00e0 la scie.<\/p>\n<\/div>\n<\/div><\/div><div id=\"panel-14034-0-0-1\" class=\"so-panel widget widget_sow-editor panel-last-child\" data-index=\"1\" ><div\n\t\t\t\n\t\t\tclass=\"so-widget-sow-editor so-widget-sow-editor-base\"\n\t\t\t\n\t\t>\n<div class=\"siteorigin-widget-tinymce textwidget\">\n\t<p>Cliquez sur\u00a0<a href=\"https:\/\/www.allthingsstone.com\/ca-fr\/ou-acheter\/\"><strong>O\u00f9 acheter\u00a0<\/strong><\/a>pour trouver un d\u00e9taillant Pangaea<sup>\u00ae<\/sup>\u00a0Natural Stone au Qu\u00e9bec.<\/p>\n<\/div>\n<\/div><\/div><\/div><div id=\"pgc-14034-0-1\"  class=\"panel-grid-cell\" ><div id=\"panel-14034-0-1-0\" class=\"so-panel widget widget_sow-image panel-first-child panel-last-child\" data-index=\"2\" ><div\n\t\t\t\n\t\t\tclass=\"so-widget-sow-image so-widget-sow-image-default-8b5b6f678277-14034\"\n\t\t\t\n\t\t>\n\n<div class=\"sow-image-container\">\n\t\t<img decoding=\"async\" src=\"https:\/\/www.allthingsstone.com\/ca-fr\/wp-content\/uploads\/sites\/12\/2017\/08\/Pangaea-Natural-Stone_Hearthstone-Tuscan.png\" width=\"500\" height=\"500\" srcset=\"https:\/\/www.allthingsstone.com\/ca-fr\/wp-content\/uploads\/sites\/12\/2017\/08\/Pangaea-Natural-Stone_Hearthstone-Tuscan.png 500w, https:\/\/www.allthingsstone.com\/ca-fr\/wp-content\/uploads\/sites\/12\/2017\/08\/Pangaea-Natural-Stone_Hearthstone-Tuscan-300x300.png 300w, https:\/\/www.allthingsstone.com\/ca-fr\/wp-content\/uploads\/sites\/12\/2017\/08\/Pangaea-Natural-Stone_Hearthstone-Tuscan-150x150.png 150w, https:\/\/www.allthingsstone.com\/ca-fr\/wp-content\/uploads\/sites\/12\/2017\/08\/Pangaea-Natural-Stone_Hearthstone-Tuscan-100x100.png 100w\" sizes=\"auto, (max-width: 500px) 100vw, 500px\" title=\"Pangaea\u00ae Natural Stone - Hearthstone, Tuscan\" alt=\"Pangaea\u00ae Natural Stone - Hearthstone, Tuscan\" loading=\"lazy\" \t\tclass=\"so-widget-image\"\/>\n\t<\/div>\n\n<\/div><\/div><\/div><\/div><\/div>","protected":false},"excerpt":{"rendered":"<p>Les pierres pour foyer Pangaea\u00ae Natural Stone sont la solution id\u00e9ale pour compl\u00e9ter un projet de foyer en toute simplicit\u00e9. R\u00e9sistant \u00e0 l\u2019\u00e9preuve du temps, &hellip; <a href=\"https:\/\/www.allthingsstone.com\/ca-fr\/product\/pierres-pour-foyer-pangaea-natural-stone\/\">Continued<\/a><\/p>\n","protected":false},"featured_media":7785,"comment_status":"open","ping_status":"closed","template":"","meta":{"inline_featured_image":false,"_mi_skip_tracking":false,"_exactmetrics_sitenote_active":false,"_exactmetrics_sitenote_note":"","_exactmetrics_sitenote_category":0},"product_cat":[6532],"product_tag":[7809],"class_list":["post-14034","product","type-product","status-publish","has-post-thumbnail","hentry","product_cat-accessoires-architecturaux","product_tag-accessoires-architecturaux-pangaea-natural-stone","brands-pangaea-natural-stone-accessoires-architecturaux","single_resource-pangaea-natural-stone"],"acf":[],"yoast_head":"<!-- This site is optimized with the Yoast SEO Premium plugin v21.6 (Yoast SEO v21.6) - https:\/\/yoast.com\/wordpress\/plugins\/seo\/ -->\n<title>Pierres pour foyer Pangaea\u00ae Natural Stone | CSI FR<\/title>\n<meta name=\"description\" content=\"Les pierres pour foyer Pangaea\u00ae Natural Stone sont la solution id\u00e9ale pour compl\u00e9ter un projet de foyer en toute simplicit\u00e9. R\u00e9sistant \u00e0 l\u2019\u00e9preuve du temps, les pierres pour foyer Pangaea\u00ae conviennent \u00e0 n\u2019importe quel foyer int\u00e9rieur ou ext\u00e9rieur.\" \/>\n<meta name=\"robots\" content=\"index, follow, max-snippet:-1, max-image-preview:large, max-video-preview:-1\" \/>\n<link rel=\"canonical\" href=\"https:\/\/www.allthingsstone.com\/ca-fr\/product\/pierres-pour-foyer-pangaea-natural-stone\/\" \/>\n<meta property=\"og:locale\" content=\"en_US\" \/>\n<meta property=\"og:type\" content=\"article\" \/>\n<meta property=\"og:title\" content=\"Hearthstones - Pangaea Natural Stone\" \/>\n<meta property=\"og:description\" content=\"Les pierres pour foyer Pangaea\u00ae Natural Stone sont la solution id\u00e9ale pour compl\u00e9ter un projet de foyer en toute simplicit\u00e9. R\u00e9sistant \u00e0 l\u2019\u00e9preuve du temps, les pierres pour foyer Pangaea\u00ae conviennent \u00e0 n\u2019importe quel foyer int\u00e9rieur ou ext\u00e9rieur.\" \/>\n<meta property=\"og:url\" content=\"https:\/\/www.allthingsstone.com\/ca-fr\/product\/pierres-pour-foyer-pangaea-natural-stone\/\" \/>\n<meta property=\"og:site_name\" content=\"CSI - Canadian Stone Industries FR\" \/>\n<meta property=\"article:modified_time\" content=\"2024-02-01T22:56:17+00:00\" \/>\n<meta property=\"og:image\" content=\"https:\/\/www.allthingsstone.com\/ca-fr\/wp-content\/uploads\/sites\/12\/2017\/08\/Pangaea-Natural-Stone-Hearthstone-1.png\" \/>\n\t<meta property=\"og:image:width\" content=\"459\" \/>\n\t<meta property=\"og:image:height\" content=\"339\" \/>\n\t<meta property=\"og:image:type\" content=\"image\/png\" \/>\n<meta name=\"twitter:card\" content=\"summary_large_image\" \/>\n<meta name=\"twitter:label1\" content=\"Est. reading time\" \/>\n\t<meta name=\"twitter:data1\" content=\"1 minute\" \/>\n<script type=\"application\/ld+json\" class=\"yoast-schema-graph\">{\"@context\":\"https:\/\/schema.org\",\"@graph\":[{\"@type\":\"WebPage\",\"@id\":\"https:\/\/www.allthingsstone.com\/ca-fr\/product\/pierres-pour-foyer-pangaea-natural-stone\/\",\"url\":\"https:\/\/www.allthingsstone.com\/ca-fr\/product\/pierres-pour-foyer-pangaea-natural-stone\/\",\"name\":\"Pierres pour foyer Pangaea\u00ae Natural Stone | CSI FR\",\"isPartOf\":{\"@id\":\"https:\/\/www.allthingsstone.com\/ca-fr\/#website\"},\"datePublished\":\"2017-08-11T03:12:30+00:00\",\"dateModified\":\"2024-02-01T22:56:17+00:00\",\"description\":\"Les pierres pour foyer Pangaea\u00ae Natural Stone sont la solution id\u00e9ale pour compl\u00e9ter un projet de foyer en toute simplicit\u00e9. R\u00e9sistant \u00e0 l\u2019\u00e9preuve du temps, les pierres pour foyer Pangaea\u00ae conviennent \u00e0 n\u2019importe quel foyer int\u00e9rieur ou ext\u00e9rieur.\",\"breadcrumb\":{\"@id\":\"https:\/\/www.allthingsstone.com\/ca-fr\/product\/pierres-pour-foyer-pangaea-natural-stone\/#breadcrumb\"},\"inLanguage\":\"en-CA\",\"potentialAction\":[{\"@type\":\"ReadAction\",\"target\":[\"https:\/\/www.allthingsstone.com\/ca-fr\/product\/pierres-pour-foyer-pangaea-natural-stone\/\"]}]},{\"@type\":\"BreadcrumbList\",\"@id\":\"https:\/\/www.allthingsstone.com\/ca-fr\/product\/pierres-pour-foyer-pangaea-natural-stone\/#breadcrumb\",\"itemListElement\":[{\"@type\":\"ListItem\",\"position\":1,\"name\":\"Home\",\"item\":\"https:\/\/www.allthingsstone.com\/ca-fr\/\"},{\"@type\":\"ListItem\",\"position\":2,\"name\":\"Hearthstones &#8211; Pangaea Natural Stone\"}]},{\"@type\":\"WebSite\",\"@id\":\"https:\/\/www.allthingsstone.com\/ca-fr\/#website\",\"url\":\"https:\/\/www.allthingsstone.com\/ca-fr\/\",\"name\":\"CSI - Canadian Stone Industries FR\",\"description\":\"\",\"potentialAction\":[{\"@type\":\"SearchAction\",\"target\":{\"@type\":\"EntryPoint\",\"urlTemplate\":\"https:\/\/www.allthingsstone.com\/ca-fr\/?s={search_term_string}\"},\"query-input\":\"required name=search_term_string\"}],\"inLanguage\":\"en-CA\"}]}<\/script>\n<!-- \/ Yoast SEO Premium plugin. -->","yoast_head_json":{"title":"Pierres pour foyer Pangaea\u00ae Natural Stone | CSI FR","description":"Les pierres pour foyer Pangaea\u00ae Natural Stone sont la solution id\u00e9ale pour compl\u00e9ter un projet de foyer en toute simplicit\u00e9. R\u00e9sistant \u00e0 l\u2019\u00e9preuve du temps, les pierres pour foyer Pangaea\u00ae conviennent \u00e0 n\u2019importe quel foyer int\u00e9rieur ou ext\u00e9rieur.","robots":{"index":"index","follow":"follow","max-snippet":"max-snippet:-1","max-image-preview":"max-image-preview:large","max-video-preview":"max-video-preview:-1"},"canonical":"https:\/\/www.allthingsstone.com\/ca-fr\/product\/pierres-pour-foyer-pangaea-natural-stone\/","og_locale":"en_US","og_type":"article","og_title":"Hearthstones - Pangaea Natural Stone","og_description":"Les pierres pour foyer Pangaea\u00ae Natural Stone sont la solution id\u00e9ale pour compl\u00e9ter un projet de foyer en toute simplicit\u00e9. R\u00e9sistant \u00e0 l\u2019\u00e9preuve du temps, les pierres pour foyer Pangaea\u00ae conviennent \u00e0 n\u2019importe quel foyer int\u00e9rieur ou ext\u00e9rieur.","og_url":"https:\/\/www.allthingsstone.com\/ca-fr\/product\/pierres-pour-foyer-pangaea-natural-stone\/","og_site_name":"CSI - Canadian Stone Industries FR","article_modified_time":"2024-02-01T22:56:17+00:00","og_image":[{"width":459,"height":339,"url":"https:\/\/www.allthingsstone.com\/ca-fr\/wp-content\/uploads\/sites\/12\/2017\/08\/Pangaea-Natural-Stone-Hearthstone-1.png","type":"image\/png"}],"twitter_card":"summary_large_image","twitter_misc":{"Est. reading time":"1 minute"},"schema":{"@context":"https:\/\/schema.org","@graph":[{"@type":"WebPage","@id":"https:\/\/www.allthingsstone.com\/ca-fr\/product\/pierres-pour-foyer-pangaea-natural-stone\/","url":"https:\/\/www.allthingsstone.com\/ca-fr\/product\/pierres-pour-foyer-pangaea-natural-stone\/","name":"Pierres pour foyer Pangaea\u00ae Natural Stone | CSI FR","isPartOf":{"@id":"https:\/\/www.allthingsstone.com\/ca-fr\/#website"},"datePublished":"2017-08-11T03:12:30+00:00","dateModified":"2024-02-01T22:56:17+00:00","description":"Les pierres pour foyer Pangaea\u00ae Natural Stone sont la solution id\u00e9ale pour compl\u00e9ter un projet de foyer en toute simplicit\u00e9. R\u00e9sistant \u00e0 l\u2019\u00e9preuve du temps, les pierres pour foyer Pangaea\u00ae conviennent \u00e0 n\u2019importe quel foyer int\u00e9rieur ou ext\u00e9rieur.","breadcrumb":{"@id":"https:\/\/www.allthingsstone.com\/ca-fr\/product\/pierres-pour-foyer-pangaea-natural-stone\/#breadcrumb"},"inLanguage":"en-CA","potentialAction":[{"@type":"ReadAction","target":["https:\/\/www.allthingsstone.com\/ca-fr\/product\/pierres-pour-foyer-pangaea-natural-stone\/"]}]},{"@type":"BreadcrumbList","@id":"https:\/\/www.allthingsstone.com\/ca-fr\/product\/pierres-pour-foyer-pangaea-natural-stone\/#breadcrumb","itemListElement":[{"@type":"ListItem","position":1,"name":"Home","item":"https:\/\/www.allthingsstone.com\/ca-fr\/"},{"@type":"ListItem","position":2,"name":"Hearthstones &#8211; Pangaea Natural Stone"}]},{"@type":"WebSite","@id":"https:\/\/www.allthingsstone.com\/ca-fr\/#website","url":"https:\/\/www.allthingsstone.com\/ca-fr\/","name":"CSI - Canadian Stone Industries FR","description":"","potentialAction":[{"@type":"SearchAction","target":{"@type":"EntryPoint","urlTemplate":"https:\/\/www.allthingsstone.com\/ca-fr\/?s={search_term_string}"},"query-input":"required name=search_term_string"}],"inLanguage":"en-CA"}]}},"_links":{"self":[{"href":"https:\/\/www.allthingsstone.com\/ca-fr\/wp-json\/wp\/v2\/product\/14034","targetHints":{"allow":["GET"]}}],"collection":[{"href":"https:\/\/www.allthingsstone.com\/ca-fr\/wp-json\/wp\/v2\/product"}],"about":[{"href":"https:\/\/www.allthingsstone.com\/ca-fr\/wp-json\/wp\/v2\/types\/product"}],"replies":[{"embeddable":true,"href":"https:\/\/www.allthingsstone.com\/ca-fr\/wp-json\/wp\/v2\/comments?post=14034"}],"wp:featuredmedia":[{"embeddable":true,"href":"https:\/\/www.allthingsstone.com\/ca-fr\/wp-json\/wp\/v2\/media\/7785"}],"wp:attachment":[{"href":"https:\/\/www.allthingsstone.com\/ca-fr\/wp-json\/wp\/v2\/media?parent=14034"}],"wp:term":[{"taxonomy":"product_cat","embeddable":true,"href":"https:\/\/www.allthingsstone.com\/ca-fr\/wp-json\/wp\/v2\/product_cat?post=14034"},{"taxonomy":"product_tag","embeddable":true,"href":"https:\/\/www.allthingsstone.com\/ca-fr\/wp-json\/wp\/v2\/product_tag?post=14034"}],"curies":[{"name":"wp","href":"https:\/\/api.w.org\/{rel}","templated":true}]}}