{"id":14025,"date":"2017-08-14T17:58:25","date_gmt":"2017-08-14T21:58:25","guid":{"rendered":"http:\/\/www.allthingsstone.com\/ca-fr\/product\/support-denduit-drain-n-dry\/"},"modified":"2022-05-05T15:18:50","modified_gmt":"2022-05-05T19:18:50","slug":"support-denduit-drain-n-dry","status":"publish","type":"product","link":"https:\/\/www.allthingsstone.com\/ca-fr\/product\/support-denduit-drain-n-dry\/","title":{"rendered":"Drain-N-Dry\u2122 Lath"},"content":{"rendered":"<div id=\"pl-14025\"  class=\"panel-layout\" ><div id=\"pg-14025-0\"  class=\"panel-grid panel-no-style\" ><div id=\"pgc-14025-0-0\"  class=\"panel-grid-cell\" ><div id=\"panel-14025-0-0-0\" class=\"so-panel widget widget_sow-editor panel-first-child\" data-index=\"0\" ><div\n\t\t\t\n\t\t\tclass=\"so-widget-sow-editor so-widget-sow-editor-base\"\n\t\t\t\n\t\t>\n<div class=\"siteorigin-widget-tinymce textwidget\">\n\t<p>Le support d\u2019enduit<sup>\u00a0<\/sup>Drain-N-Dry\u2122 Lath offre une gestion optimale de l\u2019humidit\u00e9 gr\u00e2ce \u00e0 son syst\u00e8me d\u2019\u00e9coulement, d\u2019ass\u00e8chement et de contr\u00f4le de l\u2019humidit\u00e9. Ce produit 3-en-1 s\u2019installe facilement et est compos\u00e9 des \u00e9l\u00e9ments suivants :<br \/>\n- Support d\u2019enduit en fibre de verre r\u00e9sistant aux produits chimiques et \u00e0 la corrosion (r\u00e9sistant aux alcalis)<br \/>\n- \u00c9cran pare-pluie de 10\u00a0mm<br \/>\n- Aucune barri\u00e8re secondaire r\u00e9sistante \u00e0 l\u2019eau n\u00e9cessaire<\/p>\n<p>Le support d\u2019enduit Drain-N-Dry\u2122 Lath est facile \u00e0 couper et emball\u00e9 en rouleaux l\u00e9gers, ce qui r\u00e9duit le temps d\u2019installation pour obtenir un produit final qui r\u00e9sistera \u00e0 l\u2019\u00e9preuve du temps.<\/p>\n<\/div>\n<\/div><\/div><div id=\"panel-14025-0-0-1\" class=\"so-panel widget widget_sow-editor panel-last-child\" data-index=\"1\" ><div\n\t\t\t\n\t\t\tclass=\"so-widget-sow-editor so-widget-sow-editor-base\"\n\t\t\t\n\t\t>\n<div class=\"siteorigin-widget-tinymce textwidget\">\n\t<p>Cliquez sur <a href=\"https:\/\/www.allthingsstone.com\/ca-fr\/ou-acheter\/\" target=\"_blank\" rel=\"noopener noreferrer\"><strong>O\u00f9 acheter<\/strong><\/a> pour trouver un d\u00e9taillant des produits Drain-N-Dry\u2122 Lath au Qu\u00e9bec.<\/p>\n<\/div>\n<\/div><\/div><\/div><div id=\"pgc-14025-0-1\"  class=\"panel-grid-cell\" ><div id=\"panel-14025-0-1-0\" class=\"so-panel widget widget_sow-image panel-first-child panel-last-child\" data-index=\"2\" ><div\n\t\t\t\n\t\t\tclass=\"so-widget-sow-image so-widget-sow-image-default-8b5b6f678277-14025\"\n\t\t\t\n\t\t>\n\n<div class=\"sow-image-container\">\n\t\t<img decoding=\"async\" src=\"https:\/\/www.allthingsstone.com\/ca-fr\/wp-content\/uploads\/sites\/12\/2017\/08\/Boral-Drain-N-Dry--948x1024.jpg\" width=\"948\" height=\"1024\" srcset=\"https:\/\/www.allthingsstone.com\/ca-fr\/wp-content\/uploads\/sites\/12\/2017\/08\/Boral-Drain-N-Dry--948x1024.jpg 948w, https:\/\/www.allthingsstone.com\/ca-fr\/wp-content\/uploads\/sites\/12\/2017\/08\/Boral-Drain-N-Dry--278x300.jpg 278w, https:\/\/www.allthingsstone.com\/ca-fr\/wp-content\/uploads\/sites\/12\/2017\/08\/Boral-Drain-N-Dry--768x830.jpg 768w\" sizes=\"auto, (max-width: 948px) 100vw, 948px\" title=\"Boral Drain N Dry\" alt=\"\" loading=\"lazy\" \t\tclass=\"so-widget-image\"\/>\n\t<\/div>\n\n<\/div><\/div><\/div><\/div><\/div>","protected":false},"excerpt":{"rendered":"<p>Le support d\u2019enduit\u00a0Drain-N-Dry\u2122 Lath offre une gestion optimale de l\u2019humidit\u00e9 gr\u00e2ce \u00e0 son syst\u00e8me d\u2019\u00e9coulement, d\u2019ass\u00e8chement et de contr\u00f4le de l\u2019humidit\u00e9. Ce produit 3-en-1 s\u2019installe &hellip; <a href=\"https:\/\/www.allthingsstone.com\/ca-fr\/product\/support-denduit-drain-n-dry\/\">Continued<\/a><\/p>\n","protected":false},"featured_media":7787,"comment_status":"open","ping_status":"closed","template":"","meta":{"inline_featured_image":false,"_mi_skip_tracking":false,"_exactmetrics_sitenote_active":false,"_exactmetrics_sitenote_note":"","_exactmetrics_sitenote_category":0},"product_cat":[6531],"product_tag":[6558],"class_list":["post-14025","product","type-product","status-publish","has-post-thumbnail","hentry","product_cat-produits-de-construction","product_tag-available-products-boral-drain-n-dry","brands-boral-drain-n-dry"],"acf":[],"yoast_head":"<!-- This site is optimized with the Yoast SEO Premium plugin v21.6 (Yoast SEO v21.6) - https:\/\/yoast.com\/wordpress\/plugins\/seo\/ -->\n<title>Support d\u2019enduit Drain-N-Dry\u2122 | CSI FR<\/title>\n<meta name=\"description\" content=\"Le support d\u2019enduit Boral\u00ae Drain-N-Dry\u2122 offre une gestion optimale de l\u2019humidit\u00e9 gr\u00e2ce \u00e0 son syst\u00e8me d\u2019\u00e9coulement, d\u2019ass\u00e8chement et de contr\u00f4le de l\u2019humidit\u00e9. Ce produit 3-en-1 s\u2019installe facilement et est compos\u00e9 des \u00e9l\u00e9ments suivants.\" \/>\n<meta name=\"robots\" content=\"index, follow, max-snippet:-1, max-image-preview:large, max-video-preview:-1\" \/>\n<link rel=\"canonical\" href=\"https:\/\/www.allthingsstone.com\/ca-fr\/product\/support-denduit-drain-n-dry\/\" \/>\n<meta property=\"og:locale\" content=\"en_US\" \/>\n<meta property=\"og:type\" content=\"article\" \/>\n<meta property=\"og:title\" content=\"Drain-N-Dry\u2122 Lath\" \/>\n<meta property=\"og:description\" content=\"Le support d\u2019enduit Boral\u00ae Drain-N-Dry\u2122 offre une gestion optimale de l\u2019humidit\u00e9 gr\u00e2ce \u00e0 son syst\u00e8me d\u2019\u00e9coulement, d\u2019ass\u00e8chement et de contr\u00f4le de l\u2019humidit\u00e9. Ce produit 3-en-1 s\u2019installe facilement et est compos\u00e9 des \u00e9l\u00e9ments suivants.\" \/>\n<meta property=\"og:url\" content=\"https:\/\/www.allthingsstone.com\/ca-fr\/product\/support-denduit-drain-n-dry\/\" \/>\n<meta property=\"og:site_name\" content=\"CSI - Canadian Stone Industries FR\" \/>\n<meta property=\"article:modified_time\" content=\"2022-05-05T19:18:50+00:00\" \/>\n<meta property=\"og:image\" content=\"https:\/\/www.allthingsstone.com\/ca-fr\/wp-content\/uploads\/sites\/12\/2017\/08\/Boral-Drain-N-Dry-Lath.png\" \/>\n\t<meta property=\"og:image:width\" content=\"459\" \/>\n\t<meta property=\"og:image:height\" content=\"339\" \/>\n\t<meta property=\"og:image:type\" content=\"image\/png\" \/>\n<meta name=\"twitter:card\" content=\"summary_large_image\" \/>\n<meta name=\"twitter:label1\" content=\"Est. reading time\" \/>\n\t<meta name=\"twitter:data1\" content=\"1 minute\" \/>\n<script type=\"application\/ld+json\" class=\"yoast-schema-graph\">{\"@context\":\"https:\/\/schema.org\",\"@graph\":[{\"@type\":\"WebPage\",\"@id\":\"https:\/\/www.allthingsstone.com\/ca-fr\/product\/support-denduit-drain-n-dry\/\",\"url\":\"https:\/\/www.allthingsstone.com\/ca-fr\/product\/support-denduit-drain-n-dry\/\",\"name\":\"Support d\u2019enduit Drain-N-Dry\u2122 | CSI FR\",\"isPartOf\":{\"@id\":\"https:\/\/www.allthingsstone.com\/ca-fr\/#website\"},\"datePublished\":\"2017-08-14T21:58:25+00:00\",\"dateModified\":\"2022-05-05T19:18:50+00:00\",\"description\":\"Le support d\u2019enduit Boral\u00ae Drain-N-Dry\u2122 offre une gestion optimale de l\u2019humidit\u00e9 gr\u00e2ce \u00e0 son syst\u00e8me d\u2019\u00e9coulement, d\u2019ass\u00e8chement et de contr\u00f4le de l\u2019humidit\u00e9. Ce produit 3-en-1 s\u2019installe facilement et est compos\u00e9 des \u00e9l\u00e9ments suivants.\",\"breadcrumb\":{\"@id\":\"https:\/\/www.allthingsstone.com\/ca-fr\/product\/support-denduit-drain-n-dry\/#breadcrumb\"},\"inLanguage\":\"en-CA\",\"potentialAction\":[{\"@type\":\"ReadAction\",\"target\":[\"https:\/\/www.allthingsstone.com\/ca-fr\/product\/support-denduit-drain-n-dry\/\"]}]},{\"@type\":\"BreadcrumbList\",\"@id\":\"https:\/\/www.allthingsstone.com\/ca-fr\/product\/support-denduit-drain-n-dry\/#breadcrumb\",\"itemListElement\":[{\"@type\":\"ListItem\",\"position\":1,\"name\":\"Home\",\"item\":\"https:\/\/www.allthingsstone.com\/ca-fr\/\"},{\"@type\":\"ListItem\",\"position\":2,\"name\":\"Drain-N-Dry\u2122 Lath\"}]},{\"@type\":\"WebSite\",\"@id\":\"https:\/\/www.allthingsstone.com\/ca-fr\/#website\",\"url\":\"https:\/\/www.allthingsstone.com\/ca-fr\/\",\"name\":\"CSI - Canadian Stone Industries FR\",\"description\":\"\",\"potentialAction\":[{\"@type\":\"SearchAction\",\"target\":{\"@type\":\"EntryPoint\",\"urlTemplate\":\"https:\/\/www.allthingsstone.com\/ca-fr\/?s={search_term_string}\"},\"query-input\":\"required name=search_term_string\"}],\"inLanguage\":\"en-CA\"}]}<\/script>\n<!-- \/ Yoast SEO Premium plugin. -->","yoast_head_json":{"title":"Support d\u2019enduit Drain-N-Dry\u2122 | CSI FR","description":"Le support d\u2019enduit Boral\u00ae Drain-N-Dry\u2122 offre une gestion optimale de l\u2019humidit\u00e9 gr\u00e2ce \u00e0 son syst\u00e8me d\u2019\u00e9coulement, d\u2019ass\u00e8chement et de contr\u00f4le de l\u2019humidit\u00e9. Ce produit 3-en-1 s\u2019installe facilement et est compos\u00e9 des \u00e9l\u00e9ments suivants.","robots":{"index":"index","follow":"follow","max-snippet":"max-snippet:-1","max-image-preview":"max-image-preview:large","max-video-preview":"max-video-preview:-1"},"canonical":"https:\/\/www.allthingsstone.com\/ca-fr\/product\/support-denduit-drain-n-dry\/","og_locale":"en_US","og_type":"article","og_title":"Drain-N-Dry\u2122 Lath","og_description":"Le support d\u2019enduit Boral\u00ae Drain-N-Dry\u2122 offre une gestion optimale de l\u2019humidit\u00e9 gr\u00e2ce \u00e0 son syst\u00e8me d\u2019\u00e9coulement, d\u2019ass\u00e8chement et de contr\u00f4le de l\u2019humidit\u00e9. Ce produit 3-en-1 s\u2019installe facilement et est compos\u00e9 des \u00e9l\u00e9ments suivants.","og_url":"https:\/\/www.allthingsstone.com\/ca-fr\/product\/support-denduit-drain-n-dry\/","og_site_name":"CSI - Canadian Stone Industries FR","article_modified_time":"2022-05-05T19:18:50+00:00","og_image":[{"width":459,"height":339,"url":"https:\/\/www.allthingsstone.com\/ca-fr\/wp-content\/uploads\/sites\/12\/2017\/08\/Boral-Drain-N-Dry-Lath.png","type":"image\/png"}],"twitter_card":"summary_large_image","twitter_misc":{"Est. reading time":"1 minute"},"schema":{"@context":"https:\/\/schema.org","@graph":[{"@type":"WebPage","@id":"https:\/\/www.allthingsstone.com\/ca-fr\/product\/support-denduit-drain-n-dry\/","url":"https:\/\/www.allthingsstone.com\/ca-fr\/product\/support-denduit-drain-n-dry\/","name":"Support d\u2019enduit Drain-N-Dry\u2122 | CSI FR","isPartOf":{"@id":"https:\/\/www.allthingsstone.com\/ca-fr\/#website"},"datePublished":"2017-08-14T21:58:25+00:00","dateModified":"2022-05-05T19:18:50+00:00","description":"Le support d\u2019enduit Boral\u00ae Drain-N-Dry\u2122 offre une gestion optimale de l\u2019humidit\u00e9 gr\u00e2ce \u00e0 son syst\u00e8me d\u2019\u00e9coulement, d\u2019ass\u00e8chement et de contr\u00f4le de l\u2019humidit\u00e9. Ce produit 3-en-1 s\u2019installe facilement et est compos\u00e9 des \u00e9l\u00e9ments suivants.","breadcrumb":{"@id":"https:\/\/www.allthingsstone.com\/ca-fr\/product\/support-denduit-drain-n-dry\/#breadcrumb"},"inLanguage":"en-CA","potentialAction":[{"@type":"ReadAction","target":["https:\/\/www.allthingsstone.com\/ca-fr\/product\/support-denduit-drain-n-dry\/"]}]},{"@type":"BreadcrumbList","@id":"https:\/\/www.allthingsstone.com\/ca-fr\/product\/support-denduit-drain-n-dry\/#breadcrumb","itemListElement":[{"@type":"ListItem","position":1,"name":"Home","item":"https:\/\/www.allthingsstone.com\/ca-fr\/"},{"@type":"ListItem","position":2,"name":"Drain-N-Dry\u2122 Lath"}]},{"@type":"WebSite","@id":"https:\/\/www.allthingsstone.com\/ca-fr\/#website","url":"https:\/\/www.allthingsstone.com\/ca-fr\/","name":"CSI - Canadian Stone Industries FR","description":"","potentialAction":[{"@type":"SearchAction","target":{"@type":"EntryPoint","urlTemplate":"https:\/\/www.allthingsstone.com\/ca-fr\/?s={search_term_string}"},"query-input":"required name=search_term_string"}],"inLanguage":"en-CA"}]}},"_links":{"self":[{"href":"https:\/\/www.allthingsstone.com\/ca-fr\/wp-json\/wp\/v2\/product\/14025","targetHints":{"allow":["GET"]}}],"collection":[{"href":"https:\/\/www.allthingsstone.com\/ca-fr\/wp-json\/wp\/v2\/product"}],"about":[{"href":"https:\/\/www.allthingsstone.com\/ca-fr\/wp-json\/wp\/v2\/types\/product"}],"replies":[{"embeddable":true,"href":"https:\/\/www.allthingsstone.com\/ca-fr\/wp-json\/wp\/v2\/comments?post=14025"}],"wp:featuredmedia":[{"embeddable":true,"href":"https:\/\/www.allthingsstone.com\/ca-fr\/wp-json\/wp\/v2\/media\/7787"}],"wp:attachment":[{"href":"https:\/\/www.allthingsstone.com\/ca-fr\/wp-json\/wp\/v2\/media?parent=14025"}],"wp:term":[{"taxonomy":"product_cat","embeddable":true,"href":"https:\/\/www.allthingsstone.com\/ca-fr\/wp-json\/wp\/v2\/product_cat?post=14025"},{"taxonomy":"product_tag","embeddable":true,"href":"https:\/\/www.allthingsstone.com\/ca-fr\/wp-json\/wp\/v2\/product_tag?post=14025"}],"curies":[{"name":"wp","href":"https:\/\/api.w.org\/{rel}","templated":true}]}}