{"id":14019,"date":"2017-08-14T21:19:27","date_gmt":"2017-08-15T01:19:27","guid":{"rendered":"http:\/\/www.allthingsstone.com\/ca-fr\/product\/latte-metallique-plate-galvanisee-standard\/"},"modified":"2025-01-15T17:36:48","modified_gmt":"2025-01-15T22:36:48","slug":"latte-metallique-plate-galvanisee-standard","status":"publish","type":"product","link":"https:\/\/www.allthingsstone.com\/ca-fr\/product\/latte-en-metal-galvanise-de-25-livres\/","title":{"rendered":"Standard Flat Galvanized Metal Lath"},"content":{"rendered":"<div id=\"pl-14019\"  class=\"panel-layout\" ><div id=\"pg-14019-0\"  class=\"panel-grid panel-no-style\" ><div id=\"pgc-14019-0-0\"  class=\"panel-grid-cell\" ><div id=\"panel-14019-0-0-0\" class=\"so-panel widget widget_sow-editor panel-first-child\" data-index=\"0\" ><div\n\t\t\t\n\t\t\tclass=\"so-widget-sow-editor so-widget-sow-editor-base\"\n\t\t\t\n\t\t>\n<div class=\"siteorigin-widget-tinymce textwidget\">\n\t<p>La latte en m\u00e9tal galvanis\u00e9 de 2,5 livres pr\u00e9sente une finition galvanis\u00e9e G60 avec des extr\u00e9mit\u00e9s carr\u00e9es et des bords lisses et parall\u00e8les, garantissant une manipulation et une installation rapides et faciles. Il peut \u00eatre facilement coup\u00e9 ou pli\u00e9, ce qui le rend id\u00e9al pour une utilisation sur des surfaces courbes. Ce produit r\u00e9pond aux normes ASTM A653.<\/p>\n<\/div>\n<\/div><\/div><div id=\"panel-14019-0-0-1\" class=\"so-panel widget widget_sow-editor panel-last-child\" data-index=\"1\" ><div\n\t\t\t\n\t\t\tclass=\"so-widget-sow-editor so-widget-sow-editor-base\"\n\t\t\t\n\t\t>\n<div class=\"siteorigin-widget-tinymce textwidget\">\n\t<p>Cliquez sur\u00a0<a href=\"https:\/\/www.allthingsstone.com\/ca-fr\/ressources\/\" target=\"_blank\" rel=\"noopener noreferrer\"><strong>O\u00f9 acheter<\/strong><\/a>\u00a0pour trouver un d\u00e9taillant qui vend les lattes m\u00e9talliques galvanis\u00e9es au Qu\u00e9bec.<\/p>\n<\/div>\n<\/div><\/div><\/div><div id=\"pgc-14019-0-1\"  class=\"panel-grid-cell\" ><div id=\"panel-14019-0-1-0\" class=\"so-panel widget widget_sow-image panel-first-child panel-last-child\" data-index=\"2\" ><div\n\t\t\t\n\t\t\tclass=\"so-widget-sow-image so-widget-sow-image-default-8b5b6f678277-14019\"\n\t\t\t\n\t\t>\n\n<div class=\"sow-image-container\">\n\t\t<img decoding=\"async\" src=\"https:\/\/www.allthingsstone.com\/ca-fr\/wp-content\/uploads\/sites\/12\/2017\/08\/Standard-Flat-Galvanized-Metal-Lath.png\" width=\"250\" height=\"250\" srcset=\"https:\/\/www.allthingsstone.com\/ca-fr\/wp-content\/uploads\/sites\/12\/2017\/08\/Standard-Flat-Galvanized-Metal-Lath.png 250w, https:\/\/www.allthingsstone.com\/ca-fr\/wp-content\/uploads\/sites\/12\/2017\/08\/Standard-Flat-Galvanized-Metal-Lath-150x150.png 150w, https:\/\/www.allthingsstone.com\/ca-fr\/wp-content\/uploads\/sites\/12\/2017\/08\/Standard-Flat-Galvanized-Metal-Lath-120x120.png 120w, https:\/\/www.allthingsstone.com\/ca-fr\/wp-content\/uploads\/sites\/12\/2017\/08\/Standard-Flat-Galvanized-Metal-Lath-100x100.png 100w\" sizes=\"auto, (max-width: 250px) 100vw, 250px\" title=\"Latte m\u00e9tallique plate galvanis\u00e9e standard d&#039;un poids de 2,5 livres\" alt=\"Latte m\u00e9tallique plate galvanis\u00e9e standard d&#039;un poids de 2,5 livres\" loading=\"lazy\" \t\tclass=\"so-widget-image\"\/>\n\t<\/div>\n\n<\/div><\/div><\/div><\/div><\/div>","protected":false},"excerpt":{"rendered":"<p>La latte en m\u00e9tal galvanis\u00e9 de 2,5 livres pr\u00e9sente une finition galvanis\u00e9e G60 avec des extr\u00e9mit\u00e9s carr\u00e9es et des bords lisses et parall\u00e8les, garantissant une &hellip; <a href=\"https:\/\/www.allthingsstone.com\/ca-fr\/product\/latte-en-metal-galvanise-de-25-livres\/\">Continued<\/a><\/p>\n","protected":false},"featured_media":7793,"comment_status":"open","ping_status":"closed","template":"","meta":{"inline_featured_image":false,"_mi_skip_tracking":false,"_exactmetrics_sitenote_active":false,"_exactmetrics_sitenote_note":"","_exactmetrics_sitenote_category":0},"product_cat":[6531],"product_tag":[6555],"class_list":["post-14019","product","type-product","status-publish","has-post-thumbnail","hentry","product_cat-produits-de-construction","product_tag-galvanized-metal-lath-products","brands-latte-metallique-galvanisee","single_resource-galvanized-metal-lath"],"acf":[],"yoast_head":"<!-- This site is optimized with the Yoast SEO Premium plugin v21.6 (Yoast SEO v21.6) - https:\/\/yoast.com\/wordpress\/plugins\/seo\/ -->\n<title>Latte en m\u00e9tal galvanis\u00e9 de 2,5 livres | CSI FR<\/title>\n<meta name=\"description\" content=\"Latte en m\u00e9tal galvanis\u00e9 de 2,5 livres pr\u00e9sente une finition galvanis\u00e9e G60 avec des extr\u00e9mit\u00e9s carr\u00e9es et des bords lisses et parall\u00e8les, garantissant une manipulation et une installation rapides et faciles.\" \/>\n<meta name=\"robots\" content=\"index, follow, max-snippet:-1, max-image-preview:large, max-video-preview:-1\" \/>\n<link rel=\"canonical\" href=\"https:\/\/www.allthingsstone.com\/ca-fr\/product\/latte-en-metal-galvanise-de-25-livres\/\" \/>\n<meta property=\"og:locale\" content=\"en_US\" \/>\n<meta property=\"og:type\" content=\"article\" \/>\n<meta property=\"og:title\" content=\"Standard Flat Galvanized Metal Lath\" \/>\n<meta property=\"og:description\" content=\"Latte en m\u00e9tal galvanis\u00e9 de 2,5 livres pr\u00e9sente une finition galvanis\u00e9e G60 avec des extr\u00e9mit\u00e9s carr\u00e9es et des bords lisses et parall\u00e8les, garantissant une manipulation et une installation rapides et faciles.\" \/>\n<meta property=\"og:url\" content=\"https:\/\/www.allthingsstone.com\/ca-fr\/product\/latte-en-metal-galvanise-de-25-livres\/\" \/>\n<meta property=\"og:site_name\" content=\"CSI - Canadian Stone Industries FR\" \/>\n<meta property=\"article:modified_time\" content=\"2025-01-15T22:36:48+00:00\" \/>\n<meta property=\"og:image\" content=\"https:\/\/www.allthingsstone.com\/ca-fr\/wp-content\/uploads\/sites\/12\/2017\/08\/Galvanized-Metal-Lath-Standard-Flat-Lath.png\" \/>\n\t<meta property=\"og:image:width\" content=\"459\" \/>\n\t<meta property=\"og:image:height\" content=\"339\" \/>\n\t<meta property=\"og:image:type\" content=\"image\/png\" \/>\n<meta name=\"twitter:card\" content=\"summary_large_image\" \/>\n<meta name=\"twitter:label1\" content=\"Est. reading time\" \/>\n\t<meta name=\"twitter:data1\" content=\"1 minute\" \/>\n<script type=\"application\/ld+json\" class=\"yoast-schema-graph\">{\"@context\":\"https:\/\/schema.org\",\"@graph\":[{\"@type\":\"WebPage\",\"@id\":\"https:\/\/www.allthingsstone.com\/ca-fr\/product\/latte-en-metal-galvanise-de-25-livres\/\",\"url\":\"https:\/\/www.allthingsstone.com\/ca-fr\/product\/latte-en-metal-galvanise-de-25-livres\/\",\"name\":\"Latte en m\u00e9tal galvanis\u00e9 de 2,5 livres | CSI FR\",\"isPartOf\":{\"@id\":\"https:\/\/www.allthingsstone.com\/ca-fr\/#website\"},\"datePublished\":\"2017-08-15T01:19:27+00:00\",\"dateModified\":\"2025-01-15T22:36:48+00:00\",\"description\":\"Latte en m\u00e9tal galvanis\u00e9 de 2,5 livres pr\u00e9sente une finition galvanis\u00e9e G60 avec des extr\u00e9mit\u00e9s carr\u00e9es et des bords lisses et parall\u00e8les, garantissant une manipulation et une installation rapides et faciles.\",\"breadcrumb\":{\"@id\":\"https:\/\/www.allthingsstone.com\/ca-fr\/product\/latte-en-metal-galvanise-de-25-livres\/#breadcrumb\"},\"inLanguage\":\"en-CA\",\"potentialAction\":[{\"@type\":\"ReadAction\",\"target\":[\"https:\/\/www.allthingsstone.com\/ca-fr\/product\/latte-en-metal-galvanise-de-25-livres\/\"]}]},{\"@type\":\"BreadcrumbList\",\"@id\":\"https:\/\/www.allthingsstone.com\/ca-fr\/product\/latte-en-metal-galvanise-de-25-livres\/#breadcrumb\",\"itemListElement\":[{\"@type\":\"ListItem\",\"position\":1,\"name\":\"Home\",\"item\":\"https:\/\/www.allthingsstone.com\/ca-fr\/\"},{\"@type\":\"ListItem\",\"position\":2,\"name\":\"Standard Flat Galvanized Metal Lath\"}]},{\"@type\":\"WebSite\",\"@id\":\"https:\/\/www.allthingsstone.com\/ca-fr\/#website\",\"url\":\"https:\/\/www.allthingsstone.com\/ca-fr\/\",\"name\":\"CSI - Canadian Stone Industries FR\",\"description\":\"\",\"potentialAction\":[{\"@type\":\"SearchAction\",\"target\":{\"@type\":\"EntryPoint\",\"urlTemplate\":\"https:\/\/www.allthingsstone.com\/ca-fr\/?s={search_term_string}\"},\"query-input\":\"required name=search_term_string\"}],\"inLanguage\":\"en-CA\"}]}<\/script>\n<!-- \/ Yoast SEO Premium plugin. -->","yoast_head_json":{"title":"Latte en m\u00e9tal galvanis\u00e9 de 2,5 livres | CSI FR","description":"Latte en m\u00e9tal galvanis\u00e9 de 2,5 livres pr\u00e9sente une finition galvanis\u00e9e G60 avec des extr\u00e9mit\u00e9s carr\u00e9es et des bords lisses et parall\u00e8les, garantissant une manipulation et une installation rapides et faciles.","robots":{"index":"index","follow":"follow","max-snippet":"max-snippet:-1","max-image-preview":"max-image-preview:large","max-video-preview":"max-video-preview:-1"},"canonical":"https:\/\/www.allthingsstone.com\/ca-fr\/product\/latte-en-metal-galvanise-de-25-livres\/","og_locale":"en_US","og_type":"article","og_title":"Standard Flat Galvanized Metal Lath","og_description":"Latte en m\u00e9tal galvanis\u00e9 de 2,5 livres pr\u00e9sente une finition galvanis\u00e9e G60 avec des extr\u00e9mit\u00e9s carr\u00e9es et des bords lisses et parall\u00e8les, garantissant une manipulation et une installation rapides et faciles.","og_url":"https:\/\/www.allthingsstone.com\/ca-fr\/product\/latte-en-metal-galvanise-de-25-livres\/","og_site_name":"CSI - Canadian Stone Industries FR","article_modified_time":"2025-01-15T22:36:48+00:00","og_image":[{"width":459,"height":339,"url":"https:\/\/www.allthingsstone.com\/ca-fr\/wp-content\/uploads\/sites\/12\/2017\/08\/Galvanized-Metal-Lath-Standard-Flat-Lath.png","type":"image\/png"}],"twitter_card":"summary_large_image","twitter_misc":{"Est. reading time":"1 minute"},"schema":{"@context":"https:\/\/schema.org","@graph":[{"@type":"WebPage","@id":"https:\/\/www.allthingsstone.com\/ca-fr\/product\/latte-en-metal-galvanise-de-25-livres\/","url":"https:\/\/www.allthingsstone.com\/ca-fr\/product\/latte-en-metal-galvanise-de-25-livres\/","name":"Latte en m\u00e9tal galvanis\u00e9 de 2,5 livres | CSI FR","isPartOf":{"@id":"https:\/\/www.allthingsstone.com\/ca-fr\/#website"},"datePublished":"2017-08-15T01:19:27+00:00","dateModified":"2025-01-15T22:36:48+00:00","description":"Latte en m\u00e9tal galvanis\u00e9 de 2,5 livres pr\u00e9sente une finition galvanis\u00e9e G60 avec des extr\u00e9mit\u00e9s carr\u00e9es et des bords lisses et parall\u00e8les, garantissant une manipulation et une installation rapides et faciles.","breadcrumb":{"@id":"https:\/\/www.allthingsstone.com\/ca-fr\/product\/latte-en-metal-galvanise-de-25-livres\/#breadcrumb"},"inLanguage":"en-CA","potentialAction":[{"@type":"ReadAction","target":["https:\/\/www.allthingsstone.com\/ca-fr\/product\/latte-en-metal-galvanise-de-25-livres\/"]}]},{"@type":"BreadcrumbList","@id":"https:\/\/www.allthingsstone.com\/ca-fr\/product\/latte-en-metal-galvanise-de-25-livres\/#breadcrumb","itemListElement":[{"@type":"ListItem","position":1,"name":"Home","item":"https:\/\/www.allthingsstone.com\/ca-fr\/"},{"@type":"ListItem","position":2,"name":"Standard Flat Galvanized Metal Lath"}]},{"@type":"WebSite","@id":"https:\/\/www.allthingsstone.com\/ca-fr\/#website","url":"https:\/\/www.allthingsstone.com\/ca-fr\/","name":"CSI - Canadian Stone Industries FR","description":"","potentialAction":[{"@type":"SearchAction","target":{"@type":"EntryPoint","urlTemplate":"https:\/\/www.allthingsstone.com\/ca-fr\/?s={search_term_string}"},"query-input":"required name=search_term_string"}],"inLanguage":"en-CA"}]}},"_links":{"self":[{"href":"https:\/\/www.allthingsstone.com\/ca-fr\/wp-json\/wp\/v2\/product\/14019","targetHints":{"allow":["GET"]}}],"collection":[{"href":"https:\/\/www.allthingsstone.com\/ca-fr\/wp-json\/wp\/v2\/product"}],"about":[{"href":"https:\/\/www.allthingsstone.com\/ca-fr\/wp-json\/wp\/v2\/types\/product"}],"replies":[{"embeddable":true,"href":"https:\/\/www.allthingsstone.com\/ca-fr\/wp-json\/wp\/v2\/comments?post=14019"}],"wp:featuredmedia":[{"embeddable":true,"href":"https:\/\/www.allthingsstone.com\/ca-fr\/wp-json\/wp\/v2\/media\/7793"}],"wp:attachment":[{"href":"https:\/\/www.allthingsstone.com\/ca-fr\/wp-json\/wp\/v2\/media?parent=14019"}],"wp:term":[{"taxonomy":"product_cat","embeddable":true,"href":"https:\/\/www.allthingsstone.com\/ca-fr\/wp-json\/wp\/v2\/product_cat?post=14019"},{"taxonomy":"product_tag","embeddable":true,"href":"https:\/\/www.allthingsstone.com\/ca-fr\/wp-json\/wp\/v2\/product_tag?post=14019"}],"curies":[{"name":"wp","href":"https:\/\/api.w.org\/{rel}","templated":true}]}}