{"id":14018,"date":"2017-08-14T21:20:02","date_gmt":"2017-08-15T01:20:02","guid":{"rendered":"http:\/\/www.allthingsstone.com\/ca-fr\/product\/latte-metallique-plate-galvanisee-avec-papier\/"},"modified":"2024-10-21T11:55:54","modified_gmt":"2024-10-21T15:55:54","slug":"latte-metallique-plate-galvanisee-avec-papier","status":"publish","type":"product","link":"https:\/\/www.allthingsstone.com\/ca-fr\/product\/latte-metallique-a-rainure-en-v\/","title":{"rendered":"latte m\u00e9tallique galvanis\u00e9e \u00e0 rainure en V de 1\/8 po \u00e0 support papier de 3,4 lb"},"content":{"rendered":"<div id=\"pl-14018\"  class=\"panel-layout\" ><div id=\"pg-14018-0\"  class=\"panel-grid panel-no-style\" ><div id=\"pgc-14018-0-0\"  class=\"panel-grid-cell\" ><div id=\"panel-14018-0-0-0\" class=\"so-panel widget widget_sow-editor panel-first-child\" data-index=\"0\" ><div\n\t\t\t\n\t\t\tclass=\"so-widget-sow-editor so-widget-sow-editor-base\"\n\t\t\t\n\t\t>\n<div class=\"siteorigin-widget-tinymce textwidget\">\n\t<div class=\"TypographyPresentation TypographyPresentation--medium RichText3-paragraph--withVSpacingNormal RichText3-paragraph\">La latte m\u00e9tallique galvanis\u00e9e \u00e0 rainure en V de 1\/8 po sur papier est disponible en 3,4 lb.\u00a0Fabriqu\u00e9e \u00e0 partir de feuilles de lattes m\u00e9talliques galvanis\u00e9es standard de 3,4 lb avec de subtiles rainures en V horizontales de 1\/8 po, cette latte est livr\u00e9e avec une barri\u00e8re r\u00e9sistante aux intemp\u00e9ries (WRB) en papier satur\u00e9 d'asphalte.<\/div>\n<div class=\"TypographyPresentation TypographyPresentation--medium RichText3-paragraph--withVSpacingNormal RichText3-paragraph\"><\/div>\n<div class=\"TypographyPresentation TypographyPresentation--medium RichText3-paragraph--withVSpacingNormal RichText3-paragraph\">Notre latte m\u00e9tallique galvanis\u00e9e \u00e0 rainure en V de 1\/8 po \u00e0 support papier de 3,4 lb est id\u00e9ale pour les applications de ma\u00e7onnerie n\u00e9cessitant deux couches de WRB, ou sp\u00e9cifiquement pour les installations de placage en pierre o\u00f9 la premi\u00e8re couche de WRB a d\u00e9j\u00e0 \u00e9t\u00e9 install\u00e9e. Les V permettent un int\u00e9gration compl\u00e8te dans et derri\u00e8re la latte pour une liaison m\u00e9canique sup\u00e9rieure. Une latte m\u00e9tallique expans\u00e9e \u00e0 rainure en V auto-fourr\u00e9e est id\u00e9ale pour une utilisation int\u00e9rieure et ext\u00e9rieure sur la ma\u00e7onnerie, le rev\u00eatement et d'autres surfaces solides.<\/div>\n<\/div>\n<\/div><\/div><div id=\"panel-14018-0-0-1\" class=\"so-panel widget widget_sow-editor panel-last-child\" data-index=\"1\" ><div\n\t\t\t\n\t\t\tclass=\"so-widget-sow-editor so-widget-sow-editor-base\"\n\t\t\t\n\t\t>\n<div class=\"siteorigin-widget-tinymce textwidget\">\n\t<p>Cliquez sur\u00a0<a href=\"https:\/\/www.allthingsstone.com\/ca-fr\/ou-acheter\/\" target=\"_blank\" rel=\"noopener noreferrer\"><strong>O\u00f9 acheter<\/strong><\/a>\u00a0pour trouver un d\u00e9taillant qui vend les lattes m\u00e9talliques galvanis\u00e9es au Qu\u00e9bec.<\/p>\n<\/div>\n<\/div><\/div><\/div><\/div><div id=\"pg-14018-1\"  class=\"panel-grid panel-no-style\" ><div id=\"pgc-14018-1-0\"  class=\"panel-grid-cell\" ><div id=\"panel-14018-1-0-0\" class=\"so-panel widget widget_sow-image panel-first-child panel-last-child\" data-index=\"2\" ><div\n\t\t\t\n\t\t\tclass=\"so-widget-sow-image so-widget-sow-image-default-8b5b6f678277-14018\"\n\t\t\t\n\t\t>\n\n<div class=\"sow-image-container\">\n\t\t\t<a href=\"https:\/\/www.allthingsstone.com\/ca-fr\/wp-content\/uploads\/sites\/12\/2017\/08\/Paper-Backed-3.4-lbs.-18-V-Groove-Galvanized-Metal-Lath-1-scaled.jpg\"\n\t\t\tdata-lightbox=\"162128047367103da2651c9618829476\" data-lightbox-options=\"{&quot;alwaysShowNavOnTouchDevices&quot;:false,&quot;disabledOnTablet&quot;:false,&quot;disabledOnMobile&quot;:false,&quot;disableScrolling&quot;:false,&quot;overlayColor&quot;:&quot;#000&quot;,&quot;overlayOpacity&quot;:0.8,&quot;fadeDuration&quot;:600,&quot;fitImagesInViewport&quot;:true,&quot;imageFadeDuration&quot;:600,&quot;maxHeight&quot;:&quot;&quot;,&quot;maxWidth&quot;:&quot;&quot;,&quot;positionFromTop&quot;:50,&quot;resizeDuration&quot;:700,&quot;showImageNumberLabel&quot;:true,&quot;disableCaption&quot;:&quot;&quot;,&quot;wrapAround&quot;:true,&quot;albumLabel&quot;:&quot; %1 of %2&quot;}\" data-title=\"latte m\u00e9tallique galvanis\u00e9e \u00e0 rainure en V de 1\/8 po \u00e0 support papier de 3,4 lb\" \t\t>\n\t\t\t<img decoding=\"async\" src=\"https:\/\/www.allthingsstone.com\/ca-fr\/wp-content\/uploads\/sites\/12\/2017\/08\/Paper-Backed-3.4-lbs.-18-V-Groove-Galvanized-Metal-Lath-1-scaled.jpg\" width=\"2048\" height=\"2048\" srcset=\"https:\/\/www.allthingsstone.com\/ca-fr\/wp-content\/uploads\/sites\/12\/2017\/08\/Paper-Backed-3.4-lbs.-18-V-Groove-Galvanized-Metal-Lath-1-scaled.jpg 2048w, https:\/\/www.allthingsstone.com\/ca-fr\/wp-content\/uploads\/sites\/12\/2017\/08\/Paper-Backed-3.4-lbs.-18-V-Groove-Galvanized-Metal-Lath-1-300x300.jpg 300w, https:\/\/www.allthingsstone.com\/ca-fr\/wp-content\/uploads\/sites\/12\/2017\/08\/Paper-Backed-3.4-lbs.-18-V-Groove-Galvanized-Metal-Lath-1-1024x1024.jpg 1024w, https:\/\/www.allthingsstone.com\/ca-fr\/wp-content\/uploads\/sites\/12\/2017\/08\/Paper-Backed-3.4-lbs.-18-V-Groove-Galvanized-Metal-Lath-1-150x150.jpg 150w, https:\/\/www.allthingsstone.com\/ca-fr\/wp-content\/uploads\/sites\/12\/2017\/08\/Paper-Backed-3.4-lbs.-18-V-Groove-Galvanized-Metal-Lath-1-768x768.jpg 768w, https:\/\/www.allthingsstone.com\/ca-fr\/wp-content\/uploads\/sites\/12\/2017\/08\/Paper-Backed-3.4-lbs.-18-V-Groove-Galvanized-Metal-Lath-1-250x250.jpg 250w, https:\/\/www.allthingsstone.com\/ca-fr\/wp-content\/uploads\/sites\/12\/2017\/08\/Paper-Backed-3.4-lbs.-18-V-Groove-Galvanized-Metal-Lath-1-120x120.jpg 120w, https:\/\/www.allthingsstone.com\/ca-fr\/wp-content\/uploads\/sites\/12\/2017\/08\/Paper-Backed-3.4-lbs.-18-V-Groove-Galvanized-Metal-Lath-1-1536x1536.jpg 1536w, https:\/\/www.allthingsstone.com\/ca-fr\/wp-content\/uploads\/sites\/12\/2017\/08\/Paper-Backed-3.4-lbs.-18-V-Groove-Galvanized-Metal-Lath-1-600x600.jpg 600w, https:\/\/www.allthingsstone.com\/ca-fr\/wp-content\/uploads\/sites\/12\/2017\/08\/Paper-Backed-3.4-lbs.-18-V-Groove-Galvanized-Metal-Lath-1-100x100.jpg 100w\" sizes=\"auto, (max-width: 2048px) 100vw, 2048px\" title=\"latte m\u00e9tallique galvanis\u00e9e \u00e0 rainure en V de 1\/8 po \u00e0 support papier de 3,4 lb\" alt=\"latte m\u00e9tallique galvanis\u00e9e \u00e0 rainure en V de 1\/8 po \u00e0 support papier de 3,4 lb\" loading=\"lazy\" \t\tclass=\"so-widget-image\"\/>\n\t<\/a><\/div>\n\n<\/div><\/div><\/div><div id=\"pgc-14018-1-1\"  class=\"panel-grid-cell\" ><div id=\"panel-14018-1-1-0\" class=\"so-panel widget widget_sow-image panel-first-child panel-last-child\" data-index=\"3\" ><div\n\t\t\t\n\t\t\tclass=\"so-widget-sow-image so-widget-sow-image-default-8b5b6f678277-14018\"\n\t\t\t\n\t\t>\n\n<div class=\"sow-image-container\">\n\t\t\t<a href=\"https:\/\/www.allthingsstone.com\/ca-fr\/wp-content\/uploads\/sites\/12\/2017\/08\/Paper-Backed-3.4-lbs.-18-V-Groove-Galvanized-Metal-Lath-6.jpg\"\n\t\t\tdata-lightbox=\"76273462767103dacabd58182814590\" data-lightbox-options=\"{&quot;alwaysShowNavOnTouchDevices&quot;:false,&quot;disabledOnTablet&quot;:false,&quot;disabledOnMobile&quot;:false,&quot;disableScrolling&quot;:false,&quot;overlayColor&quot;:&quot;#000&quot;,&quot;overlayOpacity&quot;:0.8,&quot;fadeDuration&quot;:600,&quot;fitImagesInViewport&quot;:true,&quot;imageFadeDuration&quot;:600,&quot;maxHeight&quot;:&quot;&quot;,&quot;maxWidth&quot;:&quot;&quot;,&quot;positionFromTop&quot;:50,&quot;resizeDuration&quot;:700,&quot;showImageNumberLabel&quot;:true,&quot;disableCaption&quot;:&quot;&quot;,&quot;wrapAround&quot;:true,&quot;albumLabel&quot;:&quot; %1 of %2&quot;}\" data-title=\"latte m\u00e9tallique galvanis\u00e9e \u00e0 rainure en V de 1\/8 po \u00e0 support papier de 3,4 lb\" \t\t>\n\t\t\t<img decoding=\"async\" src=\"https:\/\/www.allthingsstone.com\/ca-fr\/wp-content\/uploads\/sites\/12\/2017\/08\/Paper-Backed-3.4-lbs.-18-V-Groove-Galvanized-Metal-Lath-6.jpg\" width=\"1940\" height=\"1940\" srcset=\"https:\/\/www.allthingsstone.com\/ca-fr\/wp-content\/uploads\/sites\/12\/2017\/08\/Paper-Backed-3.4-lbs.-18-V-Groove-Galvanized-Metal-Lath-6.jpg 1940w, https:\/\/www.allthingsstone.com\/ca-fr\/wp-content\/uploads\/sites\/12\/2017\/08\/Paper-Backed-3.4-lbs.-18-V-Groove-Galvanized-Metal-Lath-6-300x300.jpg 300w, https:\/\/www.allthingsstone.com\/ca-fr\/wp-content\/uploads\/sites\/12\/2017\/08\/Paper-Backed-3.4-lbs.-18-V-Groove-Galvanized-Metal-Lath-6-1024x1024.jpg 1024w, https:\/\/www.allthingsstone.com\/ca-fr\/wp-content\/uploads\/sites\/12\/2017\/08\/Paper-Backed-3.4-lbs.-18-V-Groove-Galvanized-Metal-Lath-6-150x150.jpg 150w, https:\/\/www.allthingsstone.com\/ca-fr\/wp-content\/uploads\/sites\/12\/2017\/08\/Paper-Backed-3.4-lbs.-18-V-Groove-Galvanized-Metal-Lath-6-768x768.jpg 768w, https:\/\/www.allthingsstone.com\/ca-fr\/wp-content\/uploads\/sites\/12\/2017\/08\/Paper-Backed-3.4-lbs.-18-V-Groove-Galvanized-Metal-Lath-6-250x250.jpg 250w, https:\/\/www.allthingsstone.com\/ca-fr\/wp-content\/uploads\/sites\/12\/2017\/08\/Paper-Backed-3.4-lbs.-18-V-Groove-Galvanized-Metal-Lath-6-120x120.jpg 120w, https:\/\/www.allthingsstone.com\/ca-fr\/wp-content\/uploads\/sites\/12\/2017\/08\/Paper-Backed-3.4-lbs.-18-V-Groove-Galvanized-Metal-Lath-6-1536x1536.jpg 1536w, https:\/\/www.allthingsstone.com\/ca-fr\/wp-content\/uploads\/sites\/12\/2017\/08\/Paper-Backed-3.4-lbs.-18-V-Groove-Galvanized-Metal-Lath-6-600x600.jpg 600w, https:\/\/www.allthingsstone.com\/ca-fr\/wp-content\/uploads\/sites\/12\/2017\/08\/Paper-Backed-3.4-lbs.-18-V-Groove-Galvanized-Metal-Lath-6-100x100.jpg 100w\" sizes=\"auto, (max-width: 1940px) 100vw, 1940px\" title=\"latte m\u00e9tallique galvanis\u00e9e \u00e0 rainure en V de 1\/8 po \u00e0 support papier de 3,4 lb\" alt=\"latte m\u00e9tallique galvanis\u00e9e \u00e0 rainure en V de 1\/8 po \u00e0 support papier de 3,4 lb\" loading=\"lazy\" \t\tclass=\"so-widget-image\"\/>\n\t<\/a><\/div>\n\n<\/div><\/div><\/div><div id=\"pgc-14018-1-2\"  class=\"panel-grid-cell\" ><div id=\"panel-14018-1-2-0\" class=\"so-panel widget widget_sow-image panel-first-child panel-last-child\" data-index=\"4\" ><div\n\t\t\t\n\t\t\tclass=\"so-widget-sow-image so-widget-sow-image-default-8b5b6f678277-14018\"\n\t\t\t\n\t\t>\n\n<div class=\"sow-image-container\">\n\t\t\t<a href=\"https:\/\/www.allthingsstone.com\/ca-fr\/wp-content\/uploads\/sites\/12\/2017\/08\/Paper-Backed-3.4-lbs.-18-V-Groove-Galvanized-Metal-Lath--scaled.jpg\"\n\t\t\tdata-lightbox=\"20614445467103d7db0178897047309\" data-lightbox-options=\"{&quot;alwaysShowNavOnTouchDevices&quot;:false,&quot;disabledOnTablet&quot;:false,&quot;disabledOnMobile&quot;:false,&quot;disableScrolling&quot;:false,&quot;overlayColor&quot;:&quot;#000&quot;,&quot;overlayOpacity&quot;:0.8,&quot;fadeDuration&quot;:600,&quot;fitImagesInViewport&quot;:true,&quot;imageFadeDuration&quot;:600,&quot;maxHeight&quot;:&quot;&quot;,&quot;maxWidth&quot;:&quot;&quot;,&quot;positionFromTop&quot;:50,&quot;resizeDuration&quot;:700,&quot;showImageNumberLabel&quot;:true,&quot;disableCaption&quot;:&quot;&quot;,&quot;wrapAround&quot;:true,&quot;albumLabel&quot;:&quot; %1 of %2&quot;}\" data-title=\"latte m\u00e9tallique galvanis\u00e9e \u00e0 rainure en V de 1\/8 po \u00e0 support papier de 3,4 lb\" \t\t>\n\t\t\t<img decoding=\"async\" src=\"https:\/\/www.allthingsstone.com\/ca-fr\/wp-content\/uploads\/sites\/12\/2017\/08\/Paper-Backed-3.4-lbs.-18-V-Groove-Galvanized-Metal-Lath--scaled.jpg\" width=\"2048\" height=\"2048\" srcset=\"https:\/\/www.allthingsstone.com\/ca-fr\/wp-content\/uploads\/sites\/12\/2017\/08\/Paper-Backed-3.4-lbs.-18-V-Groove-Galvanized-Metal-Lath--scaled.jpg 2048w, https:\/\/www.allthingsstone.com\/ca-fr\/wp-content\/uploads\/sites\/12\/2017\/08\/Paper-Backed-3.4-lbs.-18-V-Groove-Galvanized-Metal-Lath--300x300.jpg 300w, https:\/\/www.allthingsstone.com\/ca-fr\/wp-content\/uploads\/sites\/12\/2017\/08\/Paper-Backed-3.4-lbs.-18-V-Groove-Galvanized-Metal-Lath--1024x1024.jpg 1024w, https:\/\/www.allthingsstone.com\/ca-fr\/wp-content\/uploads\/sites\/12\/2017\/08\/Paper-Backed-3.4-lbs.-18-V-Groove-Galvanized-Metal-Lath--150x150.jpg 150w, https:\/\/www.allthingsstone.com\/ca-fr\/wp-content\/uploads\/sites\/12\/2017\/08\/Paper-Backed-3.4-lbs.-18-V-Groove-Galvanized-Metal-Lath--768x768.jpg 768w, https:\/\/www.allthingsstone.com\/ca-fr\/wp-content\/uploads\/sites\/12\/2017\/08\/Paper-Backed-3.4-lbs.-18-V-Groove-Galvanized-Metal-Lath--250x250.jpg 250w, https:\/\/www.allthingsstone.com\/ca-fr\/wp-content\/uploads\/sites\/12\/2017\/08\/Paper-Backed-3.4-lbs.-18-V-Groove-Galvanized-Metal-Lath--120x120.jpg 120w, https:\/\/www.allthingsstone.com\/ca-fr\/wp-content\/uploads\/sites\/12\/2017\/08\/Paper-Backed-3.4-lbs.-18-V-Groove-Galvanized-Metal-Lath--1536x1536.jpg 1536w, https:\/\/www.allthingsstone.com\/ca-fr\/wp-content\/uploads\/sites\/12\/2017\/08\/Paper-Backed-3.4-lbs.-18-V-Groove-Galvanized-Metal-Lath--600x600.jpg 600w, https:\/\/www.allthingsstone.com\/ca-fr\/wp-content\/uploads\/sites\/12\/2017\/08\/Paper-Backed-3.4-lbs.-18-V-Groove-Galvanized-Metal-Lath--100x100.jpg 100w\" sizes=\"auto, (max-width: 2048px) 100vw, 2048px\" title=\"latte m\u00e9tallique galvanis\u00e9e \u00e0 rainure en V de 1\/8 po \u00e0 support papier de 3,4 lb\" alt=\"latte m\u00e9tallique galvanis\u00e9e \u00e0 rainure en V de 1\/8 po \u00e0 support papier de 3,4 lb\" loading=\"lazy\" \t\tclass=\"so-widget-image\"\/>\n\t<\/a><\/div>\n\n<\/div><\/div><\/div><\/div><\/div>","protected":false},"excerpt":{"rendered":"<p>La latte m\u00e9tallique galvanis\u00e9e \u00e0 rainure en V de 1\/8 po sur papier est disponible en 3,4 lb.\u00a0Fabriqu\u00e9e \u00e0 partir de feuilles de lattes m\u00e9talliques &hellip; <a href=\"https:\/\/www.allthingsstone.com\/ca-fr\/product\/latte-metallique-a-rainure-en-v\/\">Continued<\/a><\/p>\n","protected":false},"featured_media":20220,"comment_status":"open","ping_status":"closed","template":"","meta":{"inline_featured_image":false,"_mi_skip_tracking":false,"_exactmetrics_sitenote_active":false,"_exactmetrics_sitenote_note":"","_exactmetrics_sitenote_category":0},"product_cat":[6531],"product_tag":[6555],"class_list":["post-14018","product","type-product","status-publish","has-post-thumbnail","hentry","product_cat-produits-de-construction","product_tag-galvanized-metal-lath-products","brands-latte-metallique-galvanisee","single_resource-galvanized-metal-lath"],"acf":[],"yoast_head":"<!-- This site is optimized with the Yoast SEO Premium plugin v21.6 (Yoast SEO v21.6) - https:\/\/yoast.com\/wordpress\/plugins\/seo\/ -->\n<title>latte m\u00e9tallique galvanis\u00e9e \u00e0 rainure en V| CSI FR<\/title>\n<meta name=\"description\" content=\"Le latte m\u00e9tallique plate galvanis\u00e9e avec papier sont offertes en format de 3,4 lb. Fabriqu\u00e9es \u00e0 partir des lattes m\u00e9talliques plates galvanis\u00e9es standards de 3,4 lb, nos latte m\u00e9tallique plate galvanis\u00e9e avec papier sont dot\u00e9es d\u2019un rev\u00eatement asphalt\u00e9 r\u00e9sistant aux intemp\u00e9ries.\" \/>\n<meta name=\"robots\" content=\"index, follow, max-snippet:-1, max-image-preview:large, max-video-preview:-1\" \/>\n<link rel=\"canonical\" href=\"https:\/\/www.allthingsstone.com\/ca-fr\/product\/latte-metallique-a-rainure-en-v\/\" \/>\n<meta property=\"og:locale\" content=\"en_US\" \/>\n<meta property=\"og:type\" content=\"article\" \/>\n<meta property=\"og:title\" content=\"latte m\u00e9tallique galvanis\u00e9e \u00e0 rainure en V de 1\/8 po \u00e0 support papier de 3,4 lb\" \/>\n<meta property=\"og:description\" content=\"Le latte m\u00e9tallique plate galvanis\u00e9e avec papier sont offertes en format de 3,4 lb. Fabriqu\u00e9es \u00e0 partir des lattes m\u00e9talliques plates galvanis\u00e9es standards de 3,4 lb, nos latte m\u00e9tallique plate galvanis\u00e9e avec papier sont dot\u00e9es d\u2019un rev\u00eatement asphalt\u00e9 r\u00e9sistant aux intemp\u00e9ries.\" \/>\n<meta property=\"og:url\" content=\"https:\/\/www.allthingsstone.com\/ca-fr\/product\/latte-metallique-a-rainure-en-v\/\" \/>\n<meta property=\"og:site_name\" content=\"CSI - Canadian Stone Industries FR\" \/>\n<meta property=\"article:modified_time\" content=\"2024-10-21T15:55:54+00:00\" \/>\n<meta property=\"og:image\" content=\"https:\/\/www.allthingsstone.com\/ca-fr\/wp-content\/uploads\/sites\/12\/2017\/08\/Paper-Backed-3.4-lbs.-18-V-Groove-Galvanized-Metal-Lath.png\" \/>\n\t<meta property=\"og:image:width\" content=\"459\" \/>\n\t<meta property=\"og:image:height\" content=\"339\" \/>\n\t<meta property=\"og:image:type\" content=\"image\/png\" \/>\n<meta name=\"twitter:card\" content=\"summary_large_image\" \/>\n<meta name=\"twitter:label1\" content=\"Est. reading time\" \/>\n\t<meta name=\"twitter:data1\" content=\"1 minute\" \/>\n<script type=\"application\/ld+json\" class=\"yoast-schema-graph\">{\"@context\":\"https:\/\/schema.org\",\"@graph\":[{\"@type\":\"WebPage\",\"@id\":\"https:\/\/www.allthingsstone.com\/ca-fr\/product\/latte-metallique-a-rainure-en-v\/\",\"url\":\"https:\/\/www.allthingsstone.com\/ca-fr\/product\/latte-metallique-a-rainure-en-v\/\",\"name\":\"latte m\u00e9tallique galvanis\u00e9e \u00e0 rainure en V| CSI FR\",\"isPartOf\":{\"@id\":\"https:\/\/www.allthingsstone.com\/ca-fr\/#website\"},\"datePublished\":\"2017-08-15T01:20:02+00:00\",\"dateModified\":\"2024-10-21T15:55:54+00:00\",\"description\":\"Le latte m\u00e9tallique plate galvanis\u00e9e avec papier sont offertes en format de 3,4 lb. Fabriqu\u00e9es \u00e0 partir des lattes m\u00e9talliques plates galvanis\u00e9es standards de 3,4 lb, nos latte m\u00e9tallique plate galvanis\u00e9e avec papier sont dot\u00e9es d\u2019un rev\u00eatement asphalt\u00e9 r\u00e9sistant aux intemp\u00e9ries.\",\"breadcrumb\":{\"@id\":\"https:\/\/www.allthingsstone.com\/ca-fr\/product\/latte-metallique-a-rainure-en-v\/#breadcrumb\"},\"inLanguage\":\"en-CA\",\"potentialAction\":[{\"@type\":\"ReadAction\",\"target\":[\"https:\/\/www.allthingsstone.com\/ca-fr\/product\/latte-metallique-a-rainure-en-v\/\"]}]},{\"@type\":\"BreadcrumbList\",\"@id\":\"https:\/\/www.allthingsstone.com\/ca-fr\/product\/latte-metallique-a-rainure-en-v\/#breadcrumb\",\"itemListElement\":[{\"@type\":\"ListItem\",\"position\":1,\"name\":\"Home\",\"item\":\"https:\/\/www.allthingsstone.com\/ca-fr\/\"},{\"@type\":\"ListItem\",\"position\":2,\"name\":\"latte m\u00e9tallique galvanis\u00e9e \u00e0 rainure en V de 1\/8 po \u00e0 support papier de 3,4 lb\"}]},{\"@type\":\"WebSite\",\"@id\":\"https:\/\/www.allthingsstone.com\/ca-fr\/#website\",\"url\":\"https:\/\/www.allthingsstone.com\/ca-fr\/\",\"name\":\"CSI - Canadian Stone Industries FR\",\"description\":\"\",\"potentialAction\":[{\"@type\":\"SearchAction\",\"target\":{\"@type\":\"EntryPoint\",\"urlTemplate\":\"https:\/\/www.allthingsstone.com\/ca-fr\/?s={search_term_string}\"},\"query-input\":\"required name=search_term_string\"}],\"inLanguage\":\"en-CA\"}]}<\/script>\n<!-- \/ Yoast SEO Premium plugin. -->","yoast_head_json":{"title":"latte m\u00e9tallique galvanis\u00e9e \u00e0 rainure en V| CSI FR","description":"Le latte m\u00e9tallique plate galvanis\u00e9e avec papier sont offertes en format de 3,4 lb. Fabriqu\u00e9es \u00e0 partir des lattes m\u00e9talliques plates galvanis\u00e9es standards de 3,4 lb, nos latte m\u00e9tallique plate galvanis\u00e9e avec papier sont dot\u00e9es d\u2019un rev\u00eatement asphalt\u00e9 r\u00e9sistant aux intemp\u00e9ries.","robots":{"index":"index","follow":"follow","max-snippet":"max-snippet:-1","max-image-preview":"max-image-preview:large","max-video-preview":"max-video-preview:-1"},"canonical":"https:\/\/www.allthingsstone.com\/ca-fr\/product\/latte-metallique-a-rainure-en-v\/","og_locale":"en_US","og_type":"article","og_title":"latte m\u00e9tallique galvanis\u00e9e \u00e0 rainure en V de 1\/8 po \u00e0 support papier de 3,4 lb","og_description":"Le latte m\u00e9tallique plate galvanis\u00e9e avec papier sont offertes en format de 3,4 lb. Fabriqu\u00e9es \u00e0 partir des lattes m\u00e9talliques plates galvanis\u00e9es standards de 3,4 lb, nos latte m\u00e9tallique plate galvanis\u00e9e avec papier sont dot\u00e9es d\u2019un rev\u00eatement asphalt\u00e9 r\u00e9sistant aux intemp\u00e9ries.","og_url":"https:\/\/www.allthingsstone.com\/ca-fr\/product\/latte-metallique-a-rainure-en-v\/","og_site_name":"CSI - Canadian Stone Industries FR","article_modified_time":"2024-10-21T15:55:54+00:00","og_image":[{"width":459,"height":339,"url":"https:\/\/www.allthingsstone.com\/ca-fr\/wp-content\/uploads\/sites\/12\/2017\/08\/Paper-Backed-3.4-lbs.-18-V-Groove-Galvanized-Metal-Lath.png","type":"image\/png"}],"twitter_card":"summary_large_image","twitter_misc":{"Est. reading time":"1 minute"},"schema":{"@context":"https:\/\/schema.org","@graph":[{"@type":"WebPage","@id":"https:\/\/www.allthingsstone.com\/ca-fr\/product\/latte-metallique-a-rainure-en-v\/","url":"https:\/\/www.allthingsstone.com\/ca-fr\/product\/latte-metallique-a-rainure-en-v\/","name":"latte m\u00e9tallique galvanis\u00e9e \u00e0 rainure en V| CSI FR","isPartOf":{"@id":"https:\/\/www.allthingsstone.com\/ca-fr\/#website"},"datePublished":"2017-08-15T01:20:02+00:00","dateModified":"2024-10-21T15:55:54+00:00","description":"Le latte m\u00e9tallique plate galvanis\u00e9e avec papier sont offertes en format de 3,4 lb. Fabriqu\u00e9es \u00e0 partir des lattes m\u00e9talliques plates galvanis\u00e9es standards de 3,4 lb, nos latte m\u00e9tallique plate galvanis\u00e9e avec papier sont dot\u00e9es d\u2019un rev\u00eatement asphalt\u00e9 r\u00e9sistant aux intemp\u00e9ries.","breadcrumb":{"@id":"https:\/\/www.allthingsstone.com\/ca-fr\/product\/latte-metallique-a-rainure-en-v\/#breadcrumb"},"inLanguage":"en-CA","potentialAction":[{"@type":"ReadAction","target":["https:\/\/www.allthingsstone.com\/ca-fr\/product\/latte-metallique-a-rainure-en-v\/"]}]},{"@type":"BreadcrumbList","@id":"https:\/\/www.allthingsstone.com\/ca-fr\/product\/latte-metallique-a-rainure-en-v\/#breadcrumb","itemListElement":[{"@type":"ListItem","position":1,"name":"Home","item":"https:\/\/www.allthingsstone.com\/ca-fr\/"},{"@type":"ListItem","position":2,"name":"latte m\u00e9tallique galvanis\u00e9e \u00e0 rainure en V de 1\/8 po \u00e0 support papier de 3,4 lb"}]},{"@type":"WebSite","@id":"https:\/\/www.allthingsstone.com\/ca-fr\/#website","url":"https:\/\/www.allthingsstone.com\/ca-fr\/","name":"CSI - Canadian Stone Industries FR","description":"","potentialAction":[{"@type":"SearchAction","target":{"@type":"EntryPoint","urlTemplate":"https:\/\/www.allthingsstone.com\/ca-fr\/?s={search_term_string}"},"query-input":"required name=search_term_string"}],"inLanguage":"en-CA"}]}},"_links":{"self":[{"href":"https:\/\/www.allthingsstone.com\/ca-fr\/wp-json\/wp\/v2\/product\/14018","targetHints":{"allow":["GET"]}}],"collection":[{"href":"https:\/\/www.allthingsstone.com\/ca-fr\/wp-json\/wp\/v2\/product"}],"about":[{"href":"https:\/\/www.allthingsstone.com\/ca-fr\/wp-json\/wp\/v2\/types\/product"}],"replies":[{"embeddable":true,"href":"https:\/\/www.allthingsstone.com\/ca-fr\/wp-json\/wp\/v2\/comments?post=14018"}],"wp:featuredmedia":[{"embeddable":true,"href":"https:\/\/www.allthingsstone.com\/ca-fr\/wp-json\/wp\/v2\/media\/20220"}],"wp:attachment":[{"href":"https:\/\/www.allthingsstone.com\/ca-fr\/wp-json\/wp\/v2\/media?parent=14018"}],"wp:term":[{"taxonomy":"product_cat","embeddable":true,"href":"https:\/\/www.allthingsstone.com\/ca-fr\/wp-json\/wp\/v2\/product_cat?post=14018"},{"taxonomy":"product_tag","embeddable":true,"href":"https:\/\/www.allthingsstone.com\/ca-fr\/wp-json\/wp\/v2\/product_tag?post=14018"}],"curies":[{"name":"wp","href":"https:\/\/api.w.org\/{rel}","templated":true}]}}