{"id":14017,"date":"2017-08-14T21:24:10","date_gmt":"2017-08-15T01:24:10","guid":{"rendered":"http:\/\/www.allthingsstone.com\/ca-fr\/product\/bande-decoulement-drainaway\/"},"modified":"2025-05-12T12:30:32","modified_gmt":"2025-05-12T16:30:32","slug":"bande-decoulement-drainaway","status":"publish","type":"product","link":"https:\/\/www.allthingsstone.com\/ca-fr\/product\/bande-decoulement-drainaway\/","title":{"rendered":"DrainAway\u00ae Drainage Strip"},"content":{"rendered":"<div id=\"pl-14017\"  class=\"panel-layout\" ><div id=\"pg-14017-0\"  class=\"panel-grid panel-no-style\" ><div id=\"pgc-14017-0-0\"  class=\"panel-grid-cell\" ><div id=\"panel-14017-0-0-0\" class=\"so-panel widget widget_sow-editor panel-first-child\" data-index=\"0\" ><div\n\t\t\t\n\t\t\tclass=\"so-widget-sow-editor so-widget-sow-editor-base\"\n\t\t\t\n\t\t>\n<div class=\"siteorigin-widget-tinymce textwidget\">\n\t<p>DrainAway<sup>\u00ae<\/sup> est une bande d\u2019\u00e9coulement en acier galvanis\u00e9 en forme de \u00ab\u00a0L\u00a0\u00bb. Son rebord inf\u00e9rieur perfor\u00e9 garantit une a\u00e9ration ad\u00e9quate ainsi que l\u2019\u00e9coulement vertical de l\u2019humidit\u00e9 le long de la base du mur. Facile \u00e0 installer, la bande d\u2019\u00e9coulement DrainAway<sup>\u00ae<\/sup> convient \u00e0 un usage commercial ou r\u00e9sidentiel. Elle peut \u00eatre utilis\u00e9e avec de nombreux rev\u00eatements ext\u00e9rieurs tels que les placages de pierre usin\u00e9e, de pierre naturelle et de brique mince, et les parements de bois, de vinyle, de c\u00e8dre, de stuc et de ciment.<\/p>\n<\/div>\n<\/div><\/div><div id=\"panel-14017-0-0-1\" class=\"so-panel widget widget_sow-editor panel-last-child\" data-index=\"1\" ><div\n\t\t\t\n\t\t\tclass=\"so-widget-sow-editor so-widget-sow-editor-base\"\n\t\t\t\n\t\t>\n<div class=\"siteorigin-widget-tinymce textwidget\">\n\t<p>Cliquez sur\u00a0<a href=\"https:\/\/www.allthingsstone.com\/ca-fr\/ou-acheter\/\" target=\"_blank\" rel=\"noopener noreferrer\"><strong>O\u00f9 acheter<\/strong><\/a>\u00a0pour trouver un d\u00e9taillant des produits DrainAway<sup>\u00ae<\/sup>\u00a0au Qu\u00e9bec.<\/p>\n<\/div>\n<\/div><\/div><\/div><div id=\"pgc-14017-0-1\"  class=\"panel-grid-cell\" ><div id=\"panel-14017-0-1-0\" class=\"so-panel widget widget_sow-editor panel-first-child panel-last-child\" data-index=\"2\" ><div\n\t\t\t\n\t\t\tclass=\"so-widget-sow-editor so-widget-sow-editor-base\"\n\t\t\t\n\t\t>\n<div class=\"siteorigin-widget-tinymce textwidget\">\n\t<h5>Installation de la bande d\u2019\u00e9coulement DrainAway<sup>\u00ae<\/sup> sur un rev\u00eatement en ma\u00e7onnerie<\/h5>\n<h5><img loading=\"lazy\" decoding=\"async\" class=\"size-full wp-image-7487\" style=\"font-family: 'Open Sans', sans-serif;font-size: 16px\" src=\"http:\/\/www.allthingsstone.com\/ca-fr\/wp-content\/uploads\/sites\/12\/2017\/08\/DrainAway-Wall-Installation.png\" alt=\"\" width=\"498\" height=\"320\" srcset=\"https:\/\/www.allthingsstone.com\/ca-fr\/wp-content\/uploads\/sites\/12\/2017\/08\/DrainAway-Wall-Installation.png 498w, https:\/\/www.allthingsstone.com\/ca-fr\/wp-content\/uploads\/sites\/12\/2017\/08\/DrainAway-Wall-Installation-300x193.png 300w\" sizes=\"auto, (max-width: 498px) 100vw, 498px\" \/><\/h5>\n<\/div>\n<\/div><\/div><\/div><\/div><\/div>","protected":false},"excerpt":{"rendered":"<p>DrainAway\u00ae est une bande d\u2019\u00e9coulement en acier galvanis\u00e9 en forme de \u00ab\u00a0L\u00a0\u00bb. Son rebord inf\u00e9rieur perfor\u00e9 garantit une a\u00e9ration ad\u00e9quate ainsi que l\u2019\u00e9coulement vertical de &hellip; <a href=\"https:\/\/www.allthingsstone.com\/ca-fr\/product\/bande-decoulement-drainaway\/\">Continued<\/a><\/p>\n","protected":false},"featured_media":15003,"comment_status":"open","ping_status":"closed","template":"","meta":{"inline_featured_image":false,"_mi_skip_tracking":false,"_exactmetrics_sitenote_active":false,"_exactmetrics_sitenote_note":"","_exactmetrics_sitenote_category":0},"product_cat":[6531],"product_tag":[6554],"class_list":["post-14017","product","type-product","status-publish","has-post-thumbnail","hentry","product_cat-produits-de-construction","product_tag-drainaway"],"acf":[],"yoast_head":"<!-- This site is optimized with the Yoast SEO Premium plugin v21.6 (Yoast SEO v21.6) - https:\/\/yoast.com\/wordpress\/plugins\/seo\/ -->\n<title>Bande d\u2019\u00e9coulement DrainAway\u00ae | Canadian Stone Industries FR<\/title>\n<meta name=\"description\" content=\"DrainAway\u00ae est une bande d\u2019\u00e9coulement en acier galvanis\u00e9 en forme de \u00ab L \u00bb. Son rebord inf\u00e9rieur perfor\u00e9 garantit une a\u00e9ration ad\u00e9quate ainsi que l\u2019\u00e9coulement vertical de l\u2019humidit\u00e9 le long de la base du mur.\" \/>\n<meta name=\"robots\" content=\"index, follow, max-snippet:-1, max-image-preview:large, max-video-preview:-1\" \/>\n<link rel=\"canonical\" href=\"https:\/\/www.allthingsstone.com\/ca-fr\/product\/bande-decoulement-drainaway\/\" \/>\n<meta property=\"og:locale\" content=\"en_US\" \/>\n<meta property=\"og:type\" content=\"article\" \/>\n<meta property=\"og:title\" content=\"DrainAway\u00ae Drainage Strip\" \/>\n<meta property=\"og:description\" content=\"DrainAway\u00ae est une bande d\u2019\u00e9coulement en acier galvanis\u00e9 en forme de \u00ab L \u00bb. Son rebord inf\u00e9rieur perfor\u00e9 garantit une a\u00e9ration ad\u00e9quate ainsi que l\u2019\u00e9coulement vertical de l\u2019humidit\u00e9 le long de la base du mur.\" \/>\n<meta property=\"og:url\" content=\"https:\/\/www.allthingsstone.com\/ca-fr\/product\/bande-decoulement-drainaway\/\" \/>\n<meta property=\"og:site_name\" content=\"CSI - Canadian Stone Industries FR\" \/>\n<meta property=\"article:modified_time\" content=\"2025-05-12T16:30:32+00:00\" \/>\n<meta property=\"og:image\" content=\"https:\/\/www.allthingsstone.com\/ca-fr\/wp-content\/uploads\/sites\/12\/2017\/08\/DrainAway\u00ae-perforated-drainage-strip.png\" \/>\n\t<meta property=\"og:image:width\" content=\"459\" \/>\n\t<meta property=\"og:image:height\" content=\"339\" \/>\n\t<meta property=\"og:image:type\" content=\"image\/png\" \/>\n<meta name=\"twitter:card\" content=\"summary_large_image\" \/>\n<meta name=\"twitter:label1\" content=\"Est. reading time\" \/>\n\t<meta name=\"twitter:data1\" content=\"2 minutes\" \/>\n<script type=\"application\/ld+json\" class=\"yoast-schema-graph\">{\"@context\":\"https:\/\/schema.org\",\"@graph\":[{\"@type\":\"WebPage\",\"@id\":\"https:\/\/www.allthingsstone.com\/ca-fr\/product\/bande-decoulement-drainaway\/\",\"url\":\"https:\/\/www.allthingsstone.com\/ca-fr\/product\/bande-decoulement-drainaway\/\",\"name\":\"Bande d\u2019\u00e9coulement DrainAway\u00ae | Canadian Stone Industries FR\",\"isPartOf\":{\"@id\":\"https:\/\/www.allthingsstone.com\/ca-fr\/#website\"},\"datePublished\":\"2017-08-15T01:24:10+00:00\",\"dateModified\":\"2025-05-12T16:30:32+00:00\",\"description\":\"DrainAway\u00ae est une bande d\u2019\u00e9coulement en acier galvanis\u00e9 en forme de \u00ab L \u00bb. Son rebord inf\u00e9rieur perfor\u00e9 garantit une a\u00e9ration ad\u00e9quate ainsi que l\u2019\u00e9coulement vertical de l\u2019humidit\u00e9 le long de la base du mur.\",\"breadcrumb\":{\"@id\":\"https:\/\/www.allthingsstone.com\/ca-fr\/product\/bande-decoulement-drainaway\/#breadcrumb\"},\"inLanguage\":\"en-CA\",\"potentialAction\":[{\"@type\":\"ReadAction\",\"target\":[\"https:\/\/www.allthingsstone.com\/ca-fr\/product\/bande-decoulement-drainaway\/\"]}]},{\"@type\":\"BreadcrumbList\",\"@id\":\"https:\/\/www.allthingsstone.com\/ca-fr\/product\/bande-decoulement-drainaway\/#breadcrumb\",\"itemListElement\":[{\"@type\":\"ListItem\",\"position\":1,\"name\":\"Home\",\"item\":\"https:\/\/www.allthingsstone.com\/ca-fr\/\"},{\"@type\":\"ListItem\",\"position\":2,\"name\":\"DrainAway\u00ae Drainage Strip\"}]},{\"@type\":\"WebSite\",\"@id\":\"https:\/\/www.allthingsstone.com\/ca-fr\/#website\",\"url\":\"https:\/\/www.allthingsstone.com\/ca-fr\/\",\"name\":\"CSI - Canadian Stone Industries FR\",\"description\":\"\",\"potentialAction\":[{\"@type\":\"SearchAction\",\"target\":{\"@type\":\"EntryPoint\",\"urlTemplate\":\"https:\/\/www.allthingsstone.com\/ca-fr\/?s={search_term_string}\"},\"query-input\":\"required name=search_term_string\"}],\"inLanguage\":\"en-CA\"}]}<\/script>\n<!-- \/ Yoast SEO Premium plugin. -->","yoast_head_json":{"title":"Bande d\u2019\u00e9coulement DrainAway\u00ae | Canadian Stone Industries FR","description":"DrainAway\u00ae est une bande d\u2019\u00e9coulement en acier galvanis\u00e9 en forme de \u00ab L \u00bb. Son rebord inf\u00e9rieur perfor\u00e9 garantit une a\u00e9ration ad\u00e9quate ainsi que l\u2019\u00e9coulement vertical de l\u2019humidit\u00e9 le long de la base du mur.","robots":{"index":"index","follow":"follow","max-snippet":"max-snippet:-1","max-image-preview":"max-image-preview:large","max-video-preview":"max-video-preview:-1"},"canonical":"https:\/\/www.allthingsstone.com\/ca-fr\/product\/bande-decoulement-drainaway\/","og_locale":"en_US","og_type":"article","og_title":"DrainAway\u00ae Drainage Strip","og_description":"DrainAway\u00ae est une bande d\u2019\u00e9coulement en acier galvanis\u00e9 en forme de \u00ab L \u00bb. Son rebord inf\u00e9rieur perfor\u00e9 garantit une a\u00e9ration ad\u00e9quate ainsi que l\u2019\u00e9coulement vertical de l\u2019humidit\u00e9 le long de la base du mur.","og_url":"https:\/\/www.allthingsstone.com\/ca-fr\/product\/bande-decoulement-drainaway\/","og_site_name":"CSI - Canadian Stone Industries FR","article_modified_time":"2025-05-12T16:30:32+00:00","og_image":[{"width":459,"height":339,"url":"https:\/\/www.allthingsstone.com\/ca-fr\/wp-content\/uploads\/sites\/12\/2017\/08\/DrainAway\u00ae-perforated-drainage-strip.png","type":"image\/png"}],"twitter_card":"summary_large_image","twitter_misc":{"Est. reading time":"2 minutes"},"schema":{"@context":"https:\/\/schema.org","@graph":[{"@type":"WebPage","@id":"https:\/\/www.allthingsstone.com\/ca-fr\/product\/bande-decoulement-drainaway\/","url":"https:\/\/www.allthingsstone.com\/ca-fr\/product\/bande-decoulement-drainaway\/","name":"Bande d\u2019\u00e9coulement DrainAway\u00ae | Canadian Stone Industries FR","isPartOf":{"@id":"https:\/\/www.allthingsstone.com\/ca-fr\/#website"},"datePublished":"2017-08-15T01:24:10+00:00","dateModified":"2025-05-12T16:30:32+00:00","description":"DrainAway\u00ae est une bande d\u2019\u00e9coulement en acier galvanis\u00e9 en forme de \u00ab L \u00bb. Son rebord inf\u00e9rieur perfor\u00e9 garantit une a\u00e9ration ad\u00e9quate ainsi que l\u2019\u00e9coulement vertical de l\u2019humidit\u00e9 le long de la base du mur.","breadcrumb":{"@id":"https:\/\/www.allthingsstone.com\/ca-fr\/product\/bande-decoulement-drainaway\/#breadcrumb"},"inLanguage":"en-CA","potentialAction":[{"@type":"ReadAction","target":["https:\/\/www.allthingsstone.com\/ca-fr\/product\/bande-decoulement-drainaway\/"]}]},{"@type":"BreadcrumbList","@id":"https:\/\/www.allthingsstone.com\/ca-fr\/product\/bande-decoulement-drainaway\/#breadcrumb","itemListElement":[{"@type":"ListItem","position":1,"name":"Home","item":"https:\/\/www.allthingsstone.com\/ca-fr\/"},{"@type":"ListItem","position":2,"name":"DrainAway\u00ae Drainage Strip"}]},{"@type":"WebSite","@id":"https:\/\/www.allthingsstone.com\/ca-fr\/#website","url":"https:\/\/www.allthingsstone.com\/ca-fr\/","name":"CSI - Canadian Stone Industries FR","description":"","potentialAction":[{"@type":"SearchAction","target":{"@type":"EntryPoint","urlTemplate":"https:\/\/www.allthingsstone.com\/ca-fr\/?s={search_term_string}"},"query-input":"required name=search_term_string"}],"inLanguage":"en-CA"}]}},"_links":{"self":[{"href":"https:\/\/www.allthingsstone.com\/ca-fr\/wp-json\/wp\/v2\/product\/14017","targetHints":{"allow":["GET"]}}],"collection":[{"href":"https:\/\/www.allthingsstone.com\/ca-fr\/wp-json\/wp\/v2\/product"}],"about":[{"href":"https:\/\/www.allthingsstone.com\/ca-fr\/wp-json\/wp\/v2\/types\/product"}],"replies":[{"embeddable":true,"href":"https:\/\/www.allthingsstone.com\/ca-fr\/wp-json\/wp\/v2\/comments?post=14017"}],"wp:featuredmedia":[{"embeddable":true,"href":"https:\/\/www.allthingsstone.com\/ca-fr\/wp-json\/wp\/v2\/media\/15003"}],"wp:attachment":[{"href":"https:\/\/www.allthingsstone.com\/ca-fr\/wp-json\/wp\/v2\/media?parent=14017"}],"wp:term":[{"taxonomy":"product_cat","embeddable":true,"href":"https:\/\/www.allthingsstone.com\/ca-fr\/wp-json\/wp\/v2\/product_cat?post=14017"},{"taxonomy":"product_tag","embeddable":true,"href":"https:\/\/www.allthingsstone.com\/ca-fr\/wp-json\/wp\/v2\/product_tag?post=14017"}],"curies":[{"name":"wp","href":"https:\/\/api.w.org\/{rel}","templated":true}]}}