{"id":14015,"date":"2017-11-03T13:19:57","date_gmt":"2017-11-03T17:19:57","guid":{"rendered":"http:\/\/www.allthingsstone.com\/ca-fr\/product\/pierre-de-garniture-versetta-stone\/"},"modified":"2024-07-26T13:52:39","modified_gmt":"2024-07-26T17:52:39","slug":"pierre-de-garniture-versetta-stone","status":"publish","type":"product","link":"https:\/\/www.allthingsstone.com\/ca-fr\/product\/pierre-de-garniture-versetta-stone\/","title":{"rendered":"Trim Stone &#8211; Versetta Stone"},"content":{"rendered":"<div id=\"pl-14015\"  class=\"panel-layout\" ><div id=\"pg-14015-0\"  class=\"panel-grid panel-no-style\" ><div id=\"pgc-14015-0-0\"  class=\"panel-grid-cell\" ><div id=\"panel-14015-0-0-0\" class=\"so-panel widget widget_sow-editor panel-first-child\" data-index=\"0\" ><div\n\t\t\t\n\t\t\tclass=\"so-widget-sow-editor so-widget-sow-editor-base\"\n\t\t\t\n\t\t>\n<div class=\"siteorigin-widget-tinymce textwidget\">\n\t<p>Les pierres de garniture Versetta Stone<sup>\u00ae<\/sup> sont la solution parfaite pour la finition du contour des fen\u00eatres et des portes. Utilisez les pierres de garniture pour mettre la touche finale d\u00e9sir\u00e9e \u00e0 votre projet sans utiliser de mortier, sans l\u2019aide d\u2019un ma\u00e7on et sans faire de g\u00e2chis.<\/p>\n<\/div>\n<\/div><\/div><div id=\"panel-14015-0-0-1\" class=\"so-panel widget widget_sow-editor\" data-index=\"1\" ><div\n\t\t\t\n\t\t\tclass=\"so-widget-sow-editor so-widget-sow-editor-base\"\n\t\t\t\n\t\t>\n<div class=\"siteorigin-widget-tinymce textwidget\">\n\t<ul class=\"list\">\n<li class=\"list__item\">\n<h5>Caract\u00e9ristiques de\u00a0pierre de garniture de Versetta Stone<sup>\u00ae<\/sup>:<\/h5>\n<\/li>\n<\/ul>\n<ul>\n<li>\u2013 Compl\u00e8te \u00e0 merveille les panneaux de placage Versetta Stone<sup>\u00ae<\/sup><\/li>\n<li>\u2013 Pour utilisations int\u00e9rieures et ext\u00e9rieures<\/li>\n<li>\u2013 Aucun mortier, moins de g\u00e2chis<\/li>\n<li>\u2013 R\u00e9siste au gel et au d\u00e9gel, aux vents d\u2019intensit\u00e9 normale et \u00e0 la chaleur<\/li>\n<li>\u2013 Peut \u00eatre install\u00e9 quelles que soient les conditions m\u00e9t\u00e9o<\/li>\n<li>\u2013 3\u00a0bo\u00eetes donnent 6\u00a0unit\u00e9s<\/li>\n<li>\u2013 2\u00a0unit\u00e9s par bo\u00eete (6\u00a0pieds lin\u00e9aires par bo\u00eete)<\/li>\n<\/ul>\n<\/div>\n<\/div><\/div><div id=\"panel-14015-0-0-2\" class=\"so-panel widget widget_sow-editor panel-last-child\" data-index=\"2\" ><div\n\t\t\t\n\t\t\tclass=\"so-widget-sow-editor so-widget-sow-editor-base\"\n\t\t\t\n\t\t>\n<div class=\"siteorigin-widget-tinymce textwidget\">\n\t<p>Pour trouver un d\u00e9taillant pierre de garniture de Versetta Stone<sup>\u00ae<\/sup> dans votre r\u00e9gion cliquez sur <strong><a href=\"http:\/\/www.allthingsstone.com\/ca-fr\/ou-acheter\/\">O\u00f9 acheter<\/a><\/strong>.<\/p>\n<p>Cliquez ici pour voir les brochures et les instructions d'installation de la gamme <strong><a href=\"http:\/\/www.allthingsstone.com\/ca-fr\/resources\/boral-versetta-stone\/\">Versetta Stone<sup>\u00ae<\/sup><\/a><\/strong>.<\/p>\n<\/div>\n<\/div><\/div><\/div><\/div><\/div>","protected":false},"excerpt":{"rendered":"<p>Les pierres de garniture Versetta Stone\u00ae sont la solution parfaite pour la finition du contour des fen\u00eatres et des portes. Utilisez les pierres de garniture &hellip; <a href=\"https:\/\/www.allthingsstone.com\/ca-fr\/product\/pierre-de-garniture-versetta-stone\/\">Continued<\/a><\/p>\n","protected":false},"featured_media":13496,"comment_status":"open","ping_status":"closed","template":"","meta":{"inline_featured_image":false,"_mi_skip_tracking":false,"_exactmetrics_sitenote_active":false,"_exactmetrics_sitenote_note":"","_exactmetrics_sitenote_category":0},"product_cat":[6535],"product_tag":[6569],"class_list":["post-14015","product","type-product","status-publish","has-post-thumbnail","hentry","product_cat-revetement-de-pierre","product_tag-versetta-stone-system-components","brands-versetta-stone"],"acf":[],"yoast_head":"<!-- This site is optimized with the Yoast SEO Premium plugin v21.6 (Yoast SEO v21.6) - https:\/\/yoast.com\/wordpress\/plugins\/seo\/ -->\n<title>Bo\u00eete de prise de courant de Versetta Stone\u00ae | CSI FR<\/title>\n<meta name=\"description\" content=\"Les pierres de garniture Versetta Stone\u00ae sont la solution parfaite pour la finition du contour des fen\u00eatres et des portes. Utilisez les pierres de garniture pour mettre la touche finale d\u00e9sir\u00e9e \u00e0 votre projet sans utiliser de mortier, sans l\u2019aide d\u2019un ma\u00e7on et sans faire de g\u00e2chis.\" \/>\n<meta name=\"robots\" content=\"index, follow, max-snippet:-1, max-image-preview:large, max-video-preview:-1\" \/>\n<link rel=\"canonical\" href=\"https:\/\/www.allthingsstone.com\/ca-fr\/product\/pierre-de-garniture-versetta-stone\/\" \/>\n<meta property=\"og:locale\" content=\"en_US\" \/>\n<meta property=\"og:type\" content=\"article\" \/>\n<meta property=\"og:title\" content=\"Trim Stone - Versetta Stone\" \/>\n<meta property=\"og:description\" content=\"Les pierres de garniture Versetta Stone\u00ae sont la solution parfaite pour la finition du contour des fen\u00eatres et des portes. Utilisez les pierres de garniture pour mettre la touche finale d\u00e9sir\u00e9e \u00e0 votre projet sans utiliser de mortier, sans l\u2019aide d\u2019un ma\u00e7on et sans faire de g\u00e2chis.\" \/>\n<meta property=\"og:url\" content=\"https:\/\/www.allthingsstone.com\/ca-fr\/product\/pierre-de-garniture-versetta-stone\/\" \/>\n<meta property=\"og:site_name\" content=\"CSI - Canadian Stone Industries FR\" \/>\n<meta property=\"article:modified_time\" content=\"2024-07-26T17:52:39+00:00\" \/>\n<meta property=\"og:image\" content=\"https:\/\/www.allthingsstone.com\/ca-fr\/wp-content\/uploads\/sites\/12\/2020\/02\/Versetta-Stone\u00ae-Trim-Stone.png\" \/>\n\t<meta property=\"og:image:width\" content=\"459\" \/>\n\t<meta property=\"og:image:height\" content=\"339\" \/>\n\t<meta property=\"og:image:type\" content=\"image\/png\" \/>\n<meta name=\"twitter:card\" content=\"summary_large_image\" \/>\n<meta name=\"twitter:label1\" content=\"Est. reading time\" \/>\n\t<meta name=\"twitter:data1\" content=\"1 minute\" \/>\n<script type=\"application\/ld+json\" class=\"yoast-schema-graph\">{\"@context\":\"https:\/\/schema.org\",\"@graph\":[{\"@type\":\"WebPage\",\"@id\":\"https:\/\/www.allthingsstone.com\/ca-fr\/product\/pierre-de-garniture-versetta-stone\/\",\"url\":\"https:\/\/www.allthingsstone.com\/ca-fr\/product\/pierre-de-garniture-versetta-stone\/\",\"name\":\"Bo\u00eete de prise de courant de Versetta Stone\u00ae | CSI FR\",\"isPartOf\":{\"@id\":\"https:\/\/www.allthingsstone.com\/ca-fr\/#website\"},\"datePublished\":\"2017-11-03T17:19:57+00:00\",\"dateModified\":\"2024-07-26T17:52:39+00:00\",\"description\":\"Les pierres de garniture Versetta Stone\u00ae sont la solution parfaite pour la finition du contour des fen\u00eatres et des portes. Utilisez les pierres de garniture pour mettre la touche finale d\u00e9sir\u00e9e \u00e0 votre projet sans utiliser de mortier, sans l\u2019aide d\u2019un ma\u00e7on et sans faire de g\u00e2chis.\",\"breadcrumb\":{\"@id\":\"https:\/\/www.allthingsstone.com\/ca-fr\/product\/pierre-de-garniture-versetta-stone\/#breadcrumb\"},\"inLanguage\":\"en-CA\",\"potentialAction\":[{\"@type\":\"ReadAction\",\"target\":[\"https:\/\/www.allthingsstone.com\/ca-fr\/product\/pierre-de-garniture-versetta-stone\/\"]}]},{\"@type\":\"BreadcrumbList\",\"@id\":\"https:\/\/www.allthingsstone.com\/ca-fr\/product\/pierre-de-garniture-versetta-stone\/#breadcrumb\",\"itemListElement\":[{\"@type\":\"ListItem\",\"position\":1,\"name\":\"Home\",\"item\":\"https:\/\/www.allthingsstone.com\/ca-fr\/\"},{\"@type\":\"ListItem\",\"position\":2,\"name\":\"Trim Stone &#8211; Versetta Stone\"}]},{\"@type\":\"WebSite\",\"@id\":\"https:\/\/www.allthingsstone.com\/ca-fr\/#website\",\"url\":\"https:\/\/www.allthingsstone.com\/ca-fr\/\",\"name\":\"CSI - Canadian Stone Industries FR\",\"description\":\"\",\"potentialAction\":[{\"@type\":\"SearchAction\",\"target\":{\"@type\":\"EntryPoint\",\"urlTemplate\":\"https:\/\/www.allthingsstone.com\/ca-fr\/?s={search_term_string}\"},\"query-input\":\"required name=search_term_string\"}],\"inLanguage\":\"en-CA\"}]}<\/script>\n<!-- \/ Yoast SEO Premium plugin. -->","yoast_head_json":{"title":"Bo\u00eete de prise de courant de Versetta Stone\u00ae | CSI FR","description":"Les pierres de garniture Versetta Stone\u00ae sont la solution parfaite pour la finition du contour des fen\u00eatres et des portes. Utilisez les pierres de garniture pour mettre la touche finale d\u00e9sir\u00e9e \u00e0 votre projet sans utiliser de mortier, sans l\u2019aide d\u2019un ma\u00e7on et sans faire de g\u00e2chis.","robots":{"index":"index","follow":"follow","max-snippet":"max-snippet:-1","max-image-preview":"max-image-preview:large","max-video-preview":"max-video-preview:-1"},"canonical":"https:\/\/www.allthingsstone.com\/ca-fr\/product\/pierre-de-garniture-versetta-stone\/","og_locale":"en_US","og_type":"article","og_title":"Trim Stone - Versetta Stone","og_description":"Les pierres de garniture Versetta Stone\u00ae sont la solution parfaite pour la finition du contour des fen\u00eatres et des portes. Utilisez les pierres de garniture pour mettre la touche finale d\u00e9sir\u00e9e \u00e0 votre projet sans utiliser de mortier, sans l\u2019aide d\u2019un ma\u00e7on et sans faire de g\u00e2chis.","og_url":"https:\/\/www.allthingsstone.com\/ca-fr\/product\/pierre-de-garniture-versetta-stone\/","og_site_name":"CSI - Canadian Stone Industries FR","article_modified_time":"2024-07-26T17:52:39+00:00","og_image":[{"width":459,"height":339,"url":"https:\/\/www.allthingsstone.com\/ca-fr\/wp-content\/uploads\/sites\/12\/2020\/02\/Versetta-Stone\u00ae-Trim-Stone.png","type":"image\/png"}],"twitter_card":"summary_large_image","twitter_misc":{"Est. reading time":"1 minute"},"schema":{"@context":"https:\/\/schema.org","@graph":[{"@type":"WebPage","@id":"https:\/\/www.allthingsstone.com\/ca-fr\/product\/pierre-de-garniture-versetta-stone\/","url":"https:\/\/www.allthingsstone.com\/ca-fr\/product\/pierre-de-garniture-versetta-stone\/","name":"Bo\u00eete de prise de courant de Versetta Stone\u00ae | CSI FR","isPartOf":{"@id":"https:\/\/www.allthingsstone.com\/ca-fr\/#website"},"datePublished":"2017-11-03T17:19:57+00:00","dateModified":"2024-07-26T17:52:39+00:00","description":"Les pierres de garniture Versetta Stone\u00ae sont la solution parfaite pour la finition du contour des fen\u00eatres et des portes. Utilisez les pierres de garniture pour mettre la touche finale d\u00e9sir\u00e9e \u00e0 votre projet sans utiliser de mortier, sans l\u2019aide d\u2019un ma\u00e7on et sans faire de g\u00e2chis.","breadcrumb":{"@id":"https:\/\/www.allthingsstone.com\/ca-fr\/product\/pierre-de-garniture-versetta-stone\/#breadcrumb"},"inLanguage":"en-CA","potentialAction":[{"@type":"ReadAction","target":["https:\/\/www.allthingsstone.com\/ca-fr\/product\/pierre-de-garniture-versetta-stone\/"]}]},{"@type":"BreadcrumbList","@id":"https:\/\/www.allthingsstone.com\/ca-fr\/product\/pierre-de-garniture-versetta-stone\/#breadcrumb","itemListElement":[{"@type":"ListItem","position":1,"name":"Home","item":"https:\/\/www.allthingsstone.com\/ca-fr\/"},{"@type":"ListItem","position":2,"name":"Trim Stone &#8211; Versetta Stone"}]},{"@type":"WebSite","@id":"https:\/\/www.allthingsstone.com\/ca-fr\/#website","url":"https:\/\/www.allthingsstone.com\/ca-fr\/","name":"CSI - Canadian Stone Industries FR","description":"","potentialAction":[{"@type":"SearchAction","target":{"@type":"EntryPoint","urlTemplate":"https:\/\/www.allthingsstone.com\/ca-fr\/?s={search_term_string}"},"query-input":"required name=search_term_string"}],"inLanguage":"en-CA"}]}},"_links":{"self":[{"href":"https:\/\/www.allthingsstone.com\/ca-fr\/wp-json\/wp\/v2\/product\/14015","targetHints":{"allow":["GET"]}}],"collection":[{"href":"https:\/\/www.allthingsstone.com\/ca-fr\/wp-json\/wp\/v2\/product"}],"about":[{"href":"https:\/\/www.allthingsstone.com\/ca-fr\/wp-json\/wp\/v2\/types\/product"}],"replies":[{"embeddable":true,"href":"https:\/\/www.allthingsstone.com\/ca-fr\/wp-json\/wp\/v2\/comments?post=14015"}],"wp:featuredmedia":[{"embeddable":true,"href":"https:\/\/www.allthingsstone.com\/ca-fr\/wp-json\/wp\/v2\/media\/13496"}],"wp:attachment":[{"href":"https:\/\/www.allthingsstone.com\/ca-fr\/wp-json\/wp\/v2\/media?parent=14015"}],"wp:term":[{"taxonomy":"product_cat","embeddable":true,"href":"https:\/\/www.allthingsstone.com\/ca-fr\/wp-json\/wp\/v2\/product_cat?post=14015"},{"taxonomy":"product_tag","embeddable":true,"href":"https:\/\/www.allthingsstone.com\/ca-fr\/wp-json\/wp\/v2\/product_tag?post=14015"}],"curies":[{"name":"wp","href":"https:\/\/api.w.org\/{rel}","templated":true}]}}