{"id":14013,"date":"2017-11-03T13:53:07","date_gmt":"2017-11-03T17:53:07","guid":{"rendered":"http:\/\/www.allthingsstone.com\/ca-fr\/product\/boite-de-prise-de-courant-versetta-stone\/"},"modified":"2024-07-26T13:45:41","modified_gmt":"2024-07-26T17:45:41","slug":"boite-de-prise-de-courant-versetta-stone","status":"publish","type":"product","link":"https:\/\/www.allthingsstone.com\/ca-fr\/product\/boite-de-prise-de-courant-versetta-stone\/","title":{"rendered":"7 Receptacle Box &#8211; Versetta Stone"},"content":{"rendered":"<div id=\"pl-14013\"  class=\"panel-layout\" ><div id=\"pg-14013-0\"  class=\"panel-grid panel-no-style\" ><div id=\"pgc-14013-0-0\"  class=\"panel-grid-cell\" ><div id=\"panel-14013-0-0-0\" class=\"so-panel widget widget_sow-editor panel-first-child\" data-index=\"0\" ><div\n\t\t\t\n\t\t\tclass=\"so-widget-sow-editor so-widget-sow-editor-base\"\n\t\t\t\n\t\t>\n<div class=\"siteorigin-widget-tinymce textwidget\">\n\t<p>La bo\u00eete de prise de courant Versetta Stone<sup>\u00ae<\/sup> est la solution id\u00e9ale pour la finition de n\u2019importe quel type de luminaire. Les pierres de garniture, bo\u00eetes de sortie pour luminaire, rebords et autres accessoires s\u2019agencent \u00e0 merveille avec toutes les couleurs et les textures de panneaux Versetta Stone<sup>\u00ae<\/sup>. Utilisez la bo\u00eete de prise de courant pour mettre la touche finale d\u00e9sir\u00e9e \u00e0 votre projet sans utiliser de mortier, sans l\u2019aide d\u2019un ma\u00e7on et sans faire de g\u00e2chis.<\/p>\n<\/div>\n<\/div><\/div><div id=\"panel-14013-0-0-1\" class=\"so-panel widget widget_sow-editor\" data-index=\"1\" ><div\n\t\t\t\n\t\t\tclass=\"so-widget-sow-editor so-widget-sow-editor-base\"\n\t\t\t\n\t\t>\n<div class=\"siteorigin-widget-tinymce textwidget\">\n\t<div id=\"pgc-9991-0-0\" class=\"panel-grid-cell\">\n<div id=\"panel-9991-0-0-1\" class=\"so-panel widget widget_sow-editor panel-last-child\">\n<div class=\"so-widget-sow-editor so-widget-sow-editor-base\">\n<div class=\"siteorigin-widget-tinymce textwidget\">\n<ul>\n<li>\n<ul class=\"list\">\n<li class=\"list__item\">\n<h5>Caract\u00e9ristiques de\u00a0bo\u00eete de prise de courant de Versetta Stone<sup>\u00ae<\/sup>:<\/h5>\n<\/li>\n<\/ul>\n<ul>\n<li>\u2013 Compl\u00e8te \u00e0 merveille les panneaux de placage Versetta Stone<sup>\u00ae<\/sup><\/li>\n<li>\u2013 Pour utilisations int\u00e9rieures et ext\u00e9rieures<\/li>\n<li>\u2013 Aucun mortier, moins de g\u00e2chis<\/li>\n<li>\u2013 R\u00e9siste au gel et au d\u00e9gel, aux vents d\u2019intensit\u00e9 normale et \u00e0 la chaleur<\/li>\n<li>\u2013 Peut \u00eatre install\u00e9 quelles que soient les conditions m\u00e9t\u00e9o<\/li>\n<\/ul>\n<\/li>\n<\/ul>\n<\/div>\n<\/div>\n<\/div>\n<\/div>\n<\/div>\n<\/div><\/div><div id=\"panel-14013-0-0-2\" class=\"so-panel widget widget_sow-editor panel-last-child\" data-index=\"2\" ><div\n\t\t\t\n\t\t\tclass=\"so-widget-sow-editor so-widget-sow-editor-base\"\n\t\t\t\n\t\t>\n<div class=\"siteorigin-widget-tinymce textwidget\">\n\t<p>Pour trouver un d\u00e9taillant\u00a0bo\u00eete de prise de courant de Versetta Stone<sup>\u00ae<\/sup>\u00a0dans votre r\u00e9gion cliquez sur<strong>\u00a0<a href=\"http:\/\/www.allthingsstone.com\/ca-fr\/ou-acheter\/\">O\u00f9 acheter<\/a><\/strong>.<\/p>\n<\/div>\n<\/div><\/div><\/div><\/div><\/div>","protected":false},"excerpt":{"rendered":"<p>La bo\u00eete de prise de courant Versetta Stone\u00ae est la solution id\u00e9ale pour la finition de n\u2019importe quel type de luminaire. Les pierres de garniture, &hellip; <a href=\"https:\/\/www.allthingsstone.com\/ca-fr\/product\/boite-de-prise-de-courant-versetta-stone\/\">Continued<\/a><\/p>\n","protected":false},"featured_media":7750,"comment_status":"open","ping_status":"closed","template":"","meta":{"inline_featured_image":false,"_mi_skip_tracking":false,"_exactmetrics_sitenote_active":false,"_exactmetrics_sitenote_note":"","_exactmetrics_sitenote_category":0},"product_cat":[6535],"product_tag":[6569],"class_list":["post-14013","product","type-product","status-publish","has-post-thumbnail","hentry","product_cat-revetement-de-pierre","product_tag-versetta-stone-system-components","brands-versetta-stone","single_resource-versetta-stone-resources"],"acf":[],"yoast_head":"<!-- This site is optimized with the Yoast SEO Premium plugin v21.6 (Yoast SEO v21.6) - https:\/\/yoast.com\/wordpress\/plugins\/seo\/ -->\n<title>Bo\u00eete de prise de courant de Versetta Stone\u00ae | CSI FR<\/title>\n<meta name=\"description\" content=\"La bo\u00eete de prise de courant Versetta Stone\u00ae est la solution id\u00e9ale pour la finition de n\u2019importe quel type de luminaire. Les pierres de garniture, bo\u00eetes de sortie pour luminaire, rebords et autres accessoires s\u2019agencent \u00e0 merveille avec toutes les couleurs et les textures de panneaux Versetta Stone\u00ae.\" \/>\n<meta name=\"robots\" content=\"index, follow, max-snippet:-1, max-image-preview:large, max-video-preview:-1\" \/>\n<link rel=\"canonical\" href=\"https:\/\/www.allthingsstone.com\/ca-fr\/product\/boite-de-prise-de-courant-versetta-stone\/\" \/>\n<meta property=\"og:locale\" content=\"en_US\" \/>\n<meta property=\"og:type\" content=\"article\" \/>\n<meta property=\"og:title\" content=\"7 Receptacle Box - Versetta Stone\" \/>\n<meta property=\"og:description\" content=\"La bo\u00eete de prise de courant Versetta Stone\u00ae est la solution id\u00e9ale pour la finition de n\u2019importe quel type de luminaire. Les pierres de garniture, bo\u00eetes de sortie pour luminaire, rebords et autres accessoires s\u2019agencent \u00e0 merveille avec toutes les couleurs et les textures de panneaux Versetta Stone\u00ae.\" \/>\n<meta property=\"og:url\" content=\"https:\/\/www.allthingsstone.com\/ca-fr\/product\/boite-de-prise-de-courant-versetta-stone\/\" \/>\n<meta property=\"og:site_name\" content=\"CSI - Canadian Stone Industries FR\" \/>\n<meta property=\"article:modified_time\" content=\"2024-07-26T17:45:41+00:00\" \/>\n<meta property=\"og:image\" content=\"https:\/\/www.allthingsstone.com\/ca-fr\/wp-content\/uploads\/sites\/12\/2017\/11\/Boral-Versetta-Stone-Receptacle-Box.png\" \/>\n\t<meta property=\"og:image:width\" content=\"459\" \/>\n\t<meta property=\"og:image:height\" content=\"339\" \/>\n\t<meta property=\"og:image:type\" content=\"image\/png\" \/>\n<meta name=\"twitter:card\" content=\"summary_large_image\" \/>\n<meta name=\"twitter:label1\" content=\"Est. reading time\" \/>\n\t<meta name=\"twitter:data1\" content=\"1 minute\" \/>\n<script type=\"application\/ld+json\" class=\"yoast-schema-graph\">{\"@context\":\"https:\/\/schema.org\",\"@graph\":[{\"@type\":\"WebPage\",\"@id\":\"https:\/\/www.allthingsstone.com\/ca-fr\/product\/boite-de-prise-de-courant-versetta-stone\/\",\"url\":\"https:\/\/www.allthingsstone.com\/ca-fr\/product\/boite-de-prise-de-courant-versetta-stone\/\",\"name\":\"Bo\u00eete de prise de courant de Versetta Stone\u00ae | CSI FR\",\"isPartOf\":{\"@id\":\"https:\/\/www.allthingsstone.com\/ca-fr\/#website\"},\"datePublished\":\"2017-11-03T17:53:07+00:00\",\"dateModified\":\"2024-07-26T17:45:41+00:00\",\"description\":\"La bo\u00eete de prise de courant Versetta Stone\u00ae est la solution id\u00e9ale pour la finition de n\u2019importe quel type de luminaire. Les pierres de garniture, bo\u00eetes de sortie pour luminaire, rebords et autres accessoires s\u2019agencent \u00e0 merveille avec toutes les couleurs et les textures de panneaux Versetta Stone\u00ae.\",\"breadcrumb\":{\"@id\":\"https:\/\/www.allthingsstone.com\/ca-fr\/product\/boite-de-prise-de-courant-versetta-stone\/#breadcrumb\"},\"inLanguage\":\"en-CA\",\"potentialAction\":[{\"@type\":\"ReadAction\",\"target\":[\"https:\/\/www.allthingsstone.com\/ca-fr\/product\/boite-de-prise-de-courant-versetta-stone\/\"]}]},{\"@type\":\"BreadcrumbList\",\"@id\":\"https:\/\/www.allthingsstone.com\/ca-fr\/product\/boite-de-prise-de-courant-versetta-stone\/#breadcrumb\",\"itemListElement\":[{\"@type\":\"ListItem\",\"position\":1,\"name\":\"Home\",\"item\":\"https:\/\/www.allthingsstone.com\/ca-fr\/\"},{\"@type\":\"ListItem\",\"position\":2,\"name\":\"7 Receptacle Box &#8211; Versetta Stone\"}]},{\"@type\":\"WebSite\",\"@id\":\"https:\/\/www.allthingsstone.com\/ca-fr\/#website\",\"url\":\"https:\/\/www.allthingsstone.com\/ca-fr\/\",\"name\":\"CSI - Canadian Stone Industries FR\",\"description\":\"\",\"potentialAction\":[{\"@type\":\"SearchAction\",\"target\":{\"@type\":\"EntryPoint\",\"urlTemplate\":\"https:\/\/www.allthingsstone.com\/ca-fr\/?s={search_term_string}\"},\"query-input\":\"required name=search_term_string\"}],\"inLanguage\":\"en-CA\"}]}<\/script>\n<!-- \/ Yoast SEO Premium plugin. -->","yoast_head_json":{"title":"Bo\u00eete de prise de courant de Versetta Stone\u00ae | CSI FR","description":"La bo\u00eete de prise de courant Versetta Stone\u00ae est la solution id\u00e9ale pour la finition de n\u2019importe quel type de luminaire. Les pierres de garniture, bo\u00eetes de sortie pour luminaire, rebords et autres accessoires s\u2019agencent \u00e0 merveille avec toutes les couleurs et les textures de panneaux Versetta Stone\u00ae.","robots":{"index":"index","follow":"follow","max-snippet":"max-snippet:-1","max-image-preview":"max-image-preview:large","max-video-preview":"max-video-preview:-1"},"canonical":"https:\/\/www.allthingsstone.com\/ca-fr\/product\/boite-de-prise-de-courant-versetta-stone\/","og_locale":"en_US","og_type":"article","og_title":"7 Receptacle Box - Versetta Stone","og_description":"La bo\u00eete de prise de courant Versetta Stone\u00ae est la solution id\u00e9ale pour la finition de n\u2019importe quel type de luminaire. Les pierres de garniture, bo\u00eetes de sortie pour luminaire, rebords et autres accessoires s\u2019agencent \u00e0 merveille avec toutes les couleurs et les textures de panneaux Versetta Stone\u00ae.","og_url":"https:\/\/www.allthingsstone.com\/ca-fr\/product\/boite-de-prise-de-courant-versetta-stone\/","og_site_name":"CSI - Canadian Stone Industries FR","article_modified_time":"2024-07-26T17:45:41+00:00","og_image":[{"width":459,"height":339,"url":"https:\/\/www.allthingsstone.com\/ca-fr\/wp-content\/uploads\/sites\/12\/2017\/11\/Boral-Versetta-Stone-Receptacle-Box.png","type":"image\/png"}],"twitter_card":"summary_large_image","twitter_misc":{"Est. reading time":"1 minute"},"schema":{"@context":"https:\/\/schema.org","@graph":[{"@type":"WebPage","@id":"https:\/\/www.allthingsstone.com\/ca-fr\/product\/boite-de-prise-de-courant-versetta-stone\/","url":"https:\/\/www.allthingsstone.com\/ca-fr\/product\/boite-de-prise-de-courant-versetta-stone\/","name":"Bo\u00eete de prise de courant de Versetta Stone\u00ae | CSI FR","isPartOf":{"@id":"https:\/\/www.allthingsstone.com\/ca-fr\/#website"},"datePublished":"2017-11-03T17:53:07+00:00","dateModified":"2024-07-26T17:45:41+00:00","description":"La bo\u00eete de prise de courant Versetta Stone\u00ae est la solution id\u00e9ale pour la finition de n\u2019importe quel type de luminaire. Les pierres de garniture, bo\u00eetes de sortie pour luminaire, rebords et autres accessoires s\u2019agencent \u00e0 merveille avec toutes les couleurs et les textures de panneaux Versetta Stone\u00ae.","breadcrumb":{"@id":"https:\/\/www.allthingsstone.com\/ca-fr\/product\/boite-de-prise-de-courant-versetta-stone\/#breadcrumb"},"inLanguage":"en-CA","potentialAction":[{"@type":"ReadAction","target":["https:\/\/www.allthingsstone.com\/ca-fr\/product\/boite-de-prise-de-courant-versetta-stone\/"]}]},{"@type":"BreadcrumbList","@id":"https:\/\/www.allthingsstone.com\/ca-fr\/product\/boite-de-prise-de-courant-versetta-stone\/#breadcrumb","itemListElement":[{"@type":"ListItem","position":1,"name":"Home","item":"https:\/\/www.allthingsstone.com\/ca-fr\/"},{"@type":"ListItem","position":2,"name":"7 Receptacle Box &#8211; Versetta Stone"}]},{"@type":"WebSite","@id":"https:\/\/www.allthingsstone.com\/ca-fr\/#website","url":"https:\/\/www.allthingsstone.com\/ca-fr\/","name":"CSI - Canadian Stone Industries FR","description":"","potentialAction":[{"@type":"SearchAction","target":{"@type":"EntryPoint","urlTemplate":"https:\/\/www.allthingsstone.com\/ca-fr\/?s={search_term_string}"},"query-input":"required name=search_term_string"}],"inLanguage":"en-CA"}]}},"_links":{"self":[{"href":"https:\/\/www.allthingsstone.com\/ca-fr\/wp-json\/wp\/v2\/product\/14013","targetHints":{"allow":["GET"]}}],"collection":[{"href":"https:\/\/www.allthingsstone.com\/ca-fr\/wp-json\/wp\/v2\/product"}],"about":[{"href":"https:\/\/www.allthingsstone.com\/ca-fr\/wp-json\/wp\/v2\/types\/product"}],"replies":[{"embeddable":true,"href":"https:\/\/www.allthingsstone.com\/ca-fr\/wp-json\/wp\/v2\/comments?post=14013"}],"wp:featuredmedia":[{"embeddable":true,"href":"https:\/\/www.allthingsstone.com\/ca-fr\/wp-json\/wp\/v2\/media\/7750"}],"wp:attachment":[{"href":"https:\/\/www.allthingsstone.com\/ca-fr\/wp-json\/wp\/v2\/media?parent=14013"}],"wp:term":[{"taxonomy":"product_cat","embeddable":true,"href":"https:\/\/www.allthingsstone.com\/ca-fr\/wp-json\/wp\/v2\/product_cat?post=14013"},{"taxonomy":"product_tag","embeddable":true,"href":"https:\/\/www.allthingsstone.com\/ca-fr\/wp-json\/wp\/v2\/product_tag?post=14013"}],"curies":[{"name":"wp","href":"https:\/\/api.w.org\/{rel}","templated":true}]}}