{"id":14012,"date":"2017-11-03T15:43:17","date_gmt":"2017-11-03T19:43:17","guid":{"rendered":"http:\/\/www.allthingsstone.com\/ca-fr\/product\/profile-en-j-versetta-stone\/"},"modified":"2025-05-28T17:25:24","modified_gmt":"2025-05-28T21:25:24","slug":"profile-en-j-versetta-stone","status":"publish","type":"product","link":"https:\/\/www.allthingsstone.com\/ca-fr\/product\/profile-en-j-versetta-stone\/","title":{"rendered":"5 J-Channel &#8211; Versetta Stone"},"content":{"rendered":"<div id=\"pl-14012\"  class=\"panel-layout\" ><div id=\"pg-14012-0\"  class=\"panel-grid panel-no-style\" ><div id=\"pgc-14012-0-0\"  class=\"panel-grid-cell\" ><div id=\"panel-14012-0-0-0\" class=\"so-panel widget widget_sow-editor panel-first-child\" data-index=\"0\" ><div\n\t\t\t\n\t\t\tclass=\"so-widget-sow-editor so-widget-sow-editor-base\"\n\t\t\t\n\t\t>\n<div class=\"siteorigin-widget-tinymce textwidget\">\n\t<p>Le profil\u00e9 en\u00a0J de Versetta Stone<sup>\u00ae<\/sup> est un \u00e9l\u00e9ment essentiel du syst\u00e8me Versetta Stone<sup>\u00ae<\/sup>. Sa charni\u00e8re flexible facilite le positionnement de tout type de panneaux de placage de pierre sans mortier Versetta Stone<sup>\u00ae<\/sup>. Utilisez-la pour couvrir les tailles grossi\u00e8res aux extr\u00e9mit\u00e9s des panneaux et ainsi cr\u00e9er une transition harmonieuse autour des portes, des fen\u00eatres et le long de la ligne de toiture.<\/p>\n<\/div>\n<\/div><\/div><div id=\"panel-14012-0-0-1\" class=\"so-panel widget widget_sow-editor\" data-index=\"1\" ><div\n\t\t\t\n\t\t\tclass=\"so-widget-sow-editor so-widget-sow-editor-base\"\n\t\t\t\n\t\t>\n<div class=\"siteorigin-widget-tinymce textwidget\">\n\t<h5>Caract\u00e9ristiques de\u00a0profil\u00e9 en\u00a0J de Versetta Stone<sup>\u00ae<\/sup>:<\/h5>\n<ul>\n<li>\u2013 Faite de vinyle n\u00e9cessitant peu d\u2019entretien<\/li>\n<li>\u2013 Couvre les tailles grossi\u00e8res aux extr\u00e9mit\u00e9s des panneaux<\/li>\n<li>\u2013 La charni\u00e8re flexible permet d\u2019\u00ab\u00a0ouvrir\u00a0\u00bb le profil\u00e9 en J pendant que le panneau est mis en place, puis de le replier pour masquer le bord<\/li>\n<\/ul>\n<\/div>\n<\/div><\/div><div id=\"panel-14012-0-0-2\" class=\"so-panel widget widget_sow-editor panel-last-child\" data-index=\"2\" ><div\n\t\t\t\n\t\t\tclass=\"so-widget-sow-editor so-widget-sow-editor-base\"\n\t\t\t\n\t\t>\n<div class=\"siteorigin-widget-tinymce textwidget\">\n\t<p>Pour trouver un d\u00e9taillant\u00a0profil\u00e9 en\u00a0J de Versetta Stone<sup>\u00ae<\/sup>\u00a0dans votre r\u00e9gion cliquez sur\u00a0<strong><a href=\"http:\/\/www.allthingsstone.com\/ca-fr\/ou-acheter\/\">O\u00f9 acheter<\/a><\/strong>.<\/p>\n<\/div>\n<\/div><\/div><\/div><\/div><\/div>","protected":false},"excerpt":{"rendered":"<p>Le profil\u00e9 en\u00a0J de Versetta Stone\u00ae est un \u00e9l\u00e9ment essentiel du syst\u00e8me Versetta Stone\u00ae. Sa charni\u00e8re flexible facilite le positionnement de tout type de panneaux &hellip; <a href=\"https:\/\/www.allthingsstone.com\/ca-fr\/product\/profile-en-j-versetta-stone\/\">Continued<\/a><\/p>\n","protected":false},"featured_media":7752,"comment_status":"open","ping_status":"closed","template":"","meta":{"inline_featured_image":false,"_mi_skip_tracking":false,"_exactmetrics_sitenote_active":false,"_exactmetrics_sitenote_note":"","_exactmetrics_sitenote_category":0},"product_cat":[6535],"product_tag":[6569],"class_list":["post-14012","product","type-product","status-publish","has-post-thumbnail","hentry","product_cat-revetement-de-pierre","product_tag-versetta-stone-system-components","brands-versetta-stone","single_resource-versetta-stone-resources"],"acf":[],"yoast_head":"<!-- This site is optimized with the Yoast SEO Premium plugin v21.6 (Yoast SEO v21.6) - https:\/\/yoast.com\/wordpress\/plugins\/seo\/ -->\n<title>Profil\u00e9 en J de Versetta Stone\u00ae | CSI FR<\/title>\n<meta name=\"description\" content=\"Le profil\u00e9 en J Versetta Stone\u00ae est un \u00e9l\u00e9ment essentiel du syst\u00e8me Versetta Stone\u00ae. Sa charni\u00e8re flexible facilite le positionnement de tout type de panneaux de placage de pierre sans mortier Versetta Stone\u00ae.\" \/>\n<meta name=\"robots\" content=\"index, follow, max-snippet:-1, max-image-preview:large, max-video-preview:-1\" \/>\n<link rel=\"canonical\" href=\"https:\/\/www.allthingsstone.com\/ca-fr\/product\/profile-en-j-versetta-stone\/\" \/>\n<meta property=\"og:locale\" content=\"en_US\" \/>\n<meta property=\"og:type\" content=\"article\" \/>\n<meta property=\"og:title\" content=\"5 J-Channel - Versetta Stone\" \/>\n<meta property=\"og:description\" content=\"Le profil\u00e9 en J Versetta Stone\u00ae est un \u00e9l\u00e9ment essentiel du syst\u00e8me Versetta Stone\u00ae. Sa charni\u00e8re flexible facilite le positionnement de tout type de panneaux de placage de pierre sans mortier Versetta Stone\u00ae.\" \/>\n<meta property=\"og:url\" content=\"https:\/\/www.allthingsstone.com\/ca-fr\/product\/profile-en-j-versetta-stone\/\" \/>\n<meta property=\"og:site_name\" content=\"CSI - Canadian Stone Industries FR\" \/>\n<meta property=\"article:modified_time\" content=\"2025-05-28T21:25:24+00:00\" \/>\n<meta property=\"og:image\" content=\"https:\/\/www.allthingsstone.com\/ca-fr\/wp-content\/uploads\/sites\/12\/2017\/11\/Boral-Versetta-Stone-J-Channel.png\" \/>\n\t<meta property=\"og:image:width\" content=\"459\" \/>\n\t<meta property=\"og:image:height\" content=\"339\" \/>\n\t<meta property=\"og:image:type\" content=\"image\/png\" \/>\n<meta name=\"twitter:card\" content=\"summary_large_image\" \/>\n<meta name=\"twitter:label1\" content=\"Est. reading time\" \/>\n\t<meta name=\"twitter:data1\" content=\"1 minute\" \/>\n<script type=\"application\/ld+json\" class=\"yoast-schema-graph\">{\"@context\":\"https:\/\/schema.org\",\"@graph\":[{\"@type\":\"WebPage\",\"@id\":\"https:\/\/www.allthingsstone.com\/ca-fr\/product\/profile-en-j-versetta-stone\/\",\"url\":\"https:\/\/www.allthingsstone.com\/ca-fr\/product\/profile-en-j-versetta-stone\/\",\"name\":\"Profil\u00e9 en J de Versetta Stone\u00ae | CSI FR\",\"isPartOf\":{\"@id\":\"https:\/\/www.allthingsstone.com\/ca-fr\/#website\"},\"datePublished\":\"2017-11-03T19:43:17+00:00\",\"dateModified\":\"2025-05-28T21:25:24+00:00\",\"description\":\"Le profil\u00e9 en J Versetta Stone\u00ae est un \u00e9l\u00e9ment essentiel du syst\u00e8me Versetta Stone\u00ae. Sa charni\u00e8re flexible facilite le positionnement de tout type de panneaux de placage de pierre sans mortier Versetta Stone\u00ae.\",\"breadcrumb\":{\"@id\":\"https:\/\/www.allthingsstone.com\/ca-fr\/product\/profile-en-j-versetta-stone\/#breadcrumb\"},\"inLanguage\":\"en-CA\",\"potentialAction\":[{\"@type\":\"ReadAction\",\"target\":[\"https:\/\/www.allthingsstone.com\/ca-fr\/product\/profile-en-j-versetta-stone\/\"]}]},{\"@type\":\"BreadcrumbList\",\"@id\":\"https:\/\/www.allthingsstone.com\/ca-fr\/product\/profile-en-j-versetta-stone\/#breadcrumb\",\"itemListElement\":[{\"@type\":\"ListItem\",\"position\":1,\"name\":\"Home\",\"item\":\"https:\/\/www.allthingsstone.com\/ca-fr\/\"},{\"@type\":\"ListItem\",\"position\":2,\"name\":\"5 J-Channel &#8211; Versetta Stone\"}]},{\"@type\":\"WebSite\",\"@id\":\"https:\/\/www.allthingsstone.com\/ca-fr\/#website\",\"url\":\"https:\/\/www.allthingsstone.com\/ca-fr\/\",\"name\":\"CSI - Canadian Stone Industries FR\",\"description\":\"\",\"potentialAction\":[{\"@type\":\"SearchAction\",\"target\":{\"@type\":\"EntryPoint\",\"urlTemplate\":\"https:\/\/www.allthingsstone.com\/ca-fr\/?s={search_term_string}\"},\"query-input\":\"required name=search_term_string\"}],\"inLanguage\":\"en-CA\"}]}<\/script>\n<!-- \/ Yoast SEO Premium plugin. -->","yoast_head_json":{"title":"Profil\u00e9 en J de Versetta Stone\u00ae | CSI FR","description":"Le profil\u00e9 en J Versetta Stone\u00ae est un \u00e9l\u00e9ment essentiel du syst\u00e8me Versetta Stone\u00ae. Sa charni\u00e8re flexible facilite le positionnement de tout type de panneaux de placage de pierre sans mortier Versetta Stone\u00ae.","robots":{"index":"index","follow":"follow","max-snippet":"max-snippet:-1","max-image-preview":"max-image-preview:large","max-video-preview":"max-video-preview:-1"},"canonical":"https:\/\/www.allthingsstone.com\/ca-fr\/product\/profile-en-j-versetta-stone\/","og_locale":"en_US","og_type":"article","og_title":"5 J-Channel - Versetta Stone","og_description":"Le profil\u00e9 en J Versetta Stone\u00ae est un \u00e9l\u00e9ment essentiel du syst\u00e8me Versetta Stone\u00ae. Sa charni\u00e8re flexible facilite le positionnement de tout type de panneaux de placage de pierre sans mortier Versetta Stone\u00ae.","og_url":"https:\/\/www.allthingsstone.com\/ca-fr\/product\/profile-en-j-versetta-stone\/","og_site_name":"CSI - Canadian Stone Industries FR","article_modified_time":"2025-05-28T21:25:24+00:00","og_image":[{"width":459,"height":339,"url":"https:\/\/www.allthingsstone.com\/ca-fr\/wp-content\/uploads\/sites\/12\/2017\/11\/Boral-Versetta-Stone-J-Channel.png","type":"image\/png"}],"twitter_card":"summary_large_image","twitter_misc":{"Est. reading time":"1 minute"},"schema":{"@context":"https:\/\/schema.org","@graph":[{"@type":"WebPage","@id":"https:\/\/www.allthingsstone.com\/ca-fr\/product\/profile-en-j-versetta-stone\/","url":"https:\/\/www.allthingsstone.com\/ca-fr\/product\/profile-en-j-versetta-stone\/","name":"Profil\u00e9 en J de Versetta Stone\u00ae | CSI FR","isPartOf":{"@id":"https:\/\/www.allthingsstone.com\/ca-fr\/#website"},"datePublished":"2017-11-03T19:43:17+00:00","dateModified":"2025-05-28T21:25:24+00:00","description":"Le profil\u00e9 en J Versetta Stone\u00ae est un \u00e9l\u00e9ment essentiel du syst\u00e8me Versetta Stone\u00ae. Sa charni\u00e8re flexible facilite le positionnement de tout type de panneaux de placage de pierre sans mortier Versetta Stone\u00ae.","breadcrumb":{"@id":"https:\/\/www.allthingsstone.com\/ca-fr\/product\/profile-en-j-versetta-stone\/#breadcrumb"},"inLanguage":"en-CA","potentialAction":[{"@type":"ReadAction","target":["https:\/\/www.allthingsstone.com\/ca-fr\/product\/profile-en-j-versetta-stone\/"]}]},{"@type":"BreadcrumbList","@id":"https:\/\/www.allthingsstone.com\/ca-fr\/product\/profile-en-j-versetta-stone\/#breadcrumb","itemListElement":[{"@type":"ListItem","position":1,"name":"Home","item":"https:\/\/www.allthingsstone.com\/ca-fr\/"},{"@type":"ListItem","position":2,"name":"5 J-Channel &#8211; Versetta Stone"}]},{"@type":"WebSite","@id":"https:\/\/www.allthingsstone.com\/ca-fr\/#website","url":"https:\/\/www.allthingsstone.com\/ca-fr\/","name":"CSI - Canadian Stone Industries FR","description":"","potentialAction":[{"@type":"SearchAction","target":{"@type":"EntryPoint","urlTemplate":"https:\/\/www.allthingsstone.com\/ca-fr\/?s={search_term_string}"},"query-input":"required name=search_term_string"}],"inLanguage":"en-CA"}]}},"_links":{"self":[{"href":"https:\/\/www.allthingsstone.com\/ca-fr\/wp-json\/wp\/v2\/product\/14012","targetHints":{"allow":["GET"]}}],"collection":[{"href":"https:\/\/www.allthingsstone.com\/ca-fr\/wp-json\/wp\/v2\/product"}],"about":[{"href":"https:\/\/www.allthingsstone.com\/ca-fr\/wp-json\/wp\/v2\/types\/product"}],"replies":[{"embeddable":true,"href":"https:\/\/www.allthingsstone.com\/ca-fr\/wp-json\/wp\/v2\/comments?post=14012"}],"wp:featuredmedia":[{"embeddable":true,"href":"https:\/\/www.allthingsstone.com\/ca-fr\/wp-json\/wp\/v2\/media\/7752"}],"wp:attachment":[{"href":"https:\/\/www.allthingsstone.com\/ca-fr\/wp-json\/wp\/v2\/media?parent=14012"}],"wp:term":[{"taxonomy":"product_cat","embeddable":true,"href":"https:\/\/www.allthingsstone.com\/ca-fr\/wp-json\/wp\/v2\/product_cat?post=14012"},{"taxonomy":"product_tag","embeddable":true,"href":"https:\/\/www.allthingsstone.com\/ca-fr\/wp-json\/wp\/v2\/product_tag?post=14012"}],"curies":[{"name":"wp","href":"https:\/\/api.w.org\/{rel}","templated":true}]}}