{"id":14011,"date":"2017-11-10T11:22:22","date_gmt":"2017-11-10T16:22:22","guid":{"rendered":"http:\/\/www.allthingsstone.com\/ca-fr\/product\/accessoires-pour-foyers\/"},"modified":"2020-11-04T14:46:40","modified_gmt":"2020-11-04T19:46:40","slug":"accessoires-pour-foyers","status":"publish","type":"product","link":"https:\/\/www.allthingsstone.com\/ca-fr\/product\/accessoires-pour-foyers\/","title":{"rendered":"Fireplace Accessories &#8211; Eathcore Isokern"},"content":{"rendered":"<div id=\"pl-14011\"  class=\"panel-layout\" ><div id=\"pg-14011-0\"  class=\"panel-grid panel-no-style\" ><div id=\"pgc-14011-0-0\"  class=\"panel-grid-cell\" ><div id=\"panel-14011-0-0-0\" class=\"so-panel widget widget_sow-editor panel-first-child\" data-index=\"0\" ><div\n\t\t\t\n\t\t\tclass=\"so-widget-sow-editor so-widget-sow-editor-base\"\n\t\t\t\n\t\t><h3 class=\"widget-title\">Aper\u00e7u<\/h3>\n<div class=\"siteorigin-widget-tinymce textwidget\">\n\t<p>Les produits Isokern de Earthcore<sup>\u00ae<\/sup> offrent une qualit\u00e9 assur\u00e9e et, gr\u00e2ce aux options de foyers int\u00e9rieurs et ext\u00e9rieurs, les possibilit\u00e9s sont infinies. Avec ses foyers et syst\u00e8mes de chemin\u00e9e Isokern, Earthcore<sup>\u00ae<\/sup> m\u00e8ne une chaude lutte dans l\u2019industrie du chauffage en fabriquant des produits faciles \u00e0 installer, l\u00e9gers, s\u00e9curitaires, abordables et con\u00e7us pour durer. Les accessoires de foyer suivants d\u2019Isokern de Earthcore<sup>\u00ae<\/sup> sont offerts pour les s\u00e9ries <a href=\"https:\/\/www.allthingsstone.com\/ca-fr\/product\/standard-series-earthcore-isokern\/\">Standard<\/a>, <a href=\"https:\/\/www.allthingsstone.com\/ca-en\/product\/magnum-series-earthcore-isokern\/\">Magnum<\/a> et <a href=\"https:\/\/www.allthingsstone.com\/ca-fr\/product\/bvetto-series-earthcore-isokern\/\">BVETTO<\/a>\u00a0: mortier, support Fire-Lite avec ISOWOOL, trousse de prise d\u2019air ext\u00e9rieure et r\u00e9gulateur de tirage.<\/p>\n<\/div>\n<\/div><\/div><div id=\"panel-14011-0-0-1\" class=\"so-panel widget widget_sow-editor panel-last-child\" data-index=\"1\" ><div\n\t\t\t\n\t\t\tclass=\"so-widget-sow-editor so-widget-sow-editor-base\"\n\t\t\t\n\t\t>\n<div class=\"siteorigin-widget-tinymce textwidget\">\n\t<h5>Produits disponibles<\/h5>\n<\/div>\n<\/div><\/div><\/div><\/div><div id=\"pg-14011-1\"  class=\"panel-grid panel-no-style\" ><div id=\"pgc-14011-1-0\"  class=\"panel-grid-cell\" ><div id=\"panel-14011-1-0-0\" class=\"so-panel widget widget_sow-image panel-first-child\" data-index=\"2\" ><div\n\t\t\t\n\t\t\tclass=\"so-widget-sow-image so-widget-sow-image-default-8b5b6f678277-14011\"\n\t\t\t\n\t\t>\n\n<div class=\"sow-image-container\">\n\t\t<img decoding=\"async\" src=\"https:\/\/www.allthingsstone.com\/ca-fr\/wp-content\/uploads\/sites\/12\/2017\/11\/Earthcore\u00ae-Isokern-Adhesive-Mortar.png\" width=\"500\" height=\"500\" srcset=\"https:\/\/www.allthingsstone.com\/ca-fr\/wp-content\/uploads\/sites\/12\/2017\/11\/Earthcore\u00ae-Isokern-Adhesive-Mortar.png 500w, https:\/\/www.allthingsstone.com\/ca-fr\/wp-content\/uploads\/sites\/12\/2017\/11\/Earthcore\u00ae-Isokern-Adhesive-Mortar-300x300.png 300w, https:\/\/www.allthingsstone.com\/ca-fr\/wp-content\/uploads\/sites\/12\/2017\/11\/Earthcore\u00ae-Isokern-Adhesive-Mortar-150x150.png 150w, https:\/\/www.allthingsstone.com\/ca-fr\/wp-content\/uploads\/sites\/12\/2017\/11\/Earthcore\u00ae-Isokern-Adhesive-Mortar-100x100.png 100w\" sizes=\"auto, (max-width: 500px) 100vw, 500px\" title=\"Mortier adh\u00e9sif Earthcore\u00ae\" alt=\"Mortier adh\u00e9sif Earthcore\u00ae\" loading=\"lazy\" \t\tclass=\"so-widget-image\"\/>\n\t<\/div>\n\n<\/div><\/div><div id=\"panel-14011-1-0-1\" class=\"so-panel widget widget_sow-editor panel-last-child\" data-index=\"3\" ><div\n\t\t\t\n\t\t\tclass=\"so-widget-sow-editor so-widget-sow-editor-base\"\n\t\t\t\n\t\t>\n<div class=\"siteorigin-widget-tinymce textwidget\">\n\t<h6>Mortier adh\u00e9sif Earthcore<sup>\u00ae<\/sup><\/h6>\n<p>L\u2019adh\u00e9sif Earthcore<sup>\u00ae<\/sup>, un adh\u00e9sif de ma\u00e7onnerie \u00e0 couche mince, peut \u00eatre utilis\u00e9 autant pour l\u2019installation int\u00e9rieure qu\u2019ext\u00e9rieure. Cet adh\u00e9sif est approuv\u00e9 pour les foyers et syst\u00e8mes de chemin\u00e9e Isokern et offert en seaux de 50\u00a0livres. Lorsque le mortier est correctement appliqu\u00e9 sur les ensembles de chambre de combustion et de d\u00e9flecteur de fum\u00e9e, il faut environ 5\u00a0gallons (mesure \u00e0 mati\u00e8res s\u00e8ches) d\u2019adh\u00e9sif Earthcore<sup>\u00ae<\/sup>.<\/p>\n<\/div>\n<\/div><\/div><\/div><div id=\"pgc-14011-1-1\"  class=\"panel-grid-cell\" ><div id=\"panel-14011-1-1-0\" class=\"so-panel widget widget_sow-image panel-first-child\" data-index=\"4\" ><div\n\t\t\t\n\t\t\tclass=\"so-widget-sow-image so-widget-sow-image-default-8b5b6f678277-14011\"\n\t\t\t\n\t\t>\n\n<div class=\"sow-image-container\">\n\t\t<img decoding=\"async\" src=\"https:\/\/www.allthingsstone.com\/ca-fr\/wp-content\/uploads\/sites\/12\/2017\/11\/Earthcore\u00ae-Isokern-Fire-Lite-Stand-with-ISOWOOL.png\" width=\"500\" height=\"500\" srcset=\"https:\/\/www.allthingsstone.com\/ca-fr\/wp-content\/uploads\/sites\/12\/2017\/11\/Earthcore\u00ae-Isokern-Fire-Lite-Stand-with-ISOWOOL.png 500w, https:\/\/www.allthingsstone.com\/ca-fr\/wp-content\/uploads\/sites\/12\/2017\/11\/Earthcore\u00ae-Isokern-Fire-Lite-Stand-with-ISOWOOL-300x300.png 300w, https:\/\/www.allthingsstone.com\/ca-fr\/wp-content\/uploads\/sites\/12\/2017\/11\/Earthcore\u00ae-Isokern-Fire-Lite-Stand-with-ISOWOOL-150x150.png 150w, https:\/\/www.allthingsstone.com\/ca-fr\/wp-content\/uploads\/sites\/12\/2017\/11\/Earthcore\u00ae-Isokern-Fire-Lite-Stand-with-ISOWOOL-100x100.png 100w\" sizes=\"auto, (max-width: 500px) 100vw, 500px\" title=\"Support Fire-Lite avec ISOWOOL\" alt=\"Support Fire-Lite avec ISOWOOL\" loading=\"lazy\" \t\tclass=\"so-widget-image\"\/>\n\t<\/div>\n\n<\/div><\/div><div id=\"panel-14011-1-1-1\" class=\"so-panel widget widget_sow-editor panel-last-child\" data-index=\"5\" ><div\n\t\t\t\n\t\t\tclass=\"so-widget-sow-editor so-widget-sow-editor-base\"\n\t\t\t\n\t\t>\n<div class=\"siteorigin-widget-tinymce textwidget\">\n\t<h6>Support Fire-Lite avec ISOWOOL<\/h6>\n<p>Le support Fire-Lite avec ISOWOOL d\u2019Isokern est offert pour les deux s\u00e9ries de foyers\u00a0: Standard et Magnum. Le support m\u00e9tallique lors de l\u2019installation avec Fire-Lite peut \u00eatre plac\u00e9 directement sur un plancher de mat\u00e9riaux combustibles ou \u00eatre encastr\u00e9 dans un syst\u00e8me de plancher de mat\u00e9riaux combustibles, peu importe lequel. En connaissant les dimensions de vos mat\u00e9riaux de plancher finis, il est possible de placer le foyer de mani\u00e8re \u00e0 ce que l\u2019\u00e2tre soit int\u00e9gr\u00e9 conform\u00e9ment \u00e0 l\u2019intention, sans d\u00e9nivellation. D\u2019une largeur de\u00a04\u00a0po, le support est offert en dimensions de 36\u00a0po, 42\u00a0po et\u00a046\u00a0po pour les foyers Standard et de\u00a036\u00a0po, 42\u00a0po et\u00a048\u00a0po pour les foyers Magnum.<\/p>\n<\/div>\n<\/div><\/div><\/div><div id=\"pgc-14011-1-2\"  class=\"panel-grid-cell\" ><div id=\"panel-14011-1-2-0\" class=\"so-panel widget widget_sow-image panel-first-child\" data-index=\"6\" ><div\n\t\t\t\n\t\t\tclass=\"so-widget-sow-image so-widget-sow-image-default-8b5b6f678277-14011\"\n\t\t\t\n\t\t>\n\n<div class=\"sow-image-container\">\n\t\t<img decoding=\"async\" src=\"https:\/\/www.allthingsstone.com\/ca-fr\/wp-content\/uploads\/sites\/12\/2017\/11\/Earthcore\u00ae-Isokern-Outside-Air-Kit.png\" width=\"500\" height=\"500\" srcset=\"https:\/\/www.allthingsstone.com\/ca-fr\/wp-content\/uploads\/sites\/12\/2017\/11\/Earthcore\u00ae-Isokern-Outside-Air-Kit.png 500w, https:\/\/www.allthingsstone.com\/ca-fr\/wp-content\/uploads\/sites\/12\/2017\/11\/Earthcore\u00ae-Isokern-Outside-Air-Kit-300x300.png 300w, https:\/\/www.allthingsstone.com\/ca-fr\/wp-content\/uploads\/sites\/12\/2017\/11\/Earthcore\u00ae-Isokern-Outside-Air-Kit-150x150.png 150w, https:\/\/www.allthingsstone.com\/ca-fr\/wp-content\/uploads\/sites\/12\/2017\/11\/Earthcore\u00ae-Isokern-Outside-Air-Kit-100x100.png 100w\" sizes=\"auto, (max-width: 500px) 100vw, 500px\" title=\"Trousse de prise d\u2019air ext\u00e9rieure\" alt=\"Trousse de prise d\u2019air ext\u00e9rieure\" loading=\"lazy\" \t\tclass=\"so-widget-image\"\/>\n\t<\/div>\n\n<\/div><\/div><div id=\"panel-14011-1-2-1\" class=\"so-panel widget widget_sow-editor panel-last-child\" data-index=\"7\" ><div\n\t\t\t\n\t\t\tclass=\"so-widget-sow-editor so-widget-sow-editor-base\"\n\t\t\t\n\t\t>\n<div class=\"siteorigin-widget-tinymce textwidget\">\n\t<h6>Trousse de prise d\u2019air ext\u00e9rieure<\/h6>\n<p>Aussi connue comme \u00e9tant un dispositif d\u2019entr\u00e9e d\u2019air, la trousse de prise d\u2019air ext\u00e9rieure d\u2019Isokern est offerte pour les diam\u00e8tres de\u00a04\u00a0po, 5\u00a0po et\u00a06\u00a0po. La trousse de prise d\u2019air ext\u00e9rieure aide \u00e0 emp\u00eacher le refoulement de la fum\u00e9e qu\u2019entra\u00eene une pression n\u00e9gative dans la maison, tout en captant l\u2019air frais de l\u2019ext\u00e9rieur pour alimenter votre foyer au bois. Elle facilite ainsi la combustion uniforme de votre foyer. Conforme aux exigences de la plupart des codes du b\u00e2timent, elle permet aussi de r\u00e9duire consid\u00e9rablement la pollution et les sous-produits de la fum\u00e9e g\u00e9n\u00e9r\u00e9s par le feu<\/p>\n<\/div>\n<\/div><\/div><\/div><div id=\"pgc-14011-1-3\"  class=\"panel-grid-cell\" ><div id=\"panel-14011-1-3-0\" class=\"so-panel widget widget_sow-image panel-first-child\" data-index=\"8\" ><div\n\t\t\t\n\t\t\tclass=\"so-widget-sow-image so-widget-sow-image-default-8b5b6f678277-14011\"\n\t\t\t\n\t\t>\n\n<div class=\"sow-image-container\">\n\t\t<img decoding=\"async\" src=\"https:\/\/www.allthingsstone.com\/ca-fr\/wp-content\/uploads\/sites\/12\/2017\/11\/Earthcore\u00ae-Isokern-Cast-Iron-Damper-Bottom-Mount-Damper.png\" width=\"500\" height=\"500\" srcset=\"https:\/\/www.allthingsstone.com\/ca-fr\/wp-content\/uploads\/sites\/12\/2017\/11\/Earthcore\u00ae-Isokern-Cast-Iron-Damper-Bottom-Mount-Damper.png 500w, https:\/\/www.allthingsstone.com\/ca-fr\/wp-content\/uploads\/sites\/12\/2017\/11\/Earthcore\u00ae-Isokern-Cast-Iron-Damper-Bottom-Mount-Damper-300x300.png 300w, https:\/\/www.allthingsstone.com\/ca-fr\/wp-content\/uploads\/sites\/12\/2017\/11\/Earthcore\u00ae-Isokern-Cast-Iron-Damper-Bottom-Mount-Damper-150x150.png 150w, https:\/\/www.allthingsstone.com\/ca-fr\/wp-content\/uploads\/sites\/12\/2017\/11\/Earthcore\u00ae-Isokern-Cast-Iron-Damper-Bottom-Mount-Damper-100x100.png 100w\" sizes=\"auto, (max-width: 500px) 100vw, 500px\" title=\"R\u00e9gulateur de tirage en fonte et r\u00e9gulateur de tirage \u00e0 installation au bas\" alt=\"R\u00e9gulateur de tirage en fonte et r\u00e9gulateur de tirage \u00e0 installation au bas\" loading=\"lazy\" \t\tclass=\"so-widget-image\"\/>\n\t<\/div>\n\n<\/div><\/div><div id=\"panel-14011-1-3-1\" class=\"so-panel widget widget_sow-editor panel-last-child\" data-index=\"9\" ><div\n\t\t\t\n\t\t\tclass=\"so-widget-sow-editor so-widget-sow-editor-base\"\n\t\t\t\n\t\t>\n<div class=\"siteorigin-widget-tinymce textwidget\">\n\t<h6>R\u00e9gulateur de tirage en fonte et r\u00e9gulateur de tirage \u00e0 installation au bas<\/h6>\n<p>Le r\u00e9gulateur de tirage en fonte est con\u00e7u pour \u00eatre ins\u00e9r\u00e9 dans la gorge du foyer Isokern; il peut \u00eatre ouvert et ferm\u00e9 au moyen du tisonnier. Formats offerts\u00a0: 33\u00a0po, 42\u00a0po, 60\u00a0po et\u00a072\u00a0po.<\/p>\n<p>Le r\u00e9gulateur de tirage \u00e0 installation au bas est un concept exclusif \u00e0 adopter lorsque l\u2019utilisation d\u2019un r\u00e9gulateur au haut avec un tisonnier n\u2019est pas possible. Formidable avec les installations ouvertes 2\u00a0faces, ce type de r\u00e9gulateur de tirage peut \u00eatre combin\u00e9 avec les syst\u00e8mes de chemin\u00e9e en ma\u00e7onnerie ou en m\u00e9tal.<\/p>\n<\/div>\n<\/div><\/div><\/div><\/div><div id=\"pg-14011-2\"  class=\"panel-grid panel-no-style\" ><div id=\"pgc-14011-2-0\"  class=\"panel-grid-cell\" ><div id=\"panel-14011-2-0-0\" class=\"so-panel widget widget_sow-editor panel-first-child panel-last-child\" data-index=\"10\" ><div\n\t\t\t\n\t\t\tclass=\"so-widget-sow-editor so-widget-sow-editor-base\"\n\t\t\t\n\t\t>\n<div class=\"siteorigin-widget-tinymce textwidget\">\n\t<p>Pour voir d\u2019autres accessoires offerts par Isokern de Earthcore<sup>\u00ae<\/sup>, cliquez sur le <strong><a href=\"https:\/\/www.allthingsstone.com\/ca-fr\/single-resource\/earthcore-isokern-fireplaces-chimneys\/\">Catalogue de produits<\/a><\/strong>; il pr\u00e9sente une liste compl\u00e8te des accessoires que vous pouvez commander.<\/p>\n<p>Canadian Stone Industries (CSI) est le distributeur exclusif d\u2019Isokern de Earthcore<sup>\u00ae<\/sup>\u00a0au Canada. Cliquez sur\u00a0<strong><a href=\"https:\/\/www.allthingsstone.com\/ca-fr\/ou-acheter\/\">O\u00f9 acheter<\/a><\/strong>\u00a0pour trouver un d\u00e9taillant agr\u00e9\u00e9 d\u2019Isokern de Earthcore<sup>\u00ae\u00a0<\/sup>pr\u00e8s de chez vous.<\/p>\n<\/div>\n<\/div><\/div><\/div><\/div><\/div>","protected":false},"excerpt":{"rendered":"<p>Les produits Isokern de Earthcore\u00ae offrent une qualit\u00e9 assur\u00e9e et, gr\u00e2ce aux options de foyers int\u00e9rieurs et ext\u00e9rieurs, les possibilit\u00e9s sont infinies. Avec ses foyers &hellip; <a href=\"https:\/\/www.allthingsstone.com\/ca-fr\/product\/accessoires-pour-foyers\/\">Continued<\/a><\/p>\n","protected":false},"featured_media":15674,"comment_status":"open","ping_status":"closed","template":"","meta":{"inline_featured_image":false,"_mi_skip_tracking":false,"_exactmetrics_sitenote_active":false,"_exactmetrics_sitenote_note":"","_exactmetrics_sitenote_category":0},"product_cat":[6534],"product_tag":[6568],"class_list":["post-14011","product","type-product","status-publish","has-post-thumbnail","hentry","product_cat-systemes-de-foyers-et-vie-exterieure","product_tag-earthcore-isokern-fireplaces","brands-foyers-et-cheminees-isokern-de-earthcore","single_resource-earthcore-isokern-fireplaces-chimneys"],"acf":[],"yoast_head":"<!-- This site is optimized with the Yoast SEO Premium plugin v21.6 (Yoast SEO v21.6) - https:\/\/yoast.com\/wordpress\/plugins\/seo\/ -->\n<title>Accessoires pour foyers | CSI - All Things Stone CAN-FR<\/title>\n<meta name=\"description\" content=\"Les accessoires de foyer suivants d\u2019Isokern de Earthcore\u00ae sont offerts pour les s\u00e9ries Standard, Magnum et BVETTO : mortier, support Fire-Lite avec ISOWOOL, trousse de prise d\u2019air ext\u00e9rieure et r\u00e9gulateur de tirage.\" \/>\n<meta name=\"robots\" content=\"index, follow, max-snippet:-1, max-image-preview:large, max-video-preview:-1\" \/>\n<link rel=\"canonical\" href=\"https:\/\/www.allthingsstone.com\/ca-fr\/product\/accessoires-pour-foyers\/\" \/>\n<meta property=\"og:locale\" content=\"en_US\" \/>\n<meta property=\"og:type\" content=\"article\" \/>\n<meta property=\"og:title\" content=\"Fireplace Accessories - Eathcore Isokern\" \/>\n<meta property=\"og:description\" content=\"Les accessoires de foyer suivants d\u2019Isokern de Earthcore\u00ae sont offerts pour les s\u00e9ries Standard, Magnum et BVETTO : mortier, support Fire-Lite avec ISOWOOL, trousse de prise d\u2019air ext\u00e9rieure et r\u00e9gulateur de tirage.\" \/>\n<meta property=\"og:url\" content=\"https:\/\/www.allthingsstone.com\/ca-fr\/product\/accessoires-pour-foyers\/\" \/>\n<meta property=\"og:site_name\" content=\"CSI - Canadian Stone Industries FR\" \/>\n<meta property=\"article:modified_time\" content=\"2020-11-04T19:46:40+00:00\" \/>\n<meta property=\"og:image\" content=\"https:\/\/www.allthingsstone.com\/ca-fr\/wp-content\/uploads\/sites\/12\/2017\/11\/Fireplace-Accessories-Earthcore\u00ae-Isokern.jpg\" \/>\n\t<meta property=\"og:image:width\" content=\"459\" \/>\n\t<meta property=\"og:image:height\" content=\"339\" \/>\n\t<meta property=\"og:image:type\" content=\"image\/jpeg\" \/>\n<meta name=\"twitter:card\" content=\"summary_large_image\" \/>\n<meta name=\"twitter:label1\" content=\"Est. reading time\" \/>\n\t<meta name=\"twitter:data1\" content=\"4 minutes\" \/>\n<script type=\"application\/ld+json\" class=\"yoast-schema-graph\">{\"@context\":\"https:\/\/schema.org\",\"@graph\":[{\"@type\":\"WebPage\",\"@id\":\"https:\/\/www.allthingsstone.com\/ca-fr\/product\/accessoires-pour-foyers\/\",\"url\":\"https:\/\/www.allthingsstone.com\/ca-fr\/product\/accessoires-pour-foyers\/\",\"name\":\"Accessoires pour foyers | CSI - All Things Stone CAN-FR\",\"isPartOf\":{\"@id\":\"https:\/\/www.allthingsstone.com\/ca-fr\/#website\"},\"datePublished\":\"2017-11-10T16:22:22+00:00\",\"dateModified\":\"2020-11-04T19:46:40+00:00\",\"description\":\"Les accessoires de foyer suivants d\u2019Isokern de Earthcore\u00ae sont offerts pour les s\u00e9ries Standard, Magnum et BVETTO : mortier, support Fire-Lite avec ISOWOOL, trousse de prise d\u2019air ext\u00e9rieure et r\u00e9gulateur de tirage.\",\"breadcrumb\":{\"@id\":\"https:\/\/www.allthingsstone.com\/ca-fr\/product\/accessoires-pour-foyers\/#breadcrumb\"},\"inLanguage\":\"en-CA\",\"potentialAction\":[{\"@type\":\"ReadAction\",\"target\":[\"https:\/\/www.allthingsstone.com\/ca-fr\/product\/accessoires-pour-foyers\/\"]}]},{\"@type\":\"BreadcrumbList\",\"@id\":\"https:\/\/www.allthingsstone.com\/ca-fr\/product\/accessoires-pour-foyers\/#breadcrumb\",\"itemListElement\":[{\"@type\":\"ListItem\",\"position\":1,\"name\":\"Home\",\"item\":\"https:\/\/www.allthingsstone.com\/ca-fr\/\"},{\"@type\":\"ListItem\",\"position\":2,\"name\":\"Fireplace Accessories &#8211; Eathcore Isokern\"}]},{\"@type\":\"WebSite\",\"@id\":\"https:\/\/www.allthingsstone.com\/ca-fr\/#website\",\"url\":\"https:\/\/www.allthingsstone.com\/ca-fr\/\",\"name\":\"CSI - Canadian Stone Industries FR\",\"description\":\"\",\"potentialAction\":[{\"@type\":\"SearchAction\",\"target\":{\"@type\":\"EntryPoint\",\"urlTemplate\":\"https:\/\/www.allthingsstone.com\/ca-fr\/?s={search_term_string}\"},\"query-input\":\"required name=search_term_string\"}],\"inLanguage\":\"en-CA\"}]}<\/script>\n<!-- \/ Yoast SEO Premium plugin. -->","yoast_head_json":{"title":"Accessoires pour foyers | CSI - All Things Stone CAN-FR","description":"Les accessoires de foyer suivants d\u2019Isokern de Earthcore\u00ae sont offerts pour les s\u00e9ries Standard, Magnum et BVETTO : mortier, support Fire-Lite avec ISOWOOL, trousse de prise d\u2019air ext\u00e9rieure et r\u00e9gulateur de tirage.","robots":{"index":"index","follow":"follow","max-snippet":"max-snippet:-1","max-image-preview":"max-image-preview:large","max-video-preview":"max-video-preview:-1"},"canonical":"https:\/\/www.allthingsstone.com\/ca-fr\/product\/accessoires-pour-foyers\/","og_locale":"en_US","og_type":"article","og_title":"Fireplace Accessories - Eathcore Isokern","og_description":"Les accessoires de foyer suivants d\u2019Isokern de Earthcore\u00ae sont offerts pour les s\u00e9ries Standard, Magnum et BVETTO : mortier, support Fire-Lite avec ISOWOOL, trousse de prise d\u2019air ext\u00e9rieure et r\u00e9gulateur de tirage.","og_url":"https:\/\/www.allthingsstone.com\/ca-fr\/product\/accessoires-pour-foyers\/","og_site_name":"CSI - Canadian Stone Industries FR","article_modified_time":"2020-11-04T19:46:40+00:00","og_image":[{"width":459,"height":339,"url":"https:\/\/www.allthingsstone.com\/ca-fr\/wp-content\/uploads\/sites\/12\/2017\/11\/Fireplace-Accessories-Earthcore\u00ae-Isokern.jpg","type":"image\/jpeg"}],"twitter_card":"summary_large_image","twitter_misc":{"Est. reading time":"4 minutes"},"schema":{"@context":"https:\/\/schema.org","@graph":[{"@type":"WebPage","@id":"https:\/\/www.allthingsstone.com\/ca-fr\/product\/accessoires-pour-foyers\/","url":"https:\/\/www.allthingsstone.com\/ca-fr\/product\/accessoires-pour-foyers\/","name":"Accessoires pour foyers | CSI - All Things Stone CAN-FR","isPartOf":{"@id":"https:\/\/www.allthingsstone.com\/ca-fr\/#website"},"datePublished":"2017-11-10T16:22:22+00:00","dateModified":"2020-11-04T19:46:40+00:00","description":"Les accessoires de foyer suivants d\u2019Isokern de Earthcore\u00ae sont offerts pour les s\u00e9ries Standard, Magnum et BVETTO : mortier, support Fire-Lite avec ISOWOOL, trousse de prise d\u2019air ext\u00e9rieure et r\u00e9gulateur de tirage.","breadcrumb":{"@id":"https:\/\/www.allthingsstone.com\/ca-fr\/product\/accessoires-pour-foyers\/#breadcrumb"},"inLanguage":"en-CA","potentialAction":[{"@type":"ReadAction","target":["https:\/\/www.allthingsstone.com\/ca-fr\/product\/accessoires-pour-foyers\/"]}]},{"@type":"BreadcrumbList","@id":"https:\/\/www.allthingsstone.com\/ca-fr\/product\/accessoires-pour-foyers\/#breadcrumb","itemListElement":[{"@type":"ListItem","position":1,"name":"Home","item":"https:\/\/www.allthingsstone.com\/ca-fr\/"},{"@type":"ListItem","position":2,"name":"Fireplace Accessories &#8211; Eathcore Isokern"}]},{"@type":"WebSite","@id":"https:\/\/www.allthingsstone.com\/ca-fr\/#website","url":"https:\/\/www.allthingsstone.com\/ca-fr\/","name":"CSI - Canadian Stone Industries FR","description":"","potentialAction":[{"@type":"SearchAction","target":{"@type":"EntryPoint","urlTemplate":"https:\/\/www.allthingsstone.com\/ca-fr\/?s={search_term_string}"},"query-input":"required name=search_term_string"}],"inLanguage":"en-CA"}]}},"_links":{"self":[{"href":"https:\/\/www.allthingsstone.com\/ca-fr\/wp-json\/wp\/v2\/product\/14011","targetHints":{"allow":["GET"]}}],"collection":[{"href":"https:\/\/www.allthingsstone.com\/ca-fr\/wp-json\/wp\/v2\/product"}],"about":[{"href":"https:\/\/www.allthingsstone.com\/ca-fr\/wp-json\/wp\/v2\/types\/product"}],"replies":[{"embeddable":true,"href":"https:\/\/www.allthingsstone.com\/ca-fr\/wp-json\/wp\/v2\/comments?post=14011"}],"wp:featuredmedia":[{"embeddable":true,"href":"https:\/\/www.allthingsstone.com\/ca-fr\/wp-json\/wp\/v2\/media\/15674"}],"wp:attachment":[{"href":"https:\/\/www.allthingsstone.com\/ca-fr\/wp-json\/wp\/v2\/media?parent=14011"}],"wp:term":[{"taxonomy":"product_cat","embeddable":true,"href":"https:\/\/www.allthingsstone.com\/ca-fr\/wp-json\/wp\/v2\/product_cat?post=14011"},{"taxonomy":"product_tag","embeddable":true,"href":"https:\/\/www.allthingsstone.com\/ca-fr\/wp-json\/wp\/v2\/product_tag?post=14011"}],"curies":[{"name":"wp","href":"https:\/\/api.w.org\/{rel}","templated":true}]}}