{"id":14007,"date":"2017-11-21T15:17:32","date_gmt":"2017-11-21T20:17:32","guid":{"rendered":"http:\/\/www.allthingsstone.com\/ca-fr\/product\/chaperons-de-pilier-en-dalle-de-cultured-stone\/"},"modified":"2020-11-06T18:24:21","modified_gmt":"2020-11-06T23:24:21","slug":"chaperons-de-pilier-en-dalle-de-cultured-stone","status":"publish","type":"product","link":"https:\/\/www.allthingsstone.com\/ca-fr\/product\/chaperons-de-pilier-en-dalle-de-cultured-stone\/","title":{"rendered":"Flagstone Pier Caps &#8211; Cultured Stone"},"content":{"rendered":"<div id=\"pl-14007\"  class=\"panel-layout\" ><div id=\"pg-14007-0\"  class=\"panel-grid panel-no-style\" ><div id=\"pgc-14007-0-0\"  class=\"panel-grid-cell\" ><div id=\"panel-14007-0-0-0\" class=\"so-panel widget widget_sow-editor panel-first-child\" data-index=\"0\" ><div\n\t\t\t\n\t\t\tclass=\"so-widget-sow-editor so-widget-sow-editor-base\"\n\t\t\t\n\t\t>\n<div class=\"siteorigin-widget-tinymce textwidget\">\n\t<p>Les chaperons de pilier en dalle usin\u00e9s Cultured Stone<sup>\u00ae<\/sup> procurent une protection optimale et une superbe finition \u00e0 tout mur, pilier ou colonne. Cr\u00e9ez le look parfait avec les \u00e9l\u00e9gants chaperons de pilier en dalle de Cultured Stone<sup>\u00ae<\/sup>, offerts en plusieurs couleurs et formats.<\/p>\n<\/div>\n<\/div><\/div><div id=\"panel-14007-0-0-1\" class=\"so-panel widget widget_sow-editor panel-last-child\" data-index=\"1\" ><div\n\t\t\t\n\t\t\tclass=\"so-widget-sow-editor so-widget-sow-editor-base\"\n\t\t\t\n\t\t>\n<div class=\"siteorigin-widget-tinymce textwidget\">\n\t<p>Pour trouver un d\u00e9taillant\u00a0chaperons de pilier en dalle de Cultured Stone<sup>\u00ae<\/sup> dans votre r\u00e9gion cliquez sur <strong><a href=\"http:\/\/www.allthingsstone.com\/ca-fr\/ou-acheter\/\">O\u00f9 acheter<\/a><\/strong>.<\/p>\n<\/div>\n<\/div><\/div><\/div><\/div><\/div>","protected":false},"excerpt":{"rendered":"<p>Les chaperons de pilier en dalle usin\u00e9s Cultured Stone\u00ae procurent une protection optimale et une superbe finition \u00e0 tout mur, pilier ou colonne. Cr\u00e9ez le &hellip; <a href=\"https:\/\/www.allthingsstone.com\/ca-fr\/product\/chaperons-de-pilier-en-dalle-de-cultured-stone\/\">Continued<\/a><\/p>\n","protected":false},"featured_media":15719,"comment_status":"open","ping_status":"closed","template":"","meta":{"inline_featured_image":false,"_mi_skip_tracking":false,"_exactmetrics_sitenote_active":false,"_exactmetrics_sitenote_note":"","_exactmetrics_sitenote_category":0},"product_cat":[6532],"product_tag":[6551],"class_list":["post-14007","product","type-product","status-publish","has-post-thumbnail","hentry","product_cat-accessoires-architecturaux","product_tag-cultured-transitions-wall-pier-cap-collection","brands-cultured-transitions-de-cultured-stone","single_resource-cultured-stone-resouces"],"acf":[],"yoast_head":"<!-- This site is optimized with the Yoast SEO Premium plugin v21.6 (Yoast SEO v21.6) - https:\/\/yoast.com\/wordpress\/plugins\/seo\/ -->\n<title>Chaperons de pilier en dalle de Cultured Stone\u00ae | CSI All Things Stone CAN-FR<\/title>\n<meta name=\"description\" content=\"Les chaperons de pilier en dalle usin\u00e9s Cultured Stone\u00ae procurent une protection optimale et une superbe finition \u00e0 tout mur, pilier ou colonne. Cr\u00e9ez le look parfait avec les \u00e9l\u00e9gants chaperons de pilier en dalle de Cultured Stone\u00ae, offerts en plusieurs couleurs et formats.\" \/>\n<meta name=\"robots\" content=\"index, follow, max-snippet:-1, max-image-preview:large, max-video-preview:-1\" \/>\n<link rel=\"canonical\" href=\"https:\/\/www.allthingsstone.com\/ca-fr\/product\/chaperons-de-pilier-en-dalle-de-cultured-stone\/\" \/>\n<meta property=\"og:locale\" content=\"en_US\" \/>\n<meta property=\"og:type\" content=\"article\" \/>\n<meta property=\"og:title\" content=\"Flagstone Pier Caps - Cultured Stone\" \/>\n<meta property=\"og:description\" content=\"Les chaperons de pilier en dalle usin\u00e9s Cultured Stone\u00ae procurent une protection optimale et une superbe finition \u00e0 tout mur, pilier ou colonne. Cr\u00e9ez le look parfait avec les \u00e9l\u00e9gants chaperons de pilier en dalle de Cultured Stone\u00ae, offerts en plusieurs couleurs et formats.\" \/>\n<meta property=\"og:url\" content=\"https:\/\/www.allthingsstone.com\/ca-fr\/product\/chaperons-de-pilier-en-dalle-de-cultured-stone\/\" \/>\n<meta property=\"og:site_name\" content=\"CSI - Canadian Stone Industries FR\" \/>\n<meta property=\"article:modified_time\" content=\"2020-11-06T23:24:21+00:00\" \/>\n<meta property=\"og:image\" content=\"https:\/\/www.allthingsstone.com\/ca-fr\/wp-content\/uploads\/sites\/12\/2017\/11\/Cultured-Stone-Pier-Caps.jpg\" \/>\n\t<meta property=\"og:image:width\" content=\"459\" \/>\n\t<meta property=\"og:image:height\" content=\"339\" \/>\n\t<meta property=\"og:image:type\" content=\"image\/jpeg\" \/>\n<meta name=\"twitter:card\" content=\"summary_large_image\" \/>\n<meta name=\"twitter:label1\" content=\"Est. reading time\" \/>\n\t<meta name=\"twitter:data1\" content=\"1 minute\" \/>\n<script type=\"application\/ld+json\" class=\"yoast-schema-graph\">{\"@context\":\"https:\/\/schema.org\",\"@graph\":[{\"@type\":\"WebPage\",\"@id\":\"https:\/\/www.allthingsstone.com\/ca-fr\/product\/chaperons-de-pilier-en-dalle-de-cultured-stone\/\",\"url\":\"https:\/\/www.allthingsstone.com\/ca-fr\/product\/chaperons-de-pilier-en-dalle-de-cultured-stone\/\",\"name\":\"Chaperons de pilier en dalle de Cultured Stone\u00ae | CSI All Things Stone CAN-FR\",\"isPartOf\":{\"@id\":\"https:\/\/www.allthingsstone.com\/ca-fr\/#website\"},\"datePublished\":\"2017-11-21T20:17:32+00:00\",\"dateModified\":\"2020-11-06T23:24:21+00:00\",\"description\":\"Les chaperons de pilier en dalle usin\u00e9s Cultured Stone\u00ae procurent une protection optimale et une superbe finition \u00e0 tout mur, pilier ou colonne. Cr\u00e9ez le look parfait avec les \u00e9l\u00e9gants chaperons de pilier en dalle de Cultured Stone\u00ae, offerts en plusieurs couleurs et formats.\",\"breadcrumb\":{\"@id\":\"https:\/\/www.allthingsstone.com\/ca-fr\/product\/chaperons-de-pilier-en-dalle-de-cultured-stone\/#breadcrumb\"},\"inLanguage\":\"en-CA\",\"potentialAction\":[{\"@type\":\"ReadAction\",\"target\":[\"https:\/\/www.allthingsstone.com\/ca-fr\/product\/chaperons-de-pilier-en-dalle-de-cultured-stone\/\"]}]},{\"@type\":\"BreadcrumbList\",\"@id\":\"https:\/\/www.allthingsstone.com\/ca-fr\/product\/chaperons-de-pilier-en-dalle-de-cultured-stone\/#breadcrumb\",\"itemListElement\":[{\"@type\":\"ListItem\",\"position\":1,\"name\":\"Home\",\"item\":\"https:\/\/www.allthingsstone.com\/ca-fr\/\"},{\"@type\":\"ListItem\",\"position\":2,\"name\":\"Flagstone Pier Caps &#8211; Cultured Stone\"}]},{\"@type\":\"WebSite\",\"@id\":\"https:\/\/www.allthingsstone.com\/ca-fr\/#website\",\"url\":\"https:\/\/www.allthingsstone.com\/ca-fr\/\",\"name\":\"CSI - Canadian Stone Industries FR\",\"description\":\"\",\"potentialAction\":[{\"@type\":\"SearchAction\",\"target\":{\"@type\":\"EntryPoint\",\"urlTemplate\":\"https:\/\/www.allthingsstone.com\/ca-fr\/?s={search_term_string}\"},\"query-input\":\"required name=search_term_string\"}],\"inLanguage\":\"en-CA\"}]}<\/script>\n<!-- \/ Yoast SEO Premium plugin. -->","yoast_head_json":{"title":"Chaperons de pilier en dalle de Cultured Stone\u00ae | CSI All Things Stone CAN-FR","description":"Les chaperons de pilier en dalle usin\u00e9s Cultured Stone\u00ae procurent une protection optimale et une superbe finition \u00e0 tout mur, pilier ou colonne. Cr\u00e9ez le look parfait avec les \u00e9l\u00e9gants chaperons de pilier en dalle de Cultured Stone\u00ae, offerts en plusieurs couleurs et formats.","robots":{"index":"index","follow":"follow","max-snippet":"max-snippet:-1","max-image-preview":"max-image-preview:large","max-video-preview":"max-video-preview:-1"},"canonical":"https:\/\/www.allthingsstone.com\/ca-fr\/product\/chaperons-de-pilier-en-dalle-de-cultured-stone\/","og_locale":"en_US","og_type":"article","og_title":"Flagstone Pier Caps - Cultured Stone","og_description":"Les chaperons de pilier en dalle usin\u00e9s Cultured Stone\u00ae procurent une protection optimale et une superbe finition \u00e0 tout mur, pilier ou colonne. Cr\u00e9ez le look parfait avec les \u00e9l\u00e9gants chaperons de pilier en dalle de Cultured Stone\u00ae, offerts en plusieurs couleurs et formats.","og_url":"https:\/\/www.allthingsstone.com\/ca-fr\/product\/chaperons-de-pilier-en-dalle-de-cultured-stone\/","og_site_name":"CSI - Canadian Stone Industries FR","article_modified_time":"2020-11-06T23:24:21+00:00","og_image":[{"width":459,"height":339,"url":"https:\/\/www.allthingsstone.com\/ca-fr\/wp-content\/uploads\/sites\/12\/2017\/11\/Cultured-Stone-Pier-Caps.jpg","type":"image\/jpeg"}],"twitter_card":"summary_large_image","twitter_misc":{"Est. reading time":"1 minute"},"schema":{"@context":"https:\/\/schema.org","@graph":[{"@type":"WebPage","@id":"https:\/\/www.allthingsstone.com\/ca-fr\/product\/chaperons-de-pilier-en-dalle-de-cultured-stone\/","url":"https:\/\/www.allthingsstone.com\/ca-fr\/product\/chaperons-de-pilier-en-dalle-de-cultured-stone\/","name":"Chaperons de pilier en dalle de Cultured Stone\u00ae | CSI All Things Stone CAN-FR","isPartOf":{"@id":"https:\/\/www.allthingsstone.com\/ca-fr\/#website"},"datePublished":"2017-11-21T20:17:32+00:00","dateModified":"2020-11-06T23:24:21+00:00","description":"Les chaperons de pilier en dalle usin\u00e9s Cultured Stone\u00ae procurent une protection optimale et une superbe finition \u00e0 tout mur, pilier ou colonne. Cr\u00e9ez le look parfait avec les \u00e9l\u00e9gants chaperons de pilier en dalle de Cultured Stone\u00ae, offerts en plusieurs couleurs et formats.","breadcrumb":{"@id":"https:\/\/www.allthingsstone.com\/ca-fr\/product\/chaperons-de-pilier-en-dalle-de-cultured-stone\/#breadcrumb"},"inLanguage":"en-CA","potentialAction":[{"@type":"ReadAction","target":["https:\/\/www.allthingsstone.com\/ca-fr\/product\/chaperons-de-pilier-en-dalle-de-cultured-stone\/"]}]},{"@type":"BreadcrumbList","@id":"https:\/\/www.allthingsstone.com\/ca-fr\/product\/chaperons-de-pilier-en-dalle-de-cultured-stone\/#breadcrumb","itemListElement":[{"@type":"ListItem","position":1,"name":"Home","item":"https:\/\/www.allthingsstone.com\/ca-fr\/"},{"@type":"ListItem","position":2,"name":"Flagstone Pier Caps &#8211; Cultured Stone"}]},{"@type":"WebSite","@id":"https:\/\/www.allthingsstone.com\/ca-fr\/#website","url":"https:\/\/www.allthingsstone.com\/ca-fr\/","name":"CSI - Canadian Stone Industries FR","description":"","potentialAction":[{"@type":"SearchAction","target":{"@type":"EntryPoint","urlTemplate":"https:\/\/www.allthingsstone.com\/ca-fr\/?s={search_term_string}"},"query-input":"required name=search_term_string"}],"inLanguage":"en-CA"}]}},"_links":{"self":[{"href":"https:\/\/www.allthingsstone.com\/ca-fr\/wp-json\/wp\/v2\/product\/14007","targetHints":{"allow":["GET"]}}],"collection":[{"href":"https:\/\/www.allthingsstone.com\/ca-fr\/wp-json\/wp\/v2\/product"}],"about":[{"href":"https:\/\/www.allthingsstone.com\/ca-fr\/wp-json\/wp\/v2\/types\/product"}],"replies":[{"embeddable":true,"href":"https:\/\/www.allthingsstone.com\/ca-fr\/wp-json\/wp\/v2\/comments?post=14007"}],"wp:featuredmedia":[{"embeddable":true,"href":"https:\/\/www.allthingsstone.com\/ca-fr\/wp-json\/wp\/v2\/media\/15719"}],"wp:attachment":[{"href":"https:\/\/www.allthingsstone.com\/ca-fr\/wp-json\/wp\/v2\/media?parent=14007"}],"wp:term":[{"taxonomy":"product_cat","embeddable":true,"href":"https:\/\/www.allthingsstone.com\/ca-fr\/wp-json\/wp\/v2\/product_cat?post=14007"},{"taxonomy":"product_tag","embeddable":true,"href":"https:\/\/www.allthingsstone.com\/ca-fr\/wp-json\/wp\/v2\/product_tag?post=14007"}],"curies":[{"name":"wp","href":"https:\/\/api.w.org\/{rel}","templated":true}]}}