{"id":14006,"date":"2017-11-22T12:28:26","date_gmt":"2017-11-22T17:28:26","guid":{"rendered":"http:\/\/www.allthingsstone.com\/ca-fr\/product\/garnitures-de-fenetre-et-de-porte-cultured-stone\/"},"modified":"2020-11-09T12:29:42","modified_gmt":"2020-11-09T17:29:42","slug":"garnitures-de-fenetre-et-de-porte-cultured-stone","status":"publish","type":"product","link":"https:\/\/www.allthingsstone.com\/ca-fr\/product\/garnitures-de-fenetre-et-de-porte-cultured-stone\/","title":{"rendered":"Window\/Door Trim &#8211; Cultured Stone"},"content":{"rendered":"<div id=\"pl-14006\"  class=\"panel-layout\" ><div id=\"pg-14006-0\"  class=\"panel-grid panel-no-style\" ><div id=\"pgc-14006-0-0\"  class=\"panel-grid-cell\" ><div id=\"panel-14006-0-0-0\" class=\"so-panel widget widget_sow-editor panel-first-child\" data-index=\"0\" ><div\n\t\t\t\n\t\t\tclass=\"so-widget-sow-editor so-widget-sow-editor-base\"\n\t\t\t\n\t\t>\n<div class=\"siteorigin-widget-tinymce textwidget\">\n\t<p>La gamme polyvalente de garnitures de fen\u00eatre et de porte Cultured Stone<sup>\u00ae<\/sup> comprend des cl\u00e9s de vo\u00fbte, des pierres de garniture et des linteaux toscans. Ces produits sont con\u00e7us pour rehausser tout type de rev\u00eatement de pierre ou de stuc, et sont offerts en plusieurs couleurs.<\/p>\n<\/div>\n<\/div><\/div><div id=\"panel-14006-0-0-1\" class=\"so-panel widget widget_sow-editor panel-last-child\" data-index=\"1\" ><div\n\t\t\t\n\t\t\tclass=\"so-widget-sow-editor so-widget-sow-editor-base\"\n\t\t\t\n\t\t>\n<div class=\"siteorigin-widget-tinymce textwidget\">\n\t<p>Pour trouver un d\u00e9taillant Garnitures de fen\u00eatre et de porte Cultured Stone<sup>\u00ae<\/sup> dans votre r\u00e9gion cliquez sur <strong><a href=\"http:\/\/www.allthingsstone.com\/ca-fr\/ou-acheter\/\">O\u00f9 acheter<\/a><\/strong>.<\/p>\n<\/div>\n<\/div><\/div><\/div><\/div><\/div>","protected":false},"excerpt":{"rendered":"<p>La gamme polyvalente de garnitures de fen\u00eatre et de porte Cultured Stone\u00ae comprend des cl\u00e9s de vo\u00fbte, des pierres de garniture et des linteaux toscans. &hellip; <a href=\"https:\/\/www.allthingsstone.com\/ca-fr\/product\/garnitures-de-fenetre-et-de-porte-cultured-stone\/\">Continued<\/a><\/p>\n","protected":false},"featured_media":15761,"comment_status":"open","ping_status":"closed","template":"","meta":{"inline_featured_image":false,"_mi_skip_tracking":false,"_exactmetrics_sitenote_active":false,"_exactmetrics_sitenote_note":"","_exactmetrics_sitenote_category":0},"product_cat":[6532],"product_tag":[6550],"class_list":["post-14006","product","type-product","status-publish","has-post-thumbnail","hentry","product_cat-accessoires-architecturaux","product_tag-cultured-transitions-architectural-trim-collection","brands-cultured-transitions-de-cultured-stone","single_resource-cultured-stone-resouces"],"acf":[],"yoast_head":"<!-- This site is optimized with the Yoast SEO Premium plugin v21.6 (Yoast SEO v21.6) - https:\/\/yoast.com\/wordpress\/plugins\/seo\/ -->\n<title>Garnitures de fen\u00eatre et de porte | CSI All Things Stone CAN-FR<\/title>\n<meta name=\"description\" content=\"La gamme polyvalente de garnitures de fen\u00eatre et de porte Cultured Stone\u00ae comprend des cl\u00e9s de vo\u00fbte, des pierres de garniture et des linteaux toscans. Ces produits sont con\u00e7us pour rehausser tout type de rev\u00eatement de pierre ou de stuc, et sont offerts en plusieurs couleurs.\" \/>\n<meta name=\"robots\" content=\"index, follow, max-snippet:-1, max-image-preview:large, max-video-preview:-1\" \/>\n<link rel=\"canonical\" href=\"https:\/\/www.allthingsstone.com\/ca-fr\/product\/garnitures-de-fenetre-et-de-porte-cultured-stone\/\" \/>\n<meta property=\"og:locale\" content=\"en_US\" \/>\n<meta property=\"og:type\" content=\"article\" \/>\n<meta property=\"og:title\" content=\"Window\/Door Trim - Cultured Stone\" \/>\n<meta property=\"og:description\" content=\"La gamme polyvalente de garnitures de fen\u00eatre et de porte Cultured Stone\u00ae comprend des cl\u00e9s de vo\u00fbte, des pierres de garniture et des linteaux toscans. Ces produits sont con\u00e7us pour rehausser tout type de rev\u00eatement de pierre ou de stuc, et sont offerts en plusieurs couleurs.\" \/>\n<meta property=\"og:url\" content=\"https:\/\/www.allthingsstone.com\/ca-fr\/product\/garnitures-de-fenetre-et-de-porte-cultured-stone\/\" \/>\n<meta property=\"og:site_name\" content=\"CSI - Canadian Stone Industries FR\" \/>\n<meta property=\"article:modified_time\" content=\"2020-11-09T17:29:42+00:00\" \/>\n<meta property=\"og:image\" content=\"https:\/\/www.allthingsstone.com\/ca-fr\/wp-content\/uploads\/sites\/12\/2017\/11\/Cultured-Stone-Keystone-Trimstone-Tuscan-Lintel.jpg\" \/>\n\t<meta property=\"og:image:width\" content=\"459\" \/>\n\t<meta property=\"og:image:height\" content=\"339\" \/>\n\t<meta property=\"og:image:type\" content=\"image\/jpeg\" \/>\n<meta name=\"twitter:card\" content=\"summary_large_image\" \/>\n<meta name=\"twitter:label1\" content=\"Est. reading time\" \/>\n\t<meta name=\"twitter:data1\" content=\"1 minute\" \/>\n<script type=\"application\/ld+json\" class=\"yoast-schema-graph\">{\"@context\":\"https:\/\/schema.org\",\"@graph\":[{\"@type\":\"WebPage\",\"@id\":\"https:\/\/www.allthingsstone.com\/ca-fr\/product\/garnitures-de-fenetre-et-de-porte-cultured-stone\/\",\"url\":\"https:\/\/www.allthingsstone.com\/ca-fr\/product\/garnitures-de-fenetre-et-de-porte-cultured-stone\/\",\"name\":\"Garnitures de fen\u00eatre et de porte | CSI All Things Stone CAN-FR\",\"isPartOf\":{\"@id\":\"https:\/\/www.allthingsstone.com\/ca-fr\/#website\"},\"datePublished\":\"2017-11-22T17:28:26+00:00\",\"dateModified\":\"2020-11-09T17:29:42+00:00\",\"description\":\"La gamme polyvalente de garnitures de fen\u00eatre et de porte Cultured Stone\u00ae comprend des cl\u00e9s de vo\u00fbte, des pierres de garniture et des linteaux toscans. Ces produits sont con\u00e7us pour rehausser tout type de rev\u00eatement de pierre ou de stuc, et sont offerts en plusieurs couleurs.\",\"breadcrumb\":{\"@id\":\"https:\/\/www.allthingsstone.com\/ca-fr\/product\/garnitures-de-fenetre-et-de-porte-cultured-stone\/#breadcrumb\"},\"inLanguage\":\"en-CA\",\"potentialAction\":[{\"@type\":\"ReadAction\",\"target\":[\"https:\/\/www.allthingsstone.com\/ca-fr\/product\/garnitures-de-fenetre-et-de-porte-cultured-stone\/\"]}]},{\"@type\":\"BreadcrumbList\",\"@id\":\"https:\/\/www.allthingsstone.com\/ca-fr\/product\/garnitures-de-fenetre-et-de-porte-cultured-stone\/#breadcrumb\",\"itemListElement\":[{\"@type\":\"ListItem\",\"position\":1,\"name\":\"Home\",\"item\":\"https:\/\/www.allthingsstone.com\/ca-fr\/\"},{\"@type\":\"ListItem\",\"position\":2,\"name\":\"Window\/Door Trim &#8211; Cultured Stone\"}]},{\"@type\":\"WebSite\",\"@id\":\"https:\/\/www.allthingsstone.com\/ca-fr\/#website\",\"url\":\"https:\/\/www.allthingsstone.com\/ca-fr\/\",\"name\":\"CSI - Canadian Stone Industries FR\",\"description\":\"\",\"potentialAction\":[{\"@type\":\"SearchAction\",\"target\":{\"@type\":\"EntryPoint\",\"urlTemplate\":\"https:\/\/www.allthingsstone.com\/ca-fr\/?s={search_term_string}\"},\"query-input\":\"required name=search_term_string\"}],\"inLanguage\":\"en-CA\"}]}<\/script>\n<!-- \/ Yoast SEO Premium plugin. -->","yoast_head_json":{"title":"Garnitures de fen\u00eatre et de porte | CSI All Things Stone CAN-FR","description":"La gamme polyvalente de garnitures de fen\u00eatre et de porte Cultured Stone\u00ae comprend des cl\u00e9s de vo\u00fbte, des pierres de garniture et des linteaux toscans. Ces produits sont con\u00e7us pour rehausser tout type de rev\u00eatement de pierre ou de stuc, et sont offerts en plusieurs couleurs.","robots":{"index":"index","follow":"follow","max-snippet":"max-snippet:-1","max-image-preview":"max-image-preview:large","max-video-preview":"max-video-preview:-1"},"canonical":"https:\/\/www.allthingsstone.com\/ca-fr\/product\/garnitures-de-fenetre-et-de-porte-cultured-stone\/","og_locale":"en_US","og_type":"article","og_title":"Window\/Door Trim - Cultured Stone","og_description":"La gamme polyvalente de garnitures de fen\u00eatre et de porte Cultured Stone\u00ae comprend des cl\u00e9s de vo\u00fbte, des pierres de garniture et des linteaux toscans. Ces produits sont con\u00e7us pour rehausser tout type de rev\u00eatement de pierre ou de stuc, et sont offerts en plusieurs couleurs.","og_url":"https:\/\/www.allthingsstone.com\/ca-fr\/product\/garnitures-de-fenetre-et-de-porte-cultured-stone\/","og_site_name":"CSI - Canadian Stone Industries FR","article_modified_time":"2020-11-09T17:29:42+00:00","og_image":[{"width":459,"height":339,"url":"https:\/\/www.allthingsstone.com\/ca-fr\/wp-content\/uploads\/sites\/12\/2017\/11\/Cultured-Stone-Keystone-Trimstone-Tuscan-Lintel.jpg","type":"image\/jpeg"}],"twitter_card":"summary_large_image","twitter_misc":{"Est. reading time":"1 minute"},"schema":{"@context":"https:\/\/schema.org","@graph":[{"@type":"WebPage","@id":"https:\/\/www.allthingsstone.com\/ca-fr\/product\/garnitures-de-fenetre-et-de-porte-cultured-stone\/","url":"https:\/\/www.allthingsstone.com\/ca-fr\/product\/garnitures-de-fenetre-et-de-porte-cultured-stone\/","name":"Garnitures de fen\u00eatre et de porte | CSI All Things Stone CAN-FR","isPartOf":{"@id":"https:\/\/www.allthingsstone.com\/ca-fr\/#website"},"datePublished":"2017-11-22T17:28:26+00:00","dateModified":"2020-11-09T17:29:42+00:00","description":"La gamme polyvalente de garnitures de fen\u00eatre et de porte Cultured Stone\u00ae comprend des cl\u00e9s de vo\u00fbte, des pierres de garniture et des linteaux toscans. Ces produits sont con\u00e7us pour rehausser tout type de rev\u00eatement de pierre ou de stuc, et sont offerts en plusieurs couleurs.","breadcrumb":{"@id":"https:\/\/www.allthingsstone.com\/ca-fr\/product\/garnitures-de-fenetre-et-de-porte-cultured-stone\/#breadcrumb"},"inLanguage":"en-CA","potentialAction":[{"@type":"ReadAction","target":["https:\/\/www.allthingsstone.com\/ca-fr\/product\/garnitures-de-fenetre-et-de-porte-cultured-stone\/"]}]},{"@type":"BreadcrumbList","@id":"https:\/\/www.allthingsstone.com\/ca-fr\/product\/garnitures-de-fenetre-et-de-porte-cultured-stone\/#breadcrumb","itemListElement":[{"@type":"ListItem","position":1,"name":"Home","item":"https:\/\/www.allthingsstone.com\/ca-fr\/"},{"@type":"ListItem","position":2,"name":"Window\/Door Trim &#8211; Cultured Stone"}]},{"@type":"WebSite","@id":"https:\/\/www.allthingsstone.com\/ca-fr\/#website","url":"https:\/\/www.allthingsstone.com\/ca-fr\/","name":"CSI - Canadian Stone Industries FR","description":"","potentialAction":[{"@type":"SearchAction","target":{"@type":"EntryPoint","urlTemplate":"https:\/\/www.allthingsstone.com\/ca-fr\/?s={search_term_string}"},"query-input":"required name=search_term_string"}],"inLanguage":"en-CA"}]}},"_links":{"self":[{"href":"https:\/\/www.allthingsstone.com\/ca-fr\/wp-json\/wp\/v2\/product\/14006","targetHints":{"allow":["GET"]}}],"collection":[{"href":"https:\/\/www.allthingsstone.com\/ca-fr\/wp-json\/wp\/v2\/product"}],"about":[{"href":"https:\/\/www.allthingsstone.com\/ca-fr\/wp-json\/wp\/v2\/types\/product"}],"replies":[{"embeddable":true,"href":"https:\/\/www.allthingsstone.com\/ca-fr\/wp-json\/wp\/v2\/comments?post=14006"}],"wp:featuredmedia":[{"embeddable":true,"href":"https:\/\/www.allthingsstone.com\/ca-fr\/wp-json\/wp\/v2\/media\/15761"}],"wp:attachment":[{"href":"https:\/\/www.allthingsstone.com\/ca-fr\/wp-json\/wp\/v2\/media?parent=14006"}],"wp:term":[{"taxonomy":"product_cat","embeddable":true,"href":"https:\/\/www.allthingsstone.com\/ca-fr\/wp-json\/wp\/v2\/product_cat?post=14006"},{"taxonomy":"product_tag","embeddable":true,"href":"https:\/\/www.allthingsstone.com\/ca-fr\/wp-json\/wp\/v2\/product_tag?post=14006"}],"curies":[{"name":"wp","href":"https:\/\/api.w.org\/{rel}","templated":true}]}}