{"id":14005,"date":"2017-11-27T12:12:38","date_gmt":"2017-11-27T17:12:38","guid":{"rendered":"http:\/\/www.allthingsstone.com\/ca-fr\/product\/chaperons-de-pilier-pangaea-natural-stone\/"},"modified":"2021-04-21T17:02:43","modified_gmt":"2021-04-21T21:02:43","slug":"chaperons-de-pilier-pangaea-natural-stone","status":"publish","type":"product","link":"https:\/\/www.allthingsstone.com\/ca-fr\/product\/chaperons-de-pilier-pangaea-natural-stone\/","title":{"rendered":"Post Caps &#8211; Pangaea Natural Stone Architectural Profiles\/Trim"},"content":{"rendered":"<div id=\"pl-14005\"  class=\"panel-layout\" ><div id=\"pg-14005-0\"  class=\"panel-grid panel-no-style\" ><div id=\"pgc-14005-0-0\"  class=\"panel-grid-cell\" ><div id=\"panel-14005-0-0-0\" class=\"so-panel widget widget_sow-editor panel-first-child\" data-index=\"0\" ><div\n\t\t\t\n\t\t\tclass=\"so-widget-sow-editor so-widget-sow-editor-base\"\n\t\t\t\n\t\t>\n<div class=\"siteorigin-widget-tinymce textwidget\">\n\t<p>Les chaperons de pilier Pangaea<sup>\u00ae<\/sup> Natural Stone sont id\u00e9als pour apporter la touche finale aux piliers d\u2019entr\u00e9e et \u00e0 diff\u00e9rents projets d\u2019am\u00e9nagement paysager. Les chaperons de pilier Pangaea<sup>\u00ae<\/sup> sont robustes, durables et se caract\u00e9risent par une allure brute.<\/p>\n<p>Les chaperons de pilier sont offerts dans un fini <em>naturel\u00a0<\/em>: la face sup\u00e9rieure pr\u00e9sente un fini \u00e9clat\u00e9 naturel lui procurant un aspect brut et textur\u00e9. Les quatre\u00a0bords pr\u00e9sentent une texture taill\u00e9e \u00e0 la main. La face inf\u00e9rieure est sci\u00e9e.<\/p>\n<\/div>\n<\/div><\/div><div id=\"panel-14005-0-0-1\" class=\"so-panel widget widget_sow-editor panel-last-child\" data-index=\"1\" ><div\n\t\t\t\n\t\t\tclass=\"so-widget-sow-editor so-widget-sow-editor-base\"\n\t\t\t\n\t\t>\n<div class=\"siteorigin-widget-tinymce textwidget\">\n\t<p>Cliquez sur\u00a0<a href=\"https:\/\/www.allthingsstone.com\/ca-fr\/ou-acheter\/\"><strong>O\u00f9 acheter\u00a0<\/strong><\/a>pour trouver un d\u00e9taillant Pangaea<sup>\u00ae<\/sup>\u00a0Natural Stone au Qu\u00e9bec.<\/p>\n<\/div>\n<\/div><\/div><\/div><div id=\"pgc-14005-0-1\"  class=\"panel-grid-cell\" ><div id=\"panel-14005-0-1-0\" class=\"so-panel widget widget_sow-image panel-first-child panel-last-child\" data-index=\"2\" ><div\n\t\t\t\n\t\t\tclass=\"so-widget-sow-image so-widget-sow-image-default-8b5b6f678277-14005\"\n\t\t\t\n\t\t>\n\n<div class=\"sow-image-container\">\n\t\t<img decoding=\"async\" src=\"https:\/\/www.allthingsstone.com\/ca-fr\/wp-content\/uploads\/sites\/12\/2017\/11\/Pangaea-Natural-Stone-Post-Cap-Cambrian.jpg\" width=\"500\" height=\"500\" srcset=\"https:\/\/www.allthingsstone.com\/ca-fr\/wp-content\/uploads\/sites\/12\/2017\/11\/Pangaea-Natural-Stone-Post-Cap-Cambrian.jpg 500w, https:\/\/www.allthingsstone.com\/ca-fr\/wp-content\/uploads\/sites\/12\/2017\/11\/Pangaea-Natural-Stone-Post-Cap-Cambrian-300x300.jpg 300w, https:\/\/www.allthingsstone.com\/ca-fr\/wp-content\/uploads\/sites\/12\/2017\/11\/Pangaea-Natural-Stone-Post-Cap-Cambrian-150x150.jpg 150w, https:\/\/www.allthingsstone.com\/ca-fr\/wp-content\/uploads\/sites\/12\/2017\/11\/Pangaea-Natural-Stone-Post-Cap-Cambrian-100x100.jpg 100w\" sizes=\"auto, (max-width: 500px) 100vw, 500px\" title=\"Pangaea\u00ae Natural Stone - Post Cap, Cambrian\" alt=\"Pangaea\u00ae Natural Stone - Post Cap, Cambrian\" loading=\"lazy\" \t\tclass=\"so-widget-image\"\/>\n\t<\/div>\n\n<\/div><\/div><\/div><\/div><\/div>","protected":false},"excerpt":{"rendered":"<p>Les chaperons de pilier Pangaea\u00ae Natural Stone sont id\u00e9als pour apporter la touche finale aux piliers d\u2019entr\u00e9e et \u00e0 diff\u00e9rents projets d\u2019am\u00e9nagement paysager. Les chaperons &hellip; <a href=\"https:\/\/www.allthingsstone.com\/ca-fr\/product\/chaperons-de-pilier-pangaea-natural-stone\/\">Continued<\/a><\/p>\n","protected":false},"featured_media":7782,"comment_status":"open","ping_status":"closed","template":"","meta":{"inline_featured_image":false,"_mi_skip_tracking":false,"_exactmetrics_sitenote_active":false,"_exactmetrics_sitenote_note":"","_exactmetrics_sitenote_category":0},"product_cat":[6532],"product_tag":[7809],"class_list":["post-14005","product","type-product","status-publish","has-post-thumbnail","hentry","product_cat-accessoires-architecturaux","product_tag-accessoires-architecturaux-pangaea-natural-stone","brands-pangaea-natural-stone-accessoires-architecturaux","single_resource-pangaea-natural-stone"],"acf":[],"yoast_head":"<!-- This site is optimized with the Yoast SEO Premium plugin v21.6 (Yoast SEO v21.6) - https:\/\/yoast.com\/wordpress\/plugins\/seo\/ -->\n<title>Chaperons de pilier Pangaea\u00ae Natural Stone | CSI FR<\/title>\n<meta name=\"description\" content=\"Les chaperons de pilier Pangaea\u00ae Natural Stone sont id\u00e9als pour apporter la touche finale aux piliers d\u2019entr\u00e9e et \u00e0 diff\u00e9rents projets d\u2019am\u00e9nagement paysager. Les chaperons de pilier Pangaea\u00ae sont robustes, durables et se caract\u00e9risent par une allure brute.\" \/>\n<meta name=\"robots\" content=\"index, follow, max-snippet:-1, max-image-preview:large, max-video-preview:-1\" \/>\n<link rel=\"canonical\" href=\"https:\/\/www.allthingsstone.com\/ca-fr\/product\/chaperons-de-pilier-pangaea-natural-stone\/\" \/>\n<meta property=\"og:locale\" content=\"en_US\" \/>\n<meta property=\"og:type\" content=\"article\" \/>\n<meta property=\"og:title\" content=\"Post Caps - Pangaea Natural Stone Architectural Profiles\/Trim\" \/>\n<meta property=\"og:description\" content=\"Les chaperons de pilier Pangaea\u00ae Natural Stone sont id\u00e9als pour apporter la touche finale aux piliers d\u2019entr\u00e9e et \u00e0 diff\u00e9rents projets d\u2019am\u00e9nagement paysager. Les chaperons de pilier Pangaea\u00ae sont robustes, durables et se caract\u00e9risent par une allure brute.\" \/>\n<meta property=\"og:url\" content=\"https:\/\/www.allthingsstone.com\/ca-fr\/product\/chaperons-de-pilier-pangaea-natural-stone\/\" \/>\n<meta property=\"og:site_name\" content=\"CSI - Canadian Stone Industries FR\" \/>\n<meta property=\"article:modified_time\" content=\"2021-04-21T21:02:43+00:00\" \/>\n<meta property=\"og:image\" content=\"https:\/\/www.allthingsstone.com\/ca-fr\/wp-content\/uploads\/sites\/12\/2017\/11\/Pangaea-Natural-Stone-Post-Cap.png\" \/>\n\t<meta property=\"og:image:width\" content=\"459\" \/>\n\t<meta property=\"og:image:height\" content=\"339\" \/>\n\t<meta property=\"og:image:type\" content=\"image\/png\" \/>\n<meta name=\"twitter:card\" content=\"summary_large_image\" \/>\n<meta name=\"twitter:label1\" content=\"Est. reading time\" \/>\n\t<meta name=\"twitter:data1\" content=\"1 minute\" \/>\n<script type=\"application\/ld+json\" class=\"yoast-schema-graph\">{\"@context\":\"https:\/\/schema.org\",\"@graph\":[{\"@type\":\"WebPage\",\"@id\":\"https:\/\/www.allthingsstone.com\/ca-fr\/product\/chaperons-de-pilier-pangaea-natural-stone\/\",\"url\":\"https:\/\/www.allthingsstone.com\/ca-fr\/product\/chaperons-de-pilier-pangaea-natural-stone\/\",\"name\":\"Chaperons de pilier Pangaea\u00ae Natural Stone | CSI FR\",\"isPartOf\":{\"@id\":\"https:\/\/www.allthingsstone.com\/ca-fr\/#website\"},\"datePublished\":\"2017-11-27T17:12:38+00:00\",\"dateModified\":\"2021-04-21T21:02:43+00:00\",\"description\":\"Les chaperons de pilier Pangaea\u00ae Natural Stone sont id\u00e9als pour apporter la touche finale aux piliers d\u2019entr\u00e9e et \u00e0 diff\u00e9rents projets d\u2019am\u00e9nagement paysager. Les chaperons de pilier Pangaea\u00ae sont robustes, durables et se caract\u00e9risent par une allure brute.\",\"breadcrumb\":{\"@id\":\"https:\/\/www.allthingsstone.com\/ca-fr\/product\/chaperons-de-pilier-pangaea-natural-stone\/#breadcrumb\"},\"inLanguage\":\"en-CA\",\"potentialAction\":[{\"@type\":\"ReadAction\",\"target\":[\"https:\/\/www.allthingsstone.com\/ca-fr\/product\/chaperons-de-pilier-pangaea-natural-stone\/\"]}]},{\"@type\":\"BreadcrumbList\",\"@id\":\"https:\/\/www.allthingsstone.com\/ca-fr\/product\/chaperons-de-pilier-pangaea-natural-stone\/#breadcrumb\",\"itemListElement\":[{\"@type\":\"ListItem\",\"position\":1,\"name\":\"Home\",\"item\":\"https:\/\/www.allthingsstone.com\/ca-fr\/\"},{\"@type\":\"ListItem\",\"position\":2,\"name\":\"Post Caps &#8211; Pangaea Natural Stone Architectural Profiles\/Trim\"}]},{\"@type\":\"WebSite\",\"@id\":\"https:\/\/www.allthingsstone.com\/ca-fr\/#website\",\"url\":\"https:\/\/www.allthingsstone.com\/ca-fr\/\",\"name\":\"CSI - Canadian Stone Industries FR\",\"description\":\"\",\"potentialAction\":[{\"@type\":\"SearchAction\",\"target\":{\"@type\":\"EntryPoint\",\"urlTemplate\":\"https:\/\/www.allthingsstone.com\/ca-fr\/?s={search_term_string}\"},\"query-input\":\"required name=search_term_string\"}],\"inLanguage\":\"en-CA\"}]}<\/script>\n<!-- \/ Yoast SEO Premium plugin. -->","yoast_head_json":{"title":"Chaperons de pilier Pangaea\u00ae Natural Stone | CSI FR","description":"Les chaperons de pilier Pangaea\u00ae Natural Stone sont id\u00e9als pour apporter la touche finale aux piliers d\u2019entr\u00e9e et \u00e0 diff\u00e9rents projets d\u2019am\u00e9nagement paysager. Les chaperons de pilier Pangaea\u00ae sont robustes, durables et se caract\u00e9risent par une allure brute.","robots":{"index":"index","follow":"follow","max-snippet":"max-snippet:-1","max-image-preview":"max-image-preview:large","max-video-preview":"max-video-preview:-1"},"canonical":"https:\/\/www.allthingsstone.com\/ca-fr\/product\/chaperons-de-pilier-pangaea-natural-stone\/","og_locale":"en_US","og_type":"article","og_title":"Post Caps - Pangaea Natural Stone Architectural Profiles\/Trim","og_description":"Les chaperons de pilier Pangaea\u00ae Natural Stone sont id\u00e9als pour apporter la touche finale aux piliers d\u2019entr\u00e9e et \u00e0 diff\u00e9rents projets d\u2019am\u00e9nagement paysager. Les chaperons de pilier Pangaea\u00ae sont robustes, durables et se caract\u00e9risent par une allure brute.","og_url":"https:\/\/www.allthingsstone.com\/ca-fr\/product\/chaperons-de-pilier-pangaea-natural-stone\/","og_site_name":"CSI - Canadian Stone Industries FR","article_modified_time":"2021-04-21T21:02:43+00:00","og_image":[{"width":459,"height":339,"url":"https:\/\/www.allthingsstone.com\/ca-fr\/wp-content\/uploads\/sites\/12\/2017\/11\/Pangaea-Natural-Stone-Post-Cap.png","type":"image\/png"}],"twitter_card":"summary_large_image","twitter_misc":{"Est. reading time":"1 minute"},"schema":{"@context":"https:\/\/schema.org","@graph":[{"@type":"WebPage","@id":"https:\/\/www.allthingsstone.com\/ca-fr\/product\/chaperons-de-pilier-pangaea-natural-stone\/","url":"https:\/\/www.allthingsstone.com\/ca-fr\/product\/chaperons-de-pilier-pangaea-natural-stone\/","name":"Chaperons de pilier Pangaea\u00ae Natural Stone | CSI FR","isPartOf":{"@id":"https:\/\/www.allthingsstone.com\/ca-fr\/#website"},"datePublished":"2017-11-27T17:12:38+00:00","dateModified":"2021-04-21T21:02:43+00:00","description":"Les chaperons de pilier Pangaea\u00ae Natural Stone sont id\u00e9als pour apporter la touche finale aux piliers d\u2019entr\u00e9e et \u00e0 diff\u00e9rents projets d\u2019am\u00e9nagement paysager. Les chaperons de pilier Pangaea\u00ae sont robustes, durables et se caract\u00e9risent par une allure brute.","breadcrumb":{"@id":"https:\/\/www.allthingsstone.com\/ca-fr\/product\/chaperons-de-pilier-pangaea-natural-stone\/#breadcrumb"},"inLanguage":"en-CA","potentialAction":[{"@type":"ReadAction","target":["https:\/\/www.allthingsstone.com\/ca-fr\/product\/chaperons-de-pilier-pangaea-natural-stone\/"]}]},{"@type":"BreadcrumbList","@id":"https:\/\/www.allthingsstone.com\/ca-fr\/product\/chaperons-de-pilier-pangaea-natural-stone\/#breadcrumb","itemListElement":[{"@type":"ListItem","position":1,"name":"Home","item":"https:\/\/www.allthingsstone.com\/ca-fr\/"},{"@type":"ListItem","position":2,"name":"Post Caps &#8211; Pangaea Natural Stone Architectural Profiles\/Trim"}]},{"@type":"WebSite","@id":"https:\/\/www.allthingsstone.com\/ca-fr\/#website","url":"https:\/\/www.allthingsstone.com\/ca-fr\/","name":"CSI - Canadian Stone Industries FR","description":"","potentialAction":[{"@type":"SearchAction","target":{"@type":"EntryPoint","urlTemplate":"https:\/\/www.allthingsstone.com\/ca-fr\/?s={search_term_string}"},"query-input":"required name=search_term_string"}],"inLanguage":"en-CA"}]}},"_links":{"self":[{"href":"https:\/\/www.allthingsstone.com\/ca-fr\/wp-json\/wp\/v2\/product\/14005","targetHints":{"allow":["GET"]}}],"collection":[{"href":"https:\/\/www.allthingsstone.com\/ca-fr\/wp-json\/wp\/v2\/product"}],"about":[{"href":"https:\/\/www.allthingsstone.com\/ca-fr\/wp-json\/wp\/v2\/types\/product"}],"replies":[{"embeddable":true,"href":"https:\/\/www.allthingsstone.com\/ca-fr\/wp-json\/wp\/v2\/comments?post=14005"}],"wp:featuredmedia":[{"embeddable":true,"href":"https:\/\/www.allthingsstone.com\/ca-fr\/wp-json\/wp\/v2\/media\/7782"}],"wp:attachment":[{"href":"https:\/\/www.allthingsstone.com\/ca-fr\/wp-json\/wp\/v2\/media?parent=14005"}],"wp:term":[{"taxonomy":"product_cat","embeddable":true,"href":"https:\/\/www.allthingsstone.com\/ca-fr\/wp-json\/wp\/v2\/product_cat?post=14005"},{"taxonomy":"product_tag","embeddable":true,"href":"https:\/\/www.allthingsstone.com\/ca-fr\/wp-json\/wp\/v2\/product_tag?post=14005"}],"curies":[{"name":"wp","href":"https:\/\/api.w.org\/{rel}","templated":true}]}}