{"id":14003,"date":"2017-11-27T13:29:08","date_gmt":"2017-11-27T18:29:08","guid":{"rendered":"http:\/\/www.allthingsstone.com\/ca-fr\/product\/cles-de-voute-pangaea-natural-stone\/"},"modified":"2024-07-04T13:41:53","modified_gmt":"2024-07-04T17:41:53","slug":"cles-de-voute-pangaea-natural-stone","status":"publish","type":"product","link":"https:\/\/www.allthingsstone.com\/ca-fr\/product\/cles-de-voute-pangaea-natural-stone\/","title":{"rendered":"Keystones &#8211; Pangaea Natural Stone"},"content":{"rendered":"<div id=\"pl-14003\"  class=\"panel-layout\" ><div id=\"pg-14003-0\"  class=\"panel-grid panel-no-style\" ><div id=\"pgc-14003-0-0\"  class=\"panel-grid-cell\" ><div id=\"panel-14003-0-0-0\" class=\"so-panel widget widget_sow-editor panel-first-child\" data-index=\"0\" ><div\n\t\t\t\n\t\t\tclass=\"so-widget-sow-editor so-widget-sow-editor-base\"\n\t\t\t\n\t\t>\n<div class=\"siteorigin-widget-tinymce textwidget\">\n\t<p>Les cl\u00e9s de vo\u00fbte Pangaea<sup>\u00ae<\/sup> Natural Stone apportent la touche finale id\u00e9ale \u00e0 tout type de porte ou de fen\u00eatre. Offertes dans un large \u00e9ventail de mod\u00e8les, les cl\u00e9s de vo\u00fbte Pangaea<sup>\u00ae<\/sup> peuvent \u00eatre taill\u00e9es ou fa\u00e7onn\u00e9es pour s\u2019adapter \u00e0 n\u2019importe quel arc.<\/p>\n<p>Les cl\u00e9s de vo\u00fbte sont offertes dans un fini \u00e0 <em>naturel\u00a0<\/em> : la face sup\u00e9rieure pr\u00e9sente un fini \u00e9clat\u00e9 et naturel lui procurant un aspect brut et textur\u00e9. Les quatre\u00a0bords pr\u00e9sentent une texture taill\u00e9e \u00e0 la main. La face inf\u00e9rieure est sci\u00e9e.<\/p>\n<\/div>\n<\/div><\/div><div id=\"panel-14003-0-0-1\" class=\"so-panel widget widget_sow-editor panel-last-child\" data-index=\"1\" ><div\n\t\t\t\n\t\t\tclass=\"so-widget-sow-editor so-widget-sow-editor-base\"\n\t\t\t\n\t\t>\n<div class=\"siteorigin-widget-tinymce textwidget\">\n\t<p>Cliquez sur\u00a0<a href=\"https:\/\/www.allthingsstone.com\/ca-fr\/ou-acheter\/\"><strong>O\u00f9 acheter\u00a0<\/strong><\/a>pour trouver un d\u00e9taillant Pangaea<sup>\u00ae<\/sup>\u00a0Natural Stone au Qu\u00e9bec.<\/p>\n<\/div>\n<\/div><\/div><\/div><div id=\"pgc-14003-0-1\"  class=\"panel-grid-cell\" ><div id=\"panel-14003-0-1-0\" class=\"so-panel widget widget_sow-image panel-first-child panel-last-child\" data-index=\"2\" ><div\n\t\t\t\n\t\t\tclass=\"so-widget-sow-image so-widget-sow-image-default-8b5b6f678277-14003\"\n\t\t\t\n\t\t>\n\n<div class=\"sow-image-container\">\n\t\t<img decoding=\"async\" src=\"https:\/\/www.allthingsstone.com\/ca-fr\/wp-content\/uploads\/sites\/12\/2017\/11\/Pangaea\u00ae-Natural-Stone-Keystone-Cambrain.jpg\" width=\"500\" height=\"500\" srcset=\"https:\/\/www.allthingsstone.com\/ca-fr\/wp-content\/uploads\/sites\/12\/2017\/11\/Pangaea\u00ae-Natural-Stone-Keystone-Cambrain.jpg 500w, https:\/\/www.allthingsstone.com\/ca-fr\/wp-content\/uploads\/sites\/12\/2017\/11\/Pangaea\u00ae-Natural-Stone-Keystone-Cambrain-300x300.jpg 300w, https:\/\/www.allthingsstone.com\/ca-fr\/wp-content\/uploads\/sites\/12\/2017\/11\/Pangaea\u00ae-Natural-Stone-Keystone-Cambrain-150x150.jpg 150w, https:\/\/www.allthingsstone.com\/ca-fr\/wp-content\/uploads\/sites\/12\/2017\/11\/Pangaea\u00ae-Natural-Stone-Keystone-Cambrain-100x100.jpg 100w\" sizes=\"auto, (max-width: 500px) 100vw, 500px\" title=\"Pangaea\u00ae Natural Stone - Cl\u00e9s de vo\u00fbte, Cambrian\" alt=\"Pangaea\u00ae Natural Stone - Cl\u00e9s de vo\u00fbte, Cambrian\" loading=\"lazy\" \t\tclass=\"so-widget-image\"\/>\n\t<\/div>\n\n<\/div><\/div><\/div><\/div><\/div>","protected":false},"excerpt":{"rendered":"<p>Les cl\u00e9s de vo\u00fbte Pangaea\u00ae Natural Stone apportent la touche finale id\u00e9ale \u00e0 tout type de porte ou de fen\u00eatre. Offertes dans un large \u00e9ventail &hellip; <a href=\"https:\/\/www.allthingsstone.com\/ca-fr\/product\/cles-de-voute-pangaea-natural-stone\/\">Continued<\/a><\/p>\n","protected":false},"featured_media":14889,"comment_status":"open","ping_status":"closed","template":"","meta":{"inline_featured_image":false,"_mi_skip_tracking":false,"_exactmetrics_sitenote_active":false,"_exactmetrics_sitenote_note":"","_exactmetrics_sitenote_category":0},"product_cat":[6532],"product_tag":[7809],"class_list":["post-14003","product","type-product","status-publish","has-post-thumbnail","hentry","product_cat-accessoires-architecturaux","product_tag-accessoires-architecturaux-pangaea-natural-stone","brands-pangaea-natural-stone-accessoires-architecturaux","single_resource-pangaea-natural-stone"],"acf":[],"yoast_head":"<!-- This site is optimized with the Yoast SEO Premium plugin v21.6 (Yoast SEO v21.6) - https:\/\/yoast.com\/wordpress\/plugins\/seo\/ -->\n<title>Cl\u00e9s de vo\u00fbte Pangaea\u00ae Natural Stone | CSI FR<\/title>\n<meta name=\"description\" content=\"Les cl\u00e9s de vo\u00fbte Pangaea\u00ae Natural Stone apportent la touche finale id\u00e9ale \u00e0 tout type de porte ou de fen\u00eatre. Offertes dans un large \u00e9ventail de mod\u00e8les, les cl\u00e9s de vo\u00fbte Pangaea\u00ae peuvent \u00eatre taill\u00e9es ou fa\u00e7onn\u00e9es pour s\u2019adapter \u00e0 n\u2019importe quel arc.\" \/>\n<meta name=\"robots\" content=\"index, follow, max-snippet:-1, max-image-preview:large, max-video-preview:-1\" \/>\n<link rel=\"canonical\" href=\"https:\/\/www.allthingsstone.com\/ca-fr\/product\/cles-de-voute-pangaea-natural-stone\/\" \/>\n<meta property=\"og:locale\" content=\"en_US\" \/>\n<meta property=\"og:type\" content=\"article\" \/>\n<meta property=\"og:title\" content=\"Keystones - Pangaea Natural Stone\" \/>\n<meta property=\"og:description\" content=\"Les cl\u00e9s de vo\u00fbte Pangaea\u00ae Natural Stone apportent la touche finale id\u00e9ale \u00e0 tout type de porte ou de fen\u00eatre. Offertes dans un large \u00e9ventail de mod\u00e8les, les cl\u00e9s de vo\u00fbte Pangaea\u00ae peuvent \u00eatre taill\u00e9es ou fa\u00e7onn\u00e9es pour s\u2019adapter \u00e0 n\u2019importe quel arc.\" \/>\n<meta property=\"og:url\" content=\"https:\/\/www.allthingsstone.com\/ca-fr\/product\/cles-de-voute-pangaea-natural-stone\/\" \/>\n<meta property=\"og:site_name\" content=\"CSI - Canadian Stone Industries FR\" \/>\n<meta property=\"article:modified_time\" content=\"2024-07-04T17:41:53+00:00\" \/>\n<meta property=\"og:image\" content=\"https:\/\/www.allthingsstone.com\/ca-fr\/wp-content\/uploads\/sites\/12\/2017\/11\/Keystones-from-Pangaea\u00ae-Natural-Stone.jpg\" \/>\n\t<meta property=\"og:image:width\" content=\"459\" \/>\n\t<meta property=\"og:image:height\" content=\"339\" \/>\n\t<meta property=\"og:image:type\" content=\"image\/jpeg\" \/>\n<meta name=\"twitter:card\" content=\"summary_large_image\" \/>\n<meta name=\"twitter:label1\" content=\"Est. reading time\" \/>\n\t<meta name=\"twitter:data1\" content=\"1 minute\" \/>\n<script type=\"application\/ld+json\" class=\"yoast-schema-graph\">{\"@context\":\"https:\/\/schema.org\",\"@graph\":[{\"@type\":\"WebPage\",\"@id\":\"https:\/\/www.allthingsstone.com\/ca-fr\/product\/cles-de-voute-pangaea-natural-stone\/\",\"url\":\"https:\/\/www.allthingsstone.com\/ca-fr\/product\/cles-de-voute-pangaea-natural-stone\/\",\"name\":\"Cl\u00e9s de vo\u00fbte Pangaea\u00ae Natural Stone | CSI FR\",\"isPartOf\":{\"@id\":\"https:\/\/www.allthingsstone.com\/ca-fr\/#website\"},\"datePublished\":\"2017-11-27T18:29:08+00:00\",\"dateModified\":\"2024-07-04T17:41:53+00:00\",\"description\":\"Les cl\u00e9s de vo\u00fbte Pangaea\u00ae Natural Stone apportent la touche finale id\u00e9ale \u00e0 tout type de porte ou de fen\u00eatre. Offertes dans un large \u00e9ventail de mod\u00e8les, les cl\u00e9s de vo\u00fbte Pangaea\u00ae peuvent \u00eatre taill\u00e9es ou fa\u00e7onn\u00e9es pour s\u2019adapter \u00e0 n\u2019importe quel arc.\",\"breadcrumb\":{\"@id\":\"https:\/\/www.allthingsstone.com\/ca-fr\/product\/cles-de-voute-pangaea-natural-stone\/#breadcrumb\"},\"inLanguage\":\"en-CA\",\"potentialAction\":[{\"@type\":\"ReadAction\",\"target\":[\"https:\/\/www.allthingsstone.com\/ca-fr\/product\/cles-de-voute-pangaea-natural-stone\/\"]}]},{\"@type\":\"BreadcrumbList\",\"@id\":\"https:\/\/www.allthingsstone.com\/ca-fr\/product\/cles-de-voute-pangaea-natural-stone\/#breadcrumb\",\"itemListElement\":[{\"@type\":\"ListItem\",\"position\":1,\"name\":\"Home\",\"item\":\"https:\/\/www.allthingsstone.com\/ca-fr\/\"},{\"@type\":\"ListItem\",\"position\":2,\"name\":\"Keystones &#8211; Pangaea Natural Stone\"}]},{\"@type\":\"WebSite\",\"@id\":\"https:\/\/www.allthingsstone.com\/ca-fr\/#website\",\"url\":\"https:\/\/www.allthingsstone.com\/ca-fr\/\",\"name\":\"CSI - Canadian Stone Industries FR\",\"description\":\"\",\"potentialAction\":[{\"@type\":\"SearchAction\",\"target\":{\"@type\":\"EntryPoint\",\"urlTemplate\":\"https:\/\/www.allthingsstone.com\/ca-fr\/?s={search_term_string}\"},\"query-input\":\"required name=search_term_string\"}],\"inLanguage\":\"en-CA\"}]}<\/script>\n<!-- \/ Yoast SEO Premium plugin. -->","yoast_head_json":{"title":"Cl\u00e9s de vo\u00fbte Pangaea\u00ae Natural Stone | CSI FR","description":"Les cl\u00e9s de vo\u00fbte Pangaea\u00ae Natural Stone apportent la touche finale id\u00e9ale \u00e0 tout type de porte ou de fen\u00eatre. Offertes dans un large \u00e9ventail de mod\u00e8les, les cl\u00e9s de vo\u00fbte Pangaea\u00ae peuvent \u00eatre taill\u00e9es ou fa\u00e7onn\u00e9es pour s\u2019adapter \u00e0 n\u2019importe quel arc.","robots":{"index":"index","follow":"follow","max-snippet":"max-snippet:-1","max-image-preview":"max-image-preview:large","max-video-preview":"max-video-preview:-1"},"canonical":"https:\/\/www.allthingsstone.com\/ca-fr\/product\/cles-de-voute-pangaea-natural-stone\/","og_locale":"en_US","og_type":"article","og_title":"Keystones - Pangaea Natural Stone","og_description":"Les cl\u00e9s de vo\u00fbte Pangaea\u00ae Natural Stone apportent la touche finale id\u00e9ale \u00e0 tout type de porte ou de fen\u00eatre. Offertes dans un large \u00e9ventail de mod\u00e8les, les cl\u00e9s de vo\u00fbte Pangaea\u00ae peuvent \u00eatre taill\u00e9es ou fa\u00e7onn\u00e9es pour s\u2019adapter \u00e0 n\u2019importe quel arc.","og_url":"https:\/\/www.allthingsstone.com\/ca-fr\/product\/cles-de-voute-pangaea-natural-stone\/","og_site_name":"CSI - Canadian Stone Industries FR","article_modified_time":"2024-07-04T17:41:53+00:00","og_image":[{"width":459,"height":339,"url":"https:\/\/www.allthingsstone.com\/ca-fr\/wp-content\/uploads\/sites\/12\/2017\/11\/Keystones-from-Pangaea\u00ae-Natural-Stone.jpg","type":"image\/jpeg"}],"twitter_card":"summary_large_image","twitter_misc":{"Est. reading time":"1 minute"},"schema":{"@context":"https:\/\/schema.org","@graph":[{"@type":"WebPage","@id":"https:\/\/www.allthingsstone.com\/ca-fr\/product\/cles-de-voute-pangaea-natural-stone\/","url":"https:\/\/www.allthingsstone.com\/ca-fr\/product\/cles-de-voute-pangaea-natural-stone\/","name":"Cl\u00e9s de vo\u00fbte Pangaea\u00ae Natural Stone | CSI FR","isPartOf":{"@id":"https:\/\/www.allthingsstone.com\/ca-fr\/#website"},"datePublished":"2017-11-27T18:29:08+00:00","dateModified":"2024-07-04T17:41:53+00:00","description":"Les cl\u00e9s de vo\u00fbte Pangaea\u00ae Natural Stone apportent la touche finale id\u00e9ale \u00e0 tout type de porte ou de fen\u00eatre. Offertes dans un large \u00e9ventail de mod\u00e8les, les cl\u00e9s de vo\u00fbte Pangaea\u00ae peuvent \u00eatre taill\u00e9es ou fa\u00e7onn\u00e9es pour s\u2019adapter \u00e0 n\u2019importe quel arc.","breadcrumb":{"@id":"https:\/\/www.allthingsstone.com\/ca-fr\/product\/cles-de-voute-pangaea-natural-stone\/#breadcrumb"},"inLanguage":"en-CA","potentialAction":[{"@type":"ReadAction","target":["https:\/\/www.allthingsstone.com\/ca-fr\/product\/cles-de-voute-pangaea-natural-stone\/"]}]},{"@type":"BreadcrumbList","@id":"https:\/\/www.allthingsstone.com\/ca-fr\/product\/cles-de-voute-pangaea-natural-stone\/#breadcrumb","itemListElement":[{"@type":"ListItem","position":1,"name":"Home","item":"https:\/\/www.allthingsstone.com\/ca-fr\/"},{"@type":"ListItem","position":2,"name":"Keystones &#8211; Pangaea Natural Stone"}]},{"@type":"WebSite","@id":"https:\/\/www.allthingsstone.com\/ca-fr\/#website","url":"https:\/\/www.allthingsstone.com\/ca-fr\/","name":"CSI - Canadian Stone Industries FR","description":"","potentialAction":[{"@type":"SearchAction","target":{"@type":"EntryPoint","urlTemplate":"https:\/\/www.allthingsstone.com\/ca-fr\/?s={search_term_string}"},"query-input":"required name=search_term_string"}],"inLanguage":"en-CA"}]}},"_links":{"self":[{"href":"https:\/\/www.allthingsstone.com\/ca-fr\/wp-json\/wp\/v2\/product\/14003","targetHints":{"allow":["GET"]}}],"collection":[{"href":"https:\/\/www.allthingsstone.com\/ca-fr\/wp-json\/wp\/v2\/product"}],"about":[{"href":"https:\/\/www.allthingsstone.com\/ca-fr\/wp-json\/wp\/v2\/types\/product"}],"replies":[{"embeddable":true,"href":"https:\/\/www.allthingsstone.com\/ca-fr\/wp-json\/wp\/v2\/comments?post=14003"}],"wp:featuredmedia":[{"embeddable":true,"href":"https:\/\/www.allthingsstone.com\/ca-fr\/wp-json\/wp\/v2\/media\/14889"}],"wp:attachment":[{"href":"https:\/\/www.allthingsstone.com\/ca-fr\/wp-json\/wp\/v2\/media?parent=14003"}],"wp:term":[{"taxonomy":"product_cat","embeddable":true,"href":"https:\/\/www.allthingsstone.com\/ca-fr\/wp-json\/wp\/v2\/product_cat?post=14003"},{"taxonomy":"product_tag","embeddable":true,"href":"https:\/\/www.allthingsstone.com\/ca-fr\/wp-json\/wp\/v2\/product_tag?post=14003"}],"curies":[{"name":"wp","href":"https:\/\/api.w.org\/{rel}","templated":true}]}}