{"id":14002,"date":"2017-11-28T15:34:39","date_gmt":"2017-11-28T20:34:39","guid":{"rendered":"http:\/\/www.allthingsstone.com\/ca-fr\/product\/dalles-pangaea-natural-stone\/"},"modified":"2021-04-21T17:02:09","modified_gmt":"2021-04-21T21:02:09","slug":"dalles-pangaea-natural-stone","status":"publish","type":"product","link":"https:\/\/www.allthingsstone.com\/ca-fr\/product\/dalles-pangaea-natural-stone\/","title":{"rendered":"Slabs &#8211; Pangaea Natural Stone Architectural Profiles\/Trim"},"content":{"rendered":"<div id=\"pl-14002\"  class=\"panel-layout\" ><div id=\"pg-14002-0\"  class=\"panel-grid panel-no-style\" ><div id=\"pgc-14002-0-0\"  class=\"panel-grid-cell\" ><div id=\"panel-14002-0-0-0\" class=\"so-panel widget widget_sow-editor panel-first-child\" data-index=\"0\" ><div\n\t\t\t\n\t\t\tclass=\"so-widget-sow-editor so-widget-sow-editor-base\"\n\t\t\t\n\t\t>\n<div class=\"siteorigin-widget-tinymce textwidget\">\n\t<p>Les dalles Pangaea<sup>\u00ae<\/sup> Natural Stone sont la solution id\u00e9ale pour compl\u00e9ter un projet de foyer int\u00e9rieur ou ext\u00e9rieur ou d\u2019am\u00e9nagement paysager en toute simplicit\u00e9. Utilisez les dalles Pangaea<sup>\u00ae<\/sup> comme pierres pour foyer ou plans de marche dans vos projets de foyer afin de cr\u00e9er une transition entre les terrasses dans une cour arri\u00e8re multiniveau.<\/p>\n<p>Cr\u00e9ez des styles personnalis\u00e9s sans d\u00e9passer votre budget avec les dalles Pangaea<sup>\u00ae<\/sup> Natural Stone. Les dalles Pangaea<sup>\u00ae<\/sup> sont pr\u00eates \u00e0 installer et n\u00e9cessitent peu d\u2019ajustement et d\u2019outils. R\u00e9alisez des projets magnifiques, durables et imp\u00e9rissables avec les dalles Pangaea<sup>\u00ae<\/sup> Natural Stone! Selon le format, les dalles Pangaea<sup>\u00ae<\/sup> sont offertes dans les finis suivants\u00a0: naturel, textur\u00e9 et flamm\u00e9.<\/p>\n<\/div>\n<\/div><\/div><div id=\"panel-14002-0-0-1\" class=\"so-panel widget widget_sow-editor panel-last-child\" data-index=\"1\" ><div\n\t\t\t\n\t\t\tclass=\"so-widget-sow-editor so-widget-sow-editor-base\"\n\t\t\t\n\t\t>\n<div class=\"siteorigin-widget-tinymce textwidget\">\n\t<p>Cliquez sur\u00a0<a href=\"https:\/\/www.allthingsstone.com\/ca-fr\/ou-acheter\/\"><strong>O\u00f9 acheter\u00a0<\/strong><\/a>pour trouver un d\u00e9taillant Pangaea<sup>\u00ae<\/sup>\u00a0Natural Stone au Qu\u00e9bec.<\/p>\n<\/div>\n<\/div><\/div><\/div><div id=\"pgc-14002-0-1\"  class=\"panel-grid-cell\" ><div id=\"panel-14002-0-1-0\" class=\"so-panel widget widget_sow-image panel-first-child panel-last-child\" data-index=\"2\" ><div\n\t\t\t\n\t\t\tclass=\"so-widget-sow-image so-widget-sow-image-default-8b5b6f678277-14002\"\n\t\t\t\n\t\t>\n\n<div class=\"sow-image-container\">\n\t\t<img decoding=\"async\" src=\"https:\/\/www.allthingsstone.com\/ca-fr\/wp-content\/uploads\/sites\/12\/2017\/11\/Slab-Antique-WestCoast\u00ae_72x20.jpg\" width=\"500\" height=\"588\" srcset=\"https:\/\/www.allthingsstone.com\/ca-fr\/wp-content\/uploads\/sites\/12\/2017\/11\/Slab-Antique-WestCoast\u00ae_72x20.jpg 500w, https:\/\/www.allthingsstone.com\/ca-fr\/wp-content\/uploads\/sites\/12\/2017\/11\/Slab-Antique-WestCoast\u00ae_72x20-255x300.jpg 255w\" sizes=\"auto, (max-width: 500px) 100vw, 500px\" title=\"Fini antique WestCoast\u00ae 72x20 Dalles de Pangaea\u00ae Natural Stone\n\" alt=\"Fini antique WestCoast\u00ae 72x20 Dalles de Pangaea\u00ae Natural Stone\" loading=\"lazy\" \t\tclass=\"so-widget-image\"\/>\n\t<\/div>\n\n<\/div><\/div><\/div><\/div><div id=\"pg-14002-1\"  class=\"panel-grid panel-no-style\" ><div id=\"pgc-14002-1-0\"  class=\"panel-grid-cell\" ><div id=\"panel-14002-1-0-0\" class=\"so-panel widget widget_sow-image panel-first-child panel-last-child\" data-index=\"3\" ><div\n\t\t\t\n\t\t\tclass=\"so-widget-sow-image so-widget-sow-image-default-8b5b6f678277-14002\"\n\t\t\t\n\t\t>\n\n<div class=\"sow-image-container\">\n\t\t<img decoding=\"async\" src=\"https:\/\/www.allthingsstone.com\/ca-fr\/wp-content\/uploads\/sites\/12\/2017\/11\/Natural-Cambrian-Slab-84x24-1.jpg\" width=\"500\" height=\"500\" srcset=\"https:\/\/www.allthingsstone.com\/ca-fr\/wp-content\/uploads\/sites\/12\/2017\/11\/Natural-Cambrian-Slab-84x24-1.jpg 500w, https:\/\/www.allthingsstone.com\/ca-fr\/wp-content\/uploads\/sites\/12\/2017\/11\/Natural-Cambrian-Slab-84x24-1-300x300.jpg 300w, https:\/\/www.allthingsstone.com\/ca-fr\/wp-content\/uploads\/sites\/12\/2017\/11\/Natural-Cambrian-Slab-84x24-1-150x150.jpg 150w, https:\/\/www.allthingsstone.com\/ca-fr\/wp-content\/uploads\/sites\/12\/2017\/11\/Natural-Cambrian-Slab-84x24-1-100x100.jpg 100w\" sizes=\"auto, (max-width: 500px) 100vw, 500px\" title=\"Natural Cambrian Slab 84&#215;24\" alt=\"\" loading=\"lazy\" \t\tclass=\"so-widget-image\"\/>\n\t<\/div>\n\n<\/div><\/div><\/div><div id=\"pgc-14002-1-1\"  class=\"panel-grid-cell\" ><div id=\"panel-14002-1-1-0\" class=\"so-panel widget widget_sow-image panel-first-child panel-last-child\" data-index=\"4\" ><div\n\t\t\t\n\t\t\tclass=\"so-widget-sow-image so-widget-sow-image-default-8b5b6f678277-14002\"\n\t\t\t\n\t\t>\n\n<div class=\"sow-image-container\">\n\t\t<img decoding=\"async\" src=\"https:\/\/www.allthingsstone.com\/ca-fr\/wp-content\/uploads\/sites\/12\/2017\/11\/Textured-Cambrian-Slab-72x24-1.jpg\" width=\"500\" height=\"500\" srcset=\"https:\/\/www.allthingsstone.com\/ca-fr\/wp-content\/uploads\/sites\/12\/2017\/11\/Textured-Cambrian-Slab-72x24-1.jpg 500w, https:\/\/www.allthingsstone.com\/ca-fr\/wp-content\/uploads\/sites\/12\/2017\/11\/Textured-Cambrian-Slab-72x24-1-300x300.jpg 300w, https:\/\/www.allthingsstone.com\/ca-fr\/wp-content\/uploads\/sites\/12\/2017\/11\/Textured-Cambrian-Slab-72x24-1-150x150.jpg 150w, https:\/\/www.allthingsstone.com\/ca-fr\/wp-content\/uploads\/sites\/12\/2017\/11\/Textured-Cambrian-Slab-72x24-1-100x100.jpg 100w\" sizes=\"auto, (max-width: 500px) 100vw, 500px\" title=\"Textured Cambrian Slab 72&#215;24\" alt=\"\" loading=\"lazy\" \t\tclass=\"so-widget-image\"\/>\n\t<\/div>\n\n<\/div><\/div><\/div><div id=\"pgc-14002-1-2\"  class=\"panel-grid-cell\" ><div id=\"panel-14002-1-2-0\" class=\"so-panel widget widget_sow-image panel-first-child panel-last-child\" data-index=\"5\" ><div\n\t\t\t\n\t\t\tclass=\"so-widget-sow-image so-widget-sow-image-default-8b5b6f678277-14002\"\n\t\t\t\n\t\t>\n\n<div class=\"sow-image-container\">\n\t\t<img decoding=\"async\" src=\"https:\/\/www.allthingsstone.com\/ca-fr\/wp-content\/uploads\/sites\/12\/2017\/11\/Antique-WestCoast-Slab-72x20-1.jpg\" width=\"500\" height=\"500\" srcset=\"https:\/\/www.allthingsstone.com\/ca-fr\/wp-content\/uploads\/sites\/12\/2017\/11\/Antique-WestCoast-Slab-72x20-1.jpg 500w, https:\/\/www.allthingsstone.com\/ca-fr\/wp-content\/uploads\/sites\/12\/2017\/11\/Antique-WestCoast-Slab-72x20-1-300x300.jpg 300w, https:\/\/www.allthingsstone.com\/ca-fr\/wp-content\/uploads\/sites\/12\/2017\/11\/Antique-WestCoast-Slab-72x20-1-150x150.jpg 150w, https:\/\/www.allthingsstone.com\/ca-fr\/wp-content\/uploads\/sites\/12\/2017\/11\/Antique-WestCoast-Slab-72x20-1-100x100.jpg 100w\" sizes=\"auto, (max-width: 500px) 100vw, 500px\" title=\"Antique WestCoast Slab 72&#215;20\" alt=\"\" loading=\"lazy\" \t\tclass=\"so-widget-image\"\/>\n\t<\/div>\n\n<\/div><\/div><\/div><\/div><\/div>","protected":false},"excerpt":{"rendered":"<p>Les dalles Pangaea\u00ae Natural Stone sont la solution id\u00e9ale pour compl\u00e9ter un projet de foyer int\u00e9rieur ou ext\u00e9rieur ou d\u2019am\u00e9nagement paysager en toute simplicit\u00e9. Utilisez &hellip; <a href=\"https:\/\/www.allthingsstone.com\/ca-fr\/product\/dalles-pangaea-natural-stone\/\">Continued<\/a><\/p>\n","protected":false},"featured_media":14901,"comment_status":"open","ping_status":"closed","template":"","meta":{"inline_featured_image":false,"_mi_skip_tracking":false,"_exactmetrics_sitenote_active":false,"_exactmetrics_sitenote_note":"","_exactmetrics_sitenote_category":0},"product_cat":[6532],"product_tag":[7809],"class_list":["post-14002","product","type-product","status-publish","has-post-thumbnail","hentry","product_cat-accessoires-architecturaux","product_tag-accessoires-architecturaux-pangaea-natural-stone","brands-pangaea-natural-stone-accessoires-architecturaux","single_resource-pangaea-natural-stone"],"acf":[],"yoast_head":"<!-- This site is optimized with the Yoast SEO Premium plugin v21.6 (Yoast SEO v21.6) - https:\/\/yoast.com\/wordpress\/plugins\/seo\/ -->\n<title>Dalles Pangaea\u00ae Natural Stone | CSI FR<\/title>\n<meta name=\"description\" content=\"Les dalles Pangaea\u00ae Natural Stone sont la solution id\u00e9ale pour compl\u00e9ter un projet de foyer int\u00e9rieur ou ext\u00e9rieur ou d\u2019am\u00e9nagement paysager en toute simplicit\u00e9. Utilisez les dalles Pangaea\u00ae comme pierres pour foyer et plus!\" \/>\n<meta name=\"robots\" content=\"index, follow, max-snippet:-1, max-image-preview:large, max-video-preview:-1\" \/>\n<link rel=\"canonical\" href=\"https:\/\/www.allthingsstone.com\/ca-fr\/product\/dalles-pangaea-natural-stone\/\" \/>\n<meta property=\"og:locale\" content=\"en_US\" \/>\n<meta property=\"og:type\" content=\"article\" \/>\n<meta property=\"og:title\" content=\"Slabs - Pangaea Natural Stone Architectural Profiles\/Trim\" \/>\n<meta property=\"og:description\" content=\"Les dalles Pangaea\u00ae Natural Stone sont la solution id\u00e9ale pour compl\u00e9ter un projet de foyer int\u00e9rieur ou ext\u00e9rieur ou d\u2019am\u00e9nagement paysager en toute simplicit\u00e9. Utilisez les dalles Pangaea\u00ae comme pierres pour foyer et plus!\" \/>\n<meta property=\"og:url\" content=\"https:\/\/www.allthingsstone.com\/ca-fr\/product\/dalles-pangaea-natural-stone\/\" \/>\n<meta property=\"og:site_name\" content=\"CSI - Canadian Stone Industries FR\" \/>\n<meta property=\"article:modified_time\" content=\"2021-04-21T21:02:09+00:00\" \/>\n<meta property=\"og:image\" content=\"https:\/\/www.allthingsstone.com\/ca-fr\/wp-content\/uploads\/sites\/12\/2017\/11\/Slab-Pangaea-Natural-Stone.jpg\" \/>\n\t<meta property=\"og:image:width\" content=\"459\" \/>\n\t<meta property=\"og:image:height\" content=\"339\" \/>\n\t<meta property=\"og:image:type\" content=\"image\/jpeg\" \/>\n<meta name=\"twitter:card\" content=\"summary_large_image\" \/>\n<meta name=\"twitter:label1\" content=\"Est. reading time\" \/>\n\t<meta name=\"twitter:data1\" content=\"1 minute\" \/>\n<script type=\"application\/ld+json\" class=\"yoast-schema-graph\">{\"@context\":\"https:\/\/schema.org\",\"@graph\":[{\"@type\":\"WebPage\",\"@id\":\"https:\/\/www.allthingsstone.com\/ca-fr\/product\/dalles-pangaea-natural-stone\/\",\"url\":\"https:\/\/www.allthingsstone.com\/ca-fr\/product\/dalles-pangaea-natural-stone\/\",\"name\":\"Dalles Pangaea\u00ae Natural Stone | CSI FR\",\"isPartOf\":{\"@id\":\"https:\/\/www.allthingsstone.com\/ca-fr\/#website\"},\"datePublished\":\"2017-11-28T20:34:39+00:00\",\"dateModified\":\"2021-04-21T21:02:09+00:00\",\"description\":\"Les dalles Pangaea\u00ae Natural Stone sont la solution id\u00e9ale pour compl\u00e9ter un projet de foyer int\u00e9rieur ou ext\u00e9rieur ou d\u2019am\u00e9nagement paysager en toute simplicit\u00e9. Utilisez les dalles Pangaea\u00ae comme pierres pour foyer et plus!\",\"breadcrumb\":{\"@id\":\"https:\/\/www.allthingsstone.com\/ca-fr\/product\/dalles-pangaea-natural-stone\/#breadcrumb\"},\"inLanguage\":\"en-CA\",\"potentialAction\":[{\"@type\":\"ReadAction\",\"target\":[\"https:\/\/www.allthingsstone.com\/ca-fr\/product\/dalles-pangaea-natural-stone\/\"]}]},{\"@type\":\"BreadcrumbList\",\"@id\":\"https:\/\/www.allthingsstone.com\/ca-fr\/product\/dalles-pangaea-natural-stone\/#breadcrumb\",\"itemListElement\":[{\"@type\":\"ListItem\",\"position\":1,\"name\":\"Home\",\"item\":\"https:\/\/www.allthingsstone.com\/ca-fr\/\"},{\"@type\":\"ListItem\",\"position\":2,\"name\":\"Slabs &#8211; Pangaea Natural Stone Architectural Profiles\/Trim\"}]},{\"@type\":\"WebSite\",\"@id\":\"https:\/\/www.allthingsstone.com\/ca-fr\/#website\",\"url\":\"https:\/\/www.allthingsstone.com\/ca-fr\/\",\"name\":\"CSI - Canadian Stone Industries FR\",\"description\":\"\",\"potentialAction\":[{\"@type\":\"SearchAction\",\"target\":{\"@type\":\"EntryPoint\",\"urlTemplate\":\"https:\/\/www.allthingsstone.com\/ca-fr\/?s={search_term_string}\"},\"query-input\":\"required name=search_term_string\"}],\"inLanguage\":\"en-CA\"}]}<\/script>\n<!-- \/ Yoast SEO Premium plugin. -->","yoast_head_json":{"title":"Dalles Pangaea\u00ae Natural Stone | CSI FR","description":"Les dalles Pangaea\u00ae Natural Stone sont la solution id\u00e9ale pour compl\u00e9ter un projet de foyer int\u00e9rieur ou ext\u00e9rieur ou d\u2019am\u00e9nagement paysager en toute simplicit\u00e9. Utilisez les dalles Pangaea\u00ae comme pierres pour foyer et plus!","robots":{"index":"index","follow":"follow","max-snippet":"max-snippet:-1","max-image-preview":"max-image-preview:large","max-video-preview":"max-video-preview:-1"},"canonical":"https:\/\/www.allthingsstone.com\/ca-fr\/product\/dalles-pangaea-natural-stone\/","og_locale":"en_US","og_type":"article","og_title":"Slabs - Pangaea Natural Stone Architectural Profiles\/Trim","og_description":"Les dalles Pangaea\u00ae Natural Stone sont la solution id\u00e9ale pour compl\u00e9ter un projet de foyer int\u00e9rieur ou ext\u00e9rieur ou d\u2019am\u00e9nagement paysager en toute simplicit\u00e9. Utilisez les dalles Pangaea\u00ae comme pierres pour foyer et plus!","og_url":"https:\/\/www.allthingsstone.com\/ca-fr\/product\/dalles-pangaea-natural-stone\/","og_site_name":"CSI - Canadian Stone Industries FR","article_modified_time":"2021-04-21T21:02:09+00:00","og_image":[{"width":459,"height":339,"url":"https:\/\/www.allthingsstone.com\/ca-fr\/wp-content\/uploads\/sites\/12\/2017\/11\/Slab-Pangaea-Natural-Stone.jpg","type":"image\/jpeg"}],"twitter_card":"summary_large_image","twitter_misc":{"Est. reading time":"1 minute"},"schema":{"@context":"https:\/\/schema.org","@graph":[{"@type":"WebPage","@id":"https:\/\/www.allthingsstone.com\/ca-fr\/product\/dalles-pangaea-natural-stone\/","url":"https:\/\/www.allthingsstone.com\/ca-fr\/product\/dalles-pangaea-natural-stone\/","name":"Dalles Pangaea\u00ae Natural Stone | CSI FR","isPartOf":{"@id":"https:\/\/www.allthingsstone.com\/ca-fr\/#website"},"datePublished":"2017-11-28T20:34:39+00:00","dateModified":"2021-04-21T21:02:09+00:00","description":"Les dalles Pangaea\u00ae Natural Stone sont la solution id\u00e9ale pour compl\u00e9ter un projet de foyer int\u00e9rieur ou ext\u00e9rieur ou d\u2019am\u00e9nagement paysager en toute simplicit\u00e9. Utilisez les dalles Pangaea\u00ae comme pierres pour foyer et plus!","breadcrumb":{"@id":"https:\/\/www.allthingsstone.com\/ca-fr\/product\/dalles-pangaea-natural-stone\/#breadcrumb"},"inLanguage":"en-CA","potentialAction":[{"@type":"ReadAction","target":["https:\/\/www.allthingsstone.com\/ca-fr\/product\/dalles-pangaea-natural-stone\/"]}]},{"@type":"BreadcrumbList","@id":"https:\/\/www.allthingsstone.com\/ca-fr\/product\/dalles-pangaea-natural-stone\/#breadcrumb","itemListElement":[{"@type":"ListItem","position":1,"name":"Home","item":"https:\/\/www.allthingsstone.com\/ca-fr\/"},{"@type":"ListItem","position":2,"name":"Slabs &#8211; Pangaea Natural Stone Architectural Profiles\/Trim"}]},{"@type":"WebSite","@id":"https:\/\/www.allthingsstone.com\/ca-fr\/#website","url":"https:\/\/www.allthingsstone.com\/ca-fr\/","name":"CSI - Canadian Stone Industries FR","description":"","potentialAction":[{"@type":"SearchAction","target":{"@type":"EntryPoint","urlTemplate":"https:\/\/www.allthingsstone.com\/ca-fr\/?s={search_term_string}"},"query-input":"required name=search_term_string"}],"inLanguage":"en-CA"}]}},"_links":{"self":[{"href":"https:\/\/www.allthingsstone.com\/ca-fr\/wp-json\/wp\/v2\/product\/14002","targetHints":{"allow":["GET"]}}],"collection":[{"href":"https:\/\/www.allthingsstone.com\/ca-fr\/wp-json\/wp\/v2\/product"}],"about":[{"href":"https:\/\/www.allthingsstone.com\/ca-fr\/wp-json\/wp\/v2\/types\/product"}],"replies":[{"embeddable":true,"href":"https:\/\/www.allthingsstone.com\/ca-fr\/wp-json\/wp\/v2\/comments?post=14002"}],"wp:featuredmedia":[{"embeddable":true,"href":"https:\/\/www.allthingsstone.com\/ca-fr\/wp-json\/wp\/v2\/media\/14901"}],"wp:attachment":[{"href":"https:\/\/www.allthingsstone.com\/ca-fr\/wp-json\/wp\/v2\/media?parent=14002"}],"wp:term":[{"taxonomy":"product_cat","embeddable":true,"href":"https:\/\/www.allthingsstone.com\/ca-fr\/wp-json\/wp\/v2\/product_cat?post=14002"},{"taxonomy":"product_tag","embeddable":true,"href":"https:\/\/www.allthingsstone.com\/ca-fr\/wp-json\/wp\/v2\/product_tag?post=14002"}],"curies":[{"name":"wp","href":"https:\/\/api.w.org\/{rel}","templated":true}]}}