{"id":13996,"date":"2018-01-17T18:40:35","date_gmt":"2018-01-17T23:40:35","guid":{"rendered":"http:\/\/www.allthingsstone.com\/ca-fr\/product\/sculpted-ashlar-cultured-stone\/"},"modified":"2020-10-08T15:42:17","modified_gmt":"2020-10-08T19:42:17","slug":"sculpted-ashlar-cultured-stone","status":"publish","type":"product","link":"https:\/\/www.allthingsstone.com\/ca-fr\/product\/sculpted-ashlar-cultured-stone\/","title":{"rendered":"Sculpted Ashlar &#8211; Cultured Stone"},"content":{"rendered":"<div id=\"pl-13996\"  class=\"panel-layout\" ><div id=\"pg-13996-0\"  class=\"panel-grid panel-no-style\" ><div id=\"pgc-13996-0-0\"  class=\"panel-grid-cell\" ><div id=\"panel-13996-0-0-0\" class=\"so-panel widget widget_sow-editor panel-first-child\" data-index=\"0\" ><div\n\t\t\t\n\t\t\tclass=\"so-widget-sow-editor so-widget-sow-editor-base\"\n\t\t\t\n\t\t>\n<div class=\"siteorigin-widget-tinymce textwidget\">\n\t<p>La s\u00e9rie Sculpted Ashlar de Cultured Stone<sup>\u00ae<\/sup>\u00a0est une s\u00e9lection bien pens\u00e9e de pierres de taille et de couleurs diff\u00e9rentes, cr\u00e9\u00e9e en tenant compte des applications contemporaines et traditionnelles. Avec des lignes pures et une finition en pierre de taille, la s\u00e9rie Sculpted Ashlar de Cultured Stone<sup>\u00ae<\/sup>\u00a0est l'intersection parfaite entre la nature et la pr\u00e9cision.<\/p>\n<\/div>\n<\/div><\/div><div id=\"panel-13996-0-0-1\" class=\"so-panel widget widget_sow-editor panel-last-child\" data-index=\"1\" ><div\n\t\t\t\n\t\t\tclass=\"so-widget-sow-editor so-widget-sow-editor-base\"\n\t\t\t\n\t\t>\n<div class=\"siteorigin-widget-tinymce textwidget\">\n\t<p>Cliquez sur\u00a0<strong><a href=\"https:\/\/www.allthingsstone.com\/ca-fr\/ou-acheter\/\">O\u00f9 acheter\u00a0<\/a><\/strong>pour trouver un d\u00e9taillant Cultured Stone<sup>\u00ae<\/sup>\u00a0au Qu\u00e9bec.<\/p>\n<\/div>\n<\/div><\/div><\/div><\/div><\/div>","protected":false},"excerpt":{"rendered":"<p>La s\u00e9rie Sculpted Ashlar de Cultured Stone\u00ae\u00a0est une s\u00e9lection bien pens\u00e9e de pierres de taille et de couleurs diff\u00e9rentes, cr\u00e9\u00e9e en tenant compte des applications &hellip; <a href=\"https:\/\/www.allthingsstone.com\/ca-fr\/product\/sculpted-ashlar-cultured-stone\/\">Continued<\/a><\/p>\n","protected":false},"featured_media":14859,"comment_status":"open","ping_status":"closed","template":"","meta":{"inline_featured_image":false,"_mi_skip_tracking":false,"_exactmetrics_sitenote_active":false,"_exactmetrics_sitenote_note":"","_exactmetrics_sitenote_category":0},"product_cat":[6537],"product_tag":[6573],"class_list":["post-13996","product","type-product","status-publish","has-post-thumbnail","hentry","product_cat-placage-de-pierre-usinee","product_tag-cultured-stone-collection"],"acf":[],"yoast_head":"<!-- This site is optimized with the Yoast SEO Premium plugin v21.6 (Yoast SEO v21.6) - https:\/\/yoast.com\/wordpress\/plugins\/seo\/ -->\n<title>Sculpted Ashlar de Cultured Stone\u00ae | CSI FR<\/title>\n<meta name=\"description\" content=\"La s\u00e9rie Sculpted Ashlar de Cultured Stone\u00ae est une s\u00e9lection bien pens\u00e9e de pierres de taille et de couleurs diff\u00e9rentes, cr\u00e9\u00e9e en tenant compte des applications contemporaines et traditionnelles.\" \/>\n<meta name=\"robots\" content=\"index, follow, max-snippet:-1, max-image-preview:large, max-video-preview:-1\" \/>\n<link rel=\"canonical\" href=\"https:\/\/www.allthingsstone.com\/ca-fr\/product\/sculpted-ashlar-cultured-stone\/\" \/>\n<meta property=\"og:locale\" content=\"en_US\" \/>\n<meta property=\"og:type\" content=\"article\" \/>\n<meta property=\"og:title\" content=\"Sculpted Ashlar - Cultured Stone\" \/>\n<meta property=\"og:description\" content=\"La s\u00e9rie Sculpted Ashlar de Cultured Stone\u00ae est une s\u00e9lection bien pens\u00e9e de pierres de taille et de couleurs diff\u00e9rentes, cr\u00e9\u00e9e en tenant compte des applications contemporaines et traditionnelles.\" \/>\n<meta property=\"og:url\" content=\"https:\/\/www.allthingsstone.com\/ca-fr\/product\/sculpted-ashlar-cultured-stone\/\" \/>\n<meta property=\"og:site_name\" content=\"CSI - Canadian Stone Industries FR\" \/>\n<meta property=\"article:modified_time\" content=\"2020-10-08T19:42:17+00:00\" \/>\n<meta property=\"og:image\" content=\"https:\/\/www.allthingsstone.com\/ca-fr\/wp-content\/uploads\/sites\/12\/2017\/08\/Cultured-Stone-Sculpted-Ashlar.jpg\" \/>\n\t<meta property=\"og:image:width\" content=\"459\" \/>\n\t<meta property=\"og:image:height\" content=\"339\" \/>\n\t<meta property=\"og:image:type\" content=\"image\/jpeg\" \/>\n<meta name=\"twitter:card\" content=\"summary_large_image\" \/>\n<meta name=\"twitter:label1\" content=\"Est. reading time\" \/>\n\t<meta name=\"twitter:data1\" content=\"1 minute\" \/>\n<script type=\"application\/ld+json\" class=\"yoast-schema-graph\">{\"@context\":\"https:\/\/schema.org\",\"@graph\":[{\"@type\":\"WebPage\",\"@id\":\"https:\/\/www.allthingsstone.com\/ca-fr\/product\/sculpted-ashlar-cultured-stone\/\",\"url\":\"https:\/\/www.allthingsstone.com\/ca-fr\/product\/sculpted-ashlar-cultured-stone\/\",\"name\":\"Sculpted Ashlar de Cultured Stone\u00ae | CSI FR\",\"isPartOf\":{\"@id\":\"https:\/\/www.allthingsstone.com\/ca-fr\/#website\"},\"datePublished\":\"2018-01-17T23:40:35+00:00\",\"dateModified\":\"2020-10-08T19:42:17+00:00\",\"description\":\"La s\u00e9rie Sculpted Ashlar de Cultured Stone\u00ae est une s\u00e9lection bien pens\u00e9e de pierres de taille et de couleurs diff\u00e9rentes, cr\u00e9\u00e9e en tenant compte des applications contemporaines et traditionnelles.\",\"breadcrumb\":{\"@id\":\"https:\/\/www.allthingsstone.com\/ca-fr\/product\/sculpted-ashlar-cultured-stone\/#breadcrumb\"},\"inLanguage\":\"en-CA\",\"potentialAction\":[{\"@type\":\"ReadAction\",\"target\":[\"https:\/\/www.allthingsstone.com\/ca-fr\/product\/sculpted-ashlar-cultured-stone\/\"]}]},{\"@type\":\"BreadcrumbList\",\"@id\":\"https:\/\/www.allthingsstone.com\/ca-fr\/product\/sculpted-ashlar-cultured-stone\/#breadcrumb\",\"itemListElement\":[{\"@type\":\"ListItem\",\"position\":1,\"name\":\"Home\",\"item\":\"https:\/\/www.allthingsstone.com\/ca-fr\/\"},{\"@type\":\"ListItem\",\"position\":2,\"name\":\"Sculpted Ashlar &#8211; Cultured Stone\"}]},{\"@type\":\"WebSite\",\"@id\":\"https:\/\/www.allthingsstone.com\/ca-fr\/#website\",\"url\":\"https:\/\/www.allthingsstone.com\/ca-fr\/\",\"name\":\"CSI - Canadian Stone Industries FR\",\"description\":\"\",\"potentialAction\":[{\"@type\":\"SearchAction\",\"target\":{\"@type\":\"EntryPoint\",\"urlTemplate\":\"https:\/\/www.allthingsstone.com\/ca-fr\/?s={search_term_string}\"},\"query-input\":\"required name=search_term_string\"}],\"inLanguage\":\"en-CA\"}]}<\/script>\n<!-- \/ Yoast SEO Premium plugin. -->","yoast_head_json":{"title":"Sculpted Ashlar de Cultured Stone\u00ae | CSI FR","description":"La s\u00e9rie Sculpted Ashlar de Cultured Stone\u00ae est une s\u00e9lection bien pens\u00e9e de pierres de taille et de couleurs diff\u00e9rentes, cr\u00e9\u00e9e en tenant compte des applications contemporaines et traditionnelles.","robots":{"index":"index","follow":"follow","max-snippet":"max-snippet:-1","max-image-preview":"max-image-preview:large","max-video-preview":"max-video-preview:-1"},"canonical":"https:\/\/www.allthingsstone.com\/ca-fr\/product\/sculpted-ashlar-cultured-stone\/","og_locale":"en_US","og_type":"article","og_title":"Sculpted Ashlar - Cultured Stone","og_description":"La s\u00e9rie Sculpted Ashlar de Cultured Stone\u00ae est une s\u00e9lection bien pens\u00e9e de pierres de taille et de couleurs diff\u00e9rentes, cr\u00e9\u00e9e en tenant compte des applications contemporaines et traditionnelles.","og_url":"https:\/\/www.allthingsstone.com\/ca-fr\/product\/sculpted-ashlar-cultured-stone\/","og_site_name":"CSI - Canadian Stone Industries FR","article_modified_time":"2020-10-08T19:42:17+00:00","og_image":[{"width":459,"height":339,"url":"https:\/\/www.allthingsstone.com\/ca-fr\/wp-content\/uploads\/sites\/12\/2017\/08\/Cultured-Stone-Sculpted-Ashlar.jpg","type":"image\/jpeg"}],"twitter_card":"summary_large_image","twitter_misc":{"Est. reading time":"1 minute"},"schema":{"@context":"https:\/\/schema.org","@graph":[{"@type":"WebPage","@id":"https:\/\/www.allthingsstone.com\/ca-fr\/product\/sculpted-ashlar-cultured-stone\/","url":"https:\/\/www.allthingsstone.com\/ca-fr\/product\/sculpted-ashlar-cultured-stone\/","name":"Sculpted Ashlar de Cultured Stone\u00ae | CSI FR","isPartOf":{"@id":"https:\/\/www.allthingsstone.com\/ca-fr\/#website"},"datePublished":"2018-01-17T23:40:35+00:00","dateModified":"2020-10-08T19:42:17+00:00","description":"La s\u00e9rie Sculpted Ashlar de Cultured Stone\u00ae est une s\u00e9lection bien pens\u00e9e de pierres de taille et de couleurs diff\u00e9rentes, cr\u00e9\u00e9e en tenant compte des applications contemporaines et traditionnelles.","breadcrumb":{"@id":"https:\/\/www.allthingsstone.com\/ca-fr\/product\/sculpted-ashlar-cultured-stone\/#breadcrumb"},"inLanguage":"en-CA","potentialAction":[{"@type":"ReadAction","target":["https:\/\/www.allthingsstone.com\/ca-fr\/product\/sculpted-ashlar-cultured-stone\/"]}]},{"@type":"BreadcrumbList","@id":"https:\/\/www.allthingsstone.com\/ca-fr\/product\/sculpted-ashlar-cultured-stone\/#breadcrumb","itemListElement":[{"@type":"ListItem","position":1,"name":"Home","item":"https:\/\/www.allthingsstone.com\/ca-fr\/"},{"@type":"ListItem","position":2,"name":"Sculpted Ashlar &#8211; Cultured Stone"}]},{"@type":"WebSite","@id":"https:\/\/www.allthingsstone.com\/ca-fr\/#website","url":"https:\/\/www.allthingsstone.com\/ca-fr\/","name":"CSI - Canadian Stone Industries FR","description":"","potentialAction":[{"@type":"SearchAction","target":{"@type":"EntryPoint","urlTemplate":"https:\/\/www.allthingsstone.com\/ca-fr\/?s={search_term_string}"},"query-input":"required name=search_term_string"}],"inLanguage":"en-CA"}]}},"_links":{"self":[{"href":"https:\/\/www.allthingsstone.com\/ca-fr\/wp-json\/wp\/v2\/product\/13996","targetHints":{"allow":["GET"]}}],"collection":[{"href":"https:\/\/www.allthingsstone.com\/ca-fr\/wp-json\/wp\/v2\/product"}],"about":[{"href":"https:\/\/www.allthingsstone.com\/ca-fr\/wp-json\/wp\/v2\/types\/product"}],"replies":[{"embeddable":true,"href":"https:\/\/www.allthingsstone.com\/ca-fr\/wp-json\/wp\/v2\/comments?post=13996"}],"wp:featuredmedia":[{"embeddable":true,"href":"https:\/\/www.allthingsstone.com\/ca-fr\/wp-json\/wp\/v2\/media\/14859"}],"wp:attachment":[{"href":"https:\/\/www.allthingsstone.com\/ca-fr\/wp-json\/wp\/v2\/media?parent=13996"}],"wp:term":[{"taxonomy":"product_cat","embeddable":true,"href":"https:\/\/www.allthingsstone.com\/ca-fr\/wp-json\/wp\/v2\/product_cat?post=13996"},{"taxonomy":"product_tag","embeddable":true,"href":"https:\/\/www.allthingsstone.com\/ca-fr\/wp-json\/wp\/v2\/product_tag?post=13996"}],"curies":[{"name":"wp","href":"https:\/\/api.w.org\/{rel}","templated":true}]}}