{"id":13993,"date":"2018-03-22T15:38:52","date_gmt":"2018-03-22T19:38:52","guid":{"rendered":"http:\/\/www.allthingsstone.com\/ca-fr\/product\/linear-collection-terracraft-natural-stone-veneer\/"},"modified":"2024-10-30T17:13:53","modified_gmt":"2024-10-30T21:13:53","slug":"linear-collection-terracraft-natural-stone-veneer","status":"publish","type":"product","link":"https:\/\/www.allthingsstone.com\/ca-fr\/product\/linear-collection-terracraft-natural-stone-veneer\/","title":{"rendered":"Linear Collection Dimensional Series &#8211; TerraCraft Natural Stone Veneer"},"content":{"rendered":"<div id=\"pl-13993\"  class=\"panel-layout\" ><div id=\"pg-13993-0\"  class=\"panel-grid panel-no-style\" ><div id=\"pgc-13993-0-0\"  class=\"panel-grid-cell\" ><div id=\"panel-13993-0-0-0\" class=\"so-panel widget widget_sow-editor panel-first-child\" data-index=\"0\" ><div\n\t\t\t\n\t\t\tclass=\"so-widget-sow-editor so-widget-sow-editor-base\"\n\t\t\t\n\t\t>\n<div class=\"siteorigin-widget-tinymce textwidget\">\n\t<p>Dimensional Series Linear Collection de TerraCraft<sup>\u00ae<\/sup>\u00a0Natural Stone Veneer est disponible en diff\u00e9rentes profondeurs et hauteurs qui s\u2019allient pour cr\u00e9er un effet d'ombrage distinctif. Ultra-moderne, la collection Dimensional Series est id\u00e9ale pour apporter un style unique \u00e0 tout projet, que l\u2019on parle de murs int\u00e9rieurs en pierre, de foyers contemporains, de dosserets de cuisine \u00e9l\u00e9gants, ou pour une touche d'\u00e9l\u00e9gance dans une salle de bain. Avec des possibilit\u00e9s esth\u00e9tiques quasi illimit\u00e9es, chaque projet sera unique en son genre, apportant une allure moderne et contemporaine \u00e0 n'importe quel d\u00e9cor.<\/p>\n<\/div>\n<\/div><\/div><div id=\"panel-13993-0-0-1\" class=\"so-panel widget widget_sow-editor panel-last-child\" data-index=\"1\" ><div\n\t\t\t\n\t\t\tclass=\"so-widget-sow-editor so-widget-sow-editor-base\"\n\t\t\t\n\t\t>\n<div class=\"siteorigin-widget-tinymce textwidget\">\n\t<p>Pour trouver un d\u00e9taillant Linear Collection de TerraCraft<sup>\u00ae<\/sup>\u00a0Natural Stone Veneer dans votre r\u00e9gion cliquez sur <strong><a href=\"http:\/\/www.allthingsstone.com\/ca-fr\/ou-acheter\/\">O\u00f9 acheter<\/a><\/strong>.<\/p>\n<\/div>\n<\/div><\/div><\/div><\/div><div id=\"pg-13993-1\"  class=\"panel-grid panel-no-style\" ><div id=\"pgc-13993-1-0\"  class=\"panel-grid-cell\" ><div id=\"panel-13993-1-0-0\" class=\"so-panel widget widget_sow-image panel-first-child panel-last-child\" data-index=\"2\" ><div\n\t\t\t\n\t\t\tclass=\"so-widget-sow-image so-widget-sow-image-default-8b5b6f678277-13993\"\n\t\t\t\n\t\t>\n\n<div class=\"sow-image-container\">\n\t\t\t<a href=\"https:\/\/www.allthingsstone.com\/ca-fr\/wp-content\/uploads\/sites\/12\/2018\/03\/TerraCraft-Natural-Stone-Linear-Collection-Almond-Trail.png\"\n\t\t\tdata-lightbox=\"653405066269cb7286956685787435\" data-lightbox-options=\"{&quot;alwaysShowNavOnTouchDevices&quot;:false,&quot;disabledOnTablet&quot;:false,&quot;disabledOnMobile&quot;:false,&quot;disableScrolling&quot;:false,&quot;overlayColor&quot;:&quot;#000&quot;,&quot;overlayOpacity&quot;:0.8,&quot;fadeDuration&quot;:600,&quot;fitImagesInViewport&quot;:true,&quot;imageFadeDuration&quot;:600,&quot;maxHeight&quot;:&quot;&quot;,&quot;maxWidth&quot;:&quot;&quot;,&quot;positionFromTop&quot;:50,&quot;resizeDuration&quot;:700,&quot;showImageNumberLabel&quot;:true,&quot;disableCaption&quot;:&quot;&quot;,&quot;wrapAround&quot;:true,&quot;albumLabel&quot;:&quot; %1 of %2&quot;}\" data-title=\"TerraCraft\u00ae Natural Stone - Linear Collection, Almond Trail\" \t\t>\n\t\t\t<img decoding=\"async\" src=\"https:\/\/www.allthingsstone.com\/ca-fr\/wp-content\/uploads\/sites\/12\/2018\/03\/TerraCraft-Natural-Stone-Linear-Collection-Almond-Trail.png\" width=\"2016\" height=\"1344\" srcset=\"https:\/\/www.allthingsstone.com\/ca-fr\/wp-content\/uploads\/sites\/12\/2018\/03\/TerraCraft-Natural-Stone-Linear-Collection-Almond-Trail.png 2016w, https:\/\/www.allthingsstone.com\/ca-fr\/wp-content\/uploads\/sites\/12\/2018\/03\/TerraCraft-Natural-Stone-Linear-Collection-Almond-Trail-300x200.png 300w, https:\/\/www.allthingsstone.com\/ca-fr\/wp-content\/uploads\/sites\/12\/2018\/03\/TerraCraft-Natural-Stone-Linear-Collection-Almond-Trail-1024x683.png 1024w, https:\/\/www.allthingsstone.com\/ca-fr\/wp-content\/uploads\/sites\/12\/2018\/03\/TerraCraft-Natural-Stone-Linear-Collection-Almond-Trail-768x512.png 768w, https:\/\/www.allthingsstone.com\/ca-fr\/wp-content\/uploads\/sites\/12\/2018\/03\/TerraCraft-Natural-Stone-Linear-Collection-Almond-Trail-1536x1024.png 1536w, https:\/\/www.allthingsstone.com\/ca-fr\/wp-content\/uploads\/sites\/12\/2018\/03\/TerraCraft-Natural-Stone-Linear-Collection-Almond-Trail-600x400.png 600w, https:\/\/www.allthingsstone.com\/ca-fr\/wp-content\/uploads\/sites\/12\/2018\/03\/TerraCraft-Natural-Stone-Linear-Collection-Almond-Trail-272x182.png 272w\" sizes=\"auto, (max-width: 2016px) 100vw, 2016px\" title=\"TerraCraft\u00ae Natural Stone - Linear Collection, Almond Trail\" alt=\"TerraCraft\u00ae Natural Stone - Linear Collection, Almond Trail\" loading=\"lazy\" \t\tclass=\"so-widget-image\"\/>\n\t<\/a><\/div>\n\n<\/div><\/div><\/div><div id=\"pgc-13993-1-1\"  class=\"panel-grid-cell\" ><div id=\"panel-13993-1-1-0\" class=\"so-panel widget widget_sow-image panel-first-child panel-last-child\" data-index=\"3\" ><div\n\t\t\t\n\t\t\tclass=\"so-widget-sow-image so-widget-sow-image-default-8b5b6f678277-13993\"\n\t\t\t\n\t\t>\n\n<div class=\"sow-image-container\">\n\t\t\t<a href=\"https:\/\/www.allthingsstone.com\/ca-fr\/wp-content\/uploads\/sites\/12\/2018\/03\/TerraCraft-Natural-Stone-Linear-Collection-Caiman-1.png\"\n\t\t\tdata-lightbox=\"8792183936722a159f070c073100250\" data-lightbox-options=\"{&quot;alwaysShowNavOnTouchDevices&quot;:false,&quot;disabledOnTablet&quot;:false,&quot;disabledOnMobile&quot;:false,&quot;disableScrolling&quot;:false,&quot;overlayColor&quot;:&quot;#000&quot;,&quot;overlayOpacity&quot;:0.8,&quot;fadeDuration&quot;:600,&quot;fitImagesInViewport&quot;:true,&quot;imageFadeDuration&quot;:600,&quot;maxHeight&quot;:&quot;&quot;,&quot;maxWidth&quot;:&quot;&quot;,&quot;positionFromTop&quot;:50,&quot;resizeDuration&quot;:700,&quot;showImageNumberLabel&quot;:true,&quot;disableCaption&quot;:&quot;&quot;,&quot;wrapAround&quot;:true,&quot;albumLabel&quot;:&quot; %1 of %2&quot;}\" data-title=\"TerraCraft\u00ae Natural Stone - Linear Collection, Caiman\" \t\t>\n\t\t\t<img decoding=\"async\" src=\"https:\/\/www.allthingsstone.com\/ca-fr\/wp-content\/uploads\/sites\/12\/2018\/03\/TerraCraft-Natural-Stone-Linear-Collection-Caiman-1.png\" width=\"1656\" height=\"1046\" srcset=\"https:\/\/www.allthingsstone.com\/ca-fr\/wp-content\/uploads\/sites\/12\/2018\/03\/TerraCraft-Natural-Stone-Linear-Collection-Caiman-1.png 1656w, https:\/\/www.allthingsstone.com\/ca-fr\/wp-content\/uploads\/sites\/12\/2018\/03\/TerraCraft-Natural-Stone-Linear-Collection-Caiman-1-300x189.png 300w, https:\/\/www.allthingsstone.com\/ca-fr\/wp-content\/uploads\/sites\/12\/2018\/03\/TerraCraft-Natural-Stone-Linear-Collection-Caiman-1-1024x647.png 1024w, https:\/\/www.allthingsstone.com\/ca-fr\/wp-content\/uploads\/sites\/12\/2018\/03\/TerraCraft-Natural-Stone-Linear-Collection-Caiman-1-768x485.png 768w, https:\/\/www.allthingsstone.com\/ca-fr\/wp-content\/uploads\/sites\/12\/2018\/03\/TerraCraft-Natural-Stone-Linear-Collection-Caiman-1-1536x970.png 1536w, https:\/\/www.allthingsstone.com\/ca-fr\/wp-content\/uploads\/sites\/12\/2018\/03\/TerraCraft-Natural-Stone-Linear-Collection-Caiman-1-600x379.png 600w\" sizes=\"auto, (max-width: 1656px) 100vw, 1656px\" title=\"TerraCraft\u00ae Natural Stone - Linear Collection, Caiman\" alt=\"TerraCraft\u00ae Natural Stone - Linear Collection, Caiman\" loading=\"lazy\" \t\tclass=\"so-widget-image\"\/>\n\t<\/a><\/div>\n\n<\/div><\/div><\/div><div id=\"pgc-13993-1-2\"  class=\"panel-grid-cell\" ><div id=\"panel-13993-1-2-0\" class=\"so-panel widget widget_sow-image panel-first-child panel-last-child\" data-index=\"4\" ><div\n\t\t\t\n\t\t\tclass=\"so-widget-sow-image so-widget-sow-image-default-8b5b6f678277-13993\"\n\t\t\t\n\t\t>\n\n<div class=\"sow-image-container\">\n\t\t\t<a href=\"https:\/\/www.allthingsstone.com\/ca-fr\/wp-content\/uploads\/sites\/12\/2018\/03\/TerraCraft-Natural-Stone-Linear-Collection-Iceberg.png\"\n\t\t\tdata-lightbox=\"13619362956269cbab7f1b2107077847\" data-lightbox-options=\"{&quot;alwaysShowNavOnTouchDevices&quot;:false,&quot;disabledOnTablet&quot;:false,&quot;disabledOnMobile&quot;:false,&quot;disableScrolling&quot;:false,&quot;overlayColor&quot;:&quot;#000&quot;,&quot;overlayOpacity&quot;:0.8,&quot;fadeDuration&quot;:600,&quot;fitImagesInViewport&quot;:true,&quot;imageFadeDuration&quot;:600,&quot;maxHeight&quot;:&quot;&quot;,&quot;maxWidth&quot;:&quot;&quot;,&quot;positionFromTop&quot;:50,&quot;resizeDuration&quot;:700,&quot;showImageNumberLabel&quot;:true,&quot;disableCaption&quot;:&quot;&quot;,&quot;wrapAround&quot;:true,&quot;albumLabel&quot;:&quot; %1 of %2&quot;}\" data-title=\"TerraCraft\u00ae Natural Stone - Linear Collection, Iceberg\" \t\t>\n\t\t\t<img decoding=\"async\" src=\"https:\/\/www.allthingsstone.com\/ca-fr\/wp-content\/uploads\/sites\/12\/2018\/03\/TerraCraft-Natural-Stone-Linear-Collection-Iceberg.png\" width=\"2016\" height=\"1344\" srcset=\"https:\/\/www.allthingsstone.com\/ca-fr\/wp-content\/uploads\/sites\/12\/2018\/03\/TerraCraft-Natural-Stone-Linear-Collection-Iceberg.png 2016w, https:\/\/www.allthingsstone.com\/ca-fr\/wp-content\/uploads\/sites\/12\/2018\/03\/TerraCraft-Natural-Stone-Linear-Collection-Iceberg-300x200.png 300w, https:\/\/www.allthingsstone.com\/ca-fr\/wp-content\/uploads\/sites\/12\/2018\/03\/TerraCraft-Natural-Stone-Linear-Collection-Iceberg-1024x683.png 1024w, https:\/\/www.allthingsstone.com\/ca-fr\/wp-content\/uploads\/sites\/12\/2018\/03\/TerraCraft-Natural-Stone-Linear-Collection-Iceberg-768x512.png 768w, https:\/\/www.allthingsstone.com\/ca-fr\/wp-content\/uploads\/sites\/12\/2018\/03\/TerraCraft-Natural-Stone-Linear-Collection-Iceberg-1536x1024.png 1536w, https:\/\/www.allthingsstone.com\/ca-fr\/wp-content\/uploads\/sites\/12\/2018\/03\/TerraCraft-Natural-Stone-Linear-Collection-Iceberg-600x400.png 600w, https:\/\/www.allthingsstone.com\/ca-fr\/wp-content\/uploads\/sites\/12\/2018\/03\/TerraCraft-Natural-Stone-Linear-Collection-Iceberg-272x182.png 272w\" sizes=\"auto, (max-width: 2016px) 100vw, 2016px\" title=\"TerraCraft\u00ae Natural Stone - Linear Collection, Iceberg\" alt=\"TerraCraft\u00ae Natural Stone - Linear Collection, Iceberg\" loading=\"lazy\" \t\tclass=\"so-widget-image\"\/>\n\t<\/a><\/div>\n\n<\/div><\/div><\/div><\/div><\/div>","protected":false},"excerpt":{"rendered":"<p>Dimensional Series Linear Collection de TerraCraft\u00ae\u00a0Natural Stone Veneer est disponible en diff\u00e9rentes profondeurs et hauteurs qui s\u2019allient pour cr\u00e9er un effet d&#8217;ombrage distinctif. Ultra-moderne, la &hellip; <a href=\"https:\/\/www.allthingsstone.com\/ca-fr\/product\/linear-collection-terracraft-natural-stone-veneer\/\">Continued<\/a><\/p>\n","protected":false},"featured_media":14843,"comment_status":"open","ping_status":"closed","template":"","meta":{"inline_featured_image":false,"_mi_skip_tracking":false,"_exactmetrics_sitenote_active":false,"_exactmetrics_sitenote_note":"","_exactmetrics_sitenote_category":0},"product_cat":[6533],"product_tag":[6541],"class_list":["post-13993","product","type-product","status-publish","has-post-thumbnail","hentry","product_cat-placage-de-pierre-naturelle","product_tag-dimensional-series-tc","brands-terracraft-natural-stone","single_resource-terracraft-natural-stone-veneer"],"acf":[],"yoast_head":"<!-- This site is optimized with the Yoast SEO Premium plugin v21.6 (Yoast SEO v21.6) - https:\/\/yoast.com\/wordpress\/plugins\/seo\/ -->\n<title>Linear Collection Dimensional Series - TerraCraft Natural Stone Veneer - CSI - Canadian Stone Industries FR<\/title>\n<meta name=\"robots\" content=\"index, follow, max-snippet:-1, max-image-preview:large, max-video-preview:-1\" \/>\n<link rel=\"canonical\" href=\"https:\/\/www.allthingsstone.com\/ca-fr\/product\/linear-collection-terracraft-natural-stone-veneer\/\" \/>\n<meta property=\"og:locale\" content=\"en_US\" \/>\n<meta property=\"og:type\" content=\"article\" \/>\n<meta property=\"og:title\" content=\"Linear Collection Dimensional Series - TerraCraft Natural Stone Veneer\" \/>\n<meta property=\"og:description\" content=\"Dimensional Series Linear Collection de TerraCraft\u00ae\u00a0Natural Stone Veneer est disponible en diff\u00e9rentes profondeurs et hauteurs qui s\u2019allient pour cr\u00e9er un effet d&#039;ombrage distinctif. Ultra-moderne, la &hellip; Continued\" \/>\n<meta property=\"og:url\" content=\"https:\/\/www.allthingsstone.com\/ca-fr\/product\/linear-collection-terracraft-natural-stone-veneer\/\" \/>\n<meta property=\"og:site_name\" content=\"CSI - Canadian Stone Industries FR\" \/>\n<meta property=\"article:modified_time\" content=\"2024-10-30T21:13:53+00:00\" \/>\n<meta property=\"og:image\" content=\"https:\/\/www.allthingsstone.com\/ca-fr\/wp-content\/uploads\/sites\/12\/2018\/03\/TerraCraft\u00ae-Natural-Stone-Veneer-Dimensional-Series-Linear-Collection-1.jpg\" \/>\n\t<meta property=\"og:image:width\" content=\"459\" \/>\n\t<meta property=\"og:image:height\" content=\"339\" \/>\n\t<meta property=\"og:image:type\" content=\"image\/jpeg\" \/>\n<meta name=\"twitter:card\" content=\"summary_large_image\" \/>\n<meta name=\"twitter:label1\" content=\"Est. reading time\" \/>\n\t<meta name=\"twitter:data1\" content=\"1 minute\" \/>\n<script type=\"application\/ld+json\" class=\"yoast-schema-graph\">{\"@context\":\"https:\/\/schema.org\",\"@graph\":[{\"@type\":\"WebPage\",\"@id\":\"https:\/\/www.allthingsstone.com\/ca-fr\/product\/linear-collection-terracraft-natural-stone-veneer\/\",\"url\":\"https:\/\/www.allthingsstone.com\/ca-fr\/product\/linear-collection-terracraft-natural-stone-veneer\/\",\"name\":\"Linear Collection Dimensional Series - TerraCraft Natural Stone Veneer - CSI - Canadian Stone Industries FR\",\"isPartOf\":{\"@id\":\"https:\/\/www.allthingsstone.com\/ca-fr\/#website\"},\"datePublished\":\"2018-03-22T19:38:52+00:00\",\"dateModified\":\"2024-10-30T21:13:53+00:00\",\"breadcrumb\":{\"@id\":\"https:\/\/www.allthingsstone.com\/ca-fr\/product\/linear-collection-terracraft-natural-stone-veneer\/#breadcrumb\"},\"inLanguage\":\"en-CA\",\"potentialAction\":[{\"@type\":\"ReadAction\",\"target\":[\"https:\/\/www.allthingsstone.com\/ca-fr\/product\/linear-collection-terracraft-natural-stone-veneer\/\"]}]},{\"@type\":\"BreadcrumbList\",\"@id\":\"https:\/\/www.allthingsstone.com\/ca-fr\/product\/linear-collection-terracraft-natural-stone-veneer\/#breadcrumb\",\"itemListElement\":[{\"@type\":\"ListItem\",\"position\":1,\"name\":\"Home\",\"item\":\"https:\/\/www.allthingsstone.com\/ca-fr\/\"},{\"@type\":\"ListItem\",\"position\":2,\"name\":\"Linear Collection Dimensional Series &#8211; TerraCraft Natural Stone Veneer\"}]},{\"@type\":\"WebSite\",\"@id\":\"https:\/\/www.allthingsstone.com\/ca-fr\/#website\",\"url\":\"https:\/\/www.allthingsstone.com\/ca-fr\/\",\"name\":\"CSI - Canadian Stone Industries FR\",\"description\":\"\",\"potentialAction\":[{\"@type\":\"SearchAction\",\"target\":{\"@type\":\"EntryPoint\",\"urlTemplate\":\"https:\/\/www.allthingsstone.com\/ca-fr\/?s={search_term_string}\"},\"query-input\":\"required name=search_term_string\"}],\"inLanguage\":\"en-CA\"}]}<\/script>\n<!-- \/ Yoast SEO Premium plugin. -->","yoast_head_json":{"title":"Linear Collection Dimensional Series - TerraCraft Natural Stone Veneer - CSI - Canadian Stone Industries FR","robots":{"index":"index","follow":"follow","max-snippet":"max-snippet:-1","max-image-preview":"max-image-preview:large","max-video-preview":"max-video-preview:-1"},"canonical":"https:\/\/www.allthingsstone.com\/ca-fr\/product\/linear-collection-terracraft-natural-stone-veneer\/","og_locale":"en_US","og_type":"article","og_title":"Linear Collection Dimensional Series - TerraCraft Natural Stone Veneer","og_description":"Dimensional Series Linear Collection de TerraCraft\u00ae\u00a0Natural Stone Veneer est disponible en diff\u00e9rentes profondeurs et hauteurs qui s\u2019allient pour cr\u00e9er un effet d'ombrage distinctif. Ultra-moderne, la &hellip; Continued","og_url":"https:\/\/www.allthingsstone.com\/ca-fr\/product\/linear-collection-terracraft-natural-stone-veneer\/","og_site_name":"CSI - Canadian Stone Industries FR","article_modified_time":"2024-10-30T21:13:53+00:00","og_image":[{"width":459,"height":339,"url":"https:\/\/www.allthingsstone.com\/ca-fr\/wp-content\/uploads\/sites\/12\/2018\/03\/TerraCraft\u00ae-Natural-Stone-Veneer-Dimensional-Series-Linear-Collection-1.jpg","type":"image\/jpeg"}],"twitter_card":"summary_large_image","twitter_misc":{"Est. reading time":"1 minute"},"schema":{"@context":"https:\/\/schema.org","@graph":[{"@type":"WebPage","@id":"https:\/\/www.allthingsstone.com\/ca-fr\/product\/linear-collection-terracraft-natural-stone-veneer\/","url":"https:\/\/www.allthingsstone.com\/ca-fr\/product\/linear-collection-terracraft-natural-stone-veneer\/","name":"Linear Collection Dimensional Series - TerraCraft Natural Stone Veneer - CSI - Canadian Stone Industries FR","isPartOf":{"@id":"https:\/\/www.allthingsstone.com\/ca-fr\/#website"},"datePublished":"2018-03-22T19:38:52+00:00","dateModified":"2024-10-30T21:13:53+00:00","breadcrumb":{"@id":"https:\/\/www.allthingsstone.com\/ca-fr\/product\/linear-collection-terracraft-natural-stone-veneer\/#breadcrumb"},"inLanguage":"en-CA","potentialAction":[{"@type":"ReadAction","target":["https:\/\/www.allthingsstone.com\/ca-fr\/product\/linear-collection-terracraft-natural-stone-veneer\/"]}]},{"@type":"BreadcrumbList","@id":"https:\/\/www.allthingsstone.com\/ca-fr\/product\/linear-collection-terracraft-natural-stone-veneer\/#breadcrumb","itemListElement":[{"@type":"ListItem","position":1,"name":"Home","item":"https:\/\/www.allthingsstone.com\/ca-fr\/"},{"@type":"ListItem","position":2,"name":"Linear Collection Dimensional Series &#8211; TerraCraft Natural Stone Veneer"}]},{"@type":"WebSite","@id":"https:\/\/www.allthingsstone.com\/ca-fr\/#website","url":"https:\/\/www.allthingsstone.com\/ca-fr\/","name":"CSI - Canadian Stone Industries FR","description":"","potentialAction":[{"@type":"SearchAction","target":{"@type":"EntryPoint","urlTemplate":"https:\/\/www.allthingsstone.com\/ca-fr\/?s={search_term_string}"},"query-input":"required name=search_term_string"}],"inLanguage":"en-CA"}]}},"_links":{"self":[{"href":"https:\/\/www.allthingsstone.com\/ca-fr\/wp-json\/wp\/v2\/product\/13993","targetHints":{"allow":["GET"]}}],"collection":[{"href":"https:\/\/www.allthingsstone.com\/ca-fr\/wp-json\/wp\/v2\/product"}],"about":[{"href":"https:\/\/www.allthingsstone.com\/ca-fr\/wp-json\/wp\/v2\/types\/product"}],"replies":[{"embeddable":true,"href":"https:\/\/www.allthingsstone.com\/ca-fr\/wp-json\/wp\/v2\/comments?post=13993"}],"wp:featuredmedia":[{"embeddable":true,"href":"https:\/\/www.allthingsstone.com\/ca-fr\/wp-json\/wp\/v2\/media\/14843"}],"wp:attachment":[{"href":"https:\/\/www.allthingsstone.com\/ca-fr\/wp-json\/wp\/v2\/media?parent=13993"}],"wp:term":[{"taxonomy":"product_cat","embeddable":true,"href":"https:\/\/www.allthingsstone.com\/ca-fr\/wp-json\/wp\/v2\/product_cat?post=13993"},{"taxonomy":"product_tag","embeddable":true,"href":"https:\/\/www.allthingsstone.com\/ca-fr\/wp-json\/wp\/v2\/product_tag?post=13993"}],"curies":[{"name":"wp","href":"https:\/\/api.w.org\/{rel}","templated":true}]}}