{"id":13992,"date":"2018-03-23T11:11:35","date_gmt":"2018-03-23T15:11:35","guid":{"rendered":"http:\/\/www.allthingsstone.com\/ca-fr\/product\/signature-ledgestone-collection\/"},"modified":"2023-02-10T12:10:22","modified_gmt":"2023-02-10T17:10:22","slug":"signature-ledgestone-collection","status":"publish","type":"product","link":"https:\/\/www.allthingsstone.com\/ca-fr\/product\/signature-ledgestone-collection\/","title":{"rendered":"Signature Ledgestone Collection &#8211; TerraCraft Natural Stone Veneer"},"content":{"rendered":"<div id=\"pl-13992\"  class=\"panel-layout\" ><div id=\"pg-13992-0\"  class=\"panel-grid panel-no-style\" ><div id=\"pgc-13992-0-0\"  class=\"panel-grid-cell\" ><div id=\"panel-13992-0-0-0\" class=\"so-panel widget widget_sow-editor panel-first-child\" data-index=\"0\" ><div\n\t\t\t\n\t\t\tclass=\"so-widget-sow-editor so-widget-sow-editor-base\"\n\t\t\t\n\t\t>\n<div class=\"siteorigin-widget-tinymce textwidget\">\n\t<p>La collection Signature Ledgestone de TerraCraft<sup>\u00ae<\/sup> Natural Stone offre les plus grands panneaux de pierre naturelle sur le march\u00e9. Notre collection exclusive allie l'aspect robuste traditionnel de la pierre avec des coloris uniques, cr\u00e9ant des panneaux de pierre de grand format \u00e0 fort impact qui conviennent parfaitement aux applications de conception robuste ou classique.<\/p>\n<\/div>\n<\/div><\/div><div id=\"panel-13992-0-0-1\" class=\"so-panel widget widget_sow-editor panel-last-child\" data-index=\"1\" ><div\n\t\t\t\n\t\t\tclass=\"so-widget-sow-editor so-widget-sow-editor-base\"\n\t\t\t\n\t\t>\n<div class=\"siteorigin-widget-tinymce textwidget\">\n\t<p>Pour trouver un d\u00e9taillant Signature Ledgestone de TerraCraft<sup>\u00ae<\/sup>\u00a0Natural Stone Veneer dans votre r\u00e9gion cliquez sur<strong>\u00a0<a href=\"http:\/\/www.allthingsstone.com\/ca-fr\/ou-acheter\/\">O\u00f9 acheter<\/a><\/strong>.<\/p>\n<\/div>\n<\/div><\/div><\/div><div id=\"pgc-13992-0-1\"  class=\"panel-grid-cell\" ><div id=\"panel-13992-0-1-0\" class=\"so-panel widget widget_sow-image panel-first-child panel-last-child\" data-index=\"2\" ><div\n\t\t\t\n\t\t\tclass=\"so-widget-sow-image so-widget-sow-image-default-8b5b6f678277-13992\"\n\t\t\t\n\t\t>\n\n<div class=\"sow-image-container\">\n\t\t<img decoding=\"async\" src=\"https:\/\/www.allthingsstone.com\/ca-fr\/wp-content\/uploads\/sites\/12\/2018\/03\/TerraCraft\u00ae-Natural-Stone-Signature-Collection-2-768x413.png\" width=\"768\" height=\"413\" srcset=\"https:\/\/www.allthingsstone.com\/ca-fr\/wp-content\/uploads\/sites\/12\/2018\/03\/TerraCraft\u00ae-Natural-Stone-Signature-Collection-2-768x413.png 768w, https:\/\/www.allthingsstone.com\/ca-fr\/wp-content\/uploads\/sites\/12\/2018\/03\/TerraCraft\u00ae-Natural-Stone-Signature-Collection-2-300x162.png 300w, https:\/\/www.allthingsstone.com\/ca-fr\/wp-content\/uploads\/sites\/12\/2018\/03\/TerraCraft\u00ae-Natural-Stone-Signature-Collection-2-1024x551.png 1024w, https:\/\/www.allthingsstone.com\/ca-fr\/wp-content\/uploads\/sites\/12\/2018\/03\/TerraCraft\u00ae-Natural-Stone-Signature-Collection-2-1536x827.png 1536w, https:\/\/www.allthingsstone.com\/ca-fr\/wp-content\/uploads\/sites\/12\/2018\/03\/TerraCraft\u00ae-Natural-Stone-Signature-Collection-2.png 2048w, https:\/\/www.allthingsstone.com\/ca-fr\/wp-content\/uploads\/sites\/12\/2018\/03\/TerraCraft\u00ae-Natural-Stone-Signature-Collection-2-600x323.png 600w\" sizes=\"auto, (max-width: 768px) 100vw, 768px\" title=\"TerraCraft\u00ae Natural Stone - Signature Collection\" alt=\"TerraCraft\u00ae Natural Stone - Signature Collection\" loading=\"lazy\" \t\tclass=\"so-widget-image\"\/>\n\t<\/div>\n\n<\/div><\/div><\/div><\/div><div id=\"pg-13992-1\"  class=\"panel-grid panel-no-style\" ><div id=\"pgc-13992-1-0\"  class=\"panel-grid-cell\" ><div id=\"panel-13992-1-0-0\" class=\"so-panel widget widget_sow-image panel-first-child\" data-index=\"3\" ><div\n\t\t\t\n\t\t\tclass=\"so-widget-sow-image so-widget-sow-image-default-8b5b6f678277-13992\"\n\t\t\t\n\t\t>\n\n<div class=\"sow-image-container\">\n\t\t<img decoding=\"async\" src=\"https:\/\/www.allthingsstone.com\/ca-fr\/wp-content\/uploads\/sites\/12\/2018\/03\/TerraCraft\u00ae-Natural-Stone-Signature-Collection-Flat.png\" width=\"600\" height=\"300\" srcset=\"https:\/\/www.allthingsstone.com\/ca-fr\/wp-content\/uploads\/sites\/12\/2018\/03\/TerraCraft\u00ae-Natural-Stone-Signature-Collection-Flat.png 600w, https:\/\/www.allthingsstone.com\/ca-fr\/wp-content\/uploads\/sites\/12\/2018\/03\/TerraCraft\u00ae-Natural-Stone-Signature-Collection-Flat-300x150.png 300w\" sizes=\"auto, (max-width: 600px) 100vw, 600px\" title=\"TerraCraft\u00ae Natural Stone - Signature Collection Flat\" alt=\"TerraCraft\u00ae Natural Stone - Signature Collection Flat\" loading=\"lazy\" \t\tclass=\"so-widget-image\"\/>\n\t<\/div>\n\n<\/div><\/div><div id=\"panel-13992-1-0-1\" class=\"so-panel widget widget_sow-editor panel-last-child\" data-index=\"4\" ><div\n\t\t\t\n\t\t\tclass=\"so-widget-sow-editor so-widget-sow-editor-base\"\n\t\t\t\n\t\t>\n<div class=\"siteorigin-widget-tinymce textwidget\">\n\t<h5 style=\"text-align: center\"><span style=\"text-decoration: underline;color: #808080\">Panneau plat<\/span><\/h5>\n<\/div>\n<\/div><\/div><\/div><div id=\"pgc-13992-1-1\"  class=\"panel-grid-cell\" ><div id=\"panel-13992-1-1-0\" class=\"so-panel widget widget_sow-image panel-first-child\" data-index=\"5\" ><div\n\t\t\t\n\t\t\tclass=\"so-widget-sow-image so-widget-sow-image-default-8b5b6f678277-13992\"\n\t\t\t\n\t\t>\n\n<div class=\"sow-image-container\">\n\t\t<img decoding=\"async\" src=\"https:\/\/www.allthingsstone.com\/ca-fr\/wp-content\/uploads\/sites\/12\/2018\/03\/TerraCraft\u00ae-Natural-Stone-Classic-Collection-Corn.png\" width=\"600\" height=\"300\" srcset=\"https:\/\/www.allthingsstone.com\/ca-fr\/wp-content\/uploads\/sites\/12\/2018\/03\/TerraCraft\u00ae-Natural-Stone-Classic-Collection-Corn.png 600w, https:\/\/www.allthingsstone.com\/ca-fr\/wp-content\/uploads\/sites\/12\/2018\/03\/TerraCraft\u00ae-Natural-Stone-Classic-Collection-Corn-300x150.png 300w\" sizes=\"auto, (max-width: 600px) 100vw, 600px\" title=\"TerraCraft\u00ae Natural Stone - Signature Collection Corner\" alt=\"TerraCraft\u00ae Natural Stone - Signature Collection Corner\" loading=\"lazy\" \t\tclass=\"so-widget-image\"\/>\n\t<\/div>\n\n<\/div><\/div><div id=\"panel-13992-1-1-1\" class=\"so-panel widget widget_sow-editor panel-last-child\" data-index=\"6\" ><div\n\t\t\t\n\t\t\tclass=\"so-widget-sow-editor so-widget-sow-editor-base\"\n\t\t\t\n\t\t>\n<div class=\"siteorigin-widget-tinymce textwidget\">\n\t<h5 style=\"text-align: center\"><span style=\"text-decoration: underline;color: #808080\">Panneau de coin <em>Bord\u00e9<\/em><\/span><\/h5>\n<\/div>\n<\/div><\/div><\/div><div id=\"pgc-13992-1-2\"  class=\"panel-grid-cell\" ><div id=\"panel-13992-1-2-0\" class=\"so-panel widget widget_sow-image panel-first-child\" data-index=\"7\" ><div\n\t\t\t\n\t\t\tclass=\"so-widget-sow-image so-widget-sow-image-default-8b5b6f678277-13992\"\n\t\t\t\n\t\t>\n\n<div class=\"sow-image-container\">\n\t\t<img decoding=\"async\" src=\"https:\/\/www.allthingsstone.com\/ca-fr\/wp-content\/uploads\/sites\/12\/2018\/03\/TerraCraft\u00ae-Natural-Stone-Signature-Collection-C-F.png\" width=\"600\" height=\"300\" srcset=\"https:\/\/www.allthingsstone.com\/ca-fr\/wp-content\/uploads\/sites\/12\/2018\/03\/TerraCraft\u00ae-Natural-Stone-Signature-Collection-C-F.png 600w, https:\/\/www.allthingsstone.com\/ca-fr\/wp-content\/uploads\/sites\/12\/2018\/03\/TerraCraft\u00ae-Natural-Stone-Signature-Collection-C-F-300x150.png 300w\" sizes=\"auto, (max-width: 600px) 100vw, 600px\" title=\"TerraCraft\u00ae Natural Stone - Signature Collection Corner + Flat\" alt=\"TerraCraft\u00ae Natural Stone - Signature Collection Corner + Flat\" loading=\"lazy\" \t\tclass=\"so-widget-image\"\/>\n\t<\/div>\n\n<\/div><\/div><div id=\"panel-13992-1-2-1\" class=\"so-panel widget widget_sow-editor panel-last-child\" data-index=\"8\" ><div\n\t\t\t\n\t\t\tclass=\"so-widget-sow-editor so-widget-sow-editor-base\"\n\t\t\t\n\t\t>\n<div class=\"siteorigin-widget-tinymce textwidget\">\n\t<h5 style=\"text-align: center\"><span style=\"text-decoration: underline;color: #808080\">Application en coin<\/span><\/h5>\n<\/div>\n<\/div><\/div><\/div><\/div><\/div>","protected":false},"excerpt":{"rendered":"<p>La collection Signature Ledgestone de TerraCraft\u00ae Natural Stone offre les plus grands panneaux de pierre naturelle sur le march\u00e9. Notre collection exclusive allie l&#8217;aspect robuste &hellip; <a href=\"https:\/\/www.allthingsstone.com\/ca-fr\/product\/signature-ledgestone-collection\/\">Continued<\/a><\/p>\n","protected":false},"featured_media":14750,"comment_status":"open","ping_status":"closed","template":"","meta":{"inline_featured_image":false,"_mi_skip_tracking":false,"_exactmetrics_sitenote_active":false,"_exactmetrics_sitenote_note":"","_exactmetrics_sitenote_category":0},"product_cat":[6533],"product_tag":[6541],"class_list":["post-13992","product","type-product","status-publish","has-post-thumbnail","hentry","product_cat-placage-de-pierre-naturelle","product_tag-dimensional-series-tc"],"acf":[],"yoast_head":"<!-- This site is optimized with the Yoast SEO Premium plugin v21.6 (Yoast SEO v21.6) - https:\/\/yoast.com\/wordpress\/plugins\/seo\/ -->\n<title>Signature Ledgestone Collection - TerraCraft Natural Stone Veneer - CSI - Canadian Stone Industries FR<\/title>\n<meta name=\"robots\" content=\"index, follow, max-snippet:-1, max-image-preview:large, max-video-preview:-1\" \/>\n<link rel=\"canonical\" href=\"https:\/\/www.allthingsstone.com\/ca-fr\/product\/signature-ledgestone-collection\/\" \/>\n<meta property=\"og:locale\" content=\"en_US\" \/>\n<meta property=\"og:type\" content=\"article\" \/>\n<meta property=\"og:title\" content=\"Signature Ledgestone Collection - TerraCraft Natural Stone Veneer\" \/>\n<meta property=\"og:description\" content=\"La collection Signature Ledgestone de TerraCraft\u00ae Natural Stone offre les plus grands panneaux de pierre naturelle sur le march\u00e9. Notre collection exclusive allie l&#039;aspect robuste &hellip; Continued\" \/>\n<meta property=\"og:url\" content=\"https:\/\/www.allthingsstone.com\/ca-fr\/product\/signature-ledgestone-collection\/\" \/>\n<meta property=\"og:site_name\" content=\"CSI - Canadian Stone Industries FR\" \/>\n<meta property=\"article:modified_time\" content=\"2023-02-10T17:10:22+00:00\" \/>\n<meta property=\"og:image\" content=\"https:\/\/www.allthingsstone.com\/ca-fr\/wp-content\/uploads\/sites\/12\/2018\/03\/TerraCraft\u00ae-Natural-Stone-Signature-Collection-Panel.jpg\" \/>\n\t<meta property=\"og:image:width\" content=\"459\" \/>\n\t<meta property=\"og:image:height\" content=\"339\" \/>\n\t<meta property=\"og:image:type\" content=\"image\/jpeg\" \/>\n<meta name=\"twitter:card\" content=\"summary_large_image\" \/>\n<meta name=\"twitter:label1\" content=\"Est. reading time\" \/>\n\t<meta name=\"twitter:data1\" content=\"1 minute\" \/>\n<script type=\"application\/ld+json\" class=\"yoast-schema-graph\">{\"@context\":\"https:\/\/schema.org\",\"@graph\":[{\"@type\":\"WebPage\",\"@id\":\"https:\/\/www.allthingsstone.com\/ca-fr\/product\/signature-ledgestone-collection\/\",\"url\":\"https:\/\/www.allthingsstone.com\/ca-fr\/product\/signature-ledgestone-collection\/\",\"name\":\"Signature Ledgestone Collection - TerraCraft Natural Stone Veneer - CSI - Canadian Stone Industries FR\",\"isPartOf\":{\"@id\":\"https:\/\/www.allthingsstone.com\/ca-fr\/#website\"},\"datePublished\":\"2018-03-23T15:11:35+00:00\",\"dateModified\":\"2023-02-10T17:10:22+00:00\",\"breadcrumb\":{\"@id\":\"https:\/\/www.allthingsstone.com\/ca-fr\/product\/signature-ledgestone-collection\/#breadcrumb\"},\"inLanguage\":\"en-CA\",\"potentialAction\":[{\"@type\":\"ReadAction\",\"target\":[\"https:\/\/www.allthingsstone.com\/ca-fr\/product\/signature-ledgestone-collection\/\"]}]},{\"@type\":\"BreadcrumbList\",\"@id\":\"https:\/\/www.allthingsstone.com\/ca-fr\/product\/signature-ledgestone-collection\/#breadcrumb\",\"itemListElement\":[{\"@type\":\"ListItem\",\"position\":1,\"name\":\"Home\",\"item\":\"https:\/\/www.allthingsstone.com\/ca-fr\/\"},{\"@type\":\"ListItem\",\"position\":2,\"name\":\"Signature Ledgestone Collection &#8211; TerraCraft Natural Stone Veneer\"}]},{\"@type\":\"WebSite\",\"@id\":\"https:\/\/www.allthingsstone.com\/ca-fr\/#website\",\"url\":\"https:\/\/www.allthingsstone.com\/ca-fr\/\",\"name\":\"CSI - Canadian Stone Industries FR\",\"description\":\"\",\"potentialAction\":[{\"@type\":\"SearchAction\",\"target\":{\"@type\":\"EntryPoint\",\"urlTemplate\":\"https:\/\/www.allthingsstone.com\/ca-fr\/?s={search_term_string}\"},\"query-input\":\"required name=search_term_string\"}],\"inLanguage\":\"en-CA\"}]}<\/script>\n<!-- \/ Yoast SEO Premium plugin. -->","yoast_head_json":{"title":"Signature Ledgestone Collection - TerraCraft Natural Stone Veneer - CSI - Canadian Stone Industries FR","robots":{"index":"index","follow":"follow","max-snippet":"max-snippet:-1","max-image-preview":"max-image-preview:large","max-video-preview":"max-video-preview:-1"},"canonical":"https:\/\/www.allthingsstone.com\/ca-fr\/product\/signature-ledgestone-collection\/","og_locale":"en_US","og_type":"article","og_title":"Signature Ledgestone Collection - TerraCraft Natural Stone Veneer","og_description":"La collection Signature Ledgestone de TerraCraft\u00ae Natural Stone offre les plus grands panneaux de pierre naturelle sur le march\u00e9. Notre collection exclusive allie l'aspect robuste &hellip; Continued","og_url":"https:\/\/www.allthingsstone.com\/ca-fr\/product\/signature-ledgestone-collection\/","og_site_name":"CSI - Canadian Stone Industries FR","article_modified_time":"2023-02-10T17:10:22+00:00","og_image":[{"width":459,"height":339,"url":"https:\/\/www.allthingsstone.com\/ca-fr\/wp-content\/uploads\/sites\/12\/2018\/03\/TerraCraft\u00ae-Natural-Stone-Signature-Collection-Panel.jpg","type":"image\/jpeg"}],"twitter_card":"summary_large_image","twitter_misc":{"Est. reading time":"1 minute"},"schema":{"@context":"https:\/\/schema.org","@graph":[{"@type":"WebPage","@id":"https:\/\/www.allthingsstone.com\/ca-fr\/product\/signature-ledgestone-collection\/","url":"https:\/\/www.allthingsstone.com\/ca-fr\/product\/signature-ledgestone-collection\/","name":"Signature Ledgestone Collection - TerraCraft Natural Stone Veneer - CSI - Canadian Stone Industries FR","isPartOf":{"@id":"https:\/\/www.allthingsstone.com\/ca-fr\/#website"},"datePublished":"2018-03-23T15:11:35+00:00","dateModified":"2023-02-10T17:10:22+00:00","breadcrumb":{"@id":"https:\/\/www.allthingsstone.com\/ca-fr\/product\/signature-ledgestone-collection\/#breadcrumb"},"inLanguage":"en-CA","potentialAction":[{"@type":"ReadAction","target":["https:\/\/www.allthingsstone.com\/ca-fr\/product\/signature-ledgestone-collection\/"]}]},{"@type":"BreadcrumbList","@id":"https:\/\/www.allthingsstone.com\/ca-fr\/product\/signature-ledgestone-collection\/#breadcrumb","itemListElement":[{"@type":"ListItem","position":1,"name":"Home","item":"https:\/\/www.allthingsstone.com\/ca-fr\/"},{"@type":"ListItem","position":2,"name":"Signature Ledgestone Collection &#8211; TerraCraft Natural Stone Veneer"}]},{"@type":"WebSite","@id":"https:\/\/www.allthingsstone.com\/ca-fr\/#website","url":"https:\/\/www.allthingsstone.com\/ca-fr\/","name":"CSI - Canadian Stone Industries FR","description":"","potentialAction":[{"@type":"SearchAction","target":{"@type":"EntryPoint","urlTemplate":"https:\/\/www.allthingsstone.com\/ca-fr\/?s={search_term_string}"},"query-input":"required name=search_term_string"}],"inLanguage":"en-CA"}]}},"_links":{"self":[{"href":"https:\/\/www.allthingsstone.com\/ca-fr\/wp-json\/wp\/v2\/product\/13992","targetHints":{"allow":["GET"]}}],"collection":[{"href":"https:\/\/www.allthingsstone.com\/ca-fr\/wp-json\/wp\/v2\/product"}],"about":[{"href":"https:\/\/www.allthingsstone.com\/ca-fr\/wp-json\/wp\/v2\/types\/product"}],"replies":[{"embeddable":true,"href":"https:\/\/www.allthingsstone.com\/ca-fr\/wp-json\/wp\/v2\/comments?post=13992"}],"wp:featuredmedia":[{"embeddable":true,"href":"https:\/\/www.allthingsstone.com\/ca-fr\/wp-json\/wp\/v2\/media\/14750"}],"wp:attachment":[{"href":"https:\/\/www.allthingsstone.com\/ca-fr\/wp-json\/wp\/v2\/media?parent=13992"}],"wp:term":[{"taxonomy":"product_cat","embeddable":true,"href":"https:\/\/www.allthingsstone.com\/ca-fr\/wp-json\/wp\/v2\/product_cat?post=13992"},{"taxonomy":"product_tag","embeddable":true,"href":"https:\/\/www.allthingsstone.com\/ca-fr\/wp-json\/wp\/v2\/product_tag?post=13992"}],"curies":[{"name":"wp","href":"https:\/\/api.w.org\/{rel}","templated":true}]}}