{"id":13991,"date":"2018-03-23T11:14:39","date_gmt":"2018-03-23T15:14:39","guid":{"rendered":"http:\/\/www.allthingsstone.com\/ca-fr\/product\/designer-ledgestone-collection\/"},"modified":"2024-08-21T18:50:34","modified_gmt":"2024-08-21T22:50:34","slug":"designer-ledgestone-collection","status":"publish","type":"product","link":"https:\/\/www.allthingsstone.com\/ca-fr\/product\/designer-ledgestone-collection\/","title":{"rendered":"Designer Ledgestone Collection &#8211; TerraCraft Natural Stone Veneer"},"content":{"rendered":"<div id=\"pl-13991\"  class=\"panel-layout\" ><div id=\"pg-13991-0\"  class=\"panel-grid panel-no-style\" ><div id=\"pgc-13991-0-0\"  class=\"panel-grid-cell\" ><div id=\"panel-13991-0-0-0\" class=\"so-panel widget widget_sow-editor panel-first-child\" data-index=\"0\" ><div\n\t\t\t\n\t\t\tclass=\"so-widget-sow-editor so-widget-sow-editor-base\"\n\t\t\t\n\t\t>\n<div class=\"siteorigin-widget-tinymce textwidget\">\n\t<p>La collection Designer Ledgestone de TerraCraft<sup>\u00ae<\/sup>\u00a0Natural Stone Veneer pr\u00e9sente une variante nouvelle \u00e0 la palette de couleurs traditionnelles des panneaux de pierre. Cette collection offre des tons tendance vous permettant d'\u00e9lever vos possibilit\u00e9s en mati\u00e8re de conception architecturale et d'amener n'importe quel projet \u00e0 de nouveaux sommets.<\/p>\n<\/div>\n<\/div><\/div><div id=\"panel-13991-0-0-1\" class=\"so-panel widget widget_sow-editor panel-last-child\" data-index=\"1\" ><div\n\t\t\t\n\t\t\tclass=\"so-widget-sow-editor so-widget-sow-editor-base\"\n\t\t\t\n\t\t>\n<div class=\"siteorigin-widget-tinymce textwidget\">\n\t<p>Pour trouver un d\u00e9taillant Designer Ledgestone de TerraCraft<sup>\u00ae<\/sup>\u00a0Natural Stone Veneer dans votre r\u00e9gion cliquez sur<strong>\u00a0<a href=\"http:\/\/www.allthingsstone.com\/ca-fr\/ou-acheter\/\">O\u00f9 acheter<\/a><\/strong>.<\/p>\n<\/div>\n<\/div><\/div><\/div><div id=\"pgc-13991-0-1\"  class=\"panel-grid-cell\" ><div id=\"panel-13991-0-1-0\" class=\"so-panel widget widget_sow-image panel-first-child panel-last-child\" data-index=\"2\" ><div\n\t\t\t\n\t\t\tclass=\"so-widget-sow-image so-widget-sow-image-default-8b5b6f678277-13991\"\n\t\t\t\n\t\t>\n\n<div class=\"sow-image-container\">\n\t\t<img decoding=\"async\" src=\"https:\/\/www.allthingsstone.com\/ca-fr\/wp-content\/uploads\/sites\/12\/2018\/03\/TerraCraft\u00ae-Natural-Stone-Classic-Collection-1.png\" width=\"2048\" height=\"661\" srcset=\"https:\/\/www.allthingsstone.com\/ca-fr\/wp-content\/uploads\/sites\/12\/2018\/03\/TerraCraft\u00ae-Natural-Stone-Classic-Collection-1.png 2048w, https:\/\/www.allthingsstone.com\/ca-fr\/wp-content\/uploads\/sites\/12\/2018\/03\/TerraCraft\u00ae-Natural-Stone-Classic-Collection-1-300x97.png 300w, https:\/\/www.allthingsstone.com\/ca-fr\/wp-content\/uploads\/sites\/12\/2018\/03\/TerraCraft\u00ae-Natural-Stone-Classic-Collection-1-1024x331.png 1024w, https:\/\/www.allthingsstone.com\/ca-fr\/wp-content\/uploads\/sites\/12\/2018\/03\/TerraCraft\u00ae-Natural-Stone-Classic-Collection-1-768x248.png 768w, https:\/\/www.allthingsstone.com\/ca-fr\/wp-content\/uploads\/sites\/12\/2018\/03\/TerraCraft\u00ae-Natural-Stone-Classic-Collection-1-1536x496.png 1536w, https:\/\/www.allthingsstone.com\/ca-fr\/wp-content\/uploads\/sites\/12\/2018\/03\/TerraCraft\u00ae-Natural-Stone-Classic-Collection-1-600x194.png 600w\" sizes=\"auto, (max-width: 2048px) 100vw, 2048px\" title=\"TerraCraft\u00ae Natural Stone - Classic Collection\" alt=\"TerraCraft\u00ae Natural Stone - Classic Collection\" loading=\"lazy\" \t\tclass=\"so-widget-image\"\/>\n\t<\/div>\n\n<\/div><\/div><\/div><\/div><div id=\"pg-13991-1\"  class=\"panel-grid panel-no-style\" ><div id=\"pgc-13991-1-0\"  class=\"panel-grid-cell\" ><div id=\"panel-13991-1-0-0\" class=\"so-panel widget widget_sow-image panel-first-child\" data-index=\"3\" ><div\n\t\t\t\n\t\t\tclass=\"so-widget-sow-image so-widget-sow-image-default-8b5b6f678277-13991\"\n\t\t\t\n\t\t>\n\n<div class=\"sow-image-container\">\n\t\t<img decoding=\"async\" src=\"https:\/\/www.allthingsstone.com\/ca-fr\/wp-content\/uploads\/sites\/12\/2018\/03\/Crystal-Shores-Flat.png\" width=\"600\" height=\"300\" srcset=\"https:\/\/www.allthingsstone.com\/ca-fr\/wp-content\/uploads\/sites\/12\/2018\/03\/Crystal-Shores-Flat.png 600w, https:\/\/www.allthingsstone.com\/ca-fr\/wp-content\/uploads\/sites\/12\/2018\/03\/Crystal-Shores-Flat-300x150.png 300w\" sizes=\"auto, (max-width: 600px) 100vw, 600px\" title=\"TerraCraft\u00ae Natural Stone - Designer Collection, Crystal Shores Flat Panel\" alt=\"TerraCraft\u00ae Natural Stone - Designer Collection, Crystal Shores Flat Panel\" loading=\"lazy\" \t\tclass=\"so-widget-image\"\/>\n\t<\/div>\n\n<\/div><\/div><div id=\"panel-13991-1-0-1\" class=\"so-panel widget widget_sow-editor panel-last-child\" data-index=\"4\" ><div\n\t\t\t\n\t\t\tclass=\"so-widget-sow-editor so-widget-sow-editor-base\"\n\t\t\t\n\t\t>\n<div class=\"siteorigin-widget-tinymce textwidget\">\n\t<h5 style=\"text-align: center\"><span style=\"text-decoration: underline;color: #808080\">Panneau plat<\/span><\/h5>\n<\/div>\n<\/div><\/div><\/div><div id=\"pgc-13991-1-1\"  class=\"panel-grid-cell\" ><div id=\"panel-13991-1-1-0\" class=\"so-panel widget widget_sow-image panel-first-child\" data-index=\"5\" ><div\n\t\t\t\n\t\t\tclass=\"so-widget-sow-image so-widget-sow-image-default-8b5b6f678277-13991\"\n\t\t\t\n\t\t>\n\n<div class=\"sow-image-container\">\n\t\t<img decoding=\"async\" src=\"https:\/\/www.allthingsstone.com\/ca-fr\/wp-content\/uploads\/sites\/12\/2018\/03\/Crystal-Shores-Corner.png\" width=\"600\" height=\"300\" srcset=\"https:\/\/www.allthingsstone.com\/ca-fr\/wp-content\/uploads\/sites\/12\/2018\/03\/Crystal-Shores-Corner.png 600w, https:\/\/www.allthingsstone.com\/ca-fr\/wp-content\/uploads\/sites\/12\/2018\/03\/Crystal-Shores-Corner-300x150.png 300w\" sizes=\"auto, (max-width: 600px) 100vw, 600px\" title=\"TerraCraft\u00ae Natural Stone - Designer Collection, Crystal Shores Corner Panel\" alt=\"TerraCraft\u00ae Natural Stone - Designer Collection, Crystal Shores Corner Panel\" loading=\"lazy\" \t\tclass=\"so-widget-image\"\/>\n\t<\/div>\n\n<\/div><\/div><div id=\"panel-13991-1-1-1\" class=\"so-panel widget widget_sow-editor panel-last-child\" data-index=\"6\" ><div\n\t\t\t\n\t\t\tclass=\"so-widget-sow-editor so-widget-sow-editor-base\"\n\t\t\t\n\t\t>\n<div class=\"siteorigin-widget-tinymce textwidget\">\n\t<h5 style=\"text-align: center\"><span style=\"text-decoration: underline;color: #808080\">Panneau de coin <em>Format Z<\/em><\/span><\/h5>\n<\/div>\n<\/div><\/div><\/div><div id=\"pgc-13991-1-2\"  class=\"panel-grid-cell\" ><div id=\"panel-13991-1-2-0\" class=\"so-panel widget widget_sow-image panel-first-child\" data-index=\"7\" ><div\n\t\t\t\n\t\t\tclass=\"so-widget-sow-image so-widget-sow-image-default-8b5b6f678277-13991\"\n\t\t\t\n\t\t>\n\n<div class=\"sow-image-container\">\n\t\t<img decoding=\"async\" src=\"https:\/\/www.allthingsstone.com\/ca-fr\/wp-content\/uploads\/sites\/12\/2018\/03\/Crystal-Shores-Corner-Apart.png\" width=\"600\" height=\"300\" srcset=\"https:\/\/www.allthingsstone.com\/ca-fr\/wp-content\/uploads\/sites\/12\/2018\/03\/Crystal-Shores-Corner-Apart.png 600w, https:\/\/www.allthingsstone.com\/ca-fr\/wp-content\/uploads\/sites\/12\/2018\/03\/Crystal-Shores-Corner-Apart-300x150.png 300w\" sizes=\"auto, (max-width: 600px) 100vw, 600px\" title=\"TerraCraft\u00ae Natural Stone - Designer Collection, Crystal Shores Corner Apart\" alt=\"TerraCraft\u00ae Natural Stone - Designer Collection, Crystal Shores Corner Apart\" loading=\"lazy\" \t\tclass=\"so-widget-image\"\/>\n\t<\/div>\n\n<\/div><\/div><div id=\"panel-13991-1-2-1\" class=\"so-panel widget widget_sow-editor panel-last-child\" data-index=\"8\" ><div\n\t\t\t\n\t\t\tclass=\"so-widget-sow-editor so-widget-sow-editor-base\"\n\t\t\t\n\t\t>\n<div class=\"siteorigin-widget-tinymce textwidget\">\n\t<h5 style=\"text-align: center\"><span style=\"text-decoration: underline;color: #808080\">Application en coin<\/span><\/h5>\n<\/div>\n<\/div><\/div><\/div><\/div><div id=\"pg-13991-2\"  class=\"panel-grid panel-no-style\" ><div id=\"pgc-13991-2-0\"  class=\"panel-grid-cell\" ><div id=\"panel-13991-2-0-0\" class=\"so-panel widget widget_sow-image panel-first-child\" data-index=\"9\" ><div\n\t\t\t\n\t\t\tclass=\"so-widget-sow-image so-widget-sow-image-default-8b5b6f678277-13991\"\n\t\t\t\n\t\t>\n\n<div class=\"sow-image-container\">\n\t\t<img decoding=\"async\" src=\"https:\/\/www.allthingsstone.com\/ca-fr\/wp-content\/uploads\/sites\/12\/2018\/03\/Shoreline-Flat.png\" width=\"600\" height=\"300\" srcset=\"https:\/\/www.allthingsstone.com\/ca-fr\/wp-content\/uploads\/sites\/12\/2018\/03\/Shoreline-Flat.png 600w, https:\/\/www.allthingsstone.com\/ca-fr\/wp-content\/uploads\/sites\/12\/2018\/03\/Shoreline-Flat-300x150.png 300w\" sizes=\"auto, (max-width: 600px) 100vw, 600px\" title=\"TerraCraft\u00ae Natural Stone - Designer Collection, Shoreline Flat Panel\" alt=\"TerraCraft\u00ae Natural Stone - Designer Collection, Shoreline Flat Panel\" loading=\"lazy\" \t\tclass=\"so-widget-image\"\/>\n\t<\/div>\n\n<\/div><\/div><div id=\"panel-13991-2-0-1\" class=\"so-panel widget widget_sow-editor panel-last-child\" data-index=\"10\" ><div\n\t\t\t\n\t\t\tclass=\"so-widget-sow-editor so-widget-sow-editor-base\"\n\t\t\t\n\t\t>\n<div class=\"siteorigin-widget-tinymce textwidget\">\n\t<h5 style=\"text-align: center\"><span style=\"text-decoration: underline;color: #808080\">Panneau plat<\/span><\/h5>\n<\/div>\n<\/div><\/div><\/div><div id=\"pgc-13991-2-1\"  class=\"panel-grid-cell\" ><div id=\"panel-13991-2-1-0\" class=\"so-panel widget widget_sow-image panel-first-child\" data-index=\"11\" ><div\n\t\t\t\n\t\t\tclass=\"so-widget-sow-image so-widget-sow-image-default-8b5b6f678277-13991\"\n\t\t\t\n\t\t>\n\n<div class=\"sow-image-container\">\n\t\t<img decoding=\"async\" src=\"https:\/\/www.allthingsstone.com\/ca-fr\/wp-content\/uploads\/sites\/12\/2018\/03\/Shoreline-Corner.png\" width=\"600\" height=\"300\" srcset=\"https:\/\/www.allthingsstone.com\/ca-fr\/wp-content\/uploads\/sites\/12\/2018\/03\/Shoreline-Corner.png 600w, https:\/\/www.allthingsstone.com\/ca-fr\/wp-content\/uploads\/sites\/12\/2018\/03\/Shoreline-Corner-300x150.png 300w\" sizes=\"auto, (max-width: 600px) 100vw, 600px\" title=\"TerraCraft\u00ae Natural Stone - Designer Collection, Shoreline Corner Panel\" alt=\"TerraCraft\u00ae Natural Stone - Designer Collection, Shoreline Corner Panel\" loading=\"lazy\" \t\tclass=\"so-widget-image\"\/>\n\t<\/div>\n\n<\/div><\/div><div id=\"panel-13991-2-1-1\" class=\"so-panel widget widget_sow-editor panel-last-child\" data-index=\"12\" ><div\n\t\t\t\n\t\t\tclass=\"so-widget-sow-editor so-widget-sow-editor-base\"\n\t\t\t\n\t\t>\n<div class=\"siteorigin-widget-tinymce textwidget\">\n\t<h5 style=\"text-align: center\"><span style=\"text-decoration: underline;color: #808080\">Panneau de coin <em>Bord\u00e9<\/em><\/span><\/h5>\n<\/div>\n<\/div><\/div><\/div><div id=\"pgc-13991-2-2\"  class=\"panel-grid-cell\" ><div id=\"panel-13991-2-2-0\" class=\"so-panel widget widget_sow-image panel-first-child\" data-index=\"13\" ><div\n\t\t\t\n\t\t\tclass=\"so-widget-sow-image so-widget-sow-image-default-8b5b6f678277-13991\"\n\t\t\t\n\t\t>\n\n<div class=\"sow-image-container\">\n\t\t<img decoding=\"async\" src=\"https:\/\/www.allthingsstone.com\/ca-fr\/wp-content\/uploads\/sites\/12\/2018\/03\/Shoreline-Corner-Apart.png\" width=\"600\" height=\"300\" srcset=\"https:\/\/www.allthingsstone.com\/ca-fr\/wp-content\/uploads\/sites\/12\/2018\/03\/Shoreline-Corner-Apart.png 600w, https:\/\/www.allthingsstone.com\/ca-fr\/wp-content\/uploads\/sites\/12\/2018\/03\/Shoreline-Corner-Apart-300x150.png 300w\" sizes=\"auto, (max-width: 600px) 100vw, 600px\" title=\"TerraCraft\u00ae Natural Stone - Designer Collection, Shoreline Corner Apart\" alt=\"TerraCraft\u00ae Natural Stone - Designer Collection, Shoreline Corner Apart\" loading=\"lazy\" \t\tclass=\"so-widget-image\"\/>\n\t<\/div>\n\n<\/div><\/div><div id=\"panel-13991-2-2-1\" class=\"so-panel widget widget_sow-editor panel-last-child\" data-index=\"14\" ><div\n\t\t\t\n\t\t\tclass=\"so-widget-sow-editor so-widget-sow-editor-base\"\n\t\t\t\n\t\t>\n<div class=\"siteorigin-widget-tinymce textwidget\">\n\t<h5 style=\"text-align: center\"><span style=\"text-decoration: underline;color: #808080\">Application en coin<\/span><\/h5>\n<\/div>\n<\/div><\/div><\/div><\/div><\/div>","protected":false},"excerpt":{"rendered":"<p>La collection Designer Ledgestone de TerraCraft\u00ae\u00a0Natural Stone Veneer pr\u00e9sente une variante nouvelle \u00e0 la palette de couleurs traditionnelles des panneaux de pierre. Cette collection offre &hellip; <a href=\"https:\/\/www.allthingsstone.com\/ca-fr\/product\/designer-ledgestone-collection\/\">Continued<\/a><\/p>\n","protected":false},"featured_media":18282,"comment_status":"open","ping_status":"closed","template":"","meta":{"inline_featured_image":false,"_mi_skip_tracking":false,"_exactmetrics_sitenote_active":false,"_exactmetrics_sitenote_note":"","_exactmetrics_sitenote_category":0},"product_cat":[6533],"product_tag":[6541],"class_list":["post-13991","product","type-product","status-publish","has-post-thumbnail","hentry","product_cat-placage-de-pierre-naturelle","product_tag-dimensional-series-tc","brands-terracraft-natural-stone","single_resource-terracraft-natural-stone-veneer"],"acf":[],"yoast_head":"<!-- This site is optimized with the Yoast SEO Premium plugin v21.6 (Yoast SEO v21.6) - https:\/\/yoast.com\/wordpress\/plugins\/seo\/ -->\n<title>Designer Ledgestone Collection - TerraCraft Natural Stone Veneer - CSI - Canadian Stone Industries FR<\/title>\n<meta name=\"robots\" content=\"index, follow, max-snippet:-1, max-image-preview:large, max-video-preview:-1\" \/>\n<link rel=\"canonical\" href=\"https:\/\/www.allthingsstone.com\/ca-fr\/product\/designer-ledgestone-collection\/\" \/>\n<meta property=\"og:locale\" content=\"en_US\" \/>\n<meta property=\"og:type\" content=\"article\" \/>\n<meta property=\"og:title\" content=\"Designer Ledgestone Collection - TerraCraft Natural Stone Veneer\" \/>\n<meta property=\"og:description\" content=\"La collection Designer Ledgestone de TerraCraft\u00ae\u00a0Natural Stone Veneer pr\u00e9sente une variante nouvelle \u00e0 la palette de couleurs traditionnelles des panneaux de pierre. Cette collection offre &hellip; Continued\" \/>\n<meta property=\"og:url\" content=\"https:\/\/www.allthingsstone.com\/ca-fr\/product\/designer-ledgestone-collection\/\" \/>\n<meta property=\"og:site_name\" content=\"CSI - Canadian Stone Industries FR\" \/>\n<meta property=\"article:modified_time\" content=\"2024-08-21T22:50:34+00:00\" \/>\n<meta property=\"og:image\" content=\"https:\/\/www.allthingsstone.com\/ca-fr\/wp-content\/uploads\/sites\/12\/2023\/01\/TerraCraft\u00ae-Natural-Stone-Veneer-Designer-Collection-Panel-Series.jpg\" \/>\n\t<meta property=\"og:image:width\" content=\"459\" \/>\n\t<meta property=\"og:image:height\" content=\"339\" \/>\n\t<meta property=\"og:image:type\" content=\"image\/jpeg\" \/>\n<meta name=\"twitter:card\" content=\"summary_large_image\" \/>\n<meta name=\"twitter:label1\" content=\"Est. reading time\" \/>\n\t<meta name=\"twitter:data1\" content=\"1 minute\" \/>\n<script type=\"application\/ld+json\" class=\"yoast-schema-graph\">{\"@context\":\"https:\/\/schema.org\",\"@graph\":[{\"@type\":\"WebPage\",\"@id\":\"https:\/\/www.allthingsstone.com\/ca-fr\/product\/designer-ledgestone-collection\/\",\"url\":\"https:\/\/www.allthingsstone.com\/ca-fr\/product\/designer-ledgestone-collection\/\",\"name\":\"Designer Ledgestone Collection - TerraCraft Natural Stone Veneer - CSI - Canadian Stone Industries FR\",\"isPartOf\":{\"@id\":\"https:\/\/www.allthingsstone.com\/ca-fr\/#website\"},\"datePublished\":\"2018-03-23T15:14:39+00:00\",\"dateModified\":\"2024-08-21T22:50:34+00:00\",\"breadcrumb\":{\"@id\":\"https:\/\/www.allthingsstone.com\/ca-fr\/product\/designer-ledgestone-collection\/#breadcrumb\"},\"inLanguage\":\"en-CA\",\"potentialAction\":[{\"@type\":\"ReadAction\",\"target\":[\"https:\/\/www.allthingsstone.com\/ca-fr\/product\/designer-ledgestone-collection\/\"]}]},{\"@type\":\"BreadcrumbList\",\"@id\":\"https:\/\/www.allthingsstone.com\/ca-fr\/product\/designer-ledgestone-collection\/#breadcrumb\",\"itemListElement\":[{\"@type\":\"ListItem\",\"position\":1,\"name\":\"Home\",\"item\":\"https:\/\/www.allthingsstone.com\/ca-fr\/\"},{\"@type\":\"ListItem\",\"position\":2,\"name\":\"Designer Ledgestone Collection &#8211; TerraCraft Natural Stone Veneer\"}]},{\"@type\":\"WebSite\",\"@id\":\"https:\/\/www.allthingsstone.com\/ca-fr\/#website\",\"url\":\"https:\/\/www.allthingsstone.com\/ca-fr\/\",\"name\":\"CSI - Canadian Stone Industries FR\",\"description\":\"\",\"potentialAction\":[{\"@type\":\"SearchAction\",\"target\":{\"@type\":\"EntryPoint\",\"urlTemplate\":\"https:\/\/www.allthingsstone.com\/ca-fr\/?s={search_term_string}\"},\"query-input\":\"required name=search_term_string\"}],\"inLanguage\":\"en-CA\"}]}<\/script>\n<!-- \/ Yoast SEO Premium plugin. -->","yoast_head_json":{"title":"Designer Ledgestone Collection - TerraCraft Natural Stone Veneer - CSI - Canadian Stone Industries FR","robots":{"index":"index","follow":"follow","max-snippet":"max-snippet:-1","max-image-preview":"max-image-preview:large","max-video-preview":"max-video-preview:-1"},"canonical":"https:\/\/www.allthingsstone.com\/ca-fr\/product\/designer-ledgestone-collection\/","og_locale":"en_US","og_type":"article","og_title":"Designer Ledgestone Collection - TerraCraft Natural Stone Veneer","og_description":"La collection Designer Ledgestone de TerraCraft\u00ae\u00a0Natural Stone Veneer pr\u00e9sente une variante nouvelle \u00e0 la palette de couleurs traditionnelles des panneaux de pierre. Cette collection offre &hellip; Continued","og_url":"https:\/\/www.allthingsstone.com\/ca-fr\/product\/designer-ledgestone-collection\/","og_site_name":"CSI - Canadian Stone Industries FR","article_modified_time":"2024-08-21T22:50:34+00:00","og_image":[{"width":459,"height":339,"url":"https:\/\/www.allthingsstone.com\/ca-fr\/wp-content\/uploads\/sites\/12\/2023\/01\/TerraCraft\u00ae-Natural-Stone-Veneer-Designer-Collection-Panel-Series.jpg","type":"image\/jpeg"}],"twitter_card":"summary_large_image","twitter_misc":{"Est. reading time":"1 minute"},"schema":{"@context":"https:\/\/schema.org","@graph":[{"@type":"WebPage","@id":"https:\/\/www.allthingsstone.com\/ca-fr\/product\/designer-ledgestone-collection\/","url":"https:\/\/www.allthingsstone.com\/ca-fr\/product\/designer-ledgestone-collection\/","name":"Designer Ledgestone Collection - TerraCraft Natural Stone Veneer - CSI - Canadian Stone Industries FR","isPartOf":{"@id":"https:\/\/www.allthingsstone.com\/ca-fr\/#website"},"datePublished":"2018-03-23T15:14:39+00:00","dateModified":"2024-08-21T22:50:34+00:00","breadcrumb":{"@id":"https:\/\/www.allthingsstone.com\/ca-fr\/product\/designer-ledgestone-collection\/#breadcrumb"},"inLanguage":"en-CA","potentialAction":[{"@type":"ReadAction","target":["https:\/\/www.allthingsstone.com\/ca-fr\/product\/designer-ledgestone-collection\/"]}]},{"@type":"BreadcrumbList","@id":"https:\/\/www.allthingsstone.com\/ca-fr\/product\/designer-ledgestone-collection\/#breadcrumb","itemListElement":[{"@type":"ListItem","position":1,"name":"Home","item":"https:\/\/www.allthingsstone.com\/ca-fr\/"},{"@type":"ListItem","position":2,"name":"Designer Ledgestone Collection &#8211; TerraCraft Natural Stone Veneer"}]},{"@type":"WebSite","@id":"https:\/\/www.allthingsstone.com\/ca-fr\/#website","url":"https:\/\/www.allthingsstone.com\/ca-fr\/","name":"CSI - Canadian Stone Industries FR","description":"","potentialAction":[{"@type":"SearchAction","target":{"@type":"EntryPoint","urlTemplate":"https:\/\/www.allthingsstone.com\/ca-fr\/?s={search_term_string}"},"query-input":"required name=search_term_string"}],"inLanguage":"en-CA"}]}},"_links":{"self":[{"href":"https:\/\/www.allthingsstone.com\/ca-fr\/wp-json\/wp\/v2\/product\/13991","targetHints":{"allow":["GET"]}}],"collection":[{"href":"https:\/\/www.allthingsstone.com\/ca-fr\/wp-json\/wp\/v2\/product"}],"about":[{"href":"https:\/\/www.allthingsstone.com\/ca-fr\/wp-json\/wp\/v2\/types\/product"}],"replies":[{"embeddable":true,"href":"https:\/\/www.allthingsstone.com\/ca-fr\/wp-json\/wp\/v2\/comments?post=13991"}],"wp:featuredmedia":[{"embeddable":true,"href":"https:\/\/www.allthingsstone.com\/ca-fr\/wp-json\/wp\/v2\/media\/18282"}],"wp:attachment":[{"href":"https:\/\/www.allthingsstone.com\/ca-fr\/wp-json\/wp\/v2\/media?parent=13991"}],"wp:term":[{"taxonomy":"product_cat","embeddable":true,"href":"https:\/\/www.allthingsstone.com\/ca-fr\/wp-json\/wp\/v2\/product_cat?post=13991"},{"taxonomy":"product_tag","embeddable":true,"href":"https:\/\/www.allthingsstone.com\/ca-fr\/wp-json\/wp\/v2\/product_tag?post=13991"}],"curies":[{"name":"wp","href":"https:\/\/api.w.org\/{rel}","templated":true}]}}