{"id":13990,"date":"2018-03-23T11:15:26","date_gmt":"2018-03-23T15:15:26","guid":{"rendered":"http:\/\/www.allthingsstone.com\/ca-fr\/product\/classic-ledgestone-collection\/"},"modified":"2022-04-28T17:47:52","modified_gmt":"2022-04-28T21:47:52","slug":"classic-ledgestone-collection","status":"publish","type":"product","link":"https:\/\/www.allthingsstone.com\/ca-fr\/product\/classic-ledgestone-collection\/","title":{"rendered":"Classic Ledgestone Collection &#8211; TerraCraft Natural Stone Veneer"},"content":{"rendered":"<div id=\"pl-13990\"  class=\"panel-layout\" ><div id=\"pg-13990-0\"  class=\"panel-grid panel-no-style\" ><div id=\"pgc-13990-0-0\"  class=\"panel-grid-cell\" ><div id=\"panel-13990-0-0-0\" class=\"so-panel widget widget_sow-editor panel-first-child\" data-index=\"0\" ><div\n\t\t\t\n\t\t\tclass=\"so-widget-sow-editor so-widget-sow-editor-base\"\n\t\t\t\n\t\t>\n<div class=\"siteorigin-widget-tinymce textwidget\">\n\t<p>La collection Classic Ledgestone de TerraCraft<sup>\u00ae<\/sup>\u00a0Natural Stone Veneer r\u00e9siste \u00e0 l'\u00e9preuve du temps. Avec sa large gamme d'applications, cette collection servira de base pour votre prochain projet.<\/p>\n<\/div>\n<\/div><\/div><div id=\"panel-13990-0-0-1\" class=\"so-panel widget widget_sow-editor panel-last-child\" data-index=\"1\" ><div\n\t\t\t\n\t\t\tclass=\"so-widget-sow-editor so-widget-sow-editor-base\"\n\t\t\t\n\t\t>\n<div class=\"siteorigin-widget-tinymce textwidget\">\n\t<p>Pour trouver un d\u00e9taillant Classic Ledgestone de TerraCraft<sup>\u00ae<\/sup>\u00a0Natural Stone Veneer dans votre r\u00e9gion cliquez sur<strong>\u00a0<a href=\"http:\/\/www.allthingsstone.com\/ca-fr\/ou-acheter\/\">O\u00f9 acheter<\/a><\/strong>.<\/p>\n<\/div>\n<\/div><\/div><\/div><div id=\"pgc-13990-0-1\"  class=\"panel-grid-cell\" ><div id=\"panel-13990-0-1-0\" class=\"so-panel widget widget_sow-image panel-first-child panel-last-child\" data-index=\"2\" ><div\n\t\t\t\n\t\t\tclass=\"so-widget-sow-image so-widget-sow-image-default-8b5b6f678277-13990\"\n\t\t\t\n\t\t>\n\n<div class=\"sow-image-container\">\n\t\t<img decoding=\"async\" src=\"https:\/\/www.allthingsstone.com\/ca-fr\/wp-content\/uploads\/sites\/12\/2018\/03\/TerraCraft\u00ae-Natural-Stone-Classic-Collection.png\" width=\"1861\" height=\"689\" srcset=\"https:\/\/www.allthingsstone.com\/ca-fr\/wp-content\/uploads\/sites\/12\/2018\/03\/TerraCraft\u00ae-Natural-Stone-Classic-Collection.png 1861w, https:\/\/www.allthingsstone.com\/ca-fr\/wp-content\/uploads\/sites\/12\/2018\/03\/TerraCraft\u00ae-Natural-Stone-Classic-Collection-300x111.png 300w, https:\/\/www.allthingsstone.com\/ca-fr\/wp-content\/uploads\/sites\/12\/2018\/03\/TerraCraft\u00ae-Natural-Stone-Classic-Collection-1024x379.png 1024w, https:\/\/www.allthingsstone.com\/ca-fr\/wp-content\/uploads\/sites\/12\/2018\/03\/TerraCraft\u00ae-Natural-Stone-Classic-Collection-768x284.png 768w, https:\/\/www.allthingsstone.com\/ca-fr\/wp-content\/uploads\/sites\/12\/2018\/03\/TerraCraft\u00ae-Natural-Stone-Classic-Collection-1536x569.png 1536w, https:\/\/www.allthingsstone.com\/ca-fr\/wp-content\/uploads\/sites\/12\/2018\/03\/TerraCraft\u00ae-Natural-Stone-Classic-Collection-600x222.png 600w\" sizes=\"auto, (max-width: 1861px) 100vw, 1861px\" title=\"TerraCraft\u00ae Natural Stone - Classic Collection\" alt=\"TerraCraft\u00ae Natural Stone - Classic Collection\" loading=\"lazy\" \t\tclass=\"so-widget-image\"\/>\n\t<\/div>\n\n<\/div><\/div><\/div><\/div><div id=\"pg-13990-1\"  class=\"panel-grid panel-no-style\" ><div id=\"pgc-13990-1-0\"  class=\"panel-grid-cell\" ><div id=\"panel-13990-1-0-0\" class=\"so-panel widget widget_sow-image panel-first-child\" data-index=\"3\" ><div\n\t\t\t\n\t\t\tclass=\"so-widget-sow-image so-widget-sow-image-default-8b5b6f678277-13990\"\n\t\t\t\n\t\t>\n\n<div class=\"sow-image-container\">\n\t\t<img decoding=\"async\" src=\"https:\/\/www.allthingsstone.com\/ca-fr\/wp-content\/uploads\/sites\/12\/2018\/03\/TerraCraft\u00ae-Natural-Stone-Classic-Collection-Flats.png\" width=\"600\" height=\"300\" srcset=\"https:\/\/www.allthingsstone.com\/ca-fr\/wp-content\/uploads\/sites\/12\/2018\/03\/TerraCraft\u00ae-Natural-Stone-Classic-Collection-Flats.png 600w, https:\/\/www.allthingsstone.com\/ca-fr\/wp-content\/uploads\/sites\/12\/2018\/03\/TerraCraft\u00ae-Natural-Stone-Classic-Collection-Flats-300x150.png 300w\" sizes=\"auto, (max-width: 600px) 100vw, 600px\" title=\"TerraCraft\u00ae Natural Stone - Classic Collection Flat\" alt=\"TerraCraft\u00ae Natural Stone - Classic Collection Flat\" loading=\"lazy\" \t\tclass=\"so-widget-image\"\/>\n\t<\/div>\n\n<\/div><\/div><div id=\"panel-13990-1-0-1\" class=\"so-panel widget widget_sow-editor panel-last-child\" data-index=\"4\" ><div\n\t\t\t\n\t\t\tclass=\"so-widget-sow-editor so-widget-sow-editor-base\"\n\t\t\t\n\t\t>\n<div class=\"siteorigin-widget-tinymce textwidget\">\n\t<h5 style=\"text-align: center\"><span style=\"text-decoration: underline;color: #808080\">Panneau plat<\/span><\/h5>\n<\/div>\n<\/div><\/div><\/div><div id=\"pgc-13990-1-1\"  class=\"panel-grid-cell\" ><div id=\"panel-13990-1-1-0\" class=\"so-panel widget widget_sow-image panel-first-child\" data-index=\"5\" ><div\n\t\t\t\n\t\t\tclass=\"so-widget-sow-image so-widget-sow-image-default-8b5b6f678277-13990\"\n\t\t\t\n\t\t>\n\n<div class=\"sow-image-container\">\n\t\t<img decoding=\"async\" src=\"https:\/\/www.allthingsstone.com\/ca-fr\/wp-content\/uploads\/sites\/12\/2018\/03\/TerraCraft\u00ae-Natural-Stone-Classic-Collection-Corner.png\" width=\"600\" height=\"300\" srcset=\"https:\/\/www.allthingsstone.com\/ca-fr\/wp-content\/uploads\/sites\/12\/2018\/03\/TerraCraft\u00ae-Natural-Stone-Classic-Collection-Corner.png 600w, https:\/\/www.allthingsstone.com\/ca-fr\/wp-content\/uploads\/sites\/12\/2018\/03\/TerraCraft\u00ae-Natural-Stone-Classic-Collection-Corner-300x150.png 300w\" sizes=\"auto, (max-width: 600px) 100vw, 600px\" title=\"TerraCraft\u00ae Natural Stone - Classic Collection Corner\" alt=\"TerraCraft\u00ae Natural Stone - Classic Collection Corner\" loading=\"lazy\" \t\tclass=\"so-widget-image\"\/>\n\t<\/div>\n\n<\/div><\/div><div id=\"panel-13990-1-1-1\" class=\"so-panel widget widget_sow-editor panel-last-child\" data-index=\"6\" ><div\n\t\t\t\n\t\t\tclass=\"so-widget-sow-editor so-widget-sow-editor-base\"\n\t\t\t\n\t\t>\n<div class=\"siteorigin-widget-tinymce textwidget\">\n\t<h5 style=\"text-align: center\"><span style=\"text-decoration: underline;color: #808080\">Panneau de coin <em>Format Z \u00e0 double extr\u00e9mit\u00e9<\/em><\/span><\/h5>\n<\/div>\n<\/div><\/div><\/div><div id=\"pgc-13990-1-2\"  class=\"panel-grid-cell\" ><div id=\"panel-13990-1-2-0\" class=\"so-panel widget widget_sow-image panel-first-child\" data-index=\"7\" ><div\n\t\t\t\n\t\t\tclass=\"so-widget-sow-image so-widget-sow-image-default-8b5b6f678277-13990\"\n\t\t\t\n\t\t>\n\n<div class=\"sow-image-container\">\n\t\t<img decoding=\"async\" src=\"https:\/\/www.allthingsstone.com\/ca-fr\/wp-content\/uploads\/sites\/12\/2018\/03\/TerraCraft\u00ae-Natural-Stone-Classic-Collection-Corners.png\" width=\"600\" height=\"300\" srcset=\"https:\/\/www.allthingsstone.com\/ca-fr\/wp-content\/uploads\/sites\/12\/2018\/03\/TerraCraft\u00ae-Natural-Stone-Classic-Collection-Corners.png 600w, https:\/\/www.allthingsstone.com\/ca-fr\/wp-content\/uploads\/sites\/12\/2018\/03\/TerraCraft\u00ae-Natural-Stone-Classic-Collection-Corners-300x150.png 300w\" sizes=\"auto, (max-width: 600px) 100vw, 600px\" title=\"TerraCraft\u00ae Natural Stone - Classic Collection Corners\" alt=\"TerraCraft\u00ae Natural Stone - Classic Collection Corners\" loading=\"lazy\" \t\tclass=\"so-widget-image\"\/>\n\t<\/div>\n\n<\/div><\/div><div id=\"panel-13990-1-2-1\" class=\"so-panel widget widget_sow-editor panel-last-child\" data-index=\"8\" ><div\n\t\t\t\n\t\t\tclass=\"so-widget-sow-editor so-widget-sow-editor-base\"\n\t\t\t\n\t\t>\n<div class=\"siteorigin-widget-tinymce textwidget\">\n\t<h5 style=\"text-align: center\"><span style=\"text-decoration: underline;color: #808080\">Application en coin<\/span><\/h5>\n<\/div>\n<\/div><\/div><\/div><\/div><\/div>","protected":false},"excerpt":{"rendered":"<p>La collection Classic Ledgestone de TerraCraft\u00ae\u00a0Natural Stone Veneer r\u00e9siste \u00e0 l&#8217;\u00e9preuve du temps. Avec sa large gamme d&#8217;applications, cette collection servira de base pour votre &hellip; <a href=\"https:\/\/www.allthingsstone.com\/ca-fr\/product\/classic-ledgestone-collection\/\">Continued<\/a><\/p>\n","protected":false},"featured_media":13462,"comment_status":"open","ping_status":"closed","template":"","meta":{"inline_featured_image":false,"_mi_skip_tracking":false,"_exactmetrics_sitenote_active":false,"_exactmetrics_sitenote_note":"","_exactmetrics_sitenote_category":0},"product_cat":[6533],"product_tag":[6541],"class_list":["post-13990","product","type-product","status-publish","has-post-thumbnail","hentry","product_cat-placage-de-pierre-naturelle","product_tag-dimensional-series-tc","brands-terracraft-natural-stone","single_resource-terracraft-natural-stone-veneer"],"acf":[],"yoast_head":"<!-- This site is optimized with the Yoast SEO Premium plugin v21.6 (Yoast SEO v21.6) - https:\/\/yoast.com\/wordpress\/plugins\/seo\/ -->\n<title>Classic Ledgestone Collection - TerraCraft Natural Stone Veneer - CSI - Canadian Stone Industries FR<\/title>\n<meta name=\"robots\" content=\"index, follow, max-snippet:-1, max-image-preview:large, max-video-preview:-1\" \/>\n<link rel=\"canonical\" href=\"https:\/\/www.allthingsstone.com\/ca-fr\/product\/classic-ledgestone-collection\/\" \/>\n<meta property=\"og:locale\" content=\"en_US\" \/>\n<meta property=\"og:type\" content=\"article\" \/>\n<meta property=\"og:title\" content=\"Classic Ledgestone Collection - TerraCraft Natural Stone Veneer\" \/>\n<meta property=\"og:description\" content=\"La collection Classic Ledgestone de TerraCraft\u00ae\u00a0Natural Stone Veneer r\u00e9siste \u00e0 l&#039;\u00e9preuve du temps. Avec sa large gamme d&#039;applications, cette collection servira de base pour votre &hellip; Continued\" \/>\n<meta property=\"og:url\" content=\"https:\/\/www.allthingsstone.com\/ca-fr\/product\/classic-ledgestone-collection\/\" \/>\n<meta property=\"og:site_name\" content=\"CSI - Canadian Stone Industries FR\" \/>\n<meta property=\"article:modified_time\" content=\"2022-04-28T21:47:52+00:00\" \/>\n<meta property=\"og:image\" content=\"https:\/\/www.allthingsstone.com\/ca-fr\/wp-content\/uploads\/sites\/12\/2020\/02\/TerraCraft\u00ae-Natural-Stone-Veneers-Classic-Collection-Panel-Series.jpg\" \/>\n\t<meta property=\"og:image:width\" content=\"459\" \/>\n\t<meta property=\"og:image:height\" content=\"339\" \/>\n\t<meta property=\"og:image:type\" content=\"image\/jpeg\" \/>\n<meta name=\"twitter:card\" content=\"summary_large_image\" \/>\n<meta name=\"twitter:label1\" content=\"Est. reading time\" \/>\n\t<meta name=\"twitter:data1\" content=\"1 minute\" \/>\n<script type=\"application\/ld+json\" class=\"yoast-schema-graph\">{\"@context\":\"https:\/\/schema.org\",\"@graph\":[{\"@type\":\"WebPage\",\"@id\":\"https:\/\/www.allthingsstone.com\/ca-fr\/product\/classic-ledgestone-collection\/\",\"url\":\"https:\/\/www.allthingsstone.com\/ca-fr\/product\/classic-ledgestone-collection\/\",\"name\":\"Classic Ledgestone Collection - TerraCraft Natural Stone Veneer - CSI - Canadian Stone Industries FR\",\"isPartOf\":{\"@id\":\"https:\/\/www.allthingsstone.com\/ca-fr\/#website\"},\"datePublished\":\"2018-03-23T15:15:26+00:00\",\"dateModified\":\"2022-04-28T21:47:52+00:00\",\"breadcrumb\":{\"@id\":\"https:\/\/www.allthingsstone.com\/ca-fr\/product\/classic-ledgestone-collection\/#breadcrumb\"},\"inLanguage\":\"en-CA\",\"potentialAction\":[{\"@type\":\"ReadAction\",\"target\":[\"https:\/\/www.allthingsstone.com\/ca-fr\/product\/classic-ledgestone-collection\/\"]}]},{\"@type\":\"BreadcrumbList\",\"@id\":\"https:\/\/www.allthingsstone.com\/ca-fr\/product\/classic-ledgestone-collection\/#breadcrumb\",\"itemListElement\":[{\"@type\":\"ListItem\",\"position\":1,\"name\":\"Home\",\"item\":\"https:\/\/www.allthingsstone.com\/ca-fr\/\"},{\"@type\":\"ListItem\",\"position\":2,\"name\":\"Classic Ledgestone Collection &#8211; TerraCraft Natural Stone Veneer\"}]},{\"@type\":\"WebSite\",\"@id\":\"https:\/\/www.allthingsstone.com\/ca-fr\/#website\",\"url\":\"https:\/\/www.allthingsstone.com\/ca-fr\/\",\"name\":\"CSI - Canadian Stone Industries FR\",\"description\":\"\",\"potentialAction\":[{\"@type\":\"SearchAction\",\"target\":{\"@type\":\"EntryPoint\",\"urlTemplate\":\"https:\/\/www.allthingsstone.com\/ca-fr\/?s={search_term_string}\"},\"query-input\":\"required name=search_term_string\"}],\"inLanguage\":\"en-CA\"}]}<\/script>\n<!-- \/ Yoast SEO Premium plugin. -->","yoast_head_json":{"title":"Classic Ledgestone Collection - TerraCraft Natural Stone Veneer - CSI - Canadian Stone Industries FR","robots":{"index":"index","follow":"follow","max-snippet":"max-snippet:-1","max-image-preview":"max-image-preview:large","max-video-preview":"max-video-preview:-1"},"canonical":"https:\/\/www.allthingsstone.com\/ca-fr\/product\/classic-ledgestone-collection\/","og_locale":"en_US","og_type":"article","og_title":"Classic Ledgestone Collection - TerraCraft Natural Stone Veneer","og_description":"La collection Classic Ledgestone de TerraCraft\u00ae\u00a0Natural Stone Veneer r\u00e9siste \u00e0 l'\u00e9preuve du temps. Avec sa large gamme d'applications, cette collection servira de base pour votre &hellip; Continued","og_url":"https:\/\/www.allthingsstone.com\/ca-fr\/product\/classic-ledgestone-collection\/","og_site_name":"CSI - Canadian Stone Industries FR","article_modified_time":"2022-04-28T21:47:52+00:00","og_image":[{"width":459,"height":339,"url":"https:\/\/www.allthingsstone.com\/ca-fr\/wp-content\/uploads\/sites\/12\/2020\/02\/TerraCraft\u00ae-Natural-Stone-Veneers-Classic-Collection-Panel-Series.jpg","type":"image\/jpeg"}],"twitter_card":"summary_large_image","twitter_misc":{"Est. reading time":"1 minute"},"schema":{"@context":"https:\/\/schema.org","@graph":[{"@type":"WebPage","@id":"https:\/\/www.allthingsstone.com\/ca-fr\/product\/classic-ledgestone-collection\/","url":"https:\/\/www.allthingsstone.com\/ca-fr\/product\/classic-ledgestone-collection\/","name":"Classic Ledgestone Collection - TerraCraft Natural Stone Veneer - CSI - Canadian Stone Industries FR","isPartOf":{"@id":"https:\/\/www.allthingsstone.com\/ca-fr\/#website"},"datePublished":"2018-03-23T15:15:26+00:00","dateModified":"2022-04-28T21:47:52+00:00","breadcrumb":{"@id":"https:\/\/www.allthingsstone.com\/ca-fr\/product\/classic-ledgestone-collection\/#breadcrumb"},"inLanguage":"en-CA","potentialAction":[{"@type":"ReadAction","target":["https:\/\/www.allthingsstone.com\/ca-fr\/product\/classic-ledgestone-collection\/"]}]},{"@type":"BreadcrumbList","@id":"https:\/\/www.allthingsstone.com\/ca-fr\/product\/classic-ledgestone-collection\/#breadcrumb","itemListElement":[{"@type":"ListItem","position":1,"name":"Home","item":"https:\/\/www.allthingsstone.com\/ca-fr\/"},{"@type":"ListItem","position":2,"name":"Classic Ledgestone Collection &#8211; TerraCraft Natural Stone Veneer"}]},{"@type":"WebSite","@id":"https:\/\/www.allthingsstone.com\/ca-fr\/#website","url":"https:\/\/www.allthingsstone.com\/ca-fr\/","name":"CSI - Canadian Stone Industries FR","description":"","potentialAction":[{"@type":"SearchAction","target":{"@type":"EntryPoint","urlTemplate":"https:\/\/www.allthingsstone.com\/ca-fr\/?s={search_term_string}"},"query-input":"required name=search_term_string"}],"inLanguage":"en-CA"}]}},"_links":{"self":[{"href":"https:\/\/www.allthingsstone.com\/ca-fr\/wp-json\/wp\/v2\/product\/13990","targetHints":{"allow":["GET"]}}],"collection":[{"href":"https:\/\/www.allthingsstone.com\/ca-fr\/wp-json\/wp\/v2\/product"}],"about":[{"href":"https:\/\/www.allthingsstone.com\/ca-fr\/wp-json\/wp\/v2\/types\/product"}],"replies":[{"embeddable":true,"href":"https:\/\/www.allthingsstone.com\/ca-fr\/wp-json\/wp\/v2\/comments?post=13990"}],"wp:featuredmedia":[{"embeddable":true,"href":"https:\/\/www.allthingsstone.com\/ca-fr\/wp-json\/wp\/v2\/media\/13462"}],"wp:attachment":[{"href":"https:\/\/www.allthingsstone.com\/ca-fr\/wp-json\/wp\/v2\/media?parent=13990"}],"wp:term":[{"taxonomy":"product_cat","embeddable":true,"href":"https:\/\/www.allthingsstone.com\/ca-fr\/wp-json\/wp\/v2\/product_cat?post=13990"},{"taxonomy":"product_tag","embeddable":true,"href":"https:\/\/www.allthingsstone.com\/ca-fr\/wp-json\/wp\/v2\/product_tag?post=13990"}],"curies":[{"name":"wp","href":"https:\/\/api.w.org\/{rel}","templated":true}]}}