{"id":13989,"date":"2018-04-13T14:25:50","date_gmt":"2018-04-13T18:25:50","guid":{"rendered":"http:\/\/www.allthingsstone.com\/ca-fr\/product\/carved-block-versetta-stone\/"},"modified":"2025-07-08T13:44:49","modified_gmt":"2025-07-08T17:44:49","slug":"carved-block-versetta-stone","status":"publish","type":"product","link":"https:\/\/www.allthingsstone.com\/ca-fr\/product\/carved-block-versetta-stone\/","title":{"rendered":"1 Carved Block &#8211; Versetta Stone"},"content":{"rendered":"<div id=\"pl-13989\"  class=\"panel-layout\" ><div id=\"pg-13989-0\"  class=\"panel-grid panel-no-style\" ><div id=\"pgc-13989-0-0\"  class=\"panel-grid-cell\" ><div id=\"panel-13989-0-0-0\" class=\"so-panel widget widget_sow-editor panel-first-child panel-last-child\" data-index=\"0\" ><div\n\t\t\t\n\t\t\tclass=\"so-widget-sow-editor so-widget-sow-editor-base\"\n\t\t\t\n\t\t>\n<div class=\"siteorigin-widget-tinymce textwidget\">\n\t<p>Carved Block, le dernier ajout \u00e0 la gamme de placages de pierre sans mortier Versetta Stone<sup>\u00ae<\/sup>, combine des pierres plus larges et une texture cisel\u00e9e qui imite la pierre \u00e0 face \u00e9clat\u00e9e, \u00e9largissant ainsi l\u2019\u00e9ventail de styles offerts pour cr\u00e9er des conceptions contemporaines et commerciales. Les panneaux Carved Block sont offert en deux couleurs\u00a0: Midnight et Sea Salt. Midnight offre un aspect sombre par des nuances de gris, de noir et de brun. Sea Salt propose des teintes claires et cr\u00e9meuses, dans les tons de taupe et de blanc.<\/p>\n<\/div>\n<\/div><\/div><\/div><\/div><div id=\"pg-13989-1\"  class=\"panel-grid panel-no-style\" ><div id=\"pgc-13989-1-0\"  class=\"panel-grid-cell\" ><div id=\"panel-13989-1-0-0\" class=\"so-panel widget widget_sow-image panel-first-child panel-last-child\" data-index=\"1\" ><div\n\t\t\t\n\t\t\tclass=\"so-widget-sow-image so-widget-sow-image-default-8b5b6f678277-13989\"\n\t\t\t\n\t\t>\n\n<div class=\"sow-image-container\">\n\t\t<img decoding=\"async\" src=\"https:\/\/www.allthingsstone.com\/ca-fr\/wp-content\/uploads\/sites\/12\/2018\/04\/Carved-Block_FLAT_sea-salt.jpg\" width=\"1500\" height=\"422\" srcset=\"https:\/\/www.allthingsstone.com\/ca-fr\/wp-content\/uploads\/sites\/12\/2018\/04\/Carved-Block_FLAT_sea-salt.jpg 1500w, https:\/\/www.allthingsstone.com\/ca-fr\/wp-content\/uploads\/sites\/12\/2018\/04\/Carved-Block_FLAT_sea-salt-300x84.jpg 300w, https:\/\/www.allthingsstone.com\/ca-fr\/wp-content\/uploads\/sites\/12\/2018\/04\/Carved-Block_FLAT_sea-salt-1024x288.jpg 1024w, https:\/\/www.allthingsstone.com\/ca-fr\/wp-content\/uploads\/sites\/12\/2018\/04\/Carved-Block_FLAT_sea-salt-768x216.jpg 768w, https:\/\/www.allthingsstone.com\/ca-fr\/wp-content\/uploads\/sites\/12\/2018\/04\/Carved-Block_FLAT_sea-salt-600x169.jpg 600w\" sizes=\"auto, (max-width: 1500px) 100vw, 1500px\" title=\"Versetta Stone\u00ae - Carved Block, Sea Salt Flat\" alt=\"Versetta Stone\u00ae - Carved Block, Sea Salt Flat\" loading=\"lazy\" \t\tclass=\"so-widget-image\"\/>\n\t<\/div>\n\n<\/div><\/div><\/div><div id=\"pgc-13989-1-1\"  class=\"panel-grid-cell\" ><div id=\"panel-13989-1-1-0\" class=\"so-panel widget widget_sow-image panel-first-child panel-last-child\" data-index=\"2\" ><div\n\t\t\t\n\t\t\tclass=\"so-widget-sow-image so-widget-sow-image-default-8b5b6f678277-13989\"\n\t\t\t\n\t\t>\n\n<div class=\"sow-image-container\">\n\t\t<img decoding=\"async\" src=\"https:\/\/www.allthingsstone.com\/ca-fr\/wp-content\/uploads\/sites\/12\/2018\/04\/Carved-Block_UC_sea-salt.jpg\" width=\"1200\" height=\"295\" srcset=\"https:\/\/www.allthingsstone.com\/ca-fr\/wp-content\/uploads\/sites\/12\/2018\/04\/Carved-Block_UC_sea-salt.jpg 1200w, https:\/\/www.allthingsstone.com\/ca-fr\/wp-content\/uploads\/sites\/12\/2018\/04\/Carved-Block_UC_sea-salt-300x74.jpg 300w, https:\/\/www.allthingsstone.com\/ca-fr\/wp-content\/uploads\/sites\/12\/2018\/04\/Carved-Block_UC_sea-salt-1024x252.jpg 1024w, https:\/\/www.allthingsstone.com\/ca-fr\/wp-content\/uploads\/sites\/12\/2018\/04\/Carved-Block_UC_sea-salt-768x189.jpg 768w, https:\/\/www.allthingsstone.com\/ca-fr\/wp-content\/uploads\/sites\/12\/2018\/04\/Carved-Block_UC_sea-salt-600x148.jpg 600w\" sizes=\"auto, (max-width: 1200px) 100vw, 1200px\" title=\"Versetta Stone\u00ae - Carved Block, Sea Salt Corner\" alt=\"Versetta Stone\u00ae - Carved Block, Sea Salt Corner\" loading=\"lazy\" \t\tclass=\"so-widget-image\"\/>\n\t<\/div>\n\n<\/div><\/div><\/div><\/div><div id=\"pg-13989-2\"  class=\"panel-grid panel-no-style\" ><div id=\"pgc-13989-2-0\"  class=\"panel-grid-cell\" ><div id=\"panel-13989-2-0-0\" class=\"so-panel widget widget_sow-editor panel-first-child panel-last-child\" data-index=\"3\" ><div\n\t\t\t\n\t\t\tclass=\"so-widget-sow-editor so-widget-sow-editor-base\"\n\t\t\t\n\t\t>\n<div class=\"siteorigin-widget-tinymce textwidget\">\n\t<h5 style=\"text-align: center\"><span style=\"text-decoration: underline;color: #808080\">Panneau plat<\/span><\/h5>\n<\/div>\n<\/div><\/div><\/div><div id=\"pgc-13989-2-1\"  class=\"panel-grid-cell\" ><div id=\"panel-13989-2-1-0\" class=\"so-panel widget widget_sow-editor panel-first-child panel-last-child\" data-index=\"4\" ><div\n\t\t\t\n\t\t\tclass=\"so-widget-sow-editor so-widget-sow-editor-base\"\n\t\t\t\n\t\t>\n<div class=\"siteorigin-widget-tinymce textwidget\">\n\t<h5 style=\"text-align: center\"><span style=\"text-decoration: underline;color: #808080\">Coin universel<\/span><\/h5>\n<\/div>\n<\/div><\/div><\/div><\/div><div id=\"pg-13989-3\"  class=\"panel-grid panel-no-style\" ><div id=\"pgc-13989-3-0\"  class=\"panel-grid-cell\" ><div id=\"panel-13989-3-0-0\" class=\"so-panel widget widget_sow-editor panel-first-child\" data-index=\"5\" ><div\n\t\t\t\n\t\t\tclass=\"so-widget-sow-editor so-widget-sow-editor-base\"\n\t\t\t\n\t\t>\n<div class=\"siteorigin-widget-tinymce textwidget\">\n\t<h5>Installation :<\/h5>\n<ul>\n<li>Les panneaux de placage de pierre sans mortier Versetta Stone<sup>\u00ae<\/sup> sont rapides et simples \u00e0 installer \u00e0 l\u2019aide d\u2019attaches m\u00e9caniques.<\/li>\n<li>\u2013 Installation avec des clous ou des vis<\/li>\n<li>\u2013 Installation sans latte m\u00e9tallique ni couche \u00e9rafl\u00e9e<\/li>\n<li>\u2013 Panneaux embo\u00eetables avec syst\u00e8me de languettes et rainures<\/li>\n<li>\u2013 \u00c9cran pare-pluie int\u00e9gr\u00e9<\/li>\n<li>\u2013 Trous d\u2019\u00e9vacuation pr\u00e9-perc\u00e9s pour laisser s\u2019\u00e9couler l\u2019eau<\/li>\n<li>\u2013 Aucune restriction saisonni\u00e8re lors de l\u2019installation<\/li>\n<\/ul>\n<p><em>*Consultez les <a href=\"https:\/\/www.allthingsstone.com\/ca-fr\/single-resource\/versetta-stone-resources\/\">Ressources Versetta Stone<sup>\u00ae<\/sup><\/a> pour conna\u00eetre des r\u00e9sultats de tests exclusifs et obtenir d\u2019autres informations techniques.<\/em><\/p>\n<\/div>\n<\/div><\/div><div id=\"panel-13989-3-0-1\" class=\"so-panel widget widget_sow-editor panel-last-child\" data-index=\"6\" ><div\n\t\t\t\n\t\t\tclass=\"so-widget-sow-editor so-widget-sow-editor-base\"\n\t\t\t\n\t\t>\n<div class=\"siteorigin-widget-tinymce textwidget\">\n\t<p>Pour trouver un d\u00e9taillant Carved Block de Versetta Stone<sup>\u00ae<\/sup> dans votre r\u00e9gion cliquez sur <strong><a href=\"http:\/\/www.allthingsstone.com\/ca-fr\/ou-acheter\/\">O\u00f9 acheter<\/a><\/strong>.<\/p>\n<\/div>\n<\/div><\/div><\/div><\/div><\/div>","protected":false},"excerpt":{"rendered":"<p>Carved Block, le dernier ajout \u00e0 la gamme de placages de pierre sans mortier Versetta Stone\u00ae, combine des pierres plus larges et une texture cisel\u00e9e &hellip; <a href=\"https:\/\/www.allthingsstone.com\/ca-fr\/product\/carved-block-versetta-stone\/\">Continued<\/a><\/p>\n","protected":false},"featured_media":20829,"comment_status":"open","ping_status":"closed","template":"","meta":{"inline_featured_image":false,"_mi_skip_tracking":false,"_exactmetrics_sitenote_active":false,"_exactmetrics_sitenote_note":"","_exactmetrics_sitenote_category":0},"product_cat":[6535],"product_tag":[6569],"class_list":["post-13989","product","type-product","status-publish","has-post-thumbnail","hentry","product_cat-revetement-de-pierre","product_tag-versetta-stone-system-components","brands-versetta-stone","single_resource-versetta-stone-resources"],"acf":[],"yoast_head":"<!-- This site is optimized with the Yoast SEO Premium plugin v21.6 (Yoast SEO v21.6) - https:\/\/yoast.com\/wordpress\/plugins\/seo\/ -->\n<title>Carved Block de Versetta Stone\u00ae | CSI FR<\/title>\n<meta name=\"description\" content=\"Carved Block de Versetta Stone\u00ae, combine des pierres plus larges et une texture cisel\u00e9e qui imite la pierre \u00e0 face \u00e9clat\u00e9e, \u00e9largissant ainsi l\u2019\u00e9ventail de styles offerts pour cr\u00e9er des conceptions contemporaines et commerciales. Les panneaux Carved Block sont offert en deux couleurs : Midnight et Sea Salt.\" \/>\n<meta name=\"robots\" content=\"index, follow, max-snippet:-1, max-image-preview:large, max-video-preview:-1\" \/>\n<link rel=\"canonical\" href=\"https:\/\/www.allthingsstone.com\/ca-fr\/product\/carved-block-versetta-stone\/\" \/>\n<meta property=\"og:locale\" content=\"en_US\" \/>\n<meta property=\"og:type\" content=\"article\" \/>\n<meta property=\"og:title\" content=\"1 Carved Block - Versetta Stone\" \/>\n<meta property=\"og:description\" content=\"Carved Block de Versetta Stone\u00ae, combine des pierres plus larges et une texture cisel\u00e9e qui imite la pierre \u00e0 face \u00e9clat\u00e9e, \u00e9largissant ainsi l\u2019\u00e9ventail de styles offerts pour cr\u00e9er des conceptions contemporaines et commerciales. Les panneaux Carved Block sont offert en deux couleurs : Midnight et Sea Salt.\" \/>\n<meta property=\"og:url\" content=\"https:\/\/www.allthingsstone.com\/ca-fr\/product\/carved-block-versetta-stone\/\" \/>\n<meta property=\"og:site_name\" content=\"CSI - Canadian Stone Industries FR\" \/>\n<meta property=\"article:modified_time\" content=\"2025-07-08T17:44:49+00:00\" \/>\n<meta property=\"og:image\" content=\"https:\/\/www.allthingsstone.com\/ca-fr\/wp-content\/uploads\/sites\/12\/2018\/04\/Versetta-Stone-Carved-Block-1.jpg\" \/>\n\t<meta property=\"og:image:width\" content=\"459\" \/>\n\t<meta property=\"og:image:height\" content=\"339\" \/>\n\t<meta property=\"og:image:type\" content=\"image\/jpeg\" \/>\n<meta name=\"twitter:card\" content=\"summary_large_image\" \/>\n<meta name=\"twitter:label1\" content=\"Est. reading time\" \/>\n\t<meta name=\"twitter:data1\" content=\"2 minutes\" \/>\n<script type=\"application\/ld+json\" class=\"yoast-schema-graph\">{\"@context\":\"https:\/\/schema.org\",\"@graph\":[{\"@type\":\"WebPage\",\"@id\":\"https:\/\/www.allthingsstone.com\/ca-fr\/product\/carved-block-versetta-stone\/\",\"url\":\"https:\/\/www.allthingsstone.com\/ca-fr\/product\/carved-block-versetta-stone\/\",\"name\":\"Carved Block de Versetta Stone\u00ae | CSI FR\",\"isPartOf\":{\"@id\":\"https:\/\/www.allthingsstone.com\/ca-fr\/#website\"},\"datePublished\":\"2018-04-13T18:25:50+00:00\",\"dateModified\":\"2025-07-08T17:44:49+00:00\",\"description\":\"Carved Block de Versetta Stone\u00ae, combine des pierres plus larges et une texture cisel\u00e9e qui imite la pierre \u00e0 face \u00e9clat\u00e9e, \u00e9largissant ainsi l\u2019\u00e9ventail de styles offerts pour cr\u00e9er des conceptions contemporaines et commerciales. Les panneaux Carved Block sont offert en deux couleurs : Midnight et Sea Salt.\",\"breadcrumb\":{\"@id\":\"https:\/\/www.allthingsstone.com\/ca-fr\/product\/carved-block-versetta-stone\/#breadcrumb\"},\"inLanguage\":\"en-CA\",\"potentialAction\":[{\"@type\":\"ReadAction\",\"target\":[\"https:\/\/www.allthingsstone.com\/ca-fr\/product\/carved-block-versetta-stone\/\"]}]},{\"@type\":\"BreadcrumbList\",\"@id\":\"https:\/\/www.allthingsstone.com\/ca-fr\/product\/carved-block-versetta-stone\/#breadcrumb\",\"itemListElement\":[{\"@type\":\"ListItem\",\"position\":1,\"name\":\"Home\",\"item\":\"https:\/\/www.allthingsstone.com\/ca-fr\/\"},{\"@type\":\"ListItem\",\"position\":2,\"name\":\"1 Carved Block &#8211; Versetta Stone\"}]},{\"@type\":\"WebSite\",\"@id\":\"https:\/\/www.allthingsstone.com\/ca-fr\/#website\",\"url\":\"https:\/\/www.allthingsstone.com\/ca-fr\/\",\"name\":\"CSI - Canadian Stone Industries FR\",\"description\":\"\",\"potentialAction\":[{\"@type\":\"SearchAction\",\"target\":{\"@type\":\"EntryPoint\",\"urlTemplate\":\"https:\/\/www.allthingsstone.com\/ca-fr\/?s={search_term_string}\"},\"query-input\":\"required name=search_term_string\"}],\"inLanguage\":\"en-CA\"}]}<\/script>\n<!-- \/ Yoast SEO Premium plugin. -->","yoast_head_json":{"title":"Carved Block de Versetta Stone\u00ae | CSI FR","description":"Carved Block de Versetta Stone\u00ae, combine des pierres plus larges et une texture cisel\u00e9e qui imite la pierre \u00e0 face \u00e9clat\u00e9e, \u00e9largissant ainsi l\u2019\u00e9ventail de styles offerts pour cr\u00e9er des conceptions contemporaines et commerciales. Les panneaux Carved Block sont offert en deux couleurs : Midnight et Sea Salt.","robots":{"index":"index","follow":"follow","max-snippet":"max-snippet:-1","max-image-preview":"max-image-preview:large","max-video-preview":"max-video-preview:-1"},"canonical":"https:\/\/www.allthingsstone.com\/ca-fr\/product\/carved-block-versetta-stone\/","og_locale":"en_US","og_type":"article","og_title":"1 Carved Block - Versetta Stone","og_description":"Carved Block de Versetta Stone\u00ae, combine des pierres plus larges et une texture cisel\u00e9e qui imite la pierre \u00e0 face \u00e9clat\u00e9e, \u00e9largissant ainsi l\u2019\u00e9ventail de styles offerts pour cr\u00e9er des conceptions contemporaines et commerciales. Les panneaux Carved Block sont offert en deux couleurs : Midnight et Sea Salt.","og_url":"https:\/\/www.allthingsstone.com\/ca-fr\/product\/carved-block-versetta-stone\/","og_site_name":"CSI - Canadian Stone Industries FR","article_modified_time":"2025-07-08T17:44:49+00:00","og_image":[{"width":459,"height":339,"url":"https:\/\/www.allthingsstone.com\/ca-fr\/wp-content\/uploads\/sites\/12\/2018\/04\/Versetta-Stone-Carved-Block-1.jpg","type":"image\/jpeg"}],"twitter_card":"summary_large_image","twitter_misc":{"Est. reading time":"2 minutes"},"schema":{"@context":"https:\/\/schema.org","@graph":[{"@type":"WebPage","@id":"https:\/\/www.allthingsstone.com\/ca-fr\/product\/carved-block-versetta-stone\/","url":"https:\/\/www.allthingsstone.com\/ca-fr\/product\/carved-block-versetta-stone\/","name":"Carved Block de Versetta Stone\u00ae | CSI FR","isPartOf":{"@id":"https:\/\/www.allthingsstone.com\/ca-fr\/#website"},"datePublished":"2018-04-13T18:25:50+00:00","dateModified":"2025-07-08T17:44:49+00:00","description":"Carved Block de Versetta Stone\u00ae, combine des pierres plus larges et une texture cisel\u00e9e qui imite la pierre \u00e0 face \u00e9clat\u00e9e, \u00e9largissant ainsi l\u2019\u00e9ventail de styles offerts pour cr\u00e9er des conceptions contemporaines et commerciales. Les panneaux Carved Block sont offert en deux couleurs : Midnight et Sea Salt.","breadcrumb":{"@id":"https:\/\/www.allthingsstone.com\/ca-fr\/product\/carved-block-versetta-stone\/#breadcrumb"},"inLanguage":"en-CA","potentialAction":[{"@type":"ReadAction","target":["https:\/\/www.allthingsstone.com\/ca-fr\/product\/carved-block-versetta-stone\/"]}]},{"@type":"BreadcrumbList","@id":"https:\/\/www.allthingsstone.com\/ca-fr\/product\/carved-block-versetta-stone\/#breadcrumb","itemListElement":[{"@type":"ListItem","position":1,"name":"Home","item":"https:\/\/www.allthingsstone.com\/ca-fr\/"},{"@type":"ListItem","position":2,"name":"1 Carved Block &#8211; Versetta Stone"}]},{"@type":"WebSite","@id":"https:\/\/www.allthingsstone.com\/ca-fr\/#website","url":"https:\/\/www.allthingsstone.com\/ca-fr\/","name":"CSI - Canadian Stone Industries FR","description":"","potentialAction":[{"@type":"SearchAction","target":{"@type":"EntryPoint","urlTemplate":"https:\/\/www.allthingsstone.com\/ca-fr\/?s={search_term_string}"},"query-input":"required name=search_term_string"}],"inLanguage":"en-CA"}]}},"_links":{"self":[{"href":"https:\/\/www.allthingsstone.com\/ca-fr\/wp-json\/wp\/v2\/product\/13989","targetHints":{"allow":["GET"]}}],"collection":[{"href":"https:\/\/www.allthingsstone.com\/ca-fr\/wp-json\/wp\/v2\/product"}],"about":[{"href":"https:\/\/www.allthingsstone.com\/ca-fr\/wp-json\/wp\/v2\/types\/product"}],"replies":[{"embeddable":true,"href":"https:\/\/www.allthingsstone.com\/ca-fr\/wp-json\/wp\/v2\/comments?post=13989"}],"wp:featuredmedia":[{"embeddable":true,"href":"https:\/\/www.allthingsstone.com\/ca-fr\/wp-json\/wp\/v2\/media\/20829"}],"wp:attachment":[{"href":"https:\/\/www.allthingsstone.com\/ca-fr\/wp-json\/wp\/v2\/media?parent=13989"}],"wp:term":[{"taxonomy":"product_cat","embeddable":true,"href":"https:\/\/www.allthingsstone.com\/ca-fr\/wp-json\/wp\/v2\/product_cat?post=13989"},{"taxonomy":"product_tag","embeddable":true,"href":"https:\/\/www.allthingsstone.com\/ca-fr\/wp-json\/wp\/v2\/product_tag?post=13989"}],"curies":[{"name":"wp","href":"https:\/\/api.w.org\/{rel}","templated":true}]}}