{"id":13988,"date":"2018-04-26T17:49:38","date_gmt":"2018-04-26T21:49:38","guid":{"rendered":"http:\/\/www.allthingsstone.com\/ca-fr\/product\/easy-fur-keene-building-products\/"},"modified":"2020-04-30T18:32:31","modified_gmt":"2020-04-30T22:32:31","slug":"easy-fur-keene-building-products","status":"publish","type":"product","link":"https:\/\/www.allthingsstone.com\/ca-fr\/product\/easy-fur-keene-building-products\/","title":{"rendered":"Easy-Fur\u2122 Keene\u2122 Building Products"},"content":{"rendered":"<div id=\"pl-13988\"  class=\"panel-layout\" ><div id=\"pg-13988-0\"  class=\"panel-grid panel-no-style\" ><div id=\"pgc-13988-0-0\"  class=\"panel-grid-cell\" ><div id=\"panel-13988-0-0-0\" class=\"so-panel widget widget_sow-editor panel-first-child\" data-index=\"0\" ><div\n\t\t\t\n\t\t\tclass=\"so-widget-sow-editor so-widget-sow-editor-base\"\n\t\t\t\n\t\t>\n<div class=\"siteorigin-widget-tinymce textwidget\">\n\t<p>Easy-Fur\u2122 de Keene\u2122 Building Products est une fourrure en filaments de polym\u00e8re enchev\u00eatr\u00e9s de 0,40\u00a0po (10\u00a0mm) d\u2019\u00e9paisseur qui cr\u00e9e un \u00e9cran de pluie et un syst\u00e8me d\u2019a\u00e9ration de pointe derri\u00e8re les parements de pierre, de bois et d\u2019amiante-ciment. Gr\u00e2ce \u00e0 sa conception unique, la fourrure Easy-Fur\u2122 de Keene\u2122 Building Products offre l\u2019installation la plus rapide sur le march\u00e9, car elle peut \u00eatre roul\u00e9e sur le mur et facilement coup\u00e9e \u00e0 la longueur souhait\u00e9e. Sa conception haute r\u00e9sistance cr\u00e9e un excellent support pour l\u2019installation d\u2019un parement. Faite de nylon recycl\u00e9, la fourrure Easy-Fur\u2122 mesure 4 po (102 mm) de largeur, 3\/8 po (10 mm) d\u2019\u00e9paisseur et 25 pi (7,62 m) de longueur. Contrairement aux fourrures de bois ordinaires, elle est r\u00e9sistante \u00e0 l\u2019effritement, au gauchissement et \u00e0 la moisissure. Garantir l\u2019a\u00e9ration ad\u00e9quate de votre parement est la meilleure fa\u00e7on d\u2019augmenter sa dur\u00e9e de vie et d\u2019att\u00e9nuer les effets de l\u2019humidit\u00e9 \u00e0 l\u2019int\u00e9rieur du mur.<\/p>\n<\/div>\n<\/div><\/div><div id=\"panel-13988-0-0-1\" class=\"so-panel widget widget_sow-editor panel-last-child\" data-index=\"1\" ><div\n\t\t\t\n\t\t\tclass=\"so-widget-sow-editor so-widget-sow-editor-base\"\n\t\t\t\n\t\t>\n<div class=\"siteorigin-widget-tinymce textwidget\">\n\t<p>Cliquez sur le bouton <a href=\"https:\/\/www.allthingsstone.com\/ca-fr\/ou-acheter\/\" target=\"_blank\" rel=\"noopener noreferrer\"><strong>O\u00f9 acheter<\/strong><\/a> pour trouver un d\u00e9taillant Keene\u2122 Building Products pr\u00e8s de chez vous.<\/p>\n<\/div>\n<\/div><\/div><\/div><div id=\"pgc-13988-0-1\"  class=\"panel-grid-cell\" ><div id=\"panel-13988-0-1-0\" class=\"so-panel widget widget_sow-image panel-first-child panel-last-child\" data-index=\"2\" ><div\n\t\t\t\n\t\t\tclass=\"so-widget-sow-image so-widget-sow-image-default-8b5b6f678277-13988\"\n\t\t\t\n\t\t>\n\n<div class=\"sow-image-container\">\n\t\t<img decoding=\"async\" src=\"https:\/\/www.allthingsstone.com\/ca-fr\/wp-content\/uploads\/sites\/12\/2018\/04\/Easy-Fur\u2122-Keene-Building-Products.png\" width=\"459\" height=\"339\" srcset=\"https:\/\/www.allthingsstone.com\/ca-fr\/wp-content\/uploads\/sites\/12\/2018\/04\/Easy-Fur\u2122-Keene-Building-Products.png 459w, https:\/\/www.allthingsstone.com\/ca-fr\/wp-content\/uploads\/sites\/12\/2018\/04\/Easy-Fur\u2122-Keene-Building-Products-300x222.png 300w\" sizes=\"auto, (max-width: 459px) 100vw, 459px\" title=\"Easy-Fur\u2122 Keene Building Products\" alt=\"Easy-Fur\u2122 Keene Building Products\" loading=\"lazy\" \t\tclass=\"so-widget-image\"\/>\n\t<\/div>\n\n<\/div><\/div><\/div><\/div><\/div>","protected":false},"excerpt":{"rendered":"<p>Easy-Fur\u2122 de Keene\u2122 Building Products est une fourrure en filaments de polym\u00e8re enchev\u00eatr\u00e9s de 0,40\u00a0po (10\u00a0mm) d\u2019\u00e9paisseur qui cr\u00e9e un \u00e9cran de pluie et un &hellip; <a href=\"https:\/\/www.allthingsstone.com\/ca-fr\/product\/easy-fur-keene-building-products\/\">Continued<\/a><\/p>\n","protected":false},"featured_media":14978,"comment_status":"open","ping_status":"closed","template":"","meta":{"inline_featured_image":false,"_mi_skip_tracking":false,"_exactmetrics_sitenote_active":false,"_exactmetrics_sitenote_note":"","_exactmetrics_sitenote_category":0},"product_cat":[6531],"product_tag":[7927],"class_list":["post-13988","product","type-product","status-publish","has-post-thumbnail","hentry","product_cat-produits-de-construction","product_tag-keene-building-products","brands-keene-building-products","single_resource-easy-fur"],"acf":[],"yoast_head":"<!-- This site is optimized with the Yoast SEO Premium plugin v21.6 (Yoast SEO v21.6) - https:\/\/yoast.com\/wordpress\/plugins\/seo\/ -->\n<title>Easy-Fur\u2122 | CSI FR<\/title>\n<meta name=\"description\" content=\"Easy-Fur\u2122 de Keene\u2122 Building Products est une fourrure en filaments de polym\u00e8re enchev\u00eatr\u00e9s de 0,40 po (10 mm) d\u2019\u00e9paisseur qui cr\u00e9e un \u00e9cran de pluie et un syst\u00e8me d\u2019a\u00e9ration de pointe derri\u00e8re les parements de pierre, de bois et d\u2019amiante-ciment.\" \/>\n<meta name=\"robots\" content=\"index, follow, max-snippet:-1, max-image-preview:large, max-video-preview:-1\" \/>\n<link rel=\"canonical\" href=\"https:\/\/www.allthingsstone.com\/ca-fr\/product\/easy-fur-keene-building-products\/\" \/>\n<meta property=\"og:locale\" content=\"en_US\" \/>\n<meta property=\"og:type\" content=\"article\" \/>\n<meta property=\"og:title\" content=\"Easy-Fur\u2122 Keene\u2122 Building Products\" \/>\n<meta property=\"og:description\" content=\"Easy-Fur\u2122 de Keene\u2122 Building Products est une fourrure en filaments de polym\u00e8re enchev\u00eatr\u00e9s de 0,40 po (10 mm) d\u2019\u00e9paisseur qui cr\u00e9e un \u00e9cran de pluie et un syst\u00e8me d\u2019a\u00e9ration de pointe derri\u00e8re les parements de pierre, de bois et d\u2019amiante-ciment.\" \/>\n<meta property=\"og:url\" content=\"https:\/\/www.allthingsstone.com\/ca-fr\/product\/easy-fur-keene-building-products\/\" \/>\n<meta property=\"og:site_name\" content=\"CSI - Canadian Stone Industries FR\" \/>\n<meta property=\"article:modified_time\" content=\"2020-04-30T22:32:31+00:00\" \/>\n<meta property=\"og:image\" content=\"https:\/\/www.allthingsstone.com\/ca-fr\/wp-content\/uploads\/sites\/12\/2018\/04\/Easy-Fur\u2122-from-Keene-Building-Products.png\" \/>\n\t<meta property=\"og:image:width\" content=\"459\" \/>\n\t<meta property=\"og:image:height\" content=\"339\" \/>\n\t<meta property=\"og:image:type\" content=\"image\/png\" \/>\n<meta name=\"twitter:card\" content=\"summary_large_image\" \/>\n<meta name=\"twitter:label1\" content=\"Est. reading time\" \/>\n\t<meta name=\"twitter:data1\" content=\"2 minutes\" \/>\n<script type=\"application\/ld+json\" class=\"yoast-schema-graph\">{\"@context\":\"https:\/\/schema.org\",\"@graph\":[{\"@type\":\"WebPage\",\"@id\":\"https:\/\/www.allthingsstone.com\/ca-fr\/product\/easy-fur-keene-building-products\/\",\"url\":\"https:\/\/www.allthingsstone.com\/ca-fr\/product\/easy-fur-keene-building-products\/\",\"name\":\"Easy-Fur\u2122 | CSI FR\",\"isPartOf\":{\"@id\":\"https:\/\/www.allthingsstone.com\/ca-fr\/#website\"},\"datePublished\":\"2018-04-26T21:49:38+00:00\",\"dateModified\":\"2020-04-30T22:32:31+00:00\",\"description\":\"Easy-Fur\u2122 de Keene\u2122 Building Products est une fourrure en filaments de polym\u00e8re enchev\u00eatr\u00e9s de 0,40 po (10 mm) d\u2019\u00e9paisseur qui cr\u00e9e un \u00e9cran de pluie et un syst\u00e8me d\u2019a\u00e9ration de pointe derri\u00e8re les parements de pierre, de bois et d\u2019amiante-ciment.\",\"breadcrumb\":{\"@id\":\"https:\/\/www.allthingsstone.com\/ca-fr\/product\/easy-fur-keene-building-products\/#breadcrumb\"},\"inLanguage\":\"en-CA\",\"potentialAction\":[{\"@type\":\"ReadAction\",\"target\":[\"https:\/\/www.allthingsstone.com\/ca-fr\/product\/easy-fur-keene-building-products\/\"]}]},{\"@type\":\"BreadcrumbList\",\"@id\":\"https:\/\/www.allthingsstone.com\/ca-fr\/product\/easy-fur-keene-building-products\/#breadcrumb\",\"itemListElement\":[{\"@type\":\"ListItem\",\"position\":1,\"name\":\"Home\",\"item\":\"https:\/\/www.allthingsstone.com\/ca-fr\/\"},{\"@type\":\"ListItem\",\"position\":2,\"name\":\"Easy-Fur\u2122 Keene\u2122 Building Products\"}]},{\"@type\":\"WebSite\",\"@id\":\"https:\/\/www.allthingsstone.com\/ca-fr\/#website\",\"url\":\"https:\/\/www.allthingsstone.com\/ca-fr\/\",\"name\":\"CSI - Canadian Stone Industries FR\",\"description\":\"\",\"potentialAction\":[{\"@type\":\"SearchAction\",\"target\":{\"@type\":\"EntryPoint\",\"urlTemplate\":\"https:\/\/www.allthingsstone.com\/ca-fr\/?s={search_term_string}\"},\"query-input\":\"required name=search_term_string\"}],\"inLanguage\":\"en-CA\"}]}<\/script>\n<!-- \/ Yoast SEO Premium plugin. -->","yoast_head_json":{"title":"Easy-Fur\u2122 | CSI FR","description":"Easy-Fur\u2122 de Keene\u2122 Building Products est une fourrure en filaments de polym\u00e8re enchev\u00eatr\u00e9s de 0,40 po (10 mm) d\u2019\u00e9paisseur qui cr\u00e9e un \u00e9cran de pluie et un syst\u00e8me d\u2019a\u00e9ration de pointe derri\u00e8re les parements de pierre, de bois et d\u2019amiante-ciment.","robots":{"index":"index","follow":"follow","max-snippet":"max-snippet:-1","max-image-preview":"max-image-preview:large","max-video-preview":"max-video-preview:-1"},"canonical":"https:\/\/www.allthingsstone.com\/ca-fr\/product\/easy-fur-keene-building-products\/","og_locale":"en_US","og_type":"article","og_title":"Easy-Fur\u2122 Keene\u2122 Building Products","og_description":"Easy-Fur\u2122 de Keene\u2122 Building Products est une fourrure en filaments de polym\u00e8re enchev\u00eatr\u00e9s de 0,40 po (10 mm) d\u2019\u00e9paisseur qui cr\u00e9e un \u00e9cran de pluie et un syst\u00e8me d\u2019a\u00e9ration de pointe derri\u00e8re les parements de pierre, de bois et d\u2019amiante-ciment.","og_url":"https:\/\/www.allthingsstone.com\/ca-fr\/product\/easy-fur-keene-building-products\/","og_site_name":"CSI - Canadian Stone Industries FR","article_modified_time":"2020-04-30T22:32:31+00:00","og_image":[{"width":459,"height":339,"url":"https:\/\/www.allthingsstone.com\/ca-fr\/wp-content\/uploads\/sites\/12\/2018\/04\/Easy-Fur\u2122-from-Keene-Building-Products.png","type":"image\/png"}],"twitter_card":"summary_large_image","twitter_misc":{"Est. reading time":"2 minutes"},"schema":{"@context":"https:\/\/schema.org","@graph":[{"@type":"WebPage","@id":"https:\/\/www.allthingsstone.com\/ca-fr\/product\/easy-fur-keene-building-products\/","url":"https:\/\/www.allthingsstone.com\/ca-fr\/product\/easy-fur-keene-building-products\/","name":"Easy-Fur\u2122 | CSI FR","isPartOf":{"@id":"https:\/\/www.allthingsstone.com\/ca-fr\/#website"},"datePublished":"2018-04-26T21:49:38+00:00","dateModified":"2020-04-30T22:32:31+00:00","description":"Easy-Fur\u2122 de Keene\u2122 Building Products est une fourrure en filaments de polym\u00e8re enchev\u00eatr\u00e9s de 0,40 po (10 mm) d\u2019\u00e9paisseur qui cr\u00e9e un \u00e9cran de pluie et un syst\u00e8me d\u2019a\u00e9ration de pointe derri\u00e8re les parements de pierre, de bois et d\u2019amiante-ciment.","breadcrumb":{"@id":"https:\/\/www.allthingsstone.com\/ca-fr\/product\/easy-fur-keene-building-products\/#breadcrumb"},"inLanguage":"en-CA","potentialAction":[{"@type":"ReadAction","target":["https:\/\/www.allthingsstone.com\/ca-fr\/product\/easy-fur-keene-building-products\/"]}]},{"@type":"BreadcrumbList","@id":"https:\/\/www.allthingsstone.com\/ca-fr\/product\/easy-fur-keene-building-products\/#breadcrumb","itemListElement":[{"@type":"ListItem","position":1,"name":"Home","item":"https:\/\/www.allthingsstone.com\/ca-fr\/"},{"@type":"ListItem","position":2,"name":"Easy-Fur\u2122 Keene\u2122 Building Products"}]},{"@type":"WebSite","@id":"https:\/\/www.allthingsstone.com\/ca-fr\/#website","url":"https:\/\/www.allthingsstone.com\/ca-fr\/","name":"CSI - Canadian Stone Industries FR","description":"","potentialAction":[{"@type":"SearchAction","target":{"@type":"EntryPoint","urlTemplate":"https:\/\/www.allthingsstone.com\/ca-fr\/?s={search_term_string}"},"query-input":"required name=search_term_string"}],"inLanguage":"en-CA"}]}},"_links":{"self":[{"href":"https:\/\/www.allthingsstone.com\/ca-fr\/wp-json\/wp\/v2\/product\/13988","targetHints":{"allow":["GET"]}}],"collection":[{"href":"https:\/\/www.allthingsstone.com\/ca-fr\/wp-json\/wp\/v2\/product"}],"about":[{"href":"https:\/\/www.allthingsstone.com\/ca-fr\/wp-json\/wp\/v2\/types\/product"}],"replies":[{"embeddable":true,"href":"https:\/\/www.allthingsstone.com\/ca-fr\/wp-json\/wp\/v2\/comments?post=13988"}],"wp:featuredmedia":[{"embeddable":true,"href":"https:\/\/www.allthingsstone.com\/ca-fr\/wp-json\/wp\/v2\/media\/14978"}],"wp:attachment":[{"href":"https:\/\/www.allthingsstone.com\/ca-fr\/wp-json\/wp\/v2\/media?parent=13988"}],"wp:term":[{"taxonomy":"product_cat","embeddable":true,"href":"https:\/\/www.allthingsstone.com\/ca-fr\/wp-json\/wp\/v2\/product_cat?post=13988"},{"taxonomy":"product_tag","embeddable":true,"href":"https:\/\/www.allthingsstone.com\/ca-fr\/wp-json\/wp\/v2\/product_tag?post=13988"}],"curies":[{"name":"wp","href":"https:\/\/api.w.org\/{rel}","templated":true}]}}