{"id":13983,"date":"2019-05-24T15:19:13","date_gmt":"2019-05-24T19:19:13","guid":{"rendered":"http:\/\/www.allthingsstone.com\/ca-fr\/product\/random-height-tumbled-thincut-natural-stone-veneer\/"},"modified":"2025-07-23T14:49:35","modified_gmt":"2025-07-23T18:49:35","slug":"random-height-tumbled-thincut-natural-stone-veneer","status":"publish","type":"product","link":"https:\/\/www.allthingsstone.com\/ca-fr\/product\/random-height-tumbled-thincut-natural-stone-veneer\/","title":{"rendered":"Random Height Tumbled \u2013 ThinCut Natural Stone"},"content":{"rendered":"<div id=\"pl-13983\"  class=\"panel-layout\" ><div id=\"pg-13983-0\"  class=\"panel-grid panel-no-style\" ><div id=\"pgc-13983-0-0\"  class=\"panel-grid-cell\" ><div id=\"panel-13983-0-0-0\" class=\"so-panel widget widget_sow-editor panel-first-child\" data-index=\"0\" ><div\n\t\t\t\n\t\t\tclass=\"so-widget-sow-editor so-widget-sow-editor-base\"\n\t\t\t\n\t\t>\n<div class=\"siteorigin-widget-tinymce textwidget\">\n\t<p>Random Height Tumbled de ThinCut\u2122 Natural Stone Veneer pr\u00e9sente les m\u00eames caract\u00e9ristiques et dimensions que celles des pierres <a href=\"https:\/\/www.allthingsstone.com\/ca-fr\/product\/random-height-thincut-natural-stone-veneer\/\">Random Height<\/a>. Elle comporte en outre des bords particuli\u00e8rement rehauss\u00e9s pour s\u2019harmoniser avec un style \u00e0 la fois classique et \u00e9l\u00e9gant. Cette pierre luxueuse passe par un processus de polissage final qui adoucit les bords et att\u00e9nue la couleur de la pierre pour lui donner une texture ancienne. Offertes en une seule couleur, les pierres Chateau Bay Random Height Tumbled sont faites d\u2019un m\u00e9lange de deux produits embl\u00e9matiques aux nuances allant du gris froid et du gris chaud de Blue River aux tons bleu gris p\u00e2le avec une panachure chamois de Brookhaven. \u00c9voquant une allure haut de gamme, les pierres contemporaines Random Height Tumbled sont id\u00e9ales pour une installation intemporelle int\u00e9rieure ou ext\u00e9rieure, qu\u2019elle soit r\u00e9sidentielle ou commerciale.<\/p>\n<\/div>\n<\/div><\/div><div id=\"panel-13983-0-0-1\" class=\"so-panel widget widget_sow-editor panel-last-child\" data-index=\"1\" ><div\n\t\t\t\n\t\t\tclass=\"so-widget-sow-editor so-widget-sow-editor-base\"\n\t\t\t\n\t\t>\n<div class=\"siteorigin-widget-tinymce textwidget\">\n\t<p>Cliquez sur\u00a0<strong><a href=\"https:\/\/www.allthingsstone.com\/ca-fr\/ou-acheter\/\">O\u00f9 acheter<\/a><\/strong>\u00a0pour trouver un d\u00e9taillant agr\u00e9\u00e9 de ThinCut<sup>\u2122<\/sup>\u00a0Natural Stone Veneer pr\u00e8s de chez vous.<\/p>\n<\/div>\n<\/div><\/div><\/div><\/div><\/div>","protected":false},"excerpt":{"rendered":"<p>Random Height Tumbled de ThinCut\u2122 Natural Stone Veneer pr\u00e9sente les m\u00eames caract\u00e9ristiques et dimensions que celles des pierres Random Height. Elle comporte en outre des &hellip; <a href=\"https:\/\/www.allthingsstone.com\/ca-fr\/product\/random-height-tumbled-thincut-natural-stone-veneer\/\">Continued<\/a><\/p>\n","protected":false},"featured_media":18412,"comment_status":"open","ping_status":"closed","template":"","meta":{"inline_featured_image":false,"_mi_skip_tracking":false,"_exactmetrics_sitenote_active":false,"_exactmetrics_sitenote_note":"","_exactmetrics_sitenote_category":0},"product_cat":[6533],"product_tag":[6570],"class_list":["post-13983","product","type-product","status-publish","has-post-thumbnail","hentry","product_cat-placage-de-pierre-naturelle","product_tag-thincut-natural-stone-textures","brands-thincut-natural-stone","single_resource-thincut-natural-stone-veneer-brochures"],"acf":[],"yoast_head":"<!-- This site is optimized with the Yoast SEO Premium plugin v21.6 (Yoast SEO v21.6) - https:\/\/yoast.com\/wordpress\/plugins\/seo\/ -->\n<title>Random Height Tumbled de ThinCut\u2122 Natural Stone | CSI FR<\/title>\n<meta name=\"description\" content=\"Cette pierre passe par un processus de polissage final qui adoucit les bords et att\u00e9nue la couleur de la pierre pour lui donner une texture ancienne.\" \/>\n<meta name=\"robots\" content=\"index, follow, max-snippet:-1, max-image-preview:large, max-video-preview:-1\" \/>\n<link rel=\"canonical\" href=\"https:\/\/www.allthingsstone.com\/ca-fr\/product\/random-height-tumbled-thincut-natural-stone-veneer\/\" \/>\n<meta property=\"og:locale\" content=\"en_US\" \/>\n<meta property=\"og:type\" content=\"article\" \/>\n<meta property=\"og:title\" content=\"Random Height Tumbled \u2013 ThinCut Natural Stone\" \/>\n<meta property=\"og:description\" content=\"Cette pierre passe par un processus de polissage final qui adoucit les bords et att\u00e9nue la couleur de la pierre pour lui donner une texture ancienne.\" \/>\n<meta property=\"og:url\" content=\"https:\/\/www.allthingsstone.com\/ca-fr\/product\/random-height-tumbled-thincut-natural-stone-veneer\/\" \/>\n<meta property=\"og:site_name\" content=\"CSI - Canadian Stone Industries FR\" \/>\n<meta property=\"article:modified_time\" content=\"2025-07-23T18:49:35+00:00\" \/>\n<meta property=\"og:image\" content=\"https:\/\/www.allthingsstone.com\/ca-fr\/wp-content\/uploads\/sites\/12\/2017\/08\/ThinCut-Natural-Stone-Random-Height-Tumbled-1.jpg\" \/>\n\t<meta property=\"og:image:width\" content=\"459\" \/>\n\t<meta property=\"og:image:height\" content=\"339\" \/>\n\t<meta property=\"og:image:type\" content=\"image\/jpeg\" \/>\n<meta name=\"twitter:card\" content=\"summary_large_image\" \/>\n<meta name=\"twitter:label1\" content=\"Est. reading time\" \/>\n\t<meta name=\"twitter:data1\" content=\"1 minute\" \/>\n<script type=\"application\/ld+json\" class=\"yoast-schema-graph\">{\"@context\":\"https:\/\/schema.org\",\"@graph\":[{\"@type\":\"WebPage\",\"@id\":\"https:\/\/www.allthingsstone.com\/ca-fr\/product\/random-height-tumbled-thincut-natural-stone-veneer\/\",\"url\":\"https:\/\/www.allthingsstone.com\/ca-fr\/product\/random-height-tumbled-thincut-natural-stone-veneer\/\",\"name\":\"Random Height Tumbled de ThinCut\u2122 Natural Stone | CSI FR\",\"isPartOf\":{\"@id\":\"https:\/\/www.allthingsstone.com\/ca-fr\/#website\"},\"datePublished\":\"2019-05-24T19:19:13+00:00\",\"dateModified\":\"2025-07-23T18:49:35+00:00\",\"description\":\"Cette pierre passe par un processus de polissage final qui adoucit les bords et att\u00e9nue la couleur de la pierre pour lui donner une texture ancienne.\",\"breadcrumb\":{\"@id\":\"https:\/\/www.allthingsstone.com\/ca-fr\/product\/random-height-tumbled-thincut-natural-stone-veneer\/#breadcrumb\"},\"inLanguage\":\"en-CA\",\"potentialAction\":[{\"@type\":\"ReadAction\",\"target\":[\"https:\/\/www.allthingsstone.com\/ca-fr\/product\/random-height-tumbled-thincut-natural-stone-veneer\/\"]}]},{\"@type\":\"BreadcrumbList\",\"@id\":\"https:\/\/www.allthingsstone.com\/ca-fr\/product\/random-height-tumbled-thincut-natural-stone-veneer\/#breadcrumb\",\"itemListElement\":[{\"@type\":\"ListItem\",\"position\":1,\"name\":\"Home\",\"item\":\"https:\/\/www.allthingsstone.com\/ca-fr\/\"},{\"@type\":\"ListItem\",\"position\":2,\"name\":\"Random Height Tumbled \u2013 ThinCut Natural Stone\"}]},{\"@type\":\"WebSite\",\"@id\":\"https:\/\/www.allthingsstone.com\/ca-fr\/#website\",\"url\":\"https:\/\/www.allthingsstone.com\/ca-fr\/\",\"name\":\"CSI - Canadian Stone Industries FR\",\"description\":\"\",\"potentialAction\":[{\"@type\":\"SearchAction\",\"target\":{\"@type\":\"EntryPoint\",\"urlTemplate\":\"https:\/\/www.allthingsstone.com\/ca-fr\/?s={search_term_string}\"},\"query-input\":\"required name=search_term_string\"}],\"inLanguage\":\"en-CA\"}]}<\/script>\n<!-- \/ Yoast SEO Premium plugin. -->","yoast_head_json":{"title":"Random Height Tumbled de ThinCut\u2122 Natural Stone | CSI FR","description":"Cette pierre passe par un processus de polissage final qui adoucit les bords et att\u00e9nue la couleur de la pierre pour lui donner une texture ancienne.","robots":{"index":"index","follow":"follow","max-snippet":"max-snippet:-1","max-image-preview":"max-image-preview:large","max-video-preview":"max-video-preview:-1"},"canonical":"https:\/\/www.allthingsstone.com\/ca-fr\/product\/random-height-tumbled-thincut-natural-stone-veneer\/","og_locale":"en_US","og_type":"article","og_title":"Random Height Tumbled \u2013 ThinCut Natural Stone","og_description":"Cette pierre passe par un processus de polissage final qui adoucit les bords et att\u00e9nue la couleur de la pierre pour lui donner une texture ancienne.","og_url":"https:\/\/www.allthingsstone.com\/ca-fr\/product\/random-height-tumbled-thincut-natural-stone-veneer\/","og_site_name":"CSI - Canadian Stone Industries FR","article_modified_time":"2025-07-23T18:49:35+00:00","og_image":[{"width":459,"height":339,"url":"https:\/\/www.allthingsstone.com\/ca-fr\/wp-content\/uploads\/sites\/12\/2017\/08\/ThinCut-Natural-Stone-Random-Height-Tumbled-1.jpg","type":"image\/jpeg"}],"twitter_card":"summary_large_image","twitter_misc":{"Est. reading time":"1 minute"},"schema":{"@context":"https:\/\/schema.org","@graph":[{"@type":"WebPage","@id":"https:\/\/www.allthingsstone.com\/ca-fr\/product\/random-height-tumbled-thincut-natural-stone-veneer\/","url":"https:\/\/www.allthingsstone.com\/ca-fr\/product\/random-height-tumbled-thincut-natural-stone-veneer\/","name":"Random Height Tumbled de ThinCut\u2122 Natural Stone | CSI FR","isPartOf":{"@id":"https:\/\/www.allthingsstone.com\/ca-fr\/#website"},"datePublished":"2019-05-24T19:19:13+00:00","dateModified":"2025-07-23T18:49:35+00:00","description":"Cette pierre passe par un processus de polissage final qui adoucit les bords et att\u00e9nue la couleur de la pierre pour lui donner une texture ancienne.","breadcrumb":{"@id":"https:\/\/www.allthingsstone.com\/ca-fr\/product\/random-height-tumbled-thincut-natural-stone-veneer\/#breadcrumb"},"inLanguage":"en-CA","potentialAction":[{"@type":"ReadAction","target":["https:\/\/www.allthingsstone.com\/ca-fr\/product\/random-height-tumbled-thincut-natural-stone-veneer\/"]}]},{"@type":"BreadcrumbList","@id":"https:\/\/www.allthingsstone.com\/ca-fr\/product\/random-height-tumbled-thincut-natural-stone-veneer\/#breadcrumb","itemListElement":[{"@type":"ListItem","position":1,"name":"Home","item":"https:\/\/www.allthingsstone.com\/ca-fr\/"},{"@type":"ListItem","position":2,"name":"Random Height Tumbled \u2013 ThinCut Natural Stone"}]},{"@type":"WebSite","@id":"https:\/\/www.allthingsstone.com\/ca-fr\/#website","url":"https:\/\/www.allthingsstone.com\/ca-fr\/","name":"CSI - Canadian Stone Industries FR","description":"","potentialAction":[{"@type":"SearchAction","target":{"@type":"EntryPoint","urlTemplate":"https:\/\/www.allthingsstone.com\/ca-fr\/?s={search_term_string}"},"query-input":"required name=search_term_string"}],"inLanguage":"en-CA"}]}},"_links":{"self":[{"href":"https:\/\/www.allthingsstone.com\/ca-fr\/wp-json\/wp\/v2\/product\/13983","targetHints":{"allow":["GET"]}}],"collection":[{"href":"https:\/\/www.allthingsstone.com\/ca-fr\/wp-json\/wp\/v2\/product"}],"about":[{"href":"https:\/\/www.allthingsstone.com\/ca-fr\/wp-json\/wp\/v2\/types\/product"}],"replies":[{"embeddable":true,"href":"https:\/\/www.allthingsstone.com\/ca-fr\/wp-json\/wp\/v2\/comments?post=13983"}],"wp:featuredmedia":[{"embeddable":true,"href":"https:\/\/www.allthingsstone.com\/ca-fr\/wp-json\/wp\/v2\/media\/18412"}],"wp:attachment":[{"href":"https:\/\/www.allthingsstone.com\/ca-fr\/wp-json\/wp\/v2\/media?parent=13983"}],"wp:term":[{"taxonomy":"product_cat","embeddable":true,"href":"https:\/\/www.allthingsstone.com\/ca-fr\/wp-json\/wp\/v2\/product_cat?post=13983"},{"taxonomy":"product_tag","embeddable":true,"href":"https:\/\/www.allthingsstone.com\/ca-fr\/wp-json\/wp\/v2\/product_tag?post=13983"}],"curies":[{"name":"wp","href":"https:\/\/api.w.org\/{rel}","templated":true}]}}