{"id":13982,"date":"2019-05-24T18:33:43","date_gmt":"2019-05-24T22:33:43","guid":{"rendered":"http:\/\/www.allthingsstone.com\/ca-fr\/product\/alleges-thincut-natural-stone-veneer\/"},"modified":"2025-05-07T12:59:10","modified_gmt":"2025-05-07T16:59:10","slug":"alleges-thincut-natural-stone-veneer","status":"publish","type":"product","link":"https:\/\/www.allthingsstone.com\/ca-fr\/product\/alleges-thincut-natural-stone-veneer\/","title":{"rendered":"Watertable Sills &#8211; ThinCut Natural Stone"},"content":{"rendered":"<div id=\"pl-13982\"  class=\"panel-layout\" ><div id=\"pg-13982-0\"  class=\"panel-grid panel-no-style\" ><div id=\"pgc-13982-0-0\"  class=\"panel-grid-cell\" ><div id=\"panel-13982-0-0-0\" class=\"so-panel widget widget_sow-editor panel-first-child\" data-index=\"0\" ><div\n\t\t\t\n\t\t\tclass=\"so-widget-sow-editor so-widget-sow-editor-base\"\n\t\t\t\n\t\t>\n<div class=\"siteorigin-widget-tinymce textwidget\">\n\t<p>Les all\u00e8ges de ThinCut\u2122 Natural Stone Veneer sont attrayantes visuellement et sont essentielles \u00e0 une gestion efficace de l\u2019humidit\u00e9. Id\u00e9ales sous une fen\u00eatre ou au-dessus d\u2019un rebord, les all\u00e8ges apportent une touche finale et font la transition vers le placage de pierre ou la brique.<\/p>\n<p>Les all\u00e8ges de ThinCut\u2122 Natural Stone Veneer sont offertes en deux couleurs, soit Old River et Mountain Ridge. Ces all\u00e8ges sont d\u00e9bit\u00e9es sur le dessus, en dessous, aux extr\u00e9mit\u00e9s et \u00e0 l\u2019arri\u00e8re, et pr\u00e9sentent une surface taill\u00e9e \u00e0 la machine.<\/p>\n<\/div>\n<\/div><\/div><div id=\"panel-13982-0-0-1\" class=\"so-panel widget widget_sow-editor panel-last-child\" data-index=\"1\" ><div\n\t\t\t\n\t\t\tclass=\"so-widget-sow-editor so-widget-sow-editor-base\"\n\t\t\t\n\t\t>\n<div class=\"siteorigin-widget-tinymce textwidget\">\n\t<p>Cliquez sur\u00a0<strong><a href=\"https:\/\/www.allthingsstone.com\/ca-fr\/ou-acheter\/\">O\u00f9 acheter<\/a><\/strong>\u00a0pour trouver un d\u00e9taillant agr\u00e9\u00e9 de ThinCut<sup>\u2122<\/sup>\u00a0Natural Stone Veneer pr\u00e8s de chez vous.<\/p>\n<\/div>\n<\/div><\/div><\/div><div id=\"pgc-13982-0-1\"  class=\"panel-grid-cell\" ><div id=\"panel-13982-0-1-0\" class=\"so-panel widget widget_sow-image panel-first-child panel-last-child\" data-index=\"2\" ><div\n\t\t\t\n\t\t\tclass=\"so-widget-sow-image so-widget-sow-image-default-8b5b6f678277-13982\"\n\t\t\t\n\t\t>\n\n<div class=\"sow-image-container\">\n\t\t<img decoding=\"async\" src=\"https:\/\/www.allthingsstone.com\/ca-fr\/wp-content\/uploads\/sites\/12\/2019\/05\/ThinCut\u2122-Natural-Stone-Veneer-Watertable-Sills.jpg\" width=\"480\" height=\"380\" srcset=\"https:\/\/www.allthingsstone.com\/ca-fr\/wp-content\/uploads\/sites\/12\/2019\/05\/ThinCut\u2122-Natural-Stone-Veneer-Watertable-Sills.jpg 480w, https:\/\/www.allthingsstone.com\/ca-fr\/wp-content\/uploads\/sites\/12\/2019\/05\/ThinCut\u2122-Natural-Stone-Veneer-Watertable-Sills-300x238.jpg 300w\" sizes=\"auto, (max-width: 480px) 100vw, 480px\" title=\"ThinCut\u2122 Natural Stone Veneer Watertable Sills\" alt=\"ThinCut\u2122 Natural Stone Veneer Watertable Sills\" loading=\"lazy\" \t\tclass=\"so-widget-image\"\/>\n\t<\/div>\n\n<\/div><\/div><\/div><\/div><\/div>","protected":false},"excerpt":{"rendered":"<p>Les all\u00e8ges de ThinCut\u2122 Natural Stone Veneer sont attrayantes visuellement et sont essentielles \u00e0 une gestion efficace de l\u2019humidit\u00e9. Id\u00e9ales sous une fen\u00eatre ou au-dessus &hellip; <a href=\"https:\/\/www.allthingsstone.com\/ca-fr\/product\/alleges-thincut-natural-stone-veneer\/\">Continued<\/a><\/p>\n","protected":false},"featured_media":11645,"comment_status":"open","ping_status":"closed","template":"","meta":{"inline_featured_image":false,"_mi_skip_tracking":false,"_exactmetrics_sitenote_active":false,"_exactmetrics_sitenote_note":"","_exactmetrics_sitenote_category":0},"product_cat":[6532],"product_tag":[7891],"class_list":["post-13982","product","type-product","status-publish","has-post-thumbnail","hentry","product_cat-accessoires-architecturaux","product_tag-accessoires-architecturaux-thincut-natural-stone-veneer","brands-thincut-natural-stone-veneer-accessoires-architecturaux","single_resource-thincut-natural-stone-veneer-brochures"],"acf":[],"yoast_head":"<!-- This site is optimized with the Yoast SEO Premium plugin v21.6 (Yoast SEO v21.6) - https:\/\/yoast.com\/wordpress\/plugins\/seo\/ -->\n<title>Les all\u00e8ges de ThinCut\u2122 Natural Stone | CSI FR<\/title>\n<meta name=\"description\" content=\"Les all\u00e8ges de ThinCut\u2122 Natural Stone Veneer sont attrayantes visuellement et sont essentielles \u00e0 une gestion efficace de l\u2019humidit\u00e9.\" \/>\n<meta name=\"robots\" content=\"index, follow, max-snippet:-1, max-image-preview:large, max-video-preview:-1\" \/>\n<link rel=\"canonical\" href=\"https:\/\/www.allthingsstone.com\/ca-fr\/product\/alleges-thincut-natural-stone-veneer\/\" \/>\n<meta property=\"og:locale\" content=\"en_US\" \/>\n<meta property=\"og:type\" content=\"article\" \/>\n<meta property=\"og:title\" content=\"Watertable Sills - ThinCut Natural Stone\" \/>\n<meta property=\"og:description\" content=\"Les all\u00e8ges de ThinCut\u2122 Natural Stone Veneer sont attrayantes visuellement et sont essentielles \u00e0 une gestion efficace de l\u2019humidit\u00e9.\" \/>\n<meta property=\"og:url\" content=\"https:\/\/www.allthingsstone.com\/ca-fr\/product\/alleges-thincut-natural-stone-veneer\/\" \/>\n<meta property=\"og:site_name\" content=\"CSI - Canadian Stone Industries FR\" \/>\n<meta property=\"article:modified_time\" content=\"2025-05-07T16:59:10+00:00\" \/>\n<meta property=\"og:image\" content=\"https:\/\/www.allthingsstone.com\/ca-fr\/wp-content\/uploads\/sites\/12\/2019\/05\/ThinCut\u2122-Natural-Stone-Veneer-Watertable-Sills.jpg\" \/>\n\t<meta property=\"og:image:width\" content=\"480\" \/>\n\t<meta property=\"og:image:height\" content=\"380\" \/>\n\t<meta property=\"og:image:type\" content=\"image\/jpeg\" \/>\n<meta name=\"twitter:card\" content=\"summary_large_image\" \/>\n<meta name=\"twitter:label1\" content=\"Est. reading time\" \/>\n\t<meta name=\"twitter:data1\" content=\"1 minute\" \/>\n<script type=\"application\/ld+json\" class=\"yoast-schema-graph\">{\"@context\":\"https:\/\/schema.org\",\"@graph\":[{\"@type\":\"WebPage\",\"@id\":\"https:\/\/www.allthingsstone.com\/ca-fr\/product\/alleges-thincut-natural-stone-veneer\/\",\"url\":\"https:\/\/www.allthingsstone.com\/ca-fr\/product\/alleges-thincut-natural-stone-veneer\/\",\"name\":\"Les all\u00e8ges de ThinCut\u2122 Natural Stone | CSI FR\",\"isPartOf\":{\"@id\":\"https:\/\/www.allthingsstone.com\/ca-fr\/#website\"},\"datePublished\":\"2019-05-24T22:33:43+00:00\",\"dateModified\":\"2025-05-07T16:59:10+00:00\",\"description\":\"Les all\u00e8ges de ThinCut\u2122 Natural Stone Veneer sont attrayantes visuellement et sont essentielles \u00e0 une gestion efficace de l\u2019humidit\u00e9.\",\"breadcrumb\":{\"@id\":\"https:\/\/www.allthingsstone.com\/ca-fr\/product\/alleges-thincut-natural-stone-veneer\/#breadcrumb\"},\"inLanguage\":\"en-CA\",\"potentialAction\":[{\"@type\":\"ReadAction\",\"target\":[\"https:\/\/www.allthingsstone.com\/ca-fr\/product\/alleges-thincut-natural-stone-veneer\/\"]}]},{\"@type\":\"BreadcrumbList\",\"@id\":\"https:\/\/www.allthingsstone.com\/ca-fr\/product\/alleges-thincut-natural-stone-veneer\/#breadcrumb\",\"itemListElement\":[{\"@type\":\"ListItem\",\"position\":1,\"name\":\"Home\",\"item\":\"https:\/\/www.allthingsstone.com\/ca-fr\/\"},{\"@type\":\"ListItem\",\"position\":2,\"name\":\"Watertable Sills &#8211; ThinCut Natural Stone\"}]},{\"@type\":\"WebSite\",\"@id\":\"https:\/\/www.allthingsstone.com\/ca-fr\/#website\",\"url\":\"https:\/\/www.allthingsstone.com\/ca-fr\/\",\"name\":\"CSI - Canadian Stone Industries FR\",\"description\":\"\",\"potentialAction\":[{\"@type\":\"SearchAction\",\"target\":{\"@type\":\"EntryPoint\",\"urlTemplate\":\"https:\/\/www.allthingsstone.com\/ca-fr\/?s={search_term_string}\"},\"query-input\":\"required name=search_term_string\"}],\"inLanguage\":\"en-CA\"}]}<\/script>\n<!-- \/ Yoast SEO Premium plugin. -->","yoast_head_json":{"title":"Les all\u00e8ges de ThinCut\u2122 Natural Stone | CSI FR","description":"Les all\u00e8ges de ThinCut\u2122 Natural Stone Veneer sont attrayantes visuellement et sont essentielles \u00e0 une gestion efficace de l\u2019humidit\u00e9.","robots":{"index":"index","follow":"follow","max-snippet":"max-snippet:-1","max-image-preview":"max-image-preview:large","max-video-preview":"max-video-preview:-1"},"canonical":"https:\/\/www.allthingsstone.com\/ca-fr\/product\/alleges-thincut-natural-stone-veneer\/","og_locale":"en_US","og_type":"article","og_title":"Watertable Sills - ThinCut Natural Stone","og_description":"Les all\u00e8ges de ThinCut\u2122 Natural Stone Veneer sont attrayantes visuellement et sont essentielles \u00e0 une gestion efficace de l\u2019humidit\u00e9.","og_url":"https:\/\/www.allthingsstone.com\/ca-fr\/product\/alleges-thincut-natural-stone-veneer\/","og_site_name":"CSI - Canadian Stone Industries FR","article_modified_time":"2025-05-07T16:59:10+00:00","og_image":[{"width":480,"height":380,"url":"https:\/\/www.allthingsstone.com\/ca-fr\/wp-content\/uploads\/sites\/12\/2019\/05\/ThinCut\u2122-Natural-Stone-Veneer-Watertable-Sills.jpg","type":"image\/jpeg"}],"twitter_card":"summary_large_image","twitter_misc":{"Est. reading time":"1 minute"},"schema":{"@context":"https:\/\/schema.org","@graph":[{"@type":"WebPage","@id":"https:\/\/www.allthingsstone.com\/ca-fr\/product\/alleges-thincut-natural-stone-veneer\/","url":"https:\/\/www.allthingsstone.com\/ca-fr\/product\/alleges-thincut-natural-stone-veneer\/","name":"Les all\u00e8ges de ThinCut\u2122 Natural Stone | CSI FR","isPartOf":{"@id":"https:\/\/www.allthingsstone.com\/ca-fr\/#website"},"datePublished":"2019-05-24T22:33:43+00:00","dateModified":"2025-05-07T16:59:10+00:00","description":"Les all\u00e8ges de ThinCut\u2122 Natural Stone Veneer sont attrayantes visuellement et sont essentielles \u00e0 une gestion efficace de l\u2019humidit\u00e9.","breadcrumb":{"@id":"https:\/\/www.allthingsstone.com\/ca-fr\/product\/alleges-thincut-natural-stone-veneer\/#breadcrumb"},"inLanguage":"en-CA","potentialAction":[{"@type":"ReadAction","target":["https:\/\/www.allthingsstone.com\/ca-fr\/product\/alleges-thincut-natural-stone-veneer\/"]}]},{"@type":"BreadcrumbList","@id":"https:\/\/www.allthingsstone.com\/ca-fr\/product\/alleges-thincut-natural-stone-veneer\/#breadcrumb","itemListElement":[{"@type":"ListItem","position":1,"name":"Home","item":"https:\/\/www.allthingsstone.com\/ca-fr\/"},{"@type":"ListItem","position":2,"name":"Watertable Sills &#8211; ThinCut Natural Stone"}]},{"@type":"WebSite","@id":"https:\/\/www.allthingsstone.com\/ca-fr\/#website","url":"https:\/\/www.allthingsstone.com\/ca-fr\/","name":"CSI - Canadian Stone Industries FR","description":"","potentialAction":[{"@type":"SearchAction","target":{"@type":"EntryPoint","urlTemplate":"https:\/\/www.allthingsstone.com\/ca-fr\/?s={search_term_string}"},"query-input":"required name=search_term_string"}],"inLanguage":"en-CA"}]}},"_links":{"self":[{"href":"https:\/\/www.allthingsstone.com\/ca-fr\/wp-json\/wp\/v2\/product\/13982","targetHints":{"allow":["GET"]}}],"collection":[{"href":"https:\/\/www.allthingsstone.com\/ca-fr\/wp-json\/wp\/v2\/product"}],"about":[{"href":"https:\/\/www.allthingsstone.com\/ca-fr\/wp-json\/wp\/v2\/types\/product"}],"replies":[{"embeddable":true,"href":"https:\/\/www.allthingsstone.com\/ca-fr\/wp-json\/wp\/v2\/comments?post=13982"}],"wp:featuredmedia":[{"embeddable":true,"href":"https:\/\/www.allthingsstone.com\/ca-fr\/wp-json\/wp\/v2\/media\/11645"}],"wp:attachment":[{"href":"https:\/\/www.allthingsstone.com\/ca-fr\/wp-json\/wp\/v2\/media?parent=13982"}],"wp:term":[{"taxonomy":"product_cat","embeddable":true,"href":"https:\/\/www.allthingsstone.com\/ca-fr\/wp-json\/wp\/v2\/product_cat?post=13982"},{"taxonomy":"product_tag","embeddable":true,"href":"https:\/\/www.allthingsstone.com\/ca-fr\/wp-json\/wp\/v2\/product_tag?post=13982"}],"curies":[{"name":"wp","href":"https:\/\/api.w.org\/{rel}","templated":true}]}}