{"id":13981,"date":"2019-08-28T17:50:37","date_gmt":"2019-08-28T21:50:37","guid":{"rendered":"http:\/\/www.allthingsstone.com\/ca-fr\/product\/vis-de-fixation-de-versetta-stone\/"},"modified":"2024-07-26T13:47:28","modified_gmt":"2024-07-26T17:47:28","slug":"vis-de-fixation-de-versetta-stone","status":"publish","type":"product","link":"https:\/\/www.allthingsstone.com\/ca-fr\/product\/vis-de-fixation-de-versetta-stone\/","title":{"rendered":"4 Fastening Screws &#8211; Versetta Stone"},"content":{"rendered":"<div id=\"pl-13981\"  class=\"panel-layout\" ><div id=\"pg-13981-0\"  class=\"panel-grid panel-no-style\" ><div id=\"pgc-13981-0-0\"  class=\"panel-grid-cell\" ><div id=\"panel-13981-0-0-0\" class=\"so-panel widget widget_sow-editor panel-first-child panel-last-child\" data-index=\"0\" ><div\n\t\t\t\n\t\t\tclass=\"so-widget-sow-editor so-widget-sow-editor-base\"\n\t\t\t\n\t\t>\n<div class=\"siteorigin-widget-tinymce textwidget\">\n\t<p>Les vis de fixation de Versetta Stone<strong><sup>\u00ae<\/sup><\/strong> simplifient l\u2019installation des rev\u00eatements en pierre. Les vis de fixation en acier au carbone c\u00e9ment\u00e9 sont id\u00e9ales pour les applications int\u00e9rieures et ext\u00e9rieures. Deux tailles de vis de fixation sont offertes, selon le type d\u2019installation.<\/p>\n<h5>Caract\u00e9ristiques<\/h5>\n<ul>\n<li>- Les vis de fixation se fixent \u00e0 l\u2019embout\u00a0T25 fourni pour faciliter l\u2019installation de la vis<\/li>\n<li>- Bout pointu qui mord rapidement dans le bois<\/li>\n<li>- T\u00eate frais\u00e9e Torx qui s\u2019ajuste fermement aux embouts de type \u00ab\u00a0U-Bit\u00a0\u00bb<\/li>\n<\/ul>\n<\/div>\n<\/div><\/div><\/div><div id=\"pgc-13981-0-1\"  class=\"panel-grid-cell\" ><div id=\"panel-13981-0-1-0\" class=\"so-panel widget widget_sow-image panel-first-child panel-last-child\" data-index=\"1\" ><div\n\t\t\t\n\t\t\tclass=\"so-widget-sow-image so-widget-sow-image-default-8b5b6f678277-13981\"\n\t\t\t\n\t\t>\n\n<div class=\"sow-image-container\">\n\t\t<img decoding=\"async\" src=\"https:\/\/www.allthingsstone.com\/ca-fr\/wp-content\/uploads\/sites\/12\/2020\/02\/Versetta-Stone\u00ae-Fastening-Screw-Package.png\" width=\"400\" height=\"300\" srcset=\"https:\/\/www.allthingsstone.com\/ca-fr\/wp-content\/uploads\/sites\/12\/2020\/02\/Versetta-Stone\u00ae-Fastening-Screw-Package.png 400w, https:\/\/www.allthingsstone.com\/ca-fr\/wp-content\/uploads\/sites\/12\/2020\/02\/Versetta-Stone\u00ae-Fastening-Screw-Package-300x225.png 300w\" sizes=\"auto, (max-width: 400px) 100vw, 400px\" alt=\"\" loading=\"lazy\" \t\tclass=\"so-widget-image\"\/>\n\t<\/div>\n\n<\/div><\/div><\/div><\/div><div id=\"pg-13981-1\"  class=\"panel-grid panel-no-style\" ><div id=\"pgc-13981-1-0\"  class=\"panel-grid-cell\" ><div id=\"panel-13981-1-0-0\" class=\"so-panel widget widget_sow-editor panel-first-child panel-last-child\" data-index=\"2\" ><div\n\t\t\t\n\t\t\tclass=\"so-widget-sow-editor so-widget-sow-editor-base\"\n\t\t\t\n\t\t>\n<div class=\"siteorigin-widget-tinymce textwidget\">\n\t<p>Cliquez sur le bouton <a href=\"https:\/\/www.allthingsstone.com\/ca-fr\/ou-acheter\/\"><strong>O\u00f9 acheter<\/strong><\/a> pour trouver un d\u00e9taillant de produits Versetta Stone<sup>\u00ae<\/sup> pr\u00e8s de chez vous.<\/p>\n<\/div>\n<\/div><\/div><\/div><\/div><\/div>","protected":false},"excerpt":{"rendered":"<p>Les vis de fixation de Versetta Stone\u00ae simplifient l\u2019installation des rev\u00eatements en pierre. Les vis de fixation en acier au carbone c\u00e9ment\u00e9 sont id\u00e9ales pour &hellip; <a href=\"https:\/\/www.allthingsstone.com\/ca-fr\/product\/vis-de-fixation-de-versetta-stone\/\">Continued<\/a><\/p>\n","protected":false},"featured_media":13452,"comment_status":"open","ping_status":"closed","template":"","meta":{"inline_featured_image":false,"_mi_skip_tracking":false,"_exactmetrics_sitenote_active":false,"_exactmetrics_sitenote_note":"","_exactmetrics_sitenote_category":0},"product_cat":[6535],"product_tag":[6569],"class_list":["post-13981","product","type-product","status-publish","has-post-thumbnail","hentry","product_cat-revetement-de-pierre","product_tag-versetta-stone-system-components","brands-versetta-stone","single_resource-versetta-stone-resources"],"acf":[],"yoast_head":"<!-- This site is optimized with the Yoast SEO Premium plugin v21.6 (Yoast SEO v21.6) - https:\/\/yoast.com\/wordpress\/plugins\/seo\/ -->\n<title>Vis de fixation de Versetta Stone\u00ae | CSI FR<\/title>\n<meta name=\"description\" content=\"Les vis de fixation de Versetta Stone\u00ae\u00a0simplifient l\u2019installation des rev\u00eatements en pierre. Les vis de fixation en acier au carbone c\u00e9ment\u00e9 sont id\u00e9ales pour les applications int\u00e9rieures et ext\u00e9rieures. Deux tailles de vis de fixation sont offertes, selon le type d\u2019installation.\" \/>\n<meta name=\"robots\" content=\"index, follow, max-snippet:-1, max-image-preview:large, max-video-preview:-1\" \/>\n<link rel=\"canonical\" href=\"https:\/\/www.allthingsstone.com\/ca-fr\/product\/vis-de-fixation-de-versetta-stone\/\" \/>\n<meta property=\"og:locale\" content=\"en_US\" \/>\n<meta property=\"og:type\" content=\"article\" \/>\n<meta property=\"og:title\" content=\"4 Fastening Screws - Versetta Stone\" \/>\n<meta property=\"og:description\" content=\"Les vis de fixation de Versetta Stone\u00ae\u00a0simplifient l\u2019installation des rev\u00eatements en pierre. Les vis de fixation en acier au carbone c\u00e9ment\u00e9 sont id\u00e9ales pour les applications int\u00e9rieures et ext\u00e9rieures. Deux tailles de vis de fixation sont offertes, selon le type d\u2019installation.\" \/>\n<meta property=\"og:url\" content=\"https:\/\/www.allthingsstone.com\/ca-fr\/product\/vis-de-fixation-de-versetta-stone\/\" \/>\n<meta property=\"og:site_name\" content=\"CSI - Canadian Stone Industries FR\" \/>\n<meta property=\"article:modified_time\" content=\"2024-07-26T17:47:28+00:00\" \/>\n<meta property=\"og:image\" content=\"https:\/\/www.allthingsstone.com\/ca-fr\/wp-content\/uploads\/sites\/12\/2020\/02\/Versetta-Stone\u00ae-Fastening-Screws.png\" \/>\n\t<meta property=\"og:image:width\" content=\"459\" \/>\n\t<meta property=\"og:image:height\" content=\"339\" \/>\n\t<meta property=\"og:image:type\" content=\"image\/png\" \/>\n<meta name=\"twitter:card\" content=\"summary_large_image\" \/>\n<meta name=\"twitter:label1\" content=\"Est. reading time\" \/>\n\t<meta name=\"twitter:data1\" content=\"1 minute\" \/>\n<script type=\"application\/ld+json\" class=\"yoast-schema-graph\">{\"@context\":\"https:\/\/schema.org\",\"@graph\":[{\"@type\":\"WebPage\",\"@id\":\"https:\/\/www.allthingsstone.com\/ca-fr\/product\/vis-de-fixation-de-versetta-stone\/\",\"url\":\"https:\/\/www.allthingsstone.com\/ca-fr\/product\/vis-de-fixation-de-versetta-stone\/\",\"name\":\"Vis de fixation de Versetta Stone\u00ae | CSI FR\",\"isPartOf\":{\"@id\":\"https:\/\/www.allthingsstone.com\/ca-fr\/#website\"},\"datePublished\":\"2019-08-28T21:50:37+00:00\",\"dateModified\":\"2024-07-26T17:47:28+00:00\",\"description\":\"Les vis de fixation de Versetta Stone\u00ae\u00a0simplifient l\u2019installation des rev\u00eatements en pierre. Les vis de fixation en acier au carbone c\u00e9ment\u00e9 sont id\u00e9ales pour les applications int\u00e9rieures et ext\u00e9rieures. Deux tailles de vis de fixation sont offertes, selon le type d\u2019installation.\",\"breadcrumb\":{\"@id\":\"https:\/\/www.allthingsstone.com\/ca-fr\/product\/vis-de-fixation-de-versetta-stone\/#breadcrumb\"},\"inLanguage\":\"en-CA\",\"potentialAction\":[{\"@type\":\"ReadAction\",\"target\":[\"https:\/\/www.allthingsstone.com\/ca-fr\/product\/vis-de-fixation-de-versetta-stone\/\"]}]},{\"@type\":\"BreadcrumbList\",\"@id\":\"https:\/\/www.allthingsstone.com\/ca-fr\/product\/vis-de-fixation-de-versetta-stone\/#breadcrumb\",\"itemListElement\":[{\"@type\":\"ListItem\",\"position\":1,\"name\":\"Home\",\"item\":\"https:\/\/www.allthingsstone.com\/ca-fr\/\"},{\"@type\":\"ListItem\",\"position\":2,\"name\":\"4 Fastening Screws &#8211; Versetta Stone\"}]},{\"@type\":\"WebSite\",\"@id\":\"https:\/\/www.allthingsstone.com\/ca-fr\/#website\",\"url\":\"https:\/\/www.allthingsstone.com\/ca-fr\/\",\"name\":\"CSI - Canadian Stone Industries FR\",\"description\":\"\",\"potentialAction\":[{\"@type\":\"SearchAction\",\"target\":{\"@type\":\"EntryPoint\",\"urlTemplate\":\"https:\/\/www.allthingsstone.com\/ca-fr\/?s={search_term_string}\"},\"query-input\":\"required name=search_term_string\"}],\"inLanguage\":\"en-CA\"}]}<\/script>\n<!-- \/ Yoast SEO Premium plugin. -->","yoast_head_json":{"title":"Vis de fixation de Versetta Stone\u00ae | CSI FR","description":"Les vis de fixation de Versetta Stone\u00ae\u00a0simplifient l\u2019installation des rev\u00eatements en pierre. Les vis de fixation en acier au carbone c\u00e9ment\u00e9 sont id\u00e9ales pour les applications int\u00e9rieures et ext\u00e9rieures. Deux tailles de vis de fixation sont offertes, selon le type d\u2019installation.","robots":{"index":"index","follow":"follow","max-snippet":"max-snippet:-1","max-image-preview":"max-image-preview:large","max-video-preview":"max-video-preview:-1"},"canonical":"https:\/\/www.allthingsstone.com\/ca-fr\/product\/vis-de-fixation-de-versetta-stone\/","og_locale":"en_US","og_type":"article","og_title":"4 Fastening Screws - Versetta Stone","og_description":"Les vis de fixation de Versetta Stone\u00ae\u00a0simplifient l\u2019installation des rev\u00eatements en pierre. Les vis de fixation en acier au carbone c\u00e9ment\u00e9 sont id\u00e9ales pour les applications int\u00e9rieures et ext\u00e9rieures. Deux tailles de vis de fixation sont offertes, selon le type d\u2019installation.","og_url":"https:\/\/www.allthingsstone.com\/ca-fr\/product\/vis-de-fixation-de-versetta-stone\/","og_site_name":"CSI - Canadian Stone Industries FR","article_modified_time":"2024-07-26T17:47:28+00:00","og_image":[{"width":459,"height":339,"url":"https:\/\/www.allthingsstone.com\/ca-fr\/wp-content\/uploads\/sites\/12\/2020\/02\/Versetta-Stone\u00ae-Fastening-Screws.png","type":"image\/png"}],"twitter_card":"summary_large_image","twitter_misc":{"Est. reading time":"1 minute"},"schema":{"@context":"https:\/\/schema.org","@graph":[{"@type":"WebPage","@id":"https:\/\/www.allthingsstone.com\/ca-fr\/product\/vis-de-fixation-de-versetta-stone\/","url":"https:\/\/www.allthingsstone.com\/ca-fr\/product\/vis-de-fixation-de-versetta-stone\/","name":"Vis de fixation de Versetta Stone\u00ae | CSI FR","isPartOf":{"@id":"https:\/\/www.allthingsstone.com\/ca-fr\/#website"},"datePublished":"2019-08-28T21:50:37+00:00","dateModified":"2024-07-26T17:47:28+00:00","description":"Les vis de fixation de Versetta Stone\u00ae\u00a0simplifient l\u2019installation des rev\u00eatements en pierre. Les vis de fixation en acier au carbone c\u00e9ment\u00e9 sont id\u00e9ales pour les applications int\u00e9rieures et ext\u00e9rieures. Deux tailles de vis de fixation sont offertes, selon le type d\u2019installation.","breadcrumb":{"@id":"https:\/\/www.allthingsstone.com\/ca-fr\/product\/vis-de-fixation-de-versetta-stone\/#breadcrumb"},"inLanguage":"en-CA","potentialAction":[{"@type":"ReadAction","target":["https:\/\/www.allthingsstone.com\/ca-fr\/product\/vis-de-fixation-de-versetta-stone\/"]}]},{"@type":"BreadcrumbList","@id":"https:\/\/www.allthingsstone.com\/ca-fr\/product\/vis-de-fixation-de-versetta-stone\/#breadcrumb","itemListElement":[{"@type":"ListItem","position":1,"name":"Home","item":"https:\/\/www.allthingsstone.com\/ca-fr\/"},{"@type":"ListItem","position":2,"name":"4 Fastening Screws &#8211; Versetta Stone"}]},{"@type":"WebSite","@id":"https:\/\/www.allthingsstone.com\/ca-fr\/#website","url":"https:\/\/www.allthingsstone.com\/ca-fr\/","name":"CSI - Canadian Stone Industries FR","description":"","potentialAction":[{"@type":"SearchAction","target":{"@type":"EntryPoint","urlTemplate":"https:\/\/www.allthingsstone.com\/ca-fr\/?s={search_term_string}"},"query-input":"required name=search_term_string"}],"inLanguage":"en-CA"}]}},"_links":{"self":[{"href":"https:\/\/www.allthingsstone.com\/ca-fr\/wp-json\/wp\/v2\/product\/13981","targetHints":{"allow":["GET"]}}],"collection":[{"href":"https:\/\/www.allthingsstone.com\/ca-fr\/wp-json\/wp\/v2\/product"}],"about":[{"href":"https:\/\/www.allthingsstone.com\/ca-fr\/wp-json\/wp\/v2\/types\/product"}],"replies":[{"embeddable":true,"href":"https:\/\/www.allthingsstone.com\/ca-fr\/wp-json\/wp\/v2\/comments?post=13981"}],"wp:featuredmedia":[{"embeddable":true,"href":"https:\/\/www.allthingsstone.com\/ca-fr\/wp-json\/wp\/v2\/media\/13452"}],"wp:attachment":[{"href":"https:\/\/www.allthingsstone.com\/ca-fr\/wp-json\/wp\/v2\/media?parent=13981"}],"wp:term":[{"taxonomy":"product_cat","embeddable":true,"href":"https:\/\/www.allthingsstone.com\/ca-fr\/wp-json\/wp\/v2\/product_cat?post=13981"},{"taxonomy":"product_tag","embeddable":true,"href":"https:\/\/www.allthingsstone.com\/ca-fr\/wp-json\/wp\/v2\/product_tag?post=13981"}],"curies":[{"name":"wp","href":"https:\/\/api.w.org\/{rel}","templated":true}]}}