{"id":6676,"date":"2017-10-19T17:55:57","date_gmt":"2017-10-19T21:55:57","guid":{"rendered":"http:\/\/www.allthingsstone.com\/ca-fr\/?page_id=6676"},"modified":"2021-05-17T16:39:08","modified_gmt":"2021-05-17T20:39:08","slug":"produits","status":"publish","type":"page","link":"https:\/\/www.allthingsstone.com\/ca-fr\/produits\/","title":{"rendered":"Produits"},"content":{"rendered":"<p style=\"text-align: left\"><span style=\"color: #000000\">Choisissez un type de produit dans les options qui suivent pour voir les marques que nous offrons; <a style=\"color: #000000\" href=\"https:\/\/www.allthingsstone.com\/ca-fr\/produits\/placage-de-pierre-usinee\">placage de pierre manufacture<\/a>, <a style=\"color: #000000\" href=\"https:\/\/www.allthingsstone.com\/ca-fr\/produits\/placage-de-pierre-naturelle\/\">placage de pierre naturelle<\/a>, <a style=\"color: #000000\" href=\"https:\/\/www.allthingsstone.com\/ca-fr\/produits\/revetement-de-pierre\">rev\u00eatement de pierre<\/a>, <a style=\"color: #000000\" href=\"https:\/\/www.allthingsstone.com\/ca-fr\/produits\/placage-de-brique\">placage de brique<\/a>, <a style=\"color: #000000\" href=\"https:\/\/www.allthingsstone.com\/ca-fr\/produits\/accessoires-architecturaux\">accessoires architecturaux<\/a>, <a style=\"color: #000000\" href=\"https:\/\/www.allthingsstone.com\/ca-fr\/produits\/produits-de-paysagement\">produits de paysagement<\/a>, <a style=\"color: #000000\" href=\"https:\/\/www.allthingsstone.com\/ca-fr\/produits\/systemes-de-foyers-et-vie-exterieure\">syst\u00e8mes de foyers et vie ext\u00e9rieure<\/a>, et <a style=\"color: #000000\" href=\"https:\/\/www.allthingsstone.com\/ca-fr\/produits\/produits-de-construction\">produits de construction<\/a>.<\/span><\/p>\n","protected":false},"excerpt":{"rendered":"<p>Choisissez un type de produit dans les options qui suivent pour voir les marques que nous offrons; placage de pierre manufacture, placage de pierre naturelle, &hellip; <a href=\"https:\/\/www.allthingsstone.com\/ca-fr\/produits\/\">Continued<\/a><\/p>\n","protected":false},"author":15,"featured_media":11312,"parent":0,"menu_order":0,"comment_status":"closed","ping_status":"closed","template":"template-products.php","meta":{"inline_featured_image":false,"_mi_skip_tracking":false,"_exactmetrics_sitenote_active":false,"_exactmetrics_sitenote_note":"","_exactmetrics_sitenote_category":0,"footnotes":""},"class_list":["post-6676","page","type-page","status-publish","has-post-thumbnail","hentry"],"acf":[],"yoast_head":"<!-- This site is optimized with the Yoast SEO Premium plugin v21.6 (Yoast SEO v21.6) - https:\/\/yoast.com\/wordpress\/plugins\/seo\/ -->\n<title>Produits | CSI - All Things Stone CAN-FR<\/title>\n<meta name=\"description\" content=\"Nous repr\u00e9sentons des marques premium de placage de pierre manufacture, placage de pierre naturelle, rev\u00eatement de pierre, placage de brique, accessoires architecturaux, produits de paysagement, syst\u00e8mes de foyers et vie ext\u00e9rieure, et produits de construction.\" \/>\n<meta name=\"robots\" content=\"index, follow, max-snippet:-1, max-image-preview:large, max-video-preview:-1\" \/>\n<link rel=\"canonical\" href=\"https:\/\/www.allthingsstone.com\/ca-fr\/produits\/\" \/>\n<meta property=\"og:locale\" content=\"en_US\" \/>\n<meta property=\"og:type\" content=\"article\" \/>\n<meta property=\"og:title\" content=\"Produits\" \/>\n<meta property=\"og:description\" content=\"Nous repr\u00e9sentons des marques premium de placage de pierre manufacture, placage de pierre naturelle, rev\u00eatement de pierre, placage de brique, accessoires architecturaux, produits de paysagement, syst\u00e8mes de foyers et vie ext\u00e9rieure, et produits de construction.\" \/>\n<meta property=\"og:url\" content=\"https:\/\/www.allthingsstone.com\/ca-fr\/produits\/\" \/>\n<meta property=\"og:site_name\" content=\"CSI - Canadian Stone Industries FR\" \/>\n<meta property=\"article:modified_time\" content=\"2021-05-17T20:39:08+00:00\" \/>\n<meta property=\"og:image\" content=\"https:\/\/www.allthingsstone.com\/ca-fr\/wp-content\/uploads\/sites\/12\/2017\/06\/Products-Offered-by-Canadian-Stone-Industries-Brick-Veneer-Natural-Stone-Manufactured-Stone.jpg\" \/>\n\t<meta property=\"og:image:width\" content=\"1920\" \/>\n\t<meta property=\"og:image:height\" content=\"250\" \/>\n\t<meta property=\"og:image:type\" content=\"image\/jpeg\" \/>\n<meta name=\"twitter:card\" content=\"summary_large_image\" \/>\n<meta name=\"twitter:label1\" content=\"Est. reading time\" \/>\n\t<meta name=\"twitter:data1\" content=\"1 minute\" \/>\n<script type=\"application\/ld+json\" class=\"yoast-schema-graph\">{\"@context\":\"https:\/\/schema.org\",\"@graph\":[{\"@type\":\"WebPage\",\"@id\":\"https:\/\/www.allthingsstone.com\/ca-fr\/produits\/\",\"url\":\"https:\/\/www.allthingsstone.com\/ca-fr\/produits\/\",\"name\":\"Produits | CSI - All Things Stone CAN-FR\",\"isPartOf\":{\"@id\":\"https:\/\/www.allthingsstone.com\/ca-fr\/#website\"},\"datePublished\":\"2017-10-19T21:55:57+00:00\",\"dateModified\":\"2021-05-17T20:39:08+00:00\",\"description\":\"Nous repr\u00e9sentons des marques premium de placage de pierre manufacture, placage de pierre naturelle, rev\u00eatement de pierre, placage de brique, accessoires architecturaux, produits de paysagement, syst\u00e8mes de foyers et vie ext\u00e9rieure, et produits de construction.\",\"breadcrumb\":{\"@id\":\"https:\/\/www.allthingsstone.com\/ca-fr\/produits\/#breadcrumb\"},\"inLanguage\":\"en-CA\",\"potentialAction\":[{\"@type\":\"ReadAction\",\"target\":[\"https:\/\/www.allthingsstone.com\/ca-fr\/produits\/\"]}]},{\"@type\":\"BreadcrumbList\",\"@id\":\"https:\/\/www.allthingsstone.com\/ca-fr\/produits\/#breadcrumb\",\"itemListElement\":[{\"@type\":\"ListItem\",\"position\":1,\"name\":\"Home\",\"item\":\"https:\/\/www.allthingsstone.com\/ca-fr\/\"},{\"@type\":\"ListItem\",\"position\":2,\"name\":\"Produits\"}]},{\"@type\":\"WebSite\",\"@id\":\"https:\/\/www.allthingsstone.com\/ca-fr\/#website\",\"url\":\"https:\/\/www.allthingsstone.com\/ca-fr\/\",\"name\":\"CSI - Canadian Stone Industries FR\",\"description\":\"\",\"potentialAction\":[{\"@type\":\"SearchAction\",\"target\":{\"@type\":\"EntryPoint\",\"urlTemplate\":\"https:\/\/www.allthingsstone.com\/ca-fr\/?s={search_term_string}\"},\"query-input\":\"required name=search_term_string\"}],\"inLanguage\":\"en-CA\"}]}<\/script>\n<!-- \/ Yoast SEO Premium plugin. -->","yoast_head_json":{"title":"Produits | CSI - All Things Stone CAN-FR","description":"Nous repr\u00e9sentons des marques premium de placage de pierre manufacture, placage de pierre naturelle, rev\u00eatement de pierre, placage de brique, accessoires architecturaux, produits de paysagement, syst\u00e8mes de foyers et vie ext\u00e9rieure, et produits de construction.","robots":{"index":"index","follow":"follow","max-snippet":"max-snippet:-1","max-image-preview":"max-image-preview:large","max-video-preview":"max-video-preview:-1"},"canonical":"https:\/\/www.allthingsstone.com\/ca-fr\/produits\/","og_locale":"en_US","og_type":"article","og_title":"Produits","og_description":"Nous repr\u00e9sentons des marques premium de placage de pierre manufacture, placage de pierre naturelle, rev\u00eatement de pierre, placage de brique, accessoires architecturaux, produits de paysagement, syst\u00e8mes de foyers et vie ext\u00e9rieure, et produits de construction.","og_url":"https:\/\/www.allthingsstone.com\/ca-fr\/produits\/","og_site_name":"CSI - Canadian Stone Industries FR","article_modified_time":"2021-05-17T20:39:08+00:00","og_image":[{"width":1920,"height":250,"url":"https:\/\/www.allthingsstone.com\/ca-fr\/wp-content\/uploads\/sites\/12\/2017\/06\/Products-Offered-by-Canadian-Stone-Industries-Brick-Veneer-Natural-Stone-Manufactured-Stone.jpg","type":"image\/jpeg"}],"twitter_card":"summary_large_image","twitter_misc":{"Est. reading time":"1 minute"},"schema":{"@context":"https:\/\/schema.org","@graph":[{"@type":"WebPage","@id":"https:\/\/www.allthingsstone.com\/ca-fr\/produits\/","url":"https:\/\/www.allthingsstone.com\/ca-fr\/produits\/","name":"Produits | CSI - All Things Stone CAN-FR","isPartOf":{"@id":"https:\/\/www.allthingsstone.com\/ca-fr\/#website"},"datePublished":"2017-10-19T21:55:57+00:00","dateModified":"2021-05-17T20:39:08+00:00","description":"Nous repr\u00e9sentons des marques premium de placage de pierre manufacture, placage de pierre naturelle, rev\u00eatement de pierre, placage de brique, accessoires architecturaux, produits de paysagement, syst\u00e8mes de foyers et vie ext\u00e9rieure, et produits de construction.","breadcrumb":{"@id":"https:\/\/www.allthingsstone.com\/ca-fr\/produits\/#breadcrumb"},"inLanguage":"en-CA","potentialAction":[{"@type":"ReadAction","target":["https:\/\/www.allthingsstone.com\/ca-fr\/produits\/"]}]},{"@type":"BreadcrumbList","@id":"https:\/\/www.allthingsstone.com\/ca-fr\/produits\/#breadcrumb","itemListElement":[{"@type":"ListItem","position":1,"name":"Home","item":"https:\/\/www.allthingsstone.com\/ca-fr\/"},{"@type":"ListItem","position":2,"name":"Produits"}]},{"@type":"WebSite","@id":"https:\/\/www.allthingsstone.com\/ca-fr\/#website","url":"https:\/\/www.allthingsstone.com\/ca-fr\/","name":"CSI - Canadian Stone Industries FR","description":"","potentialAction":[{"@type":"SearchAction","target":{"@type":"EntryPoint","urlTemplate":"https:\/\/www.allthingsstone.com\/ca-fr\/?s={search_term_string}"},"query-input":"required name=search_term_string"}],"inLanguage":"en-CA"}]}},"_links":{"self":[{"href":"https:\/\/www.allthingsstone.com\/ca-fr\/wp-json\/wp\/v2\/pages\/6676","targetHints":{"allow":["GET"]}}],"collection":[{"href":"https:\/\/www.allthingsstone.com\/ca-fr\/wp-json\/wp\/v2\/pages"}],"about":[{"href":"https:\/\/www.allthingsstone.com\/ca-fr\/wp-json\/wp\/v2\/types\/page"}],"author":[{"embeddable":true,"href":"https:\/\/www.allthingsstone.com\/ca-fr\/wp-json\/wp\/v2\/users\/15"}],"replies":[{"embeddable":true,"href":"https:\/\/www.allthingsstone.com\/ca-fr\/wp-json\/wp\/v2\/comments?post=6676"}],"version-history":[{"count":0,"href":"https:\/\/www.allthingsstone.com\/ca-fr\/wp-json\/wp\/v2\/pages\/6676\/revisions"}],"wp:featuredmedia":[{"embeddable":true,"href":"https:\/\/www.allthingsstone.com\/ca-fr\/wp-json\/wp\/v2\/media\/11312"}],"wp:attachment":[{"href":"https:\/\/www.allthingsstone.com\/ca-fr\/wp-json\/wp\/v2\/media?parent=6676"}],"curies":[{"name":"wp","href":"https:\/\/api.w.org\/{rel}","templated":true}]}}