{"id":6477,"date":"2017-10-06T20:03:32","date_gmt":"2017-10-07T00:03:32","guid":{"rendered":"http:\/\/www.allthingsstone.com\/ca-fr\/?page_id=6477"},"modified":"2024-06-19T12:19:23","modified_gmt":"2024-06-19T16:19:23","slug":"careers","status":"publish","type":"page","link":"https:\/\/www.allthingsstone.com\/ca-fr\/carrieres\/","title":{"rendered":"Carri\u00e8res"},"content":{"rendered":"<div id=\"pl-6477\"  class=\"panel-layout\" ><div id=\"pg-6477-0\"  class=\"panel-grid panel-no-style\" ><div id=\"pgc-6477-0-0\"  class=\"panel-grid-cell\" ><div id=\"panel-6477-0-0-0\" class=\"so-panel widget widget_sow-editor panel-first-child panel-last-child\" data-index=\"0\" ><div class=\"container panel-widget-style panel-widget-style-for-6477-0-0-0\" ><div\n\t\t\t\n\t\t\tclass=\"so-widget-sow-editor so-widget-sow-editor-base\"\n\t\t\t\n\t\t><h3 class=\"widget-title\">Travailler chez CSI<\/h3>\n<div class=\"siteorigin-widget-tinymce textwidget\">\n\t<p>Depuis plus de 30 ans, CSI \u2013 All Things Stone est l\u2019un des principaux distributeurs en gros et repr\u00e9sentants de produits innovants li\u00e9s au placage de pierre et \u00e0 la ma\u00e7onnerie en Am\u00e9rique du Nord. Fond\u00e9e \u00e0 l'origine en Colombie-Britannique, CSI poss\u00e8de des entrep\u00f4ts de distribution en Colombie-Britannique, en Ontario et en Californie. \u00c0 partir de ces entrep\u00f4ts, nous entretenons notre r\u00e9seau de concessionnaires compos\u00e9 de plus de 400 principaux fournisseurs de ma\u00e7onnerie situ\u00e9s \u00e0 travers le Canada et les \u00c9tats-Unis d'Am\u00e9rique.<\/p>\n<p>Chez CSI, nous sommes fiers de soutenir nos clients avec une repr\u00e9sentation commerciale sur le terrain, une assistance architecturale et technique, combin\u00e9es \u00e0 un support marketing innovant. La vision de CSI est d\u2019\u00eatre le fournisseur incontournable de produits de construction sp\u00e9cialis\u00e9s et d\u2019\u00eatre c\u00e9l\u00e9br\u00e9 pour l\u2019excellence de notre connaissance des produits, de notre offre de produits haut de gamme et de notre exp\u00e9rience client. Chez CSI, notre priorit\u00e9 est le service \u00e0 nos diff\u00e9rents types de clients : concessionnaires, architectes, designers, constructeurs, entrepreneurs, ma\u00e7ons\/installateurs, r\u00e9novateurs et grand public.<\/p>\n<p>L'int\u00e9grit\u00e9, les relations et le d\u00e9veloppement sont les valeurs fondamentales de CSI depuis sa cr\u00e9ation. CSI fait preuve de respect, d\u2019honn\u00eatet\u00e9, de loyaut\u00e9 et de responsabilit\u00e9 personnelle dans toutes les interactions avec nos parties prenantes. Les relations \u00e0 tous les niveaux sont essentielles \u00e0 notre succ\u00e8s continu. Dans cette optique, la culture amusante, flexible et solidaire de CSI a cr\u00e9\u00e9 un environnement de travail solide et positif, de type familial. Nous pensons que les cl\u00e9s de la croissance et du succ\u00e8s continu de l\u2019entreprise ne r\u00e9sident pas seulement dans l\u2019expansion de notre portefeuille de produits et de notre port\u00e9e g\u00e9ographique, mais \u00e9galement dans le d\u00e9veloppement continu de nos employ\u00e9s. Nous sommes convaincus que CSI \u00e9voluera \u00e9galement \u00e0 mesure que nos employ\u00e9s grandissent et se d\u00e9veloppent.<\/p>\n<p>&nbsp;<\/p>\n<\/div>\n<\/div><\/div><\/div><\/div><\/div><\/div>","protected":false},"excerpt":{"rendered":"<p>Depuis plus de 30 ans, CSI \u2013 All Things Stone est l\u2019un des principaux distributeurs en gros et repr\u00e9sentants de produits innovants li\u00e9s au placage &hellip; <a href=\"https:\/\/www.allthingsstone.com\/ca-fr\/carrieres\/\">Continued<\/a><\/p>\n","protected":false},"author":15,"featured_media":19875,"parent":0,"menu_order":0,"comment_status":"closed","ping_status":"closed","template":"template-privacy_policy.php","meta":{"inline_featured_image":false,"_mi_skip_tracking":false,"_exactmetrics_sitenote_active":false,"_exactmetrics_sitenote_note":"","_exactmetrics_sitenote_category":0,"footnotes":""},"class_list":["post-6477","page","type-page","status-publish","has-post-thumbnail","hentry"],"acf":[],"yoast_head":"<!-- This site is optimized with the Yoast SEO Premium plugin v21.6 (Yoast SEO v21.6) - https:\/\/yoast.com\/wordpress\/plugins\/seo\/ -->\n<title>Carri\u00e8res | CSI CA-FR<\/title>\n<meta name=\"description\" content=\"La silice cristalline peut \u00eatre pr\u00e9sente dans les produits de placage de pierre naturelle. Les poussi\u00e8res cr\u00e9\u00e9es par le per\u00e7age, la coupe ou le sciage de ces produits peuvent \u00eatre dangereuses pour votre sant\u00e9.\" \/>\n<meta name=\"robots\" content=\"index, follow, max-snippet:-1, max-image-preview:large, max-video-preview:-1\" \/>\n<link rel=\"canonical\" href=\"https:\/\/www.allthingsstone.com\/ca-fr\/carrieres\/\" \/>\n<meta property=\"og:locale\" content=\"en_US\" \/>\n<meta property=\"og:type\" content=\"article\" \/>\n<meta property=\"og:title\" content=\"Carri\u00e8res\" \/>\n<meta property=\"og:description\" content=\"La silice cristalline peut \u00eatre pr\u00e9sente dans les produits de placage de pierre naturelle. Les poussi\u00e8res cr\u00e9\u00e9es par le per\u00e7age, la coupe ou le sciage de ces produits peuvent \u00eatre dangereuses pour votre sant\u00e9.\" \/>\n<meta property=\"og:url\" content=\"https:\/\/www.allthingsstone.com\/ca-fr\/carrieres\/\" \/>\n<meta property=\"og:site_name\" content=\"CSI - Canadian Stone Industries FR\" \/>\n<meta property=\"article:modified_time\" content=\"2024-06-19T16:19:23+00:00\" \/>\n<meta property=\"og:image\" content=\"https:\/\/www.allthingsstone.com\/ca-fr\/wp-content\/uploads\/sites\/12\/2024\/06\/Sillica-Warning.png\" \/>\n\t<meta property=\"og:image:width\" content=\"1920\" \/>\n\t<meta property=\"og:image:height\" content=\"250\" \/>\n\t<meta property=\"og:image:type\" content=\"image\/png\" \/>\n<meta name=\"twitter:card\" content=\"summary_large_image\" \/>\n<meta name=\"twitter:label1\" content=\"Est. reading time\" \/>\n\t<meta name=\"twitter:data1\" content=\"2 minutes\" \/>\n<script type=\"application\/ld+json\" class=\"yoast-schema-graph\">{\"@context\":\"https:\/\/schema.org\",\"@graph\":[{\"@type\":\"WebPage\",\"@id\":\"https:\/\/www.allthingsstone.com\/ca-fr\/carrieres\/\",\"url\":\"https:\/\/www.allthingsstone.com\/ca-fr\/carrieres\/\",\"name\":\"Carri\u00e8res | CSI CA-FR\",\"isPartOf\":{\"@id\":\"https:\/\/www.allthingsstone.com\/ca-fr\/#website\"},\"datePublished\":\"2017-10-07T00:03:32+00:00\",\"dateModified\":\"2024-06-19T16:19:23+00:00\",\"description\":\"La silice cristalline peut \u00eatre pr\u00e9sente dans les produits de placage de pierre naturelle. Les poussi\u00e8res cr\u00e9\u00e9es par le per\u00e7age, la coupe ou le sciage de ces produits peuvent \u00eatre dangereuses pour votre sant\u00e9.\",\"breadcrumb\":{\"@id\":\"https:\/\/www.allthingsstone.com\/ca-fr\/carrieres\/#breadcrumb\"},\"inLanguage\":\"en-CA\",\"potentialAction\":[{\"@type\":\"ReadAction\",\"target\":[\"https:\/\/www.allthingsstone.com\/ca-fr\/carrieres\/\"]}]},{\"@type\":\"BreadcrumbList\",\"@id\":\"https:\/\/www.allthingsstone.com\/ca-fr\/carrieres\/#breadcrumb\",\"itemListElement\":[{\"@type\":\"ListItem\",\"position\":1,\"name\":\"Home\",\"item\":\"https:\/\/www.allthingsstone.com\/ca-fr\/\"},{\"@type\":\"ListItem\",\"position\":2,\"name\":\"Carri\u00e8res\"}]},{\"@type\":\"WebSite\",\"@id\":\"https:\/\/www.allthingsstone.com\/ca-fr\/#website\",\"url\":\"https:\/\/www.allthingsstone.com\/ca-fr\/\",\"name\":\"CSI - Canadian Stone Industries FR\",\"description\":\"\",\"potentialAction\":[{\"@type\":\"SearchAction\",\"target\":{\"@type\":\"EntryPoint\",\"urlTemplate\":\"https:\/\/www.allthingsstone.com\/ca-fr\/?s={search_term_string}\"},\"query-input\":\"required name=search_term_string\"}],\"inLanguage\":\"en-CA\"}]}<\/script>\n<!-- \/ Yoast SEO Premium plugin. -->","yoast_head_json":{"title":"Carri\u00e8res | CSI CA-FR","description":"La silice cristalline peut \u00eatre pr\u00e9sente dans les produits de placage de pierre naturelle. Les poussi\u00e8res cr\u00e9\u00e9es par le per\u00e7age, la coupe ou le sciage de ces produits peuvent \u00eatre dangereuses pour votre sant\u00e9.","robots":{"index":"index","follow":"follow","max-snippet":"max-snippet:-1","max-image-preview":"max-image-preview:large","max-video-preview":"max-video-preview:-1"},"canonical":"https:\/\/www.allthingsstone.com\/ca-fr\/carrieres\/","og_locale":"en_US","og_type":"article","og_title":"Carri\u00e8res","og_description":"La silice cristalline peut \u00eatre pr\u00e9sente dans les produits de placage de pierre naturelle. Les poussi\u00e8res cr\u00e9\u00e9es par le per\u00e7age, la coupe ou le sciage de ces produits peuvent \u00eatre dangereuses pour votre sant\u00e9.","og_url":"https:\/\/www.allthingsstone.com\/ca-fr\/carrieres\/","og_site_name":"CSI - Canadian Stone Industries FR","article_modified_time":"2024-06-19T16:19:23+00:00","og_image":[{"width":1920,"height":250,"url":"https:\/\/www.allthingsstone.com\/ca-fr\/wp-content\/uploads\/sites\/12\/2024\/06\/Sillica-Warning.png","type":"image\/png"}],"twitter_card":"summary_large_image","twitter_misc":{"Est. reading time":"2 minutes"},"schema":{"@context":"https:\/\/schema.org","@graph":[{"@type":"WebPage","@id":"https:\/\/www.allthingsstone.com\/ca-fr\/carrieres\/","url":"https:\/\/www.allthingsstone.com\/ca-fr\/carrieres\/","name":"Carri\u00e8res | CSI CA-FR","isPartOf":{"@id":"https:\/\/www.allthingsstone.com\/ca-fr\/#website"},"datePublished":"2017-10-07T00:03:32+00:00","dateModified":"2024-06-19T16:19:23+00:00","description":"La silice cristalline peut \u00eatre pr\u00e9sente dans les produits de placage de pierre naturelle. Les poussi\u00e8res cr\u00e9\u00e9es par le per\u00e7age, la coupe ou le sciage de ces produits peuvent \u00eatre dangereuses pour votre sant\u00e9.","breadcrumb":{"@id":"https:\/\/www.allthingsstone.com\/ca-fr\/carrieres\/#breadcrumb"},"inLanguage":"en-CA","potentialAction":[{"@type":"ReadAction","target":["https:\/\/www.allthingsstone.com\/ca-fr\/carrieres\/"]}]},{"@type":"BreadcrumbList","@id":"https:\/\/www.allthingsstone.com\/ca-fr\/carrieres\/#breadcrumb","itemListElement":[{"@type":"ListItem","position":1,"name":"Home","item":"https:\/\/www.allthingsstone.com\/ca-fr\/"},{"@type":"ListItem","position":2,"name":"Carri\u00e8res"}]},{"@type":"WebSite","@id":"https:\/\/www.allthingsstone.com\/ca-fr\/#website","url":"https:\/\/www.allthingsstone.com\/ca-fr\/","name":"CSI - Canadian Stone Industries FR","description":"","potentialAction":[{"@type":"SearchAction","target":{"@type":"EntryPoint","urlTemplate":"https:\/\/www.allthingsstone.com\/ca-fr\/?s={search_term_string}"},"query-input":"required name=search_term_string"}],"inLanguage":"en-CA"}]}},"_links":{"self":[{"href":"https:\/\/www.allthingsstone.com\/ca-fr\/wp-json\/wp\/v2\/pages\/6477","targetHints":{"allow":["GET"]}}],"collection":[{"href":"https:\/\/www.allthingsstone.com\/ca-fr\/wp-json\/wp\/v2\/pages"}],"about":[{"href":"https:\/\/www.allthingsstone.com\/ca-fr\/wp-json\/wp\/v2\/types\/page"}],"author":[{"embeddable":true,"href":"https:\/\/www.allthingsstone.com\/ca-fr\/wp-json\/wp\/v2\/users\/15"}],"replies":[{"embeddable":true,"href":"https:\/\/www.allthingsstone.com\/ca-fr\/wp-json\/wp\/v2\/comments?post=6477"}],"version-history":[{"count":0,"href":"https:\/\/www.allthingsstone.com\/ca-fr\/wp-json\/wp\/v2\/pages\/6477\/revisions"}],"wp:featuredmedia":[{"embeddable":true,"href":"https:\/\/www.allthingsstone.com\/ca-fr\/wp-json\/wp\/v2\/media\/19875"}],"wp:attachment":[{"href":"https:\/\/www.allthingsstone.com\/ca-fr\/wp-json\/wp\/v2\/media?parent=6477"}],"curies":[{"name":"wp","href":"https:\/\/api.w.org\/{rel}","templated":true}]}}