{"id":557,"date":"2017-07-18T15:44:55","date_gmt":"2017-07-18T19:44:55","guid":{"rendered":"http:\/\/www.allthingsstone.com\/ca-fr\/store-location\/"},"modified":"2021-10-14T13:45:41","modified_gmt":"2021-10-14T17:45:41","slug":"emplacements-de-fournisseur-de-pierre-au-quebec","status":"publish","type":"page","link":"https:\/\/www.allthingsstone.com\/ca-fr\/ou-acheter\/","title":{"rendered":"Emplacements de Fournisseur de Pierre au Qu\u00e9bec"},"content":{"rendered":"<div id=\"pl-557\"  class=\"panel-layout\" ><div id=\"pg-557-0\"  class=\"panel-grid panel-has-style\" ><div class=\"panel-row-style panel-row-style-for-557-0\" ><div id=\"pgc-557-0-0\"  class=\"panel-grid-cell\" ><div id=\"panel-557-0-0-0\" class=\"so-panel widget widget_sow-editor panel-first-child\" data-index=\"0\" ><div class=\"panel-widget-style panel-widget-style-for-557-0-0-0\" ><div\n\t\t\t\n\t\t\tclass=\"so-widget-sow-editor so-widget-sow-editor-base\"\n\t\t\t\n\t\t>\n<div class=\"siteorigin-widget-tinymce textwidget\">\n\t<ul>\n<li>\n<p style=\"text-align: center\">Pour trouver des d\u00e9taillants pr\u00e8s de chez vous, veuillez s\u00e9lectionner la marque qui vous int\u00e9resse et entrer votre \u00ab\u00a0<em>ville\u00a0\u00bb, votre<\/em> \u00ab\u00a0<em>province<\/em>\u00a0\u00bb ou votre \u00ab\u00a0<em>code postal<\/em>\u00a0\u00bb.<\/p>\n<p style=\"text-align: center\">Si votre recherche de d\u00e9taillant ne donne aucun r\u00e9sultat, veuillez communiquer avec notre <a href=\"https:\/\/www.allthingsstone.com\/ca-fr\/contactez\/\">service \u00e0 la client\u00e8le<\/a>.<\/p>\n<\/li>\n<\/ul>\n<p style=\"text-align: center\">Situ\u00e9 aux \u00c9tats-Unis? Veuillez <a href=\"https:\/\/www.allthingsstone.com\/us-en\/find-a-dealer-near-you\/\">cliquer ici pour trouver un revendeur<\/a>. <a href=\"https:\/\/www.allthingsstone.com\/us-en\/find-a-dealer-near-you\/\"><img loading=\"lazy\" decoding=\"async\" class=\" wp-image-16954\" style=\"font-weight: bold;color: #292b2c;font-family: -apple-system, system-ui, BlinkMacSystemFont, 'Segoe UI', Roboto, 'Helvetica Neue', Arial, sans-serif;font-size: 1rem\" src=\"https:\/\/www.allthingsstone.com\/ca-fr\/wp-content\/uploads\/sites\/12\/2021\/10\/Where-to-Buy_USA-Flag.png\" alt=\"Where to Buy Stone_USA\" width=\"43\" height=\"24\" \/><\/a><\/p>\n<\/div>\n<\/div><\/div><\/div><div id=\"panel-557-0-0-1\" class=\"so-panel widget widget_sow-editor\" data-index=\"1\" ><div class=\"panel-widget-style panel-widget-style-for-557-0-0-1\" ><div\n\t\t\t\n\t\t\tclass=\"so-widget-sow-editor so-widget-sow-editor-base\"\n\t\t\t\n\t\t>\n<div class=\"siteorigin-widget-tinymce textwidget\">\n\t<ul>\n<li style=\"text-align: center\">\r\n<script type='text\/javascript'> var bullseyelistener = function (e) {var regex= new RegExp('^.*\\\\.bullseyelocations\\\\.com.*$', 'i');\r\nif(regex.test(e.origin) && Number.isInteger(e.data)) {document.getElementById('bullseye_iframe').height = Math.round(e.data);}}\r\nif (window.addEventListener) {addEventListener('message', bullseyelistener, false);}else {attachEvent('onmessage', bullseyelistener);}<\/script>\r\n<iframe id='bullseye_iframe' src='\/\/www.bullseyelocations.com\/pages\/cs-cleverbanana-co?f=1' width='100%' height='1100' border='0' style='border:none;display:block; margin:0px auto;' scrolling='auto' onload='window.parent.scrollTo(0,0);' allow='geolocation'><\/iframe><\/li>\n<\/ul>\n<\/div>\n<\/div><\/div><\/div><div id=\"panel-557-0-0-2\" class=\"so-panel widget widget_sow-editor panel-last-child\" data-index=\"2\" ><div class=\"panel-widget-style panel-widget-style-for-557-0-0-2\" ><div\n\t\t\t\n\t\t\tclass=\"so-widget-sow-editor so-widget-sow-editor-base\"\n\t\t\t\n\t\t>\n<div class=\"siteorigin-widget-tinymce textwidget\">\n\t<p style=\"text-align: center\">Vous cherchez un fournisseur de pierre dans votre r\u00e9gion? CSI - All Things Stone compte plus de 500 magasins \u00e0 travers le Canada fournissant notre <a href=\"https:\/\/www.allthingsstone.com\/ca-fr\/product-category\/placage-de-pierre-usinee\/\">placage de pierre usin\u00e9e<\/a>, <a href=\"https:\/\/www.allthingsstone.com\/ca-fr\/product-category\/placage-de-pierre-naturelle\/\">placage de pierre naturelle<\/a>, <a href=\"https:\/\/www.allthingsstone.com\/ca-fr\/product-category\/placage-de-pierre-naturelle\/\">panneaux de pierre<\/a>, <a href=\"https:\/\/www.allthingsstone.com\/ca-fr\/product-category\/placage-de-brique\/\">placage de brique<\/a>, <a href=\"https:\/\/www.allthingsstone.com\/ca-fr\/product-category\/accessoires-architecturaux\/\">accessoires architecturaux<\/a>, <a href=\"https:\/\/www.allthingsstone.com\/ca-fr\/product-category\/produits-damenagement-paysager\/\">produits d'am\u00e9nagement paysager<\/a>, et <a href=\"https:\/\/www.allthingsstone.com\/ca-fr\/product-category\/systemes-de-foyers-et-vie-exterieure\/\">syst\u00e8mes de foyers et vie ext\u00e9rieure<\/a>.\u00a0Utilisez notre carte interactive ci-dessus pour voir o\u00f9 acheter du placage de pierre et plus encore.<\/p>\n<p style=\"text-align: center\">Trouver un revendeur pr\u00e8s de chez vous n'est qu'\u00e0 un clic !<\/p>\n<p>&nbsp;<\/p>\n<p>&nbsp;<\/p>\n<\/div>\n<\/div><\/div><\/div><\/div><\/div><\/div><\/div>","protected":false},"excerpt":{"rendered":"<p>Pour trouver des d\u00e9taillants pr\u00e8s de chez vous, veuillez s\u00e9lectionner la marque qui vous int\u00e9resse et entrer votre \u00ab\u00a0ville\u00a0\u00bb, votre \u00ab\u00a0province\u00a0\u00bb ou votre \u00ab\u00a0code postal\u00a0\u00bb. &hellip; <a href=\"https:\/\/www.allthingsstone.com\/ca-fr\/ou-acheter\/\">Continued<\/a><\/p>\n","protected":false},"author":15,"featured_media":8171,"parent":0,"menu_order":0,"comment_status":"closed","ping_status":"closed","template":"","meta":{"inline_featured_image":false,"_mi_skip_tracking":false,"_exactmetrics_sitenote_active":false,"_exactmetrics_sitenote_note":"","_exactmetrics_sitenote_category":0,"footnotes":""},"class_list":["post-557","page","type-page","status-publish","has-post-thumbnail","hentry"],"acf":[],"yoast_head":"<!-- This site is optimized with the Yoast SEO Premium plugin v21.6 (Yoast SEO v21.6) - https:\/\/yoast.com\/wordpress\/plugins\/seo\/ -->\n<title>O\u00f9 acheter | CSI - All Things Stone CAN-FR<\/title>\n<meta name=\"description\" content=\"Vous cherchez un fournisseur de pierres dans votre secteur? Canadian Stone Industries a plus de 500 magasins au Canada, dont plus de 50 emplacements de fournisseur de pierre au Qu\u00e9bec, qui offrent du placage de pierre usin\u00e9e ou naturelle, des panneaux de pierre, du placage de brique mince, et plus!\" \/>\n<meta name=\"robots\" content=\"index, follow, max-snippet:-1, max-image-preview:large, max-video-preview:-1\" \/>\n<link rel=\"canonical\" href=\"https:\/\/www.allthingsstone.com\/ca-fr\/ou-acheter\/\" \/>\n<meta property=\"og:locale\" content=\"en_US\" \/>\n<meta property=\"og:type\" content=\"article\" \/>\n<meta property=\"og:title\" content=\"Emplacements de Fournisseur de Pierre au Qu\u00e9bec\" \/>\n<meta property=\"og:description\" content=\"Vous cherchez un fournisseur de pierres dans votre secteur? Canadian Stone Industries a plus de 500 magasins au Canada, dont plus de 50 emplacements de fournisseur de pierre au Qu\u00e9bec, qui offrent du placage de pierre usin\u00e9e ou naturelle, des panneaux de pierre, du placage de brique mince, et plus!\" \/>\n<meta property=\"og:url\" content=\"https:\/\/www.allthingsstone.com\/ca-fr\/ou-acheter\/\" \/>\n<meta property=\"og:site_name\" content=\"CSI - Canadian Stone Industries FR\" \/>\n<meta property=\"article:modified_time\" content=\"2021-10-14T17:45:41+00:00\" \/>\n<meta property=\"og:image\" content=\"https:\/\/www.allthingsstone.com\/ca-fr\/wp-content\/uploads\/sites\/12\/2018\/01\/CSI-All-Things-Stone-Gallery.jpg\" \/>\n\t<meta property=\"og:image:width\" content=\"1920\" \/>\n\t<meta property=\"og:image:height\" content=\"250\" \/>\n\t<meta property=\"og:image:type\" content=\"image\/jpeg\" \/>\n<meta name=\"twitter:card\" content=\"summary_large_image\" \/>\n<meta name=\"twitter:label1\" content=\"Est. reading time\" \/>\n\t<meta name=\"twitter:data1\" content=\"1 minute\" \/>\n<script type=\"application\/ld+json\" class=\"yoast-schema-graph\">{\"@context\":\"https:\/\/schema.org\",\"@graph\":[{\"@type\":\"WebPage\",\"@id\":\"https:\/\/www.allthingsstone.com\/ca-fr\/ou-acheter\/\",\"url\":\"https:\/\/www.allthingsstone.com\/ca-fr\/ou-acheter\/\",\"name\":\"O\u00f9 acheter | CSI - All Things Stone CAN-FR\",\"isPartOf\":{\"@id\":\"https:\/\/www.allthingsstone.com\/ca-fr\/#website\"},\"datePublished\":\"2017-07-18T19:44:55+00:00\",\"dateModified\":\"2021-10-14T17:45:41+00:00\",\"description\":\"Vous cherchez un fournisseur de pierres dans votre secteur? Canadian Stone Industries a plus de 500 magasins au Canada, dont plus de 50 emplacements de fournisseur de pierre au Qu\u00e9bec, qui offrent du placage de pierre usin\u00e9e ou naturelle, des panneaux de pierre, du placage de brique mince, et plus!\",\"breadcrumb\":{\"@id\":\"https:\/\/www.allthingsstone.com\/ca-fr\/ou-acheter\/#breadcrumb\"},\"inLanguage\":\"en-CA\",\"potentialAction\":[{\"@type\":\"ReadAction\",\"target\":[\"https:\/\/www.allthingsstone.com\/ca-fr\/ou-acheter\/\"]}]},{\"@type\":\"BreadcrumbList\",\"@id\":\"https:\/\/www.allthingsstone.com\/ca-fr\/ou-acheter\/#breadcrumb\",\"itemListElement\":[{\"@type\":\"ListItem\",\"position\":1,\"name\":\"Home\",\"item\":\"https:\/\/www.allthingsstone.com\/ca-fr\/\"},{\"@type\":\"ListItem\",\"position\":2,\"name\":\"Emplacements de Fournisseur de Pierre au Qu\u00e9bec\"}]},{\"@type\":\"WebSite\",\"@id\":\"https:\/\/www.allthingsstone.com\/ca-fr\/#website\",\"url\":\"https:\/\/www.allthingsstone.com\/ca-fr\/\",\"name\":\"CSI - Canadian Stone Industries FR\",\"description\":\"\",\"potentialAction\":[{\"@type\":\"SearchAction\",\"target\":{\"@type\":\"EntryPoint\",\"urlTemplate\":\"https:\/\/www.allthingsstone.com\/ca-fr\/?s={search_term_string}\"},\"query-input\":\"required name=search_term_string\"}],\"inLanguage\":\"en-CA\"}]}<\/script>\n<!-- \/ Yoast SEO Premium plugin. -->","yoast_head_json":{"title":"O\u00f9 acheter | CSI - All Things Stone CAN-FR","description":"Vous cherchez un fournisseur de pierres dans votre secteur? Canadian Stone Industries a plus de 500 magasins au Canada, dont plus de 50 emplacements de fournisseur de pierre au Qu\u00e9bec, qui offrent du placage de pierre usin\u00e9e ou naturelle, des panneaux de pierre, du placage de brique mince, et plus!","robots":{"index":"index","follow":"follow","max-snippet":"max-snippet:-1","max-image-preview":"max-image-preview:large","max-video-preview":"max-video-preview:-1"},"canonical":"https:\/\/www.allthingsstone.com\/ca-fr\/ou-acheter\/","og_locale":"en_US","og_type":"article","og_title":"Emplacements de Fournisseur de Pierre au Qu\u00e9bec","og_description":"Vous cherchez un fournisseur de pierres dans votre secteur? Canadian Stone Industries a plus de 500 magasins au Canada, dont plus de 50 emplacements de fournisseur de pierre au Qu\u00e9bec, qui offrent du placage de pierre usin\u00e9e ou naturelle, des panneaux de pierre, du placage de brique mince, et plus!","og_url":"https:\/\/www.allthingsstone.com\/ca-fr\/ou-acheter\/","og_site_name":"CSI - Canadian Stone Industries FR","article_modified_time":"2021-10-14T17:45:41+00:00","og_image":[{"width":1920,"height":250,"url":"https:\/\/www.allthingsstone.com\/ca-fr\/wp-content\/uploads\/sites\/12\/2018\/01\/CSI-All-Things-Stone-Gallery.jpg","type":"image\/jpeg"}],"twitter_card":"summary_large_image","twitter_misc":{"Est. reading time":"1 minute"},"schema":{"@context":"https:\/\/schema.org","@graph":[{"@type":"WebPage","@id":"https:\/\/www.allthingsstone.com\/ca-fr\/ou-acheter\/","url":"https:\/\/www.allthingsstone.com\/ca-fr\/ou-acheter\/","name":"O\u00f9 acheter | CSI - All Things Stone CAN-FR","isPartOf":{"@id":"https:\/\/www.allthingsstone.com\/ca-fr\/#website"},"datePublished":"2017-07-18T19:44:55+00:00","dateModified":"2021-10-14T17:45:41+00:00","description":"Vous cherchez un fournisseur de pierres dans votre secteur? Canadian Stone Industries a plus de 500 magasins au Canada, dont plus de 50 emplacements de fournisseur de pierre au Qu\u00e9bec, qui offrent du placage de pierre usin\u00e9e ou naturelle, des panneaux de pierre, du placage de brique mince, et plus!","breadcrumb":{"@id":"https:\/\/www.allthingsstone.com\/ca-fr\/ou-acheter\/#breadcrumb"},"inLanguage":"en-CA","potentialAction":[{"@type":"ReadAction","target":["https:\/\/www.allthingsstone.com\/ca-fr\/ou-acheter\/"]}]},{"@type":"BreadcrumbList","@id":"https:\/\/www.allthingsstone.com\/ca-fr\/ou-acheter\/#breadcrumb","itemListElement":[{"@type":"ListItem","position":1,"name":"Home","item":"https:\/\/www.allthingsstone.com\/ca-fr\/"},{"@type":"ListItem","position":2,"name":"Emplacements de Fournisseur de Pierre au Qu\u00e9bec"}]},{"@type":"WebSite","@id":"https:\/\/www.allthingsstone.com\/ca-fr\/#website","url":"https:\/\/www.allthingsstone.com\/ca-fr\/","name":"CSI - Canadian Stone Industries FR","description":"","potentialAction":[{"@type":"SearchAction","target":{"@type":"EntryPoint","urlTemplate":"https:\/\/www.allthingsstone.com\/ca-fr\/?s={search_term_string}"},"query-input":"required name=search_term_string"}],"inLanguage":"en-CA"}]}},"_links":{"self":[{"href":"https:\/\/www.allthingsstone.com\/ca-fr\/wp-json\/wp\/v2\/pages\/557","targetHints":{"allow":["GET"]}}],"collection":[{"href":"https:\/\/www.allthingsstone.com\/ca-fr\/wp-json\/wp\/v2\/pages"}],"about":[{"href":"https:\/\/www.allthingsstone.com\/ca-fr\/wp-json\/wp\/v2\/types\/page"}],"author":[{"embeddable":true,"href":"https:\/\/www.allthingsstone.com\/ca-fr\/wp-json\/wp\/v2\/users\/15"}],"replies":[{"embeddable":true,"href":"https:\/\/www.allthingsstone.com\/ca-fr\/wp-json\/wp\/v2\/comments?post=557"}],"version-history":[{"count":0,"href":"https:\/\/www.allthingsstone.com\/ca-fr\/wp-json\/wp\/v2\/pages\/557\/revisions"}],"wp:featuredmedia":[{"embeddable":true,"href":"https:\/\/www.allthingsstone.com\/ca-fr\/wp-json\/wp\/v2\/media\/8171"}],"wp:attachment":[{"href":"https:\/\/www.allthingsstone.com\/ca-fr\/wp-json\/wp\/v2\/media?parent=557"}],"curies":[{"name":"wp","href":"https:\/\/api.w.org\/{rel}","templated":true}]}}