{"id":238,"date":"2017-06-21T18:47:35","date_gmt":"2017-06-21T22:47:35","guid":{"rendered":"http:\/\/www.allthingsstone.com\/ca-fr\/?page_id=238"},"modified":"2025-10-22T17:52:12","modified_gmt":"2025-10-22T21:52:12","slug":"resources","status":"publish","type":"page","link":"https:\/\/www.allthingsstone.com\/ca-fr\/ressources\/","title":{"rendered":"Ressources"},"content":{"rendered":"<div id=\"pl-238\"  class=\"panel-layout\" ><div id=\"pg-238-0\"  class=\"panel-grid panel-no-style\" ><div id=\"pgc-238-0-0\"  class=\"panel-grid-cell\" ><div id=\"panel-238-0-0-0\" class=\"so-panel widget widget_sow-editor panel-first-child panel-last-child\" data-index=\"0\" ><div\n\t\t\t\n\t\t\tclass=\"so-widget-sow-editor so-widget-sow-editor-base\"\n\t\t\t\n\t\t>\n<div class=\"siteorigin-widget-tinymce textwidget\">\n\t<p style=\"text-align: left\">Vous avez besoin de plus d\u2019information sur le <a href=\"http:\/\/www.allthingsstone.com\/ca-fr\/produits\/placage-de-pierre-usinee\/\">placage de pierre usin\u00e9e<\/a> ou <a href=\"http:\/\/www.allthingsstone.com\/ca-fr\/produits\/placage-de-pierre-naturelle\/\">de pierre naturelle<\/a>, <a href=\"http:\/\/www.allthingsstone.com\/ca-fr\/produits\/revetement-de-pierre\">les panneaux de pierre<\/a>, <a href=\"http:\/\/www.allthingsstone.com\/ca-fr\/produits\/placage-de-brique\/\">le placage de brique mince<\/a>, <a href=\"http:\/\/www.allthingsstone.com\/ca-fr\/produits\/accessoires-architecturaux\">les accessoires architecturaux<\/a>, <a href=\"http:\/\/www.allthingsstone.com\/ca-fr\/produits\/systemes-de-foyers-et-vie-exterieure\">les syst\u00e8mes de foyers<\/a> ou <a href=\"http:\/\/www.allthingsstone.com\/ca-fr\/produits\/produits-de-construction\">les \u00e9l\u00e9ments de construction<\/a>?\u00a0 Vous voulez savoir comment installer du placage de pierre? Veuillez utiliser notre vaste biblioth\u00e8que de ressources remplie d\u2019outils pour vous aider tout au long de votre projet, de sa conception \u00e0 sa r\u00e9alisation! S\u00e9lectionnez une marque de produit ci-dessous pour acc\u00e9der \u00e0 des ressources utiles, y compris des brochures, des guides d\u2019installation, des ressources architecturales et d\u2019autres informations techniques<\/p>\n<\/div>\n<\/div><\/div><\/div><\/div><div id=\"pg-238-1\"  class=\"panel-grid panel-no-style\" ><div id=\"pgc-238-1-0\"  class=\"panel-grid-cell\" ><div id=\"panel-238-1-0-0\" class=\"so-panel widget widget_sow-editor panel-first-child\" data-index=\"1\" ><div\n\t\t\t\n\t\t\tclass=\"so-widget-sow-editor so-widget-sow-editor-base\"\n\t\t\t\n\t\t><h3 class=\"widget-title\">Placage de brique<\/h3>\n<div class=\"siteorigin-widget-tinymce textwidget\">\n\t<p><a href=\"https:\/\/www.allthingsstone.com\/ca-fr\/single-resource\/brikclad\/\">BRIKclad<\/a><\/p>\n<p><a href=\"https:\/\/www.allthingsstone.com\/ca-fr\/single-resource\/cultured-stone-resouces\/\"><span class=\"s1\"><span style=\"vertical-align: inherit;\"><span style=\"vertical-align: inherit;\"><span style=\"vertical-align: inherit;\"><span style=\"vertical-align: inherit;\">Cultured Brick\u00ae by Cultured Stone\u00ae<\/span><\/span><\/span><\/span><\/span><\/a><\/p>\n<p><a href=\"https:\/\/www.allthingsstone.com\/ca-fr\/single_resource\/flex-bricks\/\">Flex Bricks<\/a><\/p>\n<\/div>\n<\/div><\/div><div id=\"panel-238-1-0-1\" class=\"so-panel widget widget_sow-editor\" data-index=\"2\" ><div\n\t\t\t\n\t\t\tclass=\"so-widget-sow-editor so-widget-sow-editor-base\"\n\t\t\t\n\t\t><h3 class=\"widget-title\">Placage de pierre usin\u00e9e<\/h3>\n<div class=\"siteorigin-widget-tinymce textwidget\">\n\t<p><a href=\"http:\/\/www.allthingsstone.com\/ca-fr\/single-resource\/cultured-stone\/\"><span class=\"s1\">Cultured Stone\u00ae<\/span><\/a><\/p>\n<p><a href=\"https:\/\/www.allthingsstone.com\/ca-fr\/single-resource\/dutch-quality\/\">Dutch Quality<\/a><\/p>\n<\/div>\n<\/div><\/div><div id=\"panel-238-1-0-2\" class=\"so-panel widget widget_sow-editor\" data-index=\"3\" ><div\n\t\t\t\n\t\t\tclass=\"so-widget-sow-editor so-widget-sow-editor-base\"\n\t\t\t\n\t\t><h3 class=\"widget-title\">Placage de pierre naturelle<\/h3>\n<div class=\"siteorigin-widget-tinymce textwidget\">\n\t<p><a href=\"https:\/\/www.allthingsstone.com\/ca-fr\/single_resource\/colonial-brick-stone-inc\/\">Colonial Brick &amp; Stone Inc.<\/a><\/p>\n<p><a href=\"http:\/\/www.allthingsstone.com\/ca-fr\/single-resource\/pangaea-natural-stone\/\"><span class=\"s1\">Pangaea\u00ae\u00a0Natural Stone\u00a0<\/span><\/a><\/p>\n<p><a href=\"https:\/\/www.allthingsstone.com\/ca-fr\/single-resource\/terracraft-natural-stone-veneer\/\">TerraCraft\u00ae\u00a0Natural Stone Veneer<\/a><\/p>\n<p><a href=\"https:\/\/www.allthingsstone.com\/ca-fr\/single-resource\/thincut-natural-stone-veneer-brochures\/\"><span class=\"s1\">ThinCut\u2122 Natural Stone Veneer<\/span><\/a><\/p>\n<p><a href=\"http:\/\/www.allthingsstone.com\/ca-fr\/single-resource\/tier-natural-stone\/\">TIER<sup>\u00ae<\/sup>\u00a0Natural Stone<\/a><\/p>\n<\/div>\n<\/div><\/div><div id=\"panel-238-1-0-3\" class=\"so-panel widget widget_sow-editor panel-last-child\" data-index=\"4\" ><div\n\t\t\t\n\t\t\tclass=\"so-widget-sow-editor so-widget-sow-editor-base\"\n\t\t\t\n\t\t><h3 class=\"widget-title\">Rev\u00eatement de pierre<\/h3>\n<div class=\"siteorigin-widget-tinymce textwidget\">\n\t<p><a href=\"http:\/\/www.allthingsstone.com\/ca-fr\/single-resource\/versetta-stone\/\">Versetta Stone\u00ae<\/a><\/p>\n<\/div>\n<\/div><\/div><\/div><div id=\"pgc-238-1-1\"  class=\"panel-grid-cell\" ><div id=\"panel-238-1-1-0\" class=\"so-panel widget widget_sow-editor panel-first-child\" data-index=\"5\" ><div\n\t\t\t\n\t\t\tclass=\"so-widget-sow-editor so-widget-sow-editor-base\"\n\t\t\t\n\t\t><h3 class=\"widget-title\">Accessoires architecturaux<\/h3>\n<div class=\"siteorigin-widget-tinymce textwidget\">\n\t<p><a href=\"https:\/\/www.allthingsstone.com\/ca-fr\/single-resource\/cultured-stone-resouces\/\"><span class=\"s1\">Cultured Transitions\u2122 par Cultured Stone\u00ae<\/span><\/a><\/p>\n<p><a href=\"http:\/\/www.allthingsstone.com\/ca-fr\/single-resource\/pangaea-natural-stone\/\" target=\"_blank\" rel=\"noopener\"><span class=\"s1\">Pangaea\u00ae\u00a0Natural Stone<\/span><\/a><\/p>\n<\/div>\n<\/div><\/div><div id=\"panel-238-1-1-1\" class=\"so-panel widget widget_sow-editor\" data-index=\"6\" ><div\n\t\t\t\n\t\t\tclass=\"so-widget-sow-editor so-widget-sow-editor-base\"\n\t\t\t\n\t\t><h3 class=\"widget-title\">Syst\u00e8mes de foyers et vie ext\u00e9rieure<\/h3>\n<div class=\"siteorigin-widget-tinymce textwidget\">\n\t<p><a href=\"http:\/\/www.allthingsstone.com\/ca-fr\/single-resource\/earthcore-isokern-fireplaces-chimneys\">Earthcore\u00ae\u00a0Isokern foyers et chemin\u00e9es<\/a><\/p>\n<p><a href=\"http:\/\/www.allthingsstone.com\/ca-fr\/single-resource\/earthcore-isopanel-modular-kitchens\">Earthcore\u00ae\u00a0Isopanel\u00a0cuisine modulaires<\/a><\/p>\n<p><a href=\"http:\/\/www.allthingsstone.com\/ca-fr\/single-resource\/earthcore-isoven-wood-burning-ovens\">Earthcore\u00ae\u00a0Iso'ven\u00a0four \u00e0 pizza au bois <\/a><\/p>\n<\/div>\n<\/div><\/div><div id=\"panel-238-1-1-2\" class=\"so-panel widget widget_sow-editor panel-last-child\" data-index=\"7\" ><div\n\t\t\t\n\t\t\tclass=\"so-widget-sow-editor so-widget-sow-editor-base\"\n\t\t\t\n\t\t><h3 class=\"widget-title\">Produits de construction<\/h3>\n<div class=\"siteorigin-widget-tinymce textwidget\">\n\t<p><a href=\"https:\/\/www.allthingsstone.com\/ca-fr\/single-resource\/boral_drain_n-dry\/\">Drain-N-Dry\u2122 Lath<\/a><\/p>\n<p><a href=\"http:\/\/www.allthingsstone.com\/ca-fr\/single-resource\/delta-dorken\/\">DELTA<sup>\u00ae<\/sup> de D\u00f6rken<\/a><\/p>\n<p><a href=\"http:\/\/www.allthingsstone.com\/ca-fr\/single-resource\/drainaway\/\">DrainAway\u00ae<\/a><\/p>\n<p><a href=\"https:\/\/www.allthingsstone.com\/ca-fr\/single-resource\/galvanized-metal-lath\/\" target=\"_blank\" rel=\"noopener noreferrer\">Latte m\u00e9tallique plate galvanis\u00e9e<\/a><\/p>\n<p>&nbsp;<\/p>\n<p><strong><span class=\"s1\">Keene Building Products:<\/span><\/strong><\/p>\n<p>-\u00a0<a href=\"https:\/\/www.allthingsstone.com\/ca-fr\/single-resource\/driwall-mortar-deflection\/\">Driwall\u2122 Mortar Deflection<\/a><\/p>\n<p>-\u00a0<a href=\"https:\/\/www.allthingsstone.com\/ca-fr\/single-resource\/keene-building-products-driwall-rainscreen\/\">Driwall\u2122\u00a0Rainscreen\u00a0<\/a><\/p>\n<p>-\u00a0<a href=\"https:\/\/www.allthingsstone.com\/ca-fr\/single-resource\/driwall-weep-screed\/\">Driwall\u2122 Weep Screed<\/a><\/p>\n<p>- <a href=\"https:\/\/www.allthingsstone.com\/ca-fr\/single-resource\/easy-fur\/\">Easy-Fur\u2122<\/a><\/p>\n<p>-\u00a0<a href=\"https:\/\/www.allthingsstone.com\/ca-fr\/single-resource\/keenestone-cut\/\">KeeneStone<sup>\u00ae<\/sup>\u00a0Cut<\/a><\/p>\n<p>- <a href=\"https:\/\/www.allthingsstone.com\/ca-fr\/single-resource\/cdr-vent\/\">Viper CDR Vent\u2122<\/a><\/p>\n<\/div>\n<\/div><\/div><\/div><\/div><\/div>","protected":false},"excerpt":{"rendered":"<p>Vous avez besoin de plus d\u2019information sur le placage de pierre usin\u00e9e ou de pierre naturelle, les panneaux de pierre, le placage de brique mince, &hellip; <a href=\"https:\/\/www.allthingsstone.com\/ca-fr\/ressources\/\">Continued<\/a><\/p>\n","protected":false},"author":15,"featured_media":6122,"parent":0,"menu_order":0,"comment_status":"closed","ping_status":"closed","template":"","meta":{"inline_featured_image":false,"_mi_skip_tracking":false,"_exactmetrics_sitenote_active":false,"_exactmetrics_sitenote_note":"","_exactmetrics_sitenote_category":0,"footnotes":""},"class_list":["post-238","page","type-page","status-publish","has-post-thumbnail","hentry"],"acf":[],"yoast_head":"<!-- This site is optimized with the Yoast SEO Premium plugin v21.6 (Yoast SEO v21.6) - https:\/\/yoast.com\/wordpress\/plugins\/seo\/ -->\n<title>Ressources | CSI - All Things Stone CAN-FR<\/title>\n<meta name=\"description\" content=\"Vous avez besoin de plus d\u2019information sur le placage de pierre usin\u00e9e ou de pierre naturelle, les panneaux de pierre, le placage de brique mince, et plus? S\u00e9lectionnez une marque de produit ci-dessous pour acc\u00e9der \u00e0 des ressources utiles, y compris des brochures, des guides d\u2019installation, et plus!\" \/>\n<meta name=\"robots\" content=\"index, follow, max-snippet:-1, max-image-preview:large, max-video-preview:-1\" \/>\n<link rel=\"canonical\" href=\"https:\/\/www.allthingsstone.com\/ca-fr\/ressources\/\" \/>\n<meta property=\"og:locale\" content=\"en_US\" \/>\n<meta property=\"og:type\" content=\"article\" \/>\n<meta property=\"og:title\" content=\"Ressources\" \/>\n<meta property=\"og:description\" content=\"Vous avez besoin de plus d\u2019information sur le placage de pierre usin\u00e9e ou de pierre naturelle, les panneaux de pierre, le placage de brique mince, et plus? S\u00e9lectionnez une marque de produit ci-dessous pour acc\u00e9der \u00e0 des ressources utiles, y compris des brochures, des guides d\u2019installation, et plus!\" \/>\n<meta property=\"og:url\" content=\"https:\/\/www.allthingsstone.com\/ca-fr\/ressources\/\" \/>\n<meta property=\"og:site_name\" content=\"CSI - Canadian Stone Industries FR\" \/>\n<meta property=\"article:modified_time\" content=\"2025-10-22T21:52:12+00:00\" \/>\n<meta property=\"og:image\" content=\"https:\/\/www.allthingsstone.com\/ca-fr\/wp-content\/uploads\/sites\/12\/2017\/06\/CSI-Resources.jpg\" \/>\n\t<meta property=\"og:image:width\" content=\"1920\" \/>\n\t<meta property=\"og:image:height\" content=\"250\" \/>\n\t<meta property=\"og:image:type\" content=\"image\/jpeg\" \/>\n<meta name=\"twitter:card\" content=\"summary_large_image\" \/>\n<meta name=\"twitter:label1\" content=\"Est. reading time\" \/>\n\t<meta name=\"twitter:data1\" content=\"2 minutes\" \/>\n<script type=\"application\/ld+json\" class=\"yoast-schema-graph\">{\"@context\":\"https:\/\/schema.org\",\"@graph\":[{\"@type\":\"WebPage\",\"@id\":\"https:\/\/www.allthingsstone.com\/ca-fr\/ressources\/\",\"url\":\"https:\/\/www.allthingsstone.com\/ca-fr\/ressources\/\",\"name\":\"Ressources | CSI - All Things Stone CAN-FR\",\"isPartOf\":{\"@id\":\"https:\/\/www.allthingsstone.com\/ca-fr\/#website\"},\"datePublished\":\"2017-06-21T22:47:35+00:00\",\"dateModified\":\"2025-10-22T21:52:12+00:00\",\"description\":\"Vous avez besoin de plus d\u2019information sur le placage de pierre usin\u00e9e ou de pierre naturelle, les panneaux de pierre, le placage de brique mince, et plus? S\u00e9lectionnez une marque de produit ci-dessous pour acc\u00e9der \u00e0 des ressources utiles, y compris des brochures, des guides d\u2019installation, et plus!\",\"breadcrumb\":{\"@id\":\"https:\/\/www.allthingsstone.com\/ca-fr\/ressources\/#breadcrumb\"},\"inLanguage\":\"en-CA\",\"potentialAction\":[{\"@type\":\"ReadAction\",\"target\":[\"https:\/\/www.allthingsstone.com\/ca-fr\/ressources\/\"]}]},{\"@type\":\"BreadcrumbList\",\"@id\":\"https:\/\/www.allthingsstone.com\/ca-fr\/ressources\/#breadcrumb\",\"itemListElement\":[{\"@type\":\"ListItem\",\"position\":1,\"name\":\"Home\",\"item\":\"https:\/\/www.allthingsstone.com\/ca-fr\/\"},{\"@type\":\"ListItem\",\"position\":2,\"name\":\"Ressources\"}]},{\"@type\":\"WebSite\",\"@id\":\"https:\/\/www.allthingsstone.com\/ca-fr\/#website\",\"url\":\"https:\/\/www.allthingsstone.com\/ca-fr\/\",\"name\":\"CSI - Canadian Stone Industries FR\",\"description\":\"\",\"potentialAction\":[{\"@type\":\"SearchAction\",\"target\":{\"@type\":\"EntryPoint\",\"urlTemplate\":\"https:\/\/www.allthingsstone.com\/ca-fr\/?s={search_term_string}\"},\"query-input\":\"required name=search_term_string\"}],\"inLanguage\":\"en-CA\"}]}<\/script>\n<!-- \/ Yoast SEO Premium plugin. -->","yoast_head_json":{"title":"Ressources | CSI - All Things Stone CAN-FR","description":"Vous avez besoin de plus d\u2019information sur le placage de pierre usin\u00e9e ou de pierre naturelle, les panneaux de pierre, le placage de brique mince, et plus? S\u00e9lectionnez une marque de produit ci-dessous pour acc\u00e9der \u00e0 des ressources utiles, y compris des brochures, des guides d\u2019installation, et plus!","robots":{"index":"index","follow":"follow","max-snippet":"max-snippet:-1","max-image-preview":"max-image-preview:large","max-video-preview":"max-video-preview:-1"},"canonical":"https:\/\/www.allthingsstone.com\/ca-fr\/ressources\/","og_locale":"en_US","og_type":"article","og_title":"Ressources","og_description":"Vous avez besoin de plus d\u2019information sur le placage de pierre usin\u00e9e ou de pierre naturelle, les panneaux de pierre, le placage de brique mince, et plus? S\u00e9lectionnez une marque de produit ci-dessous pour acc\u00e9der \u00e0 des ressources utiles, y compris des brochures, des guides d\u2019installation, et plus!","og_url":"https:\/\/www.allthingsstone.com\/ca-fr\/ressources\/","og_site_name":"CSI - Canadian Stone Industries FR","article_modified_time":"2025-10-22T21:52:12+00:00","og_image":[{"width":1920,"height":250,"url":"https:\/\/www.allthingsstone.com\/ca-fr\/wp-content\/uploads\/sites\/12\/2017\/06\/CSI-Resources.jpg","type":"image\/jpeg"}],"twitter_card":"summary_large_image","twitter_misc":{"Est. reading time":"2 minutes"},"schema":{"@context":"https:\/\/schema.org","@graph":[{"@type":"WebPage","@id":"https:\/\/www.allthingsstone.com\/ca-fr\/ressources\/","url":"https:\/\/www.allthingsstone.com\/ca-fr\/ressources\/","name":"Ressources | CSI - All Things Stone CAN-FR","isPartOf":{"@id":"https:\/\/www.allthingsstone.com\/ca-fr\/#website"},"datePublished":"2017-06-21T22:47:35+00:00","dateModified":"2025-10-22T21:52:12+00:00","description":"Vous avez besoin de plus d\u2019information sur le placage de pierre usin\u00e9e ou de pierre naturelle, les panneaux de pierre, le placage de brique mince, et plus? S\u00e9lectionnez une marque de produit ci-dessous pour acc\u00e9der \u00e0 des ressources utiles, y compris des brochures, des guides d\u2019installation, et plus!","breadcrumb":{"@id":"https:\/\/www.allthingsstone.com\/ca-fr\/ressources\/#breadcrumb"},"inLanguage":"en-CA","potentialAction":[{"@type":"ReadAction","target":["https:\/\/www.allthingsstone.com\/ca-fr\/ressources\/"]}]},{"@type":"BreadcrumbList","@id":"https:\/\/www.allthingsstone.com\/ca-fr\/ressources\/#breadcrumb","itemListElement":[{"@type":"ListItem","position":1,"name":"Home","item":"https:\/\/www.allthingsstone.com\/ca-fr\/"},{"@type":"ListItem","position":2,"name":"Ressources"}]},{"@type":"WebSite","@id":"https:\/\/www.allthingsstone.com\/ca-fr\/#website","url":"https:\/\/www.allthingsstone.com\/ca-fr\/","name":"CSI - Canadian Stone Industries FR","description":"","potentialAction":[{"@type":"SearchAction","target":{"@type":"EntryPoint","urlTemplate":"https:\/\/www.allthingsstone.com\/ca-fr\/?s={search_term_string}"},"query-input":"required name=search_term_string"}],"inLanguage":"en-CA"}]}},"_links":{"self":[{"href":"https:\/\/www.allthingsstone.com\/ca-fr\/wp-json\/wp\/v2\/pages\/238","targetHints":{"allow":["GET"]}}],"collection":[{"href":"https:\/\/www.allthingsstone.com\/ca-fr\/wp-json\/wp\/v2\/pages"}],"about":[{"href":"https:\/\/www.allthingsstone.com\/ca-fr\/wp-json\/wp\/v2\/types\/page"}],"author":[{"embeddable":true,"href":"https:\/\/www.allthingsstone.com\/ca-fr\/wp-json\/wp\/v2\/users\/15"}],"replies":[{"embeddable":true,"href":"https:\/\/www.allthingsstone.com\/ca-fr\/wp-json\/wp\/v2\/comments?post=238"}],"version-history":[{"count":0,"href":"https:\/\/www.allthingsstone.com\/ca-fr\/wp-json\/wp\/v2\/pages\/238\/revisions"}],"wp:featuredmedia":[{"embeddable":true,"href":"https:\/\/www.allthingsstone.com\/ca-fr\/wp-json\/wp\/v2\/media\/6122"}],"wp:attachment":[{"href":"https:\/\/www.allthingsstone.com\/ca-fr\/wp-json\/wp\/v2\/media?parent=238"}],"curies":[{"name":"wp","href":"https:\/\/api.w.org\/{rel}","templated":true}]}}