{"id":234,"date":"2017-06-21T18:22:16","date_gmt":"2017-06-21T22:22:16","guid":{"rendered":"http:\/\/www.allthingsstone.com\/ca-fr\/?page_id=234"},"modified":"2020-12-14T13:55:26","modified_gmt":"2020-12-14T18:55:26","slug":"gallery","status":"publish","type":"page","link":"https:\/\/www.allthingsstone.com\/ca-fr\/gallery\/","title":{"rendered":"Inspirations"},"content":{"rendered":"<p>Nos Inspirations pr\u00e9sente une grande collection de photos avec placage de pierre visant \u00e0 vous aider et \u00e0 vous renseigner tout au long de votre parcours de conception. Si vous cherchez des id\u00e9es pour votre prochain projet, filtrez nos applications pour stimuler votre imagination! Peu importe le type de projets, qu\u2019il s\u2019agisse un mur ext\u00e9rieur, un foyer, un espace ext\u00e9rieur, ou m\u00eame murs d\u00e9coratifs, nous sommes s\u00fbrs d&#8217;avoir des photos pour vous aider dans votre conception!<\/p>\n","protected":false},"excerpt":{"rendered":"<p>Nos Inspirations pr\u00e9sente une grande collection de photos avec placage de pierre visant \u00e0 vous aider et \u00e0 vous renseigner tout au long de votre &hellip; <a href=\"https:\/\/www.allthingsstone.com\/ca-fr\/gallery\/\">Continued<\/a><\/p>\n","protected":false},"author":15,"featured_media":8171,"parent":0,"menu_order":0,"comment_status":"closed","ping_status":"closed","template":"template-gallery.php","meta":{"inline_featured_image":false,"_mi_skip_tracking":false,"_exactmetrics_sitenote_active":false,"_exactmetrics_sitenote_note":"","_exactmetrics_sitenote_category":0,"footnotes":""},"class_list":["post-234","page","type-page","status-publish","has-post-thumbnail","hentry"],"acf":[],"yoast_head":"<!-- This site is optimized with the Yoast SEO Premium plugin v21.6 (Yoast SEO v21.6) - https:\/\/yoast.com\/wordpress\/plugins\/seo\/ -->\n<title>Inspirations | CSI - All Things Stone CAN-FR<\/title>\n<meta name=\"description\" content=\"Nos Inspirations pr\u00e9sente une grande collection de photos avec placage de pierre visant \u00e0 vous aider et \u00e0 vous renseigner tout au long de votre parcours de conception. Si vous cherchez des id\u00e9es pour votre prochain projet, filtrez nos applications pour stimuler votre imagination!\" \/>\n<meta name=\"robots\" content=\"index, follow, max-snippet:-1, max-image-preview:large, max-video-preview:-1\" \/>\n<link rel=\"canonical\" href=\"https:\/\/www.allthingsstone.com\/ca-fr\/gallery\/\" \/>\n<meta property=\"og:locale\" content=\"en_US\" \/>\n<meta property=\"og:type\" content=\"article\" \/>\n<meta property=\"og:title\" content=\"Inspirations\" \/>\n<meta property=\"og:description\" content=\"Nos Inspirations pr\u00e9sente une grande collection de photos avec placage de pierre visant \u00e0 vous aider et \u00e0 vous renseigner tout au long de votre parcours de conception. Si vous cherchez des id\u00e9es pour votre prochain projet, filtrez nos applications pour stimuler votre imagination!\" \/>\n<meta property=\"og:url\" content=\"https:\/\/www.allthingsstone.com\/ca-fr\/gallery\/\" \/>\n<meta property=\"og:site_name\" content=\"CSI - Canadian Stone Industries FR\" \/>\n<meta property=\"article:modified_time\" content=\"2020-12-14T18:55:26+00:00\" \/>\n<meta property=\"og:image\" content=\"https:\/\/www.allthingsstone.com\/ca-fr\/wp-content\/uploads\/sites\/12\/2018\/01\/CSI-All-Things-Stone-Gallery.jpg\" \/>\n\t<meta property=\"og:image:width\" content=\"1920\" \/>\n\t<meta property=\"og:image:height\" content=\"250\" \/>\n\t<meta property=\"og:image:type\" content=\"image\/jpeg\" \/>\n<meta name=\"twitter:card\" content=\"summary_large_image\" \/>\n<script type=\"application\/ld+json\" class=\"yoast-schema-graph\">{\"@context\":\"https:\/\/schema.org\",\"@graph\":[{\"@type\":\"WebPage\",\"@id\":\"https:\/\/www.allthingsstone.com\/ca-fr\/gallery\/\",\"url\":\"https:\/\/www.allthingsstone.com\/ca-fr\/gallery\/\",\"name\":\"Inspirations | CSI - All Things Stone CAN-FR\",\"isPartOf\":{\"@id\":\"https:\/\/www.allthingsstone.com\/ca-fr\/#website\"},\"datePublished\":\"2017-06-21T22:22:16+00:00\",\"dateModified\":\"2020-12-14T18:55:26+00:00\",\"description\":\"Nos Inspirations pr\u00e9sente une grande collection de photos avec placage de pierre visant \u00e0 vous aider et \u00e0 vous renseigner tout au long de votre parcours de conception. Si vous cherchez des id\u00e9es pour votre prochain projet, filtrez nos applications pour stimuler votre imagination!\",\"breadcrumb\":{\"@id\":\"https:\/\/www.allthingsstone.com\/ca-fr\/gallery\/#breadcrumb\"},\"inLanguage\":\"en-CA\",\"potentialAction\":[{\"@type\":\"ReadAction\",\"target\":[\"https:\/\/www.allthingsstone.com\/ca-fr\/gallery\/\"]}]},{\"@type\":\"BreadcrumbList\",\"@id\":\"https:\/\/www.allthingsstone.com\/ca-fr\/gallery\/#breadcrumb\",\"itemListElement\":[{\"@type\":\"ListItem\",\"position\":1,\"name\":\"Home\",\"item\":\"https:\/\/www.allthingsstone.com\/ca-fr\/\"},{\"@type\":\"ListItem\",\"position\":2,\"name\":\"Inspirations\"}]},{\"@type\":\"WebSite\",\"@id\":\"https:\/\/www.allthingsstone.com\/ca-fr\/#website\",\"url\":\"https:\/\/www.allthingsstone.com\/ca-fr\/\",\"name\":\"CSI - Canadian Stone Industries FR\",\"description\":\"\",\"potentialAction\":[{\"@type\":\"SearchAction\",\"target\":{\"@type\":\"EntryPoint\",\"urlTemplate\":\"https:\/\/www.allthingsstone.com\/ca-fr\/?s={search_term_string}\"},\"query-input\":\"required name=search_term_string\"}],\"inLanguage\":\"en-CA\"}]}<\/script>\n<!-- \/ Yoast SEO Premium plugin. -->","yoast_head_json":{"title":"Inspirations | CSI - All Things Stone CAN-FR","description":"Nos Inspirations pr\u00e9sente une grande collection de photos avec placage de pierre visant \u00e0 vous aider et \u00e0 vous renseigner tout au long de votre parcours de conception. Si vous cherchez des id\u00e9es pour votre prochain projet, filtrez nos applications pour stimuler votre imagination!","robots":{"index":"index","follow":"follow","max-snippet":"max-snippet:-1","max-image-preview":"max-image-preview:large","max-video-preview":"max-video-preview:-1"},"canonical":"https:\/\/www.allthingsstone.com\/ca-fr\/gallery\/","og_locale":"en_US","og_type":"article","og_title":"Inspirations","og_description":"Nos Inspirations pr\u00e9sente une grande collection de photos avec placage de pierre visant \u00e0 vous aider et \u00e0 vous renseigner tout au long de votre parcours de conception. Si vous cherchez des id\u00e9es pour votre prochain projet, filtrez nos applications pour stimuler votre imagination!","og_url":"https:\/\/www.allthingsstone.com\/ca-fr\/gallery\/","og_site_name":"CSI - Canadian Stone Industries FR","article_modified_time":"2020-12-14T18:55:26+00:00","og_image":[{"width":1920,"height":250,"url":"https:\/\/www.allthingsstone.com\/ca-fr\/wp-content\/uploads\/sites\/12\/2018\/01\/CSI-All-Things-Stone-Gallery.jpg","type":"image\/jpeg"}],"twitter_card":"summary_large_image","schema":{"@context":"https:\/\/schema.org","@graph":[{"@type":"WebPage","@id":"https:\/\/www.allthingsstone.com\/ca-fr\/gallery\/","url":"https:\/\/www.allthingsstone.com\/ca-fr\/gallery\/","name":"Inspirations | CSI - All Things Stone CAN-FR","isPartOf":{"@id":"https:\/\/www.allthingsstone.com\/ca-fr\/#website"},"datePublished":"2017-06-21T22:22:16+00:00","dateModified":"2020-12-14T18:55:26+00:00","description":"Nos Inspirations pr\u00e9sente une grande collection de photos avec placage de pierre visant \u00e0 vous aider et \u00e0 vous renseigner tout au long de votre parcours de conception. Si vous cherchez des id\u00e9es pour votre prochain projet, filtrez nos applications pour stimuler votre imagination!","breadcrumb":{"@id":"https:\/\/www.allthingsstone.com\/ca-fr\/gallery\/#breadcrumb"},"inLanguage":"en-CA","potentialAction":[{"@type":"ReadAction","target":["https:\/\/www.allthingsstone.com\/ca-fr\/gallery\/"]}]},{"@type":"BreadcrumbList","@id":"https:\/\/www.allthingsstone.com\/ca-fr\/gallery\/#breadcrumb","itemListElement":[{"@type":"ListItem","position":1,"name":"Home","item":"https:\/\/www.allthingsstone.com\/ca-fr\/"},{"@type":"ListItem","position":2,"name":"Inspirations"}]},{"@type":"WebSite","@id":"https:\/\/www.allthingsstone.com\/ca-fr\/#website","url":"https:\/\/www.allthingsstone.com\/ca-fr\/","name":"CSI - Canadian Stone Industries FR","description":"","potentialAction":[{"@type":"SearchAction","target":{"@type":"EntryPoint","urlTemplate":"https:\/\/www.allthingsstone.com\/ca-fr\/?s={search_term_string}"},"query-input":"required name=search_term_string"}],"inLanguage":"en-CA"}]}},"_links":{"self":[{"href":"https:\/\/www.allthingsstone.com\/ca-fr\/wp-json\/wp\/v2\/pages\/234","targetHints":{"allow":["GET"]}}],"collection":[{"href":"https:\/\/www.allthingsstone.com\/ca-fr\/wp-json\/wp\/v2\/pages"}],"about":[{"href":"https:\/\/www.allthingsstone.com\/ca-fr\/wp-json\/wp\/v2\/types\/page"}],"author":[{"embeddable":true,"href":"https:\/\/www.allthingsstone.com\/ca-fr\/wp-json\/wp\/v2\/users\/15"}],"replies":[{"embeddable":true,"href":"https:\/\/www.allthingsstone.com\/ca-fr\/wp-json\/wp\/v2\/comments?post=234"}],"version-history":[{"count":0,"href":"https:\/\/www.allthingsstone.com\/ca-fr\/wp-json\/wp\/v2\/pages\/234\/revisions"}],"wp:featuredmedia":[{"embeddable":true,"href":"https:\/\/www.allthingsstone.com\/ca-fr\/wp-json\/wp\/v2\/media\/8171"}],"wp:attachment":[{"href":"https:\/\/www.allthingsstone.com\/ca-fr\/wp-json\/wp\/v2\/media?parent=234"}],"curies":[{"name":"wp","href":"https:\/\/api.w.org\/{rel}","templated":true}]}}