{"id":19876,"date":"2024-06-19T12:18:44","date_gmt":"2024-06-19T16:18:44","guid":{"rendered":"https:\/\/www.allthingsstone.com\/ca-fr\/?page_id=19876"},"modified":"2024-06-19T12:20:47","modified_gmt":"2024-06-19T16:20:47","slug":"avertissement-sur-la-silice","status":"publish","type":"page","link":"https:\/\/www.allthingsstone.com\/ca-fr\/avertissement-sur-la-silice\/","title":{"rendered":"Avertissement sur la silice"},"content":{"rendered":"<div id=\"pl-19876\"  class=\"panel-layout\" ><div id=\"pg-19876-0\"  class=\"panel-grid panel-no-style\" ><div id=\"pgc-19876-0-0\"  class=\"panel-grid-cell\" ><div id=\"panel-19876-0-0-0\" class=\"so-panel widget widget_sow-editor panel-first-child panel-last-child\" data-index=\"0\" ><div class=\"container panel-widget-style panel-widget-style-for-19876-0-0-0\" ><div\n\t\t\t\n\t\t\tclass=\"so-widget-sow-editor so-widget-sow-editor-base\"\n\t\t\t\n\t\t>\n<div class=\"siteorigin-widget-tinymce textwidget\">\n\t<p>La silice cristalline peut \u00eatre pr\u00e9sente dans les produits de placage de pierre naturelle. Les poussi\u00e8res cr\u00e9\u00e9es par le per\u00e7age, la coupe ou le sciage de ces produits peuvent \u00eatre dangereuses pour votre sant\u00e9. Une exposition prolong\u00e9e aux poussi\u00e8res de silice cristalline peut entra\u00eener le cancer du poumon, la silicose, des maladies r\u00e9nales et des maladies pulmonaires obstructives chroniques. Les poussi\u00e8res de coupe peuvent causer une irritation du nez, de la gorge et des voies respiratoires. Utilisez une scie humide, un aspirateur \u00e0 poussi\u00e8re et un appareil de protection respiratoire pour r\u00e9duire au minimum la formation de poussi\u00e8re pendant la coupe. Consultez l\u2019OSHA et toute r\u00e9glementation locale ou r\u00e9gionale pour conna\u00eetre les exigences particuli\u00e8res \u00e0 ce sujet. \u00c9vitez l\u2019inhalation prolong\u00e9e ou r\u00e9p\u00e9t\u00e9e de poussi\u00e8re. Portez un appareil de protection respiratoire jetable muni d\u2019un filtre \u00e0 particules ad\u00e9quatement ajust\u00e9 et approuv\u00e9 par le NIOSH lorsque vous modifiez m\u00e9caniquement le produit (sciage, coupe, per\u00e7age, etc.). Portez une chemise \u00e0 manches longues, un pantalon long, des gants et des lunettes de s\u00e9curit\u00e9 avec \u00e9crans lat\u00e9raux lors de la manipulation et de l\u2019installation de mat\u00e9riaux. Lavez-vous les mains et le visage avec du savon et de l\u2019eau chaude imm\u00e9diatement apr\u00e8s la manipulation.<\/p>\n<p>&nbsp;<\/p>\n<\/div>\n<\/div><\/div><\/div><\/div><\/div><\/div>","protected":false},"excerpt":{"rendered":"<p>La silice cristalline peut \u00eatre pr\u00e9sente dans les produits de placage de pierre naturelle. Les poussi\u00e8res cr\u00e9\u00e9es par le per\u00e7age, la coupe ou le sciage &hellip; <a href=\"https:\/\/www.allthingsstone.com\/ca-fr\/avertissement-sur-la-silice\/\">Continued<\/a><\/p>\n","protected":false},"author":16,"featured_media":19875,"parent":0,"menu_order":0,"comment_status":"closed","ping_status":"closed","template":"template-privacy_policy.php","meta":{"inline_featured_image":false,"_mi_skip_tracking":false,"_exactmetrics_sitenote_active":false,"_exactmetrics_sitenote_note":"","_exactmetrics_sitenote_category":0,"footnotes":""},"class_list":["post-19876","page","type-page","status-publish","has-post-thumbnail","hentry"],"acf":[],"yoast_head":"<!-- This site is optimized with the Yoast SEO Premium plugin v21.6 (Yoast SEO v21.6) - https:\/\/yoast.com\/wordpress\/plugins\/seo\/ -->\n<title>Avertissement sur la silice | CSI CA-FR<\/title>\n<meta name=\"description\" content=\"La silice cristalline peut \u00eatre pr\u00e9sente dans les produits de placage de pierre naturelle. Les poussi\u00e8res cr\u00e9\u00e9es par le per\u00e7age, la coupe ou le sciage de ces produits peuvent \u00eatre dangereuses pour votre sant\u00e9.\" \/>\n<meta name=\"robots\" content=\"index, follow, max-snippet:-1, max-image-preview:large, max-video-preview:-1\" \/>\n<link rel=\"canonical\" href=\"https:\/\/www.allthingsstone.com\/ca-fr\/avertissement-sur-la-silice\/\" \/>\n<meta property=\"og:locale\" content=\"en_US\" \/>\n<meta property=\"og:type\" content=\"article\" \/>\n<meta property=\"og:title\" content=\"Avertissement sur la silice\" \/>\n<meta property=\"og:description\" content=\"La silice cristalline peut \u00eatre pr\u00e9sente dans les produits de placage de pierre naturelle. Les poussi\u00e8res cr\u00e9\u00e9es par le per\u00e7age, la coupe ou le sciage de ces produits peuvent \u00eatre dangereuses pour votre sant\u00e9.\" \/>\n<meta property=\"og:url\" content=\"https:\/\/www.allthingsstone.com\/ca-fr\/avertissement-sur-la-silice\/\" \/>\n<meta property=\"og:site_name\" content=\"CSI - Canadian Stone Industries FR\" \/>\n<meta property=\"article:modified_time\" content=\"2024-06-19T16:20:47+00:00\" \/>\n<meta property=\"og:image\" content=\"https:\/\/www.allthingsstone.com\/ca-fr\/wp-content\/uploads\/sites\/12\/2024\/06\/Sillica-Warning.png\" \/>\n\t<meta property=\"og:image:width\" content=\"1920\" \/>\n\t<meta property=\"og:image:height\" content=\"250\" \/>\n\t<meta property=\"og:image:type\" content=\"image\/png\" \/>\n<meta name=\"twitter:card\" content=\"summary_large_image\" \/>\n<meta name=\"twitter:label1\" content=\"Est. reading time\" \/>\n\t<meta name=\"twitter:data1\" content=\"2 minutes\" \/>\n<script type=\"application\/ld+json\" class=\"yoast-schema-graph\">{\"@context\":\"https:\/\/schema.org\",\"@graph\":[{\"@type\":\"WebPage\",\"@id\":\"https:\/\/www.allthingsstone.com\/ca-fr\/avertissement-sur-la-silice\/\",\"url\":\"https:\/\/www.allthingsstone.com\/ca-fr\/avertissement-sur-la-silice\/\",\"name\":\"Avertissement sur la silice | CSI CA-FR\",\"isPartOf\":{\"@id\":\"https:\/\/www.allthingsstone.com\/ca-fr\/#website\"},\"datePublished\":\"2024-06-19T16:18:44+00:00\",\"dateModified\":\"2024-06-19T16:20:47+00:00\",\"description\":\"La silice cristalline peut \u00eatre pr\u00e9sente dans les produits de placage de pierre naturelle. Les poussi\u00e8res cr\u00e9\u00e9es par le per\u00e7age, la coupe ou le sciage de ces produits peuvent \u00eatre dangereuses pour votre sant\u00e9.\",\"breadcrumb\":{\"@id\":\"https:\/\/www.allthingsstone.com\/ca-fr\/avertissement-sur-la-silice\/#breadcrumb\"},\"inLanguage\":\"en-CA\",\"potentialAction\":[{\"@type\":\"ReadAction\",\"target\":[\"https:\/\/www.allthingsstone.com\/ca-fr\/avertissement-sur-la-silice\/\"]}]},{\"@type\":\"BreadcrumbList\",\"@id\":\"https:\/\/www.allthingsstone.com\/ca-fr\/avertissement-sur-la-silice\/#breadcrumb\",\"itemListElement\":[{\"@type\":\"ListItem\",\"position\":1,\"name\":\"Home\",\"item\":\"https:\/\/www.allthingsstone.com\/ca-fr\/\"},{\"@type\":\"ListItem\",\"position\":2,\"name\":\"Avertissement sur la silice\"}]},{\"@type\":\"WebSite\",\"@id\":\"https:\/\/www.allthingsstone.com\/ca-fr\/#website\",\"url\":\"https:\/\/www.allthingsstone.com\/ca-fr\/\",\"name\":\"CSI - Canadian Stone Industries FR\",\"description\":\"\",\"potentialAction\":[{\"@type\":\"SearchAction\",\"target\":{\"@type\":\"EntryPoint\",\"urlTemplate\":\"https:\/\/www.allthingsstone.com\/ca-fr\/?s={search_term_string}\"},\"query-input\":\"required name=search_term_string\"}],\"inLanguage\":\"en-CA\"}]}<\/script>\n<!-- \/ Yoast SEO Premium plugin. -->","yoast_head_json":{"title":"Avertissement sur la silice | CSI CA-FR","description":"La silice cristalline peut \u00eatre pr\u00e9sente dans les produits de placage de pierre naturelle. Les poussi\u00e8res cr\u00e9\u00e9es par le per\u00e7age, la coupe ou le sciage de ces produits peuvent \u00eatre dangereuses pour votre sant\u00e9.","robots":{"index":"index","follow":"follow","max-snippet":"max-snippet:-1","max-image-preview":"max-image-preview:large","max-video-preview":"max-video-preview:-1"},"canonical":"https:\/\/www.allthingsstone.com\/ca-fr\/avertissement-sur-la-silice\/","og_locale":"en_US","og_type":"article","og_title":"Avertissement sur la silice","og_description":"La silice cristalline peut \u00eatre pr\u00e9sente dans les produits de placage de pierre naturelle. Les poussi\u00e8res cr\u00e9\u00e9es par le per\u00e7age, la coupe ou le sciage de ces produits peuvent \u00eatre dangereuses pour votre sant\u00e9.","og_url":"https:\/\/www.allthingsstone.com\/ca-fr\/avertissement-sur-la-silice\/","og_site_name":"CSI - Canadian Stone Industries FR","article_modified_time":"2024-06-19T16:20:47+00:00","og_image":[{"width":1920,"height":250,"url":"https:\/\/www.allthingsstone.com\/ca-fr\/wp-content\/uploads\/sites\/12\/2024\/06\/Sillica-Warning.png","type":"image\/png"}],"twitter_card":"summary_large_image","twitter_misc":{"Est. reading time":"2 minutes"},"schema":{"@context":"https:\/\/schema.org","@graph":[{"@type":"WebPage","@id":"https:\/\/www.allthingsstone.com\/ca-fr\/avertissement-sur-la-silice\/","url":"https:\/\/www.allthingsstone.com\/ca-fr\/avertissement-sur-la-silice\/","name":"Avertissement sur la silice | CSI CA-FR","isPartOf":{"@id":"https:\/\/www.allthingsstone.com\/ca-fr\/#website"},"datePublished":"2024-06-19T16:18:44+00:00","dateModified":"2024-06-19T16:20:47+00:00","description":"La silice cristalline peut \u00eatre pr\u00e9sente dans les produits de placage de pierre naturelle. Les poussi\u00e8res cr\u00e9\u00e9es par le per\u00e7age, la coupe ou le sciage de ces produits peuvent \u00eatre dangereuses pour votre sant\u00e9.","breadcrumb":{"@id":"https:\/\/www.allthingsstone.com\/ca-fr\/avertissement-sur-la-silice\/#breadcrumb"},"inLanguage":"en-CA","potentialAction":[{"@type":"ReadAction","target":["https:\/\/www.allthingsstone.com\/ca-fr\/avertissement-sur-la-silice\/"]}]},{"@type":"BreadcrumbList","@id":"https:\/\/www.allthingsstone.com\/ca-fr\/avertissement-sur-la-silice\/#breadcrumb","itemListElement":[{"@type":"ListItem","position":1,"name":"Home","item":"https:\/\/www.allthingsstone.com\/ca-fr\/"},{"@type":"ListItem","position":2,"name":"Avertissement sur la silice"}]},{"@type":"WebSite","@id":"https:\/\/www.allthingsstone.com\/ca-fr\/#website","url":"https:\/\/www.allthingsstone.com\/ca-fr\/","name":"CSI - Canadian Stone Industries FR","description":"","potentialAction":[{"@type":"SearchAction","target":{"@type":"EntryPoint","urlTemplate":"https:\/\/www.allthingsstone.com\/ca-fr\/?s={search_term_string}"},"query-input":"required name=search_term_string"}],"inLanguage":"en-CA"}]}},"_links":{"self":[{"href":"https:\/\/www.allthingsstone.com\/ca-fr\/wp-json\/wp\/v2\/pages\/19876","targetHints":{"allow":["GET"]}}],"collection":[{"href":"https:\/\/www.allthingsstone.com\/ca-fr\/wp-json\/wp\/v2\/pages"}],"about":[{"href":"https:\/\/www.allthingsstone.com\/ca-fr\/wp-json\/wp\/v2\/types\/page"}],"author":[{"embeddable":true,"href":"https:\/\/www.allthingsstone.com\/ca-fr\/wp-json\/wp\/v2\/users\/16"}],"replies":[{"embeddable":true,"href":"https:\/\/www.allthingsstone.com\/ca-fr\/wp-json\/wp\/v2\/comments?post=19876"}],"version-history":[{"count":0,"href":"https:\/\/www.allthingsstone.com\/ca-fr\/wp-json\/wp\/v2\/pages\/19876\/revisions"}],"wp:featuredmedia":[{"embeddable":true,"href":"https:\/\/www.allthingsstone.com\/ca-fr\/wp-json\/wp\/v2\/media\/19875"}],"wp:attachment":[{"href":"https:\/\/www.allthingsstone.com\/ca-fr\/wp-json\/wp\/v2\/media?parent=19876"}],"curies":[{"name":"wp","href":"https:\/\/api.w.org\/{rel}","templated":true}]}}