{"id":17833,"date":"2022-07-15T13:21:47","date_gmt":"2022-07-15T17:21:47","guid":{"rendered":"https:\/\/www.allthingsstone.com\/ca-fr\/?page_id=17833"},"modified":"2022-07-27T18:57:37","modified_gmt":"2022-07-27T22:57:37","slug":"celebrating-30-years","status":"publish","type":"page","link":"https:\/\/www.allthingsstone.com\/ca-fr\/celebrons-30-ans\/","title":{"rendered":"C\u00e9l\u00e9brons 30 ans"},"content":{"rendered":"<!-- ========= Cool Timeline PRO 4.2 ========= --><div style=\"opacity:0;\" \r\n    data-showposts=\"10\"\r\n     class=\"cool_timeline cool-timeline-wrapper both-sided-wrapper light-timeline-wrapper main-default\" \r\n     id=\"tm-default-default-10\"  \r\n     data-pagination=\"yes\"  \r\n     data-pagination-position=\"right\"><h1 class=\"timeline-main-title center-block\">CSI f\u00eate ses 30 ans d\u2019activit\u00e9, de relations et de souvenirs! Merci d\u2019avoir entrepris ce parcours avec nous depuis 30 ans et d\u2019\u00eatre d\u2019exceptionnels partisans. Nous vous pr\u00e9sentons notre histoire. Elle retrace la fa\u00e7on dont nous sommes devenus l\u2019un des plus grands distributeurs de placage de pierre, de rev\u00eatement de pierre, de placage de brique et autres en Am\u00e9rique du Nord. D\u00e9couvrez notre histoire, de nos d\u00e9buts en 1992 jusqu\u2019\u00e0 aujourd\u2019hui! Nous avons l\u2019honneur de pr\u00e9senter certains de nos employ\u00e9s de longue date et de vous parler de leurs d\u00e9buts chez CSI. Pour en savoir plus sur qui nous sommes et comment nous sommes devenus votre source et votre ressource la plus fiable avec Nos pierres pour l\u2019imaginaire\u2026 et plus, jetez un coup d\u2019\u0153il \u00e0 notre histoire!<\/h1><div class=\"cool-timeline ultimate-style  light-timeline\"><div  class=\"filter-preloaders\"><img decoding=\"async\" src=\"https:\/\/www.allthingsstone.com\/ca-fr\/wp-content\/plugins\/cool-timeline-pro\/\/assets\/images\/clt-compact-preloader.gif\"><\/div><div data-animations=\"zoom-in\"  id=\"timeline-9\" class=\"cooltimeline_cont  clearfix icons_yes\"><div data-cls=\"sc-nv-default light-timeline\" class=\"timeline-year scrollable-section default-year\" data-section-title=\"1992\" id=\"year-1992\"><span  class=\"ctl-timeline-date\">1992<\/span><\/div><!-- .timeline-post-start--><div   data-alternate=\"1\" id=\"story-17841\" class=\"timeline-post even white-post icons_yes post-17841  default-meta\"><div   data-aos=\"zoom-in\" class=\"timeline-meta\"><div class=\"meta-details\"><\/div><\/div><div   data-aos=\"zoom-in\" class=\"timeline-icon icon-larger iconbg-turqoise icon-color-white default-icon\">\r\n                        <div class=\"icon-placeholder\"><i class=\"fa fas fa-home\" ><\/i><\/div>\r\n                        <div class=\"timeline-bar\"><\/div>\r\n                    <\/div><div  data-aos=\"zoom-in\"  class=\"timeline-content  clearfix even  full default-content \"><h2 class=\"content-title\">\u00c9volution du logo de CSI<\/h2><div class=\"ctl_info event-description full\"><div class=\"content-details\"><div style=\"width: 900px;\" class=\"wp-video\"><video class=\"wp-video-shortcode\" id=\"video-17841-1\" width=\"900\" height=\"600\" autoplay preload=\"metadata\" controls=\"controls\"><source type=\"video\/mp4\" src=\"https:\/\/www.allthingsstone.com\/ca-fr\/wp-content\/uploads\/sites\/12\/2022\/07\/CSI_Logo-Evolution.mp4?_=1\" \/><a href=\"https:\/\/www.allthingsstone.com\/ca-fr\/wp-content\/uploads\/sites\/12\/2022\/07\/CSI_Logo-Evolution.mp4\">https:\/\/www.allthingsstone.com\/ca-fr\/wp-content\/uploads\/sites\/12\/2022\/07\/CSI_Logo-Evolution.mp4<\/a><\/video><\/div>\n<p>Voyez l\u2019\u00e9volution de notre logo, de nos d\u00e9buts en 1992 \u00e0 aujourd\u2019hui\u2026 quelle \u00e9volution!<\/p>\n<\/div><\/div><\/div><!-- timeline content --><\/div>\r\n\r\n        <!-- .timeline-post-end --><!-- .timeline-post-start--><div   data-alternate=\"2\" id=\"story-17832\" class=\"timeline-post odd white-post icons_yes post-17832 story-cat-9038  default-meta\"><div   data-aos=\"zoom-in\" class=\"timeline-meta\"><div class=\"meta-details\"><\/div><\/div><div   data-aos=\"zoom-in\" class=\"timeline-icon icon-larger iconbg-turqoise icon-color-white default-icon\">\r\n                        <div class=\"icon-placeholder\"><i class=\"fa fas fa-home\" ><\/i><\/div>\r\n                        <div class=\"timeline-bar\"><\/div>\r\n                    <\/div><div  data-aos=\"zoom-in\"  class=\"timeline-content  clearfix odd  full default-content stopanimation animated\"><h2 class=\"content-title\">Chapitre 1: 1992-1996<\/h2><div class=\"ctl_info event-description full\"><div class=\"full-width\">\r\n            <iframe width=\"100%\" \r\n            src=\"https:\/\/www.youtube.com\/embed\/vKTzBLR1mEs\" \r\n            frameborder=\"0\" allowfullscreen><\/iframe><\/div><div class=\"content-details\"><p>Au premier chapitre, Mick et Wendi\u00a0Chiavicci \u00e9voquent avec nostalgie les d\u00e9buts de CSI!<\/p>\n<p>&nbsp;<\/p>\n<p><strong>Fait amusant: <\/strong>Wendi n\u2019avait m\u00eame pas encore de titre lorsqu\u2019elle s\u2019est jointe \u00e0 l\u2019entreprise il y a 29\u00a0ans, pouvez-vous le croire! Elle est ensuite devenue directrice de bureau, et est maintenant la contr\u00f4leuse de CSI.<\/p>\n<\/div><\/div><\/div><!-- timeline content --><\/div>\r\n\r\n        <!-- .timeline-post-end --><div data-cls=\"sc-nv-default light-timeline\" class=\"timeline-year scrollable-section default-year\" data-section-title=\"1997\" id=\"year-1997\"><span  class=\"ctl-timeline-date\">1997<\/span><\/div><!-- .timeline-post-start--><div   data-alternate=\"3\" id=\"story-17839\" class=\"timeline-post even white-post icons_yes post-17839 story-cat-9038  default-meta\"><div   data-aos=\"zoom-in\" class=\"timeline-meta\"><div class=\"meta-details\"><\/div><\/div><div   data-aos=\"zoom-in\" class=\"timeline-icon icon-larger iconbg-turqoise icon-color-white default-icon\">\r\n                        <div class=\"icon-placeholder\"><i class=\"fa fas fa-home\" ><\/i><\/div>\r\n                        <div class=\"timeline-bar\"><\/div>\r\n                    <\/div><div  data-aos=\"zoom-in\"  class=\"timeline-content  clearfix even  full default-content stopanimation animated\"><h2 class=\"content-title\">Chapitre 2: 1997 &#8211; 2001<\/h2><div class=\"ctl_info event-description full\"><div class=\"full-width\">\r\n            <iframe width=\"100%\" \r\n            src=\"https:\/\/www.youtube.com\/embed\/1Ytma__HeUk\" \r\n            frameborder=\"0\" allowfullscreen><\/iframe><\/div><div class=\"content-details\"><p>Au deuxi\u00e8me chapitre, Curt\u00a0Trierweiler, notre expert repr\u00e9sentant technique des ventes, se joint \u00e0 Mick pour parler de l\u2019expansion de notre marque la plus ancienne, Cultured Stone\u00ae.<\/p>\n<p>&nbsp;<\/p>\n<p><strong>Fait amusant: <\/strong>Curt fait partie de CSI depuis 23\u00a0ans! D\u2019abord agent de vente, il est maintenant un expert en vente technique!<\/p>\n<\/div><\/div><\/div><!-- timeline content --><\/div>\r\n\r\n        <!-- .timeline-post-end --><div data-cls=\"sc-nv-default light-timeline\" class=\"timeline-year scrollable-section default-year\" data-section-title=\"2002\" id=\"year-2002\"><span  class=\"ctl-timeline-date\">2002<\/span><\/div><!-- .timeline-post-start--><div   data-alternate=\"4\" id=\"story-17840\" class=\"timeline-post odd white-post icons_yes post-17840 story-cat-9038  default-meta\"><div   data-aos=\"zoom-in\" class=\"timeline-meta\"><div class=\"meta-details\"><\/div><\/div><div   data-aos=\"zoom-in\" class=\"timeline-icon icon-larger iconbg-turqoise icon-color-white default-icon\">\r\n                        <div class=\"icon-placeholder\"><i class=\"fa fas fa-home\" ><\/i><\/div>\r\n                        <div class=\"timeline-bar\"><\/div>\r\n                    <\/div><div  data-aos=\"zoom-in\"  class=\"timeline-content  clearfix odd  full default-content stopanimation animated\"><h2 class=\"content-title\">Chapitre 3: 2002 &#8211; 2006<\/h2><div class=\"ctl_info event-description full\"><div class=\"full-width\">\r\n            <iframe width=\"100%\" \r\n            src=\"https:\/\/www.youtube.com\/embed\/iir9ojPm8tE\" \r\n            frameborder=\"0\" allowfullscreen><\/iframe><\/div><div class=\"content-details\"><p>Au troisi\u00e8me chapitre, Nathan\u00a0Thompson parle \u00e0 Mick de l\u2019expansion des march\u00e9s et des gammes de produits de CSI \u00e0 cette \u00e9poque\u2026 les affaires prenaient leur envol!<\/p>\n<p>&nbsp;<\/p>\n<p><strong>Fait amusant: <\/strong>Nathan fait partie de CSI depuis 17\u00a0ans! Il a dirig\u00e9 l\u2019expansion de CSI dans l\u2019ouest des \u00c9tats-Unis avec brio.<\/p>\n<p>&nbsp;<\/p>\n<\/div><\/div><\/div><!-- timeline content --><\/div>\r\n\r\n        <!-- .timeline-post-end --><div data-cls=\"sc-nv-default light-timeline\" class=\"timeline-year scrollable-section default-year\" data-section-title=\"2007\" id=\"year-2007\"><span  class=\"ctl-timeline-date\">2007<\/span><\/div><!-- .timeline-post-start--><div   data-alternate=\"5\" id=\"story-17879\" class=\"timeline-post even white-post icons_yes post-17879 story-cat-9038  default-meta\"><div   data-aos=\"zoom-in\" class=\"timeline-meta\"><div class=\"meta-details\"><\/div><\/div><div   data-aos=\"zoom-in\" class=\"timeline-icon icon-larger iconbg-turqoise icon-color-white default-icon\">\r\n                        <div class=\"icon-placeholder\"><i class=\"fa fas fa-home\" ><\/i><\/div>\r\n                        <div class=\"timeline-bar\"><\/div>\r\n                    <\/div><div  data-aos=\"zoom-in\"  class=\"timeline-content  clearfix even  full default-content stopanimation animated\"><h2 class=\"content-title\">Chapitre 4: 2007 &#8211; 2011<\/h2><div class=\"ctl_info event-description full\"><div class=\"full-width\">\r\n            <iframe width=\"100%\" \r\n            src=\"https:\/\/www.youtube.com\/embed\/wTZHf8tRC0Y\" \r\n            frameborder=\"0\" allowfullscreen><\/iframe><\/div><div class=\"content-details\"><p>Au chapitre 4, Kim Kotowsky et Mick expliquent \u00e0 quel point CSI a d\u00fb changer et s&#8217;adapter pendant cette p\u00e9riode !<\/p>\n<p>&nbsp;<\/p>\n<p><strong>Fait amusant:<\/strong> Kim travaille chez CSI depuis 15 ans! Elle \u00e9tait connue sous le nom de Kim de Calgary avant de commencer avec CSI, et maintenant elle est connue sous le nom de Kim de Kelowna!<\/p>\n<\/div><\/div><\/div><!-- timeline content --><\/div>\r\n\r\n        <!-- .timeline-post-end --><div data-cls=\"sc-nv-default light-timeline\" class=\"timeline-year scrollable-section default-year\" data-section-title=\"2012\" id=\"year-2012\"><span  class=\"ctl-timeline-date\">2012<\/span><\/div><!-- .timeline-post-start--><div   data-alternate=\"6\" id=\"story-17880\" class=\"timeline-post odd white-post icons_yes post-17880 story-cat-9038  default-meta\"><div   data-aos=\"zoom-in\" class=\"timeline-meta\"><div class=\"meta-details\"><\/div><\/div><div   data-aos=\"zoom-in\" class=\"timeline-icon icon-larger iconbg-turqoise icon-color-white default-icon\">\r\n                        <div class=\"icon-placeholder\"><i class=\"fa fas fa-home\" ><\/i><\/div>\r\n                        <div class=\"timeline-bar\"><\/div>\r\n                    <\/div><div  data-aos=\"zoom-in\"  class=\"timeline-content  clearfix odd  full default-content stopanimation animated\"><h2 class=\"content-title\">Chapitre 5: 2012 &#8211; 2016<\/h2><div class=\"ctl_info event-description full\"><div class=\"full-width\">\r\n            <iframe width=\"100%\" \r\n            src=\"https:\/\/www.youtube.com\/embed\/onQ2rnztifo\" \r\n            frameborder=\"0\" allowfullscreen><\/iframe><\/div><div class=\"content-details\"><p>Au chapitre 5, Jeff Leech donne \u00e0 Mick un aper\u00e7u de la fa\u00e7on dont il a commenc\u00e9 avec CSI et de tous les changements qui ont eu lieu au fil des ans.<\/p>\n<p>&nbsp;<\/p>\n<p><strong>Fait amusant:<\/strong> Jeff dirigeait l&#8217;un des plus grands concessionnaires de CSI avant de rejoindre CSI en tant que pr\u00e9sident !<\/p>\n<\/div><\/div><\/div><!-- timeline content --><\/div>\r\n\r\n        <!-- .timeline-post-end --><div data-cls=\"sc-nv-default light-timeline\" class=\"timeline-year scrollable-section default-year\" data-section-title=\"2017\" id=\"year-2017\"><span  class=\"ctl-timeline-date\">2017<\/span><\/div><!-- .timeline-post-start--><div   data-alternate=\"7\" id=\"story-17882\" class=\"timeline-post even white-post icons_yes post-17882 story-cat-9038  default-meta\"><div   data-aos=\"zoom-in\" class=\"timeline-meta\"><div class=\"meta-details\"><\/div><\/div><div   data-aos=\"zoom-in\" class=\"timeline-icon icon-larger iconbg-turqoise icon-color-white default-icon\">\r\n                        <div class=\"icon-placeholder\"><i class=\"fa fas fa-home\" ><\/i><\/div>\r\n                        <div class=\"timeline-bar\"><\/div>\r\n                    <\/div><div  data-aos=\"zoom-in\"  class=\"timeline-content  clearfix even  full default-content stopanimation animated\"><h2 class=\"content-title\">Chapitre 6: 2017 &#8211; 2022<\/h2><div class=\"ctl_info event-description full\"><div class=\"full-width\">\r\n            <iframe width=\"100%\" \r\n            src=\"https:\/\/www.youtube.com\/embed\/5-v7XEnlRNg\" \r\n            frameborder=\"0\" allowfullscreen><\/iframe><\/div><div class=\"content-details\"><p>Au chapitre 6, nos employ\u00e9s de longue date partagent leur exp\u00e9rience avec CSI allant de 5 \u00e0 15 ans !<\/p>\n<p>&nbsp;<\/p>\n<p><strong>Fait amusant:<\/strong> qu&#8217;est-ce que Jamie, Kelley, Kyle et Vrinda ont en commun? Ils ont tous travaill\u00e9 avec Mick d\u00e8s leur premier jour chez CSI!<\/p>\n<\/div><\/div><\/div><!-- timeline content --><\/div>\r\n\r\n        <!-- .timeline-post-end --><div data-cls=\"sc-nv-default light-timeline\" class=\"timeline-year scrollable-section default-year\" data-section-title=\"2022\" id=\"year-2022\"><span  class=\"ctl-timeline-date\">2022<\/span><\/div><!-- .timeline-post-start--><div   data-alternate=\"8\" id=\"story-17885\" class=\"timeline-post odd white-post icons_yes post-17885 story-cat-9038  default-meta\"><div   data-aos=\"zoom-in\" class=\"timeline-meta\"><div class=\"meta-details\"><\/div><\/div><div   data-aos=\"zoom-in\" class=\"timeline-icon icon-larger iconbg-turqoise icon-color-white default-icon\">\r\n                        <div class=\"icon-placeholder\"><i class=\"fa fas fa-home\" ><\/i><\/div>\r\n                        <div class=\"timeline-bar\"><\/div>\r\n                    <\/div><div  data-aos=\"zoom-in\"  class=\"timeline-content  clearfix odd  full default-content \"><h2 class=\"content-title\">C\u00e9l\u00e9brons le 30e anniversaire de CSI avec un g\u00e2teau<\/h2><div class=\"ctl_info event-description full\"><div class=\"content-details\"><div style=\"width: 800px;\" class=\"wp-video\"><video class=\"wp-video-shortcode\" id=\"video-17885-2\" width=\"800\" height=\"600\" preload=\"metadata\" controls=\"controls\"><source type=\"video\/mp4\" src=\"https:\/\/www.allthingsstone.com\/ca-fr\/wp-content\/uploads\/sites\/12\/2022\/07\/Happy-Birthday-CSI.mp4?_=2\" \/><a href=\"https:\/\/www.allthingsstone.com\/ca-fr\/wp-content\/uploads\/sites\/12\/2022\/07\/Happy-Birthday-CSI.mp4\">https:\/\/www.allthingsstone.com\/ca-fr\/wp-content\/uploads\/sites\/12\/2022\/07\/Happy-Birthday-CSI.mp4<\/a><\/video><\/div>\n<\/div><\/div><\/div><!-- timeline content --><\/div>\r\n\r\n        <!-- .timeline-post-end --><div data-cls=\"sc-nv-default light-timeline\" class=\"timeline-year scrollable-section default-year\" data-section-title=\"2025\" id=\"year-2025\"><span  class=\"ctl-timeline-date\">2025<\/span><\/div><!-- .timeline-post-start--><div   data-alternate=\"9\" id=\"story-21171\" class=\"timeline-post even white-post icons_yes post-21171 story-cat-9038  default-meta\"><div   data-aos=\"zoom-in\" class=\"timeline-meta\"><div class=\"meta-details\"><\/div><\/div><div   data-aos=\"zoom-in\" class=\"timeline-icon icon-larger iconbg-turqoise icon-color-white default-icon\">\r\n                        <div class=\"icon-placeholder\"><i class=\"fa fas fa-home\" ><\/i><\/div>\r\n                        <div class=\"timeline-bar\"><\/div>\r\n                    <\/div><div  data-aos=\"zoom-in\"  class=\"timeline-content  clearfix even  full default-content stopanimation animated\"><h2 class=\"content-title\">CS rejoint Instone<\/h2><div class=\"ctl_info event-description full\"><div class=\"full-width\">\r\n            <iframe width=\"100%\" \r\n            src=\"https:\/\/www.youtube.com\/embed\/G3f1ImGNg64\" \r\n            frameborder=\"0\" allowfullscreen><\/iframe><\/div><div class=\"content-details\"><p>Nous sommes ravis de vous annoncer une nouvelle \u00e9tape de notre aventure : CSI fait d\u00e9sormais partie d\u2019Instone ! En int\u00e9grant Instone, premier distributeur am\u00e9ricain de mat\u00e9riaux de ma\u00e7onnerie et d\u2019am\u00e9nagement paysager haut de gamme, nous \u00e9tendons notre pr\u00e9sence et nos ressources \u00e0 travers l\u2019Am\u00e9rique du Nord, tout en conservant l\u2019\u00e9quipe de confiance que vous connaissez et sur laquelle vous pouvez compter. Ce partenariat nous permet de mieux vous servir, en vous offrant un plus large choix de mat\u00e9riaux, une expertise accrue et davantage de solutions pour concr\u00e9tiser vos projets!<\/p>\n<\/div><\/div><\/div><!-- timeline content --><\/div>\r\n\r\n        <!-- .timeline-post-end --><style type=\"text\/css\"><\/style><div  class=\"end-timeline clearfix\"><\/div><\/div><button data-loading-text=\"<i class='fa fa-spinner fa-spin'><\/i> Loading\" data-max-num-pages=\"1\" \r\n             data-timeline-type=\"default\"   class=\"ctl_load_more \">Load More<\/button><\/div><\/div>  <!-- end\r\n================================================== --><style type=\"text\/css\"><\/style>\n","protected":false},"excerpt":{"rendered":"","protected":false},"author":15,"featured_media":17843,"parent":0,"menu_order":0,"comment_status":"closed","ping_status":"closed","template":"","meta":{"inline_featured_image":false,"_mi_skip_tracking":false,"_exactmetrics_sitenote_active":false,"_exactmetrics_sitenote_note":"","_exactmetrics_sitenote_category":0,"footnotes":""},"class_list":["post-17833","page","type-page","status-publish","has-post-thumbnail","hentry"],"acf":[],"yoast_head":"<!-- This site is optimized with the Yoast SEO Premium plugin v21.6 (Yoast SEO v21.6) - https:\/\/yoast.com\/wordpress\/plugins\/seo\/ -->\n<title>C\u00e9l\u00e9brons 30 ans | CSI CA-FR<\/title>\n<meta name=\"description\" content=\"We will be celebrating CSI&#039;s anniversary in 2 parts with our brand new timeline on our website!\" \/>\n<meta name=\"robots\" content=\"index, follow, max-snippet:-1, max-image-preview:large, max-video-preview:-1\" \/>\n<link rel=\"canonical\" href=\"https:\/\/www.allthingsstone.com\/ca-fr\/celebrons-30-ans\/\" \/>\n<meta property=\"og:locale\" content=\"en_US\" \/>\n<meta property=\"og:type\" content=\"article\" \/>\n<meta property=\"og:title\" content=\"C\u00e9l\u00e9brons 30 ans\" \/>\n<meta property=\"og:description\" content=\"We will be celebrating CSI&#039;s anniversary in 2 parts with our brand new timeline on our website!\" \/>\n<meta property=\"og:url\" content=\"https:\/\/www.allthingsstone.com\/ca-fr\/celebrons-30-ans\/\" \/>\n<meta property=\"og:site_name\" content=\"CSI - Canadian Stone Industries FR\" \/>\n<meta property=\"article:modified_time\" content=\"2022-07-27T22:57:37+00:00\" \/>\n<meta property=\"og:image\" content=\"https:\/\/www.allthingsstone.com\/ca-fr\/wp-content\/uploads\/sites\/12\/2022\/07\/Celebrating-30-Years.png\" \/>\n\t<meta property=\"og:image:width\" content=\"1920\" \/>\n\t<meta property=\"og:image:height\" content=\"250\" \/>\n\t<meta property=\"og:image:type\" content=\"image\/png\" \/>\n<meta name=\"twitter:card\" content=\"summary_large_image\" \/>\n<meta name=\"twitter:label1\" content=\"Est. reading time\" \/>\n\t<meta name=\"twitter:data1\" content=\"1 minute\" \/>\n<script type=\"application\/ld+json\" class=\"yoast-schema-graph\">{\"@context\":\"https:\/\/schema.org\",\"@graph\":[{\"@type\":\"WebPage\",\"@id\":\"https:\/\/www.allthingsstone.com\/ca-fr\/celebrons-30-ans\/\",\"url\":\"https:\/\/www.allthingsstone.com\/ca-fr\/celebrons-30-ans\/\",\"name\":\"C\u00e9l\u00e9brons 30 ans | CSI CA-FR\",\"isPartOf\":{\"@id\":\"https:\/\/www.allthingsstone.com\/ca-fr\/#website\"},\"datePublished\":\"2022-07-15T17:21:47+00:00\",\"dateModified\":\"2022-07-27T22:57:37+00:00\",\"description\":\"We will be celebrating CSI's anniversary in 2 parts with our brand new timeline on our website!\",\"breadcrumb\":{\"@id\":\"https:\/\/www.allthingsstone.com\/ca-fr\/celebrons-30-ans\/#breadcrumb\"},\"inLanguage\":\"en-CA\",\"potentialAction\":[{\"@type\":\"ReadAction\",\"target\":[\"https:\/\/www.allthingsstone.com\/ca-fr\/celebrons-30-ans\/\"]}]},{\"@type\":\"BreadcrumbList\",\"@id\":\"https:\/\/www.allthingsstone.com\/ca-fr\/celebrons-30-ans\/#breadcrumb\",\"itemListElement\":[{\"@type\":\"ListItem\",\"position\":1,\"name\":\"Home\",\"item\":\"https:\/\/www.allthingsstone.com\/ca-fr\/\"},{\"@type\":\"ListItem\",\"position\":2,\"name\":\"C\u00e9l\u00e9brons 30 ans\"}]},{\"@type\":\"WebSite\",\"@id\":\"https:\/\/www.allthingsstone.com\/ca-fr\/#website\",\"url\":\"https:\/\/www.allthingsstone.com\/ca-fr\/\",\"name\":\"CSI - Canadian Stone Industries FR\",\"description\":\"\",\"potentialAction\":[{\"@type\":\"SearchAction\",\"target\":{\"@type\":\"EntryPoint\",\"urlTemplate\":\"https:\/\/www.allthingsstone.com\/ca-fr\/?s={search_term_string}\"},\"query-input\":\"required name=search_term_string\"}],\"inLanguage\":\"en-CA\"}]}<\/script>\n<!-- \/ Yoast SEO Premium plugin. -->","yoast_head_json":{"title":"C\u00e9l\u00e9brons 30 ans | CSI CA-FR","description":"We will be celebrating CSI's anniversary in 2 parts with our brand new timeline on our website!","robots":{"index":"index","follow":"follow","max-snippet":"max-snippet:-1","max-image-preview":"max-image-preview:large","max-video-preview":"max-video-preview:-1"},"canonical":"https:\/\/www.allthingsstone.com\/ca-fr\/celebrons-30-ans\/","og_locale":"en_US","og_type":"article","og_title":"C\u00e9l\u00e9brons 30 ans","og_description":"We will be celebrating CSI's anniversary in 2 parts with our brand new timeline on our website!","og_url":"https:\/\/www.allthingsstone.com\/ca-fr\/celebrons-30-ans\/","og_site_name":"CSI - Canadian Stone Industries FR","article_modified_time":"2022-07-27T22:57:37+00:00","og_image":[{"width":1920,"height":250,"url":"https:\/\/www.allthingsstone.com\/ca-fr\/wp-content\/uploads\/sites\/12\/2022\/07\/Celebrating-30-Years.png","type":"image\/png"}],"twitter_card":"summary_large_image","twitter_misc":{"Est. reading time":"1 minute"},"schema":{"@context":"https:\/\/schema.org","@graph":[{"@type":"WebPage","@id":"https:\/\/www.allthingsstone.com\/ca-fr\/celebrons-30-ans\/","url":"https:\/\/www.allthingsstone.com\/ca-fr\/celebrons-30-ans\/","name":"C\u00e9l\u00e9brons 30 ans | CSI CA-FR","isPartOf":{"@id":"https:\/\/www.allthingsstone.com\/ca-fr\/#website"},"datePublished":"2022-07-15T17:21:47+00:00","dateModified":"2022-07-27T22:57:37+00:00","description":"We will be celebrating CSI's anniversary in 2 parts with our brand new timeline on our website!","breadcrumb":{"@id":"https:\/\/www.allthingsstone.com\/ca-fr\/celebrons-30-ans\/#breadcrumb"},"inLanguage":"en-CA","potentialAction":[{"@type":"ReadAction","target":["https:\/\/www.allthingsstone.com\/ca-fr\/celebrons-30-ans\/"]}]},{"@type":"BreadcrumbList","@id":"https:\/\/www.allthingsstone.com\/ca-fr\/celebrons-30-ans\/#breadcrumb","itemListElement":[{"@type":"ListItem","position":1,"name":"Home","item":"https:\/\/www.allthingsstone.com\/ca-fr\/"},{"@type":"ListItem","position":2,"name":"C\u00e9l\u00e9brons 30 ans"}]},{"@type":"WebSite","@id":"https:\/\/www.allthingsstone.com\/ca-fr\/#website","url":"https:\/\/www.allthingsstone.com\/ca-fr\/","name":"CSI - Canadian Stone Industries FR","description":"","potentialAction":[{"@type":"SearchAction","target":{"@type":"EntryPoint","urlTemplate":"https:\/\/www.allthingsstone.com\/ca-fr\/?s={search_term_string}"},"query-input":"required name=search_term_string"}],"inLanguage":"en-CA"}]}},"_links":{"self":[{"href":"https:\/\/www.allthingsstone.com\/ca-fr\/wp-json\/wp\/v2\/pages\/17833","targetHints":{"allow":["GET"]}}],"collection":[{"href":"https:\/\/www.allthingsstone.com\/ca-fr\/wp-json\/wp\/v2\/pages"}],"about":[{"href":"https:\/\/www.allthingsstone.com\/ca-fr\/wp-json\/wp\/v2\/types\/page"}],"author":[{"embeddable":true,"href":"https:\/\/www.allthingsstone.com\/ca-fr\/wp-json\/wp\/v2\/users\/15"}],"replies":[{"embeddable":true,"href":"https:\/\/www.allthingsstone.com\/ca-fr\/wp-json\/wp\/v2\/comments?post=17833"}],"version-history":[{"count":0,"href":"https:\/\/www.allthingsstone.com\/ca-fr\/wp-json\/wp\/v2\/pages\/17833\/revisions"}],"wp:featuredmedia":[{"embeddable":true,"href":"https:\/\/www.allthingsstone.com\/ca-fr\/wp-json\/wp\/v2\/media\/17843"}],"wp:attachment":[{"href":"https:\/\/www.allthingsstone.com\/ca-fr\/wp-json\/wp\/v2\/media?parent=17833"}],"curies":[{"name":"wp","href":"https:\/\/api.w.org\/{rel}","templated":true}]}}