{"id":16149,"date":"2021-03-04T14:25:09","date_gmt":"2021-03-04T19:25:09","guid":{"rendered":"http:\/\/www.allthingsstone.com\/ca-fr\/?page_id=16149"},"modified":"2023-06-29T13:26:46","modified_gmt":"2023-06-29T17:26:46","slug":"lunch-and-learn-program","status":"publish","type":"page","link":"https:\/\/www.allthingsstone.com\/ca-fr\/seance-collation-et-education\/","title":{"rendered":"S\u00e9ance Collation et \u00c9ducation"},"content":{"rendered":"<div id=\"pl-16149\"  class=\"panel-layout\" ><div id=\"pg-16149-0\"  class=\"panel-grid panel-no-style\" ><div id=\"pgc-16149-0-0\"  class=\"panel-grid-cell\" ><div id=\"panel-16149-0-0-0\" class=\"so-panel widget widget_sow-image panel-first-child panel-last-child\" data-index=\"0\" ><div\n\t\t\t\n\t\t\tclass=\"so-widget-sow-image so-widget-sow-image-default-8b5b6f678277-16149\"\n\t\t\t\n\t\t>\n\n<div class=\"sow-image-container\">\n\t\t<img decoding=\"async\" src=\"https:\/\/www.allthingsstone.com\/ca-fr\/wp-content\/uploads\/sites\/12\/2022\/07\/CSI-Seance-Collation-et-Education.png\" width=\"400\" height=\"300\" srcset=\"https:\/\/www.allthingsstone.com\/ca-fr\/wp-content\/uploads\/sites\/12\/2022\/07\/CSI-Seance-Collation-et-Education.png 400w, https:\/\/www.allthingsstone.com\/ca-fr\/wp-content\/uploads\/sites\/12\/2022\/07\/CSI-Seance-Collation-et-Education-300x225.png 300w\" sizes=\"auto, (max-width: 400px) 100vw, 400px\" title=\"CSI Seance Collation et Education\" alt=\"CSI Seance Collation et Education\" loading=\"lazy\" \t\tclass=\"so-widget-image\"\/>\n\t<\/div>\n\n<\/div><\/div><\/div><div id=\"pgc-16149-0-1\"  class=\"panel-grid-cell\" ><div id=\"panel-16149-0-1-0\" class=\"so-panel widget widget_sow-editor panel-first-child panel-last-child\" data-index=\"1\" ><div class=\"panel-widget-style panel-widget-style-for-16149-0-1-0\" ><div\n\t\t\t\n\t\t\tclass=\"so-widget-sow-editor so-widget-sow-editor-base\"\n\t\t\t\n\t\t>\n<div class=\"siteorigin-widget-tinymce textwidget\">\n\t<p dir=\"ltr\"><span class=\"font\"><span class=\"highlight\">Appel \u00e0 tous les architectes, entrepreneurs et designers! Nous sommes fiers d'offrir des sessions de formation <\/span><\/span><span class=\"font\"><span class=\"highlight\">accr\u00e9dit\u00e9s partout au Canada et aux \u00c9tats-Unis! Laissez notre \u00e9quipe \u00e9duquer votre \u00e9quipe sur le <\/span><\/span><span class=\"font\"><span class=\"highlight\">produit de rev\u00eatement de votre choix! <\/span><\/span><\/p>\n<\/div>\n<\/div><\/div><\/div><\/div><\/div><div id=\"pg-16149-1\"  class=\"panel-grid panel-no-style\" ><div id=\"pgc-16149-1-0\"  class=\"panel-grid-cell\" ><div id=\"panel-16149-1-0-0\" class=\"so-panel widget widget_sow-editor panel-first-child panel-last-child\" data-index=\"2\" ><div\n\t\t\t\n\t\t\tclass=\"so-widget-sow-editor so-widget-sow-editor-base\"\n\t\t\t\n\t\t>\n<div class=\"siteorigin-widget-tinymce textwidget\">\n\t<p dir=\"ltr\"><strong><span class=\"font\"><span class=\"highlight\">Nos sessions de formation vous permettra de :<\/span><\/span><\/strong><span class=\"font\"><span class=\"highlight\"><br \/>\n<\/span><\/span><\/p>\n<p>- Gagnez des cr\u00e9dits en d\u00e9veloppement continu *<br \/>\n- Poursuive votre formation professionnelle<br \/>\n- Recevez un diner gratuit<\/p>\n<p><strong>Nous avons les pr\u00e9sentations accr\u00e9dit\u00e9es suivantes \u00e0 votre disposition :<\/strong><\/p>\n<p dir=\"ltr\">\t\t<div class='container'>\n\t\t\t<div class=\"row\">\n\t\t\t\t<div class=\"col\">\n\t\t\t\t\t<div class=\"tabs\">\n\t\t\t\t\t\t\t\t\t\t\t\t\t\t\t\t\t\t\t<div class=\"tab\">\n\t\t\t\t\t\t\t\t<input type=\"radio\" id=\"rd1\" name=\"rd\">\n\t\t\t\t\t\t\t\t<label class=\"tab-label\" for=\"rd1\">Placage de Pierre Mince Coll\u00e9e<\/label>\n\t\t\t\t\t\t\t\t<div class=\"tab-content\">\n\t\t\t\t\t\t\t\t\tD\u00e9couvrez comment le placage de pierre usin\u00e9e est fabriqu\u00e9, comment d\u00e9terminer la qualit\u00e9, les m\u00e9thodes d'installation appropri\u00e9es et les meilleures pratiques.\t\t\t\t\t\t\t\t<\/div>\n\t\t\t\t\t\t\t<\/div>\n\t\t\t\t\t\t\t\t\t\t\t\t\t<div class=\"tab\">\n\t\t\t\t\t\t\t\t<input type=\"radio\" id=\"rd2\" name=\"rd\">\n\t\t\t\t\t\t\t\t<label class=\"tab-label\" for=\"rd2\">Placage de Pierre Naturelle<\/label>\n\t\t\t\t\t\t\t\t<div class=\"tab-content\">\n\t\t\t\t\t\t\t\t\tNous d\u00e9couvrons les avantages du placage de pierre naturelle, comparons, et analysons les types de pierre naturelle et \u00e9tablissons les meilleures pratiques pour sp\u00e9cifier les assemblages de murs.\t\t\t\t\t\t\t\t<\/div>\n\t\t\t\t\t\t\t<\/div>\n\t\t\t\t\t\t\t\t\t\t\t\t\t<div class=\"tab\">\n\t\t\t\t\t\t\t\t<input type=\"radio\" id=\"rd3\" name=\"rd\">\n\t\t\t\t\t\t\t\t<label class=\"tab-label\" for=\"rd3\">Rev\u00eatement de Pierre<\/label>\n\t\t\t\t\t\t\t\t<div class=\"tab-content\">\n\t\t\t\t\t\t\t\t\tEn nous concentrant sur l'installation et les applications, nous nous int\u00e9ressons au nouveau placage de pierre sans mortier et \u00e0 son lien avec d'autres types de produits de rev\u00eatement.\t\t\t\t\t\t\t\t<\/div>\n\t\t\t\t\t\t\t<\/div>\n\t\t\t\t\t\t\t\t\t\t\t\t<div class=\"tab\" style='display: none;'>\n\t\t\t\t\t\t\t<input type=\"radio\" id=\"rd4\" name=\"rd\">\n\t\t\t\t\t\t\t<label for=\"rd4\" class=\"tab-close\" style='background-color: #b5b6b8;'>Close others &times;<\/label>\n\t\t\t\t\t\t<\/div>\n\t\t\t\t\t<\/div>\n\t\t\t\t<\/div>\n\t\t\t<\/div>\n\t\t<\/div>\n\t\t<\/p>\n<p><em>*Certaines r\u00e9gions sont \u00e9ligibles aux cr\u00e9dits \u00e9ducatifs. Veuillez nous contacter pour toute demande <\/em><\/p>\n<p><a id=\"book-now-btn\" href=\"mailto:sales@allthingsstone.com?subject=Lunch and Learn Program\" target=\"_blank\" rel=\"noopener noreferrer\">R\u00e9servez maintenant<\/a><\/p>\n<\/div>\n<\/div><\/div><\/div><\/div><\/div>","protected":false},"excerpt":{"rendered":"<p>Appel \u00e0 tous les architectes, entrepreneurs et designers! Nous sommes fiers d&#8217;offrir des sessions de formation accr\u00e9dit\u00e9s partout au Canada et aux \u00c9tats-Unis! Laissez notre &hellip; <a href=\"https:\/\/www.allthingsstone.com\/ca-fr\/seance-collation-et-education\/\">Continued<\/a><\/p>\n","protected":false},"author":15,"featured_media":0,"parent":0,"menu_order":0,"comment_status":"closed","ping_status":"closed","template":"templates\/lunch-and-learn.php","meta":{"inline_featured_image":false,"_mi_skip_tracking":false,"_exactmetrics_sitenote_active":false,"_exactmetrics_sitenote_note":"","_exactmetrics_sitenote_category":0,"footnotes":""},"class_list":["post-16149","page","type-page","status-publish","hentry"],"acf":[],"yoast_head":"<!-- This site is optimized with the Yoast SEO Premium plugin v21.6 (Yoast SEO v21.6) - https:\/\/yoast.com\/wordpress\/plugins\/seo\/ -->\n<title>S\u00e9ance Collation et \u00c9ducation | CSI - All Things Stone CAN-FR<\/title>\n<meta name=\"description\" content=\"Appel \u00e0 tous les architectes, entrepreneurs et designers! Nous sommes fiers d\u2019offrir des sessions de formation accr\u00e9dit\u00e9s partout au Canada et aux \u00c9tats-Unis! Laissez notre \u00e9quipe \u00e9duquer votre \u00e9quipe sur le produit de rev\u00eatement de votre choix!\" \/>\n<meta name=\"robots\" content=\"index, follow, max-snippet:-1, max-image-preview:large, max-video-preview:-1\" \/>\n<link rel=\"canonical\" href=\"https:\/\/www.allthingsstone.com\/ca-fr\/seance-collation-et-education\/\" \/>\n<meta property=\"og:locale\" content=\"en_US\" \/>\n<meta property=\"og:type\" content=\"article\" \/>\n<meta property=\"og:title\" content=\"S\u00e9ance Collation et \u00c9ducation\" \/>\n<meta property=\"og:description\" content=\"Appel \u00e0 tous les architectes, entrepreneurs et designers! Nous sommes fiers d\u2019offrir des sessions de formation accr\u00e9dit\u00e9s partout au Canada et aux \u00c9tats-Unis! Laissez notre \u00e9quipe \u00e9duquer votre \u00e9quipe sur le produit de rev\u00eatement de votre choix!\" \/>\n<meta property=\"og:url\" content=\"https:\/\/www.allthingsstone.com\/ca-fr\/seance-collation-et-education\/\" \/>\n<meta property=\"og:site_name\" content=\"CSI - Canadian Stone Industries FR\" \/>\n<meta property=\"article:modified_time\" content=\"2023-06-29T17:26:46+00:00\" \/>\n<meta name=\"twitter:card\" content=\"summary_large_image\" \/>\n<meta name=\"twitter:label1\" content=\"Est. reading time\" \/>\n\t<meta name=\"twitter:data1\" content=\"1 minute\" \/>\n<script type=\"application\/ld+json\" class=\"yoast-schema-graph\">{\"@context\":\"https:\/\/schema.org\",\"@graph\":[{\"@type\":\"WebPage\",\"@id\":\"https:\/\/www.allthingsstone.com\/ca-fr\/seance-collation-et-education\/\",\"url\":\"https:\/\/www.allthingsstone.com\/ca-fr\/seance-collation-et-education\/\",\"name\":\"S\u00e9ance Collation et \u00c9ducation | CSI - All Things Stone CAN-FR\",\"isPartOf\":{\"@id\":\"https:\/\/www.allthingsstone.com\/ca-fr\/#website\"},\"datePublished\":\"2021-03-04T19:25:09+00:00\",\"dateModified\":\"2023-06-29T17:26:46+00:00\",\"description\":\"Appel \u00e0 tous les architectes, entrepreneurs et designers! Nous sommes fiers d\u2019offrir des sessions de formation accr\u00e9dit\u00e9s partout au Canada et aux \u00c9tats-Unis! Laissez notre \u00e9quipe \u00e9duquer votre \u00e9quipe sur le produit de rev\u00eatement de votre choix!\",\"breadcrumb\":{\"@id\":\"https:\/\/www.allthingsstone.com\/ca-fr\/seance-collation-et-education\/#breadcrumb\"},\"inLanguage\":\"en-CA\",\"potentialAction\":[{\"@type\":\"ReadAction\",\"target\":[\"https:\/\/www.allthingsstone.com\/ca-fr\/seance-collation-et-education\/\"]}]},{\"@type\":\"BreadcrumbList\",\"@id\":\"https:\/\/www.allthingsstone.com\/ca-fr\/seance-collation-et-education\/#breadcrumb\",\"itemListElement\":[{\"@type\":\"ListItem\",\"position\":1,\"name\":\"Home\",\"item\":\"https:\/\/www.allthingsstone.com\/ca-fr\/\"},{\"@type\":\"ListItem\",\"position\":2,\"name\":\"S\u00e9ance Collation et \u00c9ducation\"}]},{\"@type\":\"WebSite\",\"@id\":\"https:\/\/www.allthingsstone.com\/ca-fr\/#website\",\"url\":\"https:\/\/www.allthingsstone.com\/ca-fr\/\",\"name\":\"CSI - Canadian Stone Industries FR\",\"description\":\"\",\"potentialAction\":[{\"@type\":\"SearchAction\",\"target\":{\"@type\":\"EntryPoint\",\"urlTemplate\":\"https:\/\/www.allthingsstone.com\/ca-fr\/?s={search_term_string}\"},\"query-input\":\"required name=search_term_string\"}],\"inLanguage\":\"en-CA\"}]}<\/script>\n<!-- \/ Yoast SEO Premium plugin. -->","yoast_head_json":{"title":"S\u00e9ance Collation et \u00c9ducation | CSI - All Things Stone CAN-FR","description":"Appel \u00e0 tous les architectes, entrepreneurs et designers! Nous sommes fiers d\u2019offrir des sessions de formation accr\u00e9dit\u00e9s partout au Canada et aux \u00c9tats-Unis! Laissez notre \u00e9quipe \u00e9duquer votre \u00e9quipe sur le produit de rev\u00eatement de votre choix!","robots":{"index":"index","follow":"follow","max-snippet":"max-snippet:-1","max-image-preview":"max-image-preview:large","max-video-preview":"max-video-preview:-1"},"canonical":"https:\/\/www.allthingsstone.com\/ca-fr\/seance-collation-et-education\/","og_locale":"en_US","og_type":"article","og_title":"S\u00e9ance Collation et \u00c9ducation","og_description":"Appel \u00e0 tous les architectes, entrepreneurs et designers! Nous sommes fiers d\u2019offrir des sessions de formation accr\u00e9dit\u00e9s partout au Canada et aux \u00c9tats-Unis! Laissez notre \u00e9quipe \u00e9duquer votre \u00e9quipe sur le produit de rev\u00eatement de votre choix!","og_url":"https:\/\/www.allthingsstone.com\/ca-fr\/seance-collation-et-education\/","og_site_name":"CSI - Canadian Stone Industries FR","article_modified_time":"2023-06-29T17:26:46+00:00","twitter_card":"summary_large_image","twitter_misc":{"Est. reading time":"1 minute"},"schema":{"@context":"https:\/\/schema.org","@graph":[{"@type":"WebPage","@id":"https:\/\/www.allthingsstone.com\/ca-fr\/seance-collation-et-education\/","url":"https:\/\/www.allthingsstone.com\/ca-fr\/seance-collation-et-education\/","name":"S\u00e9ance Collation et \u00c9ducation | CSI - All Things Stone CAN-FR","isPartOf":{"@id":"https:\/\/www.allthingsstone.com\/ca-fr\/#website"},"datePublished":"2021-03-04T19:25:09+00:00","dateModified":"2023-06-29T17:26:46+00:00","description":"Appel \u00e0 tous les architectes, entrepreneurs et designers! Nous sommes fiers d\u2019offrir des sessions de formation accr\u00e9dit\u00e9s partout au Canada et aux \u00c9tats-Unis! Laissez notre \u00e9quipe \u00e9duquer votre \u00e9quipe sur le produit de rev\u00eatement de votre choix!","breadcrumb":{"@id":"https:\/\/www.allthingsstone.com\/ca-fr\/seance-collation-et-education\/#breadcrumb"},"inLanguage":"en-CA","potentialAction":[{"@type":"ReadAction","target":["https:\/\/www.allthingsstone.com\/ca-fr\/seance-collation-et-education\/"]}]},{"@type":"BreadcrumbList","@id":"https:\/\/www.allthingsstone.com\/ca-fr\/seance-collation-et-education\/#breadcrumb","itemListElement":[{"@type":"ListItem","position":1,"name":"Home","item":"https:\/\/www.allthingsstone.com\/ca-fr\/"},{"@type":"ListItem","position":2,"name":"S\u00e9ance Collation et \u00c9ducation"}]},{"@type":"WebSite","@id":"https:\/\/www.allthingsstone.com\/ca-fr\/#website","url":"https:\/\/www.allthingsstone.com\/ca-fr\/","name":"CSI - Canadian Stone Industries FR","description":"","potentialAction":[{"@type":"SearchAction","target":{"@type":"EntryPoint","urlTemplate":"https:\/\/www.allthingsstone.com\/ca-fr\/?s={search_term_string}"},"query-input":"required name=search_term_string"}],"inLanguage":"en-CA"}]}},"_links":{"self":[{"href":"https:\/\/www.allthingsstone.com\/ca-fr\/wp-json\/wp\/v2\/pages\/16149","targetHints":{"allow":["GET"]}}],"collection":[{"href":"https:\/\/www.allthingsstone.com\/ca-fr\/wp-json\/wp\/v2\/pages"}],"about":[{"href":"https:\/\/www.allthingsstone.com\/ca-fr\/wp-json\/wp\/v2\/types\/page"}],"author":[{"embeddable":true,"href":"https:\/\/www.allthingsstone.com\/ca-fr\/wp-json\/wp\/v2\/users\/15"}],"replies":[{"embeddable":true,"href":"https:\/\/www.allthingsstone.com\/ca-fr\/wp-json\/wp\/v2\/comments?post=16149"}],"version-history":[{"count":0,"href":"https:\/\/www.allthingsstone.com\/ca-fr\/wp-json\/wp\/v2\/pages\/16149\/revisions"}],"wp:attachment":[{"href":"https:\/\/www.allthingsstone.com\/ca-fr\/wp-json\/wp\/v2\/media?parent=16149"}],"curies":[{"name":"wp","href":"https:\/\/api.w.org\/{rel}","templated":true}]}}