{"id":15582,"date":"2020-10-16T22:15:38","date_gmt":"2020-10-17T02:15:38","guid":{"rendered":"http:\/\/www.allthingsstone.com\/ca-fr\/?page_id=15582"},"modified":"2020-12-14T12:31:31","modified_gmt":"2020-12-14T17:31:31","slug":"all-brands","status":"publish","type":"page","link":"https:\/\/www.allthingsstone.com\/ca-fr\/toutes-les-marques\/","title":{"rendered":"Toutes les marques"},"content":{"rendered":"<link rel=\"stylesheet\" href=\"https:\/\/www.allthingsstone.com\/ca-fr\/wp-content\/themes\/canadian_stone\/assets\/styles\/all-brands.css?v=0.25\">\n<div class='panel-layout'>\n\t\t<div class='brands-group'>\n\t\t<h2>Produits de pierres et de briques<\/h2>\n\t\t<div class='brands-list'>\n\t\t\t\t\t\t<div class='list-item text-left'>\n\t\t\t\t<a href='https:\/\/www.allthingsstone.com\/ca-fr\/brands\/flex-bricks\/'>\n\t\t\t\t\t<img src='https:\/\/www.allthingsstone.com\/ca-fr\/wp-content\/uploads\/sites\/12\/2025\/10\/Flex-Bricks-2-300x300.png' title='Flex Bricks' alt='Flex Bricks' \/>\n\t\t\t\t\t<h3>Flex Bricks<\/h3>\t\t\t\t\n\t\t\t\t<\/a>\n\t\t\t\t<!--  -->\n\t\t\t<\/div>\n\t\t\t\t\t\t<div class='list-item text-left'>\n\t\t\t\t<a href='https:\/\/www.allthingsstone.com\/ca-fr\/brands\/brikclad\/'>\n\t\t\t\t\t<img src='https:\/\/www.allthingsstone.com\/ca-fr\/wp-content\/uploads\/sites\/12\/2020\/08\/BRIKclad_Mechanically-Fastened-Clay-Brick-Veneer-300x300.png' title='BRIKclad' alt='BRIKclad' \/>\n\t\t\t\t\t<h3>BRIKclad<\/h3>\t\t\t\t\n\t\t\t\t<\/a>\n\t\t\t\t<!--  -->\n\t\t\t<\/div>\n\t\t\t\t\t\t<div class='list-item text-left'>\n\t\t\t\t<a href='https:\/\/www.allthingsstone.com\/ca-fr\/brands\/colonial-brick-stone-inc\/'>\n\t\t\t\t\t<img src='https:\/\/www.allthingsstone.com\/ca-fr\/wp-content\/uploads\/sites\/12\/2023\/04\/Colonial-Brick-Stone-Inc.-300x300.jpg' title='Colonial Brick &amp; Stone Inc.' alt='Colonial Brick &amp; Stone Inc.' \/>\n\t\t\t\t\t<h3>Colonial Brick &amp; Stone Inc.<\/h3>\t\t\t\t\n\t\t\t\t<\/a>\n\t\t\t\t<!--  -->\n\t\t\t<\/div>\n\t\t\t\t\t\t<div class='list-item text-left'>\n\t\t\t\t<a href='https:\/\/www.allthingsstone.com\/ca-fr\/brands\/cultured-stone\/'>\n\t\t\t\t\t<img src='https:\/\/www.allthingsstone.com\/ca-fr\/wp-content\/uploads\/sites\/12\/2017\/06\/Cultured-Stone\u00ae-1-300x300.png' title='Cultured Stone\u00ae' alt='Cultured Stone\u00ae' \/>\n\t\t\t\t\t<h3>Cultured Stone\u00ae<\/h3>\t\t\t\t\n\t\t\t\t<\/a>\n\t\t\t\t<!-- \t\t\t\t\t\t\t<div class=\"visualizer-wrap mb-4\">\n\t\t\t\t\t\t\t\t<p class=\"d-inline-block\">Bring your vision life!<br \/>To see how this stone would look on your project<\/p>\n\t\t\t\t\t\t\t\t<a href=\"https:\/\/csi-allthingsstone.renoworks.com\/?lang=fr \" class=\"btn btn-primary d-inline mb-1\">Click Here<\/a>\n\t\t\t\t\t\t\t<\/div>\n\t\t\t\t\t\t\t -->\n\t\t\t<\/div>\n\t\t\t\t\t\t<div class='list-item text-left'>\n\t\t\t\t<a href='https:\/\/www.allthingsstone.com\/ca-fr\/brands\/cultured-brick-de-cultured-stone\/'>\n\t\t\t\t\t<img src='https:\/\/www.allthingsstone.com\/ca-fr\/wp-content\/uploads\/sites\/12\/2017\/06\/Cultured-Brick-300x300.png' title='Cultured Brick\u00ae de Cultured Stone\u00ae' alt='Cultured Brick\u00ae de Cultured Stone\u00ae' \/>\n\t\t\t\t\t<h3>Cultured Brick\u00ae de Cultured Stone\u00ae<\/h3>\t\t\t\t\n\t\t\t\t<\/a>\n\t\t\t\t<!-- \t\t\t\t\t\t\t<div class=\"visualizer-wrap mb-4\">\n\t\t\t\t\t\t\t\t<p class=\"d-inline-block\">Bring your vision life!<br \/>To see how this stone would look on your project<\/p>\n\t\t\t\t\t\t\t\t<a href=\"https:\/\/csi-allthingsstone.renoworks.com\/?lang=fr \" class=\"btn btn-primary d-inline mb-1\">Click Here<\/a>\n\t\t\t\t\t\t\t<\/div>\n\t\t\t\t\t\t\t -->\n\t\t\t<\/div>\n\t\t\t\t\t\t<div class='list-item text-left'>\n\t\t\t\t<a href='https:\/\/www.allthingsstone.com\/ca-fr\/brands\/dutch-quality\/'>\n\t\t\t\t\t<img src='https:\/\/www.allthingsstone.com\/ca-fr\/wp-content\/uploads\/sites\/12\/2017\/06\/Dutch-Quality-Stone-300x300.png' title='Dutch Quality Stone\u00ae' alt='Dutch Quality Stone\u00ae' \/>\n\t\t\t\t\t<h3>Dutch Quality Stone\u00ae<\/h3>\t\t\t\t\n\t\t\t\t<\/a>\n\t\t\t\t<!-- \t\t\t\t\t\t\t<div class=\"visualizer-wrap mb-4\">\n\t\t\t\t\t\t\t\t<p class=\"d-inline-block\">Bring your vision life!<br \/>To see how this stone would look on your project<\/p>\n\t\t\t\t\t\t\t\t<a href=\"https:\/\/csi-allthingsstone.renoworks.com\/?lang=fr \" class=\"btn btn-primary d-inline mb-1\">Click Here<\/a>\n\t\t\t\t\t\t\t<\/div>\n\t\t\t\t\t\t\t -->\n\t\t\t<\/div>\n\t\t\t\t\t\t<div class='list-item text-left'>\n\t\t\t\t<a href='https:\/\/www.allthingsstone.com\/ca-fr\/brands\/pangaea-natural-stone-veneer\/'>\n\t\t\t\t\t<img src='https:\/\/www.allthingsstone.com\/ca-fr\/wp-content\/uploads\/sites\/12\/2017\/08\/Pangaea-Natural-Stone-Veneer-1-300x300.png' title='Pangaea\u00ae Natural Stone' alt='Pangaea\u00ae Natural Stone' \/>\n\t\t\t\t\t<h3>Pangaea\u00ae Natural Stone<\/h3>\t\t\t\t\n\t\t\t\t<\/a>\n\t\t\t\t<!--  -->\n\t\t\t<\/div>\n\t\t\t\t\t\t<div class='list-item text-left'>\n\t\t\t\t<a href='https:\/\/www.allthingsstone.com\/ca-fr\/brands\/terracraft-natural-stone\/'>\n\t\t\t\t\t<img src='https:\/\/www.allthingsstone.com\/ca-fr\/wp-content\/uploads\/sites\/12\/2017\/06\/TerraCraft-Natural-Stone-300x300.png' title='TerraCraft\u00ae Natural Stone Veneer' alt='TerraCraft\u00ae Natural Stone Veneer' \/>\n\t\t\t\t\t<h3>TerraCraft\u00ae Natural Stone Veneer<\/h3>\t\t\t\t\n\t\t\t\t<\/a>\n\t\t\t\t<!-- \t\t\t\t\t\t\t<div class=\"visualizer-wrap mb-4\">\n\t\t\t\t\t\t\t\t<p class=\"d-inline-block\">Bring your vision life!<br \/>To see how this stone would look on your project<\/p>\n\t\t\t\t\t\t\t\t<a href=\"https:\/\/csi-allthingsstone.renoworks.com\/?lang=fr \" class=\"btn btn-primary d-inline mb-1\">Click Here<\/a>\n\t\t\t\t\t\t\t<\/div>\n\t\t\t\t\t\t\t -->\n\t\t\t<\/div>\n\t\t\t\t\t\t<div class='list-item text-left'>\n\t\t\t\t<a href='https:\/\/www.allthingsstone.com\/ca-fr\/brands\/thincut-natural-stone\/'>\n\t\t\t\t\t<img src='https:\/\/www.allthingsstone.com\/ca-fr\/wp-content\/uploads\/sites\/12\/2017\/08\/ThinCut-Natural-Stone-2-300x300.png' title='ThinCut\u2122 Natural Stone Veneer' alt='ThinCut\u2122 Natural Stone Veneer' \/>\n\t\t\t\t\t<h3>ThinCut\u2122 Natural Stone Veneer<\/h3>\t\t\t\t\n\t\t\t\t<\/a>\n\t\t\t\t<!--  -->\n\t\t\t<\/div>\n\t\t\t\t\t\t<div class='list-item text-left'>\n\t\t\t\t<a href='https:\/\/www.allthingsstone.com\/ca-fr\/brands\/tier-natural-stone\/'>\n\t\t\t\t\t<img src='https:\/\/www.allthingsstone.com\/ca-fr\/wp-content\/uploads\/sites\/12\/2017\/06\/TIER-Natural-Stone-300x300.png' title='TIER\u00ae Natural Stone' alt='TIER\u00ae Natural Stone' \/>\n\t\t\t\t\t<h3>TIER\u00ae Natural Stone<\/h3>\t\t\t\t\n\t\t\t\t<\/a>\n\t\t\t\t<!--  -->\n\t\t\t<\/div>\n\t\t\t\t\t\t<div class='list-item text-left'>\n\t\t\t\t<a href='https:\/\/www.allthingsstone.com\/ca-fr\/brands\/versetta-stone\/'>\n\t\t\t\t\t<img src='https:\/\/www.allthingsstone.com\/ca-fr\/wp-content\/uploads\/sites\/12\/2017\/06\/Versetta-Stone-300x300.png' title='Versetta Stone\u00ae' alt='Versetta Stone\u00ae' \/>\n\t\t\t\t\t<h3>Versetta Stone\u00ae<\/h3>\t\t\t\t\n\t\t\t\t<\/a>\n\t\t\t\t<!-- \t\t\t\t\t\t\t<div class=\"visualizer-wrap mb-4\">\n\t\t\t\t\t\t\t\t<p class=\"d-inline-block\">Bring your vision life!<br \/>To see how this stone would look on your project<\/p>\n\t\t\t\t\t\t\t\t<a href=\"https:\/\/csi-allthingsstone.renoworks.com\/?lang=fr \" class=\"btn btn-primary d-inline mb-1\">Click Here<\/a>\n\t\t\t\t\t\t\t<\/div>\n\t\t\t\t\t\t\t -->\n\t\t\t<\/div>\n\t\t\t\t\t<\/div>\n\t<\/div>\n\t\t<div class='brands-group'>\n\t\t<h2>Produits de construction<\/h2>\n\t\t<div class='brands-list'>\n\t\t\t\t\t\t<div class='list-item text-left'>\n\t\t\t\t<a href='https:\/\/www.allthingsstone.com\/ca-fr\/brands\/delta-dorken\/'>\n\t\t\t\t\t<img src='https:\/\/www.allthingsstone.com\/ca-fr\/wp-content\/uploads\/sites\/12\/2020\/06\/D\u00f6rken-DELTA\u00ae-300x300.jpg' title='DELTA\u00ae de D\u00f6rken' alt='DELTA\u00ae de D\u00f6rken' \/>\n\t\t\t\t\t<h3>DELTA\u00ae de D\u00f6rken<\/h3>\t\t\t\t\n\t\t\t\t<\/a>\n\t\t\t\t<!--  -->\n\t\t\t<\/div>\n\t\t\t\t\t\t<div class='list-item text-left'>\n\t\t\t\t<a href='https:\/\/www.allthingsstone.com\/ca-fr\/brands\/boral-drain-n-dry\/'>\n\t\t\t\t\t<img src='https:\/\/www.allthingsstone.com\/ca-fr\/wp-content\/uploads\/sites\/12\/2017\/08\/Boral\u00ae-Drain-N-Dry\u2122-with-DELTA\u00ae-DRY-300x300.jpg' title='Drain-N-Dry\u2122 Lath' alt='Drain-N-Dry\u2122 Lath' \/>\n\t\t\t\t\t<h3>Drain-N-Dry\u2122 Lath<\/h3>\t\t\t\t\n\t\t\t\t<\/a>\n\t\t\t\t<!--  -->\n\t\t\t<\/div>\n\t\t\t\t\t\t<div class='list-item text-left'>\n\t\t\t\t<a href='https:\/\/www.allthingsstone.com\/ca-fr\/brands\/drainaway-bande-decoulement\/'>\n\t\t\t\t\t<img src='https:\/\/www.allthingsstone.com\/ca-fr\/wp-content\/uploads\/sites\/12\/2017\/08\/Drainaway-Drainage-Strip-Silver-300x300.png' title='DrainAway\u00ae' alt='DrainAway\u00ae' \/>\n\t\t\t\t\t<h3>DrainAway\u00ae<\/h3>\t\t\t\t\n\t\t\t\t<\/a>\n\t\t\t\t<!--  -->\n\t\t\t<\/div>\n\t\t\t\t\t\t<div class='list-item text-left'>\n\t\t\t\t<a href='https:\/\/www.allthingsstone.com\/ca-fr\/brands\/latte-metallique-galvanisee\/'>\n\t\t\t\t\t<img src='https:\/\/www.allthingsstone.com\/ca-fr\/wp-content\/uploads\/sites\/12\/2017\/08\/Galvanized-Metal-Lath-Building-Components-300x300.png' title='Latte m\u00e9tallique galvanis\u00e9e' alt='Latte m\u00e9tallique galvanis\u00e9e' \/>\n\t\t\t\t\t<h3>Latte m\u00e9tallique galvanis\u00e9e<\/h3>\t\t\t\t\n\t\t\t\t<\/a>\n\t\t\t\t<!--  -->\n\t\t\t<\/div>\n\t\t\t\t\t\t<div class='list-item text-left'>\n\t\t\t\t<a href='https:\/\/www.allthingsstone.com\/ca-fr\/brands\/keene-building-products\/'>\n\t\t\t\t\t<img src='https:\/\/www.allthingsstone.com\/ca-fr\/wp-content\/uploads\/sites\/12\/2017\/08\/Driwall-Rainscreen-Keene-Building-Products-300x300.png' title='Keene\u2122 Building Products' alt='Keene\u2122 Building Products' \/>\n\t\t\t\t\t<h3>Keene\u2122 Building Products<\/h3>\t\t\t\t\n\t\t\t\t<\/a>\n\t\t\t\t<!--  -->\n\t\t\t<\/div>\n\t\t\t\t\t<\/div>\n\t<\/div>\n\t\t<div class='brands-group'>\n\t\t<h2>Syst\u00e8mes de foyers et vie ext\u00e9rieure<\/h2>\n\t\t<div class='brands-list'>\n\t\t\t\t\t\t<div class='list-item text-left'>\n\t\t\t\t<a href='https:\/\/www.allthingsstone.com\/ca-fr\/brands\/foyers-et-cheminees-isokern-de-earthcore\/'>\n\t\t\t\t\t<img src='https:\/\/www.allthingsstone.com\/ca-fr\/wp-content\/uploads\/sites\/12\/2017\/08\/Fireplace-and-Chimney-Earthcore-Isokern-300x300.png' title='Syst\u00e8mes de foyers int\u00e9rieurs et ext\u00e9rieurs' alt='Syst\u00e8mes de foyers int\u00e9rieurs et ext\u00e9rieurs' \/>\n\t\t\t\t\t<h3>Syst\u00e8mes de foyers int\u00e9rieurs et ext\u00e9rieurs<\/h3>\t\t\t\t\n\t\t\t\t<\/a>\n\t\t\t\t<!--  -->\n\t\t\t<\/div>\n\t\t\t\t\t\t<div class='list-item text-left'>\n\t\t\t\t<a href='https:\/\/www.allthingsstone.com\/ca-fr\/brands\/cuisines-modulaires-exterieures\/'>\n\t\t\t\t\t<img src='https:\/\/www.allthingsstone.com\/ca-fr\/wp-content\/uploads\/sites\/12\/2017\/10\/Earthcore-Isopanel-Modular-Outdoor-BBQ-Kitchen-300x300.png' title='Cuisines modulaires ext\u00e9rieures' alt='Cuisines modulaires ext\u00e9rieures' \/>\n\t\t\t\t\t<h3>Cuisines modulaires ext\u00e9rieures<\/h3>\t\t\t\t\n\t\t\t\t<\/a>\n\t\t\t\t<!--  -->\n\t\t\t<\/div>\n\t\t\t\t\t\t<div class='list-item text-left'>\n\t\t\t\t<a href='https:\/\/www.allthingsstone.com\/ca-fr\/brands\/fours-a-pizza-au-bois\/'>\n\t\t\t\t\t<img src='https:\/\/www.allthingsstone.com\/ca-fr\/wp-content\/uploads\/sites\/12\/2017\/10\/Earthcore-Isoven-Outdoor-Wood-Burning-Pizza-Oven-300x300.png' title='Fours \u00e0 pizza au bois' alt='Fours \u00e0 pizza au bois' \/>\n\t\t\t\t\t<h3>Fours \u00e0 pizza au bois<\/h3>\t\t\t\t\n\t\t\t\t<\/a>\n\t\t\t\t<!--  -->\n\t\t\t<\/div>\n\t\t\t\t\t<\/div>\n\t<\/div>\n\t<\/div>\n\n","protected":false},"excerpt":{"rendered":"","protected":false},"author":15,"featured_media":0,"parent":0,"menu_order":0,"comment_status":"closed","ping_status":"closed","template":"","meta":{"inline_featured_image":false,"_mi_skip_tracking":false,"_exactmetrics_sitenote_active":false,"_exactmetrics_sitenote_note":"","_exactmetrics_sitenote_category":0,"footnotes":""},"class_list":["post-15582","page","type-page","status-publish","hentry"],"acf":[],"yoast_head":"<!-- This site is optimized with the Yoast SEO Premium plugin v21.6 (Yoast SEO v21.6) - https:\/\/yoast.com\/wordpress\/plugins\/seo\/ -->\n<title>Toutes les marques | CSI - All Things Stone CAN-FR<\/title>\n<meta name=\"description\" content=\"Nous sommes fiers d&#039;offrir des placages de pierre, des composants de construction et des produits de foyer de qualit\u00e9 partout au Canada. Parcourez nos marques comme Cultured Stone\u00ae, Pangaea\u00ae Natural Stone, Versetta Stone\u00ae et more!\" \/>\n<meta name=\"robots\" content=\"index, follow, max-snippet:-1, max-image-preview:large, max-video-preview:-1\" \/>\n<link rel=\"canonical\" href=\"https:\/\/www.allthingsstone.com\/ca-fr\/toutes-les-marques\/\" \/>\n<meta property=\"og:locale\" content=\"en_US\" \/>\n<meta property=\"og:type\" content=\"article\" \/>\n<meta property=\"og:title\" content=\"Toutes les marques\" \/>\n<meta property=\"og:description\" content=\"Nous sommes fiers d&#039;offrir des placages de pierre, des composants de construction et des produits de foyer de qualit\u00e9 partout au Canada. Parcourez nos marques comme Cultured Stone\u00ae, Pangaea\u00ae Natural Stone, Versetta Stone\u00ae et more!\" \/>\n<meta property=\"og:url\" content=\"https:\/\/www.allthingsstone.com\/ca-fr\/toutes-les-marques\/\" \/>\n<meta property=\"og:site_name\" content=\"CSI - Canadian Stone Industries FR\" \/>\n<meta property=\"article:modified_time\" content=\"2020-12-14T17:31:31+00:00\" \/>\n<meta name=\"twitter:card\" content=\"summary_large_image\" \/>\n<script type=\"application\/ld+json\" class=\"yoast-schema-graph\">{\"@context\":\"https:\/\/schema.org\",\"@graph\":[{\"@type\":\"WebPage\",\"@id\":\"https:\/\/www.allthingsstone.com\/ca-fr\/toutes-les-marques\/\",\"url\":\"https:\/\/www.allthingsstone.com\/ca-fr\/toutes-les-marques\/\",\"name\":\"Toutes les marques | CSI - All Things Stone CAN-FR\",\"isPartOf\":{\"@id\":\"https:\/\/www.allthingsstone.com\/ca-fr\/#website\"},\"datePublished\":\"2020-10-17T02:15:38+00:00\",\"dateModified\":\"2020-12-14T17:31:31+00:00\",\"description\":\"Nous sommes fiers d'offrir des placages de pierre, des composants de construction et des produits de foyer de qualit\u00e9 partout au Canada. Parcourez nos marques comme Cultured Stone\u00ae, Pangaea\u00ae Natural Stone, Versetta Stone\u00ae et more!\",\"breadcrumb\":{\"@id\":\"https:\/\/www.allthingsstone.com\/ca-fr\/toutes-les-marques\/#breadcrumb\"},\"inLanguage\":\"en-CA\",\"potentialAction\":[{\"@type\":\"ReadAction\",\"target\":[\"https:\/\/www.allthingsstone.com\/ca-fr\/toutes-les-marques\/\"]}]},{\"@type\":\"BreadcrumbList\",\"@id\":\"https:\/\/www.allthingsstone.com\/ca-fr\/toutes-les-marques\/#breadcrumb\",\"itemListElement\":[{\"@type\":\"ListItem\",\"position\":1,\"name\":\"Home\",\"item\":\"https:\/\/www.allthingsstone.com\/ca-fr\/\"},{\"@type\":\"ListItem\",\"position\":2,\"name\":\"Toutes les marques\"}]},{\"@type\":\"WebSite\",\"@id\":\"https:\/\/www.allthingsstone.com\/ca-fr\/#website\",\"url\":\"https:\/\/www.allthingsstone.com\/ca-fr\/\",\"name\":\"CSI - Canadian Stone Industries FR\",\"description\":\"\",\"potentialAction\":[{\"@type\":\"SearchAction\",\"target\":{\"@type\":\"EntryPoint\",\"urlTemplate\":\"https:\/\/www.allthingsstone.com\/ca-fr\/?s={search_term_string}\"},\"query-input\":\"required name=search_term_string\"}],\"inLanguage\":\"en-CA\"}]}<\/script>\n<!-- \/ Yoast SEO Premium plugin. -->","yoast_head_json":{"title":"Toutes les marques | CSI - All Things Stone CAN-FR","description":"Nous sommes fiers d'offrir des placages de pierre, des composants de construction et des produits de foyer de qualit\u00e9 partout au Canada. Parcourez nos marques comme Cultured Stone\u00ae, Pangaea\u00ae Natural Stone, Versetta Stone\u00ae et more!","robots":{"index":"index","follow":"follow","max-snippet":"max-snippet:-1","max-image-preview":"max-image-preview:large","max-video-preview":"max-video-preview:-1"},"canonical":"https:\/\/www.allthingsstone.com\/ca-fr\/toutes-les-marques\/","og_locale":"en_US","og_type":"article","og_title":"Toutes les marques","og_description":"Nous sommes fiers d'offrir des placages de pierre, des composants de construction et des produits de foyer de qualit\u00e9 partout au Canada. Parcourez nos marques comme Cultured Stone\u00ae, Pangaea\u00ae Natural Stone, Versetta Stone\u00ae et more!","og_url":"https:\/\/www.allthingsstone.com\/ca-fr\/toutes-les-marques\/","og_site_name":"CSI - Canadian Stone Industries FR","article_modified_time":"2020-12-14T17:31:31+00:00","twitter_card":"summary_large_image","schema":{"@context":"https:\/\/schema.org","@graph":[{"@type":"WebPage","@id":"https:\/\/www.allthingsstone.com\/ca-fr\/toutes-les-marques\/","url":"https:\/\/www.allthingsstone.com\/ca-fr\/toutes-les-marques\/","name":"Toutes les marques | CSI - All Things Stone CAN-FR","isPartOf":{"@id":"https:\/\/www.allthingsstone.com\/ca-fr\/#website"},"datePublished":"2020-10-17T02:15:38+00:00","dateModified":"2020-12-14T17:31:31+00:00","description":"Nous sommes fiers d'offrir des placages de pierre, des composants de construction et des produits de foyer de qualit\u00e9 partout au Canada. Parcourez nos marques comme Cultured Stone\u00ae, Pangaea\u00ae Natural Stone, Versetta Stone\u00ae et more!","breadcrumb":{"@id":"https:\/\/www.allthingsstone.com\/ca-fr\/toutes-les-marques\/#breadcrumb"},"inLanguage":"en-CA","potentialAction":[{"@type":"ReadAction","target":["https:\/\/www.allthingsstone.com\/ca-fr\/toutes-les-marques\/"]}]},{"@type":"BreadcrumbList","@id":"https:\/\/www.allthingsstone.com\/ca-fr\/toutes-les-marques\/#breadcrumb","itemListElement":[{"@type":"ListItem","position":1,"name":"Home","item":"https:\/\/www.allthingsstone.com\/ca-fr\/"},{"@type":"ListItem","position":2,"name":"Toutes les marques"}]},{"@type":"WebSite","@id":"https:\/\/www.allthingsstone.com\/ca-fr\/#website","url":"https:\/\/www.allthingsstone.com\/ca-fr\/","name":"CSI - Canadian Stone Industries FR","description":"","potentialAction":[{"@type":"SearchAction","target":{"@type":"EntryPoint","urlTemplate":"https:\/\/www.allthingsstone.com\/ca-fr\/?s={search_term_string}"},"query-input":"required name=search_term_string"}],"inLanguage":"en-CA"}]}},"_links":{"self":[{"href":"https:\/\/www.allthingsstone.com\/ca-fr\/wp-json\/wp\/v2\/pages\/15582","targetHints":{"allow":["GET"]}}],"collection":[{"href":"https:\/\/www.allthingsstone.com\/ca-fr\/wp-json\/wp\/v2\/pages"}],"about":[{"href":"https:\/\/www.allthingsstone.com\/ca-fr\/wp-json\/wp\/v2\/types\/page"}],"author":[{"embeddable":true,"href":"https:\/\/www.allthingsstone.com\/ca-fr\/wp-json\/wp\/v2\/users\/15"}],"replies":[{"embeddable":true,"href":"https:\/\/www.allthingsstone.com\/ca-fr\/wp-json\/wp\/v2\/comments?post=15582"}],"version-history":[{"count":0,"href":"https:\/\/www.allthingsstone.com\/ca-fr\/wp-json\/wp\/v2\/pages\/15582\/revisions"}],"wp:attachment":[{"href":"https:\/\/www.allthingsstone.com\/ca-fr\/wp-json\/wp\/v2\/media?parent=15582"}],"curies":[{"name":"wp","href":"https:\/\/api.w.org\/{rel}","templated":true}]}}